{"id":10240,"date":"2021-08-25T18:57:05","date_gmt":"2021-08-25T18:57:05","guid":{"rendered":"https:\/\/assist.com.co\/?page_id=10240"},"modified":"2026-02-25T15:32:09","modified_gmt":"2026-02-25T15:32:09","slug":"casos-de-exito-assist","status":"publish","type":"page","link":"https:\/\/assist.com.co\/en\/casos-de-exito-assist\/","title":{"rendered":"Casos de \u00c9xito Assist"},"content":{"rendered":"<div class=\"et_pb_section_0 et_pb_section et_section_regular et_block_section preset--module--divi-section--default\"><div class=\"et_pb_row_0 et_pb_row et_block_row\"><div class=\"et_pb_column_0 et_pb_column et_pb_column_2_5 et_block_column et_pb_css_mix_blend_mode_passthrough\"><div class=\"et_pb_cta_0 et_pb_promo et_pb_bg_layout_dark et_animated et_pb_module et_block_module\"><div class=\"et_pb_promo_description\"><div class=\"et_pb_promo_content\"><p><img loading=\"lazy\" decoding=\"async\" src=\"https:\/\/assist.com.co\/wp-content\/uploads\/2022\/01\/casos-de-exito.png\" width=\"289\" height=\"155\" alt=\"\" class=\"wp-image-11086 alignnone size-full\" srcset=\"https:\/\/assist.com.co\/wp-content\/uploads\/2022\/01\/casos-de-exito.png 289w, https:\/\/assist.com.co\/wp-content\/uploads\/2022\/01\/casos-de-exito-18x10.png 18w, https:\/\/assist.com.co\/wp-content\/uploads\/2022\/01\/casos-de-exito-24x13.png 24w, https:\/\/assist.com.co\/wp-content\/uploads\/2022\/01\/casos-de-exito-36x19.png 36w, https:\/\/assist.com.co\/wp-content\/uploads\/2022\/01\/casos-de-exito-48x26.png 48w\" sizes=\"(max-width: 289px) 100vw, 289px\" \/><\/p>\n<\/div><\/div><\/div><\/div><div class=\"et_pb_column_1 et_pb_column et_pb_column_3_5 et-last-child et_block_column et_pb_column_empty et_pb_css_mix_blend_mode_passthrough\"><\/div><\/div><\/div><div class=\"et_pb_section_1 et_pb_section et_section_regular et_block_section et_pb_section_parallax preset--module--divi-section--default\"><span class=\"et-pb-parallax-wrapper\"><span class=\"et-pb-parallax-background et-pb-parallax-background--css et-pb-parallax-background-module--divi-section-1\" style=\"background-image:url(https:\/\/assist.com.co\/wp-content\/uploads\/2021\/09\/casos-de-exito-billetera-digital.png)\"><\/span><\/span><div class=\"et_pb_row_1 et_pb_row et_block_row et_animated\"><div class=\"et_pb_column_2 et_pb_column et_pb_column_1_3 et_block_column et_pb_css_mix_blend_mode_passthrough\"><div class=\"et_pb_image_0 et_pb_image et_pb_module et_block_module\"><span class=\"et_pb_image_wrap\"><img loading=\"lazy\" decoding=\"async\" src=\"https:\/\/assist.com.co\/wp-content\/uploads\/2021\/09\/CORREDOR-LOGO-CE.png\" width=\"231\" height=\"227\" srcset=\"https:\/\/assist.com.co\/wp-content\/uploads\/2021\/09\/CORREDOR-LOGO-CE.png 231w, https:\/\/assist.com.co\/wp-content\/uploads\/2021\/09\/CORREDOR-LOGO-CE-24x24.png 24w, https:\/\/assist.com.co\/wp-content\/uploads\/2021\/09\/CORREDOR-LOGO-CE-36x36.png 36w, https:\/\/assist.com.co\/wp-content\/uploads\/2021\/09\/CORREDOR-LOGO-CE-48x48.png 48w\" sizes=\"(max-width: 231px) 100vw, 231px\" class=\"wp-image-10388\" title=\"CORREDOR-LOGO-CE\" \/><\/span><\/div><\/div><div class=\"et_pb_column_3 et_pb_column et_pb_column_2_3 et-last-child et_block_column et_pb_css_mix_blend_mode_passthrough\"><div class=\"et_pb_text_0 et_pb_text et_pb_bg_layout_light et_pb_module et_block_module\"><div class=\"et_pb_text_inner\" data-et-mv-hidden-tablet=\"true\"><h1 style=\"text-align: left;\"><strong><span style=\"color: #ffffff;\">Integraci\u00f3n BILLETERA DIGITAL<br \/><\/span><\/strong><\/h1>\n<\/div><\/div><div class=\"et_pb_text_1 et_pb_text et_pb_bg_layout_light et_pb_module et_block_module\"><div class=\"et_pb_text_inner\" data-et-mv-hidden-tablet=\"true\"><h1 style=\"text-align: left;\"><span style=\"font-family: Arial; font-weight: normal; font-size: x-large;\"><strong><span style=\"color: #ff323a;\">Innovating instant bets<\/span><\/strong><\/span><\/h1>\n<\/div><\/div><div class=\"et_pb_module et_pb_button_module_wrapper et_pb_button_0_wrapper\"><a class=\"et_pb_button_0 et_pb_button et_pb_bg_layout_dark et_pb_module et_block_module\" href=\"https:\/\/assist.com.co\/en\/casos-de-exito-billetera-digital-assist\/\">SEE MORE<\/a><\/div><\/div><\/div><\/div><div class=\"et_pb_section_2 et_pb_section et_section_regular et_block_section et_pb_section_parallax preset--module--divi-section--default\"><span class=\"et-pb-parallax-wrapper\"><span class=\"et-pb-parallax-background et-pb-parallax-background--css et-pb-parallax-background-module--divi-section-2 et_parallax_bg_tablet_exist et_parallax_bg_phone_exist\" style=\"background-image:url(https:\/\/assist.com.co\/wp-content\/uploads\/2021\/08\/fondo-nacional-del-ahorro.png)\"><\/span><span class=\"et_parallax_gradient et_pb_parallax_css et_parallax_gradient_tablet_exist et_parallax_gradient_phone_exist\" style=\"background-image:linear-gradient(180deg, rgba(255,255,255,0.78) 0%,rgba(255,255,255,0.45) 100% 100%)\"><\/span><\/span><span class=\"et-pb-parallax-wrapper\"><span class=\"et-pb-parallax-background et-pb-parallax-background--css et-pb-parallax-background_tablet et-pb-parallax-background_tablet-module--divi-section-2 et_parallax_bg_phone_exist\" style=\"background-image:url(https:\/\/assist.com.co\/wp-content\/uploads\/2021\/08\/fondo-nacional-del-ahorro.png)\"><\/span><span class=\"et_parallax_gradient et_parallax_gradient_tablet et_pb_parallax_css et_parallax_gradient_phone_exist\" style=\"background-image:linear-gradient(180deg, rgba(255,255,255,0.78) 0%,rgba(255,255,255,0.45) 100% 100%)\"><\/span><\/span><span class=\"et-pb-parallax-wrapper\"><span class=\"et-pb-parallax-background et-pb-parallax-background--css et-pb-parallax-background_phone et-pb-parallax-background_phone-module--divi-section-2 et_parallax_bg_tablet_exist\" style=\"background-image:url(https:\/\/assist.com.co\/wp-content\/uploads\/2021\/08\/fondo-nacional-del-ahorro.png)\"><\/span><span class=\"et_parallax_gradient et_parallax_gradient_phone et_pb_parallax_css et_parallax_gradient_tablet_exist\" style=\"background-image:linear-gradient(180deg, rgba(255,255,255,0.78) 0%,rgba(255,255,255,0.45) 100% 100%)\"><\/span><\/span><div class=\"et_pb_row_2 et_pb_row et_block_row et_animated\"><div class=\"et_pb_column_4 et_pb_column et_pb_column_1_3 et_block_column et_pb_css_mix_blend_mode_passthrough\"><div class=\"et_pb_image_1 et_pb_image et_pb_module et_block_module\"><span class=\"et_pb_image_wrap\"><img loading=\"lazy\" decoding=\"async\" src=\"https:\/\/assist.com.co\/wp-content\/uploads\/2025\/05\/Logo-FNA-01.png\" width=\"1629\" height=\"732\" srcset=\"https:\/\/assist.com.co\/wp-content\/uploads\/2025\/05\/Logo-FNA-01.png 1629w, https:\/\/assist.com.co\/wp-content\/uploads\/2025\/05\/Logo-FNA-01-1280x575.png 1280w, https:\/\/assist.com.co\/wp-content\/uploads\/2025\/05\/Logo-FNA-01-980x440.png 980w, https:\/\/assist.com.co\/wp-content\/uploads\/2025\/05\/Logo-FNA-01-480x216.png 480w\" sizes=\"(min-width: 0px) and (max-width: 480px) 480px, (min-width: 481px) and (max-width: 980px) 980px, (min-width: 981px) and (max-width: 1280px) 1280px, (min-width: 1281px) 1629px, 100vw\" class=\"wp-image-22114\" title=\"fna\" alt=\"fna\" \/><\/span><\/div><\/div><div class=\"et_pb_column_5 et_pb_column et_pb_column_2_3 et-last-child et_block_column et_pb_css_mix_blend_mode_passthrough\"><div class=\"et_pb_text_2 et_pb_text et_pb_bg_layout_light et_pb_module et_block_module\"><div class=\"et_pb_text_inner\"><h1 style=\"text-align: left;\"><strong><span style=\"color: #071a39;\">HOPEX Platform Training<\/span><\/strong><\/h1>\n<\/div><\/div><div class=\"et_pb_text_3 et_pb_text et_pb_bg_layout_light et_pb_module et_block_module\"><div class=\"et_pb_text_inner\"><h1 style=\"text-align: left;\"><span style=\"font-family: Arial; font-weight: normal; font-size: x-large;\"><strong><span style=\"color: #ff323a;\">ENTERPRISE ARCHITECTURE<\/span><\/strong><\/span><\/h1>\n<\/div><\/div><div class=\"et_pb_module et_pb_button_module_wrapper et_pb_button_1_wrapper\"><a class=\"et_pb_button_1 et_pb_button et_pb_bg_layout_dark et_pb_module et_block_module\" href=\"https:\/\/assist.com.co\/en\/casos-de-exito-fna-assist\/\">SEE MORE<\/a><\/div><\/div><\/div><\/div><div class=\"et_pb_section_3 et_pb_section et_section_regular et_block_section preset--module--divi-section--default\"><div class=\"et_pb_row_3 et_pb_row et_block_row et_animated\"><div class=\"et_pb_column_6 et_pb_column et_pb_column_1_3 et_block_column et_pb_css_mix_blend_mode_passthrough\"><div class=\"et_pb_image_2 et_pb_image et_pb_module et_block_module\"><span class=\"et_pb_image_wrap\"><img loading=\"lazy\" decoding=\"async\" src=\"https:\/\/assist.com.co\/wp-content\/uploads\/2022\/03\/Logo.png\" width=\"730\" height=\"263\" srcset=\"https:\/\/assist.com.co\/wp-content\/uploads\/2022\/03\/Logo.png 730w, https:\/\/assist.com.co\/wp-content\/uploads\/2022\/03\/Logo-480x173.png 480w\" sizes=\"(min-width: 0px) and (max-width: 480px) 480px, (min-width: 481px) 730px, 100vw\" class=\"wp-image-11889\" title=\"Logo\" \/><\/span><\/div><\/div><div class=\"et_pb_column_7 et_pb_column et_pb_column_2_3 et-last-child et_block_column et_pb_css_mix_blend_mode_passthrough\"><div class=\"et_pb_cta_1 et_pb_promo et_pb_bg_layout_dark et_pb_module et_block_module\"><div class=\"et_pb_promo_description\"><div class=\"et_pb_promo_content\"><h1 style=\"text-align: left;\"><span style=\"font-size: x-large; font-family: Arial;\"><strong><span style=\"color: #000000;\">Migrating Websphere Service Bus Applications<\/span><\/strong><\/span><\/h1>\n<\/div><\/div><div class=\"et_pb_button_wrapper\"><a class=\"et_pb_button et_pb_promo_button\" href=\"https:\/\/assist.com.co\/en\/confenalco-antioquia\/\">SEE MORE<\/a><\/div><\/div><\/div><\/div><\/div><div class=\"et_pb_section_4 et_pb_section et_section_regular et_block_section et_pb_section_parallax preset--module--divi-section--default\"><span class=\"et-pb-parallax-wrapper\"><span class=\"et-pb-parallax-background et-pb-parallax-background--css et-pb-parallax-background-module--divi-section-4\" style=\"background-image:url(https:\/\/assist.com.co\/wp-content\/uploads\/2022\/02\/casos-de-exito-03.png)\"><\/span><\/span><div class=\"et_pb_row_4 et_pb_row et_block_row et_animated\"><div class=\"et_pb_column_8 et_pb_column et_pb_column_1_3 et_block_column et_pb_css_mix_blend_mode_passthrough\"><div class=\"et_pb_image_3 et_pb_image et_pb_module et_block_module\"><span class=\"et_pb_image_wrap\"><img loading=\"lazy\" decoding=\"async\" src=\"https:\/\/assist.com.co\/wp-content\/uploads\/2022\/03\/BANCO-GENERAL.png\" width=\"666\" height=\"135\" srcset=\"https:\/\/assist.com.co\/wp-content\/uploads\/2022\/03\/BANCO-GENERAL.png 666w, https:\/\/assist.com.co\/wp-content\/uploads\/2022\/03\/BANCO-GENERAL-480x97.png 480w\" sizes=\"(min-width: 0px) and (max-width: 480px) 480px, (min-width: 481px) 666px, 100vw\" class=\"wp-image-11853\" title=\"BANCO GENERAL\" \/><\/span><\/div><\/div><div class=\"et_pb_column_9 et_pb_column et_pb_column_2_3 et-last-child et_block_column et_pb_css_mix_blend_mode_passthrough\"><div class=\"et_pb_cta_2 et_pb_promo et_pb_bg_layout_dark et_pb_module et_block_module\"><div class=\"et_pb_promo_description\"><h1 class=\"et_pb_module_header\">API CONNECT Outsourcing<\/h1><\/div><div class=\"et_pb_button_wrapper\"><a class=\"et_pb_button et_pb_promo_button\" href=\"https:\/\/assist.com.co\/en\/caso-de-exito-banco-general\/\">SEE MORE<\/a><\/div><\/div><\/div><\/div><\/div><div class=\"et_pb_section_5 et_pb_section et_section_regular et_block_section preset--module--divi-section--default\"><div class=\"et_pb_row_5 et_pb_row et_block_row et_animated\"><div class=\"et_pb_column_10 et_pb_column et_pb_column_1_3 et_block_column et_pb_css_mix_blend_mode_passthrough\"><div class=\"et_pb_image_4 et_pb_image et_pb_module et_block_module\"><span class=\"et_pb_image_wrap\"><img loading=\"lazy\" decoding=\"async\" src=\"https:\/\/assist.com.co\/wp-content\/uploads\/2022\/03\/BAc-logo.png\" width=\"419\" height=\"152\" srcset=\"https:\/\/assist.com.co\/wp-content\/uploads\/2022\/03\/BAc-logo.png 419w, https:\/\/assist.com.co\/wp-content\/uploads\/2022\/03\/BAc-logo-300x109.png 300w, https:\/\/assist.com.co\/wp-content\/uploads\/2022\/03\/BAc-logo-18x7.png 18w, https:\/\/assist.com.co\/wp-content\/uploads\/2022\/03\/BAc-logo-24x9.png 24w, https:\/\/assist.com.co\/wp-content\/uploads\/2022\/03\/BAc-logo-36x13.png 36w, https:\/\/assist.com.co\/wp-content\/uploads\/2022\/03\/BAc-logo-48x17.png 48w\" sizes=\"(max-width: 419px) 100vw, 419px\" class=\"wp-image-11875\" title=\"BAc-logo\" \/><\/span><\/div><\/div><div class=\"et_pb_column_11 et_pb_column et_pb_column_2_3 et-last-child et_block_column et_pb_css_mix_blend_mode_passthrough\"><div class=\"et_pb_cta_3 et_pb_promo et_pb_bg_layout_dark et_pb_module et_block_module\"><div class=\"et_pb_promo_description\"><div class=\"et_pb_promo_content\"><h1 style=\"text-align: left;\" class=\"translation-block\">Implementation and support of integration and security platforms.<\/h1>\n<\/div><\/div><div class=\"et_pb_button_wrapper\"><a class=\"et_pb_button et_pb_promo_button\" href=\"https:\/\/assist.com.co\/en\/caso-de-exito-bac\/\">En construcci\u00f3n<\/a><\/div><\/div><\/div><\/div><\/div><div class=\"et_pb_section_6 et_pb_section et_section_regular et_block_section preset--module--divi-section--default\"><div class=\"et_pb_row_6 et_pb_row et_block_row et_animated\"><div class=\"et_pb_column_12 et_pb_column et_pb_column_1_3 et_block_column et_pb_css_mix_blend_mode_passthrough\"><div class=\"et_pb_image_5 et_pb_image et_pb_module et_block_module\"><span class=\"et_pb_image_wrap\"><img loading=\"lazy\" decoding=\"async\" src=\"https:\/\/assist.com.co\/wp-content\/uploads\/2023\/04\/logos-color3-05.png\" width=\"1251\" height=\"1250\" srcset=\"https:\/\/assist.com.co\/wp-content\/uploads\/2023\/04\/logos-color3-05.png 1251w, https:\/\/assist.com.co\/wp-content\/uploads\/2023\/04\/logos-color3-05-980x979.png 980w, https:\/\/assist.com.co\/wp-content\/uploads\/2023\/04\/logos-color3-05-480x480.png 480w\" sizes=\"(min-width: 0px) and (max-width: 480px) 480px, (min-width: 481px) and (max-width: 980px) 980px, (min-width: 981px) 1251px, 100vw\" class=\"wp-image-16266\" title=\"logos-color3-05\" \/><\/span><\/div><\/div><div class=\"et_pb_column_13 et_pb_column et_pb_column_2_3 et-last-child et_block_column et_pb_css_mix_blend_mode_passthrough\"><div class=\"et_pb_cta_4 et_pb_promo et_pb_bg_layout_dark et_pb_module et_block_module\"><div class=\"et_pb_promo_description\"><div class=\"et_pb_promo_content\"><h2><span style=\"color: #003300; font-family: Arial; font-weight: normal; font-size: x-large;\"><strong>Health Check ESB Ecopetrol<\/strong><\/span><\/h2>\n<\/div><\/div><div class=\"et_pb_button_wrapper\"><a class=\"et_pb_button et_pb_promo_button\" href=\"https:\/\/assist.com.co\/en\/integracion-ecopetrol\/\">SEE MORE<\/a><\/div><\/div><\/div><\/div><\/div><div class=\"et_pb_section_7 et_pb_section et_section_regular et_block_section preset--module--divi-section--default\"><div class=\"et_pb_row_7 et_pb_row et_block_row et_animated\"><div class=\"et_pb_column_14 et_pb_column et_pb_column_1_3 et_block_column et_pb_css_mix_blend_mode_passthrough\"><div class=\"et_pb_image_6 et_pb_image et_pb_module et_block_module\"><span class=\"et_pb_image_wrap\"><img loading=\"lazy\" decoding=\"async\" src=\"https:\/\/assist.com.co\/wp-content\/uploads\/2023\/04\/ach-co.webp\" width=\"601\" height=\"600\" srcset=\"https:\/\/assist.com.co\/wp-content\/uploads\/2023\/04\/ach-co.webp 601w, https:\/\/assist.com.co\/wp-content\/uploads\/2023\/04\/ach-co-480x479.webp 480w\" sizes=\"(min-width: 0px) and (max-width: 480px) 480px, (min-width: 481px) 601px, 100vw\" class=\"wp-image-16135\" title=\"ach-co\" \/><\/span><\/div><\/div><div class=\"et_pb_column_15 et_pb_column et_pb_column_2_3 et-last-child et_block_column et_pb_css_mix_blend_mode_passthrough\"><div class=\"et_pb_cta_5 et_pb_promo et_pb_bg_layout_dark et_pb_module et_block_module\"><div class=\"et_pb_promo_description\"><div class=\"et_pb_promo_content\"><h1><span style=\"color: #000080;\"><strong>Interoperability<\/strong><\/span><\/h1>\n<\/div><\/div><div class=\"et_pb_button_wrapper\"><a class=\"et_pb_button et_pb_promo_button\" href=\"https:\/\/assist.com.co\/en\/ach-colombia\/\">SEE MORE<\/a><\/div><\/div><\/div><\/div><\/div><div class=\"et_pb_section_8 et_pb_section et_section_regular et_block_section preset--module--divi-section--default\"><div class=\"et_pb_row_8 et_pb_row et_block_row et_animated\"><div class=\"et_pb_column_16 et_pb_column et_pb_column_1_3 et_block_column et_pb_css_mix_blend_mode_passthrough\"><div class=\"et_pb_image_7 et_pb_image et_pb_module et_block_module\"><span class=\"et_pb_image_wrap\"><img loading=\"lazy\" decoding=\"async\" src=\"https:\/\/assist.com.co\/wp-content\/uploads\/2023\/05\/sodimac-homecenter.svg\" width=\"2500\" height=\"2500\" sizes=\"(min-width: 0px) and (max-width: 0px) 0px, (min-width: 1px) 2500px, 100vw\" class=\"wp-image-16696\" title=\"sodimac-homecenter\" \/><\/span><\/div><\/div><div class=\"et_pb_column_17 et_pb_column et_pb_column_2_3 et-last-child et_block_column et_pb_css_mix_blend_mode_passthrough\"><div class=\"et_pb_cta_6 et_pb_promo et_pb_bg_layout_dark et_pb_module et_block_module\"><div class=\"et_pb_promo_description\"><div class=\"et_pb_promo_content\"><h1><span style=\"color: #ff0000;\"><strong>Services Market Place Project<\/strong><\/span><\/h1>\n<\/div><\/div><div class=\"et_pb_button_wrapper\"><a class=\"et_pb_button et_pb_promo_button\" href=\"https:\/\/assist.com.co\/en\/caso-de-exito-sodimac\/\">SEE MORE<\/a><\/div><\/div><\/div><\/div><\/div><div class=\"et_pb_section_9 et_pb_section et_section_regular et_block_section preset--module--divi-section--default\"><div class=\"et_pb_row_9 et_pb_row et_block_row et_animated\"><div class=\"et_pb_column_18 et_pb_column et_pb_column_1_3 et_block_column et_pb_css_mix_blend_mode_passthrough\"><div class=\"et_pb_image_8 et_pb_image et_pb_module et_block_module\"><span class=\"et_pb_image_wrap\"><img loading=\"lazy\" decoding=\"async\" src=\"https:\/\/assist.com.co\/wp-content\/uploads\/2023\/06\/Caracol-Television-Corporativo-scaled.webp\" width=\"2336\" height=\"2560\" srcset=\"https:\/\/assist.com.co\/wp-content\/uploads\/2023\/06\/Caracol-Television-Corporativo-scaled.webp 2336w, https:\/\/assist.com.co\/wp-content\/uploads\/2023\/06\/Caracol-Television-Corporativo-1280x1403.webp 1280w, https:\/\/assist.com.co\/wp-content\/uploads\/2023\/06\/Caracol-Television-Corporativo-980x1074.webp 980w, https:\/\/assist.com.co\/wp-content\/uploads\/2023\/06\/Caracol-Television-Corporativo-480x526.webp 480w\" sizes=\"(min-width: 0px) and (max-width: 480px) 480px, (min-width: 481px) and (max-width: 980px) 980px, (min-width: 981px) and (max-width: 1280px) 1280px, (min-width: 1281px) 2336px, 100vw\" class=\"wp-image-16886\" title=\"Caracol-Televisi\u00f3n-Corporativo\" alt=\"Caracol-Televisi\u00f3n-Corporativo\" \/><\/span><\/div><\/div><div class=\"et_pb_column_19 et_pb_column et_pb_column_2_3 et-last-child et_block_column et_pb_css_mix_blend_mode_passthrough\"><div class=\"et_pb_cta_7 et_pb_promo et_pb_bg_layout_dark et_pb_module et_block_module\"><div class=\"et_pb_promo_description\"><div class=\"et_pb_promo_content\"><h1><strong><span style=\"color: #0000ff;\">Migraci\u00f3n BUS 10 a ACE 12<\/span><\/strong><\/h1>\n<h1><\/h1>\n<\/div><\/div><div class=\"et_pb_button_wrapper\"><a class=\"et_pb_button et_pb_promo_button\" href=\"https:\/\/assist.com.co\/en\/caso-de-exito-caracol\/\">SEE MORE<\/a><\/div><\/div><\/div><\/div><\/div>","protected":false},"excerpt":{"rendered":"","protected":false},"author":1,"featured_media":0,"parent":0,"menu_order":0,"comment_status":"closed","ping_status":"closed","template":"","meta":{"inline_featured_image":false,"footnotes":""},"class_list":["post-10240","page","type-page","status-publish","hentry"],"yoast_head":"<!-- This site is optimized with the Yoast SEO Premium plugin v25.2 (Yoast SEO v27.4) - https:\/\/yoast.com\/product\/yoast-seo-premium-wordpress\/ -->\n<title>Casos de \u00c9xito Assist - Assist Consultores<\/title>\n<meta name=\"description\" content=\"Assist contin\u00faa creciendo a medida que se obtienen m\u00e1s y m\u00e1s clientes, y aqu\u00ed podr\u00e1s visualizar lo \u00faltimo de nuestros casos de \u00e9xito\" \/>\n<meta name=\"robots\" content=\"index, follow, max-snippet:-1, max-image-preview:large, max-video-preview:-1\" \/>\n<link rel=\"canonical\" href=\"https:\/\/assist.com.co\/en\/casos-de-exito-assist\/\" \/>\n<meta property=\"og:locale\" content=\"en_US\" \/>\n<meta property=\"og:type\" content=\"article\" \/>\n<meta property=\"og:title\" content=\"Casos de \u00c9xito Assist\" \/>\n<meta property=\"og:description\" content=\"Assist contin\u00faa creciendo a medida que se obtienen m\u00e1s y m\u00e1s clientes, y aqu\u00ed podr\u00e1s visualizar lo \u00faltimo de nuestros casos de \u00e9xito\" \/>\n<meta property=\"og:url\" content=\"https:\/\/assist.com.co\/en\/casos-de-exito-assist\/\" \/>\n<meta property=\"og:site_name\" content=\"Assist Consultores\" \/>\n<meta property=\"article:modified_time\" content=\"2026-02-25T15:32:09+00:00\" \/>\n<meta name=\"twitter:card\" content=\"summary_large_image\" \/>\n<meta name=\"twitter:label1\" content=\"Est. reading time\" \/>\n\t<meta name=\"twitter:data1\" content=\"8 minutes\" \/>\n<script type=\"application\/ld+json\" class=\"yoast-schema-graph\">{\"@context\":\"https:\\\/\\\/schema.org\",\"@graph\":[{\"@type\":\"WebPage\",\"@id\":\"https:\\\/\\\/assist.com.co\\\/casos-de-exito-assist\\\/\",\"url\":\"https:\\\/\\\/assist.com.co\\\/casos-de-exito-assist\\\/\",\"name\":\"Casos de \u00c9xito Assist - Assist Consultores\",\"isPartOf\":{\"@id\":\"https:\\\/\\\/assist.com.co\\\/#website\"},\"datePublished\":\"2021-08-25T18:57:05+00:00\",\"dateModified\":\"2026-02-25T15:32:09+00:00\",\"description\":\"Assist contin\u00faa creciendo a medida que se obtienen m\u00e1s y m\u00e1s clientes, y aqu\u00ed podr\u00e1s visualizar lo \u00faltimo de nuestros casos de \u00e9xito\",\"breadcrumb\":{\"@id\":\"https:\\\/\\\/assist.com.co\\\/casos-de-exito-assist\\\/#breadcrumb\"},\"inLanguage\":\"en-US\",\"potentialAction\":[{\"@type\":\"ReadAction\",\"target\":[\"https:\\\/\\\/assist.com.co\\\/casos-de-exito-assist\\\/\"]}]},{\"@type\":\"BreadcrumbList\",\"@id\":\"https:\\\/\\\/assist.com.co\\\/casos-de-exito-assist\\\/#breadcrumb\",\"itemListElement\":[{\"@type\":\"ListItem\",\"position\":1,\"name\":\"Home\",\"item\":\"https:\\\/\\\/assist.com.co\\\/\"},{\"@type\":\"ListItem\",\"position\":2,\"name\":\"Casos de \u00c9xito Assist\"}]},{\"@type\":\"WebSite\",\"@id\":\"https:\\\/\\\/assist.com.co\\\/#website\",\"url\":\"https:\\\/\\\/assist.com.co\\\/\",\"name\":\"Assist Consultores\",\"description\":\"Transformando Capacidades Empresariales en Sistemas Innovadores\",\"potentialAction\":[{\"@type\":\"SearchAction\",\"target\":{\"@type\":\"EntryPoint\",\"urlTemplate\":\"https:\\\/\\\/assist.com.co\\\/?s={search_term_string}\"},\"query-input\":{\"@type\":\"PropertyValueSpecification\",\"valueRequired\":true,\"valueName\":\"search_term_string\"}}],\"inLanguage\":\"en-US\"}]}<\/script>\n<!-- \/ Yoast SEO Premium plugin. -->","yoast_head_json":{"title":"Casos de \u00c9xito Assist - Assist Consultores","description":"Assist contin\u00faa creciendo a medida que se obtienen m\u00e1s y m\u00e1s clientes, y aqu\u00ed podr\u00e1s visualizar lo \u00faltimo de nuestros casos de \u00e9xito","robots":{"index":"index","follow":"follow","max-snippet":"max-snippet:-1","max-image-preview":"max-image-preview:large","max-video-preview":"max-video-preview:-1"},"canonical":"https:\/\/assist.com.co\/en\/casos-de-exito-assist\/","og_locale":"en_US","og_type":"article","og_title":"Casos de \u00c9xito Assist","og_description":"Assist contin\u00faa creciendo a medida que se obtienen m\u00e1s y m\u00e1s clientes, y aqu\u00ed podr\u00e1s visualizar lo \u00faltimo de nuestros casos de \u00e9xito","og_url":"https:\/\/assist.com.co\/en\/casos-de-exito-assist\/","og_site_name":"Assist Consultores","article_modified_time":"2026-02-25T15:32:09+00:00","twitter_card":"summary_large_image","twitter_misc":{"Est. reading time":"8 minutes"},"schema":{"@context":"https:\/\/schema.org","@graph":[{"@type":"WebPage","@id":"https:\/\/assist.com.co\/casos-de-exito-assist\/","url":"https:\/\/assist.com.co\/casos-de-exito-assist\/","name":"Casos de \u00c9xito Assist - Assist Consultores","isPartOf":{"@id":"https:\/\/assist.com.co\/#website"},"datePublished":"2021-08-25T18:57:05+00:00","dateModified":"2026-02-25T15:32:09+00:00","description":"Assist contin\u00faa creciendo a medida que se obtienen m\u00e1s y m\u00e1s clientes, y aqu\u00ed podr\u00e1s visualizar lo \u00faltimo de nuestros casos de \u00e9xito","breadcrumb":{"@id":"https:\/\/assist.com.co\/casos-de-exito-assist\/#breadcrumb"},"inLanguage":"en-US","potentialAction":[{"@type":"ReadAction","target":["https:\/\/assist.com.co\/casos-de-exito-assist\/"]}]},{"@type":"BreadcrumbList","@id":"https:\/\/assist.com.co\/casos-de-exito-assist\/#breadcrumb","itemListElement":[{"@type":"ListItem","position":1,"name":"Home","item":"https:\/\/assist.com.co\/"},{"@type":"ListItem","position":2,"name":"Casos de \u00c9xito Assist"}]},{"@type":"WebSite","@id":"https:\/\/assist.com.co\/#website","url":"https:\/\/assist.com.co\/","name":"Assist Consultores","description":"Transformando Capacidades Empresariales en Sistemas Innovadores","potentialAction":[{"@type":"SearchAction","target":{"@type":"EntryPoint","urlTemplate":"https:\/\/assist.com.co\/?s={search_term_string}"},"query-input":{"@type":"PropertyValueSpecification","valueRequired":true,"valueName":"search_term_string"}}],"inLanguage":"en-US"}]}},"_links":{"self":[{"href":"https:\/\/assist.com.co\/en\/wp-json\/wp\/v2\/pages\/10240","targetHints":{"allow":["GET"]}}],"collection":[{"href":"https:\/\/assist.com.co\/en\/wp-json\/wp\/v2\/pages"}],"about":[{"href":"https:\/\/assist.com.co\/en\/wp-json\/wp\/v2\/types\/page"}],"author":[{"embeddable":true,"href":"https:\/\/assist.com.co\/en\/wp-json\/wp\/v2\/users\/1"}],"replies":[{"embeddable":true,"href":"https:\/\/assist.com.co\/en\/wp-json\/wp\/v2\/comments?post=10240"}],"version-history":[{"count":6,"href":"https:\/\/assist.com.co\/en\/wp-json\/wp\/v2\/pages\/10240\/revisions"}],"predecessor-version":[{"id":24166,"href":"https:\/\/assist.com.co\/en\/wp-json\/wp\/v2\/pages\/10240\/revisions\/24166"}],"wp:attachment":[{"href":"https:\/\/assist.com.co\/en\/wp-json\/wp\/v2\/media?parent=10240"}],"curies":[{"name":"wp","href":"https:\/\/api.w.org\/{rel}","templated":true}]}}