{"id":11857,"date":"2022-03-10T15:38:33","date_gmt":"2022-03-10T15:38:33","guid":{"rendered":"https:\/\/assist.com.co\/?page_id=11857"},"modified":"2026-02-25T15:33:45","modified_gmt":"2026-02-25T15:33:45","slug":"caso-de-exito-banco-general","status":"publish","type":"page","link":"https:\/\/assist.com.co\/en\/caso-de-exito-banco-general\/","title":{"rendered":"Caso de \u00c9xito Banco General"},"content":{"rendered":"<div class=\"et_pb_section_0 et_pb_section et_section_regular et_block_section et_pb_section_parallax preset--module--divi-section--default\"><span class=\"et-pb-parallax-wrapper\"><span class=\"et-pb-parallax-background et-pb-parallax-background--css et-pb-parallax-background-module--divi-section-0 et_parallax_bg_tablet_exist et_parallax_bg_phone_exist\" style=\"background-image:url(https:\/\/assist.com.co\/wp-content\/uploads\/2022\/03\/BANCO-GENERAR-09.png)\"><\/span><\/span><span class=\"et-pb-parallax-wrapper\"><span class=\"et-pb-parallax-background et-pb-parallax-background--css et-pb-parallax-background_tablet et-pb-parallax-background_tablet-module--divi-section-0 et_parallax_bg_phone_exist\" style=\"background-image:url(https:\/\/assist.com.co\/wp-content\/uploads\/2021\/08\/fondo-nacional-del-ahorro.png)\"><\/span><\/span><span class=\"et-pb-parallax-wrapper\"><span class=\"et-pb-parallax-background et-pb-parallax-background--css et-pb-parallax-background_phone et-pb-parallax-background_phone-module--divi-section-0 et_parallax_bg_tablet_exist\" style=\"background-image:url(https:\/\/assist.com.co\/wp-content\/uploads\/2021\/08\/fondo-nacional-del-ahorro.png)\"><\/span><\/span><div class=\"et_pb_row_0 et_pb_row et_block_row\"><div class=\"et_pb_column_0 et_pb_column et_pb_column_1_3 et_block_column et_pb_css_mix_blend_mode_passthrough\"><div class=\"et_pb_image_0 et_pb_image et_pb_module et_block_module\"><span class=\"et_pb_image_wrap\"><img loading=\"lazy\" decoding=\"async\" src=\"https:\/\/assist.com.co\/wp-content\/uploads\/2022\/03\/BANCO-GENERAL.png\" width=\"666\" height=\"135\" srcset=\"https:\/\/assist.com.co\/wp-content\/uploads\/2022\/03\/BANCO-GENERAL.png 666w, https:\/\/assist.com.co\/wp-content\/uploads\/2022\/03\/BANCO-GENERAL-480x97.png 480w\" sizes=\"(min-width: 0px) and (max-width: 480px) 480px, (min-width: 481px) 666px, 100vw\" class=\"wp-image-11853\" title=\"BANCO GENERAL\" \/><\/span><\/div><\/div><div class=\"et_pb_column_1 et_pb_column et_pb_column_2_3 et-last-child et_block_column et_pb_css_mix_blend_mode_passthrough\"><div class=\"et_pb_text_0 et_pb_text et_pb_bg_layout_light et_pb_module et_block_module\"><div class=\"et_pb_text_inner\"><h1 style=\"text-align: right;\"><strong><span style=\"color: #ff0000;\">API CONNECT Outsourcing<\/span><\/strong><\/h1>\n<\/div><\/div><\/div><\/div><\/div><div class=\"et_pb_section_1 et_pb_section et_section_regular et_block_section et_pb_section_parallax preset--module--divi-section--default\"><span class=\"et-pb-parallax-wrapper\"><span class=\"et-pb-parallax-background et-pb-parallax-background-module--divi-section-1\" style=\"background-image:url(https:\/\/assist.com.co\/wp-content\/uploads\/2022\/01\/fondo-desarrollo-2.png)\"><\/span><\/span><div class=\"et_pb_row_1 et_pb_row et_block_row et_animated\"><div class=\"et_pb_column_2 et_pb_column et_pb_column_1_2 et_block_column et_pb_css_mix_blend_mode_passthrough\"><div class=\"et_pb_cta_0 et_pb_promo et_pb_bg_layout_dark et_pb_module et_block_module\"><div class=\"et_pb_promo_description\"><h1 class=\"et_pb_module_header\">EXECUTIVE SUMMARY<\/h1><div class=\"et_pb_promo_content\"><p style=\"text-align: left;\"><span style=\"font-weight: 400;\">Banco de Bogot\u00e1 requested Senior-level professional profiles specialized in API Connect under an outsourcing engagement model, in order to provide support and drive progress across multiple technology initiatives managed by Banco General.<\/span><\/p>\n<\/div><\/div><\/div><\/div><div class=\"et_pb_column_3 et_pb_column et_pb_column_1_2 et-last-child et_block_column et_pb_css_mix_blend_mode_passthrough\"><div class=\"et_pb_text_1 et_pb_text et_pb_bg_layout_light et_pb_module et_block_module\"><div class=\"et_pb_text_inner\"><blockquote>\n<h2 class=\"translation-block\">Between May 25 and October 29, 2021, services were delivered that included system customization, documentation, and training across the licensed banking systems that Banco General is entitled to operate under its acquired usage rights.<\/h2>\n<h2><strong>These services were specifically leveraged for the project \u201cYAPPI APP, Yappy+, API<\/strong><\/h2>\n<\/blockquote>\n<\/div><\/div><\/div><\/div><\/div><div class=\"et_pb_section_2 et_pb_section et_section_regular et_block_section et_pb_section_parallax preset--module--divi-section--default\"><span class=\"et-pb-parallax-wrapper\"><span class=\"et-pb-parallax-background et-pb-parallax-background-module--divi-section-2\" style=\"background-image:url(https:\/\/assist.com.co\/wp-content\/uploads\/2022\/03\/banners-GENERAL-09-09.png)\"><\/span><\/span><div class=\"et_pb_row_2 et_pb_row et_block_row\"><div class=\"et_pb_column_4 et_pb_column et_pb_column_3_5 et_block_column et_pb_css_mix_blend_mode_passthrough\"><div class=\"et_pb_cta_1 et_pb_promo et_pb_bg_layout_dark et_animated et_pb_module et_block_module\"><div class=\"et_pb_promo_description\"><div class=\"et_pb_promo_content\"><p style=\"text-align: left;\"><img loading=\"lazy\" decoding=\"async\" src=\"https:\/\/assist.com.co\/wp-content\/uploads\/2022\/03\/Desafios-titulo-300x189.png\" width=\"300\" height=\"189\" alt=\"\" class=\"wp-image-11750 alignnone size-medium\" \/><\/p>\n<\/div><\/div><\/div><\/div><div class=\"et_pb_column_5 et_pb_column et_pb_column_2_5 et-last-child et_block_column et_pb_css_mix_blend_mode_passthrough\"><div class=\"et_pb_cta_2 et_pb_promo et_pb_bg_layout_dark et_animated et_pb_module et_block_module\"><div class=\"et_pb_promo_description\"><div class=\"et_pb_promo_content\"><h2 style=\"text-align: left;\"><span style=\"font-weight: 400;\">- Cumplir expectativas de acuerdo a las capacidades Senior solicitadas.<\/span><\/h2>\n<h2 style=\"text-align: left;\"><span style=\"font-weight: 400;\">- Generar cercan\u00eda y confianza de parte del cliente al ser atenci\u00f3n Outsourcing.<\/span><\/h2>\n<h2 style=\"text-align: left;\"><span style=\"font-weight: 400;\">- Generar transferencia de conocimientos a los involucrados.<\/span><\/h2>\n<\/div><\/div><\/div><\/div><\/div><\/div><div class=\"et_pb_section_3 et_pb_section et_section_regular et_block_section preset--module--divi-section--default\"><div class=\"et_pb_row_3 et_pb_row et_block_row\"><div class=\"et_pb_column_6 et_pb_column et_pb_column_4_4 et-last-child et_block_column et_pb_css_mix_blend_mode_passthrough\"><div class=\"et_pb_text_2 et_pb_text et_pb_bg_layout_light et_pb_module et_block_module\"><div class=\"et_pb_text_inner\"><h1 style=\"text-align: center;\"><span style=\"color: #ffffff;\"><b>Client Benefits:<\/b><\/span><\/h1>\n<\/div><\/div><\/div><\/div><\/div><div class=\"et_pb_section_4 et_pb_section et_section_regular et_block_section et_pb_section_parallax preset--module--divi-section--default\"><span class=\"et-pb-parallax-wrapper\"><span class=\"et-pb-parallax-background et-pb-parallax-background-module--divi-section-4\" style=\"background-image:url(https:\/\/assist.com.co\/wp-content\/uploads\/2022\/03\/13087-scaled.jpg)\"><\/span><span class=\"et_parallax_gradient\" style=\"background-image:linear-gradient(180deg, rgba(255,255,255,0.66) 0%,#f4f5f7 100% 100%)\"><\/span><\/span><div class=\"et_pb_row_4 et_pb_row et_block_row\"><div class=\"et_pb_column_7 et_pb_column et_pb_column_2_5 et_block_column et_pb_css_mix_blend_mode_passthrough\"><div class=\"et_pb_image_1 et_pb_image et_pb_module et_block_module\"><span class=\"et_pb_image_wrap\"><img loading=\"lazy\" decoding=\"async\" src=\"https:\/\/assist.com.co\/wp-content\/uploads\/2022\/03\/CONECT-04.png\" width=\"1459\" height=\"1459\" srcset=\"https:\/\/assist.com.co\/wp-content\/uploads\/2022\/03\/CONECT-04.png 1459w, https:\/\/assist.com.co\/wp-content\/uploads\/2022\/03\/CONECT-04-1280x1280.png 1280w, https:\/\/assist.com.co\/wp-content\/uploads\/2022\/03\/CONECT-04-980x980.png 980w, https:\/\/assist.com.co\/wp-content\/uploads\/2022\/03\/CONECT-04-480x480.png 480w\" sizes=\"(min-width: 0px) and (max-width: 480px) 480px, (min-width: 481px) and (max-width: 980px) 980px, (min-width: 981px) and (max-width: 1280px) 1280px, (min-width: 1281px) 1459px, 100vw\" class=\"wp-image-11867\" title=\"CONECT-04\" \/><\/span><\/div><\/div><div class=\"et_pb_column_8 et_pb_column et_pb_column_3_5 et-last-child et_block_column et_pb_css_mix_blend_mode_passthrough\"><div class=\"et_pb_cta_3 et_pb_promo et_pb_bg_layout_dark et_pb_module et_block_module\"><div class=\"et_pb_promo_description\"><div class=\"et_pb_promo_content\"><h1 style=\"text-align: left;\" class=\"translation-block\">- Clear understanding and hands-on advancement in leveraging API CONNECT for upcoming projects.\n\n- Up-to-date knowledge base for new implementations and system integrations.<\/h1>\n<h1><i><span style=\"font-weight: 400;\">\u201cThe only discipline that lasts is self-discipline.\u201d<\/span><\/i><i><span style=\"font-weight: 400;\"><br \/><\/span><\/i><span style=\"font-weight: 400;\"><\/span><\/h1>\n<\/div><\/div><\/div><div class=\"et_pb_cta_4 et_pb_promo et_pb_bg_layout_dark et_pb_module et_block_module\"><div class=\"et_pb_promo_description\"><div class=\"et_pb_promo_content\"><h2 style=\"text-align: left;\"><em><strong><span style=\"color: #000000;\">\u201cDescubre c\u00f3mo podemos ayudarte a escalar tus operaciones con soluciones tecnol\u00f3gicas a la medida.\u201d<\/span><\/strong><\/em><\/h2>\n<\/div><\/div><div class=\"et_pb_button_wrapper\"><a class=\"et_pb_button et_pb_promo_button\" href=\"https:\/\/assist.com.co\/en\/solicitudes\/\">Let\u2019s talk!<\/a><\/div><\/div><\/div><\/div><\/div><div class=\"et_pb_section_5 et_pb_section et_section_regular et_block_section et_pb_section_parallax preset--module--divi-section--default\"><span class=\"et-pb-parallax-wrapper\"><span class=\"et-pb-parallax-background et-pb-parallax-background-module--divi-section-5\" style=\"background-image:url(https:\/\/assist.com.co\/wp-content\/uploads\/2022\/03\/baNNER-RESULTADOS-08.png)\"><\/span><\/span><div class=\"et_pb_row_5 et_pb_row et_block_row\"><div class=\"et_pb_column_9 et_pb_column et_pb_column_1_2 et_block_column et_pb_css_mix_blend_mode_passthrough\"><div class=\"et_pb_image_2 et_pb_image et_animated et_pb_module et_block_module\"><span class=\"et_pb_image_wrap\"><img loading=\"lazy\" decoding=\"async\" src=\"https:\/\/assist.com.co\/wp-content\/uploads\/2022\/03\/resultados-efectivos-de-caso-exito-07.png\" width=\"701\" height=\"481\" srcset=\"https:\/\/assist.com.co\/wp-content\/uploads\/2022\/03\/resultados-efectivos-de-caso-exito-07.png 701w, https:\/\/assist.com.co\/wp-content\/uploads\/2022\/03\/resultados-efectivos-de-caso-exito-07-480x329.png 480w\" sizes=\"(min-width: 0px) and (max-width: 480px) 480px, (min-width: 481px) 701px, 100vw\" class=\"wp-image-11754\" title=\"resultados efectivos de caso \u00e9xito-07\" alt=\"resultados efectivos de caso \u00e9xito\" \/><\/span><\/div><\/div><div class=\"et_pb_column_10 et_pb_column et_pb_column_1_2 et-last-child et_block_column et_pb_css_mix_blend_mode_passthrough\"><div class=\"et_pb_text_3 et_pb_text et_pb_bg_layout_light et_animated et_pb_module et_block_module\"><div class=\"et_pb_text_inner\"><h2><span style=\"font-weight: 400; color: #ffffff;\">Banco General moved forward in its \u201cYAPPI APP, Yappy+, API CONNECT\u201d<\/span><\/h2>\n<\/div><\/div><\/div><\/div><\/div><div class=\"et_pb_section_6 et_pb_section et_section_regular et_block_section preset--module--divi-section--default\"><div class=\"et_pb_row_6 et_pb_row et_block_row\"><div class=\"et_pb_column_11 et_pb_column et_pb_column_4_4 et-last-child et_block_column et_pb_css_mix_blend_mode_passthrough\"><div class=\"et_pb_divider_0 et_pb_divider et_pb_space et_pb_divider_position_top et_pb_module\"><div class=\"et_pb_divider_internal\"><\/div><\/div><\/div><\/div><\/div>","protected":false},"excerpt":{"rendered":"","protected":false},"author":1,"featured_media":0,"parent":0,"menu_order":0,"comment_status":"closed","ping_status":"closed","template":"","meta":{"inline_featured_image":false,"footnotes":""},"class_list":["post-11857","page","type-page","status-publish","hentry"],"yoast_head":"<!-- This site is optimized with the Yoast SEO Premium plugin v25.2 (Yoast SEO v27.4) - https:\/\/yoast.com\/product\/yoast-seo-premium-wordpress\/ -->\n<title>Caso de \u00c9xito Banco General - Assist Consultores<\/title>\n<meta name=\"description\" content=\"Se brinda el servicio de personalizaci\u00f3n de sistemas, documentaci\u00f3n y entrenamiento que este requiere en los sistemas computarizados bancarios a los que Banco General tiene derecho a utilizar por virtud de licencia de uso adquirido.\" \/>\n<meta name=\"robots\" content=\"index, follow, max-snippet:-1, max-image-preview:large, max-video-preview:-1\" \/>\n<link rel=\"canonical\" href=\"https:\/\/assist.com.co\/en\/caso-de-exito-banco-general\/\" \/>\n<meta property=\"og:locale\" content=\"en_US\" \/>\n<meta property=\"og:type\" content=\"article\" \/>\n<meta property=\"og:title\" content=\"Caso de \u00c9xito Banco General\" \/>\n<meta property=\"og:description\" content=\"Se brinda el servicio de personalizaci\u00f3n de sistemas, documentaci\u00f3n y entrenamiento que este requiere en los sistemas computarizados bancarios a los que Banco General tiene derecho a utilizar por virtud de licencia de uso adquirido.\" \/>\n<meta property=\"og:url\" content=\"https:\/\/assist.com.co\/en\/caso-de-exito-banco-general\/\" \/>\n<meta property=\"og:site_name\" content=\"Assist Consultores\" \/>\n<meta property=\"article:modified_time\" content=\"2026-02-25T15:33:45+00:00\" \/>\n<meta name=\"twitter:card\" content=\"summary_large_image\" \/>\n<meta name=\"twitter:label1\" content=\"Est. reading time\" \/>\n\t<meta name=\"twitter:data1\" content=\"3 minutes\" \/>\n<script type=\"application\/ld+json\" class=\"yoast-schema-graph\">{\"@context\":\"https:\\\/\\\/schema.org\",\"@graph\":[{\"@type\":\"WebPage\",\"@id\":\"https:\\\/\\\/assist.com.co\\\/caso-de-exito-banco-general\\\/\",\"url\":\"https:\\\/\\\/assist.com.co\\\/caso-de-exito-banco-general\\\/\",\"name\":\"Caso de \u00c9xito Banco General - Assist Consultores\",\"isPartOf\":{\"@id\":\"https:\\\/\\\/assist.com.co\\\/#website\"},\"datePublished\":\"2022-03-10T15:38:33+00:00\",\"dateModified\":\"2026-02-25T15:33:45+00:00\",\"description\":\"Se brinda el servicio de personalizaci\u00f3n de sistemas, documentaci\u00f3n y entrenamiento que este requiere en los sistemas computarizados bancarios a los que Banco General tiene derecho a utilizar por virtud de licencia de uso adquirido.\",\"breadcrumb\":{\"@id\":\"https:\\\/\\\/assist.com.co\\\/caso-de-exito-banco-general\\\/#breadcrumb\"},\"inLanguage\":\"en-US\",\"potentialAction\":[{\"@type\":\"ReadAction\",\"target\":[\"https:\\\/\\\/assist.com.co\\\/caso-de-exito-banco-general\\\/\"]}]},{\"@type\":\"BreadcrumbList\",\"@id\":\"https:\\\/\\\/assist.com.co\\\/caso-de-exito-banco-general\\\/#breadcrumb\",\"itemListElement\":[{\"@type\":\"ListItem\",\"position\":1,\"name\":\"Home\",\"item\":\"https:\\\/\\\/assist.com.co\\\/\"},{\"@type\":\"ListItem\",\"position\":2,\"name\":\"Caso de \u00c9xito Banco General\"}]},{\"@type\":\"WebSite\",\"@id\":\"https:\\\/\\\/assist.com.co\\\/#website\",\"url\":\"https:\\\/\\\/assist.com.co\\\/\",\"name\":\"Assist Consultores\",\"description\":\"Transformando Capacidades Empresariales en Sistemas Innovadores\",\"potentialAction\":[{\"@type\":\"SearchAction\",\"target\":{\"@type\":\"EntryPoint\",\"urlTemplate\":\"https:\\\/\\\/assist.com.co\\\/?s={search_term_string}\"},\"query-input\":{\"@type\":\"PropertyValueSpecification\",\"valueRequired\":true,\"valueName\":\"search_term_string\"}}],\"inLanguage\":\"en-US\"}]}<\/script>\n<!-- \/ Yoast SEO Premium plugin. -->","yoast_head_json":{"title":"Caso de \u00c9xito Banco General - Assist Consultores","description":"Se brinda el servicio de personalizaci\u00f3n de sistemas, documentaci\u00f3n y entrenamiento que este requiere en los sistemas computarizados bancarios a los que Banco General tiene derecho a utilizar por virtud de licencia de uso adquirido.","robots":{"index":"index","follow":"follow","max-snippet":"max-snippet:-1","max-image-preview":"max-image-preview:large","max-video-preview":"max-video-preview:-1"},"canonical":"https:\/\/assist.com.co\/en\/caso-de-exito-banco-general\/","og_locale":"en_US","og_type":"article","og_title":"Caso de \u00c9xito Banco General","og_description":"Se brinda el servicio de personalizaci\u00f3n de sistemas, documentaci\u00f3n y entrenamiento que este requiere en los sistemas computarizados bancarios a los que Banco General tiene derecho a utilizar por virtud de licencia de uso adquirido.","og_url":"https:\/\/assist.com.co\/en\/caso-de-exito-banco-general\/","og_site_name":"Assist Consultores","article_modified_time":"2026-02-25T15:33:45+00:00","twitter_card":"summary_large_image","twitter_misc":{"Est. reading time":"3 minutes"},"schema":{"@context":"https:\/\/schema.org","@graph":[{"@type":"WebPage","@id":"https:\/\/assist.com.co\/caso-de-exito-banco-general\/","url":"https:\/\/assist.com.co\/caso-de-exito-banco-general\/","name":"Caso de \u00c9xito Banco General - Assist Consultores","isPartOf":{"@id":"https:\/\/assist.com.co\/#website"},"datePublished":"2022-03-10T15:38:33+00:00","dateModified":"2026-02-25T15:33:45+00:00","description":"Se brinda el servicio de personalizaci\u00f3n de sistemas, documentaci\u00f3n y entrenamiento que este requiere en los sistemas computarizados bancarios a los que Banco General tiene derecho a utilizar por virtud de licencia de uso adquirido.","breadcrumb":{"@id":"https:\/\/assist.com.co\/caso-de-exito-banco-general\/#breadcrumb"},"inLanguage":"en-US","potentialAction":[{"@type":"ReadAction","target":["https:\/\/assist.com.co\/caso-de-exito-banco-general\/"]}]},{"@type":"BreadcrumbList","@id":"https:\/\/assist.com.co\/caso-de-exito-banco-general\/#breadcrumb","itemListElement":[{"@type":"ListItem","position":1,"name":"Home","item":"https:\/\/assist.com.co\/"},{"@type":"ListItem","position":2,"name":"Caso de \u00c9xito Banco General"}]},{"@type":"WebSite","@id":"https:\/\/assist.com.co\/#website","url":"https:\/\/assist.com.co\/","name":"Assist Consultores","description":"Transformando Capacidades Empresariales en Sistemas Innovadores","potentialAction":[{"@type":"SearchAction","target":{"@type":"EntryPoint","urlTemplate":"https:\/\/assist.com.co\/?s={search_term_string}"},"query-input":{"@type":"PropertyValueSpecification","valueRequired":true,"valueName":"search_term_string"}}],"inLanguage":"en-US"}]}},"_links":{"self":[{"href":"https:\/\/assist.com.co\/en\/wp-json\/wp\/v2\/pages\/11857","targetHints":{"allow":["GET"]}}],"collection":[{"href":"https:\/\/assist.com.co\/en\/wp-json\/wp\/v2\/pages"}],"about":[{"href":"https:\/\/assist.com.co\/en\/wp-json\/wp\/v2\/types\/page"}],"author":[{"embeddable":true,"href":"https:\/\/assist.com.co\/en\/wp-json\/wp\/v2\/users\/1"}],"replies":[{"embeddable":true,"href":"https:\/\/assist.com.co\/en\/wp-json\/wp\/v2\/comments?post=11857"}],"version-history":[{"count":8,"href":"https:\/\/assist.com.co\/en\/wp-json\/wp\/v2\/pages\/11857\/revisions"}],"predecessor-version":[{"id":24169,"href":"https:\/\/assist.com.co\/en\/wp-json\/wp\/v2\/pages\/11857\/revisions\/24169"}],"wp:attachment":[{"href":"https:\/\/assist.com.co\/en\/wp-json\/wp\/v2\/media?parent=11857"}],"curies":[{"name":"wp","href":"https:\/\/api.w.org\/{rel}","templated":true}]}}