{"id":11876,"date":"2022-03-10T17:40:54","date_gmt":"2022-03-10T17:40:54","guid":{"rendered":"https:\/\/assist.com.co\/?page_id=11876"},"modified":"2026-02-25T15:33:47","modified_gmt":"2026-02-25T15:33:47","slug":"integracion-ecopetrol","status":"publish","type":"page","link":"https:\/\/assist.com.co\/en\/integracion-ecopetrol\/","title":{"rendered":"Integraci\u00f3n Ecopetrol"},"content":{"rendered":"<div class=\"et_pb_section_0 et_pb_section et_section_regular et_block_section et_animated preset--module--divi-section--default\"><div class=\"et_pb_row_0 et_pb_row et_block_row\"><div class=\"et_pb_column_0 et_pb_column et_pb_column_2_5 et_block_column et_pb_css_mix_blend_mode_passthrough\"><div class=\"et_pb_image_0 et_pb_image et_pb_module et_block_module\"><span class=\"et_pb_image_wrap\"><img loading=\"lazy\" decoding=\"async\" src=\"https:\/\/assist.com.co\/wp-content\/uploads\/2023\/04\/eco.webp\" width=\"1080\" height=\"1080\" srcset=\"https:\/\/assist.com.co\/wp-content\/uploads\/2023\/04\/eco.webp 1080w, https:\/\/assist.com.co\/wp-content\/uploads\/2023\/04\/eco-980x980.webp 980w, https:\/\/assist.com.co\/wp-content\/uploads\/2023\/04\/eco-480x480.webp 480w\" sizes=\"(min-width: 0px) and (max-width: 480px) 480px, (min-width: 481px) and (max-width: 980px) 980px, (min-width: 981px) 1080px, 100vw\" class=\"wp-image-16309\" title=\"eco.\" \/><\/span><\/div><\/div><div class=\"et_pb_column_1 et_pb_column et_pb_column_3_5 et-last-child et_block_column et_pb_css_mix_blend_mode_passthrough\"><div class=\"et_pb_text_0 et_pb_text et_pb_bg_layout_light et_pb_module et_block_module\"><div class=\"et_pb_text_inner\"><h1><span style=\"color: #008000;\"><strong>Ecopetrol \u2013 Empresa Colombiana de Petr\u00f3leos <\/strong><\/span><\/h1>\n<p><span style=\"color: #000000;\"><strong>\u00a0<\/strong><\/span><\/p>\n<p><span style=\"color: #000000; font-size: large;\">Ecopetrol S.A. es una Compa\u00f1\u00eda organizada bajo la forma de sociedad an\u00f3nima, del orden nacional, vinculada al Ministerio de Minas y Energ\u00eda. Tiene operaciones en el orden nacional y en el exterior. Cuenta con dos refiner\u00edas en Barrancabermeja y Cartagena. Tiene participaci\u00f3n en el negocio de los biocombustibles y presencia en Brasil, M\u00e9xico y Estados Unidos (Golfo de M\u00e9xico y Permian Texas).<\/span><\/p>\n<p><span style=\"color: #000000;\">\u00a0<\/span><\/p>\n<\/div><\/div><\/div><\/div><\/div><div class=\"et_pb_section_1 et_pb_section et_section_regular et_block_section preset--module--divi-section--default\"><div class=\"et_pb_row_1 et_pb_row et_block_row et_animated\"><div class=\"et_pb_column_2 et_pb_column et_pb_column_3_5 et_block_column et_pb_css_mix_blend_mode_passthrough\"><div class=\"et_pb_text_1 et_pb_text et_pb_bg_layout_light et_pb_module et_block_module\"><div class=\"et_pb_text_inner\"><h2><span style=\"color: #008000;\"><strong>Desaf\u00edo empresarial<\/strong><\/span><\/h2>\n<h3><span style=\"font-size: large;\"><strong><em><span style=\"color: #000000;\">Ecopetrol buscaba realizar la actualizaci\u00f3n tecnol\u00f3gica del Bus de Integraci\u00f3n, basado en el producto IBM Integration BUS V9, a la versi\u00f3n IBM APP Connect Enterprise (ACE) v11, dentro de la plataforma de integraci\u00f3n IBM Cloud Pak for Integration.\u00a0<\/span><\/em><\/strong><\/span><\/h3>\n<p><span style=\"color: #000000; font-size: medium;\">ECP buscaba poder utilizar todas las nuevas funcionalidades de ACE V11, incorporando la limpieza de c\u00f3digo y eliminando funciones deprecadas. \u00a0Adem\u00e1s de tener soporte de mecanismos de seguridad tanto a nivel de canal de comunicaci\u00f3n, como a nivel de informaci\u00f3n.<\/span><\/p>\n<p><span style=\"color: #000000; font-size: medium;\">Necesitaban garantizar que la informaci\u00f3n que fluye a trav\u00e9s del sistema, pueda ser monitoreada y consultada cuando se requiera, incluyendo el manejo adecuado de excepciones y env\u00edo de notificaciones de errores a interesados. Buscaban que la soluci\u00f3n planteada con la nueva arquitectura permitiera el manejo de alto volumen de transacciones. Buscan una soluci\u00f3n robusta y que permitiera la recuperaci\u00f3n ante fallos t\u00e9cnicos ocurridos durante su funcionamiento.<\/span><\/p>\n<\/div><\/div><\/div><div class=\"et_pb_column_3 et_pb_column et_pb_column_2_5 et-last-child et_block_column et_pb_css_mix_blend_mode_passthrough\"><div class=\"et_pb_image_1 et_pb_image et_pb_module et_block_module\"><span class=\"et_pb_image_wrap\"><img loading=\"lazy\" decoding=\"async\" src=\"https:\/\/assist.com.co\/wp-content\/uploads\/2023\/04\/obj2.webp\" width=\"1080\" height=\"1080\" srcset=\"https:\/\/assist.com.co\/wp-content\/uploads\/2023\/04\/obj2.webp 1080w, https:\/\/assist.com.co\/wp-content\/uploads\/2023\/04\/obj2-980x980.webp 980w, https:\/\/assist.com.co\/wp-content\/uploads\/2023\/04\/obj2-480x480.webp 480w\" sizes=\"(min-width: 0px) and (max-width: 480px) 480px, (min-width: 481px) and (max-width: 980px) 980px, (min-width: 981px) 1080px, 100vw\" class=\"wp-image-16302\" title=\"obj2\" \/><\/span><\/div><\/div><\/div><\/div><div class=\"et_pb_section_2 et_pb_section et_section_regular et_block_section preset--module--divi-section--default\"><div class=\"et_pb_row_2 et_pb_row et_block_row et_animated\"><div class=\"et_pb_column_4 et_pb_column et_pb_column_1_3 et_block_column et_pb_css_mix_blend_mode_passthrough\"><div class=\"et_pb_image_2 et_pb_image et_pb_module et_block_module\"><span class=\"et_pb_image_wrap\"><img loading=\"lazy\" decoding=\"async\" src=\"https:\/\/assist.com.co\/wp-content\/uploads\/2023\/04\/sol2.png\" width=\"2251\" height=\"2251\" srcset=\"https:\/\/assist.com.co\/wp-content\/uploads\/2023\/04\/sol2.png 2251w, https:\/\/assist.com.co\/wp-content\/uploads\/2023\/04\/sol2-1280x1280.png 1280w, https:\/\/assist.com.co\/wp-content\/uploads\/2023\/04\/sol2-980x980.png 980w, https:\/\/assist.com.co\/wp-content\/uploads\/2023\/04\/sol2-480x480.png 480w\" sizes=\"(min-width: 0px) and (max-width: 480px) 480px, (min-width: 481px) and (max-width: 980px) 980px, (min-width: 981px) and (max-width: 1280px) 1280px, (min-width: 1281px) 2251px, 100vw\" class=\"wp-image-16305\" title=\"sol2\" \/><\/span><\/div><\/div><div class=\"et_pb_column_5 et_pb_column et_pb_column_2_3 et-last-child et_block_column et_pb_css_mix_blend_mode_passthrough\"><div class=\"et_pb_text_2 et_pb_text et_pb_bg_layout_light et_pb_module et_block_module\"><div class=\"et_pb_text_inner\"><h2><span style=\"color: #008000;\"><strong>Solution<\/strong><\/span><\/h2>\n<ul>\n<li><span style=\"color: #000000; font-size: medium;\">La migraci\u00f3n se realiz\u00f3 llevando a un entorno Cloud basado en contenedores sobre Microsoft AZURE<\/span><\/li>\n<li><span style=\"color: #000000; font-size: medium;\">Los flujos se migraron a la versi\u00f3n IBM App Connect Enterprise V11 (ACE), con los cual se eliminaron los flujos y funcionalidades de MWAS y se actualiz\u00f3 todo el c\u00f3digo para que cumpliera con los est\u00e1ndares y buenas pr\u00e1cticas de la \u00faltima versi\u00f3n, incluida el registro y la auditoria de los servicios.<\/span><\/li>\n<li><span style=\"color: #000000; font-size: medium;\">Se realiz\u00f3 la configuraci\u00f3n para la comunicaci\u00f3n y se desplegaron como un contenedor que contiene la funcionalidad completa que utiliza cada aplicaci\u00f3n migrada.<\/span><\/li>\n<li><span style=\"color: #000000; font-size: medium;\">Se estimaron ciento cincuenta (150) servicios que fueron los identificados como el alcance de la migraci\u00f3n<\/span><\/li>\n<li><span style=\"color: #000000; font-size: medium;\">El escenario de migraci\u00f3n no utiliz\u00f3 la Base de Datos Oracle, para el registro de los servicios y el proceso de reinyecci\u00f3n hizo uso de una Base de Datos MS SQL Server.<\/span><\/li>\n<li><span style=\"color: #000000; font-size: medium;\">El proceso de migraci\u00f3n incluyo la actualizaci\u00f3n de las aplicaciones objetivo a IBM APP Connect Enterprise v11 (ACE), IBM MQ v9.1 (MQ) y MS SQL Server (MS-SQL) y la actualizaci\u00f3n de la infraestructura base utilizando Red Hat Openshift 4.6.<\/span><\/li>\n<\/ul>\n<\/div><\/div><\/div><\/div><\/div><div class=\"et_pb_section_3 et_pb_section et_section_regular et_block_section preset--module--divi-section--default\"><div class=\"et_pb_row_3 et_pb_row et_block_row et_animated\"><div class=\"et_pb_column_6 et_pb_column et_pb_column_3_5 et_block_column et_pb_css_mix_blend_mode_passthrough\"><div class=\"et_pb_text_3 et_pb_text et_pb_bg_layout_light et_pb_module et_block_module\"><div class=\"et_pb_text_inner\"><h2><span style=\"color: #008000;\"><strong>Results<\/strong><\/span><\/h2>\n<h3><span style=\"font-size: large;\"><strong><em>Los principios que rigen el dise\u00f1o de la arquitectura fueron orientados bajo el enfoque de interfaces de integraci\u00f3n en una arquitectura de Microservicios (MSA del ingl\u00e9s Micro Services Architecture).<\/em><\/strong><\/span><\/h3>\n<p><span style=\"color: #000000; font-size: medium;\">Se hizo una revisi\u00f3n especial de las aplicaciones que utilizan el ESB-ECP con todas sus interfaces de integraci\u00f3n para que las aplicaciones Clientes y\/o Servidoras siguieran utilizando las funcionalidades sin realizar cambios o con cambios m\u00ednimos seg\u00fan fue el caso.<\/span><\/p>\n<p><span style=\"color: #000000; font-size: medium;\">IBM APP Connect Enterprise ser\u00e1 el encargado de realizar las integraciones entre los diferentes componentes, garantizando la transaccionalidad y alta disponibilidad, se desplegaron los diferentes desarrollos o flujos de integraci\u00f3n de ECP, realizando un proceso de migraci\u00f3n y actualizaci\u00f3n previo.<\/span><\/p>\n<p><span style=\"color: #000000; font-size: medium;\">IBM MQ fue la capa de trasporte de la soluci\u00f3n, apoy\u00e1ndose en las caracter\u00edsticas b\u00e1sicas del producto como fiabilidad, seguridad, transporte y disponibilidad de mensajes con un alto nivel transaccional.<\/span><\/p>\n<\/div><\/div><\/div><div class=\"et_pb_column_7 et_pb_column et_pb_column_2_5 et-last-child et_block_column et_pb_css_mix_blend_mode_passthrough\"><div class=\"et_pb_image_3 et_pb_image et_pb_module et_block_module\"><span class=\"et_pb_image_wrap\"><img loading=\"lazy\" decoding=\"async\" src=\"https:\/\/assist.com.co\/wp-content\/uploads\/2023\/04\/res2.webp\" width=\"1080\" height=\"1080\" srcset=\"https:\/\/assist.com.co\/wp-content\/uploads\/2023\/04\/res2.webp 1080w, https:\/\/assist.com.co\/wp-content\/uploads\/2023\/04\/res2-980x980.webp 980w, https:\/\/assist.com.co\/wp-content\/uploads\/2023\/04\/res2-480x480.webp 480w\" sizes=\"(min-width: 0px) and (max-width: 480px) 480px, (min-width: 481px) and (max-width: 980px) 980px, (min-width: 981px) 1080px, 100vw\" class=\"wp-image-16304\" title=\"res2\" \/><\/span><\/div><\/div><\/div><\/div>","protected":false},"excerpt":{"rendered":"","protected":false},"author":1,"featured_media":0,"parent":0,"menu_order":0,"comment_status":"closed","ping_status":"closed","template":"","meta":{"inline_featured_image":false,"footnotes":""},"class_list":["post-11876","page","type-page","status-publish","hentry"],"yoast_head":"<!-- This site is optimized with the Yoast SEO Premium plugin v25.2 (Yoast SEO v27.4) - https:\/\/yoast.com\/product\/yoast-seo-premium-wordpress\/ -->\n<title>Integraci\u00f3n Ecopetrol - Assist Consultores<\/title>\n<meta name=\"description\" content=\"Los principios que rigen el dise\u00f1o de la arquitectura fueron orientados bajo el enfoque de interfaces de integraci\u00f3n en una arquitectura de Microservicios (MSA del ingl\u00e9s Micro Services Architecture).\" \/>\n<meta name=\"robots\" content=\"index, follow, max-snippet:-1, max-image-preview:large, max-video-preview:-1\" \/>\n<link rel=\"canonical\" href=\"https:\/\/assist.com.co\/en\/integracion-ecopetrol\/\" \/>\n<meta property=\"og:locale\" content=\"en_US\" \/>\n<meta property=\"og:type\" content=\"article\" \/>\n<meta property=\"og:title\" content=\"Integraci\u00f3n Ecopetrol\" \/>\n<meta property=\"og:description\" content=\"Los principios que rigen el dise\u00f1o de la arquitectura fueron orientados bajo el enfoque de interfaces de integraci\u00f3n en una arquitectura de Microservicios (MSA del ingl\u00e9s Micro Services Architecture).\" \/>\n<meta property=\"og:url\" content=\"https:\/\/assist.com.co\/en\/integracion-ecopetrol\/\" \/>\n<meta property=\"og:site_name\" content=\"Assist Consultores\" \/>\n<meta property=\"article:modified_time\" content=\"2026-02-25T15:33:47+00:00\" \/>\n<meta name=\"twitter:card\" content=\"summary_large_image\" \/>\n<meta name=\"twitter:label1\" content=\"Est. reading time\" \/>\n\t<meta name=\"twitter:data1\" content=\"4 minutes\" \/>\n<script type=\"application\/ld+json\" class=\"yoast-schema-graph\">{\"@context\":\"https:\\\/\\\/schema.org\",\"@graph\":[{\"@type\":\"WebPage\",\"@id\":\"https:\\\/\\\/assist.com.co\\\/integracion-ecopetrol\\\/\",\"url\":\"https:\\\/\\\/assist.com.co\\\/integracion-ecopetrol\\\/\",\"name\":\"Integraci\u00f3n Ecopetrol - Assist Consultores\",\"isPartOf\":{\"@id\":\"https:\\\/\\\/assist.com.co\\\/#website\"},\"datePublished\":\"2022-03-10T17:40:54+00:00\",\"dateModified\":\"2026-02-25T15:33:47+00:00\",\"description\":\"Los principios que rigen el dise\u00f1o de la arquitectura fueron orientados bajo el enfoque de interfaces de integraci\u00f3n en una arquitectura de Microservicios (MSA del ingl\u00e9s Micro Services Architecture).\",\"breadcrumb\":{\"@id\":\"https:\\\/\\\/assist.com.co\\\/integracion-ecopetrol\\\/#breadcrumb\"},\"inLanguage\":\"en-US\",\"potentialAction\":[{\"@type\":\"ReadAction\",\"target\":[\"https:\\\/\\\/assist.com.co\\\/integracion-ecopetrol\\\/\"]}]},{\"@type\":\"BreadcrumbList\",\"@id\":\"https:\\\/\\\/assist.com.co\\\/integracion-ecopetrol\\\/#breadcrumb\",\"itemListElement\":[{\"@type\":\"ListItem\",\"position\":1,\"name\":\"Home\",\"item\":\"https:\\\/\\\/assist.com.co\\\/\"},{\"@type\":\"ListItem\",\"position\":2,\"name\":\"Integraci\u00f3n Ecopetrol\"}]},{\"@type\":\"WebSite\",\"@id\":\"https:\\\/\\\/assist.com.co\\\/#website\",\"url\":\"https:\\\/\\\/assist.com.co\\\/\",\"name\":\"Assist Consultores\",\"description\":\"Transformando Capacidades Empresariales en Sistemas Innovadores\",\"potentialAction\":[{\"@type\":\"SearchAction\",\"target\":{\"@type\":\"EntryPoint\",\"urlTemplate\":\"https:\\\/\\\/assist.com.co\\\/?s={search_term_string}\"},\"query-input\":{\"@type\":\"PropertyValueSpecification\",\"valueRequired\":true,\"valueName\":\"search_term_string\"}}],\"inLanguage\":\"en-US\"}]}<\/script>\n<!-- \/ Yoast SEO Premium plugin. -->","yoast_head_json":{"title":"Integraci\u00f3n Ecopetrol - Assist Consultores","description":"Los principios que rigen el dise\u00f1o de la arquitectura fueron orientados bajo el enfoque de interfaces de integraci\u00f3n en una arquitectura de Microservicios (MSA del ingl\u00e9s Micro Services Architecture).","robots":{"index":"index","follow":"follow","max-snippet":"max-snippet:-1","max-image-preview":"max-image-preview:large","max-video-preview":"max-video-preview:-1"},"canonical":"https:\/\/assist.com.co\/en\/integracion-ecopetrol\/","og_locale":"en_US","og_type":"article","og_title":"Integraci\u00f3n Ecopetrol","og_description":"Los principios que rigen el dise\u00f1o de la arquitectura fueron orientados bajo el enfoque de interfaces de integraci\u00f3n en una arquitectura de Microservicios (MSA del ingl\u00e9s Micro Services Architecture).","og_url":"https:\/\/assist.com.co\/en\/integracion-ecopetrol\/","og_site_name":"Assist Consultores","article_modified_time":"2026-02-25T15:33:47+00:00","twitter_card":"summary_large_image","twitter_misc":{"Est. reading time":"4 minutes"},"schema":{"@context":"https:\/\/schema.org","@graph":[{"@type":"WebPage","@id":"https:\/\/assist.com.co\/integracion-ecopetrol\/","url":"https:\/\/assist.com.co\/integracion-ecopetrol\/","name":"Integraci\u00f3n Ecopetrol - Assist Consultores","isPartOf":{"@id":"https:\/\/assist.com.co\/#website"},"datePublished":"2022-03-10T17:40:54+00:00","dateModified":"2026-02-25T15:33:47+00:00","description":"Los principios que rigen el dise\u00f1o de la arquitectura fueron orientados bajo el enfoque de interfaces de integraci\u00f3n en una arquitectura de Microservicios (MSA del ingl\u00e9s Micro Services Architecture).","breadcrumb":{"@id":"https:\/\/assist.com.co\/integracion-ecopetrol\/#breadcrumb"},"inLanguage":"en-US","potentialAction":[{"@type":"ReadAction","target":["https:\/\/assist.com.co\/integracion-ecopetrol\/"]}]},{"@type":"BreadcrumbList","@id":"https:\/\/assist.com.co\/integracion-ecopetrol\/#breadcrumb","itemListElement":[{"@type":"ListItem","position":1,"name":"Home","item":"https:\/\/assist.com.co\/"},{"@type":"ListItem","position":2,"name":"Integraci\u00f3n Ecopetrol"}]},{"@type":"WebSite","@id":"https:\/\/assist.com.co\/#website","url":"https:\/\/assist.com.co\/","name":"Assist Consultores","description":"Transformando Capacidades Empresariales en Sistemas Innovadores","potentialAction":[{"@type":"SearchAction","target":{"@type":"EntryPoint","urlTemplate":"https:\/\/assist.com.co\/?s={search_term_string}"},"query-input":{"@type":"PropertyValueSpecification","valueRequired":true,"valueName":"search_term_string"}}],"inLanguage":"en-US"}]}},"_links":{"self":[{"href":"https:\/\/assist.com.co\/en\/wp-json\/wp\/v2\/pages\/11876","targetHints":{"allow":["GET"]}}],"collection":[{"href":"https:\/\/assist.com.co\/en\/wp-json\/wp\/v2\/pages"}],"about":[{"href":"https:\/\/assist.com.co\/en\/wp-json\/wp\/v2\/types\/page"}],"author":[{"embeddable":true,"href":"https:\/\/assist.com.co\/en\/wp-json\/wp\/v2\/users\/1"}],"replies":[{"embeddable":true,"href":"https:\/\/assist.com.co\/en\/wp-json\/wp\/v2\/comments?post=11876"}],"version-history":[{"count":6,"href":"https:\/\/assist.com.co\/en\/wp-json\/wp\/v2\/pages\/11876\/revisions"}],"predecessor-version":[{"id":24170,"href":"https:\/\/assist.com.co\/en\/wp-json\/wp\/v2\/pages\/11876\/revisions\/24170"}],"wp:attachment":[{"href":"https:\/\/assist.com.co\/en\/wp-json\/wp\/v2\/media?parent=11876"}],"curies":[{"name":"wp","href":"https:\/\/api.w.org\/{rel}","templated":true}]}}