{"id":12239,"date":"2022-04-01T19:01:24","date_gmt":"2022-04-01T19:01:24","guid":{"rendered":"https:\/\/assist.com.co\/?page_id=12239"},"modified":"2026-02-25T15:33:56","modified_gmt":"2026-02-25T15:33:56","slug":"optimizacion-de-procesos","status":"publish","type":"page","link":"https:\/\/assist.com.co\/en\/optimizacion-de-procesos\/","title":{"rendered":"AUTOMATION"},"content":{"rendered":"<div class=\"et_pb_section_0 et_pb_section et_section_regular et_block_section et_animated preset--module--divi-section--default\"><div class=\"et_pb_row_0 et_pb_row et_block_row\"><div class=\"et_pb_column_0 et_pb_column et_pb_column_4_4 et-last-child et_block_column et_pb_css_mix_blend_mode_passthrough\"><div class=\"et_pb_image_0 et_pb_image et_animated et_pb_module et_block_module\"><span class=\"et_pb_image_wrap\"><img loading=\"lazy\" decoding=\"async\" src=\"https:\/\/assist.com.co\/wp-content\/uploads\/2022\/06\/automatizacion-de-negocios.svg\" width=\"0\" height=\"0\" class=\"wp-image-12973\" title=\"automatizacion-de-negocios\" alt=\"automatizacion-de-negocios\" \/><\/span><\/div><\/div><\/div><div class=\"et_pb_row_1 et_pb_row et_block_row\"><div class=\"et_pb_column_1 et_pb_column et_pb_column_4_4 et-last-child et_block_column et_pb_css_mix_blend_mode_passthrough\"><div class=\"et_pb_cta_0 et_pb_promo et_pb_bg_layout_dark et_pb_module et_block_module\"><div class=\"et_pb_promo_description\"><div class=\"et_pb_promo_content\"><h1 style=\"text-align: left;\"><span style=\"font-size: x-large;\">Through methodologies and technology, automate the work and business processes in your company. This is already possible due to the improvement of metric analysis and technological advances in software, many Companies of different sizes and industries have already benefited with good results, due to the automation of their processes and businesses.<\/span><\/h1>\n<\/div><\/div><div class=\"et_pb_button_wrapper\"><a class=\"et_pb_button et_pb_promo_button\" href=\"https:\/\/assist.com.co\/en\/solicitudes\/\">CONTACT US<\/a><\/div><\/div><\/div><\/div><\/div><div class=\"et_pb_section_1 et_pb_section et_section_regular et_block_section et_animated section_has_divider et_pb_top_divider et_pb_bottom_divider preset--module--divi-section--default\"><div class=\"et_pb_top_inside_divider et-no-transition\"><\/div><div class=\"et_pb_row_2 et_pb_row et_block_row\"><div class=\"et_pb_column_2 et_pb_column et_pb_column_4_4 et-last-child et_block_column et_pb_css_mix_blend_mode_passthrough\"><div class=\"et_pb_text_0 et_pb_text et_pb_bg_layout_light et_pb_module et_block_module\"><div class=\"et_pb_text_inner\"><h1 style=\"text-align: center;\"><span>S O L U T I O N S<\/span><\/h1>\n<\/div><\/div><\/div><\/div><div class=\"et_pb_bottom_inside_divider et-no-transition\"><\/div><\/div><div class=\"et_pb_section_2 et_pb_section et_section_regular et_block_section preset--module--divi-section--default\"><div class=\"et_pb_row_3 et_pb_row et_block_row\"><div class=\"et_pb_column_3 et_pb_column et_pb_column_1_3 et_block_column et_pb_column_empty et_pb_css_mix_blend_mode_passthrough\"><\/div><div class=\"et_pb_column_4 et_pb_column et_pb_column_2_3 et-last-child et_block_column et_pb_css_mix_blend_mode_passthrough\"><div class=\"et_pb_text_1 et_pb_text et_pb_bg_layout_light et_pb_module et_block_module\"><div class=\"et_pb_text_inner\"><h1><strong>RPA<\/strong><\/h1>\n<\/div><\/div><div class=\"et_pb_text_2 et_pb_text et_pb_bg_layout_light et_pb_module et_block_module\"><div class=\"et_pb_text_inner\"><h1 style=\"text-align: justify;\"><span style=\"font-size: large; color: #000000;\"><span face=\"times new roman, serif\" color=\"#000000\" size=\"4\">Connect, enrich and transmit information between your applications, offering new practices and agile governance models, simplifying the exchange of data in real time and in a reliable way. Plus, get the benefit of reducing costs with an efficient ecosystem by deploying workloads on-premises and in private clouds.<\/span><\/span><\/h1>\n<\/div><\/div><div class=\"et_pb_module et_pb_button_module_wrapper et_pb_button_0_wrapper\"><a class=\"et_pb_button_0 et_pb_button et_pb_bg_layout_light et_pb_module et_block_module\" href=\"\">Discover More<\/a><\/div><\/div><\/div><\/div><div class=\"et_pb_section_3 et_pb_section et_section_regular et_block_section preset--module--divi-section--default\"><div class=\"et_pb_row_4 et_pb_row et_block_row\"><div class=\"et_pb_column_5 et_pb_column et_pb_column_4_4 et-last-child et_block_column et_pb_css_mix_blend_mode_passthrough\"><div class=\"et_pb_text_3 et_pb_text et_pb_bg_layout_light et_pb_module et_block_module\"><div class=\"et_pb_text_inner\"><h1><span style=\"color: #ff6600;\"><strong>CRM + BPM<\/strong><\/span><\/h1>\n<\/div><\/div><div class=\"et_pb_text_4 et_pb_text et_pb_bg_layout_light et_pb_module et_block_module\"><div class=\"et_pb_text_inner\"><h1><span style=\"color: #000000;\"><span style=\"font-size: large;\">It is a cloud application with out-of-the-box processes for full-cycle service management.<\/span><\/span><\/h1>\n<p><span style=\"color: #000000;\"><span style=\"font-size: large;\"><span>The CREATIO service offers out-of-the-box processes that are based on industry best practices. Manage customer requests and automate service operations following predefined processes for customer service excellence.<\/span><\/span><\/span><\/p>\n<\/div><\/div><div class=\"et_pb_module et_pb_button_module_wrapper et_pb_button_1_wrapper\"><a class=\"et_pb_button_1 et_pb_button et_pb_bg_layout_light et_pb_module et_block_module\" href=\"\">Discover More<\/a><\/div><\/div><\/div><div class=\"et_pb_row_5 et_pb_row et_block_row\"><div class=\"et_pb_column_6 et_pb_column et_pb_column_4_4 et-last-child et_block_column et_pb_css_mix_blend_mode_passthrough\"><div class=\"et_pb_text_5 et_pb_text et_pb_bg_layout_light et_pb_module et_block_module\"><div class=\"et_pb_text_inner\"><h1 style=\"text-align: center;\"><span style=\"font-size: xx-large; font-family: Arial; font-weight: normal;\"><strong><span style=\"color: #002d47;\">Browse and discover more about our CRM.<\/span><\/strong><\/span><\/h1>\n<\/div><\/div><div class=\"et_pb_divider_0 et_pb_divider et_pb_space et_pb_divider_position_top et_pb_module\"><div class=\"et_pb_divider_internal\"><\/div><\/div><\/div><\/div><div class=\"et_pb_row_6 et_pb_row et_block_row et_animated\"><div class=\"et_pb_column_7 et_pb_column et_pb_column_1_3 et_block_column et_pb_css_mix_blend_mode_passthrough\"><div class=\"et_pb_text_6 et_pb_text et_pb_bg_layout_light et_pb_module et_block_module\"><div class=\"et_pb_text_inner\"><h1 style=\"text-align: center;\">STUDIO<\/h1>\n<\/div><\/div><div class=\"et_pb_image_1 et_pb_image et_pb_module et_block_module\"><a href=\"https:\/\/assist.com.co\/en\/crm-%e2%80%a2-assist\/creatio-studio\/\"><span class=\"et_pb_image_wrap\"><img decoding=\"async\" src=\"https:\/\/assist.com.co\/wp-content\/uploads\/2019\/07\/studio-bpm.png\" \/><\/span><\/a><\/div><\/div><div class=\"et_pb_column_8 et_pb_column et_pb_column_1_3 et_block_column et_pb_css_mix_blend_mode_passthrough\"><div class=\"et_pb_text_7 et_pb_text et_pb_bg_layout_light et_pb_module et_block_module\"><div class=\"et_pb_text_inner\"><h1 style=\"text-align: center;\">MARKETING<\/h1>\n<\/div><\/div><div class=\"et_pb_image_2 et_pb_image et_pb_module et_block_module\"><a href=\"https:\/\/assist.com.co\/en\/crm-\u2022-assist\/creatio-marketing\/\"><span class=\"et_pb_image_wrap\"><img decoding=\"async\" src=\"https:\/\/assist.com.co\/wp-content\/uploads\/2019\/07\/marketing-bpm.png\" \/><\/span><\/a><\/div><\/div><div class=\"et_pb_column_9 et_pb_column et_pb_column_1_3 et-last-child et_block_column et_pb_css_mix_blend_mode_passthrough\"><div class=\"et_pb_text_8 et_pb_text et_pb_bg_layout_light et_pb_module et_block_module\"><div class=\"et_pb_text_inner\"><h1 style=\"text-align: center;\">SALES<\/h1>\n<\/div><\/div><div class=\"et_pb_image_3 et_pb_image et_pb_module et_block_module\"><a href=\"https:\/\/assist.com.co\/en\/crm-\u2022-assist\/creatio-sales\/\"><span class=\"et_pb_image_wrap\"><img decoding=\"async\" src=\"https:\/\/assist.com.co\/wp-content\/uploads\/2019\/07\/sales-bpm.png\" \/><\/span><\/a><\/div><\/div><\/div><\/div><div class=\"et_pb_section_4 et_pb_section et_section_regular et_block_section et_animated section_has_divider et_pb_top_divider preset--module--divi-section--default\"><div class=\"et_pb_top_inside_divider et-no-transition\"><\/div><div class=\"et_pb_row_7 et_pb_row et_block_row\"><div class=\"et_pb_column_10 et_pb_column et_pb_column_4_4 et-last-child et_block_column et_pb_css_mix_blend_mode_passthrough\"><div class=\"et_pb_text_9 et_pb_text et_pb_bg_layout_light et_animated et_pb_module et_block_module\"><div class=\"et_pb_text_inner\"><h1 class=\"et_pb_module_header\" style=\"text-align: center;\">IT OPTIMIZATION<\/h1>\n<\/div><\/div><\/div><\/div><\/div><div class=\"et_pb_section_5 et_pb_section et_section_regular et_block_section et_animated preset--module--divi-section--default\"><div class=\"et_pb_row_8 et_pb_row et_block_row\"><div class=\"et_pb_column_11 et_pb_column et_pb_column_3_5 et_block_column et_pb_css_mix_blend_mode_passthrough\"><div class=\"et_pb_text_10 et_pb_text et_pb_bg_layout_light et_pb_module et_block_module\"><div class=\"et_pb_text_inner\"><h1 class=\"et_pb_module_header\"><span style=\"color: #ffffff;\">IT AUTOMATIZATION<\/span><\/h1>\n<\/div><\/div><div class=\"et_pb_text_11 et_pb_text et_pb_bg_layout_light et_pb_module et_block_module\"><div class=\"et_pb_text_inner\"><h1 style=\"text-align: left;\"><span style=\"color: #ffffff; font-size: large;\">IT automation, also called infrastructure automation, is the use of software systems to create repeatable instructions and processes to replace or reduce human interaction with IT systems.<\/span><\/h1>\n<\/div><\/div><\/div><div class=\"et_pb_column_12 et_pb_column et_pb_column_2_5 et-last-child et_block_column et_pb_css_mix_blend_mode_passthrough\"><div class=\"et_pb_image_4 et_pb_image et_pb_module et_block_module\"><span class=\"et_pb_image_wrap\"><img loading=\"lazy\" decoding=\"async\" src=\"https:\/\/assist.com.co\/wp-content\/uploads\/2022\/12\/innovacion.webp\" width=\"900\" height=\"600\" srcset=\"https:\/\/assist.com.co\/wp-content\/uploads\/2022\/12\/innovacion.webp 900w, https:\/\/assist.com.co\/wp-content\/uploads\/2022\/12\/innovacion-480x320.webp 480w\" sizes=\"(min-width: 0px) and (max-width: 480px) 480px, (min-width: 481px) 900px, 100vw\" class=\"wp-image-15143\" title=\"innovacion\" alt=\"innovacion\" \/><\/span><\/div><\/div><\/div><\/div><div class=\"et_pb_section_6 et_pb_section et_section_regular et_block_section et_pb_section_parallax preset--module--divi-section--default\"><span class=\"et-pb-parallax-wrapper\"><span class=\"et-pb-parallax-background et-pb-parallax-background-module--divi-section-6\" style=\"background-image:url(https:\/\/assist.com.co\/wp-content\/uploads\/2025\/05\/pieza-email-BIAN-fondo-scaled.png)\"><\/span><\/span><div class=\"et_pb_row_9 et_pb_row et_block_row\"><div class=\"et_pb_column_13 et_pb_column et_pb_column_1_3 et_block_column et_pb_css_mix_blend_mode_passthrough\"><div class=\"et_pb_image_5 et_pb_image et_pb_module et_block_module\"><span class=\"et_pb_image_wrap\"><img loading=\"lazy\" decoding=\"async\" src=\"https:\/\/assist.com.co\/wp-content\/uploads\/2022\/12\/omni-channel-technology-of-online-retail-business-1.webp\" width=\"900\" height=\"572\" srcset=\"https:\/\/assist.com.co\/wp-content\/uploads\/2022\/12\/omni-channel-technology-of-online-retail-business-1.webp 900w, https:\/\/assist.com.co\/wp-content\/uploads\/2022\/12\/omni-channel-technology-of-online-retail-business-1-480x305.webp 480w\" sizes=\"(min-width: 0px) and (max-width: 480px) 480px, (min-width: 481px) 900px, 100vw\" class=\"wp-image-15144\" \/><\/span><\/div><\/div><div class=\"et_pb_column_14 et_pb_column et_pb_column_2_3 et-last-child et_block_column et_pb_css_mix_blend_mode_passthrough\"><div class=\"et_pb_cta_1 et_pb_promo et_pb_bg_layout_dark et_animated et_pb_module et_block_module\"><div class=\"et_pb_promo_description\"><div class=\"et_pb_promo_content\"><h1 style=\"text-align: left;\"><span style=\"font-size: 16px;\"><span style=\"color: #000000;\"><span style=\"font-size: large;\">Optimize technology to design innovations for the future, while maintaining the systems your business depends on<\/span>.<\/span><\/span><\/h1>\n<\/div><\/div><\/div><div class=\"et_pb_module et_pb_button_module_wrapper et_pb_button_2_wrapper\"><a class=\"et_pb_button_2 et_pb_button et_pb_bg_layout_light et_animated et_pb_module et_block_module\" href=\"https:\/\/assist.com.co\/en\/blockchain-para-transacciones\/\">Discover More<\/a><\/div><\/div><\/div><\/div><div class=\"et_pb_section_7 et_pb_section et_section_regular et_block_section et_animated preset--module--divi-section--default\"><div class=\"et_pb_row_10 et_pb_row et_block_row\"><div class=\"et_pb_column_15 et_pb_column et_pb_column_4_4 et-last-child et_block_column et_pb_css_mix_blend_mode_passthrough\"><div class=\"et_pb_cta_2 et_pb_promo et_pb_bg_layout_dark et_animated et_pb_module et_block_module\"><div class=\"et_pb_promo_description\"><h1 class=\"et_pb_module_header\">You want to know more?<\/h1><div class=\"et_pb_promo_content\"><h1 style=\"text-align: left;\"><span style=\"font-size: large;\">Learn how process automation can help you improve the performance and technological capacity of your company. Our experts are waiting to answer all your questions.<\/span><\/h1>\n<\/div><\/div><div class=\"et_pb_button_wrapper\"><a class=\"et_pb_button et_pb_promo_button\" href=\"https:\/\/assist.com.co\/en\/solicitudes\/\">Let\u2019s talk!<\/a><\/div><\/div><\/div><\/div><\/div>","protected":false},"excerpt":{"rendered":"","protected":false},"author":1,"featured_media":0,"parent":0,"menu_order":0,"comment_status":"closed","ping_status":"closed","template":"","meta":{"inline_featured_image":false,"footnotes":""},"class_list":["post-12239","page","type-page","status-publish","hentry"],"yoast_head":"<!-- This site is optimized with the Yoast SEO Premium plugin v25.2 (Yoast SEO v27.4) - https:\/\/yoast.com\/product\/yoast-seo-premium-wordpress\/ -->\n<title>AUTOMATIZACI\u00d3N - Assist Consultores<\/title>\n<meta name=\"description\" content=\"Por medio de metodolog\u00edas y la tecnolog\u00eda automatiza los procesos de trabajo y de negocio en tu compa\u00f1\u00eda. Esto ya es posible debido a la mejora del an\u00e1lisis de m\u00e9tricas y los avances tecnol\u00f3gicos en el software, muchas Compa\u00f1\u00edas de diferentes tama\u00f1os e industrias ya se han beneficiado con buenos resultados, debido a la automatizaci\u00f3n de sus procesos y negocios.\" \/>\n<meta name=\"robots\" content=\"index, follow, max-snippet:-1, max-image-preview:large, max-video-preview:-1\" \/>\n<link rel=\"canonical\" href=\"https:\/\/assist.com.co\/en\/optimizacion-de-procesos\/\" \/>\n<meta property=\"og:locale\" content=\"en_US\" \/>\n<meta property=\"og:type\" content=\"article\" \/>\n<meta property=\"og:title\" content=\"AUTOMATIZACI\u00d3N\" \/>\n<meta property=\"og:description\" content=\"Por medio de metodolog\u00edas y la tecnolog\u00eda automatiza los procesos de trabajo y de negocio en tu compa\u00f1\u00eda. Esto ya es posible debido a la mejora del an\u00e1lisis de m\u00e9tricas y los avances tecnol\u00f3gicos en el software, muchas Compa\u00f1\u00edas de diferentes tama\u00f1os e industrias ya se han beneficiado con buenos resultados, debido a la automatizaci\u00f3n de sus procesos y negocios.\" \/>\n<meta property=\"og:url\" content=\"https:\/\/assist.com.co\/en\/optimizacion-de-procesos\/\" \/>\n<meta property=\"og:site_name\" content=\"Assist Consultores\" \/>\n<meta property=\"article:modified_time\" content=\"2026-02-25T15:33:56+00:00\" \/>\n<meta name=\"twitter:card\" content=\"summary_large_image\" \/>\n<meta name=\"twitter:label1\" content=\"Est. reading time\" \/>\n\t<meta name=\"twitter:data1\" content=\"3 minutes\" \/>\n<script type=\"application\/ld+json\" class=\"yoast-schema-graph\">{\"@context\":\"https:\\\/\\\/schema.org\",\"@graph\":[{\"@type\":\"WebPage\",\"@id\":\"https:\\\/\\\/assist.com.co\\\/optimizacion-de-procesos\\\/\",\"url\":\"https:\\\/\\\/assist.com.co\\\/optimizacion-de-procesos\\\/\",\"name\":\"AUTOMATIZACI\u00d3N - Assist Consultores\",\"isPartOf\":{\"@id\":\"https:\\\/\\\/assist.com.co\\\/#website\"},\"datePublished\":\"2022-04-01T19:01:24+00:00\",\"dateModified\":\"2026-02-25T15:33:56+00:00\",\"description\":\"Por medio de metodolog\u00edas y la tecnolog\u00eda automatiza los procesos de trabajo y de negocio en tu compa\u00f1\u00eda. Esto ya es posible debido a la mejora del an\u00e1lisis de m\u00e9tricas y los avances tecnol\u00f3gicos en el software, muchas Compa\u00f1\u00edas de diferentes tama\u00f1os e industrias ya se han beneficiado con buenos resultados, debido a la automatizaci\u00f3n de sus procesos y negocios.\",\"breadcrumb\":{\"@id\":\"https:\\\/\\\/assist.com.co\\\/optimizacion-de-procesos\\\/#breadcrumb\"},\"inLanguage\":\"en-US\",\"potentialAction\":[{\"@type\":\"ReadAction\",\"target\":[\"https:\\\/\\\/assist.com.co\\\/optimizacion-de-procesos\\\/\"]}]},{\"@type\":\"BreadcrumbList\",\"@id\":\"https:\\\/\\\/assist.com.co\\\/optimizacion-de-procesos\\\/#breadcrumb\",\"itemListElement\":[{\"@type\":\"ListItem\",\"position\":1,\"name\":\"Home\",\"item\":\"https:\\\/\\\/assist.com.co\\\/\"},{\"@type\":\"ListItem\",\"position\":2,\"name\":\"AUTOMATIZACI\u00d3N\"}]},{\"@type\":\"WebSite\",\"@id\":\"https:\\\/\\\/assist.com.co\\\/#website\",\"url\":\"https:\\\/\\\/assist.com.co\\\/\",\"name\":\"Assist Consultores\",\"description\":\"Transformando Capacidades Empresariales en Sistemas Innovadores\",\"potentialAction\":[{\"@type\":\"SearchAction\",\"target\":{\"@type\":\"EntryPoint\",\"urlTemplate\":\"https:\\\/\\\/assist.com.co\\\/?s={search_term_string}\"},\"query-input\":{\"@type\":\"PropertyValueSpecification\",\"valueRequired\":true,\"valueName\":\"search_term_string\"}}],\"inLanguage\":\"en-US\"}]}<\/script>\n<!-- \/ Yoast SEO Premium plugin. -->","yoast_head_json":{"title":"AUTOMATIZACI\u00d3N - Assist Consultores","description":"Through methodologies and technology, automate the work and business processes in your company. This is already possible due to the improvement of metric analysis and technological advances in software, many Companies of different sizes and industries have already benefited with good results, due to the automation of their processes and businesses.","robots":{"index":"index","follow":"follow","max-snippet":"max-snippet:-1","max-image-preview":"max-image-preview:large","max-video-preview":"max-video-preview:-1"},"canonical":"https:\/\/assist.com.co\/en\/optimizacion-de-procesos\/","og_locale":"en_US","og_type":"article","og_title":"AUTOMATIZACI\u00d3N","og_description":"Por medio de metodolog\u00edas y la tecnolog\u00eda automatiza los procesos de trabajo y de negocio en tu compa\u00f1\u00eda. Esto ya es posible debido a la mejora del an\u00e1lisis de m\u00e9tricas y los avances tecnol\u00f3gicos en el software, muchas Compa\u00f1\u00edas de diferentes tama\u00f1os e industrias ya se han beneficiado con buenos resultados, debido a la automatizaci\u00f3n de sus procesos y negocios.","og_url":"https:\/\/assist.com.co\/en\/optimizacion-de-procesos\/","og_site_name":"Assist Consultores","article_modified_time":"2026-02-25T15:33:56+00:00","twitter_card":"summary_large_image","twitter_misc":{"Est. reading time":"3 minutes"},"schema":{"@context":"https:\/\/schema.org","@graph":[{"@type":"WebPage","@id":"https:\/\/assist.com.co\/optimizacion-de-procesos\/","url":"https:\/\/assist.com.co\/optimizacion-de-procesos\/","name":"AUTOMATIZACI\u00d3N - Assist Consultores","isPartOf":{"@id":"https:\/\/assist.com.co\/#website"},"datePublished":"2022-04-01T19:01:24+00:00","dateModified":"2026-02-25T15:33:56+00:00","description":"Through methodologies and technology, automate the work and business processes in your company. This is already possible due to the improvement of metric analysis and technological advances in software, many Companies of different sizes and industries have already benefited with good results, due to the automation of their processes and businesses.","breadcrumb":{"@id":"https:\/\/assist.com.co\/optimizacion-de-procesos\/#breadcrumb"},"inLanguage":"en-US","potentialAction":[{"@type":"ReadAction","target":["https:\/\/assist.com.co\/optimizacion-de-procesos\/"]}]},{"@type":"BreadcrumbList","@id":"https:\/\/assist.com.co\/optimizacion-de-procesos\/#breadcrumb","itemListElement":[{"@type":"ListItem","position":1,"name":"Home","item":"https:\/\/assist.com.co\/"},{"@type":"ListItem","position":2,"name":"AUTOMATIZACI\u00d3N"}]},{"@type":"WebSite","@id":"https:\/\/assist.com.co\/#website","url":"https:\/\/assist.com.co\/","name":"Assist Consultores","description":"Transformando Capacidades Empresariales en Sistemas Innovadores","potentialAction":[{"@type":"SearchAction","target":{"@type":"EntryPoint","urlTemplate":"https:\/\/assist.com.co\/?s={search_term_string}"},"query-input":{"@type":"PropertyValueSpecification","valueRequired":true,"valueName":"search_term_string"}}],"inLanguage":"en-US"}]}},"_links":{"self":[{"href":"https:\/\/assist.com.co\/en\/wp-json\/wp\/v2\/pages\/12239","targetHints":{"allow":["GET"]}}],"collection":[{"href":"https:\/\/assist.com.co\/en\/wp-json\/wp\/v2\/pages"}],"about":[{"href":"https:\/\/assist.com.co\/en\/wp-json\/wp\/v2\/types\/page"}],"author":[{"embeddable":true,"href":"https:\/\/assist.com.co\/en\/wp-json\/wp\/v2\/users\/1"}],"replies":[{"embeddable":true,"href":"https:\/\/assist.com.co\/en\/wp-json\/wp\/v2\/comments?post=12239"}],"version-history":[{"count":6,"href":"https:\/\/assist.com.co\/en\/wp-json\/wp\/v2\/pages\/12239\/revisions"}],"predecessor-version":[{"id":24174,"href":"https:\/\/assist.com.co\/en\/wp-json\/wp\/v2\/pages\/12239\/revisions\/24174"}],"wp:attachment":[{"href":"https:\/\/assist.com.co\/en\/wp-json\/wp\/v2\/media?parent=12239"}],"curies":[{"name":"wp","href":"https:\/\/api.w.org\/{rel}","templated":true}]}}