{"id":13273,"date":"2022-07-18T17:43:07","date_gmt":"2022-07-18T17:43:07","guid":{"rendered":"https:\/\/assist.com.co\/?page_id=13273"},"modified":"2026-02-25T15:34:17","modified_gmt":"2026-02-25T15:34:17","slug":"saludtech","status":"publish","type":"page","link":"https:\/\/assist.com.co\/en\/saludtech\/","title":{"rendered":"HEALTHTECH"},"content":{"rendered":"<div class=\"et_pb_section_0 et_pb_section et_pb_fullwidth_section et_section_regular et_block_section et_animated\"><section class=\"et_pb_fullwidth_header_0 et_pb_fullwidth_header et_pb_bg_layout_light et_pb_text_align_left et_animated et_pb_module et_flex_module\"><div class=\"et_pb_fullwidth_header_container left\"><div class=\"header-content-container center\"><div class=\"header-content et_flex_module\"><h1 class=\"et_pb_module_header\">Salud Tech<\/h1><div class=\"et_pb_header_content_wrapper\"><h2><span style=\"color: #000000; font-size: large; font-family: Arial; font-weight: normal;\">In recent years, diseases and pathologies have appeared that for humans and especially for those professionals who are dedicated to saving lives, have not been easy to detect in time since the detection patterns do not have the same technological development and the same agility. to find the problem in a patient with a certain disease, this has led the world to develop tools such as <strong>IA y el Machine Learning <\/strong>para ayudar a los especialistas a detectar anomal\u00edas de una manera que jam\u00e1s hab\u00edamos imaginado.<\/span><\/h2>\n<p>&nbsp;<\/p>\n<\/div><div class=\"et_pb_header_button_wrapper\"><a class=\"et_pb_button et_pb_more_button et_pb_button_one\" href=\"https:\/\/assist.com.co\/en\/solicitudes\/\">Contact an expert<\/a><\/div><\/div><\/div><\/div><div class=\"et_pb_fullwidth_header_overlay\"><\/div><div class=\"et_pb_fullwidth_header_scroll\"><a class=\"scroll-down-container scroll-down-container-tablet scroll-down-container-phone\" href=\"#\"><span class=\"scroll-down et-pb-icon\">?<\/span><span class=\"scroll-down-tablet et-pb-icon\"><\/span><span class=\"scroll-down-phone et-pb-icon\"><\/span><\/a><\/div><\/section><\/div><div class=\"et_pb_section_1 et_pb_section et_section_regular et_block_section preset--module--divi-section--default\"><div class=\"et_pb_row_0 et_pb_row et_block_row\"><div class=\"et_pb_column_0 et_pb_column et_pb_column_4_4 et-last-child et_block_column et_pb_css_mix_blend_mode_passthrough\"><div class=\"et_pb_text_0 et_pb_text et_pb_bg_layout_light et_animated et_pb_module et_block_module\"><div class=\"et_pb_text_inner\"><h2 style=\"text-align: center;\"><strong><span style=\"color: #000080;\">EXPERTS IN<\/span><\/strong><\/h2>\n<\/div><\/div><div class=\"et_pb_divider_0 et_pb_divider et_pb_space et_pb_divider_position_top et_animated et_pb_module\"><div class=\"et_pb_divider_internal\"><\/div><\/div><\/div><\/div><\/div><div class=\"et_pb_section_2 et_pb_section et_section_regular et_block_section preset--module--divi-section--default\"><div class=\"et_pb_row_1 et_pb_row et_block_row et_animated\"><div class=\"et_pb_column_1 et_pb_column et_pb_column_1_2 et_block_column et_pb_css_mix_blend_mode_passthrough\"><div class=\"et_pb_text_1 et_pb_text et_pb_bg_layout_light et_pb_module et_block_module preset--module--divi-text--1d866de3-b108-4c5f-bed3-2da9506a6915\"><div class=\"et_pb_text_inner\"><h2><span style=\"font-size: xx-large;\"><strong><span style=\"color: #333399;\">We find pathologies:<\/span><\/strong><\/span><\/h2>\n<\/div><\/div><div class=\"et_pb_text_2 et_pb_text et_pb_bg_layout_light et_pb_module et_block_module preset--module--divi-text--aec0be99-8a53-4f75-abf2-64f29a8b4cc2\"><div class=\"et_pb_text_inner\"><h2><span style=\"color: #000000; font-size: large;\">Analytics and Artificial Intelligence<\/span><\/h2>\n<h2 class=\"translation-block\">- Processing of years of history docttors per patient.<\/h2>\n<h2 class=\"translation-block\">\u2013 Identification of symptoms and tests\nin medical records quickly.\n\u2013 Algorithms trained to detect\nalert patterns.<\/h2>\n<\/div><\/div><\/div><div class=\"et_pb_column_2 et_pb_column et_pb_column_1_2 et-last-child et_block_column et_pb_css_mix_blend_mode_passthrough\"><div class=\"et_pb_image_0 et_pb_image et_pb_module et_block_module\"><span class=\"et_pb_image_wrap\"><img loading=\"lazy\" decoding=\"async\" src=\"https:\/\/assist.com.co\/wp-content\/uploads\/2022\/07\/Inteligencia-artificial-y-analitica-de-datos.webp\" width=\"1000\" height=\"1000\" srcset=\"https:\/\/assist.com.co\/wp-content\/uploads\/2022\/07\/Inteligencia-artificial-y-analitica-de-datos.webp 1000w, https:\/\/assist.com.co\/wp-content\/uploads\/2022\/07\/Inteligencia-artificial-y-analitica-de-datos-980x980.webp 980w, https:\/\/assist.com.co\/wp-content\/uploads\/2022\/07\/Inteligencia-artificial-y-analitica-de-datos-480x480.webp 480w\" sizes=\"(min-width: 0px) and (max-width: 480px) 480px, (min-width: 481px) and (max-width: 980px) 980px, (min-width: 981px) 1000px, 100vw\" class=\"wp-image-13312\" title=\"Inteligencia-artificial-y-anal\u00edtica-de-datos\" alt=\"Inteligencia-artificial-y-anal\u00edtica-de-datos\" \/><\/span><\/div><\/div><\/div><\/div><div class=\"et_pb_section_3 et_pb_section et_section_regular et_block_section preset--module--divi-section--default\"><div class=\"et_pb_row_2 et_pb_row et_block_row et_animated\"><div class=\"et_pb_column_3 et_pb_column et_pb_column_1_2 et_block_column et_pb_css_mix_blend_mode_passthrough\"><div class=\"et_pb_image_1 et_pb_image et_pb_module et_block_module\"><span class=\"et_pb_image_wrap\"><img loading=\"lazy\" decoding=\"async\" src=\"https:\/\/assist.com.co\/wp-content\/uploads\/2022\/07\/Proceso-quincenal-de-planilla.webp\" width=\"1000\" height=\"1000\" srcset=\"https:\/\/assist.com.co\/wp-content\/uploads\/2022\/07\/Proceso-quincenal-de-planilla.webp 1000w, https:\/\/assist.com.co\/wp-content\/uploads\/2022\/07\/Proceso-quincenal-de-planilla-980x980.webp 980w, https:\/\/assist.com.co\/wp-content\/uploads\/2022\/07\/Proceso-quincenal-de-planilla-480x480.webp 480w\" sizes=\"(min-width: 0px) and (max-width: 480px) 480px, (min-width: 481px) and (max-width: 980px) 980px, (min-width: 981px) 1000px, 100vw\" class=\"wp-image-13339\" title=\"Proceso-quincenal-de-planilla\" alt=\"Proceso-quincenal-de-planilla\" \/><\/span><\/div><\/div><div class=\"et_pb_column_4 et_pb_column et_pb_column_1_2 et-last-child et_block_column et_pb_css_mix_blend_mode_passthrough\"><div class=\"et_pb_text_3 et_pb_text et_pb_bg_layout_light et_pb_module et_block_module preset--module--divi-text--1d866de3-b108-4c5f-bed3-2da9506a6915\"><div class=\"et_pb_text_inner\"><h2><span style=\"color: #008080; font-size: xx-large;\"><strong>Automation with Robots<\/strong><\/span><\/h2>\n<\/div><\/div><div class=\"et_pb_text_4 et_pb_text et_pb_bg_layout_light et_pb_module et_block_module preset--module--divi-text--aec0be99-8a53-4f75-abf2-64f29a8b4cc2\"><div class=\"et_pb_text_inner\"><h2><span style=\"color: #000000; font-size: large;\"><strong>Reduce time and costs by automating repetitive processes with the use of bots.<\/strong><\/span><\/h2>\n<h2><span style=\"font-size: large;\">\u2013 RPA AS A SERVICES.<\/span><\/h2>\n<h2><span style=\"font-size: large;\">\u2013 Biweekly payroll process.<\/span><\/h2>\n<h2><span style=\"font-size: large;\">\u2013 Patient notification platform.<\/span><\/h2>\n<h2><span style=\"font-size: large;\">\u2013 Smart notifications.<\/span><\/h2>\n<h2><span style=\"font-size: large;\">\u2013 Insurance verification.<\/span><\/h2>\n<h2><span style=\"font-size: large;\">\u2013 Weekly account statement.<\/span><\/h2>\n<\/div><\/div><div class=\"et_pb_module et_pb_button_module_wrapper et_pb_button_0_wrapper\"><a class=\"et_pb_button_0 et_pb_button et_pb_bg_layout_light et_pb_module et_block_module\" href=\"https:\/\/assist.com.co\/en\/rpa-assist\/\">Discover More<\/a><\/div><\/div><\/div><\/div><div class=\"et_pb_section_4 et_pb_section et_section_regular et_block_section et_animated preset--module--divi-section--default\"><div class=\"et_pb_row_3 et_pb_row et_block_row\"><div class=\"et_pb_column_5 et_pb_column et_pb_column_4_4 et-last-child et_block_column et_pb_css_mix_blend_mode_passthrough\"><div class=\"et_pb_text_5 et_pb_text et_pb_bg_layout_light et_pb_module et_block_module\"><div class=\"et_pb_text_inner\"><h2 style=\"text-align: center;\"><span style=\"color: #333399;\"><strong><em>TECHNOLOGIES<\/em><\/strong><\/span><\/h2>\n<\/div><\/div><\/div><\/div><div class=\"et_pb_row_4 et_pb_row et_block_row\"><div class=\"et_pb_column_6 et_pb_column et_pb_column_3_5 et_block_column et_pb_css_mix_blend_mode_passthrough\"><div class=\"et_pb_text_6 et_pb_text et_pb_bg_layout_light et_pb_module et_block_module\"><div class=\"et_pb_text_inner\"><h1 class=\"bx--type-expressive-heading-05 bx--type-light ibm-textcolor-gray-10 ibm-pb-0 ibm-mb-0\"><span style=\"color: #000000; font-size: xx-large;\"><strong>Watson Health is smarter health<\/strong><\/span><\/h1>\n<h2><span style=\"font-size: large;\"><strong>Bringing together data, technology and expertise to transform health<\/strong><\/span><\/h2>\n<\/div><\/div><div class=\"et_pb_text_7 et_pb_text et_pb_bg_layout_light et_pb_module et_block_module\"><div class=\"et_pb_text_inner\"><h2><strong><span style=\"color: #333399;\">What is Watson Health?<\/span><\/strong><\/h2>\n<\/div><\/div><div class=\"et_pb_text_8 et_pb_text et_pb_bg_layout_light et_pb_module et_block_module\"><div class=\"et_pb_text_inner\"><h1 class=\"bx--type-expressive-heading-04 ibm-textcolor-gray-70 ibm-mb-3 ibm-pb-0\"><span style=\"font-size: large;\">Watson Health is committed to helping create smarter health ecosystems.<\/span><\/h1>\n<h2 class=\"bx--type-expressive-heading-04 ibm-textcolor-gray-70 ibm-mb-3 ibm-pb-0\" style=\"text-align: justify;\"><span style=\"text-align: justify; font-size: large;\">The combination of our core strengths, such as our deep experience in the healthcare industry, our advanced technology solutions, including options for AI, blockchain and data and analytics, and our reputation for trust and security, allows Watson Health to support the digital transformations of our clients. Through a combination of technological solutions and experienced consulting, we help companies become more efficient, resilient and robust institutions that can fulfill their mission in their communities.<\/span><\/h2>\n<\/div><\/div><\/div><div class=\"et_pb_column_7 et_pb_column et_pb_column_2_5 et-last-child et_block_column et_pb_css_mix_blend_mode_passthrough\"><div class=\"et_pb_image_2 et_pb_image et_pb_module et_block_module\"><span class=\"et_pb_image_wrap\"><img loading=\"lazy\" decoding=\"async\" src=\"https:\/\/assist.com.co\/wp-content\/uploads\/2022\/07\/Patrones-Flujos-MFT-APIs-EDA.webp\" width=\"1000\" height=\"1000\" srcset=\"https:\/\/assist.com.co\/wp-content\/uploads\/2022\/07\/Patrones-Flujos-MFT-APIs-EDA.webp 1000w, https:\/\/assist.com.co\/wp-content\/uploads\/2022\/07\/Patrones-Flujos-MFT-APIs-EDA-980x980.webp 980w, https:\/\/assist.com.co\/wp-content\/uploads\/2022\/07\/Patrones-Flujos-MFT-APIs-EDA-480x480.webp 480w\" sizes=\"(min-width: 0px) and (max-width: 480px) 480px, (min-width: 481px) and (max-width: 980px) 980px, (min-width: 981px) 1000px, 100vw\" class=\"wp-image-13340\" title=\"Patrones-Flujos-MFT-APIs-EDA\" alt=\"Patrones-Flujos-MFT-APIs-EDA\" \/><\/span><\/div><div class=\"et_pb_divider_1 et_pb_divider et_pb_space et_pb_divider_position_top et_pb_module\"><div class=\"et_pb_divider_internal\"><\/div><\/div><\/div><\/div><div class=\"et_pb_row_5 et_pb_row et_block_row\"><div class=\"et_pb_column_8 et_pb_column et_pb_column_4_4 et-last-child et_block_column et_pb_css_mix_blend_mode_passthrough\"><div class=\"et_pb_text_9 et_pb_text et_pb_bg_layout_light et_pb_module et_block_module\"><div class=\"et_pb_text_inner\"><h2 style=\"text-align: center;\"><em><b>Watson NLU<\/b><\/em><\/h2>\n<\/div><\/div><\/div><\/div><div class=\"et_pb_row_6 et_pb_row et_block_row\"><div class=\"et_pb_column_9 et_pb_column et_pb_column_4_4 et-last-child et_block_column et_pb_css_mix_blend_mode_passthrough\"><div class=\"et_pb_cta_0 et_pb_promo et_pb_bg_layout_dark et_pb_module et_block_module\"><div class=\"et_pb_promo_description\"><h2 class=\"et_pb_module_header\">Watson Natural Language Understanding<\/h2><div class=\"et_pb_promo_content\"><p style=\"text-align: justify;\"><span style=\"font-size: x-large; color: #000000;\">Analyze text with natural language understanding to extract content metadata such as: concepts, entities, keywords, categories, feelings, emotions, relationships, and semantic roles.<\/span><\/p>\n<\/div><\/div><\/div><\/div><\/div><div class=\"et_pb_row_7 et_pb_row et_block_row\"><div class=\"et_pb_column_10 et_pb_column et_pb_column_4_4 et-last-child et_block_column et_pb_css_mix_blend_mode_passthrough\"><div class=\"et_pb_text_10 et_pb_text et_pb_bg_layout_light et_pb_module et_block_module\"><div class=\"et_pb_text_inner\"><h2 style=\"text-align: center;\"><strong><em>BENEFITS<\/em><\/strong><\/h2>\n<\/div><\/div><\/div><\/div><\/div><div class=\"et_pb_section_5 et_pb_section et_section_regular et_block_section preset--module--divi-section--default\"><div class=\"et_pb_row_8 et_pb_row et_block_row\"><div class=\"et_pb_column_11 et_pb_column et_pb_column_1_3 et_block_column et_pb_css_mix_blend_mode_passthrough\"><div class=\"et_pb_text_11 et_pb_text et_pb_bg_layout_light et_animated et_pb_module et_block_module\"><div class=\"et_pb_text_inner\"><blockquote>\n<h2 class=\"ibm-h3\" style=\"text-align: left;\"><strong>Insights eficientes<\/strong><\/h2>\n<\/blockquote>\n<h1><span><span style=\"font-size: large;\">Use a full suite of advanced text analysis features to extract entities, relationships, keywords, semantic roles, etc.<\/span>.<\/span><\/h1>\n<\/div><\/div><\/div><div class=\"et_pb_column_12 et_pb_column et_pb_column_1_3 et_block_column et_pb_css_mix_blend_mode_passthrough\"><div class=\"et_pb_text_12 et_pb_text et_pb_bg_layout_light et_animated et_pb_module et_block_module\"><div class=\"et_pb_text_inner\"><blockquote>\n<h2 class=\"ibm-h3\"><strong>Wide Language Coverage<\/strong><\/h2>\n<\/blockquote>\n<h1><span style=\"font-size: large; color: #000000;\">Interpret text in thirteen different languages, with more languages \u200b\u200bcoming soon.<\/span><\/h1>\n<\/div><\/div><\/div><div class=\"et_pb_column_13 et_pb_column et_pb_column_1_3 et-last-child et_block_column et_pb_css_mix_blend_mode_passthrough\"><div class=\"et_pb_text_13 et_pb_text et_pb_bg_layout_light et_animated et_pb_module et_block_module\"><div class=\"et_pb_text_inner\"><blockquote>\n<h2 class=\"ibm-h3\"><strong>Domain Customization<\/strong><\/h2>\n<\/blockquote>\n<p><span style=\"font-size: large; color: #000000;\">Apply knowledge of entities and relationships unique to your industry or organization to your data.<\/span><\/p>\n<\/div><\/div><\/div><\/div><\/div><div class=\"et_pb_section_6 et_pb_section et_section_regular et_block_section et_animated preset--module--divi-section--default\"><div class=\"et_pb_row_9 et_pb_row et_block_row\"><div class=\"et_pb_column_14 et_pb_column et_pb_column_4_4 et-last-child et_block_column et_pb_css_mix_blend_mode_passthrough\"><div class=\"et_pb_text_14 et_pb_text et_pb_bg_layout_light et_pb_module et_block_module\"><div class=\"et_pb_text_inner\"><h2 style=\"text-align: center;\"><strong>MEDITECH 2022 - EL FUTURO ES AHORA<\/strong><\/h2>\n<\/div><\/div><\/div><\/div><\/div><div class=\"et_pb_section_7 et_pb_section et_section_regular et_block_section preset--module--divi-section--default\"><div class=\"et_pb_row_10 et_pb_row et_block_row\"><div class=\"et_pb_column_15 et_pb_column et_pb_column_4_4 et-last-child et_block_column et_pb_css_mix_blend_mode_passthrough\"><div class=\"et_pb_slider_0 et_pb_slider et_pb_slider_fullwidth_off et_slider_auto et_slider_speed_6000 et_animated et_pb_module et_block_module\"><div class=\"et_pb_slides\"><div class=\"et_pb_slide_0 et_pb_slide et_pb_slide_with_image et_pb_media_alignment_center et_pb_bg_layout_dark et_pb_text_align_center et_pb_module et_block_module\" data-slide-id=\"divi\/slide-0\"><div class=\"et_pb_container\"><div class=\"et_pb_slider_container_inner\"><div class=\"et_pb_slide_image\"><img loading=\"lazy\" decoding=\"async\" src=\"https:\/\/assist.com.co\/wp-content\/uploads\/2022\/07\/meditech-2022-feria.webp\" width=\"1000\" height=\"1000\" srcset=\"https:\/\/assist.com.co\/wp-content\/uploads\/2022\/07\/meditech-2022-feria.webp 1000w, https:\/\/assist.com.co\/wp-content\/uploads\/2022\/07\/meditech-2022-feria-980x980.webp 980w, https:\/\/assist.com.co\/wp-content\/uploads\/2022\/07\/meditech-2022-feria-480x480.webp 480w\" sizes=\"(min-width: 0px) and (max-width: 480px) 480px, (min-width: 481px) and (max-width: 980px) 980px, (min-width: 981px) 1000px, 100vw\" class=\"wp-image-13363\" \/><\/div><div class=\"et_pb_slide_description\"><h2 class=\"et_pb_slide_title\">Meditech 2022<\/h2><div class=\"et_pb_slide_content\"><h3 style=\"text-align: justify;\"><span style=\"color: #000000;\">La participaci\u00f3n de la feria Meditech 2002 nos ha dado la oportunidad de conocer nuevos clientes y mostrarles en que somos expertos, aportar con metodolog\u00edas que sirven para mejorar los procesos en el sector salud.<\/span><\/h3>\n<\/div><\/div><\/div><\/div><\/div><div class=\"et_pb_slide_1 et_pb_slide et_pb_slide_with_image et_pb_media_alignment_center et_pb_bg_layout_dark et_pb_text_align_center et_pb_module et_block_module\" data-slide-id=\"divi\/slide-1\"><div class=\"et_pb_container\"><div class=\"et_pb_slider_container_inner\"><div class=\"et_pb_slide_image\"><img loading=\"lazy\" decoding=\"async\" src=\"https:\/\/assist.com.co\/wp-content\/uploads\/2022\/07\/feria-meditech-2022.webp\" width=\"1000\" height=\"1000\" srcset=\"https:\/\/assist.com.co\/wp-content\/uploads\/2022\/07\/feria-meditech-2022.webp 1000w, https:\/\/assist.com.co\/wp-content\/uploads\/2022\/07\/feria-meditech-2022-980x980.webp 980w, https:\/\/assist.com.co\/wp-content\/uploads\/2022\/07\/feria-meditech-2022-480x480.webp 480w\" sizes=\"(min-width: 0px) and (max-width: 480px) 480px, (min-width: 481px) and (max-width: 980px) 980px, (min-width: 981px) 1000px, 100vw\" class=\"wp-image-13367\" \/><\/div><div class=\"et_pb_slide_description\"><h2 class=\"et_pb_slide_title\">Expositores<\/h2><div class=\"et_pb_slide_content\"><h3 style=\"text-align: justify;\"><span style=\"color: #000000;\">La feria internacional de la salud fue el espacio apropiado para dar a conocer como nuestras herramientas est\u00e1n ayudando al avance tecnol\u00f3gico de los m\u00e9todos de detecci\u00f3n de enfermedades hu\u00e9rfanas, \u00bfconocer que es lo que buscan las empresas, que es lo que necesitan en estos momentos? Y como Assist les proporcionara las herramientas adecuadas para mejorar sus procesos.<\/span><\/h3>\n<\/div><\/div><\/div><\/div><\/div><div class=\"et_pb_slide_2 et_pb_slide et_pb_slide_with_image et_pb_media_alignment_center et_pb_bg_layout_dark et_pb_text_align_center et_pb_module et_block_module\" data-slide-id=\"divi\/slide-2\"><div class=\"et_pb_container\"><div class=\"et_pb_slider_container_inner\"><div class=\"et_pb_slide_image\"><img loading=\"lazy\" decoding=\"async\" src=\"https:\/\/assist.com.co\/wp-content\/uploads\/2022\/07\/Deteccion-de-patologias-con-IA.webp\" width=\"1000\" height=\"1000\" srcset=\"https:\/\/assist.com.co\/wp-content\/uploads\/2022\/07\/Deteccion-de-patologias-con-IA.webp 1000w, https:\/\/assist.com.co\/wp-content\/uploads\/2022\/07\/Deteccion-de-patologias-con-IA-980x980.webp 980w, https:\/\/assist.com.co\/wp-content\/uploads\/2022\/07\/Deteccion-de-patologias-con-IA-480x480.webp 480w\" sizes=\"(min-width: 0px) and (max-width: 480px) 480px, (min-width: 481px) and (max-width: 980px) 980px, (min-width: 981px) 1000px, 100vw\" class=\"wp-image-13368\" \/><\/div><div class=\"et_pb_slide_description\"><h2 class=\"et_pb_slide_title\">Hablan los Expertos<\/h2><div class=\"et_pb_slide_content\"><h2><span style=\"color: #000000;\">Nuestro presidente nos hablo de Detecci\u00f3n de patolog\u00edas con IA (NLU sobre conceptos y diagn\u00f3sticos de HC en texto) m\u00e1s modelos de autoML para la predicci\u00f3n<\/span><\/h2>\n<\/div><\/div><\/div><\/div><\/div><\/div><\/div><\/div><\/div><\/div><div class=\"et_pb_section_8 et_pb_section et_section_regular et_block_section preset--module--divi-section--default\"><div class=\"et_pb_row_11 et_pb_row et_block_row et_animated\"><div class=\"et_pb_column_16 et_pb_column et_pb_column_3_5 et_block_column et_pb_css_mix_blend_mode_passthrough\"><div class=\"et_pb_cta_1 et_pb_promo et_pb_bg_layout_dark et_pb_module et_block_module\"><div class=\"et_pb_promo_description\"><h1 class=\"et_pb_module_header\">You want to know more?<\/h1><div class=\"et_pb_promo_content\"><h1 style=\"text-align: left;\"><span style=\"color: #000000;\">Talk to one of our experts and find out how our services have contributed and helped in the area of \u200b\u200bhealth.<\/span><\/h1>\n<\/div><\/div><div class=\"et_pb_button_wrapper\"><a class=\"et_pb_button et_pb_promo_button\" href=\"https:\/\/assist.com.co\/en\/solicitudes\/\">CLIC HERE<\/a><\/div><\/div><\/div><div class=\"et_pb_column_17 et_pb_column et_pb_column_2_5 et-last-child et_block_column et_pb_column_empty et_pb_css_mix_blend_mode_passthrough\"><\/div><\/div><\/div>","protected":false},"excerpt":{"rendered":"","protected":false},"author":1,"featured_media":0,"parent":0,"menu_order":0,"comment_status":"closed","ping_status":"closed","template":"","meta":{"inline_featured_image":false,"footnotes":""},"class_list":["post-13273","page","type-page","status-publish","hentry"],"yoast_head":"<!-- This site is optimized with the Yoast SEO Premium plugin v25.2 (Yoast SEO v27.4) - https:\/\/yoast.com\/product\/yoast-seo-premium-wordpress\/ -->\n<title>SALUDTECH - Assist Consultores<\/title>\n<meta name=\"description\" content=\"Toma acciones inteligentes con tus datos e informaci\u00f3n para obtener victorias tempranas y dict\u00e1menes predictivos.\" \/>\n<meta name=\"robots\" content=\"index, follow, max-snippet:-1, max-image-preview:large, max-video-preview:-1\" \/>\n<link rel=\"canonical\" href=\"https:\/\/assist.com.co\/en\/saludtech\/\" \/>\n<meta property=\"og:locale\" content=\"en_US\" \/>\n<meta property=\"og:type\" content=\"article\" \/>\n<meta property=\"og:title\" content=\"SALUDTECH\" \/>\n<meta property=\"og:description\" content=\"Toma acciones inteligentes con tus datos e informaci\u00f3n para obtener victorias tempranas y dict\u00e1menes predictivos.\" \/>\n<meta property=\"og:url\" content=\"https:\/\/assist.com.co\/en\/saludtech\/\" \/>\n<meta property=\"og:site_name\" content=\"Assist Consultores\" \/>\n<meta property=\"article:modified_time\" content=\"2026-02-25T15:34:17+00:00\" \/>\n<meta name=\"twitter:card\" content=\"summary_large_image\" \/>\n<meta name=\"twitter:label1\" content=\"Est. reading time\" \/>\n\t<meta name=\"twitter:data1\" content=\"6 minutes\" \/>\n<script type=\"application\/ld+json\" class=\"yoast-schema-graph\">{\"@context\":\"https:\\\/\\\/schema.org\",\"@graph\":[{\"@type\":\"WebPage\",\"@id\":\"https:\\\/\\\/assist.com.co\\\/saludtech\\\/\",\"url\":\"https:\\\/\\\/assist.com.co\\\/saludtech\\\/\",\"name\":\"SALUDTECH - Assist Consultores\",\"isPartOf\":{\"@id\":\"https:\\\/\\\/assist.com.co\\\/#website\"},\"datePublished\":\"2022-07-18T17:43:07+00:00\",\"dateModified\":\"2026-02-25T15:34:17+00:00\",\"description\":\"Toma acciones inteligentes con tus datos e informaci\u00f3n para obtener victorias tempranas y dict\u00e1menes predictivos.\",\"breadcrumb\":{\"@id\":\"https:\\\/\\\/assist.com.co\\\/saludtech\\\/#breadcrumb\"},\"inLanguage\":\"en-US\",\"potentialAction\":[{\"@type\":\"ReadAction\",\"target\":[\"https:\\\/\\\/assist.com.co\\\/saludtech\\\/\"]}]},{\"@type\":\"BreadcrumbList\",\"@id\":\"https:\\\/\\\/assist.com.co\\\/saludtech\\\/#breadcrumb\",\"itemListElement\":[{\"@type\":\"ListItem\",\"position\":1,\"name\":\"Home\",\"item\":\"https:\\\/\\\/assist.com.co\\\/\"},{\"@type\":\"ListItem\",\"position\":2,\"name\":\"SALUDTECH\"}]},{\"@type\":\"WebSite\",\"@id\":\"https:\\\/\\\/assist.com.co\\\/#website\",\"url\":\"https:\\\/\\\/assist.com.co\\\/\",\"name\":\"Assist Consultores\",\"description\":\"Transformando Capacidades Empresariales en Sistemas Innovadores\",\"potentialAction\":[{\"@type\":\"SearchAction\",\"target\":{\"@type\":\"EntryPoint\",\"urlTemplate\":\"https:\\\/\\\/assist.com.co\\\/?s={search_term_string}\"},\"query-input\":{\"@type\":\"PropertyValueSpecification\",\"valueRequired\":true,\"valueName\":\"search_term_string\"}}],\"inLanguage\":\"en-US\"}]}<\/script>\n<!-- \/ Yoast SEO Premium plugin. -->","yoast_head_json":{"title":"SALUDTECH - Assist Consultores","description":"Toma acciones inteligentes con tus datos e informaci\u00f3n para obtener victorias tempranas y dict\u00e1menes predictivos.","robots":{"index":"index","follow":"follow","max-snippet":"max-snippet:-1","max-image-preview":"max-image-preview:large","max-video-preview":"max-video-preview:-1"},"canonical":"https:\/\/assist.com.co\/en\/saludtech\/","og_locale":"en_US","og_type":"article","og_title":"SALUDTECH","og_description":"Toma acciones inteligentes con tus datos e informaci\u00f3n para obtener victorias tempranas y dict\u00e1menes predictivos.","og_url":"https:\/\/assist.com.co\/en\/saludtech\/","og_site_name":"Assist Consultores","article_modified_time":"2026-02-25T15:34:17+00:00","twitter_card":"summary_large_image","twitter_misc":{"Est. reading time":"6 minutes"},"schema":{"@context":"https:\/\/schema.org","@graph":[{"@type":"WebPage","@id":"https:\/\/assist.com.co\/saludtech\/","url":"https:\/\/assist.com.co\/saludtech\/","name":"SALUDTECH - Assist Consultores","isPartOf":{"@id":"https:\/\/assist.com.co\/#website"},"datePublished":"2022-07-18T17:43:07+00:00","dateModified":"2026-02-25T15:34:17+00:00","description":"Toma acciones inteligentes con tus datos e informaci\u00f3n para obtener victorias tempranas y dict\u00e1menes predictivos.","breadcrumb":{"@id":"https:\/\/assist.com.co\/saludtech\/#breadcrumb"},"inLanguage":"en-US","potentialAction":[{"@type":"ReadAction","target":["https:\/\/assist.com.co\/saludtech\/"]}]},{"@type":"BreadcrumbList","@id":"https:\/\/assist.com.co\/saludtech\/#breadcrumb","itemListElement":[{"@type":"ListItem","position":1,"name":"Home","item":"https:\/\/assist.com.co\/"},{"@type":"ListItem","position":2,"name":"SALUDTECH"}]},{"@type":"WebSite","@id":"https:\/\/assist.com.co\/#website","url":"https:\/\/assist.com.co\/","name":"Assist Consultores","description":"Transformando Capacidades Empresariales en Sistemas Innovadores","potentialAction":[{"@type":"SearchAction","target":{"@type":"EntryPoint","urlTemplate":"https:\/\/assist.com.co\/?s={search_term_string}"},"query-input":{"@type":"PropertyValueSpecification","valueRequired":true,"valueName":"search_term_string"}}],"inLanguage":"en-US"}]}},"_links":{"self":[{"href":"https:\/\/assist.com.co\/en\/wp-json\/wp\/v2\/pages\/13273","targetHints":{"allow":["GET"]}}],"collection":[{"href":"https:\/\/assist.com.co\/en\/wp-json\/wp\/v2\/pages"}],"about":[{"href":"https:\/\/assist.com.co\/en\/wp-json\/wp\/v2\/types\/page"}],"author":[{"embeddable":true,"href":"https:\/\/assist.com.co\/en\/wp-json\/wp\/v2\/users\/1"}],"replies":[{"embeddable":true,"href":"https:\/\/assist.com.co\/en\/wp-json\/wp\/v2\/comments?post=13273"}],"version-history":[{"count":6,"href":"https:\/\/assist.com.co\/en\/wp-json\/wp\/v2\/pages\/13273\/revisions"}],"predecessor-version":[{"id":24178,"href":"https:\/\/assist.com.co\/en\/wp-json\/wp\/v2\/pages\/13273\/revisions\/24178"}],"wp:attachment":[{"href":"https:\/\/assist.com.co\/en\/wp-json\/wp\/v2\/media?parent=13273"}],"curies":[{"name":"wp","href":"https:\/\/api.w.org\/{rel}","templated":true}]}}