{"id":13384,"date":"2022-07-22T17:00:11","date_gmt":"2022-07-22T17:00:11","guid":{"rendered":"https:\/\/assist.com.co\/?page_id=13384"},"modified":"2026-02-25T15:34:20","modified_gmt":"2026-02-25T15:34:20","slug":"entrevistando-a-cxos","status":"publish","type":"page","link":"https:\/\/assist.com.co\/en\/entrevistando-a-cxos\/","title":{"rendered":"Entrevista a CEOS"},"content":{"rendered":"<div class=\"et_pb_section_0 et_pb_section et_section_regular et_block_section et_animated preset--module--divi-section--default\"><div class=\"et_pb_row_0 et_pb_row et_block_row et_animated\"><div class=\"et_pb_column_0 et_pb_column et_pb_column_4_4 et-last-child et_block_column et_pb_css_mix_blend_mode_passthrough\"><div class=\"et_pb_text_0 et_pb_text et_pb_bg_layout_light et_pb_module et_block_module preset--module--divi-text--c16985e1-e0d6-4022-964d-e2bfc04fa633\"><div class=\"et_pb_text_inner\"><h1><span style=\"font-weight: 400;\">Entrevistando a CXOs<\/span><\/h1>\n<\/div><\/div><\/div><\/div><div class=\"et_pb_row_1 et_pb_row et_block_row et_animated\"><div class=\"et_pb_column_1 et_pb_column et_pb_column_1_2 et_block_column et_pb_css_mix_blend_mode_passthrough\"><div class=\"et_pb_text_1 et_pb_text et_pb_bg_layout_light et_pb_module et_block_module preset--module--divi-text--4827deed-2a92-4d97-a22f-f01067ae6873\"><div class=\"et_pb_text_inner\"><blockquote>\n<h1 style=\"text-align: justify;\"><span style=\"font-family: Arial; font-weight: normal; font-size: large; color: #ffffff;\">Una mirada desde la perspectiva de los exponentes mas importantes del sector TI, expertos que nos hablan del futuro de la industria, sus experiencias y la manera en que han sido determinantes sus aportes para el progreso y crecimiento tecnol\u00f3gico del pa\u00eds.<\/span><\/h1>\n<\/blockquote>\n<\/div><\/div><div class=\"et_pb_text_2 et_pb_text et_pb_bg_layout_light et_pb_module et_block_module\"><div class=\"et_pb_text_inner\"><h2><span style=\"color: #33cccc;\"><em><strong>Tambi\u00e9n conoce y has parte del primer foro colombiano de innovaci\u00f3n y TI.<\/strong><\/em><\/span><\/h2>\n<h2><span style=\"color: #33cccc;\"><em><strong>Suscr\u00edbete a nuestra comunidad<\/strong><\/em><\/span><\/h2>\n<\/div><\/div><div class=\"et_pb_module et_pb_button_module_wrapper et_pb_button_0_wrapper preset--module--divi-button--f489fdc3-bf1e-40c7-852b-c42851d4acb9_wrapper\"><a class=\"et_pb_button_0 et_pb_button et_pb_bg_layout_light et_animated et_pb_module et_block_module preset--module--divi-button--f489fdc3-bf1e-40c7-852b-c42851d4acb9\" href=\"https:\/\/assist.com.co\/foro\/index.php\" data-icon=\"$\">CLIC HERE<\/a><\/div><\/div><div class=\"et_pb_column_2 et_pb_column et_pb_column_1_2 et-last-child et_block_column et_pb_css_mix_blend_mode_passthrough\"><div class=\"et_pb_image_0 et_pb_image et_pb_module et_block_module\"><span class=\"et_pb_image_wrap\"><img loading=\"lazy\" decoding=\"async\" src=\"https:\/\/assist.com.co\/wp-content\/uploads\/2022\/12\/entrevistas-a-cxos.webp\" width=\"900\" height=\"400\" srcset=\"https:\/\/assist.com.co\/wp-content\/uploads\/2022\/12\/entrevistas-a-cxos.webp 900w, https:\/\/assist.com.co\/wp-content\/uploads\/2022\/12\/entrevistas-a-cxos-480x213.webp 480w\" sizes=\"(min-width: 0px) and (max-width: 480px) 480px, (min-width: 481px) 900px, 100vw\" class=\"wp-image-15215\" title=\"entrevistas-a-cxos\" alt=\"entrevistas-a-cxos\" \/><\/span><\/div><div class=\"et_pb_image_1 et_pb_image et_pb_module et_block_module\"><span class=\"et_pb_image_wrap\"><img loading=\"lazy\" decoding=\"async\" src=\"https:\/\/assist.com.co\/wp-content\/uploads\/2022\/07\/Podcaster-19.png\" width=\"108\" height=\"108\" srcset=\"https:\/\/assist.com.co\/wp-content\/uploads\/2022\/07\/Podcaster-19.png 108w, https:\/\/assist.com.co\/wp-content\/uploads\/2022\/07\/Podcaster-19-12x12.png 12w, https:\/\/assist.com.co\/wp-content\/uploads\/2022\/07\/Podcaster-19-24x24.png 24w, https:\/\/assist.com.co\/wp-content\/uploads\/2022\/07\/Podcaster-19-36x36.png 36w, https:\/\/assist.com.co\/wp-content\/uploads\/2022\/07\/Podcaster-19-48x48.png 48w\" sizes=\"(max-width: 108px) 100vw, 108px\" class=\"wp-image-13391\" title=\"Podcaster 19\" \/><\/span><\/div><\/div><\/div><\/div><div class=\"et_pb_section_1 et_pb_section et_section_regular et_block_section preset--module--divi-section--default\"><div class=\"et_pb_row_2 et_pb_row et_block_row\"><div class=\"et_pb_column_3 et_pb_column et_pb_column_2_5 et_block_column et_pb_css_mix_blend_mode_passthrough\"><div class=\"et_pb_image_2 et_pb_image et_pb_module et_block_module\"><span class=\"et_pb_image_wrap\"><img loading=\"lazy\" decoding=\"async\" src=\"https:\/\/assist.com.co\/wp-content\/uploads\/2023\/01\/david-martinez-boucchechter.webp\" width=\"1080\" height=\"1080\" srcset=\"https:\/\/assist.com.co\/wp-content\/uploads\/2023\/01\/david-martinez-boucchechter.webp 1080w, https:\/\/assist.com.co\/wp-content\/uploads\/2023\/01\/david-martinez-boucchechter-980x980.webp 980w, https:\/\/assist.com.co\/wp-content\/uploads\/2023\/01\/david-martinez-boucchechter-480x480.webp 480w\" sizes=\"(min-width: 0px) and (max-width: 480px) 480px, (min-width: 481px) and (max-width: 980px) 980px, (min-width: 981px) 1080px, 100vw\" class=\"wp-image-15383\" title=\"david-martinez-boucchechter\" alt=\"david-martinez-boucchechter\" \/><\/span><\/div><\/div><div class=\"et_pb_column_4 et_pb_column et_pb_column_3_5 et-last-child et_block_column et_pb_css_mix_blend_mode_passthrough\"><div class=\"et_pb_text_3 et_pb_text et_pb_bg_layout_light et_pb_module et_block_module\"><div class=\"et_pb_text_inner\"><h1><em><strong><span lang=\"ES\">David Martinez<\/span><\/strong><\/em><\/h1>\n<h1 class=\"entry-title\">Tecnolog\u00eda y Datos, para una vida y un mundo m\u00e1s sencillo.<\/h1>\n<\/div><\/div><div class=\"et_pb_text_4 et_pb_text et_pb_bg_layout_light et_pb_module et_block_module\"><div class=\"et_pb_text_inner\"><h1><span style=\"font-size: large;\">La tecnolog\u00eda, as\u00ed como lo expresamos en\u00a0<strong>Ophira Technology<\/strong>, ha hecho mi vida m\u00e1s sencilla. Soy creyente de que la tecnolog\u00eda puede ayudarnos de forma significativa, en el caso de mi casa es un smartphone, por lo tanto, tiene integraciones de distintas naturalezas que hacen nuestra vida en casa mucho m\u00e1s sencilla.<\/span><\/h1>\n<\/div><\/div><div class=\"et_pb_module et_pb_button_module_wrapper et_pb_button_1_wrapper\"><a class=\"et_pb_button_1 et_pb_button et_pb_bg_layout_light et_pb_module et_block_module\" href=\"https:\/\/assist.com.co\/en\/2023\/01\/24\/tecnologia-y-datos\/\">CONOCE LA ENTREVISTA COMPLETA<\/a><\/div><\/div><\/div><div class=\"et_pb_row_3 et_pb_row et_block_row\"><div class=\"et_pb_column_5 et_pb_column et_pb_column_3_5 et_block_column et_pb_css_mix_blend_mode_passthrough\"><div class=\"et_pb_text_5 et_pb_text et_pb_bg_layout_light et_pb_module et_block_module\"><div class=\"et_pb_text_inner\"><h1 class=\"entry-title\"><em><span style=\"color: #000000;\"><strong>Mario Zuluaga<\/strong><\/span><\/em><\/h1>\n<div class=\"et_pb_module et_pb_text et_pb_text_0  et_pb_text_align_left et_pb_bg_layout_light\">\n<div class=\"et_pb_text_inner\">\n<h2><b><span lang=\"ES\">\u00bfC\u00f3mo la tecnolog\u00eda ha ayudado al prop\u00f3sito de Comedal y a Mario Zuluaga actualmente?<\/span><\/b><\/h2>\n<\/div>\n<\/div>\n<div class=\"et_pb_module et_pb_text et_pb_text_1  et_pb_text_align_left et_pb_bg_layout_light\">\n<div class=\"et_pb_text_inner\"><\/div>\n<\/div>\n<h1 class=\"entry-title\"><span style=\"color: #000000;\"><a href=\"https:\/\/assist.com.co\/en\/2022\/11\/30\/software-del-consumo-a-la-venta\/\" style=\"color: #000000;\"><\/a><\/span><\/h1>\n<p><span style=\"color: #000000;\"><strong><\/strong><\/span><\/p>\n<\/div><\/div><div class=\"et_pb_text_6 et_pb_text et_pb_bg_layout_light et_pb_module et_block_module\"><div class=\"et_pb_text_inner\"><h1><span style=\"font-size: large;\">At Asobancaria 2022, a special guest from abroad referred to the fact that financial institutions had to evolve so that they were technology companies that provided financial services and not a bank or financial institution that uses technology.<\/span><\/h1>\n<\/div><\/div><div class=\"et_pb_module et_pb_button_module_wrapper et_pb_button_2_wrapper\"><a class=\"et_pb_button_2 et_pb_button et_pb_bg_layout_light et_pb_module et_block_module\" href=\"https:\/\/assist.com.co\/en\/2022\/12\/19\/entrevista-a-cxos-edicion-6\/\">CONOCE LA ENTREVISTA COMPLETA<\/a><\/div><\/div><div class=\"et_pb_column_6 et_pb_column et_pb_column_2_5 et-last-child et_block_column et_pb_css_mix_blend_mode_passthrough\"><div class=\"et_pb_image_3 et_pb_image et_pb_module et_block_module\"><span class=\"et_pb_image_wrap\"><img loading=\"lazy\" decoding=\"async\" src=\"https:\/\/assist.com.co\/wp-content\/uploads\/2022\/12\/mario-zuluaga.webp\" width=\"1080\" height=\"1080\" srcset=\"https:\/\/assist.com.co\/wp-content\/uploads\/2022\/12\/mario-zuluaga.webp 1080w, https:\/\/assist.com.co\/wp-content\/uploads\/2022\/12\/mario-zuluaga-980x980.webp 980w, https:\/\/assist.com.co\/wp-content\/uploads\/2022\/12\/mario-zuluaga-480x480.webp 480w\" sizes=\"(min-width: 0px) and (max-width: 480px) 480px, (min-width: 481px) and (max-width: 980px) 980px, (min-width: 981px) 1080px, 100vw\" class=\"wp-image-15216\" title=\"mario-zuluaga\" alt=\"mario-zuluaga\" \/><\/span><\/div><\/div><\/div><\/div><div class=\"et_pb_section_2 et_pb_section et_section_regular et_block_section preset--module--divi-section--default\"><div class=\"et_pb_row_4 et_pb_row et_block_row\"><div class=\"et_pb_column_7 et_pb_column et_pb_column_2_5 et_block_column et_pb_css_mix_blend_mode_passthrough\"><div class=\"et_pb_image_4 et_pb_image et_pb_module et_block_module\"><span class=\"et_pb_image_wrap\"><img loading=\"lazy\" decoding=\"async\" src=\"https:\/\/assist.com.co\/wp-content\/uploads\/2022\/12\/libardo-ramirez.png\" width=\"1080\" height=\"1080\" srcset=\"https:\/\/assist.com.co\/wp-content\/uploads\/2022\/12\/libardo-ramirez.png 1080w, https:\/\/assist.com.co\/wp-content\/uploads\/2022\/12\/libardo-ramirez-980x980.png 980w, https:\/\/assist.com.co\/wp-content\/uploads\/2022\/12\/libardo-ramirez-480x480.png 480w\" sizes=\"(min-width: 0px) and (max-width: 480px) 480px, (min-width: 481px) and (max-width: 980px) 980px, (min-width: 981px) 1080px, 100vw\" class=\"wp-image-15044\" title=\"libardo-ramirez\" alt=\"libardo-ramirez\" \/><\/span><\/div><\/div><div class=\"et_pb_column_8 et_pb_column et_pb_column_3_5 et-last-child et_block_column et_pb_css_mix_blend_mode_passthrough\"><div class=\"et_pb_text_7 et_pb_text et_pb_bg_layout_light et_pb_module et_block_module\"><div class=\"et_pb_text_inner\"><h1><strong><em><span style=\"color: #000000;\">Libardo Ramirez<\/span><\/em><\/strong><\/h1>\n<h1><span><em><span style=\"color: #000000;\">\u00bfC\u00f3mo la tecnolog\u00eda ha ayudado a Asopagos hoy y ma\u00f1ana en su prop\u00f3sito como<\/span> empresa?<\/em><\/span><\/h1>\n<\/div><\/div><div class=\"et_pb_text_8 et_pb_text et_pb_bg_layout_light et_pb_module et_block_module\"><div class=\"et_pb_text_inner\"><h1><span style=\"font-size: large;\">Desde que naci\u00f3 Asopagos en el a\u00f1o 2010 nos hemos dedicado a construir soluciones para el sistema de seguridad social particularmente de las cajas de compensaci\u00f3n familiar basados en la tecnolog\u00eda.<\/span><\/h1>\n<h1><span style=\"font-size: large;\">Todas nuestras soluciones no solamente buscan disponer las herramientas sino optimizar los procesos basados y soportados en tecnolog\u00eda, siendo este no el fin sino el medio por el cual llegamos a ofrecer servicios y a facilitar la experiencia para todas las personas que requieran de servicios de caja de compensaci\u00f3n familiar o servicios en seguridad social.<\/span><\/h1>\n<\/div><\/div><div class=\"et_pb_module et_pb_button_module_wrapper et_pb_button_3_wrapper\"><a class=\"et_pb_button_3 et_pb_button et_pb_bg_layout_light et_pb_module et_block_module\" href=\"https:\/\/assist.com.co\/en\/2022\/11\/24\/entrevistas-a-cxos-libardo-ramires\/\">CONOCE LA ENTREVISTA COMPLETA<\/a><\/div><\/div><\/div><\/div><div class=\"et_pb_section_3 et_pb_section et_section_regular et_block_section preset--module--divi-section--default\"><div class=\"et_pb_row_5 et_pb_row et_block_row\"><div class=\"et_pb_column_9 et_pb_column et_pb_column_3_5 et_block_column et_pb_css_mix_blend_mode_passthrough\"><div class=\"et_pb_text_9 et_pb_text et_pb_bg_layout_light et_pb_module et_block_module\"><div class=\"et_pb_text_inner\"><h1 class=\"entry-title\"><em><span style=\"color: #000000;\"><strong>Juan Pablo Cuartas<\/strong><\/span><\/em><\/h1>\n<h1 class=\"entry-title\"><span style=\"color: #000000;\"><a href=\"https:\/\/assist.com.co\/en\/2022\/11\/30\/software-del-consumo-a-la-venta\/\" style=\"color: #000000;\">Software, del consumo a la venta<\/a><\/span><\/h1>\n<p><span style=\"color: #000000;\"><strong><\/strong><\/span><\/p>\n<\/div><\/div><div class=\"et_pb_text_10 et_pb_text et_pb_bg_layout_light et_pb_module et_block_module\"><div class=\"et_pb_text_inner\"><h1><span style=\"font-size: large;\"><em><strong>I started buying technology very early in my career, when I had the dream of changing the world with renewable energy.<\/strong><\/em><\/span><\/h1>\n<\/div><\/div><div class=\"et_pb_module et_pb_button_module_wrapper et_pb_button_4_wrapper\"><a class=\"et_pb_button_4 et_pb_button et_pb_bg_layout_light et_pb_module et_block_module\" href=\"https:\/\/assist.com.co\/en\/2022\/11\/30\/software-del-consumo-a-la-venta\/\">CONOCE LA ENTREVISTA COMPLETA<\/a><\/div><\/div><div class=\"et_pb_column_10 et_pb_column et_pb_column_2_5 et-last-child et_block_column et_pb_css_mix_blend_mode_passthrough\"><div class=\"et_pb_image_5 et_pb_image et_pb_module et_block_module\"><span class=\"et_pb_image_wrap\"><img loading=\"lazy\" decoding=\"async\" src=\"https:\/\/assist.com.co\/wp-content\/uploads\/2022\/12\/jpc.webp\" width=\"1080\" height=\"1080\" srcset=\"https:\/\/assist.com.co\/wp-content\/uploads\/2022\/12\/jpc.webp 1080w, https:\/\/assist.com.co\/wp-content\/uploads\/2022\/12\/jpc-980x980.webp 980w, https:\/\/assist.com.co\/wp-content\/uploads\/2022\/12\/jpc-480x480.webp 480w\" sizes=\"(min-width: 0px) and (max-width: 480px) 480px, (min-width: 481px) and (max-width: 980px) 980px, (min-width: 981px) 1080px, 100vw\" class=\"wp-image-14989\" title=\"jpc\" \/><\/span><\/div><\/div><\/div><\/div><div class=\"et_pb_section_4 et_pb_section et_section_regular et_block_section preset--module--divi-section--default\"><div class=\"et_pb_row_6 et_pb_row et_block_row\"><div class=\"et_pb_column_11 et_pb_column et_pb_column_1_2 et_block_column et_pb_css_mix_blend_mode_passthrough\"><div class=\"et_pb_image_6 et_pb_image et_pb_module et_block_module\"><span class=\"et_pb_image_wrap\"><img loading=\"lazy\" decoding=\"async\" src=\"https:\/\/assist.com.co\/wp-content\/uploads\/2022\/10\/ENTREvista-3.webp\" width=\"1080\" height=\"752\" srcset=\"https:\/\/assist.com.co\/wp-content\/uploads\/2022\/10\/ENTREvista-3.webp 1080w, https:\/\/assist.com.co\/wp-content\/uploads\/2022\/10\/ENTREvista-3-980x682.webp 980w, https:\/\/assist.com.co\/wp-content\/uploads\/2022\/10\/ENTREvista-3-480x334.webp 480w\" sizes=\"(min-width: 0px) and (max-width: 480px) 480px, (min-width: 481px) and (max-width: 980px) 980px, (min-width: 981px) 1080px, 100vw\" class=\"wp-image-14331\" title=\"ENTREvista 3\" \/><\/span><\/div><\/div><div class=\"et_pb_column_12 et_pb_column et_pb_column_1_2 et-last-child et_block_column et_pb_css_mix_blend_mode_passthrough\"><div class=\"et_pb_text_11 et_pb_text et_pb_bg_layout_light et_pb_module et_block_module et_pb_text_align_right\"><div class=\"et_pb_text_inner\"><h1 style=\"text-align: left;\"><em><span style=\"color: #000000;\"><strong>Osman Ruiz<\/strong><\/span><\/em><\/h1>\n<h1 style=\"text-align: left;\"><span style=\"color: #000000;\"><strong>Gerente de Operaciones Outsourcing<\/strong><\/span><\/h1>\n<p style=\"text-align: justify;\"><span style=\"font-weight: 400; color: #000000;\"><\/span><\/p>\n<p style=\"text-align: justify;\"><span style=\"font-weight: 400; color: #000000;\">La digitalizaci\u00f3n y la tecnolog\u00eda en Colombia ha impactado la manera en que los consumidores de contenido informativo y coyuntural reciben las tem\u00e1ticas de inter\u00e9s diariamente y de igual manera los medios tradicionales han innovado desde los canales hasta la manera en que se desarrolla la narrativa del contenido para el consumidor.<\/span><\/p>\n<\/div><\/div><div class=\"et_pb_module et_pb_button_module_wrapper et_pb_button_5_wrapper\"><a class=\"et_pb_button_5 et_pb_button et_pb_bg_layout_light et_pb_module et_block_module\" href=\"https:\/\/assist.com.co\/en\/2022\/10\/14\/escasez-de-talento-ti\/\">CONOCE LA ENTREVISTA COMPLETA<\/a><\/div><\/div><\/div><\/div><div class=\"et_pb_section_5 et_pb_section et_section_regular et_block_section preset--module--divi-section--default\"><div class=\"et_pb_row_7 et_pb_row et_block_row et_animated\"><div class=\"et_pb_column_13 et_pb_column et_pb_column_4_4 et-last-child et_block_column et_pb_css_mix_blend_mode_passthrough\"><div class=\"et_pb_text_12 et_pb_text et_pb_bg_layout_light et_pb_module et_block_module\"><div class=\"et_pb_text_inner\"><blockquote>\n<h1 style=\"text-align: left;\"><span style=\"color: #ffffff;\"><strong>En est\u00e1 primera edici\u00f3n tenemos al:<\/strong><\/span><\/h1>\n<\/blockquote>\n<\/div><\/div><\/div><\/div><div class=\"et_pb_row_8 et_pb_row et_block_row\"><div class=\"et_pb_column_14 et_pb_column et_pb_column_1_3 et_block_column et_pb_css_mix_blend_mode_passthrough\"><div class=\"et_pb_image_7 et_pb_image et_animated et_pb_module et_block_module\"><span class=\"et_pb_image_wrap\"><img loading=\"lazy\" decoding=\"async\" src=\"https:\/\/assist.com.co\/wp-content\/uploads\/2022\/07\/presidente-vertical-salud-fedesoft-1.webp\" width=\"500\" height=\"1000\" srcset=\"https:\/\/assist.com.co\/wp-content\/uploads\/2022\/07\/presidente-vertical-salud-fedesoft-1.webp 500w, https:\/\/assist.com.co\/wp-content\/uploads\/2022\/07\/presidente-vertical-salud-fedesoft-1-480x960.webp 480w\" sizes=\"(min-width: 0px) and (max-width: 480px) 480px, (min-width: 481px) 500px, 100vw\" class=\"wp-image-13406\" title=\"presidente-vertical-salud-fedesoft\" alt=\"presidente-vertical-salud-fedesoft\" \/><\/span><\/div><\/div><div class=\"et_pb_column_15 et_pb_column et_pb_column_2_3 et-last-child et_block_column et_pb_css_mix_blend_mode_passthrough\"><div class=\"et_pb_text_13 et_pb_text et_pb_bg_layout_light et_pb_module et_block_module preset--module--divi-text--e6504a1b-67eb-4b3d-b023-bcab277610b6\"><div class=\"et_pb_text_inner\"><h3><span style=\"color: #3366ff;\"><strong>nuevo presidente de la vertical de Salud<\/strong><\/span><\/h3>\n<\/div><\/div><div class=\"et_pb_text_14 et_pb_text et_pb_bg_layout_light et_pb_module et_block_module preset--module--divi-text--b327cbe4-b1d5-4b66-ad37-40c8f2f061ba\"><div class=\"et_pb_text_inner\"><h1><span style=\"color: #000000; font-size: x-large;\"><strong>Luis Fernando Caicedo Herrera<\/strong><\/span><\/h1>\n<\/div><\/div><div class=\"et_pb_text_15 et_pb_text et_pb_bg_layout_light et_pb_module et_block_module preset--module--divi-text--518880c8-46c7-4ffa-b5a6-93ffa99dcc17\"><div class=\"et_pb_text_inner\"><p><span style=\"font-weight: 400;\">Actualmente CEO de Assist Consultores, Ingeniero de Sistemas con Maestr\u00eda en Arquitecturas de TI de la Universidad de los Andes, con m\u00e1s de 25 a\u00f1os de experiencia laboral en multinacionales como IBM, Unisys y Oracle.\u00a0<\/span><\/p>\n<p><span style=\"font-weight: 400;\">En los \u00faltimos 15 a\u00f1os como empresario y due\u00f1o de 4 empresas de tecnolog\u00eda, 3 en Colombia y una en Centroam\u00e9rica, desde el ciclo 2, relacionado con Empresas de Trayectoria MEGA de la C\u00e1mara de Comercio de Bogot\u00e1 y mentor en los ciclos 3, 4 y 6 por m\u00e1s de 5 a\u00f1os, con m\u00e1s de 30 empresas participantes.<\/span><\/p>\n<\/div><\/div><div class=\"et_pb_module et_pb_button_module_wrapper et_pb_button_6_wrapper\"><a class=\"et_pb_button_6 et_pb_button et_pb_bg_layout_light et_animated et_pb_module et_block_module\" href=\"https:\/\/assist.com.co\/en\/2022\/08\/01\/salud-tech-una-mirada-al-futuro\/\">CONOCE LA ENTREVISTA COMPLETA<\/a><\/div><\/div><\/div><\/div>","protected":false},"excerpt":{"rendered":"","protected":false},"author":1,"featured_media":0,"parent":0,"menu_order":0,"comment_status":"closed","ping_status":"closed","template":"","meta":{"inline_featured_image":false,"footnotes":""},"class_list":["post-13384","page","type-page","status-publish","hentry"],"yoast_head":"<!-- This site is optimized with the Yoast SEO Premium plugin v25.2 (Yoast SEO v27.3) - https:\/\/yoast.com\/product\/yoast-seo-premium-wordpress\/ -->\n<title>Entrevista a CEOS - Assist Consultores<\/title>\n<meta name=\"description\" content=\"Nuestras entrevistas te brindar\u00e1n una perspectiva privilegiada de los principales innovadores, emprendedores y ejecutivos en el sector tecnol\u00f3gico. Aprende de su experiencia, desaf\u00edos superados y sus valiosas lecciones aprendidas en el camino.\" \/>\n<meta name=\"robots\" content=\"index, follow, max-snippet:-1, max-image-preview:large, max-video-preview:-1\" \/>\n<link rel=\"canonical\" href=\"https:\/\/assist.com.co\/en\/entrevistando-a-cxos\/\" \/>\n<meta property=\"og:locale\" content=\"en_US\" \/>\n<meta property=\"og:type\" content=\"article\" \/>\n<meta property=\"og:title\" content=\"Entrevista a CEOS\" \/>\n<meta property=\"og:description\" content=\"Nuestras entrevistas te brindar\u00e1n una perspectiva privilegiada de los principales innovadores, emprendedores y ejecutivos en el sector tecnol\u00f3gico. Aprende de su experiencia, desaf\u00edos superados y sus valiosas lecciones aprendidas en el camino.\" \/>\n<meta property=\"og:url\" content=\"https:\/\/assist.com.co\/en\/entrevistando-a-cxos\/\" \/>\n<meta property=\"og:site_name\" content=\"Assist Consultores\" \/>\n<meta property=\"article:modified_time\" content=\"2026-02-25T15:34:20+00:00\" \/>\n<meta name=\"twitter:card\" content=\"summary_large_image\" \/>\n<meta name=\"twitter:label1\" content=\"Est. reading time\" \/>\n\t<meta name=\"twitter:data1\" content=\"7 minutes\" \/>\n<script type=\"application\/ld+json\" class=\"yoast-schema-graph\">{\"@context\":\"https:\\\/\\\/schema.org\",\"@graph\":[{\"@type\":\"WebPage\",\"@id\":\"https:\\\/\\\/assist.com.co\\\/entrevistando-a-cxos\\\/\",\"url\":\"https:\\\/\\\/assist.com.co\\\/entrevistando-a-cxos\\\/\",\"name\":\"Entrevista a CEOS - Assist Consultores\",\"isPartOf\":{\"@id\":\"https:\\\/\\\/assist.com.co\\\/#website\"},\"datePublished\":\"2022-07-22T17:00:11+00:00\",\"dateModified\":\"2026-02-25T15:34:20+00:00\",\"description\":\"Nuestras entrevistas te brindar\u00e1n una perspectiva privilegiada de los principales innovadores, emprendedores y ejecutivos en el sector tecnol\u00f3gico. Aprende de su experiencia, desaf\u00edos superados y sus valiosas lecciones aprendidas en el camino.\",\"breadcrumb\":{\"@id\":\"https:\\\/\\\/assist.com.co\\\/entrevistando-a-cxos\\\/#breadcrumb\"},\"inLanguage\":\"en-US\",\"potentialAction\":[{\"@type\":\"ReadAction\",\"target\":[\"https:\\\/\\\/assist.com.co\\\/entrevistando-a-cxos\\\/\"]}]},{\"@type\":\"BreadcrumbList\",\"@id\":\"https:\\\/\\\/assist.com.co\\\/entrevistando-a-cxos\\\/#breadcrumb\",\"itemListElement\":[{\"@type\":\"ListItem\",\"position\":1,\"name\":\"Home\",\"item\":\"https:\\\/\\\/assist.com.co\\\/\"},{\"@type\":\"ListItem\",\"position\":2,\"name\":\"Entrevista a CEOS\"}]},{\"@type\":\"WebSite\",\"@id\":\"https:\\\/\\\/assist.com.co\\\/#website\",\"url\":\"https:\\\/\\\/assist.com.co\\\/\",\"name\":\"Assist Consultores\",\"description\":\"Transformando Capacidades Empresariales en Sistemas Innovadores\",\"potentialAction\":[{\"@type\":\"SearchAction\",\"target\":{\"@type\":\"EntryPoint\",\"urlTemplate\":\"https:\\\/\\\/assist.com.co\\\/?s={search_term_string}\"},\"query-input\":{\"@type\":\"PropertyValueSpecification\",\"valueRequired\":true,\"valueName\":\"search_term_string\"}}],\"inLanguage\":\"en-US\"}]}<\/script>\n<!-- \/ Yoast SEO Premium plugin. -->","yoast_head_json":{"title":"Entrevista a CEOS - Assist Consultores","description":"Nuestras entrevistas te brindar\u00e1n una perspectiva privilegiada de los principales innovadores, emprendedores y ejecutivos en el sector tecnol\u00f3gico. Aprende de su experiencia, desaf\u00edos superados y sus valiosas lecciones aprendidas en el camino.","robots":{"index":"index","follow":"follow","max-snippet":"max-snippet:-1","max-image-preview":"max-image-preview:large","max-video-preview":"max-video-preview:-1"},"canonical":"https:\/\/assist.com.co\/en\/entrevistando-a-cxos\/","og_locale":"en_US","og_type":"article","og_title":"Entrevista a CEOS","og_description":"Nuestras entrevistas te brindar\u00e1n una perspectiva privilegiada de los principales innovadores, emprendedores y ejecutivos en el sector tecnol\u00f3gico. Aprende de su experiencia, desaf\u00edos superados y sus valiosas lecciones aprendidas en el camino.","og_url":"https:\/\/assist.com.co\/en\/entrevistando-a-cxos\/","og_site_name":"Assist Consultores","article_modified_time":"2026-02-25T15:34:20+00:00","twitter_card":"summary_large_image","twitter_misc":{"Est. reading time":"7 minutes"},"schema":{"@context":"https:\/\/schema.org","@graph":[{"@type":"WebPage","@id":"https:\/\/assist.com.co\/entrevistando-a-cxos\/","url":"https:\/\/assist.com.co\/entrevistando-a-cxos\/","name":"Entrevista a CEOS - Assist Consultores","isPartOf":{"@id":"https:\/\/assist.com.co\/#website"},"datePublished":"2022-07-22T17:00:11+00:00","dateModified":"2026-02-25T15:34:20+00:00","description":"Nuestras entrevistas te brindar\u00e1n una perspectiva privilegiada de los principales innovadores, emprendedores y ejecutivos en el sector tecnol\u00f3gico. Aprende de su experiencia, desaf\u00edos superados y sus valiosas lecciones aprendidas en el camino.","breadcrumb":{"@id":"https:\/\/assist.com.co\/entrevistando-a-cxos\/#breadcrumb"},"inLanguage":"en-US","potentialAction":[{"@type":"ReadAction","target":["https:\/\/assist.com.co\/entrevistando-a-cxos\/"]}]},{"@type":"BreadcrumbList","@id":"https:\/\/assist.com.co\/entrevistando-a-cxos\/#breadcrumb","itemListElement":[{"@type":"ListItem","position":1,"name":"Home","item":"https:\/\/assist.com.co\/"},{"@type":"ListItem","position":2,"name":"Entrevista a CEOS"}]},{"@type":"WebSite","@id":"https:\/\/assist.com.co\/#website","url":"https:\/\/assist.com.co\/","name":"Assist Consultores","description":"Transformando Capacidades Empresariales en Sistemas Innovadores","potentialAction":[{"@type":"SearchAction","target":{"@type":"EntryPoint","urlTemplate":"https:\/\/assist.com.co\/?s={search_term_string}"},"query-input":{"@type":"PropertyValueSpecification","valueRequired":true,"valueName":"search_term_string"}}],"inLanguage":"en-US"}]}},"_links":{"self":[{"href":"https:\/\/assist.com.co\/en\/wp-json\/wp\/v2\/pages\/13384","targetHints":{"allow":["GET"]}}],"collection":[{"href":"https:\/\/assist.com.co\/en\/wp-json\/wp\/v2\/pages"}],"about":[{"href":"https:\/\/assist.com.co\/en\/wp-json\/wp\/v2\/types\/page"}],"author":[{"embeddable":true,"href":"https:\/\/assist.com.co\/en\/wp-json\/wp\/v2\/users\/1"}],"replies":[{"embeddable":true,"href":"https:\/\/assist.com.co\/en\/wp-json\/wp\/v2\/comments?post=13384"}],"version-history":[{"count":6,"href":"https:\/\/assist.com.co\/en\/wp-json\/wp\/v2\/pages\/13384\/revisions"}],"predecessor-version":[{"id":24179,"href":"https:\/\/assist.com.co\/en\/wp-json\/wp\/v2\/pages\/13384\/revisions\/24179"}],"wp:attachment":[{"href":"https:\/\/assist.com.co\/en\/wp-json\/wp\/v2\/media?parent=13384"}],"curies":[{"name":"wp","href":"https:\/\/api.w.org\/{rel}","templated":true}]}}