{"id":14804,"date":"2022-11-18T17:52:41","date_gmt":"2022-11-18T17:52:41","guid":{"rendered":"https:\/\/assist.com.co\/?page_id=14804"},"modified":"2026-02-25T15:35:17","modified_gmt":"2026-02-25T15:35:17","slug":"actualizaciones-y-tendencias-integracion-assist-e-ibm","status":"publish","type":"page","link":"https:\/\/assist.com.co\/en\/actualizaciones-y-tendencias-integracion-assist-e-ibm\/","title":{"rendered":"Actualizaciones y tendencias"},"content":{"rendered":"<div class=\"et_pb_section_0 et_pb_section et_section_regular et_block_section preset--module--divi-section--default\"><div class=\"et_pb_row_0 et_pb_row et_block_row\"><div class=\"et_pb_column_0 et_pb_column et_pb_column_1_2 et_block_column et_pb_css_mix_blend_mode_passthrough\"><div class=\"et_pb_text_0 et_pb_text et_pb_bg_layout_light et_pb_module et_block_module\"><div class=\"et_pb_text_inner\"><h1><span>Actualizaciones y tendencias\u00a0<\/span><span class=\"il\">Integration<\/span><span>Assist e IBM.<\/span><\/h1>\n<\/div><\/div><div class=\"et_pb_text_1 et_pb_text et_pb_bg_layout_light et_pb_module et_block_module\"><div class=\"et_pb_text_inner\"><h1 class=\"gmail_default\"><span style=\"color: #333399;\"><em>Integration Bus - App Connect Enterprise<\/em><\/span><\/h1>\n<div class=\"gmail_default\"><\/div>\n<\/div><\/div><div class=\"et_pb_text_2 et_pb_text et_pb_bg_layout_light et_pb_module et_block_module\"><div class=\"et_pb_text_inner\"><h1 class=\"gmail_default\">Con\u00e9ctate y descubre las novedades m\u00e1s importantes y est\u00e1 un paso m\u00e1s adelante con el pron\u00f3stico\u00a0para conectar y enriquecer tus<span>\u00a0<\/span><span class=\"il\">integraciones<\/span><span>\u00a0<\/span>de manera efectiva para el 2023.<\/h1>\n<h1 class=\"gmail_default\"><\/h1>\n<\/div><\/div><div class=\"et_pb_image_0 et_pb_image et_pb_module et_block_module\"><span class=\"et_pb_image_wrap\"><img loading=\"lazy\" decoding=\"async\" src=\"https:\/\/assist.com.co\/wp-content\/uploads\/2022\/10\/LOGO-FINAL-ASSIST-2021_hori.png\" width=\"500\" height=\"196\" srcset=\"https:\/\/assist.com.co\/wp-content\/uploads\/2022\/10\/LOGO-FINAL-ASSIST-2021_hori.png 500w, https:\/\/assist.com.co\/wp-content\/uploads\/2022\/10\/LOGO-FINAL-ASSIST-2021_hori-480x188.png 480w\" sizes=\"(min-width: 0px) and (max-width: 480px) 480px, (min-width: 481px) 500px, 100vw\" class=\"wp-image-14390\" title=\"LOGO-FINAL-ASSIST-2021_hori\" \/><\/span><\/div><div class=\"et_pb_image_1 et_pb_image et_pb_module et_block_module\"><span class=\"et_pb_image_wrap\"><img loading=\"lazy\" decoding=\"async\" src=\"https:\/\/assist.com.co\/wp-content\/uploads\/2022\/11\/IBM-partner.webp\" width=\"478\" height=\"231\" srcset=\"https:\/\/assist.com.co\/wp-content\/uploads\/2022\/11\/IBM-partner.webp 478w, https:\/\/assist.com.co\/wp-content\/uploads\/2022\/11\/IBM-partner-300x145.webp 300w, https:\/\/assist.com.co\/wp-content\/uploads\/2022\/11\/IBM-partner-18x9.webp 18w, https:\/\/assist.com.co\/wp-content\/uploads\/2022\/11\/IBM-partner-24x12.webp 24w, https:\/\/assist.com.co\/wp-content\/uploads\/2022\/11\/IBM-partner-36x17.webp 36w, https:\/\/assist.com.co\/wp-content\/uploads\/2022\/11\/IBM-partner-48x23.webp 48w\" sizes=\"(max-width: 478px) 100vw, 478px\" class=\"wp-image-14530\" title=\"IBM-partner\" \/><\/span><\/div><\/div><div class=\"et_pb_column_1 et_pb_column et_pb_column_1_2 et-last-child et_block_column et_pb_css_mix_blend_mode_passthrough\"><div class=\"et_pb_code_0 et_pb_code et_pb_module\"><div class=\"et_pb_code_inner\"><iframe loading=\"lazy\" <iframe src=\"https:\/\/docs.google.com\/forms\/d\/e\/1FAIpQLSeEkkCO_5Foz5Sp4F77WmosAuSpqel9B3PtUrRepHN5WwSh1g\/viewform?embedded=true\" width=\"640\" height=\"900\" frameborder=\"0\" marginheight=\"0\" marginwidth=\"0\">Cargando\u2026<\/iframe><\/div><\/div><\/div><\/div><div class=\"et_pb_row_1 et_pb_row et_block_row\"><div class=\"et_pb_column_2 et_pb_column et_pb_column_4_4 et-last-child et_block_column et_pb_css_mix_blend_mode_passthrough\"><div class=\"et_pb_module et_pb_button_module_wrapper et_pb_button_0_wrapper\"><a class=\"et_pb_button_0 et_pb_button et_pb_bg_layout_light et_pb_module et_block_module\" href=\"https:\/\/assist.com.co\/en\/terminos-y-condiciones\/\" target=\"_blank\">See Terms and Conditions<\/a><\/div><\/div><\/div><\/div>","protected":false},"excerpt":{"rendered":"","protected":false},"author":1,"featured_media":0,"parent":0,"menu_order":0,"comment_status":"closed","ping_status":"closed","template":"page-template-blank.php","meta":{"inline_featured_image":false,"footnotes":""},"class_list":["post-14804","page","type-page","status-publish","hentry"],"yoast_head":"<!-- This site is optimized with the Yoast SEO Premium plugin v25.2 (Yoast SEO v27.4) - https:\/\/yoast.com\/product\/yoast-seo-premium-wordpress\/ -->\n<title>Actualizaciones y tendencias - Assist Consultores<\/title>\n<meta name=\"description\" content=\"Con\u00e9ctate y descubre las novedades m\u00e1s importantes y est\u00e1 un paso m\u00e1s adelante con el pron\u00f3stico para conectar y enriquecer tus integraciones de manera efectiva para el 2023.\" \/>\n<meta name=\"robots\" content=\"index, follow, max-snippet:-1, max-image-preview:large, max-video-preview:-1\" \/>\n<link rel=\"canonical\" href=\"https:\/\/assist.com.co\/en\/actualizaciones-y-tendencias-integracion-assist-e-ibm\/\" \/>\n<meta property=\"og:locale\" content=\"en_US\" \/>\n<meta property=\"og:type\" content=\"article\" \/>\n<meta property=\"og:title\" content=\"Actualizaciones y tendencias\" \/>\n<meta property=\"og:description\" content=\"Con\u00e9ctate y descubre las novedades m\u00e1s importantes y est\u00e1 un paso m\u00e1s adelante con el pron\u00f3stico para conectar y enriquecer tus integraciones de manera efectiva para el 2023.\" \/>\n<meta property=\"og:url\" content=\"https:\/\/assist.com.co\/en\/actualizaciones-y-tendencias-integracion-assist-e-ibm\/\" \/>\n<meta property=\"og:site_name\" content=\"Assist Consultores\" \/>\n<meta property=\"article:modified_time\" content=\"2026-02-25T15:35:17+00:00\" \/>\n<meta name=\"twitter:card\" content=\"summary_large_image\" \/>\n<meta name=\"twitter:label1\" content=\"Est. reading time\" \/>\n\t<meta name=\"twitter:data1\" content=\"1 minute\" \/>\n<script type=\"application\/ld+json\" class=\"yoast-schema-graph\">{\"@context\":\"https:\\\/\\\/schema.org\",\"@graph\":[{\"@type\":\"WebPage\",\"@id\":\"https:\\\/\\\/assist.com.co\\\/actualizaciones-y-tendencias-integracion-assist-e-ibm\\\/\",\"url\":\"https:\\\/\\\/assist.com.co\\\/actualizaciones-y-tendencias-integracion-assist-e-ibm\\\/\",\"name\":\"Actualizaciones y tendencias - Assist Consultores\",\"isPartOf\":{\"@id\":\"https:\\\/\\\/assist.com.co\\\/#website\"},\"datePublished\":\"2022-11-18T17:52:41+00:00\",\"dateModified\":\"2026-02-25T15:35:17+00:00\",\"description\":\"Con\u00e9ctate y descubre las novedades m\u00e1s importantes y est\u00e1 un paso m\u00e1s adelante con el pron\u00f3stico para conectar y enriquecer tus integraciones de manera efectiva para el 2023.\",\"breadcrumb\":{\"@id\":\"https:\\\/\\\/assist.com.co\\\/actualizaciones-y-tendencias-integracion-assist-e-ibm\\\/#breadcrumb\"},\"inLanguage\":\"en-US\",\"potentialAction\":[{\"@type\":\"ReadAction\",\"target\":[\"https:\\\/\\\/assist.com.co\\\/actualizaciones-y-tendencias-integracion-assist-e-ibm\\\/\"]}]},{\"@type\":\"BreadcrumbList\",\"@id\":\"https:\\\/\\\/assist.com.co\\\/actualizaciones-y-tendencias-integracion-assist-e-ibm\\\/#breadcrumb\",\"itemListElement\":[{\"@type\":\"ListItem\",\"position\":1,\"name\":\"Home\",\"item\":\"https:\\\/\\\/assist.com.co\\\/\"},{\"@type\":\"ListItem\",\"position\":2,\"name\":\"Actualizaciones y tendencias\"}]},{\"@type\":\"WebSite\",\"@id\":\"https:\\\/\\\/assist.com.co\\\/#website\",\"url\":\"https:\\\/\\\/assist.com.co\\\/\",\"name\":\"Assist Consultores\",\"description\":\"Transformando Capacidades Empresariales en Sistemas Innovadores\",\"potentialAction\":[{\"@type\":\"SearchAction\",\"target\":{\"@type\":\"EntryPoint\",\"urlTemplate\":\"https:\\\/\\\/assist.com.co\\\/?s={search_term_string}\"},\"query-input\":{\"@type\":\"PropertyValueSpecification\",\"valueRequired\":true,\"valueName\":\"search_term_string\"}}],\"inLanguage\":\"en-US\"}]}<\/script>\n<!-- \/ Yoast SEO Premium plugin. -->","yoast_head_json":{"title":"Actualizaciones y tendencias - Assist Consultores","description":"Con\u00e9ctate y descubre las novedades m\u00e1s importantes y est\u00e1 un paso m\u00e1s adelante con el pron\u00f3stico para conectar y enriquecer tus integraciones de manera efectiva para el 2023.","robots":{"index":"index","follow":"follow","max-snippet":"max-snippet:-1","max-image-preview":"max-image-preview:large","max-video-preview":"max-video-preview:-1"},"canonical":"https:\/\/assist.com.co\/en\/actualizaciones-y-tendencias-integracion-assist-e-ibm\/","og_locale":"en_US","og_type":"article","og_title":"Actualizaciones y tendencias","og_description":"Con\u00e9ctate y descubre las novedades m\u00e1s importantes y est\u00e1 un paso m\u00e1s adelante con el pron\u00f3stico para conectar y enriquecer tus integraciones de manera efectiva para el 2023.","og_url":"https:\/\/assist.com.co\/en\/actualizaciones-y-tendencias-integracion-assist-e-ibm\/","og_site_name":"Assist Consultores","article_modified_time":"2026-02-25T15:35:17+00:00","twitter_card":"summary_large_image","twitter_misc":{"Est. reading time":"1 minute"},"schema":{"@context":"https:\/\/schema.org","@graph":[{"@type":"WebPage","@id":"https:\/\/assist.com.co\/actualizaciones-y-tendencias-integracion-assist-e-ibm\/","url":"https:\/\/assist.com.co\/actualizaciones-y-tendencias-integracion-assist-e-ibm\/","name":"Actualizaciones y tendencias - Assist Consultores","isPartOf":{"@id":"https:\/\/assist.com.co\/#website"},"datePublished":"2022-11-18T17:52:41+00:00","dateModified":"2026-02-25T15:35:17+00:00","description":"Con\u00e9ctate y descubre las novedades m\u00e1s importantes y est\u00e1 un paso m\u00e1s adelante con el pron\u00f3stico para conectar y enriquecer tus integraciones de manera efectiva para el 2023.","breadcrumb":{"@id":"https:\/\/assist.com.co\/actualizaciones-y-tendencias-integracion-assist-e-ibm\/#breadcrumb"},"inLanguage":"en-US","potentialAction":[{"@type":"ReadAction","target":["https:\/\/assist.com.co\/actualizaciones-y-tendencias-integracion-assist-e-ibm\/"]}]},{"@type":"BreadcrumbList","@id":"https:\/\/assist.com.co\/actualizaciones-y-tendencias-integracion-assist-e-ibm\/#breadcrumb","itemListElement":[{"@type":"ListItem","position":1,"name":"Home","item":"https:\/\/assist.com.co\/"},{"@type":"ListItem","position":2,"name":"Actualizaciones y tendencias"}]},{"@type":"WebSite","@id":"https:\/\/assist.com.co\/#website","url":"https:\/\/assist.com.co\/","name":"Assist Consultores","description":"Transformando Capacidades Empresariales en Sistemas Innovadores","potentialAction":[{"@type":"SearchAction","target":{"@type":"EntryPoint","urlTemplate":"https:\/\/assist.com.co\/?s={search_term_string}"},"query-input":{"@type":"PropertyValueSpecification","valueRequired":true,"valueName":"search_term_string"}}],"inLanguage":"en-US"}]}},"_links":{"self":[{"href":"https:\/\/assist.com.co\/en\/wp-json\/wp\/v2\/pages\/14804","targetHints":{"allow":["GET"]}}],"collection":[{"href":"https:\/\/assist.com.co\/en\/wp-json\/wp\/v2\/pages"}],"about":[{"href":"https:\/\/assist.com.co\/en\/wp-json\/wp\/v2\/types\/page"}],"author":[{"embeddable":true,"href":"https:\/\/assist.com.co\/en\/wp-json\/wp\/v2\/users\/1"}],"replies":[{"embeddable":true,"href":"https:\/\/assist.com.co\/en\/wp-json\/wp\/v2\/comments?post=14804"}],"version-history":[{"count":4,"href":"https:\/\/assist.com.co\/en\/wp-json\/wp\/v2\/pages\/14804\/revisions"}],"predecessor-version":[{"id":24190,"href":"https:\/\/assist.com.co\/en\/wp-json\/wp\/v2\/pages\/14804\/revisions\/24190"}],"wp:attachment":[{"href":"https:\/\/assist.com.co\/en\/wp-json\/wp\/v2\/media?parent=14804"}],"curies":[{"name":"wp","href":"https:\/\/api.w.org\/{rel}","templated":true}]}}