{"id":15264,"date":"2023-01-17T15:11:22","date_gmt":"2023-01-17T15:11:22","guid":{"rendered":"https:\/\/assist.com.co\/?page_id=15264"},"modified":"2026-02-25T15:35:21","modified_gmt":"2026-02-25T15:35:21","slug":"webinar-tendencias-ti-2023","status":"publish","type":"page","link":"https:\/\/assist.com.co\/en\/webinar-tendencias-ti-2023\/","title":{"rendered":"Webinar Tendencias TI 2023"},"content":{"rendered":"<div class=\"et_pb_section_0 et_pb_section et_section_regular et_block_section et_pb_section_parallax preset--module--divi-section--default\"><span class=\"et-pb-parallax-wrapper\"><span class=\"et-pb-parallax-background et-pb-parallax-background-module--divi-section-0\" style=\"background-image:linear-gradient(180deg, rgba(120,160,193,0.89) 0%,#ffffff 100% 100%), url(https:\/\/assist.com.co\/wp-content\/uploads\/2023\/01\/Untitled-1.webp);background-blend-mode:multiply\"><\/span><\/span><div class=\"et_pb_row_0 et_pb_row et_block_row\"><div class=\"et_pb_column_0 et_pb_column et_pb_column_2_5 et_block_column et_pb_css_mix_blend_mode_passthrough\"><div class=\"et_pb_text_0 et_pb_text et_pb_bg_layout_light et_pb_module et_block_module\"><div class=\"et_pb_text_inner\"><h1><em><span style=\"color: #ffffff; font-size: xx-large;\">Descubre los acontecimientos y predicciones tecnol\u00f3gicas m\u00e1s relevantes del 2023, que transformar\u00e1n las capacidades operativas y de negocio.<\/span><\/em><\/h1>\n<\/div><\/div><div class=\"et_pb_image_0 et_pb_image et_pb_module et_block_module\"><span class=\"et_pb_image_wrap\"><img loading=\"lazy\" decoding=\"async\" src=\"https:\/\/assist.com.co\/wp-content\/uploads\/2023\/01\/webinar-enero-2023-03-1.webp\" width=\"1080\" height=\"1919\" srcset=\"https:\/\/assist.com.co\/wp-content\/uploads\/2023\/01\/webinar-enero-2023-03-1.webp 1080w, https:\/\/assist.com.co\/wp-content\/uploads\/2023\/01\/webinar-enero-2023-03-1-980x1741.webp 980w, https:\/\/assist.com.co\/wp-content\/uploads\/2023\/01\/webinar-enero-2023-03-1-480x853.webp 480w\" sizes=\"(min-width: 0px) and (max-width: 480px) 480px, (min-width: 481px) and (max-width: 980px) 980px, (min-width: 981px) 1080px, 100vw\" class=\"wp-image-15340\" title=\"webinar enero 2023-03 (1)\" alt=\"webinar -tendencias-2023\" \/><\/span><\/div><\/div><div class=\"et_pb_column_1 et_pb_column et_pb_column_3_5 et-last-child et_block_column et_pb_css_mix_blend_mode_passthrough\"><div class=\"et_pb_code_0 et_pb_code et_pb_module\"><div class=\"et_pb_code_inner\"><iframe loading=\"lazy\" src=\"https:\/\/docs.google.com\/forms\/d\/e\/1FAIpQLSeqAan7Ho-HIu-WVoDorsvAKgmku836eWin_zFetiGRgtaZnA\/viewform?embedded=true\" width=\"640\" height=\"1166\" frameborder=\"0\" marginheight=\"0\" marginwidth=\"0\">Cargando\u2026<\/iframe><\/div><\/div><\/div><\/div><\/div>","protected":false},"excerpt":{"rendered":"","protected":false},"author":1,"featured_media":0,"parent":0,"menu_order":0,"comment_status":"closed","ping_status":"closed","template":"page-template-blank.php","meta":{"inline_featured_image":false,"footnotes":""},"class_list":["post-15264","page","type-page","status-publish","hentry"],"yoast_head":"<!-- This site is optimized with the Yoast SEO Premium plugin v25.2 (Yoast SEO v27.3) - https:\/\/yoast.com\/product\/yoast-seo-premium-wordpress\/ -->\n<title>Webinar Tendencias TI 2023 - Assist Consultores<\/title>\n<meta name=\"description\" content=\"Descubre los acontecimientos y predicciones tecnol\u00f3gicas m\u00e1s relevantes del 2023, que transformar\u00e1n las capacidades operativas y de negocio.\" \/>\n<meta name=\"robots\" content=\"index, follow, max-snippet:-1, max-image-preview:large, max-video-preview:-1\" \/>\n<link rel=\"canonical\" href=\"https:\/\/assist.com.co\/en\/webinar-tendencias-ti-2023\/\" \/>\n<meta property=\"og:locale\" content=\"en_US\" \/>\n<meta property=\"og:type\" content=\"article\" \/>\n<meta property=\"og:title\" content=\"Webinar Tendencias TI 2023\" \/>\n<meta property=\"og:description\" content=\"Descubre los acontecimientos y predicciones tecnol\u00f3gicas m\u00e1s relevantes del 2023, que transformar\u00e1n las capacidades operativas y de negocio.\" \/>\n<meta property=\"og:url\" content=\"https:\/\/assist.com.co\/en\/webinar-tendencias-ti-2023\/\" \/>\n<meta property=\"og:site_name\" content=\"Assist Consultores\" \/>\n<meta property=\"article:modified_time\" content=\"2026-02-25T15:35:21+00:00\" \/>\n<meta name=\"twitter:card\" content=\"summary_large_image\" \/>\n<meta name=\"twitter:label1\" content=\"Est. reading time\" \/>\n\t<meta name=\"twitter:data1\" content=\"1 minute\" \/>\n<script type=\"application\/ld+json\" class=\"yoast-schema-graph\">{\"@context\":\"https:\\\/\\\/schema.org\",\"@graph\":[{\"@type\":\"WebPage\",\"@id\":\"https:\\\/\\\/assist.com.co\\\/webinar-tendencias-ti-2023\\\/\",\"url\":\"https:\\\/\\\/assist.com.co\\\/webinar-tendencias-ti-2023\\\/\",\"name\":\"Webinar Tendencias TI 2023 - Assist Consultores\",\"isPartOf\":{\"@id\":\"https:\\\/\\\/assist.com.co\\\/#website\"},\"datePublished\":\"2023-01-17T15:11:22+00:00\",\"dateModified\":\"2026-02-25T15:35:21+00:00\",\"description\":\"Descubre los acontecimientos y predicciones tecnol\u00f3gicas m\u00e1s relevantes del 2023, que transformar\u00e1n las capacidades operativas y de negocio.\",\"breadcrumb\":{\"@id\":\"https:\\\/\\\/assist.com.co\\\/webinar-tendencias-ti-2023\\\/#breadcrumb\"},\"inLanguage\":\"en-US\",\"potentialAction\":[{\"@type\":\"ReadAction\",\"target\":[\"https:\\\/\\\/assist.com.co\\\/webinar-tendencias-ti-2023\\\/\"]}]},{\"@type\":\"BreadcrumbList\",\"@id\":\"https:\\\/\\\/assist.com.co\\\/webinar-tendencias-ti-2023\\\/#breadcrumb\",\"itemListElement\":[{\"@type\":\"ListItem\",\"position\":1,\"name\":\"Home\",\"item\":\"https:\\\/\\\/assist.com.co\\\/\"},{\"@type\":\"ListItem\",\"position\":2,\"name\":\"Webinar Tendencias TI 2023\"}]},{\"@type\":\"WebSite\",\"@id\":\"https:\\\/\\\/assist.com.co\\\/#website\",\"url\":\"https:\\\/\\\/assist.com.co\\\/\",\"name\":\"Assist Consultores\",\"description\":\"Transformando Capacidades Empresariales en Sistemas Innovadores\",\"potentialAction\":[{\"@type\":\"SearchAction\",\"target\":{\"@type\":\"EntryPoint\",\"urlTemplate\":\"https:\\\/\\\/assist.com.co\\\/?s={search_term_string}\"},\"query-input\":{\"@type\":\"PropertyValueSpecification\",\"valueRequired\":true,\"valueName\":\"search_term_string\"}}],\"inLanguage\":\"en-US\"}]}<\/script>\n<!-- \/ Yoast SEO Premium plugin. -->","yoast_head_json":{"title":"Webinar Tendencias TI 2023 - Assist Consultores","description":"Descubre los acontecimientos y predicciones tecnol\u00f3gicas m\u00e1s relevantes del 2023, que transformar\u00e1n las capacidades operativas y de negocio.","robots":{"index":"index","follow":"follow","max-snippet":"max-snippet:-1","max-image-preview":"max-image-preview:large","max-video-preview":"max-video-preview:-1"},"canonical":"https:\/\/assist.com.co\/en\/webinar-tendencias-ti-2023\/","og_locale":"en_US","og_type":"article","og_title":"Webinar Tendencias TI 2023","og_description":"Descubre los acontecimientos y predicciones tecnol\u00f3gicas m\u00e1s relevantes del 2023, que transformar\u00e1n las capacidades operativas y de negocio.","og_url":"https:\/\/assist.com.co\/en\/webinar-tendencias-ti-2023\/","og_site_name":"Assist Consultores","article_modified_time":"2026-02-25T15:35:21+00:00","twitter_card":"summary_large_image","twitter_misc":{"Est. reading time":"1 minute"},"schema":{"@context":"https:\/\/schema.org","@graph":[{"@type":"WebPage","@id":"https:\/\/assist.com.co\/webinar-tendencias-ti-2023\/","url":"https:\/\/assist.com.co\/webinar-tendencias-ti-2023\/","name":"Webinar Tendencias TI 2023 - Assist Consultores","isPartOf":{"@id":"https:\/\/assist.com.co\/#website"},"datePublished":"2023-01-17T15:11:22+00:00","dateModified":"2026-02-25T15:35:21+00:00","description":"Descubre los acontecimientos y predicciones tecnol\u00f3gicas m\u00e1s relevantes del 2023, que transformar\u00e1n las capacidades operativas y de negocio.","breadcrumb":{"@id":"https:\/\/assist.com.co\/webinar-tendencias-ti-2023\/#breadcrumb"},"inLanguage":"en-US","potentialAction":[{"@type":"ReadAction","target":["https:\/\/assist.com.co\/webinar-tendencias-ti-2023\/"]}]},{"@type":"BreadcrumbList","@id":"https:\/\/assist.com.co\/webinar-tendencias-ti-2023\/#breadcrumb","itemListElement":[{"@type":"ListItem","position":1,"name":"Home","item":"https:\/\/assist.com.co\/"},{"@type":"ListItem","position":2,"name":"Webinar Tendencias TI 2023"}]},{"@type":"WebSite","@id":"https:\/\/assist.com.co\/#website","url":"https:\/\/assist.com.co\/","name":"Assist Consultores","description":"Transformando Capacidades Empresariales en Sistemas Innovadores","potentialAction":[{"@type":"SearchAction","target":{"@type":"EntryPoint","urlTemplate":"https:\/\/assist.com.co\/?s={search_term_string}"},"query-input":{"@type":"PropertyValueSpecification","valueRequired":true,"valueName":"search_term_string"}}],"inLanguage":"en-US"}]}},"_links":{"self":[{"href":"https:\/\/assist.com.co\/en\/wp-json\/wp\/v2\/pages\/15264","targetHints":{"allow":["GET"]}}],"collection":[{"href":"https:\/\/assist.com.co\/en\/wp-json\/wp\/v2\/pages"}],"about":[{"href":"https:\/\/assist.com.co\/en\/wp-json\/wp\/v2\/types\/page"}],"author":[{"embeddable":true,"href":"https:\/\/assist.com.co\/en\/wp-json\/wp\/v2\/users\/1"}],"replies":[{"embeddable":true,"href":"https:\/\/assist.com.co\/en\/wp-json\/wp\/v2\/comments?post=15264"}],"version-history":[{"count":5,"href":"https:\/\/assist.com.co\/en\/wp-json\/wp\/v2\/pages\/15264\/revisions"}],"predecessor-version":[{"id":24192,"href":"https:\/\/assist.com.co\/en\/wp-json\/wp\/v2\/pages\/15264\/revisions\/24192"}],"wp:attachment":[{"href":"https:\/\/assist.com.co\/en\/wp-json\/wp\/v2\/media?parent=15264"}],"curies":[{"name":"wp","href":"https:\/\/api.w.org\/{rel}","templated":true}]}}