{"id":15517,"date":"2023-03-01T19:08:22","date_gmt":"2023-03-01T19:08:22","guid":{"rendered":"https:\/\/assist.com.co\/?page_id=15517"},"modified":"2026-02-25T15:35:27","modified_gmt":"2026-02-25T15:35:27","slug":"mulesoft-soluciones-de-integracion","status":"publish","type":"page","link":"https:\/\/assist.com.co\/en\/mulesoft-soluciones-de-integracion\/","title":{"rendered":"Soluciones de integraci\u00f3n"},"content":{"rendered":"<div class=\"et_pb_section_0 et_pb_section et_section_regular et_block_section preset--module--divi-section--default\"><div class=\"et_pb_row_0 et_pb_row et_pb_equal_columns et_pb_gutters1 et_block_row\"><div class=\"et_pb_column_0 et_pb_column et_pb_column_1_2 et_block_column et_pb_css_mix_blend_mode_passthrough\"><div class=\"et_pb_text_0 et_pb_text et_pb_bg_layout_light et_pb_module et_block_module\"><div class=\"et_pb_text_inner\"><h1>Soluciones para hacer frente a los retos m\u00e1s exigentes de la transformaci\u00f3n digital<\/h1>\n<\/div><\/div><div class=\"et_pb_module et_pb_button_module_wrapper et_pb_button_0_wrapper\"><a class=\"et_pb_button_0 et_pb_button et_pb_bg_layout_light et_pb_module et_block_module\" href=\"https:\/\/assist.com.co\/en\/solicitudes\/\">CONTACT US<\/a><\/div><\/div><div class=\"et_pb_column_1 et_pb_column et_pb_column_1_2 et-last-child et_block_column et_pb_css_mix_blend_mode_passthrough\"><div class=\"et_pb_image_0 et_pb_image et_pb_module et_block_module\"><span class=\"et_pb_image_wrap\"><img loading=\"lazy\" decoding=\"async\" src=\"https:\/\/assist.com.co\/wp-content\/uploads\/2023\/03\/soluciones-tecnologicas-1.webp\" width=\"600\" height=\"918\" srcset=\"https:\/\/assist.com.co\/wp-content\/uploads\/2023\/03\/soluciones-tecnologicas-1.webp 600w, https:\/\/assist.com.co\/wp-content\/uploads\/2023\/03\/soluciones-tecnologicas-1-480x734.webp 480w\" sizes=\"(min-width: 0px) and (max-width: 480px) 480px, (min-width: 481px) 600px, 100vw\" class=\"wp-image-15542\" title=\"soluciones-tecnologicas\" alt=\"soluciones-tecnologicas\" \/><\/span><\/div><div class=\"et_pb_image_1 et_pb_image et_pb_module et_block_module\"><span class=\"et_pb_image_wrap\"><img loading=\"lazy\" decoding=\"async\" src=\"https:\/\/assist.com.co\/wp-content\/uploads\/2023\/03\/brokerage-firm-43.png\" width=\"176\" height=\"287\" srcset=\"https:\/\/assist.com.co\/wp-content\/uploads\/2023\/03\/brokerage-firm-43.png 176w, https:\/\/assist.com.co\/wp-content\/uploads\/2023\/03\/brokerage-firm-43-7x12.png 7w, https:\/\/assist.com.co\/wp-content\/uploads\/2023\/03\/brokerage-firm-43-15x24.png 15w, https:\/\/assist.com.co\/wp-content\/uploads\/2023\/03\/brokerage-firm-43-22x36.png 22w, https:\/\/assist.com.co\/wp-content\/uploads\/2023\/03\/brokerage-firm-43-29x48.png 29w\" sizes=\"(max-width: 176px) 100vw, 176px\" class=\"wp-image-15530\" title=\"brokerage-firm-43\" \/><\/span><\/div><\/div><\/div><\/div><div class=\"et_pb_section_1 et_pb_section et_section_regular et_block_section preset--module--divi-section--default\"><div class=\"et_pb_row_1 et_pb_row et_block_row\"><div class=\"et_pb_column_2 et_pb_column et_pb_column_2_5 et_block_column et_pb_css_mix_blend_mode_passthrough\"><div class=\"et_pb_text_1 et_pb_text et_pb_bg_layout_light et_pb_module et_block_module\"><div class=\"et_pb_text_inner\"><h1><span style=\"color: #003366;\"><strong>Crea experiencias conectadas<\/strong><\/span><\/h1>\n<\/div><\/div><div class=\"et_pb_text_2 et_pb_text et_pb_bg_layout_light et_pb_module et_block_module\"><div class=\"et_pb_text_inner\"><p style=\"text-align: left;\"><span style=\"color: #000000; font-family: Arial; font-weight: normal; font-size: medium;\">Conecta Salesforce con las aplicaciones empresariales 3 veces m\u00e1s r\u00e1pido en la nube o de manera local con Anypoint Platform.<\/span><\/p>\n<ul>\n<li style=\"text-align: left;\"><span style=\"color: #000000; font-family: Arial; font-weight: normal; font-size: medium;\">Usa los mejores conectores, ejemplos y plantillas de Salesforce<\/span><\/li>\n<li style=\"text-align: left;\"><span style=\"color: #000000; font-family: Arial; font-weight: normal; font-size: medium;\">Utiliza APIs para facilitar la conexi\u00f3n con los principales CRM, ERP y sistemas obsoletos<\/span><\/li>\n<li style=\"text-align: left;\"><span style=\"color: #000000; font-family: Arial; font-weight: normal; font-size: medium;\">Cumple los requisitos de gobernanza y control mientras la empresa accede de forma segura a los datos de Salesforce<\/span><\/li>\n<\/ul>\n<\/div><\/div><\/div><div class=\"et_pb_column_3 et_pb_column et_pb_column_3_5 et-last-child et_block_column et_pb_css_mix_blend_mode_passthrough\"><div class=\"et_pb_image_2 et_pb_image et_pb_module et_block_module\"><span class=\"et_pb_image_wrap\"><img loading=\"lazy\" decoding=\"async\" src=\"https:\/\/assist.com.co\/wp-content\/uploads\/2023\/03\/Salesforce.webp\" width=\"1500\" height=\"750\" srcset=\"https:\/\/assist.com.co\/wp-content\/uploads\/2023\/03\/Salesforce.webp 1500w, https:\/\/assist.com.co\/wp-content\/uploads\/2023\/03\/Salesforce-1280x640.webp 1280w, https:\/\/assist.com.co\/wp-content\/uploads\/2023\/03\/Salesforce-980x490.webp 980w, https:\/\/assist.com.co\/wp-content\/uploads\/2023\/03\/Salesforce-480x240.webp 480w\" sizes=\"(min-width: 0px) and (max-width: 480px) 480px, (min-width: 481px) and (max-width: 980px) 980px, (min-width: 981px) and (max-width: 1280px) 1280px, (min-width: 1281px) 1500px, 100vw\" class=\"wp-image-15544\" title=\"Salesforce\" alt=\"Salesforce\" \/><\/span><\/div><div class=\"et_pb_text_3 et_pb_text et_pb_bg_layout_light et_pb_module et_block_module\"><div class=\"et_pb_text_inner\"><p style=\"text-align: center;\"><em><strong><span style=\"color: #333399;\">Salesforce<\/span><\/strong><\/em><\/p>\n<\/div><\/div><\/div><\/div><div class=\"et_pb_row_2 et_pb_row et_block_row\"><div class=\"et_pb_column_4 et_pb_column et_pb_column_3_5 et_block_column et_pb_css_mix_blend_mode_passthrough\"><div class=\"et_pb_image_3 et_pb_image et_pb_module et_block_module\"><span class=\"et_pb_image_wrap\"><img loading=\"lazy\" decoding=\"async\" src=\"https:\/\/assist.com.co\/wp-content\/uploads\/2023\/03\/Acelera-tus-integraciones-de-SAP.webp\" width=\"1500\" height=\"750\" srcset=\"https:\/\/assist.com.co\/wp-content\/uploads\/2023\/03\/Acelera-tus-integraciones-de-SAP.webp 1500w, https:\/\/assist.com.co\/wp-content\/uploads\/2023\/03\/Acelera-tus-integraciones-de-SAP-1280x640.webp 1280w, https:\/\/assist.com.co\/wp-content\/uploads\/2023\/03\/Acelera-tus-integraciones-de-SAP-980x490.webp 980w, https:\/\/assist.com.co\/wp-content\/uploads\/2023\/03\/Acelera-tus-integraciones-de-SAP-480x240.webp 480w\" sizes=\"(min-width: 0px) and (max-width: 480px) 480px, (min-width: 481px) and (max-width: 980px) 980px, (min-width: 981px) and (max-width: 1280px) 1280px, (min-width: 1281px) 1500px, 100vw\" class=\"wp-image-15545\" title=\"Acelera-tus-integraciones-de-SAP\" alt=\"Acelera-tus-integraciones-de-SAP\" \/><\/span><\/div><div class=\"et_pb_text_4 et_pb_text et_pb_bg_layout_light et_pb_module et_block_module\"><div class=\"et_pb_text_inner\"><h5 class=\"eyebrow\" style=\"text-align: center;\"><em><strong><span style=\"color: #333399;\">SAP<\/span><\/strong><\/em><\/h5>\n<\/div><\/div><\/div><div class=\"et_pb_column_5 et_pb_column et_pb_column_2_5 et-last-child et_block_column et_pb_css_mix_blend_mode_passthrough\"><div class=\"et_pb_text_5 et_pb_text et_pb_bg_layout_light et_pb_module et_block_module\"><div class=\"et_pb_text_inner\"><h1><span style=\"color: #003366;\"><strong>Conecta SAP a cualquier sistema en cualquier lugar para innovar<\/strong><\/span><\/h1>\n<\/div><\/div><div class=\"et_pb_text_6 et_pb_text et_pb_bg_layout_light et_pb_module et_block_module\"><div class=\"et_pb_text_inner\"><p><span style=\"color: #000000; font-family: Arial; font-weight: normal; font-size: small;\">Acelera tus integraciones de SAP, actualiza a S\/4HANA y crea una arquitectura preparada para el futuro de manera local, en la nube o en un entorno h\u00edbrido, todo con la ayuda de MuleSoft, un socio de confianza de SAP.<\/span><\/p>\n<ul>\n<li><span style=\"color: #000000; font-family: Arial; font-weight: normal; font-size: small;\">Usa conectores certificados de SAP predise\u00f1ados para ECC, S\/4HANA, Concur, Hybris y mucho m\u00e1s<\/span><\/li>\n<li><span style=\"color: #000000; font-family: Arial; font-weight: normal; font-size: small;\">Conecta SAP a puntos de conexi\u00f3n comunes como Oracle, Workday, Salesforce, ServiceNow y Amazon con conectores y plantillas<\/span><\/li>\n<li><span style=\"color: #000000; font-family: Arial; font-weight: normal; font-size: small;\">Utiliza de forma simult\u00e1nea API ejecutadas de manera local y sistemas SAP basados en SaaS<\/span><\/li>\n<li><span style=\"color: #000000; font-family: Arial; font-weight: normal; font-size: small;\">Crea integraciones una vez y despli\u00e9galas en cualquier lugar<\/span><\/li>\n<\/ul>\n<\/div><\/div><\/div><\/div><div class=\"et_pb_row_3 et_pb_row et_block_row\"><div class=\"et_pb_column_6 et_pb_column et_pb_column_4_4 et-last-child et_block_column et_pb_css_mix_blend_mode_passthrough\"><div class=\"et_pb_module et_pb_button_module_wrapper et_pb_button_1_wrapper\"><a class=\"et_pb_button_1 et_pb_button et_pb_bg_layout_light et_pb_module et_block_module\" href=\"https:\/\/assist.com.co\/en\/solicitudes\/\">Talk to an expert<\/a><\/div><\/div><\/div><div class=\"et_pb_row_4 et_pb_row et_block_row\"><div class=\"et_pb_column_7 et_pb_column et_pb_column_2_5 et_block_column et_pb_css_mix_blend_mode_passthrough\"><div class=\"et_pb_text_7 et_pb_text et_pb_bg_layout_light et_pb_module et_block_module\"><div class=\"et_pb_text_inner\"><h1><span style=\"color: #003366;\"><strong>Pasa de transacciones gen\u00e9ricas a relaciones personalizadas<\/strong><\/span><\/h1>\n<\/div><\/div><div class=\"et_pb_text_8 et_pb_text et_pb_bg_layout_light et_pb_module et_block_module\"><div class=\"et_pb_text_inner\"><p><span style=\"color: #000000; font-family: Arial; font-weight: normal; font-size: small;\">Con el aumento de las expectativas de los clientes, los retailers m\u00e1s importantes est\u00e1n recurriendo a la tecnolog\u00eda para ofrecer experiencias innovadoras, personalizadas y omnicanal a sus clientes.<\/span><\/p>\n<ul>\n<li><span style=\"color: #000000; font-family: Arial; font-weight: normal; font-size: small;\">Conecta los sistemas de marketing, punto de venta y fidelizaci\u00f3n para obtener una visi\u00f3n integral de tus clientes<\/span><\/li>\n<li><span style=\"color: #000000; font-family: Arial; font-weight: normal; font-size: small;\">Unifica tu marca y experiencia del cliente en tiendas, sitios web, dispositivos m\u00f3viles y redes sociales<\/span><\/li>\n<li><span style=\"color: #000000; font-family: Arial; font-weight: normal; font-size: small;\">Habilita el flujo de datos en tiempo real de la cadena de suministro para todos tus socios<\/span><\/li>\n<\/ul>\n<\/div><\/div><\/div><div class=\"et_pb_column_8 et_pb_column et_pb_column_3_5 et-last-child et_block_column et_pb_css_mix_blend_mode_passthrough\"><div class=\"et_pb_image_4 et_pb_image et_pb_module et_block_module\"><span class=\"et_pb_image_wrap\"><img loading=\"lazy\" decoding=\"async\" src=\"https:\/\/assist.com.co\/wp-content\/uploads\/2023\/03\/Pasa-de-transacciones-genericas-a-relaciones-personalizadas.webp\" width=\"1500\" height=\"750\" srcset=\"https:\/\/assist.com.co\/wp-content\/uploads\/2023\/03\/Pasa-de-transacciones-genericas-a-relaciones-personalizadas.webp 1500w, https:\/\/assist.com.co\/wp-content\/uploads\/2023\/03\/Pasa-de-transacciones-genericas-a-relaciones-personalizadas-1280x640.webp 1280w, https:\/\/assist.com.co\/wp-content\/uploads\/2023\/03\/Pasa-de-transacciones-genericas-a-relaciones-personalizadas-980x490.webp 980w, https:\/\/assist.com.co\/wp-content\/uploads\/2023\/03\/Pasa-de-transacciones-genericas-a-relaciones-personalizadas-480x240.webp 480w\" sizes=\"(min-width: 0px) and (max-width: 480px) 480px, (min-width: 481px) and (max-width: 980px) 980px, (min-width: 981px) and (max-width: 1280px) 1280px, (min-width: 1281px) 1500px, 100vw\" class=\"wp-image-15546\" title=\"Pasa-de-transacciones-gen\u00e9ricas-a-relaciones-personalizadas\" alt=\"Pasa-de-transacciones-gen\u00e9ricas-a-relaciones-personalizadas\" \/><\/span><\/div><div class=\"et_pb_text_9 et_pb_text et_pb_bg_layout_light et_pb_module et_block_module\"><div class=\"et_pb_text_inner\"><h5 class=\"eyebrow\" style=\"text-align: center;\"><em><strong><span style=\"color: #000080;\">Retail<\/span><\/strong><\/em><\/h5>\n<\/div><\/div><\/div><\/div><div class=\"et_pb_row_5 et_pb_row et_block_row\"><div class=\"et_pb_column_9 et_pb_column et_pb_column_3_5 et_block_column et_pb_css_mix_blend_mode_passthrough\"><div class=\"et_pb_image_5 et_pb_image et_pb_module et_block_module\"><span class=\"et_pb_image_wrap\"><img loading=\"lazy\" decoding=\"async\" src=\"https:\/\/assist.com.co\/wp-content\/uploads\/2023\/03\/Seguros.webp\" width=\"1500\" height=\"750\" srcset=\"https:\/\/assist.com.co\/wp-content\/uploads\/2023\/03\/Seguros.webp 1500w, https:\/\/assist.com.co\/wp-content\/uploads\/2023\/03\/Seguros-1280x640.webp 1280w, https:\/\/assist.com.co\/wp-content\/uploads\/2023\/03\/Seguros-980x490.webp 980w, https:\/\/assist.com.co\/wp-content\/uploads\/2023\/03\/Seguros-480x240.webp 480w\" sizes=\"(min-width: 0px) and (max-width: 480px) 480px, (min-width: 481px) and (max-width: 980px) 980px, (min-width: 981px) and (max-width: 1280px) 1280px, (min-width: 1281px) 1500px, 100vw\" class=\"wp-image-15547\" title=\"Seguros\" alt=\"Seguros\" \/><\/span><\/div><div class=\"et_pb_text_10 et_pb_text et_pb_bg_layout_light et_pb_module et_block_module\"><div class=\"et_pb_text_inner\"><h4 class=\"eyebrow\" style=\"text-align: center;\"><strong><em><span style=\"color: #000080;\">Seguros<\/span><\/em><\/strong><\/h4>\n<\/div><\/div><\/div><div class=\"et_pb_column_10 et_pb_column et_pb_column_2_5 et-last-child et_block_column et_pb_css_mix_blend_mode_passthrough\"><div class=\"et_pb_text_11 et_pb_text et_pb_bg_layout_light et_pb_module et_block_module\"><div class=\"et_pb_text_inner\"><h1><span style=\"color: #003366;\"><strong>Impulsa la interacci\u00f3n digital y transforma la experiencia de los asegurados<\/strong><\/span><\/h1>\n<\/div><\/div><div class=\"et_pb_text_12 et_pb_text et_pb_bg_layout_light et_pb_module et_block_module\"><div class=\"et_pb_text_inner\"><p><span style=\"font-family: Arial; font-weight: normal; color: #000000;\">MuleSoft permite a las aseguradoras modernizar los sistemas heredados, acelerar la comercializaci\u00f3n de productos y ampliar los canales de distribuci\u00f3n.<\/span><\/p>\n<ul>\n<li><span style=\"font-family: Arial; font-weight: normal; color: #000000;\">Libera los datos en silos del sistema heredado mediante APIs reutilizables y una arquitectura preparada para el futuro<\/span><\/li>\n<li><span style=\"font-family: Arial; font-weight: normal; color: #000000;\">Implementa una vista unificada del asegurado para los canales de distribuci\u00f3n y servicios<\/span><\/li>\n<li><span style=\"font-family: Arial; font-weight: normal; color: #000000;\">Crea nuevas oportunidades de ingresos en un ecosistema de proveedores de datos<\/span><\/li>\n<\/ul>\n<\/div><\/div><\/div><\/div><div class=\"et_pb_row_6 et_pb_row et_block_row\"><div class=\"et_pb_column_11 et_pb_column et_pb_column_2_5 et_block_column et_pb_css_mix_blend_mode_passthrough\"><div class=\"et_pb_text_13 et_pb_text et_pb_bg_layout_light et_pb_module et_block_module\"><div class=\"et_pb_text_inner\"><h1><span style=\"color: #003366;\"><strong>Acelera la modernizaci\u00f3n de TI y entregar soluciones digitales para los ciudadanos<\/strong><\/span><\/h1>\n<\/div><\/div><div class=\"et_pb_text_14 et_pb_text et_pb_bg_layout_light et_pb_module et_block_module\"><div class=\"et_pb_text_inner\"><p><span style=\"font-family: Arial; font-weight: normal; color: #000000;\">Satisface las expectativas cada vez mayores de los ciudadanos con una plataforma de conexi\u00f3n que aumenta la velocidad de entrega de proyectos de TI, reduce los costes y goza de la confianza de administraciones p\u00fablicas de todo el mundo.<\/span><\/p>\n<ul>\n<li><span style=\"font-family: Arial; font-weight: normal; color: #000000;\">Moderniza los sistemas existentes o aprovecha los servicios de la nube para mejorar la eficiencia y reducir los costes<\/span><\/li>\n<li><span style=\"font-family: Arial; font-weight: normal; color: #000000;\">Ofrece a los ciudadanos acceso a servicios digitales de calidad en cualquier lugar y dispositivo<\/span><\/li>\n<li><span style=\"font-family: Arial; font-weight: normal; color: #000000;\">A\u00f1ade herramientas de automatizaci\u00f3n para ayudar a los empleados a acelerar la prestaci\u00f3n de servicios p\u00fablicos<\/span><\/li>\n<\/ul>\n<\/div><\/div><\/div><div class=\"et_pb_column_12 et_pb_column et_pb_column_3_5 et-last-child et_block_column et_pb_css_mix_blend_mode_passthrough\"><div class=\"et_pb_image_6 et_pb_image et_pb_module et_block_module\"><span class=\"et_pb_image_wrap\"><img loading=\"lazy\" decoding=\"async\" src=\"https:\/\/assist.com.co\/wp-content\/uploads\/2023\/03\/Retail.webp\" width=\"1500\" height=\"750\" srcset=\"https:\/\/assist.com.co\/wp-content\/uploads\/2023\/03\/Retail.webp 1500w, https:\/\/assist.com.co\/wp-content\/uploads\/2023\/03\/Retail-1280x640.webp 1280w, https:\/\/assist.com.co\/wp-content\/uploads\/2023\/03\/Retail-980x490.webp 980w, https:\/\/assist.com.co\/wp-content\/uploads\/2023\/03\/Retail-480x240.webp 480w\" sizes=\"(min-width: 0px) and (max-width: 480px) 480px, (min-width: 481px) and (max-width: 980px) 980px, (min-width: 981px) and (max-width: 1280px) 1280px, (min-width: 1281px) 1500px, 100vw\" class=\"wp-image-15548\" title=\"Retail\" alt=\"Retail\" \/><\/span><\/div><div class=\"et_pb_text_15 et_pb_text et_pb_bg_layout_light et_pb_module et_block_module\"><div class=\"et_pb_text_inner\"><h5 class=\"eyebrow\" style=\"text-align: center;\"><strong><span style=\"color: #000080;\"><em>Administraci\u00f3n p\u00fablica<\/em><\/span><\/strong><\/h5>\n<\/div><\/div><\/div><\/div><\/div><div class=\"et_pb_section_2 et_pb_section et_section_regular et_block_section section_has_divider et_pb_bottom_divider preset--module--divi-section--default\"><div class=\"et_pb_row_7 et_pb_row et_block_row\"><div class=\"et_pb_column_13 et_pb_column et_pb_column_1_2 et_block_column et_pb_css_mix_blend_mode_passthrough\"><div class=\"et_pb_text_16 et_pb_text et_pb_bg_layout_dark et_pb_module et_block_module\"><div class=\"et_pb_text_inner\"><h3><strong><span style=\"font-family: Arial;\">You want to know more?<\/span><\/strong><\/h3>\n<\/div><\/div><div class=\"et_pb_text_17 et_pb_text et_pb_bg_layout_dark et_pb_module et_block_module\"><div class=\"et_pb_text_inner\"><h3>Estamos para atenderte, por eso ponemos a disposici\u00f3n todos nuestros canales para que podamos solucionar o mejorar tus procesos.<\/h3>\n<\/div><\/div><div class=\"et_pb_module et_pb_button_module_wrapper et_pb_button_2_wrapper\"><a class=\"et_pb_button_2 et_pb_button et_pb_bg_layout_light et_pb_module et_block_module\" href=\"https:\/\/assist.com.co\/en\/solicitudes\/\">Let\u2019s talk!<\/a><\/div><\/div><div class=\"et_pb_column_14 et_pb_column et_pb_column_1_2 et-last-child et_block_column et_pb_css_mix_blend_mode_passthrough\"><div class=\"et_pb_image_7 et_pb_image et_pb_module et_block_module\"><span class=\"et_pb_image_wrap\"><img loading=\"lazy\" decoding=\"async\" src=\"https:\/\/assist.com.co\/wp-content\/uploads\/2023\/03\/servicio-al-cliente.webp\" width=\"1800\" height=\"900\" srcset=\"https:\/\/assist.com.co\/wp-content\/uploads\/2023\/03\/servicio-al-cliente.webp 1800w, https:\/\/assist.com.co\/wp-content\/uploads\/2023\/03\/servicio-al-cliente-1280x640.webp 1280w, https:\/\/assist.com.co\/wp-content\/uploads\/2023\/03\/servicio-al-cliente-980x490.webp 980w, https:\/\/assist.com.co\/wp-content\/uploads\/2023\/03\/servicio-al-cliente-480x240.webp 480w\" sizes=\"(min-width: 0px) and (max-width: 480px) 480px, (min-width: 481px) and (max-width: 980px) 980px, (min-width: 981px) and (max-width: 1280px) 1280px, (min-width: 1281px) 1800px, 100vw\" class=\"wp-image-15549\" title=\"servicio-al-cliente\" alt=\"servicio-al-cliente\" \/><\/span><\/div><\/div><\/div><div class=\"et_pb_bottom_inside_divider et-no-transition\"><\/div><\/div>","protected":false},"excerpt":{"rendered":"","protected":false},"author":1,"featured_media":0,"parent":0,"menu_order":0,"comment_status":"closed","ping_status":"closed","template":"","meta":{"inline_featured_image":false,"footnotes":""},"class_list":["post-15517","page","type-page","status-publish","hentry"],"yoast_head":"<!-- This site is optimized with the Yoast SEO Premium plugin v25.2 (Yoast SEO v27.4) - https:\/\/yoast.com\/product\/yoast-seo-premium-wordpress\/ -->\n<title>Soluciones de integraci\u00f3n - Assist Consultores<\/title>\n<meta name=\"description\" content=\"Soluciones para hacer frente a los retos m\u00e1s exigentes de la transformaci\u00f3n digital.\" \/>\n<meta name=\"robots\" content=\"index, follow, max-snippet:-1, max-image-preview:large, max-video-preview:-1\" \/>\n<link rel=\"canonical\" href=\"https:\/\/assist.com.co\/en\/mulesoft-soluciones-de-integracion\/\" \/>\n<meta property=\"og:locale\" content=\"en_US\" \/>\n<meta property=\"og:type\" content=\"article\" \/>\n<meta property=\"og:title\" content=\"Soluciones de integraci\u00f3n\" \/>\n<meta property=\"og:description\" content=\"Soluciones para hacer frente a los retos m\u00e1s exigentes de la transformaci\u00f3n digital.\" \/>\n<meta property=\"og:url\" content=\"https:\/\/assist.com.co\/en\/mulesoft-soluciones-de-integracion\/\" \/>\n<meta property=\"og:site_name\" content=\"Assist Consultores\" \/>\n<meta property=\"article:modified_time\" content=\"2026-02-25T15:35:27+00:00\" \/>\n<meta name=\"twitter:card\" content=\"summary_large_image\" \/>\n<script type=\"application\/ld+json\" class=\"yoast-schema-graph\">{\"@context\":\"https:\\\/\\\/schema.org\",\"@graph\":[{\"@type\":\"WebPage\",\"@id\":\"https:\\\/\\\/assist.com.co\\\/mulesoft-soluciones-de-integracion\\\/\",\"url\":\"https:\\\/\\\/assist.com.co\\\/mulesoft-soluciones-de-integracion\\\/\",\"name\":\"Soluciones de integraci\u00f3n - Assist Consultores\",\"isPartOf\":{\"@id\":\"https:\\\/\\\/assist.com.co\\\/#website\"},\"datePublished\":\"2023-03-01T19:08:22+00:00\",\"dateModified\":\"2026-02-25T15:35:27+00:00\",\"description\":\"Soluciones para hacer frente a los retos m\u00e1s exigentes de la transformaci\u00f3n digital.\",\"breadcrumb\":{\"@id\":\"https:\\\/\\\/assist.com.co\\\/mulesoft-soluciones-de-integracion\\\/#breadcrumb\"},\"inLanguage\":\"en-US\",\"potentialAction\":[{\"@type\":\"ReadAction\",\"target\":[\"https:\\\/\\\/assist.com.co\\\/mulesoft-soluciones-de-integracion\\\/\"]}]},{\"@type\":\"BreadcrumbList\",\"@id\":\"https:\\\/\\\/assist.com.co\\\/mulesoft-soluciones-de-integracion\\\/#breadcrumb\",\"itemListElement\":[{\"@type\":\"ListItem\",\"position\":1,\"name\":\"Home\",\"item\":\"https:\\\/\\\/assist.com.co\\\/\"},{\"@type\":\"ListItem\",\"position\":2,\"name\":\"Soluciones de integraci\u00f3n\"}]},{\"@type\":\"WebSite\",\"@id\":\"https:\\\/\\\/assist.com.co\\\/#website\",\"url\":\"https:\\\/\\\/assist.com.co\\\/\",\"name\":\"Assist Consultores\",\"description\":\"Transformando Capacidades Empresariales en Sistemas Innovadores\",\"potentialAction\":[{\"@type\":\"SearchAction\",\"target\":{\"@type\":\"EntryPoint\",\"urlTemplate\":\"https:\\\/\\\/assist.com.co\\\/?s={search_term_string}\"},\"query-input\":{\"@type\":\"PropertyValueSpecification\",\"valueRequired\":true,\"valueName\":\"search_term_string\"}}],\"inLanguage\":\"en-US\"}]}<\/script>\n<!-- \/ Yoast SEO Premium plugin. -->","yoast_head_json":{"title":"Soluciones de integraci\u00f3n - Assist Consultores","description":"Soluciones para hacer frente a los retos m\u00e1s exigentes de la transformaci\u00f3n digital.","robots":{"index":"index","follow":"follow","max-snippet":"max-snippet:-1","max-image-preview":"max-image-preview:large","max-video-preview":"max-video-preview:-1"},"canonical":"https:\/\/assist.com.co\/en\/mulesoft-soluciones-de-integracion\/","og_locale":"en_US","og_type":"article","og_title":"Soluciones de integraci\u00f3n","og_description":"Soluciones para hacer frente a los retos m\u00e1s exigentes de la transformaci\u00f3n digital.","og_url":"https:\/\/assist.com.co\/en\/mulesoft-soluciones-de-integracion\/","og_site_name":"Assist Consultores","article_modified_time":"2026-02-25T15:35:27+00:00","twitter_card":"summary_large_image","schema":{"@context":"https:\/\/schema.org","@graph":[{"@type":"WebPage","@id":"https:\/\/assist.com.co\/mulesoft-soluciones-de-integracion\/","url":"https:\/\/assist.com.co\/mulesoft-soluciones-de-integracion\/","name":"Soluciones de integraci\u00f3n - Assist Consultores","isPartOf":{"@id":"https:\/\/assist.com.co\/#website"},"datePublished":"2023-03-01T19:08:22+00:00","dateModified":"2026-02-25T15:35:27+00:00","description":"Soluciones para hacer frente a los retos m\u00e1s exigentes de la transformaci\u00f3n digital.","breadcrumb":{"@id":"https:\/\/assist.com.co\/mulesoft-soluciones-de-integracion\/#breadcrumb"},"inLanguage":"en-US","potentialAction":[{"@type":"ReadAction","target":["https:\/\/assist.com.co\/mulesoft-soluciones-de-integracion\/"]}]},{"@type":"BreadcrumbList","@id":"https:\/\/assist.com.co\/mulesoft-soluciones-de-integracion\/#breadcrumb","itemListElement":[{"@type":"ListItem","position":1,"name":"Home","item":"https:\/\/assist.com.co\/"},{"@type":"ListItem","position":2,"name":"Soluciones de integraci\u00f3n"}]},{"@type":"WebSite","@id":"https:\/\/assist.com.co\/#website","url":"https:\/\/assist.com.co\/","name":"Assist Consultores","description":"Transformando Capacidades Empresariales en Sistemas Innovadores","potentialAction":[{"@type":"SearchAction","target":{"@type":"EntryPoint","urlTemplate":"https:\/\/assist.com.co\/?s={search_term_string}"},"query-input":{"@type":"PropertyValueSpecification","valueRequired":true,"valueName":"search_term_string"}}],"inLanguage":"en-US"}]}},"_links":{"self":[{"href":"https:\/\/assist.com.co\/en\/wp-json\/wp\/v2\/pages\/15517","targetHints":{"allow":["GET"]}}],"collection":[{"href":"https:\/\/assist.com.co\/en\/wp-json\/wp\/v2\/pages"}],"about":[{"href":"https:\/\/assist.com.co\/en\/wp-json\/wp\/v2\/types\/page"}],"author":[{"embeddable":true,"href":"https:\/\/assist.com.co\/en\/wp-json\/wp\/v2\/users\/1"}],"replies":[{"embeddable":true,"href":"https:\/\/assist.com.co\/en\/wp-json\/wp\/v2\/comments?post=15517"}],"version-history":[{"count":5,"href":"https:\/\/assist.com.co\/en\/wp-json\/wp\/v2\/pages\/15517\/revisions"}],"predecessor-version":[{"id":24195,"href":"https:\/\/assist.com.co\/en\/wp-json\/wp\/v2\/pages\/15517\/revisions\/24195"}],"wp:attachment":[{"href":"https:\/\/assist.com.co\/en\/wp-json\/wp\/v2\/media?parent=15517"}],"curies":[{"name":"wp","href":"https:\/\/api.w.org\/{rel}","templated":true}]}}