{"id":15746,"date":"2023-03-22T15:43:21","date_gmt":"2023-03-22T15:43:21","guid":{"rendered":"https:\/\/assist.com.co\/?page_id=15746"},"modified":"2026-02-25T15:35:29","modified_gmt":"2026-02-25T15:35:29","slug":"lanzamiento-assist-bocgroup","status":"publish","type":"page","link":"https:\/\/assist.com.co\/en\/lanzamiento-assist-bocgroup\/","title":{"rendered":"Modela tu compa\u00f1ia como lo hacen los grandes"},"content":{"rendered":"<div class=\"et_pb_section_0 et_pb_section et_section_regular et_block_section preset--module--divi-section--default\"><div class=\"et_pb_row_0 et_pb_row et_block_row\"><div class=\"et_pb_column_0 et_pb_column et_pb_column_1_2 et_block_column et_pb_css_mix_blend_mode_passthrough\"><div class=\"et_pb_image_0 et_pb_image et_pb_module et_block_module\"><span class=\"et_pb_image_wrap\"><img loading=\"lazy\" decoding=\"async\" src=\"https:\/\/assist.com.co\/wp-content\/uploads\/2023\/03\/webinar-alianza.2-03.webp\" width=\"1080\" height=\"1919\" srcset=\"https:\/\/assist.com.co\/wp-content\/uploads\/2023\/03\/webinar-alianza.2-03.webp 1080w, https:\/\/assist.com.co\/wp-content\/uploads\/2023\/03\/webinar-alianza.2-03-980x1741.webp 980w, https:\/\/assist.com.co\/wp-content\/uploads\/2023\/03\/webinar-alianza.2-03-480x853.webp 480w\" sizes=\"(min-width: 0px) and (max-width: 480px) 480px, (min-width: 481px) and (max-width: 980px) 980px, (min-width: 981px) 1080px, 100vw\" class=\"wp-image-15827\" title=\"webinar alianza.2-03\" alt=\"arquitectura-empresarial-evento\" \/><\/span><\/div><\/div><div class=\"et_pb_column_1 et_pb_column et_pb_column_1_2 et-last-child et_block_column et_pb_css_mix_blend_mode_passthrough\"><div class=\"et_pb_code_0 et_pb_code et_pb_module\"><div class=\"et_pb_code_inner\"><iframe loading=\"lazy\" src=\"https:\/\/docs.google.com\/forms\/d\/e\/1FAIpQLScSsiHQh_y_OmfmiIIMKhQ5RpvdLc3N0VnhoCTeSuznld1OXg\/viewform?embedded=true\" width=\"640\" height=\"900\" frameborder=\"0\" marginheight=\"0\" marginwidth=\"0\">Cargando\u2026<\/iframe><\/div><\/div><\/div><\/div><\/div>","protected":false},"excerpt":{"rendered":"","protected":false},"author":1,"featured_media":0,"parent":0,"menu_order":0,"comment_status":"closed","ping_status":"closed","template":"page-template-blank.php","meta":{"inline_featured_image":false,"footnotes":""},"class_list":["post-15746","page","type-page","status-publish","hentry"],"yoast_head":"<!-- This site is optimized with the Yoast SEO Premium plugin v25.2 (Yoast SEO v27.4) - https:\/\/yoast.com\/product\/yoast-seo-premium-wordpress\/ -->\n<title>Modela tu compa\u00f1ia como lo hacen los grandes<\/title>\n<meta name=\"description\" content=\"Conoce de la mano de los expertos de Assist y BOC, porque la Arquitectura Empresarial y la tecnolog\u00eda son los principales factores para el \u00e9xito en la modelaci\u00f3n de procesos.\" \/>\n<meta name=\"robots\" content=\"index, follow, max-snippet:-1, max-image-preview:large, max-video-preview:-1\" \/>\n<link rel=\"canonical\" href=\"https:\/\/assist.com.co\/en\/lanzamiento-assist-bocgroup\/\" \/>\n<meta property=\"og:locale\" content=\"en_US\" \/>\n<meta property=\"og:type\" content=\"article\" \/>\n<meta property=\"og:title\" content=\"Modela tu compa\u00f1ia como lo hacen los grandes\" \/>\n<meta property=\"og:description\" content=\"Conoce de la mano de los expertos de Assist y BOC, porque la Arquitectura Empresarial y la tecnolog\u00eda son los principales factores para el \u00e9xito en la modelaci\u00f3n de procesos.\" \/>\n<meta property=\"og:url\" content=\"https:\/\/assist.com.co\/en\/lanzamiento-assist-bocgroup\/\" \/>\n<meta property=\"og:site_name\" content=\"Assist Consultores\" \/>\n<meta property=\"article:modified_time\" content=\"2026-02-25T15:35:29+00:00\" \/>\n<meta name=\"twitter:card\" content=\"summary_large_image\" \/>\n<meta name=\"twitter:label1\" content=\"Est. reading time\" \/>\n\t<meta name=\"twitter:data1\" content=\"1 minute\" \/>\n<script type=\"application\/ld+json\" class=\"yoast-schema-graph\">{\"@context\":\"https:\\\/\\\/schema.org\",\"@graph\":[{\"@type\":\"WebPage\",\"@id\":\"https:\\\/\\\/assist.com.co\\\/lanzamiento-assist-bocgroup\\\/\",\"url\":\"https:\\\/\\\/assist.com.co\\\/lanzamiento-assist-bocgroup\\\/\",\"name\":\"Modela tu compa\u00f1ia como lo hacen los grandes\",\"isPartOf\":{\"@id\":\"https:\\\/\\\/assist.com.co\\\/#website\"},\"datePublished\":\"2023-03-22T15:43:21+00:00\",\"dateModified\":\"2026-02-25T15:35:29+00:00\",\"description\":\"Conoce de la mano de los expertos de Assist y BOC, porque la Arquitectura Empresarial y la tecnolog\u00eda son los principales factores para el \u00e9xito en la modelaci\u00f3n de procesos.\",\"breadcrumb\":{\"@id\":\"https:\\\/\\\/assist.com.co\\\/lanzamiento-assist-bocgroup\\\/#breadcrumb\"},\"inLanguage\":\"en-US\",\"potentialAction\":[{\"@type\":\"ReadAction\",\"target\":[\"https:\\\/\\\/assist.com.co\\\/lanzamiento-assist-bocgroup\\\/\"]}]},{\"@type\":\"BreadcrumbList\",\"@id\":\"https:\\\/\\\/assist.com.co\\\/lanzamiento-assist-bocgroup\\\/#breadcrumb\",\"itemListElement\":[{\"@type\":\"ListItem\",\"position\":1,\"name\":\"Home\",\"item\":\"https:\\\/\\\/assist.com.co\\\/\"},{\"@type\":\"ListItem\",\"position\":2,\"name\":\"Modela tu compa\u00f1ia como lo hacen los grandes\"}]},{\"@type\":\"WebSite\",\"@id\":\"https:\\\/\\\/assist.com.co\\\/#website\",\"url\":\"https:\\\/\\\/assist.com.co\\\/\",\"name\":\"Assist Consultores\",\"description\":\"Transformando Capacidades Empresariales en Sistemas Innovadores\",\"potentialAction\":[{\"@type\":\"SearchAction\",\"target\":{\"@type\":\"EntryPoint\",\"urlTemplate\":\"https:\\\/\\\/assist.com.co\\\/?s={search_term_string}\"},\"query-input\":{\"@type\":\"PropertyValueSpecification\",\"valueRequired\":true,\"valueName\":\"search_term_string\"}}],\"inLanguage\":\"en-US\"}]}<\/script>\n<!-- \/ Yoast SEO Premium plugin. -->","yoast_head_json":{"title":"Modela tu compa\u00f1ia como lo hacen los grandes","description":"Conoce de la mano de los expertos de Assist y BOC, porque la Arquitectura Empresarial y la tecnolog\u00eda son los principales factores para el \u00e9xito en la modelaci\u00f3n de procesos.","robots":{"index":"index","follow":"follow","max-snippet":"max-snippet:-1","max-image-preview":"max-image-preview:large","max-video-preview":"max-video-preview:-1"},"canonical":"https:\/\/assist.com.co\/en\/lanzamiento-assist-bocgroup\/","og_locale":"en_US","og_type":"article","og_title":"Modela tu compa\u00f1ia como lo hacen los grandes","og_description":"Conoce de la mano de los expertos de Assist y BOC, porque la Arquitectura Empresarial y la tecnolog\u00eda son los principales factores para el \u00e9xito en la modelaci\u00f3n de procesos.","og_url":"https:\/\/assist.com.co\/en\/lanzamiento-assist-bocgroup\/","og_site_name":"Assist Consultores","article_modified_time":"2026-02-25T15:35:29+00:00","twitter_card":"summary_large_image","twitter_misc":{"Est. reading time":"1 minute"},"schema":{"@context":"https:\/\/schema.org","@graph":[{"@type":"WebPage","@id":"https:\/\/assist.com.co\/lanzamiento-assist-bocgroup\/","url":"https:\/\/assist.com.co\/lanzamiento-assist-bocgroup\/","name":"Modela tu compa\u00f1ia como lo hacen los grandes","isPartOf":{"@id":"https:\/\/assist.com.co\/#website"},"datePublished":"2023-03-22T15:43:21+00:00","dateModified":"2026-02-25T15:35:29+00:00","description":"Conoce de la mano de los expertos de Assist y BOC, porque la Arquitectura Empresarial y la tecnolog\u00eda son los principales factores para el \u00e9xito en la modelaci\u00f3n de procesos.","breadcrumb":{"@id":"https:\/\/assist.com.co\/lanzamiento-assist-bocgroup\/#breadcrumb"},"inLanguage":"en-US","potentialAction":[{"@type":"ReadAction","target":["https:\/\/assist.com.co\/lanzamiento-assist-bocgroup\/"]}]},{"@type":"BreadcrumbList","@id":"https:\/\/assist.com.co\/lanzamiento-assist-bocgroup\/#breadcrumb","itemListElement":[{"@type":"ListItem","position":1,"name":"Home","item":"https:\/\/assist.com.co\/"},{"@type":"ListItem","position":2,"name":"Modela tu compa\u00f1ia como lo hacen los grandes"}]},{"@type":"WebSite","@id":"https:\/\/assist.com.co\/#website","url":"https:\/\/assist.com.co\/","name":"Assist Consultores","description":"Transformando Capacidades Empresariales en Sistemas Innovadores","potentialAction":[{"@type":"SearchAction","target":{"@type":"EntryPoint","urlTemplate":"https:\/\/assist.com.co\/?s={search_term_string}"},"query-input":{"@type":"PropertyValueSpecification","valueRequired":true,"valueName":"search_term_string"}}],"inLanguage":"en-US"}]}},"_links":{"self":[{"href":"https:\/\/assist.com.co\/en\/wp-json\/wp\/v2\/pages\/15746","targetHints":{"allow":["GET"]}}],"collection":[{"href":"https:\/\/assist.com.co\/en\/wp-json\/wp\/v2\/pages"}],"about":[{"href":"https:\/\/assist.com.co\/en\/wp-json\/wp\/v2\/types\/page"}],"author":[{"embeddable":true,"href":"https:\/\/assist.com.co\/en\/wp-json\/wp\/v2\/users\/1"}],"replies":[{"embeddable":true,"href":"https:\/\/assist.com.co\/en\/wp-json\/wp\/v2\/comments?post=15746"}],"version-history":[{"count":6,"href":"https:\/\/assist.com.co\/en\/wp-json\/wp\/v2\/pages\/15746\/revisions"}],"predecessor-version":[{"id":24196,"href":"https:\/\/assist.com.co\/en\/wp-json\/wp\/v2\/pages\/15746\/revisions\/24196"}],"wp:attachment":[{"href":"https:\/\/assist.com.co\/en\/wp-json\/wp\/v2\/media?parent=15746"}],"curies":[{"name":"wp","href":"https:\/\/api.w.org\/{rel}","templated":true}]}}