{"id":16014,"date":"2023-04-13T16:46:46","date_gmt":"2023-04-13T16:46:46","guid":{"rendered":"https:\/\/assist.com.co\/?page_id=16014"},"modified":"2026-02-25T15:35:38","modified_gmt":"2026-02-25T15:35:38","slug":"microsoft-azure","status":"publish","type":"page","link":"https:\/\/assist.com.co\/en\/microsoft-azure\/","title":{"rendered":"Microsoft Azure"},"content":{"rendered":"<div class=\"et_pb_section_0 et_pb_section et_pb_fullwidth_section et_section_regular et_block_section\"><section class=\"et_pb_fullwidth_header_0 et_pb_fullwidth_header et_pb_header_with_image et_pb_bg_layout_dark et_pb_text_align_left et_pb_module et_flex_module\"><div class=\"et_pb_fullwidth_header_container left\"><div class=\"header-content-container center\"><div class=\"header-content et_flex_module\"><div class=\"et_pb_header_button_wrapper\"><\/div><\/div><\/div><div class=\"header-image-container center\"><div class=\"header-image\"><img loading=\"lazy\" decoding=\"async\" src=\"https:\/\/assist.com.co\/wp-content\/uploads\/2023\/04\/azure.webp\" width=\"1400\" height=\"600\" srcset=\"https:\/\/assist.com.co\/wp-content\/uploads\/2023\/04\/azure.webp 1400w, https:\/\/assist.com.co\/wp-content\/uploads\/2023\/04\/azure-1280x549.webp 1280w, https:\/\/assist.com.co\/wp-content\/uploads\/2023\/04\/azure-980x420.webp 980w, https:\/\/assist.com.co\/wp-content\/uploads\/2023\/04\/azure-480x206.webp 480w\" sizes=\"(min-width: 0px) and (max-width: 480px) 480px, (min-width: 481px) and (max-width: 980px) 980px, (min-width: 981px) and (max-width: 1280px) 1280px, (min-width: 1281px) 1400px, 100vw\" class=\"wp-image-16060\" \/><\/div><\/div><\/div><div class=\"et_pb_fullwidth_header_overlay\"><\/div><div class=\"et_pb_fullwidth_header_scroll\"><a class=\"scroll-down-container\" href=\"#\"><span class=\"scroll-down et-pb-icon\">\ue044<\/span><\/a><\/div><\/section><\/div><div class=\"et_pb_section_1 et_pb_section et_pb_fullwidth_section et_section_regular et_block_section\"><section class=\"et_pb_fullwidth_header_1 et_pb_fullwidth_header et_pb_bg_layout_dark et_pb_text_align_left et_pb_module et_flex_module\"><div class=\"et_pb_fullwidth_header_container left\"><div class=\"header-content-container center\"><div class=\"header-content et_flex_module\"><h1 class=\"et_pb_module_header\">What is Azure?<\/h1><div class=\"et_pb_header_content_wrapper\"><h3><span style=\"color: #000000;\">The Azure platform is comprised of more than 200 cloud products and services designed to help you bring new solutions to life to solve today's challenges and create the future. Build, run, and manage applications across clouds, on-premises, and at the edge, with the tools and frameworks you prefer.<\/span><\/h3>\n<\/div><div class=\"et_pb_header_button_wrapper\"><a class=\"et_pb_button et_pb_more_button et_pb_button_one\" href=\"\">Let\u2019s talk!<\/a><\/div><\/div><\/div><\/div><div class=\"et_pb_fullwidth_header_overlay\"><\/div><div class=\"et_pb_fullwidth_header_scroll\"><\/div><\/section><\/div><div class=\"et_pb_section_2 et_pb_section et_section_regular et_block_section preset--module--divi-section--default\"><div class=\"et_pb_row_0 et_pb_row et_block_row\"><div class=\"et_pb_column_0 et_pb_column et_pb_column_4_4 et-last-child et_block_column et_pb_css_mix_blend_mode_passthrough\"><div class=\"et_pb_text_0 et_pb_text et_pb_bg_layout_light et_pb_module et_block_module\"><div class=\"et_pb_text_inner\"><h1 style=\"text-align: center;\"><em><strong>BENEFITS<\/strong><\/em><\/h1>\n<\/div><\/div><\/div><\/div><div class=\"et_pb_row_1 et_pb_row et_block_row\"><div class=\"et_pb_column_1 et_pb_column et_pb_column_4_4 et-last-child et_block_column et_pb_css_mix_blend_mode_passthrough\"><div class=\"et_pb_divider_0 et_pb_divider et_pb_space et_pb_divider_position_top et_pb_module\"><div class=\"et_pb_divider_internal\"><\/div><\/div><\/div><\/div><\/div><div class=\"et_pb_section_3 et_pb_section et_section_regular et_block_section preset--module--divi-section--default\"><div class=\"et_pb_row_2 et_pb_row et_block_row\"><div class=\"et_pb_column_2 et_pb_column et_pb_column_3_5 et_block_column et_pb_css_mix_blend_mode_passthrough\"><div class=\"et_pb_text_1 et_pb_text et_pb_bg_layout_light et_pb_module et_block_module\"><div class=\"et_pb_text_inner\"><h2 class=\"text-heading4\"><span style=\"font-size: xx-large;\"><strong><span style=\"color: #000000;\">Trust your cloud<\/span><\/strong><\/span><\/h2>\n<p><span style=\"color: #000000; font-family: Arial; font-weight: normal; font-size: large;\">Get security from the start, backed by a team of experts, and proactive regulatory compliance trusted by businesses, governments, and startups.<\/span><\/p>\n<\/div><\/div><\/div><div class=\"et_pb_column_3 et_pb_column et_pb_column_2_5 et-last-child et_block_column et_pb_css_mix_blend_mode_passthrough\"><div class=\"et_pb_image_0 et_pb_image et_pb_module et_block_module\"><span class=\"et_pb_image_wrap\"><img loading=\"lazy\" decoding=\"async\" src=\"https:\/\/assist.com.co\/wp-content\/uploads\/2023\/04\/cloud-computing.webp\" width=\"1080\" height=\"1080\" srcset=\"https:\/\/assist.com.co\/wp-content\/uploads\/2023\/04\/cloud-computing.webp 1080w, https:\/\/assist.com.co\/wp-content\/uploads\/2023\/04\/cloud-computing-980x980.webp 980w, https:\/\/assist.com.co\/wp-content\/uploads\/2023\/04\/cloud-computing-480x480.webp 480w\" sizes=\"(min-width: 0px) and (max-width: 480px) 480px, (min-width: 481px) and (max-width: 980px) 980px, (min-width: 981px) 1080px, 100vw\" class=\"wp-image-16091\" title=\"cloud-computing\" alt=\"cloud-computing\" \/><\/span><\/div><\/div><\/div><\/div><div class=\"et_pb_section_4 et_pb_section et_section_regular et_block_section preset--module--divi-section--default\"><div class=\"et_pb_row_3 et_pb_row et_block_row\"><div class=\"et_pb_column_4 et_pb_column et_pb_column_1_3 et_block_column et_pb_css_mix_blend_mode_passthrough\"><div class=\"et_pb_image_1 et_pb_image et_pb_module et_block_module\"><span class=\"et_pb_image_wrap\"><img loading=\"lazy\" decoding=\"async\" src=\"https:\/\/assist.com.co\/wp-content\/uploads\/2023\/04\/c1.webp\" width=\"1080\" height=\"1080\" srcset=\"https:\/\/assist.com.co\/wp-content\/uploads\/2023\/04\/c1.webp 1080w, https:\/\/assist.com.co\/wp-content\/uploads\/2023\/04\/c1-980x980.webp 980w, https:\/\/assist.com.co\/wp-content\/uploads\/2023\/04\/c1-480x480.webp 480w\" sizes=\"(min-width: 0px) and (max-width: 480px) 480px, (min-width: 481px) and (max-width: 980px) 980px, (min-width: 981px) 1080px, 100vw\" class=\"wp-image-16092\" title=\"c1\" \/><\/span><\/div><\/div><div class=\"et_pb_column_5 et_pb_column et_pb_column_2_3 et-last-child et_block_column et_pb_css_mix_blend_mode_passthrough\"><div class=\"et_pb_text_2 et_pb_text et_pb_bg_layout_light et_pb_module et_block_module\"><div class=\"et_pb_text_inner\"><h1 class=\"text-heading4\"><span style=\"font-size: xx-large; font-family: Arial; font-weight: normal; color: #000000;\"><strong>Work in a hybrid environment without problems<\/strong><\/span><\/h1>\n<p><span style=\"color: #000000; font-size: large; font-family: Arial; font-weight: normal;\">On-premises, across clouds, and at the edge, wherever you need it. Integrate and manage your environments with services designed for the hybrid cloud.<\/span><\/p>\n<\/div><\/div><div class=\"et_pb_module et_pb_button_module_wrapper et_pb_button_0_wrapper\"><a class=\"et_pb_button_0 et_pb_button et_pb_bg_layout_light et_pb_module et_block_module\" href=\"https:\/\/assist.com.co\/en\/solicitudes\/\">Talk to an expert<\/a><\/div><\/div><\/div><\/div><div class=\"et_pb_section_5 et_pb_section et_section_regular et_block_section preset--module--divi-section--default\"><div class=\"et_pb_row_4 et_pb_row et_block_row\"><div class=\"et_pb_column_6 et_pb_column et_pb_column_4_4 et-last-child et_block_column et_pb_css_mix_blend_mode_passthrough\"><div class=\"et_pb_text_3 et_pb_text et_pb_bg_layout_light et_pb_module et_block_module\"><div class=\"et_pb_text_inner\"><h1 style=\"text-align: center;\"><strong><span style=\"color: #ff0000;\"><em>SOLUTIONS<\/em><\/span><\/strong><\/h1>\n<\/div><\/div><\/div><\/div><div class=\"et_pb_row_5 et_pb_row et_block_row\"><div class=\"et_pb_column_7 et_pb_column et_pb_column_4_4 et-last-child et_block_column et_pb_css_mix_blend_mode_passthrough\"><div class=\"et_pb_divider_1 et_pb_divider et_pb_space et_pb_divider_position_top et_pb_module\"><div class=\"et_pb_divider_internal\"><\/div><\/div><\/div><\/div><\/div><div class=\"et_pb_section_6 et_pb_section et_section_regular et_block_section preset--module--divi-section--default\"><div class=\"et_pb_row_6 et_pb_row et_block_row\"><div class=\"et_pb_column_8 et_pb_column et_pb_column_4_4 et-last-child et_block_column et_pb_css_mix_blend_mode_passthrough\"><div class=\"et_pb_cta_0 et_pb_promo et_pb_bg_layout_dark et_pb_module et_block_module\"><div class=\"et_pb_promo_description\"><h1 class=\"et_pb_module_header\">Solutions do the work for you<\/h1><div class=\"et_pb_promo_content\"><p><span style=\"font-size: x-large; color: #000000;\">Find answers to the business challenges you face with the Azure solution that brings together everything you need: related products, services, and external applications.\u00a0<\/span><\/p>\n<\/div><\/div><\/div><\/div><\/div><\/div><div class=\"et_pb_section_7 et_pb_section et_section_regular et_block_section preset--module--divi-section--default\"><div class=\"et_pb_row_7 et_pb_row et_block_row\"><div class=\"et_pb_column_9 et_pb_column et_pb_column_3_5 et_block_column et_pb_css_mix_blend_mode_passthrough\"><div class=\"et_pb_text_4 et_pb_text et_pb_bg_layout_light et_pb_module et_block_module\"><div class=\"et_pb_text_inner\"><h2 class=\"text-heading4\"><span style=\"font-size: xx-large;\"><strong><span style=\"color: #000000;\">Create solutions the way you like<\/span><\/strong><\/span><\/h2>\n<p><span style=\"color: #000000; font-family: Arial; font-weight: normal; font-size: large;\">As part of our commitment to open source and support all languages \u200b\u200band platforms, we give you the ability to build solutions the way you want and deploy them wherever you want.<\/span><\/p>\n<\/div><\/div><\/div><div class=\"et_pb_column_10 et_pb_column et_pb_column_2_5 et-last-child et_block_column et_pb_css_mix_blend_mode_passthrough\"><div class=\"et_pb_image_2 et_pb_image et_pb_module et_block_module\"><span class=\"et_pb_image_wrap\"><img loading=\"lazy\" decoding=\"async\" src=\"https:\/\/assist.com.co\/wp-content\/uploads\/2023\/04\/soluciones-1.webp\" width=\"1500\" height=\"695\" srcset=\"https:\/\/assist.com.co\/wp-content\/uploads\/2023\/04\/soluciones-1.webp 1500w, https:\/\/assist.com.co\/wp-content\/uploads\/2023\/04\/soluciones-1-1280x593.webp 1280w, https:\/\/assist.com.co\/wp-content\/uploads\/2023\/04\/soluciones-1-980x454.webp 980w, https:\/\/assist.com.co\/wp-content\/uploads\/2023\/04\/soluciones-1-480x222.webp 480w\" sizes=\"(min-width: 0px) and (max-width: 480px) 480px, (min-width: 481px) and (max-width: 980px) 980px, (min-width: 981px) and (max-width: 1280px) 1280px, (min-width: 1281px) 1500px, 100vw\" class=\"wp-image-16096\" title=\"soluciones (1)\" \/><\/span><\/div><\/div><\/div><div class=\"et_pb_row_8 et_pb_row et_block_row\"><div class=\"et_pb_column_11 et_pb_column et_pb_column_2_5 et_block_column et_pb_css_mix_blend_mode_passthrough\"><div class=\"et_pb_image_3 et_pb_image et_pb_module et_block_module\"><span class=\"et_pb_image_wrap\"><img loading=\"lazy\" decoding=\"async\" src=\"https:\/\/assist.com.co\/wp-content\/uploads\/2023\/04\/cl4-1.webp\" width=\"1080\" height=\"500\" srcset=\"https:\/\/assist.com.co\/wp-content\/uploads\/2023\/04\/cl4-1.webp 1080w, https:\/\/assist.com.co\/wp-content\/uploads\/2023\/04\/cl4-1-980x454.webp 980w, https:\/\/assist.com.co\/wp-content\/uploads\/2023\/04\/cl4-1-480x222.webp 480w\" sizes=\"(min-width: 0px) and (max-width: 480px) 480px, (min-width: 481px) and (max-width: 980px) 980px, (min-width: 981px) 1080px, 100vw\" class=\"wp-image-16098\" title=\"cl4 (1)\" \/><\/span><\/div><\/div><div class=\"et_pb_column_12 et_pb_column et_pb_column_3_5 et-last-child et_block_column et_pb_css_mix_blend_mode_passthrough\"><div class=\"et_pb_text_5 et_pb_text et_pb_bg_layout_light et_pb_module et_block_module\"><div class=\"et_pb_text_inner\"><h2 class=\"text-heading4\"><span style=\"font-size: xx-large;\"><strong><span style=\"color: #000000;\">Prepare for the future<\/span><\/strong><\/span><\/h2>\n<p><span style=\"color: #000000; font-family: Arial; font-weight: normal; font-size: large;\">Microsoft's continuous innovation underpins the development work it does today and its future product ideas.<\/span><\/p>\n<\/div><\/div><\/div><\/div><\/div>","protected":false},"excerpt":{"rendered":"","protected":false},"author":1,"featured_media":0,"parent":0,"menu_order":0,"comment_status":"closed","ping_status":"closed","template":"","meta":{"inline_featured_image":false,"footnotes":""},"class_list":["post-16014","page","type-page","status-publish","hentry"],"yoast_head":"<!-- This site is optimized with the Yoast SEO Premium plugin v25.2 (Yoast SEO v27.4) - https:\/\/yoast.com\/product\/yoast-seo-premium-wordpress\/ -->\n<title>Microsoft Azure - Assist Consultores<\/title>\n<meta name=\"description\" content=\"La plataforma Azure est\u00e1 compuesta por m\u00e1s de 200 productos y servicios en la nube dise\u00f1ados para ayudarle a dar vida a nuevas soluciones.\" \/>\n<meta name=\"robots\" content=\"index, follow, max-snippet:-1, max-image-preview:large, max-video-preview:-1\" \/>\n<link rel=\"canonical\" href=\"https:\/\/assist.com.co\/en\/microsoft-azure\/\" \/>\n<meta property=\"og:locale\" content=\"en_US\" \/>\n<meta property=\"og:type\" content=\"article\" \/>\n<meta property=\"og:title\" content=\"Microsoft Azure\" \/>\n<meta property=\"og:description\" content=\"La plataforma Azure est\u00e1 compuesta por m\u00e1s de 200 productos y servicios en la nube dise\u00f1ados para ayudarle a dar vida a nuevas soluciones.\" \/>\n<meta property=\"og:url\" content=\"https:\/\/assist.com.co\/en\/microsoft-azure\/\" \/>\n<meta property=\"og:site_name\" content=\"Assist Consultores\" \/>\n<meta property=\"article:modified_time\" content=\"2026-02-25T15:35:38+00:00\" \/>\n<meta name=\"twitter:card\" content=\"summary_large_image\" \/>\n<meta name=\"twitter:label1\" content=\"Est. reading time\" \/>\n\t<meta name=\"twitter:data1\" content=\"3 minutes\" \/>\n<script type=\"application\/ld+json\" class=\"yoast-schema-graph\">{\"@context\":\"https:\\\/\\\/schema.org\",\"@graph\":[{\"@type\":\"WebPage\",\"@id\":\"https:\\\/\\\/assist.com.co\\\/microsoft-azure\\\/\",\"url\":\"https:\\\/\\\/assist.com.co\\\/microsoft-azure\\\/\",\"name\":\"Microsoft Azure - Assist Consultores\",\"isPartOf\":{\"@id\":\"https:\\\/\\\/assist.com.co\\\/#website\"},\"datePublished\":\"2023-04-13T16:46:46+00:00\",\"dateModified\":\"2026-02-25T15:35:38+00:00\",\"description\":\"La plataforma Azure est\u00e1 compuesta por m\u00e1s de 200 productos y servicios en la nube dise\u00f1ados para ayudarle a dar vida a nuevas soluciones.\",\"breadcrumb\":{\"@id\":\"https:\\\/\\\/assist.com.co\\\/microsoft-azure\\\/#breadcrumb\"},\"inLanguage\":\"en-US\",\"potentialAction\":[{\"@type\":\"ReadAction\",\"target\":[\"https:\\\/\\\/assist.com.co\\\/microsoft-azure\\\/\"]}]},{\"@type\":\"BreadcrumbList\",\"@id\":\"https:\\\/\\\/assist.com.co\\\/microsoft-azure\\\/#breadcrumb\",\"itemListElement\":[{\"@type\":\"ListItem\",\"position\":1,\"name\":\"Home\",\"item\":\"https:\\\/\\\/assist.com.co\\\/\"},{\"@type\":\"ListItem\",\"position\":2,\"name\":\"Microsoft Azure\"}]},{\"@type\":\"WebSite\",\"@id\":\"https:\\\/\\\/assist.com.co\\\/#website\",\"url\":\"https:\\\/\\\/assist.com.co\\\/\",\"name\":\"Assist Consultores\",\"description\":\"Transformando Capacidades Empresariales en Sistemas Innovadores\",\"potentialAction\":[{\"@type\":\"SearchAction\",\"target\":{\"@type\":\"EntryPoint\",\"urlTemplate\":\"https:\\\/\\\/assist.com.co\\\/?s={search_term_string}\"},\"query-input\":{\"@type\":\"PropertyValueSpecification\",\"valueRequired\":true,\"valueName\":\"search_term_string\"}}],\"inLanguage\":\"en-US\"}]}<\/script>\n<!-- \/ Yoast SEO Premium plugin. -->","yoast_head_json":{"title":"Microsoft Azure - Assist Consultores","description":"La plataforma Azure est\u00e1 compuesta por m\u00e1s de 200 productos y servicios en la nube dise\u00f1ados para ayudarle a dar vida a nuevas soluciones.","robots":{"index":"index","follow":"follow","max-snippet":"max-snippet:-1","max-image-preview":"max-image-preview:large","max-video-preview":"max-video-preview:-1"},"canonical":"https:\/\/assist.com.co\/en\/microsoft-azure\/","og_locale":"en_US","og_type":"article","og_title":"Microsoft Azure","og_description":"La plataforma Azure est\u00e1 compuesta por m\u00e1s de 200 productos y servicios en la nube dise\u00f1ados para ayudarle a dar vida a nuevas soluciones.","og_url":"https:\/\/assist.com.co\/en\/microsoft-azure\/","og_site_name":"Assist Consultores","article_modified_time":"2026-02-25T15:35:38+00:00","twitter_card":"summary_large_image","twitter_misc":{"Est. reading time":"3 minutes"},"schema":{"@context":"https:\/\/schema.org","@graph":[{"@type":"WebPage","@id":"https:\/\/assist.com.co\/microsoft-azure\/","url":"https:\/\/assist.com.co\/microsoft-azure\/","name":"Microsoft Azure - Assist Consultores","isPartOf":{"@id":"https:\/\/assist.com.co\/#website"},"datePublished":"2023-04-13T16:46:46+00:00","dateModified":"2026-02-25T15:35:38+00:00","description":"La plataforma Azure est\u00e1 compuesta por m\u00e1s de 200 productos y servicios en la nube dise\u00f1ados para ayudarle a dar vida a nuevas soluciones.","breadcrumb":{"@id":"https:\/\/assist.com.co\/microsoft-azure\/#breadcrumb"},"inLanguage":"en-US","potentialAction":[{"@type":"ReadAction","target":["https:\/\/assist.com.co\/microsoft-azure\/"]}]},{"@type":"BreadcrumbList","@id":"https:\/\/assist.com.co\/microsoft-azure\/#breadcrumb","itemListElement":[{"@type":"ListItem","position":1,"name":"Home","item":"https:\/\/assist.com.co\/"},{"@type":"ListItem","position":2,"name":"Microsoft Azure"}]},{"@type":"WebSite","@id":"https:\/\/assist.com.co\/#website","url":"https:\/\/assist.com.co\/","name":"Assist Consultores","description":"Transformando Capacidades Empresariales en Sistemas Innovadores","potentialAction":[{"@type":"SearchAction","target":{"@type":"EntryPoint","urlTemplate":"https:\/\/assist.com.co\/?s={search_term_string}"},"query-input":{"@type":"PropertyValueSpecification","valueRequired":true,"valueName":"search_term_string"}}],"inLanguage":"en-US"}]}},"_links":{"self":[{"href":"https:\/\/assist.com.co\/en\/wp-json\/wp\/v2\/pages\/16014","targetHints":{"allow":["GET"]}}],"collection":[{"href":"https:\/\/assist.com.co\/en\/wp-json\/wp\/v2\/pages"}],"about":[{"href":"https:\/\/assist.com.co\/en\/wp-json\/wp\/v2\/types\/page"}],"author":[{"embeddable":true,"href":"https:\/\/assist.com.co\/en\/wp-json\/wp\/v2\/users\/1"}],"replies":[{"embeddable":true,"href":"https:\/\/assist.com.co\/en\/wp-json\/wp\/v2\/comments?post=16014"}],"version-history":[{"count":6,"href":"https:\/\/assist.com.co\/en\/wp-json\/wp\/v2\/pages\/16014\/revisions"}],"predecessor-version":[{"id":24199,"href":"https:\/\/assist.com.co\/en\/wp-json\/wp\/v2\/pages\/16014\/revisions\/24199"}],"wp:attachment":[{"href":"https:\/\/assist.com.co\/en\/wp-json\/wp\/v2\/media?parent=16014"}],"curies":[{"name":"wp","href":"https:\/\/api.w.org\/{rel}","templated":true}]}}