{"id":16285,"date":"2023-04-26T11:15:41","date_gmt":"2023-04-26T11:15:41","guid":{"rendered":"https:\/\/assist.com.co\/?page_id=16285"},"modified":"2026-02-25T15:35:42","modified_gmt":"2026-02-25T15:35:42","slug":"ach-colombia","status":"publish","type":"page","link":"https:\/\/assist.com.co\/en\/ach-colombia\/","title":{"rendered":"ACH Colombia"},"content":{"rendered":"<div class=\"et_pb_section_0 et_pb_section et_section_regular et_block_section et_animated preset--module--divi-section--default\"><div class=\"et_pb_row_0 et_pb_row et_block_row\"><div class=\"et_pb_column_0 et_pb_column et_pb_column_2_5 et_block_column et_pb_css_mix_blend_mode_passthrough\"><div class=\"et_pb_image_0 et_pb_image et_pb_module et_block_module\"><span class=\"et_pb_image_wrap\"><img loading=\"lazy\" decoding=\"async\" src=\"https:\/\/assist.com.co\/wp-content\/uploads\/2023\/04\/ach-2.webp\" width=\"1080\" height=\"1080\" srcset=\"https:\/\/assist.com.co\/wp-content\/uploads\/2023\/04\/ach-2.webp 1080w, https:\/\/assist.com.co\/wp-content\/uploads\/2023\/04\/ach-2-980x980.webp 980w, https:\/\/assist.com.co\/wp-content\/uploads\/2023\/04\/ach-2-480x480.webp 480w\" sizes=\"(min-width: 0px) and (max-width: 480px) 480px, (min-width: 481px) and (max-width: 980px) 980px, (min-width: 981px) 1080px, 100vw\" class=\"wp-image-16295\" title=\"ach 2\" \/><\/span><\/div><\/div><div class=\"et_pb_column_1 et_pb_column et_pb_column_3_5 et-last-child et_block_column et_pb_css_mix_blend_mode_passthrough\"><div class=\"et_pb_text_0 et_pb_text et_pb_bg_layout_light et_pb_module et_block_module\"><div class=\"et_pb_text_inner\"><h1><span style=\"color: #000080;\"><strong>ACH Colombia <\/strong><\/span><\/h1>\n<p><span style=\"color: #000000; font-size: x-large;\"> ACH Colombia es una red de pagos electr\u00f3nicos en Colombia que permite a las empresas y a los consumidores realizar transacciones financieras de manera electr\u00f3nica, r\u00e1pida y segura; su funci\u00f3n principal es simplificar y agilizar el procesamiento de pagos electr\u00f3nicos, eliminando la necesidad de realizar transacciones en efectivo o mediante cheques. Con esto los usuarios pueden realizar transferencias de fondos, pagos de facturas, pagos de n\u00f3mina, entre otras transacciones, de manera r\u00e1pida y segura.<\/span><\/p>\n<p><span style=\"color: #000000;\">\u00a0<\/span><\/p>\n<\/div><\/div><\/div><\/div><\/div><div class=\"et_pb_section_1 et_pb_section et_section_regular et_block_section preset--module--divi-section--default\"><div class=\"et_pb_row_1 et_pb_row et_block_row et_animated\"><div class=\"et_pb_column_2 et_pb_column et_pb_column_3_5 et_block_column et_pb_css_mix_blend_mode_passthrough\"><div class=\"et_pb_text_1 et_pb_text et_pb_bg_layout_light et_pb_module et_block_module\"><div class=\"et_pb_text_inner\"><h2><span style=\"color: #008080;\"><strong>Desaf\u00edo empresarial<\/strong><\/span><\/h2>\n<p><span style=\"color: #000000; font-size: medium;\">ACH Colombia est\u00e1 realizando un proceso de transformaci\u00f3n, el cual plantea cambios en aspectos de negocio y a nivel organizacional, por lo que se efectu\u00f3 un proyecto de definici\u00f3n de la arquitectura objetivo de plataforma tecnol\u00f3gica que busca satisfacer las necesidades tecnol\u00f3gicas requeridas por la compa\u00f1\u00eda para lograr esta transformaci\u00f3n.<\/span><\/p>\n<p><span style=\"color: #000000;\"><span style=\"font-size: medium;\">Como parte de la estrategia y de los requerimientos de la compa\u00f1\u00eda en esta transformaci\u00f3n, se identific\u00f3 la necesidad de desarrollar capacidades tecnol\u00f3gicas que impulsen y brinden una mayor y m\u00e1s eficiente interoperabilidad con los diferentes actores de los ecosistemas en los que la organizaci\u00f3n presta y consume servicios<\/span>.<\/span><\/p>\n<\/div><\/div><\/div><div class=\"et_pb_column_3 et_pb_column et_pb_column_2_5 et-last-child et_block_column et_pb_css_mix_blend_mode_passthrough\"><div class=\"et_pb_image_1 et_pb_image et_pb_module et_block_module\"><span class=\"et_pb_image_wrap\"><img loading=\"lazy\" decoding=\"async\" src=\"https:\/\/assist.com.co\/wp-content\/uploads\/2023\/04\/ob.webp\" width=\"1080\" height=\"1080\" srcset=\"https:\/\/assist.com.co\/wp-content\/uploads\/2023\/04\/ob.webp 1080w, https:\/\/assist.com.co\/wp-content\/uploads\/2023\/04\/ob-980x980.webp 980w, https:\/\/assist.com.co\/wp-content\/uploads\/2023\/04\/ob-480x480.webp 480w\" sizes=\"(min-width: 0px) and (max-width: 480px) 480px, (min-width: 481px) and (max-width: 980px) 980px, (min-width: 981px) 1080px, 100vw\" class=\"wp-image-16301\" title=\"ob\" \/><\/span><\/div><\/div><\/div><\/div><div class=\"et_pb_section_2 et_pb_section et_section_regular et_block_section preset--module--divi-section--default\"><div class=\"et_pb_row_2 et_pb_row et_block_row et_animated\"><div class=\"et_pb_column_4 et_pb_column et_pb_column_1_3 et_block_column et_pb_css_mix_blend_mode_passthrough\"><div class=\"et_pb_image_2 et_pb_image et_pb_module et_block_module\"><span class=\"et_pb_image_wrap\"><img loading=\"lazy\" decoding=\"async\" src=\"https:\/\/assist.com.co\/wp-content\/uploads\/2023\/04\/sol1.webp\" width=\"1080\" height=\"1080\" srcset=\"https:\/\/assist.com.co\/wp-content\/uploads\/2023\/04\/sol1.webp 1080w, https:\/\/assist.com.co\/wp-content\/uploads\/2023\/04\/sol1-980x980.webp 980w, https:\/\/assist.com.co\/wp-content\/uploads\/2023\/04\/sol1-480x480.webp 480w\" sizes=\"(min-width: 0px) and (max-width: 480px) 480px, (min-width: 481px) and (max-width: 980px) 980px, (min-width: 981px) 1080px, 100vw\" class=\"wp-image-16306\" title=\"sol1\" \/><\/span><\/div><\/div><div class=\"et_pb_column_5 et_pb_column et_pb_column_2_3 et-last-child et_block_column et_pb_css_mix_blend_mode_passthrough\"><div class=\"et_pb_text_2 et_pb_text et_pb_bg_layout_light et_pb_module et_block_module\"><div class=\"et_pb_text_inner\"><h2><span style=\"color: #008080;\"><strong>Solution<\/strong><\/span><\/h2>\n<p><span style=\"color: #000000;\"><span style=\"font-size: medium;\">Para dar cumplimiento a esas necesidades se implemento capacidades tecnol\u00f3gicas y de negocio en el aspecto de interoperabilidad a trav\u00e9s de la plataforma IBM Cloud Pack For Intregration y sus componentes, IBM Sterling Secure File Transfer, los servicios de implementaci\u00f3n, configuraci\u00f3n, soporte y capacitaci\u00f3n adem\u00e1s de servicios de integraci\u00f3n para conectar sus sistemas CORE con sistemas internos y de terceros, centralizando la administraci\u00f3n, gesti\u00f3n, creaci\u00f3n y mantenimiento de estos a trav\u00e9s de una plataforma centralizada y multinube<\/span>.<\/span><\/p>\n<\/div><\/div><\/div><\/div><\/div><div class=\"et_pb_section_3 et_pb_section et_section_regular et_block_section preset--module--divi-section--default\"><div class=\"et_pb_row_3 et_pb_row et_block_row et_animated\"><div class=\"et_pb_column_6 et_pb_column et_pb_column_3_5 et_block_column et_pb_css_mix_blend_mode_passthrough\"><div class=\"et_pb_text_3 et_pb_text et_pb_bg_layout_light et_pb_module et_block_module\"><div class=\"et_pb_text_inner\"><h2><span style=\"color: #008080;\"><strong>Results<\/strong><\/span><\/h2>\n<p><span style=\"font-size: medium; color: #000000;\">Mejorar la eficiencia operativa por la automatizaci\u00f3n de procesos y reducci\u00f3n de la necesidad de intervenci\u00f3n manual en las operaciones dando como resultado reducci\u00f3n en el tiempo de procesamiento de transacciones.<\/span><\/p>\n<p><span style=\"font-size: medium; color: #000000;\">Optimizar la gesti\u00f3n de datos con herramientas para integrar y gestionar los datos de diferentes sistemas y aplicaciones con el fin de mejorar la precisi\u00f3n y la disponibilidad de la informaci\u00f3n y reducci\u00f3n de errores.<\/span><\/p>\n<p><span style=\"font-size: medium; color: #000000;\">Aumento de la seguridad con el aseguramiento de la integridad de los datos y protecci\u00f3n de la privacidad de los clientes, dando cumplimiento normativo y reduciendo los riesgos de seguridad.<\/span><\/p>\n<p><span style=\"font-size: medium; color: #000000;\">Facilitaci\u00f3n de la integraci\u00f3n con proveedores al permitir la integraci\u00f3n con diferentes sistemas y aplicaciones, lo que facilita la colaboraci\u00f3n con proveedores, mejorar la experiencia del cliente y acelerar la innovaci\u00f3n en productos y servicios financieros.<\/span><\/p>\n<p><span style=\"font-size: medium; color: #000000;\">Reducci\u00f3n de costos con las herramientas para automatizar procesos, al reducir los costos operativos y mejorar la rentabilidad de la entidad.<\/span><\/p>\n<\/div><\/div><\/div><div class=\"et_pb_column_7 et_pb_column et_pb_column_2_5 et-last-child et_block_column et_pb_css_mix_blend_mode_passthrough\"><div class=\"et_pb_image_3 et_pb_image et_pb_module et_block_module\"><span class=\"et_pb_image_wrap\"><img loading=\"lazy\" decoding=\"async\" src=\"https:\/\/assist.com.co\/wp-content\/uploads\/2023\/04\/resu-1.webp\" width=\"1080\" height=\"1080\" srcset=\"https:\/\/assist.com.co\/wp-content\/uploads\/2023\/04\/resu-1.webp 1080w, https:\/\/assist.com.co\/wp-content\/uploads\/2023\/04\/resu-1-980x980.webp 980w, https:\/\/assist.com.co\/wp-content\/uploads\/2023\/04\/resu-1-480x480.webp 480w\" sizes=\"(min-width: 0px) and (max-width: 480px) 480px, (min-width: 481px) and (max-width: 980px) 980px, (min-width: 981px) 1080px, 100vw\" class=\"wp-image-16303\" title=\"resu-1\" \/><\/span><\/div><\/div><\/div><\/div>","protected":false},"excerpt":{"rendered":"","protected":false},"author":1,"featured_media":0,"parent":0,"menu_order":0,"comment_status":"closed","ping_status":"closed","template":"","meta":{"inline_featured_image":false,"footnotes":""},"class_list":["post-16285","page","type-page","status-publish","hentry"],"yoast_head":"<!-- This site is optimized with the Yoast SEO Premium plugin v25.2 (Yoast SEO v27.3) - https:\/\/yoast.com\/product\/yoast-seo-premium-wordpress\/ -->\n<title>ACH Colombia - Assist Consultores<\/title>\n<meta name=\"description\" content=\"Mejorar la eficiencia operativa por la automatizaci\u00f3n de procesos y reducci\u00f3n de la necesidad de intervenci\u00f3n manual en las operaciones dando como resultado reducci\u00f3n en el tiempo de procesamiento de transacciones.\" \/>\n<meta name=\"robots\" content=\"index, follow, max-snippet:-1, max-image-preview:large, max-video-preview:-1\" \/>\n<link rel=\"canonical\" href=\"https:\/\/assist.com.co\/en\/ach-colombia\/\" \/>\n<meta property=\"og:locale\" content=\"en_US\" \/>\n<meta property=\"og:type\" content=\"article\" \/>\n<meta property=\"og:title\" content=\"ACH Colombia\" \/>\n<meta property=\"og:description\" content=\"Mejorar la eficiencia operativa por la automatizaci\u00f3n de procesos y reducci\u00f3n de la necesidad de intervenci\u00f3n manual en las operaciones dando como resultado reducci\u00f3n en el tiempo de procesamiento de transacciones.\" \/>\n<meta property=\"og:url\" content=\"https:\/\/assist.com.co\/en\/ach-colombia\/\" \/>\n<meta property=\"og:site_name\" content=\"Assist Consultores\" \/>\n<meta property=\"article:modified_time\" content=\"2026-02-25T15:35:42+00:00\" \/>\n<meta name=\"twitter:card\" content=\"summary_large_image\" \/>\n<meta name=\"twitter:label1\" content=\"Est. reading time\" \/>\n\t<meta name=\"twitter:data1\" content=\"3 minutes\" \/>\n<script type=\"application\/ld+json\" class=\"yoast-schema-graph\">{\"@context\":\"https:\\\/\\\/schema.org\",\"@graph\":[{\"@type\":\"WebPage\",\"@id\":\"https:\\\/\\\/assist.com.co\\\/ach-colombia\\\/\",\"url\":\"https:\\\/\\\/assist.com.co\\\/ach-colombia\\\/\",\"name\":\"ACH Colombia - Assist Consultores\",\"isPartOf\":{\"@id\":\"https:\\\/\\\/assist.com.co\\\/#website\"},\"datePublished\":\"2023-04-26T11:15:41+00:00\",\"dateModified\":\"2026-02-25T15:35:42+00:00\",\"description\":\"Mejorar la eficiencia operativa por la automatizaci\u00f3n de procesos y reducci\u00f3n de la necesidad de intervenci\u00f3n manual en las operaciones dando como resultado reducci\u00f3n en el tiempo de procesamiento de transacciones.\",\"breadcrumb\":{\"@id\":\"https:\\\/\\\/assist.com.co\\\/ach-colombia\\\/#breadcrumb\"},\"inLanguage\":\"en-US\",\"potentialAction\":[{\"@type\":\"ReadAction\",\"target\":[\"https:\\\/\\\/assist.com.co\\\/ach-colombia\\\/\"]}]},{\"@type\":\"BreadcrumbList\",\"@id\":\"https:\\\/\\\/assist.com.co\\\/ach-colombia\\\/#breadcrumb\",\"itemListElement\":[{\"@type\":\"ListItem\",\"position\":1,\"name\":\"Home\",\"item\":\"https:\\\/\\\/assist.com.co\\\/\"},{\"@type\":\"ListItem\",\"position\":2,\"name\":\"ACH Colombia\"}]},{\"@type\":\"WebSite\",\"@id\":\"https:\\\/\\\/assist.com.co\\\/#website\",\"url\":\"https:\\\/\\\/assist.com.co\\\/\",\"name\":\"Assist Consultores\",\"description\":\"Transformando Capacidades Empresariales en Sistemas Innovadores\",\"potentialAction\":[{\"@type\":\"SearchAction\",\"target\":{\"@type\":\"EntryPoint\",\"urlTemplate\":\"https:\\\/\\\/assist.com.co\\\/?s={search_term_string}\"},\"query-input\":{\"@type\":\"PropertyValueSpecification\",\"valueRequired\":true,\"valueName\":\"search_term_string\"}}],\"inLanguage\":\"en-US\"}]}<\/script>\n<!-- \/ Yoast SEO Premium plugin. -->","yoast_head_json":{"title":"ACH Colombia - Assist Consultores","description":"Mejorar la eficiencia operativa por la automatizaci\u00f3n de procesos y reducci\u00f3n de la necesidad de intervenci\u00f3n manual en las operaciones dando como resultado reducci\u00f3n en el tiempo de procesamiento de transacciones.","robots":{"index":"index","follow":"follow","max-snippet":"max-snippet:-1","max-image-preview":"max-image-preview:large","max-video-preview":"max-video-preview:-1"},"canonical":"https:\/\/assist.com.co\/en\/ach-colombia\/","og_locale":"en_US","og_type":"article","og_title":"ACH Colombia","og_description":"Mejorar la eficiencia operativa por la automatizaci\u00f3n de procesos y reducci\u00f3n de la necesidad de intervenci\u00f3n manual en las operaciones dando como resultado reducci\u00f3n en el tiempo de procesamiento de transacciones.","og_url":"https:\/\/assist.com.co\/en\/ach-colombia\/","og_site_name":"Assist Consultores","article_modified_time":"2026-02-25T15:35:42+00:00","twitter_card":"summary_large_image","twitter_misc":{"Est. reading time":"3 minutes"},"schema":{"@context":"https:\/\/schema.org","@graph":[{"@type":"WebPage","@id":"https:\/\/assist.com.co\/ach-colombia\/","url":"https:\/\/assist.com.co\/ach-colombia\/","name":"ACH Colombia - Assist Consultores","isPartOf":{"@id":"https:\/\/assist.com.co\/#website"},"datePublished":"2023-04-26T11:15:41+00:00","dateModified":"2026-02-25T15:35:42+00:00","description":"Mejorar la eficiencia operativa por la automatizaci\u00f3n de procesos y reducci\u00f3n de la necesidad de intervenci\u00f3n manual en las operaciones dando como resultado reducci\u00f3n en el tiempo de procesamiento de transacciones.","breadcrumb":{"@id":"https:\/\/assist.com.co\/ach-colombia\/#breadcrumb"},"inLanguage":"en-US","potentialAction":[{"@type":"ReadAction","target":["https:\/\/assist.com.co\/ach-colombia\/"]}]},{"@type":"BreadcrumbList","@id":"https:\/\/assist.com.co\/ach-colombia\/#breadcrumb","itemListElement":[{"@type":"ListItem","position":1,"name":"Home","item":"https:\/\/assist.com.co\/"},{"@type":"ListItem","position":2,"name":"ACH Colombia"}]},{"@type":"WebSite","@id":"https:\/\/assist.com.co\/#website","url":"https:\/\/assist.com.co\/","name":"Assist Consultores","description":"Transformando Capacidades Empresariales en Sistemas Innovadores","potentialAction":[{"@type":"SearchAction","target":{"@type":"EntryPoint","urlTemplate":"https:\/\/assist.com.co\/?s={search_term_string}"},"query-input":{"@type":"PropertyValueSpecification","valueRequired":true,"valueName":"search_term_string"}}],"inLanguage":"en-US"}]}},"_links":{"self":[{"href":"https:\/\/assist.com.co\/en\/wp-json\/wp\/v2\/pages\/16285","targetHints":{"allow":["GET"]}}],"collection":[{"href":"https:\/\/assist.com.co\/en\/wp-json\/wp\/v2\/pages"}],"about":[{"href":"https:\/\/assist.com.co\/en\/wp-json\/wp\/v2\/types\/page"}],"author":[{"embeddable":true,"href":"https:\/\/assist.com.co\/en\/wp-json\/wp\/v2\/users\/1"}],"replies":[{"embeddable":true,"href":"https:\/\/assist.com.co\/en\/wp-json\/wp\/v2\/comments?post=16285"}],"version-history":[{"count":6,"href":"https:\/\/assist.com.co\/en\/wp-json\/wp\/v2\/pages\/16285\/revisions"}],"predecessor-version":[{"id":24201,"href":"https:\/\/assist.com.co\/en\/wp-json\/wp\/v2\/pages\/16285\/revisions\/24201"}],"wp:attachment":[{"href":"https:\/\/assist.com.co\/en\/wp-json\/wp\/v2\/media?parent=16285"}],"curies":[{"name":"wp","href":"https:\/\/api.w.org\/{rel}","templated":true}]}}