{"id":16698,"date":"2023-05-30T21:59:57","date_gmt":"2023-05-30T21:59:57","guid":{"rendered":"https:\/\/assist.com.co\/?page_id=16698"},"modified":"2026-02-25T15:35:50","modified_gmt":"2026-02-25T15:35:50","slug":"caso-de-exito-sodimac","status":"publish","type":"page","link":"https:\/\/assist.com.co\/en\/caso-de-exito-sodimac\/","title":{"rendered":"Caso de \u00e9xito Sodimac"},"content":{"rendered":"<div class=\"et_pb_section_0 et_pb_section et_section_regular et_block_section preset--module--divi-section--default\"><div class=\"et_pb_row_0 et_pb_row et_pb_equal_columns et_pb_gutters1 et_block_row\"><div class=\"et_pb_column_0 et_pb_column et_pb_column_1_3 et_block_column et_pb_css_mix_blend_mode_passthrough\"><div class=\"et_pb_text_0 et_pb_text et_pb_bg_layout_light et_pb_module et_block_module\"><div class=\"et_pb_text_inner\"><h4><\/h4>\n<h1><span style=\"color: #000000;\">Service Marketplace Project<\/span><\/h1>\n<h1><\/h1>\n<\/div><\/div><\/div><div class=\"et_pb_column_1 et_pb_column et_pb_column_2_3 et-last-child et_block_column et_pb_css_mix_blend_mode_passthrough\"><div class=\"et_pb_image_0 et_pb_image et_pb_module et_block_module\"><span class=\"et_pb_image_wrap\"><img loading=\"lazy\" decoding=\"async\" src=\"https:\/\/assist.com.co\/wp-content\/uploads\/2025\/09\/114085.jpg\" width=\"1500\" height=\"1500\" srcset=\"https:\/\/assist.com.co\/wp-content\/uploads\/2025\/09\/114085.jpg 1500w, https:\/\/assist.com.co\/wp-content\/uploads\/2025\/09\/114085-1280x1280.jpg 1280w, https:\/\/assist.com.co\/wp-content\/uploads\/2025\/09\/114085-980x980.jpg 980w, https:\/\/assist.com.co\/wp-content\/uploads\/2025\/09\/114085-480x480.jpg 480w\" sizes=\"(min-width: 0px) and (max-width: 480px) 480px, (min-width: 481px) and (max-width: 980px) 980px, (min-width: 981px) and (max-width: 1280px) 1280px, (min-width: 1281px) 1500px, 100vw\" class=\"wp-image-23180\" title=\"market place\" alt=\"market place\" \/><\/span><\/div><\/div><\/div><\/div><div class=\"et_pb_section_1 et_pb_section et_section_regular et_block_section preset--module--divi-section--default\"><div class=\"et_pb_row_1 et_pb_row et_block_row\"><div class=\"et_pb_column_2 et_pb_column et_pb_column_1_3 et_block_column et_pb_css_mix_blend_mode_passthrough\"><div class=\"et_pb_text_1 et_pb_text et_pb_bg_layout_light et_pb_module et_block_module\"><div class=\"et_pb_text_inner\"><h2><span style=\"color: #333399;\">Executive <\/span><span style=\"color: #333399;\">Summary<\/span><\/h2>\n<\/div><\/div><\/div><div class=\"et_pb_column_3 et_pb_column et_pb_column_2_3 et-last-child et_block_column et_pb_css_mix_blend_mode_passthrough\"><div class=\"et_pb_text_2 et_pb_text et_pb_bg_layout_light et_pb_module et_block_module\"><div class=\"et_pb_text_inner\"><h2><strong><span style=\"color: #000000; font-size: large;\">We were tasked with implementing an event-driven architecture called the Service Marketplace, which was structured in different phases:<\/span><\/strong><\/h2>\n<p>&nbsp;<\/p>\n<ul>\n<li>\n<h3><span style=\"color: #000000;\">Design<\/span><\/h3>\n<\/li>\n<li>\n<h3><span style=\"color: #000000;\">Implementation<\/span><\/h3>\n<\/li>\n<li>\n<h3><span style=\"color: #000000;\">Testing<\/span><\/h3>\n<\/li>\n<li>\n<h3><span style=\"color: #000000;\">Production Deployment<\/span><\/h3>\n<\/li>\n<\/ul>\n<\/div><\/div><\/div><\/div><\/div><div class=\"et_pb_section_2 et_pb_section et_section_regular et_block_section preset--module--divi-section--default\"><div class=\"et_pb_row_2 et_pb_row et_pb_gutters1 et_block_row\"><div class=\"et_pb_column_4 et_pb_column et_pb_column_2_5 et_block_column et_pb_css_mix_blend_mode_passthrough\"><div class=\"et_pb_blurb_0 et_pb_blurb et_pb_bg_layout_dark et_pb_blurb_position_top et_pb_module et_block_module\"><div class=\"et_pb_blurb_content\"><div class=\"et_pb_main_blurb_image\"><span class=\"et_pb_image_wrap et_pb_only_image_mode_wrap\"><img loading=\"lazy\" decoding=\"async\" src=\"https:\/\/assist.com.co\/wp-content\/uploads\/2023\/05\/startup-icon-11-1.png\" width=\"48\" height=\"48\" srcset=\"https:\/\/assist.com.co\/wp-content\/uploads\/2023\/05\/startup-icon-11-1.png 48w, https:\/\/assist.com.co\/wp-content\/uploads\/2023\/05\/startup-icon-11-1-12x12.png 12w, https:\/\/assist.com.co\/wp-content\/uploads\/2023\/05\/startup-icon-11-1-24x24.png 24w, https:\/\/assist.com.co\/wp-content\/uploads\/2023\/05\/startup-icon-11-1-36x36.png 36w\" sizes=\"(max-width: 48px) 100vw, 48px\" class=\"et-waypoint et_pb_animation_off et_pb_animation_off_tablet et_pb_animation_off_phone wp-image-16714\" \/><\/span><\/div><div class=\"et_pb_blurb_container\"><h4 class=\"et_pb_module_header\">Challenges \u2013 Client Pain Points<\/h4><div class=\"et_pb_blurb_description\"><p><span style=\"font-size: large;\">This project was initiated due to the client\u2019s existing architecture, which required full compliance with API management through 3scale and seamless integration with their Apache Kafka platform.<\/span><\/p>\n<p><span style=\"font-size: large;\">The client originally approached Red Hat with this requirement, but Red Hat confirmed that they could not deliver the solution as requested.<\/span><\/p>\n<\/div><\/div><\/div><\/div><\/div><div class=\"et_pb_column_5 et_pb_column et_pb_column_3_5 et-last-child et_block_column et_pb_css_mix_blend_mode_passthrough\"><div class=\"et_pb_image_1 et_pb_image et_pb_module et_block_module\"><span class=\"et_pb_image_wrap\"><img loading=\"lazy\" decoding=\"async\" src=\"https:\/\/assist.com.co\/wp-content\/uploads\/2024\/04\/2150041850-1.webp\" width=\"1500\" height=\"1001\" srcset=\"https:\/\/assist.com.co\/wp-content\/uploads\/2024\/04\/2150041850-1.webp 1500w, https:\/\/assist.com.co\/wp-content\/uploads\/2024\/04\/2150041850-1-1280x854.webp 1280w, https:\/\/assist.com.co\/wp-content\/uploads\/2024\/04\/2150041850-1-980x654.webp 980w, https:\/\/assist.com.co\/wp-content\/uploads\/2024\/04\/2150041850-1-480x320.webp 480w\" sizes=\"(min-width: 0px) and (max-width: 480px) 480px, (min-width: 481px) and (max-width: 980px) 980px, (min-width: 981px) and (max-width: 1280px) 1280px, (min-width: 1281px) 1500px, 100vw\" class=\"wp-image-18810\" title=\"2150041850 (1)\" \/><\/span><\/div><\/div><\/div><div class=\"et_pb_row_3 et_pb_row et_block_row\"><div class=\"et_pb_column_6 et_pb_column et_pb_column_4_4 et-last-child et_block_column et_pb_css_mix_blend_mode_passthrough\"><div class=\"et_pb_text_3 et_pb_text et_pb_bg_layout_light et_pb_module et_block_module\"><div class=\"et_pb_text_inner\"><h1><span style=\"color: #000000;\"><strong>Client Benefits:<\/strong><\/span><\/h1>\n<\/div><\/div><\/div><\/div><div class=\"et_pb_row_4 et_pb_row et_block_row\"><div class=\"et_pb_column_7 et_pb_column et_pb_column_2_3 et_block_column et_pb_css_mix_blend_mode_passthrough\"><div class=\"et_pb_text_4 et_pb_text et_pb_bg_layout_light et_pb_module et_block_module\"><div class=\"et_pb_text_inner\"><h2><span style=\"font-size: large; color: #000000;\"><span style=\"color: #ff0000;\"><strong>API Management:<\/strong><\/span> 3scale provides a comprehensive suite of tools and capabilities for managing APIs, including access control, rate limiting, and advanced analytics. It enables organizations to secure and monitor APIs, enforce policies, and ensure consistent governance across the enterprise.<\/span><\/h2>\n<h2><span style=\"font-size: large; color: #000000;\"><strong><span style=\"color: #ff0000;\">Scalability:<\/span><\/strong> 3scale is designed to handle high volumes of API traffic. It can scale horizontally to meet growing API consumption and guarantee consistent, reliable performance even under heavy load.<\/span><\/h2>\n<h2><span style=\"font-size: large; color: #000000;\"><span style=\"color: #ff0000;\"><strong>Real-Time Data Streaming:<\/strong><\/span> Kafka is engineered to handle real-time data streams. It delivers high-throughput, low-latency message processing, making it ideal for data-intensive applications that demand continuous updates, analytics, and real-time responsiveness.<\/span><\/h2>\n<\/div><\/div><\/div><div class=\"et_pb_column_8 et_pb_column et_pb_column_1_3 et-last-child et_block_column et_pb_css_mix_blend_mode_passthrough\"><div class=\"et_pb_image_2 et_pb_image et_pb_module et_block_module\"><span class=\"et_pb_image_wrap\"><img loading=\"lazy\" decoding=\"async\" src=\"https:\/\/assist.com.co\/wp-content\/uploads\/2023\/05\/exs_Mesa-de-trabajo-1.webp\" width=\"1080\" height=\"1080\" srcset=\"https:\/\/assist.com.co\/wp-content\/uploads\/2023\/05\/exs_Mesa-de-trabajo-1.webp 1080w, https:\/\/assist.com.co\/wp-content\/uploads\/2023\/05\/exs_Mesa-de-trabajo-1-980x980.webp 980w, https:\/\/assist.com.co\/wp-content\/uploads\/2023\/05\/exs_Mesa-de-trabajo-1-480x480.webp 480w\" sizes=\"(min-width: 0px) and (max-width: 480px) 480px, (min-width: 481px) and (max-width: 980px) 980px, (min-width: 981px) 1080px, 100vw\" class=\"wp-image-16735\" title=\"exs_Mesa de trabajo 1\" \/><\/span><\/div><\/div><\/div><div class=\"et_pb_row_5 et_pb_row et_block_row\"><div class=\"et_pb_column_9 et_pb_column et_pb_column_2_5 et_block_column et_pb_css_mix_blend_mode_passthrough\"><div class=\"et_pb_image_3 et_pb_image et_pb_module et_block_module\"><span class=\"et_pb_image_wrap\"><img loading=\"lazy\" decoding=\"async\" src=\"https:\/\/assist.com.co\/wp-content\/uploads\/2023\/05\/exca-03.webp\" width=\"1080\" height=\"1080\" srcset=\"https:\/\/assist.com.co\/wp-content\/uploads\/2023\/05\/exca-03.webp 1080w, https:\/\/assist.com.co\/wp-content\/uploads\/2023\/05\/exca-03-980x980.webp 980w, https:\/\/assist.com.co\/wp-content\/uploads\/2023\/05\/exca-03-480x480.webp 480w\" sizes=\"(min-width: 0px) and (max-width: 480px) 480px, (min-width: 481px) and (max-width: 980px) 980px, (min-width: 981px) 1080px, 100vw\" class=\"wp-image-16736\" title=\"exca-03\" \/><\/span><\/div><\/div><div class=\"et_pb_column_10 et_pb_column et_pb_column_3_5 et-last-child et_block_column et_pb_css_mix_blend_mode_passthrough\"><div class=\"et_pb_text_5 et_pb_text et_pb_bg_layout_light et_pb_module et_block_module\"><div class=\"et_pb_text_inner\"><h2><span style=\"font-size: large; color: #000000;\"><strong><span style=\"color: #ff0000;\">Elastic Scalability &amp; Fault Tolerance:<\/span><\/strong> Kafka is a distributed streaming platform that scales horizontally by simply adding brokers to the cluster. It provides fault-tolerant storage and replication across multiple nodes, ensuring high availability and data durability even in the event of system failures.<\/span><\/h2>\n<p><span style=\"font-size: large; color: #000000;\">\u00a0<\/span><\/p>\n<h2><span style=\"font-size: large; color: #000000;\"><strong><span style=\"color: #ff0000;\">Event-Driven Architecture:<\/span><\/strong> Kafka\u2019s pub\/sub messaging model empowers a fully event-driven architecture, where producers publish events to topics and consumers react to them in real time.<\/span><\/h2>\n<h2><span style=\"font-size: large; color: #000000;\">Data integration<\/span><\/h2>\n<\/div><\/div><div class=\"et_pb_cta_0 et_pb_promo et_pb_bg_layout_dark et_pb_module et_block_module\"><div class=\"et_pb_promo_description\"><div class=\"et_pb_promo_content\"><h2 style=\"text-align: left;\"><strong><span style=\"color: #000000;\">Would you like to know how event-driven architecture can transform your business?<\/span><\/strong><\/h2>\n<\/div><\/div><div class=\"et_pb_button_wrapper\"><a class=\"et_pb_button et_pb_promo_button\" href=\"https:\/\/assist.com.co\/en\/solicitudes\/\">Let\u2019s talk!<\/a><\/div><\/div><\/div><\/div><\/div><div class=\"et_pb_section_3 et_pb_section et_section_regular et_block_section preset--module--divi-section--default\"><div class=\"et_pb_row_6 et_pb_row et_block_row\"><div class=\"et_pb_column_11 et_pb_column et_pb_column_4_4 et-last-child et_block_column et_pb_css_mix_blend_mode_passthrough\"><div class=\"et_pb_testimonial_0 et_pb_testimonial et_pb_testimonial_no_image et_pb_bg_layout_light et_pb_module et_block_module\"><div class=\"et_pb_testimonial_inner\"><div class=\"et_pb_testimonial_description\"><div class=\"et_pb_testimonial_description_inner\"><div class=\"et_pb_testimonial_content\"><h2 style=\"text-align: center;\"><strong><em>\"El \u00e9xito de un proyecto de implementaci\u00f3n radica en la combinaci\u00f3n perfecta entre planificaci\u00f3n estrat\u00e9gica, ejecuci\u00f3n efectiva y adaptabilidad frente a los desaf\u00edos. Con compromiso y trabajo en equipo, convertiremos nuestra visi\u00f3n en realidad.\"<\/em><\/strong><\/h2>\n<\/div><\/div><div class=\"et_pb_testimonial_meta\"><\/div><\/div><\/div><\/div><\/div><\/div><\/div><div class=\"et_pb_section_4 et_pb_section et_section_regular et_block_section preset--module--divi-section--default\"><div class=\"et_pb_row_7 et_pb_row et_block_row\"><div class=\"et_pb_column_12 et_pb_column et_pb_column_1_2 et_block_column et_pb_css_mix_blend_mode_passthrough\"><div class=\"et_pb_text_6 et_pb_text et_pb_bg_layout_light et_pb_module et_block_module\"><div class=\"et_pb_text_inner\"><h1><span style=\"color: #ff0000;\"><strong>Results Achieved<\/strong><\/span><\/h1>\n<h2>Refactoring of existing Kafka topics within the project.<\/h2>\n<h2>Architectural improvements to strengthen the event-driven model.<\/h2>\n<h2>Full integration of 3scale API Management with Apache Kafka.<\/h2>\n<\/div><\/div><div class=\"et_pb_text_7 et_pb_text et_pb_bg_layout_light et_pb_module et_block_module\"><div class=\"et_pb_text_inner\"><h2><span style=\"color: #000080;\"><strong>Technologies and Tools Used<\/strong><\/span><\/h2>\n<\/div><\/div><div class=\"et_pb_text_8 et_pb_text et_pb_bg_layout_light et_pb_module et_block_module\"><div class=\"et_pb_text_inner\"><h2><span style=\"font-size: large; color: #000000;\">Azure DevOps  leveraged to run the entire process of automated deployments and continuous integration.<\/span><\/h2>\n<h2><span style=\"font-size: large; color: #000000;\">Containerization on OpenShift packaging applications and dependencies into isolated, portable environments for faster and more reliable deployments.<\/span><\/h2>\n<h2><span style=\"font-size: large; color: #000000;\">Java Backend (Java 8 &amp; Java 11) Java was selected as the backend programming language for its robustness, platform independence, and object-oriented design. With built-in memory management and reduced error handling overhead, Java provided a stable, production-grade foundation for this solution.<\/span><\/h2>\n<\/div><\/div><\/div><div class=\"et_pb_column_13 et_pb_column et_pb_column_1_2 et-last-child et_block_column et_pb_css_mix_blend_mode_passthrough\"><div class=\"et_pb_image_4 et_pb_image et_pb_module et_block_module\"><span class=\"et_pb_image_wrap\"><img loading=\"lazy\" decoding=\"async\" src=\"https:\/\/assist.com.co\/wp-content\/uploads\/2023\/05\/primer-plano-equipo-negocios-que-usa-tableta-digital-d-financiera.webp\" width=\"1500\" height=\"1000\" srcset=\"https:\/\/assist.com.co\/wp-content\/uploads\/2023\/05\/primer-plano-equipo-negocios-que-usa-tableta-digital-d-financiera.webp 1500w, https:\/\/assist.com.co\/wp-content\/uploads\/2023\/05\/primer-plano-equipo-negocios-que-usa-tableta-digital-d-financiera-1280x853.webp 1280w, https:\/\/assist.com.co\/wp-content\/uploads\/2023\/05\/primer-plano-equipo-negocios-que-usa-tableta-digital-d-financiera-980x653.webp 980w, https:\/\/assist.com.co\/wp-content\/uploads\/2023\/05\/primer-plano-equipo-negocios-que-usa-tableta-digital-d-financiera-480x320.webp 480w\" sizes=\"(min-width: 0px) and (max-width: 480px) 480px, (min-width: 481px) and (max-width: 980px) 980px, (min-width: 981px) and (max-width: 1280px) 1280px, (min-width: 1281px) 1500px, 100vw\" class=\"wp-image-16738\" title=\"primer-plano-equipo-negocios-que-usa-tableta-digital-d-financiera\" \/><\/span><\/div><\/div><\/div><\/div><div class=\"et_pb_section_5 et_pb_section et_section_regular et_block_section preset--module--divi-section--default\"><div class=\"et_pb_row_8 et_pb_row et_block_row\"><div class=\"et_pb_column_14 et_pb_column et_pb_column_2_5 et_block_column et_pb_css_mix_blend_mode_passthrough\"><div class=\"et_pb_image_5 et_pb_image et_pb_module et_block_module\"><span class=\"et_pb_image_wrap\"><img loading=\"lazy\" decoding=\"async\" src=\"https:\/\/assist.com.co\/wp-content\/uploads\/2023\/05\/dfre-02.svg\" width=\"0\" height=\"0\" class=\"wp-image-16740\" title=\"dfre-02\" \/><\/span><\/div><\/div><div class=\"et_pb_column_15 et_pb_column et_pb_column_3_5 et-last-child et_block_column et_pb_css_mix_blend_mode_passthrough\"><div class=\"et_pb_text_9 et_pb_text et_pb_bg_layout_light et_pb_module et_block_module\"><div class=\"et_pb_text_inner\"><h2 style=\"text-align: justify;\"><span style=\"font-size: x-large; color: #000000;\">In this project, the entire execution was carried out under agile approaches of the Scrum framework in accordance with Ken Schwaber &amp; Jeff Sutherland's guide \"The Scrum Guide, The Definitive Guide to Scrum: The Rules of the Game.\" Likewise, topics and tools related to PMI project management will be taken into account under the methodology established in the PMbook Guide. <strong>marco de trabajo Scrum de acuerdo con la gu\u00eda de Ken Schwaber &amp; Jeff Sutherland<\/strong> \u201cLa Gu\u00eda Scrum, La Gu\u00eda Definitiva de Scrum: Las Reglas del Juego\u201d, de igual forma se tendr\u00e1 en cuenta temas y herramientas referentes a la gesti\u00f3n de proyectos del PMI bajo la metodolog\u00eda establecida en el PMbook Guide.<\/span><\/h2>\n<\/div><\/div><div class=\"et_pb_cta_1 et_pb_promo et_pb_bg_layout_dark et_pb_module et_block_module\"><div class=\"et_pb_promo_description\"><div class=\"et_pb_promo_content\"><h2 style=\"text-align: left;\"><em><strong><span style=\"color: #000000;\">Want to know how we\u2019re helping the country\u2019s leading enterprises accelerate growth through automation and event-driven architectures?<\/span><\/strong><\/em><\/h2>\n<\/div><\/div><div class=\"et_pb_button_wrapper\"><a class=\"et_pb_button et_pb_promo_button\" href=\"https:\/\/assist.com.co\/en\/solicitudes\/\">Ready to Learn More?<\/a><\/div><\/div><\/div><\/div><\/div>","protected":false},"excerpt":{"rendered":"","protected":false},"author":1,"featured_media":0,"parent":0,"menu_order":0,"comment_status":"closed","ping_status":"closed","template":"","meta":{"inline_featured_image":false,"footnotes":""},"class_list":["post-16698","page","type-page","status-publish","hentry"],"yoast_head":"<!-- This site is optimized with the Yoast SEO Premium plugin v25.2 (Yoast SEO v27.3) - https:\/\/yoast.com\/product\/yoast-seo-premium-wordpress\/ -->\n<title>Caso de \u00e9xito Sodimac - Assist Consultores<\/title>\n<meta name=\"description\" content=\"Implementaci\u00f3n de una arquitectura orientada a eventos denominada Marketplace de Servicios\" \/>\n<meta name=\"robots\" content=\"index, follow, max-snippet:-1, max-image-preview:large, max-video-preview:-1\" \/>\n<link rel=\"canonical\" href=\"https:\/\/assist.com.co\/en\/caso-de-exito-sodimac\/\" \/>\n<meta property=\"og:locale\" content=\"en_US\" \/>\n<meta property=\"og:type\" content=\"article\" \/>\n<meta property=\"og:title\" content=\"Caso de \u00e9xito Sodimac\" \/>\n<meta property=\"og:description\" content=\"Implementaci\u00f3n de una arquitectura orientada a eventos denominada Marketplace de Servicios\" \/>\n<meta property=\"og:url\" content=\"https:\/\/assist.com.co\/en\/caso-de-exito-sodimac\/\" \/>\n<meta property=\"og:site_name\" content=\"Assist Consultores\" \/>\n<meta property=\"article:modified_time\" content=\"2026-02-25T15:35:50+00:00\" \/>\n<meta name=\"twitter:card\" content=\"summary_large_image\" \/>\n<meta name=\"twitter:label1\" content=\"Est. reading time\" \/>\n\t<meta name=\"twitter:data1\" content=\"5 minutes\" \/>\n<script type=\"application\/ld+json\" class=\"yoast-schema-graph\">{\"@context\":\"https:\\\/\\\/schema.org\",\"@graph\":[{\"@type\":\"WebPage\",\"@id\":\"https:\\\/\\\/assist.com.co\\\/caso-de-exito-sodimac\\\/\",\"url\":\"https:\\\/\\\/assist.com.co\\\/caso-de-exito-sodimac\\\/\",\"name\":\"Caso de \u00e9xito Sodimac - Assist Consultores\",\"isPartOf\":{\"@id\":\"https:\\\/\\\/assist.com.co\\\/#website\"},\"datePublished\":\"2023-05-30T21:59:57+00:00\",\"dateModified\":\"2026-02-25T15:35:50+00:00\",\"description\":\"Implementaci\u00f3n de una arquitectura orientada a eventos denominada Marketplace de Servicios\",\"breadcrumb\":{\"@id\":\"https:\\\/\\\/assist.com.co\\\/caso-de-exito-sodimac\\\/#breadcrumb\"},\"inLanguage\":\"en-US\",\"potentialAction\":[{\"@type\":\"ReadAction\",\"target\":[\"https:\\\/\\\/assist.com.co\\\/caso-de-exito-sodimac\\\/\"]}]},{\"@type\":\"BreadcrumbList\",\"@id\":\"https:\\\/\\\/assist.com.co\\\/caso-de-exito-sodimac\\\/#breadcrumb\",\"itemListElement\":[{\"@type\":\"ListItem\",\"position\":1,\"name\":\"Home\",\"item\":\"https:\\\/\\\/assist.com.co\\\/\"},{\"@type\":\"ListItem\",\"position\":2,\"name\":\"Caso de \u00e9xito Sodimac\"}]},{\"@type\":\"WebSite\",\"@id\":\"https:\\\/\\\/assist.com.co\\\/#website\",\"url\":\"https:\\\/\\\/assist.com.co\\\/\",\"name\":\"Assist Consultores\",\"description\":\"Transformando Capacidades Empresariales en Sistemas Innovadores\",\"potentialAction\":[{\"@type\":\"SearchAction\",\"target\":{\"@type\":\"EntryPoint\",\"urlTemplate\":\"https:\\\/\\\/assist.com.co\\\/?s={search_term_string}\"},\"query-input\":{\"@type\":\"PropertyValueSpecification\",\"valueRequired\":true,\"valueName\":\"search_term_string\"}}],\"inLanguage\":\"en-US\"}]}<\/script>\n<!-- \/ Yoast SEO Premium plugin. -->","yoast_head_json":{"title":"Caso de \u00e9xito Sodimac - Assist Consultores","description":"Implementaci\u00f3n de una arquitectura orientada a eventos denominada Marketplace de Servicios","robots":{"index":"index","follow":"follow","max-snippet":"max-snippet:-1","max-image-preview":"max-image-preview:large","max-video-preview":"max-video-preview:-1"},"canonical":"https:\/\/assist.com.co\/en\/caso-de-exito-sodimac\/","og_locale":"en_US","og_type":"article","og_title":"Caso de \u00e9xito Sodimac","og_description":"Implementaci\u00f3n de una arquitectura orientada a eventos denominada Marketplace de Servicios","og_url":"https:\/\/assist.com.co\/en\/caso-de-exito-sodimac\/","og_site_name":"Assist Consultores","article_modified_time":"2026-02-25T15:35:50+00:00","twitter_card":"summary_large_image","twitter_misc":{"Est. reading time":"5 minutes"},"schema":{"@context":"https:\/\/schema.org","@graph":[{"@type":"WebPage","@id":"https:\/\/assist.com.co\/caso-de-exito-sodimac\/","url":"https:\/\/assist.com.co\/caso-de-exito-sodimac\/","name":"Caso de \u00e9xito Sodimac - Assist Consultores","isPartOf":{"@id":"https:\/\/assist.com.co\/#website"},"datePublished":"2023-05-30T21:59:57+00:00","dateModified":"2026-02-25T15:35:50+00:00","description":"Implementaci\u00f3n de una arquitectura orientada a eventos denominada Marketplace de Servicios","breadcrumb":{"@id":"https:\/\/assist.com.co\/caso-de-exito-sodimac\/#breadcrumb"},"inLanguage":"en-US","potentialAction":[{"@type":"ReadAction","target":["https:\/\/assist.com.co\/caso-de-exito-sodimac\/"]}]},{"@type":"BreadcrumbList","@id":"https:\/\/assist.com.co\/caso-de-exito-sodimac\/#breadcrumb","itemListElement":[{"@type":"ListItem","position":1,"name":"Home","item":"https:\/\/assist.com.co\/"},{"@type":"ListItem","position":2,"name":"Caso de \u00e9xito Sodimac"}]},{"@type":"WebSite","@id":"https:\/\/assist.com.co\/#website","url":"https:\/\/assist.com.co\/","name":"Assist Consultores","description":"Transformando Capacidades Empresariales en Sistemas Innovadores","potentialAction":[{"@type":"SearchAction","target":{"@type":"EntryPoint","urlTemplate":"https:\/\/assist.com.co\/?s={search_term_string}"},"query-input":{"@type":"PropertyValueSpecification","valueRequired":true,"valueName":"search_term_string"}}],"inLanguage":"en-US"}]}},"_links":{"self":[{"href":"https:\/\/assist.com.co\/en\/wp-json\/wp\/v2\/pages\/16698","targetHints":{"allow":["GET"]}}],"collection":[{"href":"https:\/\/assist.com.co\/en\/wp-json\/wp\/v2\/pages"}],"about":[{"href":"https:\/\/assist.com.co\/en\/wp-json\/wp\/v2\/types\/page"}],"author":[{"embeddable":true,"href":"https:\/\/assist.com.co\/en\/wp-json\/wp\/v2\/users\/1"}],"replies":[{"embeddable":true,"href":"https:\/\/assist.com.co\/en\/wp-json\/wp\/v2\/comments?post=16698"}],"version-history":[{"count":8,"href":"https:\/\/assist.com.co\/en\/wp-json\/wp\/v2\/pages\/16698\/revisions"}],"predecessor-version":[{"id":24205,"href":"https:\/\/assist.com.co\/en\/wp-json\/wp\/v2\/pages\/16698\/revisions\/24205"}],"wp:attachment":[{"href":"https:\/\/assist.com.co\/en\/wp-json\/wp\/v2\/media?parent=16698"}],"curies":[{"name":"wp","href":"https:\/\/api.w.org\/{rel}","templated":true}]}}