{"id":16761,"date":"2023-06-02T15:21:46","date_gmt":"2023-06-02T15:21:46","guid":{"rendered":"https:\/\/assist.com.co\/?page_id=16761"},"modified":"2026-02-25T15:35:52","modified_gmt":"2026-02-25T15:35:52","slug":"57a-convencion-bancaria-2023","status":"publish","type":"page","link":"https:\/\/assist.com.co\/en\/57a-convencion-bancaria-2023\/","title":{"rendered":"57\u00aa Convenci\u00f3n Bancaria \u2013 2023"},"content":{"rendered":"<div class=\"et_pb_section_0 et_pb_section et_section_regular et_block_section preset--module--divi-section--default\"><div class=\"et_pb_row_0 et_pb_row et_block_row\"><div class=\"et_pb_column_0 et_pb_column et_pb_column_1_2 et_block_column et_pb_css_mix_blend_mode_passthrough\"><div class=\"et_pb_image_0 et_pb_image et_pb_module et_block_module\"><span class=\"et_pb_image_wrap\"><img decoding=\"async\" src=\"https:\/\/assist.com.co\/wp-content\/uploads\/2023\/06\/convencion-bancaria-cartagena-03.webp\" title=\"convencion bancaria-cartagena\" alt=\"convencion bancaria-cartagena\" \/><\/span><\/div><\/div><div class=\"et_pb_column_1 et_pb_column et_pb_column_1_2 et-last-child et_block_column et_pb_css_mix_blend_mode_passthrough\"><div class=\"et_pb_code_0 et_pb_code et_pb_module\"><div class=\"et_pb_code_inner\"><iframe loading=\"lazy\" src=\"https:\/\/docs.google.com\/forms\/d\/e\/1FAIpQLSfsuUMrxVXUNFmPSJ32xYgEvum_a-NVixvrYVve_EFEGXdWPg\/viewform?embedded=true\" width=\"640\" height=\"900\" frameborder=\"0\" marginheight=\"0\" marginwidth=\"0\">Cargando\u2026<\/iframe><\/div><\/div><\/div><\/div><\/div>","protected":false},"excerpt":{"rendered":"","protected":false},"author":1,"featured_media":0,"parent":0,"menu_order":0,"comment_status":"closed","ping_status":"closed","template":"page-template-blank.php","meta":{"inline_featured_image":false,"footnotes":""},"class_list":["post-16761","page","type-page","status-publish","hentry"],"yoast_head":"<!-- This site is optimized with the Yoast SEO Premium plugin v25.2 (Yoast SEO v27.4) - https:\/\/yoast.com\/product\/yoast-seo-premium-wordpress\/ -->\n<title>57\u00aa Convenci\u00f3n Bancaria \u2013 2023 - Assist Consultores<\/title>\n<meta name=\"description\" content=\"No pierdas la oportunidad de obtener una sesi\u00f3n personalizada con nuestros expertos en el evento m\u00e1s esperado del a\u00f1o, Asobancaria 2023!\" \/>\n<meta name=\"robots\" content=\"index, follow, max-snippet:-1, max-image-preview:large, max-video-preview:-1\" \/>\n<link rel=\"canonical\" href=\"https:\/\/assist.com.co\/en\/57a-convencion-bancaria-2023\/\" \/>\n<meta property=\"og:locale\" content=\"en_US\" \/>\n<meta property=\"og:type\" content=\"article\" \/>\n<meta property=\"og:title\" content=\"57\u00aa Convenci\u00f3n Bancaria \u2013 2023\" \/>\n<meta property=\"og:description\" content=\"No pierdas la oportunidad de obtener una sesi\u00f3n personalizada con nuestros expertos en el evento m\u00e1s esperado del a\u00f1o, Asobancaria 2023!\" \/>\n<meta property=\"og:url\" content=\"https:\/\/assist.com.co\/en\/57a-convencion-bancaria-2023\/\" \/>\n<meta property=\"og:site_name\" content=\"Assist Consultores\" \/>\n<meta property=\"article:modified_time\" content=\"2026-02-25T15:35:52+00:00\" \/>\n<meta name=\"twitter:card\" content=\"summary_large_image\" \/>\n<meta name=\"twitter:label1\" content=\"Est. reading time\" \/>\n\t<meta name=\"twitter:data1\" content=\"1 minute\" \/>\n<script type=\"application\/ld+json\" class=\"yoast-schema-graph\">{\"@context\":\"https:\\\/\\\/schema.org\",\"@graph\":[{\"@type\":\"WebPage\",\"@id\":\"https:\\\/\\\/assist.com.co\\\/57a-convencion-bancaria-2023\\\/\",\"url\":\"https:\\\/\\\/assist.com.co\\\/57a-convencion-bancaria-2023\\\/\",\"name\":\"57\u00aa Convenci\u00f3n Bancaria \u2013 2023 - Assist Consultores\",\"isPartOf\":{\"@id\":\"https:\\\/\\\/assist.com.co\\\/#website\"},\"datePublished\":\"2023-06-02T15:21:46+00:00\",\"dateModified\":\"2026-02-25T15:35:52+00:00\",\"description\":\"No pierdas la oportunidad de obtener una sesi\u00f3n personalizada con nuestros expertos en el evento m\u00e1s esperado del a\u00f1o, Asobancaria 2023!\",\"breadcrumb\":{\"@id\":\"https:\\\/\\\/assist.com.co\\\/57a-convencion-bancaria-2023\\\/#breadcrumb\"},\"inLanguage\":\"en-US\",\"potentialAction\":[{\"@type\":\"ReadAction\",\"target\":[\"https:\\\/\\\/assist.com.co\\\/57a-convencion-bancaria-2023\\\/\"]}]},{\"@type\":\"BreadcrumbList\",\"@id\":\"https:\\\/\\\/assist.com.co\\\/57a-convencion-bancaria-2023\\\/#breadcrumb\",\"itemListElement\":[{\"@type\":\"ListItem\",\"position\":1,\"name\":\"Home\",\"item\":\"https:\\\/\\\/assist.com.co\\\/\"},{\"@type\":\"ListItem\",\"position\":2,\"name\":\"57\u00aa Convenci\u00f3n Bancaria \u2013 2023\"}]},{\"@type\":\"WebSite\",\"@id\":\"https:\\\/\\\/assist.com.co\\\/#website\",\"url\":\"https:\\\/\\\/assist.com.co\\\/\",\"name\":\"Assist Consultores\",\"description\":\"Transformando Capacidades Empresariales en Sistemas Innovadores\",\"potentialAction\":[{\"@type\":\"SearchAction\",\"target\":{\"@type\":\"EntryPoint\",\"urlTemplate\":\"https:\\\/\\\/assist.com.co\\\/?s={search_term_string}\"},\"query-input\":{\"@type\":\"PropertyValueSpecification\",\"valueRequired\":true,\"valueName\":\"search_term_string\"}}],\"inLanguage\":\"en-US\"}]}<\/script>\n<!-- \/ Yoast SEO Premium plugin. -->","yoast_head_json":{"title":"57\u00aa Convenci\u00f3n Bancaria \u2013 2023 - Assist Consultores","description":"No pierdas la oportunidad de obtener una sesi\u00f3n personalizada con nuestros expertos en el evento m\u00e1s esperado del a\u00f1o, Asobancaria 2023!","robots":{"index":"index","follow":"follow","max-snippet":"max-snippet:-1","max-image-preview":"max-image-preview:large","max-video-preview":"max-video-preview:-1"},"canonical":"https:\/\/assist.com.co\/en\/57a-convencion-bancaria-2023\/","og_locale":"en_US","og_type":"article","og_title":"57\u00aa Convenci\u00f3n Bancaria \u2013 2023","og_description":"No pierdas la oportunidad de obtener una sesi\u00f3n personalizada con nuestros expertos en el evento m\u00e1s esperado del a\u00f1o, Asobancaria 2023!","og_url":"https:\/\/assist.com.co\/en\/57a-convencion-bancaria-2023\/","og_site_name":"Assist Consultores","article_modified_time":"2026-02-25T15:35:52+00:00","twitter_card":"summary_large_image","twitter_misc":{"Est. reading time":"1 minute"},"schema":{"@context":"https:\/\/schema.org","@graph":[{"@type":"WebPage","@id":"https:\/\/assist.com.co\/57a-convencion-bancaria-2023\/","url":"https:\/\/assist.com.co\/57a-convencion-bancaria-2023\/","name":"57\u00aa Convenci\u00f3n Bancaria \u2013 2023 - Assist Consultores","isPartOf":{"@id":"https:\/\/assist.com.co\/#website"},"datePublished":"2023-06-02T15:21:46+00:00","dateModified":"2026-02-25T15:35:52+00:00","description":"No pierdas la oportunidad de obtener una sesi\u00f3n personalizada con nuestros expertos en el evento m\u00e1s esperado del a\u00f1o, Asobancaria 2023!","breadcrumb":{"@id":"https:\/\/assist.com.co\/57a-convencion-bancaria-2023\/#breadcrumb"},"inLanguage":"en-US","potentialAction":[{"@type":"ReadAction","target":["https:\/\/assist.com.co\/57a-convencion-bancaria-2023\/"]}]},{"@type":"BreadcrumbList","@id":"https:\/\/assist.com.co\/57a-convencion-bancaria-2023\/#breadcrumb","itemListElement":[{"@type":"ListItem","position":1,"name":"Home","item":"https:\/\/assist.com.co\/"},{"@type":"ListItem","position":2,"name":"57\u00aa Convenci\u00f3n Bancaria \u2013 2023"}]},{"@type":"WebSite","@id":"https:\/\/assist.com.co\/#website","url":"https:\/\/assist.com.co\/","name":"Assist Consultores","description":"Transformando Capacidades Empresariales en Sistemas Innovadores","potentialAction":[{"@type":"SearchAction","target":{"@type":"EntryPoint","urlTemplate":"https:\/\/assist.com.co\/?s={search_term_string}"},"query-input":{"@type":"PropertyValueSpecification","valueRequired":true,"valueName":"search_term_string"}}],"inLanguage":"en-US"}]}},"_links":{"self":[{"href":"https:\/\/assist.com.co\/en\/wp-json\/wp\/v2\/pages\/16761","targetHints":{"allow":["GET"]}}],"collection":[{"href":"https:\/\/assist.com.co\/en\/wp-json\/wp\/v2\/pages"}],"about":[{"href":"https:\/\/assist.com.co\/en\/wp-json\/wp\/v2\/types\/page"}],"author":[{"embeddable":true,"href":"https:\/\/assist.com.co\/en\/wp-json\/wp\/v2\/users\/1"}],"replies":[{"embeddable":true,"href":"https:\/\/assist.com.co\/en\/wp-json\/wp\/v2\/comments?post=16761"}],"version-history":[{"count":4,"href":"https:\/\/assist.com.co\/en\/wp-json\/wp\/v2\/pages\/16761\/revisions"}],"predecessor-version":[{"id":24206,"href":"https:\/\/assist.com.co\/en\/wp-json\/wp\/v2\/pages\/16761\/revisions\/24206"}],"wp:attachment":[{"href":"https:\/\/assist.com.co\/en\/wp-json\/wp\/v2\/media?parent=16761"}],"curies":[{"name":"wp","href":"https:\/\/api.w.org\/{rel}","templated":true}]}}