{"id":16858,"date":"2023-06-14T15:19:27","date_gmt":"2023-06-14T15:19:27","guid":{"rendered":"https:\/\/assist.com.co\/?page_id=16858"},"modified":"2026-02-25T15:35:54","modified_gmt":"2026-02-25T15:35:54","slug":"caso-de-exito-caracol","status":"publish","type":"page","link":"https:\/\/assist.com.co\/en\/caso-de-exito-caracol\/","title":{"rendered":"Caso de \u00e9xito Caracol"},"content":{"rendered":"<div class=\"et_pb_section_0 et_pb_section et_section_regular et_block_section preset--module--divi-section--default\"><div class=\"et_pb_row_0 et_pb_row et_block_row\"><div class=\"et_pb_column_0 et_pb_column et_pb_column_1_2 et_block_column et_pb_css_mix_blend_mode_passthrough\"><div class=\"et_pb_text_0 et_pb_text et_pb_bg_layout_light et_pb_module et_block_module\"><div class=\"et_pb_text_inner\"><h1>MIGRACI\u00d3N BUS 10 A ACE 12<\/h1>\n<p>&nbsp;<\/p>\n<\/div><\/div><\/div><div class=\"et_pb_column_1 et_pb_column et_pb_column_1_2 et-last-child et_block_column et_pb_css_mix_blend_mode_passthrough\"><div class=\"et_pb_image_0 et_pb_image et_animated et_pb_module et_block_module\"><span class=\"et_pb_image_wrap\"><img loading=\"lazy\" decoding=\"async\" src=\"https:\/\/assist.com.co\/wp-content\/uploads\/2023\/06\/Caracol-Television-Corporativo-scaled.webp\" width=\"2336\" height=\"2560\" srcset=\"https:\/\/assist.com.co\/wp-content\/uploads\/2023\/06\/Caracol-Television-Corporativo-scaled.webp 2336w, https:\/\/assist.com.co\/wp-content\/uploads\/2023\/06\/Caracol-Television-Corporativo-1280x1403.webp 1280w, https:\/\/assist.com.co\/wp-content\/uploads\/2023\/06\/Caracol-Television-Corporativo-980x1074.webp 980w, https:\/\/assist.com.co\/wp-content\/uploads\/2023\/06\/Caracol-Television-Corporativo-480x526.webp 480w\" sizes=\"(min-width: 0px) and (max-width: 480px) 480px, (min-width: 481px) and (max-width: 980px) 980px, (min-width: 981px) and (max-width: 1280px) 1280px, (min-width: 1281px) 2336px, 100vw\" class=\"wp-image-16886\" title=\"Caracol-Televisi\u00f3n-Corporativo\" alt=\"Caracol-Televisi\u00f3n-Corporativo\" \/><\/span><\/div><\/div><\/div><div class=\"et_pb_row_1 et_pb_row et_block_row\"><div class=\"et_pb_column_2 et_pb_column et_pb_column_4_4 et-last-child et_block_column et_pb_css_mix_blend_mode_passthrough\"><div class=\"et_pb_divider_0 et_pb_divider et_pb_space et_pb_divider_position_top et_pb_module\"><div class=\"et_pb_divider_internal\"><\/div><\/div><\/div><\/div><\/div><div class=\"et_pb_section_1 et_pb_section et_section_regular et_block_section preset--module--divi-section--default\"><div class=\"et_pb_row_2 et_pb_row et_block_row\"><div class=\"et_pb_column_3 et_pb_column et_pb_column_1_3 et_block_column et_pb_css_mix_blend_mode_passthrough\"><div class=\"et_pb_image_1 et_pb_image et_pb_module et_block_module\"><span class=\"et_pb_image_wrap\"><img loading=\"lazy\" decoding=\"async\" src=\"https:\/\/assist.com.co\/wp-content\/uploads\/2023\/06\/caso3-01-1.webp\" width=\"700\" height=\"700\" srcset=\"https:\/\/assist.com.co\/wp-content\/uploads\/2023\/06\/caso3-01-1.webp 700w, https:\/\/assist.com.co\/wp-content\/uploads\/2023\/06\/caso3-01-1-480x480.webp 480w\" sizes=\"(min-width: 0px) and (max-width: 480px) 480px, (min-width: 481px) 700px, 100vw\" class=\"wp-image-16895\" title=\"caso3-01\" \/><\/span><\/div><\/div><div class=\"et_pb_column_4 et_pb_column et_pb_column_2_3 et-last-child et_block_column et_pb_css_mix_blend_mode_passthrough\"><div class=\"et_pb_text_1 et_pb_text et_pb_bg_layout_light et_pb_module et_block_module\"><div class=\"et_pb_text_inner\"><h1><span style=\"color: #000000;\"><strong>Resumen ejecutivo <\/strong><\/span><\/h1>\n<\/div><\/div><div class=\"et_pb_text_2 et_pb_text et_pb_bg_layout_light et_pb_module et_block_module\"><div class=\"et_pb_text_inner\"><p><span style=\"color: #000000;\">Se requiri\u00f3 por parte del cliente, la migracion del <strong>BUS<\/strong> de servicios la cual se encontraba en el <strong>IIB 10 a ACE 12.<\/strong><\/span><\/p>\n<ul>\n<li><span style=\"color: #000000;\">Instalaci\u00f3n de el <strong>ACE 12<\/strong>, en los ambientes de <strong>DEV<\/strong>, <strong>QA<\/strong> y <strong>PRD.<\/strong><\/span><\/li>\n<li><span style=\"color: #000000;\">Migracion de 65 Servicios para que se ejecutaran correctamente en<strong> ACE 12.<\/strong><\/span><\/li>\n<li><span style=\"color: #000000;\">Instalaci\u00f3n de <strong>DRP<\/strong> para la Alta Disponibilidad.<\/span><\/li>\n<\/ul>\n<\/div><\/div><\/div><\/div><\/div><div class=\"et_pb_section_2 et_pb_section et_section_regular et_block_section preset--module--divi-section--default\"><div class=\"et_pb_row_3 et_pb_row et_pb_gutters1 et_block_row\"><div class=\"et_pb_column_5 et_pb_column et_pb_column_1_2 et_block_column et_pb_css_mix_blend_mode_passthrough\"><div class=\"et_pb_image_2 et_pb_image et_pb_module et_block_module\"><span class=\"et_pb_image_wrap\"><img loading=\"lazy\" decoding=\"async\" src=\"https:\/\/assist.com.co\/wp-content\/uploads\/2023\/06\/caso-1-01-01.webp\" width=\"1000\" height=\"700\" srcset=\"https:\/\/assist.com.co\/wp-content\/uploads\/2023\/06\/caso-1-01-01.webp 1000w, https:\/\/assist.com.co\/wp-content\/uploads\/2023\/06\/caso-1-01-01-980x686.webp 980w, https:\/\/assist.com.co\/wp-content\/uploads\/2023\/06\/caso-1-01-01-480x336.webp 480w\" sizes=\"(min-width: 0px) and (max-width: 480px) 480px, (min-width: 481px) and (max-width: 980px) 980px, (min-width: 981px) 1000px, 100vw\" class=\"wp-image-16890\" title=\"caso 1-01-01\" \/><\/span><\/div><\/div><div class=\"et_pb_column_6 et_pb_column et_pb_column_1_2 et-last-child et_block_column et_pb_css_mix_blend_mode_passthrough\"><div class=\"et_pb_text_3 et_pb_text et_pb_bg_layout_dark et_pb_module et_block_module\"><div class=\"et_pb_text_inner\"><h1><strong>Challenges \u2013 Client Pain Points<\/strong><\/h1>\n<p><span style=\"font-family: Arial; font-weight: normal; font-size: large;\">La ejecuci\u00f3n del proyecto se desarroll\u00f3 en tiempos extempor\u00e1neos, basados en los d\u00edas adicionales como consecuencia de nuevas definiciones, y\/o ajustes en el proceso de migracion de los servicios en el curso del proyecto, adicionalmente se siguieron las instrucciones y definiciones impartidas por cliente.<\/span><\/p>\n<\/div><\/div><\/div><\/div><\/div><div class=\"et_pb_section_3 et_pb_section et_section_regular et_block_section preset--module--divi-section--default\"><div class=\"et_pb_row_4 et_pb_row et_pb_gutters1 et_block_row\"><div class=\"et_pb_column_7 et_pb_column et_pb_column_1_2 et_block_column et_pb_css_mix_blend_mode_passthrough\"><div class=\"et_pb_text_4 et_pb_text et_pb_bg_layout_light et_pb_module et_block_module\"><div class=\"et_pb_text_inner\"><h1><strong>Client Benefits:<\/strong><\/h1>\n<\/div><\/div><div class=\"et_pb_text_5 et_pb_text et_pb_bg_layout_light et_pb_module et_block_module\"><div class=\"et_pb_text_inner\"><p><span style=\"color: #000000; font-family: Arial;\">Esta actualizaci\u00f3n permitir\u00e1 tener diferentes beneficios a nivel de infraestructura y soporte por parte de IBM llevar\u00e1n a Caracol TV al siguiente nivel de modernizaci\u00f3n de TI en proporcionar una visibilidad operativa y control enriquecidos en cualquier implementaci\u00f3n desde una sola consola, tanto de sus integraciones como de sus aplicaciones.<\/span><\/p>\n<\/div><\/div><\/div><div class=\"et_pb_column_8 et_pb_column et_pb_column_1_2 et-last-child et_block_column et_pb_css_mix_blend_mode_passthrough\"><div class=\"et_pb_image_3 et_pb_image et_pb_module et_block_module\"><span class=\"et_pb_image_wrap\"><img loading=\"lazy\" decoding=\"async\" src=\"https:\/\/assist.com.co\/wp-content\/uploads\/2023\/06\/caso2-01.webp\" width=\"1000\" height=\"1563\" srcset=\"https:\/\/assist.com.co\/wp-content\/uploads\/2023\/06\/caso2-01.webp 1000w, https:\/\/assist.com.co\/wp-content\/uploads\/2023\/06\/caso2-01-980x1532.webp 980w, https:\/\/assist.com.co\/wp-content\/uploads\/2023\/06\/caso2-01-480x750.webp 480w\" sizes=\"(min-width: 0px) and (max-width: 480px) 480px, (min-width: 481px) and (max-width: 980px) 980px, (min-width: 981px) 1000px, 100vw\" class=\"wp-image-16891\" title=\"caso2-01\" \/><\/span><\/div><\/div><\/div><\/div><div class=\"et_pb_section_4 et_pb_section et_section_regular et_block_section et_pb_section_parallax preset--module--divi-section--default\"><span class=\"et-pb-parallax-wrapper\"><span class=\"et-pb-parallax-background et-pb-parallax-background-module--divi-section-4\" style=\"background-image:url(https:\/\/assist.com.co\/wp-content\/uploads\/2023\/06\/scrum-agile.webp)\"><\/span><span class=\"et_parallax_gradient\" style=\"background-image:linear-gradient(180deg, rgba(214,214,214,0.94) 0%,rgba(255,255,255,0.87) 100% 100%)\"><\/span><\/span><div class=\"et_pb_row_5 et_pb_row et_block_row\"><div class=\"et_pb_column_9 et_pb_column et_pb_column_4_4 et-last-child et_block_column et_pb_css_mix_blend_mode_passthrough\"><div class=\"et_pb_image_4 et_pb_image et_pb_module et_block_module\"><span class=\"et_pb_image_wrap\"><img loading=\"lazy\" decoding=\"async\" src=\"https:\/\/assist.com.co\/wp-content\/uploads\/2023\/06\/mortgage-18.png\" width=\"33\" height=\"31\" srcset=\"https:\/\/assist.com.co\/wp-content\/uploads\/2023\/06\/mortgage-18.png 33w, https:\/\/assist.com.co\/wp-content\/uploads\/2023\/06\/mortgage-18-13x12.png 13w, https:\/\/assist.com.co\/wp-content\/uploads\/2023\/06\/mortgage-18-24x24.png 24w\" sizes=\"(max-width: 33px) 100vw, 33px\" class=\"wp-image-16875\" \/><\/span><\/div><div class=\"et_pb_slider_0 et_pb_slider et_pb_slider_fullwidth_off et_pb_slider_no_arrows et_slider_auto et_slider_speed_7000 et_pb_module et_block_module\"><div class=\"et_pb_slides\"><div class=\"et_pb_slide_0 et_pb_slide et_pb_media_alignment_center et_pb_bg_layout_light et_pb_text_align_left et_pb_module et_block_module\" data-slide-id=\"divi\/slide-0\"><div class=\"et_pb_container\"><div class=\"et_pb_slider_container_inner\"><div class=\"et_pb_slide_description\"><h2 class=\"et_pb_slide_title\">En este proyecto se realiz\u00f3 toda la ejecuci\u00f3n bajo enfoques agiles del marco de trabajo Scrum de acuerdo con la gu\u00eda de Ken Schwaber & Jeff Sutherland \u201cLa Gu\u00eda Scrum, La Gu\u00eda Definitiva de Scrum: Las Reglas del Juego\u201d, de igual forma se tendr\u00e1 en cuenta temas y herramientas referentes a la gesti\u00f3n de proyectos del PMI bajo la metodolog\u00eda establecida en el PMbook Guide.<\/h2><\/div><\/div><\/div><\/div><\/div><\/div><\/div><\/div><\/div><div class=\"et_pb_section_5 et_pb_section et_section_specialty et_pb_gutters3 et_block_section\"><div class=\"et_pb_row et_block_row\"><div class=\"et_pb_column_10 et_pb_column et_pb_column_single et_pb_column_1_2 et_block_column et_pb_css_mix_blend_mode_passthrough\"><div class=\"et_pb_text_6 et_pb_text et_pb_bg_layout_light et_pb_module et_block_module\"><div class=\"et_pb_text_inner\"><h1><strong>Results Achieved<\/strong><\/h1>\n<\/div><\/div><div class=\"et_pb_text_7 et_pb_text et_pb_bg_layout_light et_pb_module et_block_module\"><div class=\"et_pb_text_inner\"><p><span style=\"color: #000000; font-family: Arial; font-weight: normal; font-size: large;\">Entre los resultados mencionados, Se destaca Versi\u00f3n IIB ACE12 instalada y funcionando correctamente en los dos servidores Linux de producci\u00f3n y en el servidor <\/span><span style=\"color: #000000; font-family: Arial; font-weight: normal; font-size: large;\">no-productivo.<\/span><\/p>\n<p><span style=\"color: #000000; font-family: Arial; font-weight: normal; font-size: large;\">Migraci\u00f3n de los 65 servicios que est\u00e1n funcionando en la versi\u00f3n actual IIB 10.0.0.23 a la versi\u00f3n IIB ACE 12.<\/span><\/p>\n<p><span style=\"color: #000000; font-family: Arial; font-weight: normal; font-size: large;\">Capacitaci\u00f3n a los ingenieros de Caracol sobre la administraci\u00f3n del bus.<\/span><\/p>\n<p><span style=\"color: #000000; font-family: Arial; font-weight: normal; font-size: large;\">Configuraci\u00f3n del ACE 12 de acuerdo con la arquitectura activo-pasivo.<\/span><\/p>\n<\/div><\/div><\/div><div class=\"et_pb_column_11 et_pb_column et_pb_specialty_column et_pb_column_1_2 et-last-child et_block_column et_pb_css_mix_blend_mode_passthrough\"><div class=\"et_pb_row_inner_0 et_pb_row_inner et_block_row\"><div class=\"et_pb_column_inner_0 et_pb_column_inner et_pb_column et_pb_column_4_4 et-last-child et_block_column et_pb_css_mix_blend_mode_passthrough\"><div class=\"et_pb_image_5 et_pb_image et_pb_module et_block_module\"><span class=\"et_pb_image_wrap\"><img loading=\"lazy\" decoding=\"async\" src=\"https:\/\/assist.com.co\/wp-content\/uploads\/2023\/06\/dashboard-01.webp\" width=\"1000\" height=\"1000\" srcset=\"https:\/\/assist.com.co\/wp-content\/uploads\/2023\/06\/dashboard-01.webp 1000w, https:\/\/assist.com.co\/wp-content\/uploads\/2023\/06\/dashboard-01-980x980.webp 980w, https:\/\/assist.com.co\/wp-content\/uploads\/2023\/06\/dashboard-01-480x480.webp 480w\" sizes=\"(min-width: 0px) and (max-width: 480px) 480px, (min-width: 481px) and (max-width: 980px) 980px, (min-width: 981px) 1000px, 100vw\" class=\"wp-image-16897\" title=\"dashboard-01\" \/><\/span><\/div><\/div><\/div><\/div><\/div><\/div><div class=\"et_pb_section_6 et_pb_section et_section_regular et_block_section preset--module--divi-section--default\"><div class=\"et_pb_row_6 et_pb_row et_block_row\"><div class=\"et_pb_column_12 et_pb_column et_pb_column_4_4 et-last-child et_block_column et_pb_css_mix_blend_mode_passthrough\"><div class=\"et_pb_text_8 et_pb_text et_pb_bg_layout_light et_pb_module et_block_module et_pb_text_align_center\"><div class=\"et_pb_text_inner\"><h1><strong>Technologies and Tools Used<\/strong><\/h1>\n<\/div><\/div><div class=\"et_pb_divider_1 et_pb_divider et_pb_space et_pb_divider_position_top et_pb_module\"><div class=\"et_pb_divider_internal\"><\/div><\/div><\/div><\/div><div class=\"et_pb_row_7 et_pb_row et_block_row\"><div class=\"et_pb_column_13 et_pb_column et_pb_column_3_5 et_block_column et_pb_css_mix_blend_mode_passthrough\"><div class=\"et_pb_text_9 et_pb_text et_pb_bg_layout_light et_pb_module et_block_module\"><div class=\"et_pb_text_inner\"><p><span style=\"color: #000000; font-size: large; font-family: Arial; font-weight: normal;\"><strong>IBM ACE12<\/strong> como una plataforma de integraci\u00f3n empresarial.<\/span><\/p>\n<p><span style=\"color: #000000; font-size: large; font-family: Arial; font-weight: normal;\"><strong>ESQL (Embedded SQL)<\/strong> es un lenguaje de programaci\u00f3n que se utiliza en IBM App Connect Enterprise para procesar y transformar datos en tiempo real en los flujos de mensajes que se intercambian entre aplicaciones.<\/span><\/p>\n<p><span style=\"color: #000000; font-size: large; font-family: Arial; font-weight: normal;\">Postman una herramienta de colaboraci\u00f3n y desarrollo de APIs que permite a los desarrolladores probar, documentar y compartir sus API.<\/span><\/p>\n<p><span style=\"color: #000000; font-size: large; font-family: Arial; font-weight: normal;\">Toolkit es una colecci\u00f3n de herramientas y recursos que ayudan a los desarrolladores a programar de manera m\u00e1s eficiente en un lenguaje de programaci\u00f3n en particular.<\/span><\/p>\n<\/div><\/div><\/div><div class=\"et_pb_column_14 et_pb_column et_pb_column_2_5 et-last-child et_block_column et_pb_css_mix_blend_mode_passthrough\"><div class=\"et_pb_image_6 et_pb_image et_pb_module et_block_module\"><span class=\"et_pb_image_wrap\"><img loading=\"lazy\" decoding=\"async\" src=\"https:\/\/assist.com.co\/wp-content\/uploads\/2023\/06\/dashboard-1-01.webp\" width=\"1000\" height=\"1000\" srcset=\"https:\/\/assist.com.co\/wp-content\/uploads\/2023\/06\/dashboard-1-01.webp 1000w, https:\/\/assist.com.co\/wp-content\/uploads\/2023\/06\/dashboard-1-01-980x980.webp 980w, https:\/\/assist.com.co\/wp-content\/uploads\/2023\/06\/dashboard-1-01-480x480.webp 480w\" sizes=\"(min-width: 0px) and (max-width: 480px) 480px, (min-width: 481px) and (max-width: 980px) 980px, (min-width: 981px) 1000px, 100vw\" class=\"wp-image-16898\" title=\"dashboard-1-01\" \/><\/span><\/div><\/div><\/div><\/div><div class=\"et_pb_section_7 et_pb_section et_section_regular et_block_section preset--module--divi-section--default\"><div class=\"et_pb_row_8 et_pb_row et_block_row et_animated\"><div class=\"et_pb_column_15 et_pb_column et_pb_column_4_4 et-last-child et_block_column et_pb_css_mix_blend_mode_passthrough\"><div class=\"et_pb_text_10 et_pb_text et_pb_bg_layout_dark et_pb_module et_block_module et_pb_text_align_center\"><div class=\"et_pb_text_inner\"><h2>M\u00e1s de 500 proyectos exitosos<\/h2>\n<p>Nos ponen en la lista de las mejores empresas de tecnolog\u00eda del pa\u00eds<\/p>\n<h3><span style=\"color: #ffffff;\"><strong>\u00bfQu\u00e9 esperas para ser parte del futuro?<\/strong><\/span><\/h3>\n<\/div><\/div><div class=\"et_pb_module et_pb_button_module_wrapper et_pb_button_0_wrapper\"><a class=\"et_pb_button_0 et_pb_button et_pb_bg_layout_light et_pb_module et_block_module\" href=\"https:\/\/assist.com.co\/en\/solicitudes\/\">Let\u2019s talk!<\/a><\/div><\/div><\/div><\/div>","protected":false},"excerpt":{"rendered":"","protected":false},"author":1,"featured_media":0,"parent":0,"menu_order":0,"comment_status":"closed","ping_status":"closed","template":"","meta":{"inline_featured_image":false,"footnotes":""},"class_list":["post-16858","page","type-page","status-publish","hentry"],"yoast_head":"<!-- This site is optimized with the Yoast SEO Premium plugin v25.2 (Yoast SEO v27.4) - https:\/\/yoast.com\/product\/yoast-seo-premium-wordpress\/ -->\n<title>Caso de \u00e9xito Caracol - Assist Consultores<\/title>\n<meta name=\"description\" content=\"En este proyecto se realiz\u00f3 toda la ejecuci\u00f3n bajo enfoques agiles del marco de trabajo Scrum de acuerdo con la gu\u00eda de Ken Schwaber &amp; Jeff Sutherland.\" \/>\n<meta name=\"robots\" content=\"index, follow, max-snippet:-1, max-image-preview:large, max-video-preview:-1\" \/>\n<link rel=\"canonical\" href=\"https:\/\/assist.com.co\/en\/caso-de-exito-caracol\/\" \/>\n<meta property=\"og:locale\" content=\"en_US\" \/>\n<meta property=\"og:type\" content=\"article\" \/>\n<meta property=\"og:title\" content=\"Caso de \u00e9xito Caracol\" \/>\n<meta property=\"og:description\" content=\"En este proyecto se realiz\u00f3 toda la ejecuci\u00f3n bajo enfoques agiles del marco de trabajo Scrum de acuerdo con la gu\u00eda de Ken Schwaber &amp; Jeff Sutherland.\" \/>\n<meta property=\"og:url\" content=\"https:\/\/assist.com.co\/en\/caso-de-exito-caracol\/\" \/>\n<meta property=\"og:site_name\" content=\"Assist Consultores\" \/>\n<meta property=\"article:modified_time\" content=\"2026-02-25T15:35:54+00:00\" \/>\n<meta name=\"twitter:card\" content=\"summary_large_image\" \/>\n<meta name=\"twitter:label1\" content=\"Est. reading time\" \/>\n\t<meta name=\"twitter:data1\" content=\"5 minutes\" \/>\n<script type=\"application\/ld+json\" class=\"yoast-schema-graph\">{\"@context\":\"https:\\\/\\\/schema.org\",\"@graph\":[{\"@type\":\"WebPage\",\"@id\":\"https:\\\/\\\/assist.com.co\\\/caso-de-exito-caracol\\\/\",\"url\":\"https:\\\/\\\/assist.com.co\\\/caso-de-exito-caracol\\\/\",\"name\":\"Caso de \u00e9xito Caracol - Assist Consultores\",\"isPartOf\":{\"@id\":\"https:\\\/\\\/assist.com.co\\\/#website\"},\"datePublished\":\"2023-06-14T15:19:27+00:00\",\"dateModified\":\"2026-02-25T15:35:54+00:00\",\"description\":\"En este proyecto se realiz\u00f3 toda la ejecuci\u00f3n bajo enfoques agiles del marco de trabajo Scrum de acuerdo con la gu\u00eda de Ken Schwaber & Jeff Sutherland.\",\"breadcrumb\":{\"@id\":\"https:\\\/\\\/assist.com.co\\\/caso-de-exito-caracol\\\/#breadcrumb\"},\"inLanguage\":\"en-US\",\"potentialAction\":[{\"@type\":\"ReadAction\",\"target\":[\"https:\\\/\\\/assist.com.co\\\/caso-de-exito-caracol\\\/\"]}]},{\"@type\":\"BreadcrumbList\",\"@id\":\"https:\\\/\\\/assist.com.co\\\/caso-de-exito-caracol\\\/#breadcrumb\",\"itemListElement\":[{\"@type\":\"ListItem\",\"position\":1,\"name\":\"Home\",\"item\":\"https:\\\/\\\/assist.com.co\\\/\"},{\"@type\":\"ListItem\",\"position\":2,\"name\":\"Caso de \u00e9xito Caracol\"}]},{\"@type\":\"WebSite\",\"@id\":\"https:\\\/\\\/assist.com.co\\\/#website\",\"url\":\"https:\\\/\\\/assist.com.co\\\/\",\"name\":\"Assist Consultores\",\"description\":\"Transformando Capacidades Empresariales en Sistemas Innovadores\",\"potentialAction\":[{\"@type\":\"SearchAction\",\"target\":{\"@type\":\"EntryPoint\",\"urlTemplate\":\"https:\\\/\\\/assist.com.co\\\/?s={search_term_string}\"},\"query-input\":{\"@type\":\"PropertyValueSpecification\",\"valueRequired\":true,\"valueName\":\"search_term_string\"}}],\"inLanguage\":\"en-US\"}]}<\/script>\n<!-- \/ Yoast SEO Premium plugin. -->","yoast_head_json":{"title":"Caso de \u00e9xito Caracol - Assist Consultores","description":"En este proyecto se realiz\u00f3 toda la ejecuci\u00f3n bajo enfoques agiles del marco de trabajo Scrum de acuerdo con la gu\u00eda de Ken Schwaber & Jeff Sutherland.","robots":{"index":"index","follow":"follow","max-snippet":"max-snippet:-1","max-image-preview":"max-image-preview:large","max-video-preview":"max-video-preview:-1"},"canonical":"https:\/\/assist.com.co\/en\/caso-de-exito-caracol\/","og_locale":"en_US","og_type":"article","og_title":"Caso de \u00e9xito Caracol","og_description":"En este proyecto se realiz\u00f3 toda la ejecuci\u00f3n bajo enfoques agiles del marco de trabajo Scrum de acuerdo con la gu\u00eda de Ken Schwaber & Jeff Sutherland.","og_url":"https:\/\/assist.com.co\/en\/caso-de-exito-caracol\/","og_site_name":"Assist Consultores","article_modified_time":"2026-02-25T15:35:54+00:00","twitter_card":"summary_large_image","twitter_misc":{"Est. reading time":"5 minutes"},"schema":{"@context":"https:\/\/schema.org","@graph":[{"@type":"WebPage","@id":"https:\/\/assist.com.co\/caso-de-exito-caracol\/","url":"https:\/\/assist.com.co\/caso-de-exito-caracol\/","name":"Caso de \u00e9xito Caracol - Assist Consultores","isPartOf":{"@id":"https:\/\/assist.com.co\/#website"},"datePublished":"2023-06-14T15:19:27+00:00","dateModified":"2026-02-25T15:35:54+00:00","description":"En este proyecto se realiz\u00f3 toda la ejecuci\u00f3n bajo enfoques agiles del marco de trabajo Scrum de acuerdo con la gu\u00eda de Ken Schwaber & Jeff Sutherland.","breadcrumb":{"@id":"https:\/\/assist.com.co\/caso-de-exito-caracol\/#breadcrumb"},"inLanguage":"en-US","potentialAction":[{"@type":"ReadAction","target":["https:\/\/assist.com.co\/caso-de-exito-caracol\/"]}]},{"@type":"BreadcrumbList","@id":"https:\/\/assist.com.co\/caso-de-exito-caracol\/#breadcrumb","itemListElement":[{"@type":"ListItem","position":1,"name":"Home","item":"https:\/\/assist.com.co\/"},{"@type":"ListItem","position":2,"name":"Caso de \u00e9xito Caracol"}]},{"@type":"WebSite","@id":"https:\/\/assist.com.co\/#website","url":"https:\/\/assist.com.co\/","name":"Assist Consultores","description":"Transformando Capacidades Empresariales en Sistemas Innovadores","potentialAction":[{"@type":"SearchAction","target":{"@type":"EntryPoint","urlTemplate":"https:\/\/assist.com.co\/?s={search_term_string}"},"query-input":{"@type":"PropertyValueSpecification","valueRequired":true,"valueName":"search_term_string"}}],"inLanguage":"en-US"}]}},"_links":{"self":[{"href":"https:\/\/assist.com.co\/en\/wp-json\/wp\/v2\/pages\/16858","targetHints":{"allow":["GET"]}}],"collection":[{"href":"https:\/\/assist.com.co\/en\/wp-json\/wp\/v2\/pages"}],"about":[{"href":"https:\/\/assist.com.co\/en\/wp-json\/wp\/v2\/types\/page"}],"author":[{"embeddable":true,"href":"https:\/\/assist.com.co\/en\/wp-json\/wp\/v2\/users\/1"}],"replies":[{"embeddable":true,"href":"https:\/\/assist.com.co\/en\/wp-json\/wp\/v2\/comments?post=16858"}],"version-history":[{"count":6,"href":"https:\/\/assist.com.co\/en\/wp-json\/wp\/v2\/pages\/16858\/revisions"}],"predecessor-version":[{"id":24207,"href":"https:\/\/assist.com.co\/en\/wp-json\/wp\/v2\/pages\/16858\/revisions\/24207"}],"wp:attachment":[{"href":"https:\/\/assist.com.co\/en\/wp-json\/wp\/v2\/media?parent=16858"}],"curies":[{"name":"wp","href":"https:\/\/api.w.org\/{rel}","templated":true}]}}