{"id":17257,"date":"2023-08-23T19:54:59","date_gmt":"2023-08-23T19:54:59","guid":{"rendered":"https:\/\/assist.com.co\/?page_id=17257"},"modified":"2026-02-25T15:36:48","modified_gmt":"2026-02-25T15:36:48","slug":"diagnostico-de-modernizacion-andicom-2023","status":"publish","type":"page","link":"https:\/\/assist.com.co\/en\/diagnostico-de-modernizacion-andicom-2023\/","title":{"rendered":"Registro Andicom 2023 Diagn\u00f3stico Modernizaci\u00f3n Gratuito"},"content":{"rendered":"<div class=\"et_pb_section_0 et_pb_section et_section_regular et_block_section preset--module--divi-section--default\"><div class=\"et_pb_row_0 et_pb_row et_block_row\"><div class=\"et_pb_column_0 et_pb_column et_pb_column_1_2 et_block_column et_pb_css_mix_blend_mode_passthrough\"><div class=\"et_pb_image_0 et_pb_image et_pb_module et_block_module\"><span class=\"et_pb_image_wrap\"><img loading=\"lazy\" decoding=\"async\" src=\"https:\/\/assist.com.co\/wp-content\/uploads\/2023\/08\/andicom-2023.-3-03-scaled.jpg\" width=\"1440\" height=\"2560\" srcset=\"https:\/\/assist.com.co\/wp-content\/uploads\/2023\/08\/andicom-2023.-3-03-scaled.jpg 1440w, https:\/\/assist.com.co\/wp-content\/uploads\/2023\/08\/andicom-2023.-3-03-1280x2276.jpg 1280w, https:\/\/assist.com.co\/wp-content\/uploads\/2023\/08\/andicom-2023.-3-03-980x1742.jpg 980w, https:\/\/assist.com.co\/wp-content\/uploads\/2023\/08\/andicom-2023.-3-03-480x853.jpg 480w\" sizes=\"(min-width: 0px) and (max-width: 480px) 480px, (min-width: 481px) and (max-width: 980px) 980px, (min-width: 981px) and (max-width: 1280px) 1280px, (min-width: 1281px) 1440px, 100vw\" class=\"wp-image-17269\" title=\"andicom\" alt=\"andicom\" \/><\/span><\/div><\/div><div class=\"et_pb_column_1 et_pb_column et_pb_column_1_2 et-last-child et_block_column et_pb_css_mix_blend_mode_passthrough\"><div class=\"et_pb_code_0 et_pb_code et_pb_module\"><div class=\"et_pb_code_inner\"><iframe loading=\"lazy\" src=\"https:\/\/docs.google.com\/forms\/d\/e\/1FAIpQLSdQ81xtFhrHNmhHb7xEP4iEADYioyQEpik59J_jQWW84AddBg\/viewform?embedded=true\" width=\"640\" height=\"1000\" frameborder=\"0\" marginheight=\"0\" marginwidth=\"0\">Cargando\u2026<\/iframe><\/div><\/div><\/div><\/div><\/div>","protected":false},"excerpt":{"rendered":"","protected":false},"author":1,"featured_media":0,"parent":0,"menu_order":0,"comment_status":"closed","ping_status":"closed","template":"page-template-blank.php","meta":{"inline_featured_image":false,"footnotes":""},"class_list":["post-17257","page","type-page","status-publish","hentry"],"yoast_head":"<!-- This site is optimized with the Yoast SEO Premium plugin v25.2 (Yoast SEO v27.4) - https:\/\/yoast.com\/product\/yoast-seo-premium-wordpress\/ -->\n<title>Registro Andicom 2023 Diagn\u00f3stico Modernizaci\u00f3n Gratuito - Assist Consultores<\/title>\n<meta name=\"description\" content=\"Acompa\u00f1anos al Andicom 2023 y conoce nuestra propuesta en modernizaci\u00f3n para convertir las empresas en organismos \u00e1giles por medio de la tecnolog\u00eda.\" \/>\n<meta name=\"robots\" content=\"index, follow, max-snippet:-1, max-image-preview:large, max-video-preview:-1\" \/>\n<link rel=\"canonical\" href=\"https:\/\/assist.com.co\/en\/diagnostico-de-modernizacion-andicom-2023\/\" \/>\n<meta property=\"og:locale\" content=\"en_US\" \/>\n<meta property=\"og:type\" content=\"article\" \/>\n<meta property=\"og:title\" content=\"Registro Andicom 2023 Diagn\u00f3stico Modernizaci\u00f3n Gratuito\" \/>\n<meta property=\"og:description\" content=\"Acompa\u00f1anos al Andicom 2023 y conoce nuestra propuesta en modernizaci\u00f3n para convertir las empresas en organismos \u00e1giles por medio de la tecnolog\u00eda.\" \/>\n<meta property=\"og:url\" content=\"https:\/\/assist.com.co\/en\/diagnostico-de-modernizacion-andicom-2023\/\" \/>\n<meta property=\"og:site_name\" content=\"Assist Consultores\" \/>\n<meta property=\"article:modified_time\" content=\"2026-02-25T15:36:48+00:00\" \/>\n<meta name=\"twitter:card\" content=\"summary_large_image\" \/>\n<meta name=\"twitter:label1\" content=\"Est. reading time\" \/>\n\t<meta name=\"twitter:data1\" content=\"1 minute\" \/>\n<script type=\"application\/ld+json\" class=\"yoast-schema-graph\">{\"@context\":\"https:\\\/\\\/schema.org\",\"@graph\":[{\"@type\":\"WebPage\",\"@id\":\"https:\\\/\\\/assist.com.co\\\/diagnostico-de-modernizacion-andicom-2023\\\/\",\"url\":\"https:\\\/\\\/assist.com.co\\\/diagnostico-de-modernizacion-andicom-2023\\\/\",\"name\":\"Registro Andicom 2023 Diagn\u00f3stico Modernizaci\u00f3n Gratuito - Assist Consultores\",\"isPartOf\":{\"@id\":\"https:\\\/\\\/assist.com.co\\\/#website\"},\"datePublished\":\"2023-08-23T19:54:59+00:00\",\"dateModified\":\"2026-02-25T15:36:48+00:00\",\"description\":\"Acompa\u00f1anos al Andicom 2023 y conoce nuestra propuesta en modernizaci\u00f3n para convertir las empresas en organismos \u00e1giles por medio de la tecnolog\u00eda.\",\"breadcrumb\":{\"@id\":\"https:\\\/\\\/assist.com.co\\\/diagnostico-de-modernizacion-andicom-2023\\\/#breadcrumb\"},\"inLanguage\":\"en-US\",\"potentialAction\":[{\"@type\":\"ReadAction\",\"target\":[\"https:\\\/\\\/assist.com.co\\\/diagnostico-de-modernizacion-andicom-2023\\\/\"]}]},{\"@type\":\"BreadcrumbList\",\"@id\":\"https:\\\/\\\/assist.com.co\\\/diagnostico-de-modernizacion-andicom-2023\\\/#breadcrumb\",\"itemListElement\":[{\"@type\":\"ListItem\",\"position\":1,\"name\":\"Home\",\"item\":\"https:\\\/\\\/assist.com.co\\\/\"},{\"@type\":\"ListItem\",\"position\":2,\"name\":\"Registro Andicom 2023 Diagn\u00f3stico Modernizaci\u00f3n Gratuito\"}]},{\"@type\":\"WebSite\",\"@id\":\"https:\\\/\\\/assist.com.co\\\/#website\",\"url\":\"https:\\\/\\\/assist.com.co\\\/\",\"name\":\"Assist Consultores\",\"description\":\"Transformando Capacidades Empresariales en Sistemas Innovadores\",\"potentialAction\":[{\"@type\":\"SearchAction\",\"target\":{\"@type\":\"EntryPoint\",\"urlTemplate\":\"https:\\\/\\\/assist.com.co\\\/?s={search_term_string}\"},\"query-input\":{\"@type\":\"PropertyValueSpecification\",\"valueRequired\":true,\"valueName\":\"search_term_string\"}}],\"inLanguage\":\"en-US\"}]}<\/script>\n<!-- \/ Yoast SEO Premium plugin. -->","yoast_head_json":{"title":"Registro Andicom 2023 Diagn\u00f3stico Modernizaci\u00f3n Gratuito - Assist Consultores","description":"Acompa\u00f1anos al Andicom 2023 y conoce nuestra propuesta en modernizaci\u00f3n para convertir las empresas en organismos \u00e1giles por medio de la tecnolog\u00eda.","robots":{"index":"index","follow":"follow","max-snippet":"max-snippet:-1","max-image-preview":"max-image-preview:large","max-video-preview":"max-video-preview:-1"},"canonical":"https:\/\/assist.com.co\/en\/diagnostico-de-modernizacion-andicom-2023\/","og_locale":"en_US","og_type":"article","og_title":"Registro Andicom 2023 Diagn\u00f3stico Modernizaci\u00f3n Gratuito","og_description":"Acompa\u00f1anos al Andicom 2023 y conoce nuestra propuesta en modernizaci\u00f3n para convertir las empresas en organismos \u00e1giles por medio de la tecnolog\u00eda.","og_url":"https:\/\/assist.com.co\/en\/diagnostico-de-modernizacion-andicom-2023\/","og_site_name":"Assist Consultores","article_modified_time":"2026-02-25T15:36:48+00:00","twitter_card":"summary_large_image","twitter_misc":{"Est. reading time":"1 minute"},"schema":{"@context":"https:\/\/schema.org","@graph":[{"@type":"WebPage","@id":"https:\/\/assist.com.co\/diagnostico-de-modernizacion-andicom-2023\/","url":"https:\/\/assist.com.co\/diagnostico-de-modernizacion-andicom-2023\/","name":"Registro Andicom 2023 Diagn\u00f3stico Modernizaci\u00f3n Gratuito - Assist Consultores","isPartOf":{"@id":"https:\/\/assist.com.co\/#website"},"datePublished":"2023-08-23T19:54:59+00:00","dateModified":"2026-02-25T15:36:48+00:00","description":"Acompa\u00f1anos al Andicom 2023 y conoce nuestra propuesta en modernizaci\u00f3n para convertir las empresas en organismos \u00e1giles por medio de la tecnolog\u00eda.","breadcrumb":{"@id":"https:\/\/assist.com.co\/diagnostico-de-modernizacion-andicom-2023\/#breadcrumb"},"inLanguage":"en-US","potentialAction":[{"@type":"ReadAction","target":["https:\/\/assist.com.co\/diagnostico-de-modernizacion-andicom-2023\/"]}]},{"@type":"BreadcrumbList","@id":"https:\/\/assist.com.co\/diagnostico-de-modernizacion-andicom-2023\/#breadcrumb","itemListElement":[{"@type":"ListItem","position":1,"name":"Home","item":"https:\/\/assist.com.co\/"},{"@type":"ListItem","position":2,"name":"Registro Andicom 2023 Diagn\u00f3stico Modernizaci\u00f3n Gratuito"}]},{"@type":"WebSite","@id":"https:\/\/assist.com.co\/#website","url":"https:\/\/assist.com.co\/","name":"Assist Consultores","description":"Transformando Capacidades Empresariales en Sistemas Innovadores","potentialAction":[{"@type":"SearchAction","target":{"@type":"EntryPoint","urlTemplate":"https:\/\/assist.com.co\/?s={search_term_string}"},"query-input":{"@type":"PropertyValueSpecification","valueRequired":true,"valueName":"search_term_string"}}],"inLanguage":"en-US"}]}},"_links":{"self":[{"href":"https:\/\/assist.com.co\/en\/wp-json\/wp\/v2\/pages\/17257","targetHints":{"allow":["GET"]}}],"collection":[{"href":"https:\/\/assist.com.co\/en\/wp-json\/wp\/v2\/pages"}],"about":[{"href":"https:\/\/assist.com.co\/en\/wp-json\/wp\/v2\/types\/page"}],"author":[{"embeddable":true,"href":"https:\/\/assist.com.co\/en\/wp-json\/wp\/v2\/users\/1"}],"replies":[{"embeddable":true,"href":"https:\/\/assist.com.co\/en\/wp-json\/wp\/v2\/comments?post=17257"}],"version-history":[{"count":6,"href":"https:\/\/assist.com.co\/en\/wp-json\/wp\/v2\/pages\/17257\/revisions"}],"predecessor-version":[{"id":24213,"href":"https:\/\/assist.com.co\/en\/wp-json\/wp\/v2\/pages\/17257\/revisions\/24213"}],"wp:attachment":[{"href":"https:\/\/assist.com.co\/en\/wp-json\/wp\/v2\/media?parent=17257"}],"curies":[{"name":"wp","href":"https:\/\/api.w.org\/{rel}","templated":true}]}}