{"id":17292,"date":"2023-09-01T20:56:05","date_gmt":"2023-09-01T20:56:05","guid":{"rendered":"https:\/\/assist.com.co\/?page_id=17292"},"modified":"2026-02-25T15:36:49","modified_gmt":"2026-02-25T15:36:49","slug":"diagnostico-de-automatizacion-de-procesos","status":"publish","type":"page","link":"https:\/\/assist.com.co\/en\/diagnostico-de-automatizacion-de-procesos\/","title":{"rendered":"Diagn\u00f3stico Automatizaci\u00f3n de Procesos"},"content":{"rendered":"<div class=\"et_pb_section_0 et_pb_section et_section_regular et_block_section preset--module--divi-section--default\"><div class=\"et_pb_row_0 et_pb_row et_block_row\"><div class=\"et_pb_column_0 et_pb_column et_pb_column_1_2 et_block_column et_pb_css_mix_blend_mode_passthrough\"><div class=\"et_pb_image_0 et_pb_image et_pb_module et_block_module\"><span class=\"et_pb_image_wrap\"><img decoding=\"async\" src=\"https:\/\/assist.com.co\/wp-content\/uploads\/2023\/09\/webinar-rpa-2023.11-01.webp\" title=\"webinar rpa 2023.11-01\" \/><\/span><\/div><div class=\"et_pb_text_0 et_pb_text et_pb_bg_layout_light et_pb_module et_block_module\"><div class=\"et_pb_text_inner\"><h1><strong><span style=\"color: #ffffff;\"><em>\"Obt\u00e9n tu diagn\u00f3stico de automatizaci\u00f3n de procesos. Descubre c\u00f3mo estas tecnolog\u00edas pueden transformar tu negocio. \u00a1Reg\u00edstrate ahora!\"<\/em><\/span><\/strong><\/h1>\n<\/div><\/div><\/div><div class=\"et_pb_column_1 et_pb_column et_pb_column_1_2 et-last-child et_block_column et_pb_css_mix_blend_mode_passthrough\"><div class=\"et_pb_code_0 et_pb_code et_pb_module\"><div class=\"et_pb_code_inner\"><iframe loading=\"lazy\" src=\"https:\/\/docs.google.com\/forms\/d\/e\/1FAIpQLSchIBWrLoiiNZolNDx6PALfKqI8RK-d-qZo_ASDk2Wr9U2orw\/viewform?embedded=true\" width=\"640\" height=\"900\" frameborder=\"0\" marginheight=\"0\" marginwidth=\"0\">Cargando\u2026<\/iframe><\/div><\/div><\/div><\/div><\/div>","protected":false},"excerpt":{"rendered":"","protected":false},"author":1,"featured_media":0,"parent":0,"menu_order":0,"comment_status":"closed","ping_status":"closed","template":"page-template-blank.php","meta":{"inline_featured_image":false,"footnotes":""},"class_list":["post-17292","page","type-page","status-publish","hentry"],"yoast_head":"<!-- This site is optimized with the Yoast SEO Premium plugin v25.2 (Yoast SEO v27.3) - https:\/\/yoast.com\/product\/yoast-seo-premium-wordpress\/ -->\n<title>Diagn\u00f3stico Automatizaci\u00f3n de Procesos - Assist Consultores<\/title>\n<meta name=\"description\" content=\"&quot;Obt\u00e9n tu diagn\u00f3stico gratuito de RPA e IA. Descubre c\u00f3mo estas tecnolog\u00edas pueden transformar tu negocio. \u00a1Reg\u00edstrate ahora!&quot;\" \/>\n<meta name=\"robots\" content=\"index, follow, max-snippet:-1, max-image-preview:large, max-video-preview:-1\" \/>\n<link rel=\"canonical\" href=\"https:\/\/assist.com.co\/en\/diagnostico-de-automatizacion-de-procesos\/\" \/>\n<meta property=\"og:locale\" content=\"en_US\" \/>\n<meta property=\"og:type\" content=\"article\" \/>\n<meta property=\"og:title\" content=\"Diagn\u00f3stico Automatizaci\u00f3n de Procesos\" \/>\n<meta property=\"og:description\" content=\"&quot;Obt\u00e9n tu diagn\u00f3stico gratuito de RPA e IA. Descubre c\u00f3mo estas tecnolog\u00edas pueden transformar tu negocio. \u00a1Reg\u00edstrate ahora!&quot;\" \/>\n<meta property=\"og:url\" content=\"https:\/\/assist.com.co\/en\/diagnostico-de-automatizacion-de-procesos\/\" \/>\n<meta property=\"og:site_name\" content=\"Assist Consultores\" \/>\n<meta property=\"article:modified_time\" content=\"2026-02-25T15:36:49+00:00\" \/>\n<meta name=\"twitter:card\" content=\"summary_large_image\" \/>\n<meta name=\"twitter:label1\" content=\"Est. reading time\" \/>\n\t<meta name=\"twitter:data1\" content=\"1 minute\" \/>\n<script type=\"application\/ld+json\" class=\"yoast-schema-graph\">{\"@context\":\"https:\\\/\\\/schema.org\",\"@graph\":[{\"@type\":\"WebPage\",\"@id\":\"https:\\\/\\\/assist.com.co\\\/diagnostico-de-automatizacion-de-procesos\\\/\",\"url\":\"https:\\\/\\\/assist.com.co\\\/diagnostico-de-automatizacion-de-procesos\\\/\",\"name\":\"Diagn\u00f3stico Automatizaci\u00f3n de Procesos - Assist Consultores\",\"isPartOf\":{\"@id\":\"https:\\\/\\\/assist.com.co\\\/#website\"},\"datePublished\":\"2023-09-01T20:56:05+00:00\",\"dateModified\":\"2026-02-25T15:36:49+00:00\",\"description\":\"\\\"Obt\u00e9n tu diagn\u00f3stico gratuito de RPA e IA. Descubre c\u00f3mo estas tecnolog\u00edas pueden transformar tu negocio. \u00a1Reg\u00edstrate ahora!\\\"\",\"breadcrumb\":{\"@id\":\"https:\\\/\\\/assist.com.co\\\/diagnostico-de-automatizacion-de-procesos\\\/#breadcrumb\"},\"inLanguage\":\"en-US\",\"potentialAction\":[{\"@type\":\"ReadAction\",\"target\":[\"https:\\\/\\\/assist.com.co\\\/diagnostico-de-automatizacion-de-procesos\\\/\"]}]},{\"@type\":\"BreadcrumbList\",\"@id\":\"https:\\\/\\\/assist.com.co\\\/diagnostico-de-automatizacion-de-procesos\\\/#breadcrumb\",\"itemListElement\":[{\"@type\":\"ListItem\",\"position\":1,\"name\":\"Home\",\"item\":\"https:\\\/\\\/assist.com.co\\\/\"},{\"@type\":\"ListItem\",\"position\":2,\"name\":\"Diagn\u00f3stico Automatizaci\u00f3n de Procesos\"}]},{\"@type\":\"WebSite\",\"@id\":\"https:\\\/\\\/assist.com.co\\\/#website\",\"url\":\"https:\\\/\\\/assist.com.co\\\/\",\"name\":\"Assist Consultores\",\"description\":\"Transformando Capacidades Empresariales en Sistemas Innovadores\",\"potentialAction\":[{\"@type\":\"SearchAction\",\"target\":{\"@type\":\"EntryPoint\",\"urlTemplate\":\"https:\\\/\\\/assist.com.co\\\/?s={search_term_string}\"},\"query-input\":{\"@type\":\"PropertyValueSpecification\",\"valueRequired\":true,\"valueName\":\"search_term_string\"}}],\"inLanguage\":\"en-US\"}]}<\/script>\n<!-- \/ Yoast SEO Premium plugin. -->","yoast_head_json":{"title":"Diagn\u00f3stico Automatizaci\u00f3n de Procesos - Assist Consultores","description":"\"Obt\\u00e9n tu diagn\\u00f3stico gratuito de RPA e IA. Descubre c\\u00f3mo estas tecnolog\\u00edas pueden transformar tu negocio. \\u00a1Reg\\u00edstrate ahora!\"","robots":{"index":"index","follow":"follow","max-snippet":"max-snippet:-1","max-image-preview":"max-image-preview:large","max-video-preview":"max-video-preview:-1"},"canonical":"https:\/\/assist.com.co\/en\/diagnostico-de-automatizacion-de-procesos\/","og_locale":"en_US","og_type":"article","og_title":"Diagn\u00f3stico Automatizaci\u00f3n de Procesos","og_description":"\"Obt\u00e9n tu diagn\u00f3stico gratuito de RPA e IA. Descubre c\u00f3mo estas tecnolog\u00edas pueden transformar tu negocio. \u00a1Reg\u00edstrate ahora!\"","og_url":"https:\/\/assist.com.co\/en\/diagnostico-de-automatizacion-de-procesos\/","og_site_name":"Assist Consultores","article_modified_time":"2026-02-25T15:36:49+00:00","twitter_card":"summary_large_image","twitter_misc":{"Est. reading time":"1 minute"},"schema":{"@context":"https:\/\/schema.org","@graph":[{"@type":"WebPage","@id":"https:\/\/assist.com.co\/diagnostico-de-automatizacion-de-procesos\/","url":"https:\/\/assist.com.co\/diagnostico-de-automatizacion-de-procesos\/","name":"Diagn\u00f3stico Automatizaci\u00f3n de Procesos - Assist Consultores","isPartOf":{"@id":"https:\/\/assist.com.co\/#website"},"datePublished":"2023-09-01T20:56:05+00:00","dateModified":"2026-02-25T15:36:49+00:00","description":"\"Obt\\u00e9n tu diagn\\u00f3stico gratuito de RPA e IA. Descubre c\\u00f3mo estas tecnolog\\u00edas pueden transformar tu negocio. \\u00a1Reg\\u00edstrate ahora!\"","breadcrumb":{"@id":"https:\/\/assist.com.co\/diagnostico-de-automatizacion-de-procesos\/#breadcrumb"},"inLanguage":"en-US","potentialAction":[{"@type":"ReadAction","target":["https:\/\/assist.com.co\/diagnostico-de-automatizacion-de-procesos\/"]}]},{"@type":"BreadcrumbList","@id":"https:\/\/assist.com.co\/diagnostico-de-automatizacion-de-procesos\/#breadcrumb","itemListElement":[{"@type":"ListItem","position":1,"name":"Home","item":"https:\/\/assist.com.co\/"},{"@type":"ListItem","position":2,"name":"Diagn\u00f3stico Automatizaci\u00f3n de Procesos"}]},{"@type":"WebSite","@id":"https:\/\/assist.com.co\/#website","url":"https:\/\/assist.com.co\/","name":"Assist Consultores","description":"Transformando Capacidades Empresariales en Sistemas Innovadores","potentialAction":[{"@type":"SearchAction","target":{"@type":"EntryPoint","urlTemplate":"https:\/\/assist.com.co\/?s={search_term_string}"},"query-input":{"@type":"PropertyValueSpecification","valueRequired":true,"valueName":"search_term_string"}}],"inLanguage":"en-US"}]}},"_links":{"self":[{"href":"https:\/\/assist.com.co\/en\/wp-json\/wp\/v2\/pages\/17292","targetHints":{"allow":["GET"]}}],"collection":[{"href":"https:\/\/assist.com.co\/en\/wp-json\/wp\/v2\/pages"}],"about":[{"href":"https:\/\/assist.com.co\/en\/wp-json\/wp\/v2\/types\/page"}],"author":[{"embeddable":true,"href":"https:\/\/assist.com.co\/en\/wp-json\/wp\/v2\/users\/1"}],"replies":[{"embeddable":true,"href":"https:\/\/assist.com.co\/en\/wp-json\/wp\/v2\/comments?post=17292"}],"version-history":[{"count":6,"href":"https:\/\/assist.com.co\/en\/wp-json\/wp\/v2\/pages\/17292\/revisions"}],"predecessor-version":[{"id":24214,"href":"https:\/\/assist.com.co\/en\/wp-json\/wp\/v2\/pages\/17292\/revisions\/24214"}],"wp:attachment":[{"href":"https:\/\/assist.com.co\/en\/wp-json\/wp\/v2\/media?parent=17292"}],"curies":[{"name":"wp","href":"https:\/\/api.w.org\/{rel}","templated":true}]}}