{"id":17956,"date":"2024-01-17T20:44:33","date_gmt":"2024-01-17T20:44:33","guid":{"rendered":"https:\/\/assist.com.co\/?page_id=17956"},"modified":"2026-02-25T15:37:00","modified_gmt":"2026-02-25T15:37:00","slug":"el-futuro-tecnologico-de-la-industria-de-los-juegos","status":"publish","type":"page","link":"https:\/\/assist.com.co\/en\/el-futuro-tecnologico-de-la-industria-de-los-juegos\/","title":{"rendered":"El futuro tecnol\u00f3gico de la industria de los juegos"},"content":{"rendered":"<div class=\"et_pb_section_0 et_pb_section et_section_regular et_block_section preset--module--divi-section--default\"><div class=\"et_pb_row_0 et_pb_row et_block_row\"><div class=\"et_pb_column_0 et_pb_column et_pb_column_4_4 et-last-child et_block_column et_pb_css_mix_blend_mode_passthrough\"><div class=\"et_pb_text_0 et_pb_text et_pb_bg_layout_light et_pb_module et_block_module\"><div class=\"et_pb_text_inner\"><h1 style=\"text-align: center;\"><span style=\"color: #ffffff;\"><em><strong>\u00a1Haz parte de la modernizaci\u00f3n de las apuestas!<\/strong><\/em><\/span><\/h1>\n<p>&nbsp;<\/p>\n<\/div><\/div><\/div><\/div><div class=\"et_pb_row_1 et_pb_row et_block_row\"><div class=\"et_pb_column_1 et_pb_column et_pb_column_1_2 et_block_column et_pb_css_mix_blend_mode_passthrough\"><div class=\"et_pb_image_0 et_pb_image et_pb_module et_block_module\"><span class=\"et_pb_image_wrap\"><img loading=\"lazy\" decoding=\"async\" src=\"https:\/\/assist.com.co\/wp-content\/uploads\/2024\/01\/industria-juegos-apuestas-1.png\" width=\"1080\" height=\"1920\" srcset=\"https:\/\/assist.com.co\/wp-content\/uploads\/2024\/01\/industria-juegos-apuestas-1.png 1080w, https:\/\/assist.com.co\/wp-content\/uploads\/2024\/01\/industria-juegos-apuestas-1-980x1742.png 980w, https:\/\/assist.com.co\/wp-content\/uploads\/2024\/01\/industria-juegos-apuestas-1-480x853.png 480w\" sizes=\"(min-width: 0px) and (max-width: 480px) 480px, (min-width: 481px) and (max-width: 980px) 980px, (min-width: 981px) 1080px, 100vw\" class=\"wp-image-17970\" title=\"industria-juegos-apuestas\" alt=\"industria-juegos-apuestas\" \/><\/span><\/div><\/div><div class=\"et_pb_column_2 et_pb_column et_pb_column_1_2 et-last-child et_block_column et_pb_css_mix_blend_mode_passthrough\"><div class=\"et_pb_code_0 et_pb_code et_pb_module\"><div class=\"et_pb_code_inner\"><iframe loading=\"lazy\" src=\"https:\/\/docs.google.com\/forms\/d\/e\/1FAIpQLSdUEJEgN8yjRZKXW4A86_Xwsx-d-OLMGZ7s1I0QUsth0m3ZBg\/viewform?embedded=true\" width=\"640\" height=\"900\" frameborder=\"0\" marginheight=\"0\" marginwidth=\"0\">Cargando\u2026<\/iframe><\/div><\/div><\/div><\/div><\/div>","protected":false},"excerpt":{"rendered":"","protected":false},"author":1,"featured_media":0,"parent":0,"menu_order":0,"comment_status":"closed","ping_status":"closed","template":"","meta":{"inline_featured_image":false,"footnotes":""},"class_list":["post-17956","page","type-page","status-publish","hentry"],"yoast_head":"<!-- This site is optimized with the Yoast SEO Premium plugin v25.2 (Yoast SEO v27.4) - https:\/\/yoast.com\/product\/yoast-seo-premium-wordpress\/ -->\n<title>El futuro tecnol\u00f3gico de la industria de los juegos - Assist Consultores<\/title>\n<meta name=\"description\" content=\"Actualmente compa\u00f1\u00edas como Corredor Empresarial y ONJ (Operadora Nacional de Juegos)Est\u00e1n transformando su capacidad y experiencia en sus aplicativos de juegos y apuestas.\" \/>\n<meta name=\"robots\" content=\"index, follow, max-snippet:-1, max-image-preview:large, max-video-preview:-1\" \/>\n<link rel=\"canonical\" href=\"https:\/\/assist.com.co\/en\/el-futuro-tecnologico-de-la-industria-de-los-juegos\/\" \/>\n<meta property=\"og:locale\" content=\"en_US\" \/>\n<meta property=\"og:type\" content=\"article\" \/>\n<meta property=\"og:title\" content=\"El futuro tecnol\u00f3gico de la industria de los juegos\" \/>\n<meta property=\"og:description\" content=\"Actualmente compa\u00f1\u00edas como Corredor Empresarial y ONJ (Operadora Nacional de Juegos)Est\u00e1n transformando su capacidad y experiencia en sus aplicativos de juegos y apuestas.\" \/>\n<meta property=\"og:url\" content=\"https:\/\/assist.com.co\/en\/el-futuro-tecnologico-de-la-industria-de-los-juegos\/\" \/>\n<meta property=\"og:site_name\" content=\"Assist Consultores\" \/>\n<meta property=\"article:modified_time\" content=\"2026-02-25T15:37:00+00:00\" \/>\n<meta name=\"twitter:card\" content=\"summary_large_image\" \/>\n<meta name=\"twitter:label1\" content=\"Est. reading time\" \/>\n\t<meta name=\"twitter:data1\" content=\"1 minute\" \/>\n<script type=\"application\/ld+json\" class=\"yoast-schema-graph\">{\"@context\":\"https:\\\/\\\/schema.org\",\"@graph\":[{\"@type\":\"WebPage\",\"@id\":\"https:\\\/\\\/assist.com.co\\\/el-futuro-tecnologico-de-la-industria-de-los-juegos\\\/\",\"url\":\"https:\\\/\\\/assist.com.co\\\/el-futuro-tecnologico-de-la-industria-de-los-juegos\\\/\",\"name\":\"El futuro tecnol\u00f3gico de la industria de los juegos - Assist Consultores\",\"isPartOf\":{\"@id\":\"https:\\\/\\\/assist.com.co\\\/#website\"},\"datePublished\":\"2024-01-17T20:44:33+00:00\",\"dateModified\":\"2026-02-25T15:37:00+00:00\",\"description\":\"Actualmente compa\u00f1\u00edas como Corredor Empresarial y ONJ (Operadora Nacional de Juegos)Est\u00e1n transformando su capacidad y experiencia en sus aplicativos de juegos y apuestas.\",\"breadcrumb\":{\"@id\":\"https:\\\/\\\/assist.com.co\\\/el-futuro-tecnologico-de-la-industria-de-los-juegos\\\/#breadcrumb\"},\"inLanguage\":\"en-US\",\"potentialAction\":[{\"@type\":\"ReadAction\",\"target\":[\"https:\\\/\\\/assist.com.co\\\/el-futuro-tecnologico-de-la-industria-de-los-juegos\\\/\"]}]},{\"@type\":\"BreadcrumbList\",\"@id\":\"https:\\\/\\\/assist.com.co\\\/el-futuro-tecnologico-de-la-industria-de-los-juegos\\\/#breadcrumb\",\"itemListElement\":[{\"@type\":\"ListItem\",\"position\":1,\"name\":\"Home\",\"item\":\"https:\\\/\\\/assist.com.co\\\/\"},{\"@type\":\"ListItem\",\"position\":2,\"name\":\"El futuro tecnol\u00f3gico de la industria de los juegos\"}]},{\"@type\":\"WebSite\",\"@id\":\"https:\\\/\\\/assist.com.co\\\/#website\",\"url\":\"https:\\\/\\\/assist.com.co\\\/\",\"name\":\"Assist Consultores\",\"description\":\"Transformando Capacidades Empresariales en Sistemas Innovadores\",\"potentialAction\":[{\"@type\":\"SearchAction\",\"target\":{\"@type\":\"EntryPoint\",\"urlTemplate\":\"https:\\\/\\\/assist.com.co\\\/?s={search_term_string}\"},\"query-input\":{\"@type\":\"PropertyValueSpecification\",\"valueRequired\":true,\"valueName\":\"search_term_string\"}}],\"inLanguage\":\"en-US\"}]}<\/script>\n<!-- \/ Yoast SEO Premium plugin. -->","yoast_head_json":{"title":"El futuro tecnol\u00f3gico de la industria de los juegos - Assist Consultores","description":"Actualmente compa\u00f1\u00edas como Corredor Empresarial y ONJ (Operadora Nacional de Juegos)Est\u00e1n transformando su capacidad y experiencia en sus aplicativos de juegos y apuestas.","robots":{"index":"index","follow":"follow","max-snippet":"max-snippet:-1","max-image-preview":"max-image-preview:large","max-video-preview":"max-video-preview:-1"},"canonical":"https:\/\/assist.com.co\/en\/el-futuro-tecnologico-de-la-industria-de-los-juegos\/","og_locale":"en_US","og_type":"article","og_title":"El futuro tecnol\u00f3gico de la industria de los juegos","og_description":"Actualmente compa\u00f1\u00edas como Corredor Empresarial y ONJ (Operadora Nacional de Juegos)Est\u00e1n transformando su capacidad y experiencia en sus aplicativos de juegos y apuestas.","og_url":"https:\/\/assist.com.co\/en\/el-futuro-tecnologico-de-la-industria-de-los-juegos\/","og_site_name":"Assist Consultores","article_modified_time":"2026-02-25T15:37:00+00:00","twitter_card":"summary_large_image","twitter_misc":{"Est. reading time":"1 minute"},"schema":{"@context":"https:\/\/schema.org","@graph":[{"@type":"WebPage","@id":"https:\/\/assist.com.co\/el-futuro-tecnologico-de-la-industria-de-los-juegos\/","url":"https:\/\/assist.com.co\/el-futuro-tecnologico-de-la-industria-de-los-juegos\/","name":"El futuro tecnol\u00f3gico de la industria de los juegos - Assist Consultores","isPartOf":{"@id":"https:\/\/assist.com.co\/#website"},"datePublished":"2024-01-17T20:44:33+00:00","dateModified":"2026-02-25T15:37:00+00:00","description":"Actualmente compa\u00f1\u00edas como Corredor Empresarial y ONJ (Operadora Nacional de Juegos)Est\u00e1n transformando su capacidad y experiencia en sus aplicativos de juegos y apuestas.","breadcrumb":{"@id":"https:\/\/assist.com.co\/el-futuro-tecnologico-de-la-industria-de-los-juegos\/#breadcrumb"},"inLanguage":"en-US","potentialAction":[{"@type":"ReadAction","target":["https:\/\/assist.com.co\/el-futuro-tecnologico-de-la-industria-de-los-juegos\/"]}]},{"@type":"BreadcrumbList","@id":"https:\/\/assist.com.co\/el-futuro-tecnologico-de-la-industria-de-los-juegos\/#breadcrumb","itemListElement":[{"@type":"ListItem","position":1,"name":"Home","item":"https:\/\/assist.com.co\/"},{"@type":"ListItem","position":2,"name":"El futuro tecnol\u00f3gico de la industria de los juegos"}]},{"@type":"WebSite","@id":"https:\/\/assist.com.co\/#website","url":"https:\/\/assist.com.co\/","name":"Assist Consultores","description":"Transformando Capacidades Empresariales en Sistemas Innovadores","potentialAction":[{"@type":"SearchAction","target":{"@type":"EntryPoint","urlTemplate":"https:\/\/assist.com.co\/?s={search_term_string}"},"query-input":{"@type":"PropertyValueSpecification","valueRequired":true,"valueName":"search_term_string"}}],"inLanguage":"en-US"}]}},"_links":{"self":[{"href":"https:\/\/assist.com.co\/en\/wp-json\/wp\/v2\/pages\/17956","targetHints":{"allow":["GET"]}}],"collection":[{"href":"https:\/\/assist.com.co\/en\/wp-json\/wp\/v2\/pages"}],"about":[{"href":"https:\/\/assist.com.co\/en\/wp-json\/wp\/v2\/types\/page"}],"author":[{"embeddable":true,"href":"https:\/\/assist.com.co\/en\/wp-json\/wp\/v2\/users\/1"}],"replies":[{"embeddable":true,"href":"https:\/\/assist.com.co\/en\/wp-json\/wp\/v2\/comments?post=17956"}],"version-history":[{"count":4,"href":"https:\/\/assist.com.co\/en\/wp-json\/wp\/v2\/pages\/17956\/revisions"}],"predecessor-version":[{"id":24219,"href":"https:\/\/assist.com.co\/en\/wp-json\/wp\/v2\/pages\/17956\/revisions\/24219"}],"wp:attachment":[{"href":"https:\/\/assist.com.co\/en\/wp-json\/wp\/v2\/media?parent=17956"}],"curies":[{"name":"wp","href":"https:\/\/api.w.org\/{rel}","templated":true}]}}