{"id":18213,"date":"2024-02-14T15:29:03","date_gmt":"2024-02-14T15:29:03","guid":{"rendered":"https:\/\/assist.com.co\/?page_id=18213"},"modified":"2026-02-25T15:37:05","modified_gmt":"2026-02-25T15:37:05","slug":"modernizate-es-hora-de-conectar-e-integrar-tus-aplicaciones-y-datos-como-todo-un-crack","status":"publish","type":"page","link":"https:\/\/assist.com.co\/en\/modernizate-es-hora-de-conectar-e-integrar-tus-aplicaciones-y-datos-como-todo-un-crack\/","title":{"rendered":"Reducir\u00a0 la complejidad con soluciones de Integraci\u00f3n as a Service"},"content":{"rendered":"<div class=\"et_pb_section_0 et_pb_section et_section_regular et_block_section preset--module--divi-section--default\"><div class=\"et_pb_row_0 et_pb_row et_block_row\"><div class=\"et_pb_column_0 et_pb_column et_pb_column_4_4 et-last-child et_block_column et_pb_css_mix_blend_mode_passthrough\"><div class=\"et_pb_image_0 et_pb_image et_pb_module et_block_module\"><span class=\"et_pb_image_wrap\"><img loading=\"lazy\" decoding=\"async\" src=\"https:\/\/assist.com.co\/wp-content\/uploads\/2024\/02\/Sin-titulo-1.jpg\" width=\"1691\" height=\"350\" srcset=\"https:\/\/assist.com.co\/wp-content\/uploads\/2024\/02\/Sin-titulo-1.jpg 1691w, https:\/\/assist.com.co\/wp-content\/uploads\/2024\/02\/Sin-titulo-1-1280x265.jpg 1280w, https:\/\/assist.com.co\/wp-content\/uploads\/2024\/02\/Sin-titulo-1-980x203.jpg 980w, https:\/\/assist.com.co\/wp-content\/uploads\/2024\/02\/Sin-titulo-1-480x99.jpg 480w\" sizes=\"(min-width: 0px) and (max-width: 480px) 480px, (min-width: 481px) and (max-width: 980px) 980px, (min-width: 981px) and (max-width: 1280px) 1280px, (min-width: 1281px) 1691px, 100vw\" class=\"wp-image-18241\" \/><\/span><\/div><\/div><\/div><div class=\"et_pb_row_1 et_pb_row et_block_row\"><div class=\"et_pb_column_1 et_pb_column et_pb_column_3_5 et_block_column et_pb_css_mix_blend_mode_passthrough\"><div class=\"et_pb_text_0 et_pb_text et_pb_bg_layout_light et_pb_module et_block_module\"><div class=\"et_pb_text_inner\"><h1 style=\"text-align: left;\"><strong>Modern\u00edzate, es hora de conectar e integrar tus aplicaciones y datos como todo un crack<\/strong><\/h1>\n<\/div><\/div><div class=\"et_pb_text_1 et_pb_text et_pb_bg_layout_light et_pb_module et_block_module\"><div class=\"et_pb_text_inner\"><h1><span>Reducir\u00a0 la complejidad con soluciones de Integraci\u00f3n as a Service \u00a0<\/span><\/h1>\n<\/div><\/div><div class=\"et_pb_module et_pb_button_module_wrapper et_pb_button_0_wrapper\"><a class=\"et_pb_button_0 et_pb_button et_pb_bg_layout_light et_pb_module et_block_module\" href=\"https:\/\/assist.com.co\/wp-content\/uploads\/2024\/02\/Ebook-de-Eficiencia-TI-con-Assist.pdf\">Descarga el Ebook de Eficiencia TI con Assist<\/a><\/div><\/div><div class=\"et_pb_column_2 et_pb_column et_pb_column_2_5 et-last-child et_block_column et_pb_css_mix_blend_mode_passthrough\"><div class=\"et_pb_image_1 et_pb_image et_pb_module et_block_module\"><span class=\"et_pb_image_wrap\"><img loading=\"lazy\" decoding=\"async\" src=\"https:\/\/assist.com.co\/wp-content\/uploads\/2024\/02\/imagen-hombre-mujer-frente-pantalla-computadora.webp\" width=\"1500\" height=\"1500\" srcset=\"https:\/\/assist.com.co\/wp-content\/uploads\/2024\/02\/imagen-hombre-mujer-frente-pantalla-computadora.webp 1500w, https:\/\/assist.com.co\/wp-content\/uploads\/2024\/02\/imagen-hombre-mujer-frente-pantalla-computadora-1280x1280.webp 1280w, https:\/\/assist.com.co\/wp-content\/uploads\/2024\/02\/imagen-hombre-mujer-frente-pantalla-computadora-980x980.webp 980w, https:\/\/assist.com.co\/wp-content\/uploads\/2024\/02\/imagen-hombre-mujer-frente-pantalla-computadora-480x480.webp 480w\" sizes=\"(min-width: 0px) and (max-width: 480px) 480px, (min-width: 481px) and (max-width: 980px) 980px, (min-width: 981px) and (max-width: 1280px) 1280px, (min-width: 1281px) 1500px, 100vw\" class=\"wp-image-18242\" title=\"imagen-hombre-mujer-frente-pantalla-computadora\" \/><\/span><\/div><\/div><\/div><div class=\"et_pb_row_2 et_pb_row et_block_row\"><div class=\"et_pb_column_3 et_pb_column et_pb_column_3_5 et_block_column et_pb_css_mix_blend_mode_passthrough\"><div class=\"et_pb_divider_0 et_pb_divider et_pb_space et_pb_divider_position_top et_pb_module\"><div class=\"et_pb_divider_internal\"><\/div><\/div><div class=\"et_pb_text_2 et_pb_text et_pb_bg_layout_light et_pb_module et_block_module\"><div class=\"et_pb_text_inner\"><h2 paraid=\"408454860\" paraeid=\"{a585047d-fc95-4cdf-970b-5af3d144f30b}{64}\" style=\"text-align: justify;\">Es hora de que adoptes una estrategia que prioriza lo digital, llevando a la proliferaci\u00f3n de aplicaciones tanto localces como multicloud.\u00a0<\/h2>\n<h2 paraid=\"408454860\" paraeid=\"{a585047d-fc95-4cdf-970b-5af3d144f30b}{64}\" style=\"text-align: justify;\">A medida que el volumen de aplicaciones aumenta, la conectividad en todo el ecosostema es fundamental para garantizar la competitividad en el mercado.<\/h2>\n<h2 paraid=\"408454860\" paraeid=\"{a585047d-fc95-4cdf-970b-5af3d144f30b}{64}\" style=\"text-align: justify;\">Con IBM APP Connect y Assist podr\u00e1s permitirle a tu equipo conectar aplicaciones y datos, todos en uno o m\u00faltiples entornos.<\/h2>\n<\/div><\/div><div class=\"et_pb_divider_1 et_pb_divider et_pb_space et_pb_divider_position_top et_pb_module\"><div class=\"et_pb_divider_internal\"><\/div><\/div><div class=\"et_pb_text_3 et_pb_text et_pb_bg_layout_light et_pb_module et_block_module\"><div class=\"et_pb_text_inner\"><h2 paraid=\"408454860\" paraeid=\"{a585047d-fc95-4cdf-970b-5af3d144f30b}{64}\" style=\"text-align: justify;\"><span>Desde estilos de integraci\u00f3n, SOA tradicional hasta eventos modernos, API y servicios basados en microservicios, IBM App Connect proporciona una \u00fanica herramienta de integraci\u00f3n para toda su empresa.<\/span><\/h2>\n<\/div><\/div><div class=\"et_pb_module et_pb_button_module_wrapper et_pb_button_1_wrapper\"><a class=\"et_pb_button_1 et_pb_button et_pb_bg_layout_light et_pb_module et_block_module\" href=\"https:\/\/assist.com.co\/wp-content\/uploads\/2024\/02\/Ebook-de-Integracion.pdf\">Descubre m\u00e1s con la integraci\u00f3n \u00e1gil<\/a><\/div><div class=\"et_pb_image_2 et_pb_image et_pb_module et_block_module\"><span class=\"et_pb_image_wrap\"><img loading=\"lazy\" decoding=\"async\" src=\"https:\/\/assist.com.co\/wp-content\/uploads\/2024\/02\/CAMPANA-DATA-1.png\" width=\"1074\" height=\"457\" srcset=\"https:\/\/assist.com.co\/wp-content\/uploads\/2024\/02\/CAMPANA-DATA-1.png 1074w, https:\/\/assist.com.co\/wp-content\/uploads\/2024\/02\/CAMPANA-DATA-1-980x417.png 980w, https:\/\/assist.com.co\/wp-content\/uploads\/2024\/02\/CAMPANA-DATA-1-480x204.png 480w\" sizes=\"(min-width: 0px) and (max-width: 480px) 480px, (min-width: 481px) and (max-width: 980px) 980px, (min-width: 981px) 1074px, 100vw\" class=\"wp-image-18217\" title=\"CAMPA\u00d1A-DATA-1\" \/><\/span><\/div><\/div><div class=\"et_pb_column_4 et_pb_column et_pb_column_2_5 et-last-child et_block_column et_pb_css_mix_blend_mode_passthrough\"><div class=\"et_pb_text_4 et_pb_text et_pb_bg_layout_light et_pb_module et_block_module\"><div class=\"et_pb_text_inner\"><h1><span style=\"color: #ff0000;\"><strong><em>Cont\u00e1ctanos y obt\u00e9n totalmente gratis un Assesment de maduraci\u00f3n de tus datos<\/em><\/strong><\/span><\/h1>\n<\/div><\/div><div class=\"et_pb_code_0 et_pb_code et_pb_module\"><div class=\"et_pb_code_inner\"><iframe loading=\"lazy\" src=\"https:\/\/docs.google.com\/forms\/d\/e\/1FAIpQLSfLlAlt7YYPaZ8HSftloj9fXuA7nsfbN-h7iWVDrsIJPEQpXA\/viewform?embedded=true\" width=\"700\" height=\"700\" frameborder=\"0\" marginheight=\"0\" marginwidth=\"0\">Cargando\u2026<\/iframe><\/div><\/div><\/div><\/div><\/div>","protected":false},"excerpt":{"rendered":"","protected":false},"author":1,"featured_media":0,"parent":0,"menu_order":0,"comment_status":"closed","ping_status":"closed","template":"page-template-blank.php","meta":{"inline_featured_image":false,"footnotes":""},"class_list":["post-18213","page","type-page","status-publish","hentry"],"yoast_head":"<!-- This site is optimized with the Yoast SEO Premium plugin v25.2 (Yoast SEO v27.3) - https:\/\/yoast.com\/product\/yoast-seo-premium-wordpress\/ -->\n<title>Reducir\u00a0 la complejidad con soluciones de Integraci\u00f3n as a Service - Assist Consultores<\/title>\n<meta name=\"description\" content=\"Es hora de que adoptes una estrategia que prioriza lo digital, llevando a la proliferaci\u00f3n de aplicaciones tanto localces como multicloud.\" \/>\n<meta name=\"robots\" content=\"index, follow, max-snippet:-1, max-image-preview:large, max-video-preview:-1\" \/>\n<link rel=\"canonical\" href=\"https:\/\/assist.com.co\/en\/modernizate-es-hora-de-conectar-e-integrar-tus-aplicaciones-y-datos-como-todo-un-crack\/\" \/>\n<meta property=\"og:locale\" content=\"en_US\" \/>\n<meta property=\"og:type\" content=\"article\" \/>\n<meta property=\"og:title\" content=\"Reducir\u00a0 la complejidad con soluciones de Integraci\u00f3n as a Service\" \/>\n<meta property=\"og:description\" content=\"Es hora de que adoptes una estrategia que prioriza lo digital, llevando a la proliferaci\u00f3n de aplicaciones tanto localces como multicloud.\" \/>\n<meta property=\"og:url\" content=\"https:\/\/assist.com.co\/en\/modernizate-es-hora-de-conectar-e-integrar-tus-aplicaciones-y-datos-como-todo-un-crack\/\" \/>\n<meta property=\"og:site_name\" content=\"Assist Consultores\" \/>\n<meta property=\"article:modified_time\" content=\"2026-02-25T15:37:05+00:00\" \/>\n<meta name=\"twitter:card\" content=\"summary_large_image\" \/>\n<script type=\"application\/ld+json\" class=\"yoast-schema-graph\">{\"@context\":\"https:\\\/\\\/schema.org\",\"@graph\":[{\"@type\":\"WebPage\",\"@id\":\"https:\\\/\\\/assist.com.co\\\/modernizate-es-hora-de-conectar-e-integrar-tus-aplicaciones-y-datos-como-todo-un-crack\\\/\",\"url\":\"https:\\\/\\\/assist.com.co\\\/modernizate-es-hora-de-conectar-e-integrar-tus-aplicaciones-y-datos-como-todo-un-crack\\\/\",\"name\":\"Reducir\u00a0 la complejidad con soluciones de Integraci\u00f3n as a Service - Assist Consultores\",\"isPartOf\":{\"@id\":\"https:\\\/\\\/assist.com.co\\\/#website\"},\"datePublished\":\"2024-02-14T15:29:03+00:00\",\"dateModified\":\"2026-02-25T15:37:05+00:00\",\"description\":\"Es hora de que adoptes una estrategia que prioriza lo digital, llevando a la proliferaci\u00f3n de aplicaciones tanto localces como multicloud.\",\"breadcrumb\":{\"@id\":\"https:\\\/\\\/assist.com.co\\\/modernizate-es-hora-de-conectar-e-integrar-tus-aplicaciones-y-datos-como-todo-un-crack\\\/#breadcrumb\"},\"inLanguage\":\"en-US\",\"potentialAction\":[{\"@type\":\"ReadAction\",\"target\":[\"https:\\\/\\\/assist.com.co\\\/modernizate-es-hora-de-conectar-e-integrar-tus-aplicaciones-y-datos-como-todo-un-crack\\\/\"]}]},{\"@type\":\"BreadcrumbList\",\"@id\":\"https:\\\/\\\/assist.com.co\\\/modernizate-es-hora-de-conectar-e-integrar-tus-aplicaciones-y-datos-como-todo-un-crack\\\/#breadcrumb\",\"itemListElement\":[{\"@type\":\"ListItem\",\"position\":1,\"name\":\"Home\",\"item\":\"https:\\\/\\\/assist.com.co\\\/\"},{\"@type\":\"ListItem\",\"position\":2,\"name\":\"Reducir\u00a0 la complejidad con soluciones de Integraci\u00f3n as a Service\"}]},{\"@type\":\"WebSite\",\"@id\":\"https:\\\/\\\/assist.com.co\\\/#website\",\"url\":\"https:\\\/\\\/assist.com.co\\\/\",\"name\":\"Assist Consultores\",\"description\":\"Transformando Capacidades Empresariales en Sistemas Innovadores\",\"potentialAction\":[{\"@type\":\"SearchAction\",\"target\":{\"@type\":\"EntryPoint\",\"urlTemplate\":\"https:\\\/\\\/assist.com.co\\\/?s={search_term_string}\"},\"query-input\":{\"@type\":\"PropertyValueSpecification\",\"valueRequired\":true,\"valueName\":\"search_term_string\"}}],\"inLanguage\":\"en-US\"}]}<\/script>\n<!-- \/ Yoast SEO Premium plugin. -->","yoast_head_json":{"title":"Reducir\u00a0 la complejidad con soluciones de Integraci\u00f3n as a Service - Assist Consultores","description":"Es hora de que adoptes una estrategia que prioriza lo digital, llevando a la proliferaci\u00f3n de aplicaciones tanto localces como multicloud.","robots":{"index":"index","follow":"follow","max-snippet":"max-snippet:-1","max-image-preview":"max-image-preview:large","max-video-preview":"max-video-preview:-1"},"canonical":"https:\/\/assist.com.co\/en\/modernizate-es-hora-de-conectar-e-integrar-tus-aplicaciones-y-datos-como-todo-un-crack\/","og_locale":"en_US","og_type":"article","og_title":"Reducir\u00a0 la complejidad con soluciones de Integraci\u00f3n as a Service","og_description":"Es hora de que adoptes una estrategia que prioriza lo digital, llevando a la proliferaci\u00f3n de aplicaciones tanto localces como multicloud.","og_url":"https:\/\/assist.com.co\/en\/modernizate-es-hora-de-conectar-e-integrar-tus-aplicaciones-y-datos-como-todo-un-crack\/","og_site_name":"Assist Consultores","article_modified_time":"2026-02-25T15:37:05+00:00","twitter_card":"summary_large_image","schema":{"@context":"https:\/\/schema.org","@graph":[{"@type":"WebPage","@id":"https:\/\/assist.com.co\/modernizate-es-hora-de-conectar-e-integrar-tus-aplicaciones-y-datos-como-todo-un-crack\/","url":"https:\/\/assist.com.co\/modernizate-es-hora-de-conectar-e-integrar-tus-aplicaciones-y-datos-como-todo-un-crack\/","name":"Reducir\u00a0 la complejidad con soluciones de Integraci\u00f3n as a Service - Assist Consultores","isPartOf":{"@id":"https:\/\/assist.com.co\/#website"},"datePublished":"2024-02-14T15:29:03+00:00","dateModified":"2026-02-25T15:37:05+00:00","description":"Es hora de que adoptes una estrategia que prioriza lo digital, llevando a la proliferaci\u00f3n de aplicaciones tanto localces como multicloud.","breadcrumb":{"@id":"https:\/\/assist.com.co\/modernizate-es-hora-de-conectar-e-integrar-tus-aplicaciones-y-datos-como-todo-un-crack\/#breadcrumb"},"inLanguage":"en-US","potentialAction":[{"@type":"ReadAction","target":["https:\/\/assist.com.co\/modernizate-es-hora-de-conectar-e-integrar-tus-aplicaciones-y-datos-como-todo-un-crack\/"]}]},{"@type":"BreadcrumbList","@id":"https:\/\/assist.com.co\/modernizate-es-hora-de-conectar-e-integrar-tus-aplicaciones-y-datos-como-todo-un-crack\/#breadcrumb","itemListElement":[{"@type":"ListItem","position":1,"name":"Home","item":"https:\/\/assist.com.co\/"},{"@type":"ListItem","position":2,"name":"Reducir\u00a0 la complejidad con soluciones de Integraci\u00f3n as a Service"}]},{"@type":"WebSite","@id":"https:\/\/assist.com.co\/#website","url":"https:\/\/assist.com.co\/","name":"Assist Consultores","description":"Transformando Capacidades Empresariales en Sistemas Innovadores","potentialAction":[{"@type":"SearchAction","target":{"@type":"EntryPoint","urlTemplate":"https:\/\/assist.com.co\/?s={search_term_string}"},"query-input":{"@type":"PropertyValueSpecification","valueRequired":true,"valueName":"search_term_string"}}],"inLanguage":"en-US"}]}},"_links":{"self":[{"href":"https:\/\/assist.com.co\/en\/wp-json\/wp\/v2\/pages\/18213","targetHints":{"allow":["GET"]}}],"collection":[{"href":"https:\/\/assist.com.co\/en\/wp-json\/wp\/v2\/pages"}],"about":[{"href":"https:\/\/assist.com.co\/en\/wp-json\/wp\/v2\/types\/page"}],"author":[{"embeddable":true,"href":"https:\/\/assist.com.co\/en\/wp-json\/wp\/v2\/users\/1"}],"replies":[{"embeddable":true,"href":"https:\/\/assist.com.co\/en\/wp-json\/wp\/v2\/comments?post=18213"}],"version-history":[{"count":5,"href":"https:\/\/assist.com.co\/en\/wp-json\/wp\/v2\/pages\/18213\/revisions"}],"predecessor-version":[{"id":24221,"href":"https:\/\/assist.com.co\/en\/wp-json\/wp\/v2\/pages\/18213\/revisions\/24221"}],"wp:attachment":[{"href":"https:\/\/assist.com.co\/en\/wp-json\/wp\/v2\/media?parent=18213"}],"curies":[{"name":"wp","href":"https:\/\/api.w.org\/{rel}","templated":true}]}}