{"id":18224,"date":"2024-02-15T21:49:54","date_gmt":"2024-02-15T21:49:54","guid":{"rendered":"https:\/\/assist.com.co\/?page_id=18224"},"modified":"2026-02-25T15:37:07","modified_gmt":"2026-02-25T15:37:07","slug":"toma-mejores-decisiones-escalando-tus-datos-con-ia","status":"publish","type":"page","link":"https:\/\/assist.com.co\/en\/toma-mejores-decisiones-escalando-tus-datos-con-ia\/","title":{"rendered":"Toma mejores decisiones escalando tus datos con IA"},"content":{"rendered":"<div class=\"et_pb_section_0 et_pb_section et_section_regular et_block_section preset--module--divi-section--default\"><div class=\"et_pb_row_0 et_pb_row et_block_row\"><div class=\"et_pb_column_0 et_pb_column et_pb_column_3_5 et_block_column et_pb_css_mix_blend_mode_passthrough\"><div class=\"et_pb_text_0 et_pb_text et_pb_bg_layout_light et_pb_module et_block_module\"><div class=\"et_pb_text_inner\"><h1 style=\"text-align: left;\"><strong>Toma mejores decisiones escalando tus datos con IA<\/strong><\/h1>\n<\/div><\/div><\/div><div class=\"et_pb_column_1 et_pb_column et_pb_column_2_5 et-last-child et_block_column et_pb_css_mix_blend_mode_passthrough\"><div class=\"et_pb_image_0 et_pb_image et_pb_module et_block_module\"><span class=\"et_pb_image_wrap\"><img loading=\"lazy\" decoding=\"async\" src=\"https:\/\/assist.com.co\/wp-content\/uploads\/2024\/02\/bloques-cadena-bloques-concepto-red-nodos-conexion-comunicacion-bloques-cadena-bloques.png\" width=\"1500\" height=\"1001\" srcset=\"https:\/\/assist.com.co\/wp-content\/uploads\/2024\/02\/bloques-cadena-bloques-concepto-red-nodos-conexion-comunicacion-bloques-cadena-bloques.png 1500w, https:\/\/assist.com.co\/wp-content\/uploads\/2024\/02\/bloques-cadena-bloques-concepto-red-nodos-conexion-comunicacion-bloques-cadena-bloques-1280x854.png 1280w, https:\/\/assist.com.co\/wp-content\/uploads\/2024\/02\/bloques-cadena-bloques-concepto-red-nodos-conexion-comunicacion-bloques-cadena-bloques-980x654.png 980w, https:\/\/assist.com.co\/wp-content\/uploads\/2024\/02\/bloques-cadena-bloques-concepto-red-nodos-conexion-comunicacion-bloques-cadena-bloques-480x320.png 480w\" sizes=\"(min-width: 0px) and (max-width: 480px) 480px, (min-width: 481px) and (max-width: 980px) 980px, (min-width: 981px) and (max-width: 1280px) 1280px, (min-width: 1281px) 1500px, 100vw\" class=\"wp-image-18248\" title=\"bloques-cadena-bloques-concepto-red-nodos-conexion-comunicacion-bloques-cadena-bloques\" \/><\/span><\/div><\/div><\/div><\/div><div class=\"et_pb_section_1 et_pb_section et_section_regular et_block_section preset--module--divi-section--default\"><div class=\"et_pb_row_1 et_pb_row et_block_row\"><div class=\"et_pb_column_2 et_pb_column et_pb_column_3_5 et_block_column et_pb_css_mix_blend_mode_passthrough\"><div class=\"et_pb_text_1 et_pb_text et_pb_bg_layout_light et_pb_module et_block_module\"><div class=\"et_pb_text_inner\"><h2 style=\"text-align: justify;\">Construido sobre una arquitectura de lago de datos, reduce significativamente el costo de tu almac\u00e9n de datos hasta en un 50 %, al tiempo que simplificas el acceso a los datos gobernados para la IA.<\/h2>\n<h2 style=\"text-align: justify;\">Los modelos fundamentales est\u00e1n abriendo nuevas oportunidades para que las empresas automaticen procesos y obtengan nuevos conocimientos.<\/h2>\n<h2 style=\"text-align: justify;\">Los gerentes y responsables de TI est\u00e1n reconsiderando las arquitecturas de datos monol\u00edticas e ineficaces para escalar una IA responsable, transparente y eficiente.<\/h2>\n<\/div><\/div><div class=\"et_pb_module et_pb_button_module_wrapper et_pb_button_0_wrapper\"><a class=\"et_pb_button_0 et_pb_button et_pb_bg_layout_light et_pb_module et_block_module\" href=\"https:\/\/assist.com.co\/wp-content\/uploads\/2024\/04\/Ebook-lA-La-tienda-de-Datos-para-Inteligencia-Artificial.pdf\">DESCARGA EL eBook ahora<\/a><\/div><div class=\"et_pb_image_1 et_pb_image et_pb_module et_block_module\"><span class=\"et_pb_image_wrap\"><img loading=\"lazy\" decoding=\"async\" src=\"https:\/\/assist.com.co\/wp-content\/uploads\/2024\/02\/CAMPANA-DATA-1.png\" width=\"1074\" height=\"457\" srcset=\"https:\/\/assist.com.co\/wp-content\/uploads\/2024\/02\/CAMPANA-DATA-1.png 1074w, https:\/\/assist.com.co\/wp-content\/uploads\/2024\/02\/CAMPANA-DATA-1-980x417.png 980w, https:\/\/assist.com.co\/wp-content\/uploads\/2024\/02\/CAMPANA-DATA-1-480x204.png 480w\" sizes=\"(min-width: 0px) and (max-width: 480px) 480px, (min-width: 481px) and (max-width: 980px) 980px, (min-width: 981px) 1074px, 100vw\" class=\"wp-image-18217\" title=\"CAMPA\u00d1A-DATA-1\" \/><\/span><\/div><div class=\"et_pb_text_2 et_pb_text et_pb_bg_layout_light et_pb_module et_block_module\"><div class=\"et_pb_text_inner\"><h1 style=\"text-align: justify;\"><span>Al almacenar y utilizar datos para an\u00e1lisis e inteligencia artificial, la mayor\u00eda de las empresas tienen m\u00faltiples almacenes y lagos de datos, locales y en la nube.<\/span><\/h1>\n<\/div><\/div><\/div><div class=\"et_pb_column_3 et_pb_column et_pb_column_2_5 et-last-child et_block_column et_pb_css_mix_blend_mode_passthrough\"><div class=\"et_pb_text_3 et_pb_text et_pb_bg_layout_light et_pb_module et_block_module\"><div class=\"et_pb_text_inner\"><h1><span style=\"color: #ff0000;\"><strong><em>Cont\u00e1ctanos y obt\u00e9n totalmente gratis un Assesment de maduraci\u00f3n de tus datos<\/em><\/strong><\/span><\/h1>\n<\/div><\/div><div class=\"et_pb_code_0 et_pb_code et_pb_module\"><div class=\"et_pb_code_inner\"><iframe loading=\"lazy\" src=\"https:\/\/docs.google.com\/forms\/d\/e\/1FAIpQLSdIZfaf1Vd1CAxGlOUs0FT3NqWcIQ3Xpcf48EzMBWQnFsYl_Q\/viewform?embedded=true\" width=\"700\" height=\"700\" frameborder=\"0\" marginheight=\"0\" marginwidth=\"0\">Cargando\u2026<\/iframe><\/div><\/div><div class=\"et_pb_code_1 et_pb_code et_pb_module\"><\/div><div class=\"et_pb_code_2 et_pb_code et_pb_module\"><\/div><\/div><\/div><\/div>","protected":false},"excerpt":{"rendered":"","protected":false},"author":1,"featured_media":0,"parent":0,"menu_order":0,"comment_status":"closed","ping_status":"closed","template":"page-template-blank.php","meta":{"inline_featured_image":false,"footnotes":""},"class_list":["post-18224","page","type-page","status-publish","hentry"],"yoast_head":"<!-- This site is optimized with the Yoast SEO Premium plugin v25.2 (Yoast SEO v27.4) - https:\/\/yoast.com\/product\/yoast-seo-premium-wordpress\/ -->\n<title>Toma mejores decisiones escalando tus datos con IA - Assist Consultores<\/title>\n<meta name=\"description\" content=\"Al almacenar y utilizar datos para an\u00e1lisis e inteligencia artificial, la mayor\u00eda de las empresas tienen m\u00faltiples almacenes y lagos de datos, locales y en la nube.\" \/>\n<meta name=\"robots\" content=\"index, follow, max-snippet:-1, max-image-preview:large, max-video-preview:-1\" \/>\n<link rel=\"canonical\" href=\"https:\/\/assist.com.co\/en\/toma-mejores-decisiones-escalando-tus-datos-con-ia\/\" \/>\n<meta property=\"og:locale\" content=\"en_US\" \/>\n<meta property=\"og:type\" content=\"article\" \/>\n<meta property=\"og:title\" content=\"Toma mejores decisiones escalando tus datos con IA\" \/>\n<meta property=\"og:description\" content=\"Al almacenar y utilizar datos para an\u00e1lisis e inteligencia artificial, la mayor\u00eda de las empresas tienen m\u00faltiples almacenes y lagos de datos, locales y en la nube.\" \/>\n<meta property=\"og:url\" content=\"https:\/\/assist.com.co\/en\/toma-mejores-decisiones-escalando-tus-datos-con-ia\/\" \/>\n<meta property=\"og:site_name\" content=\"Assist Consultores\" \/>\n<meta property=\"article:modified_time\" content=\"2026-02-25T15:37:07+00:00\" \/>\n<meta name=\"twitter:card\" content=\"summary_large_image\" \/>\n<meta name=\"twitter:label1\" content=\"Est. reading time\" \/>\n\t<meta name=\"twitter:data1\" content=\"1 minute\" \/>\n<script type=\"application\/ld+json\" class=\"yoast-schema-graph\">{\"@context\":\"https:\\\/\\\/schema.org\",\"@graph\":[{\"@type\":\"WebPage\",\"@id\":\"https:\\\/\\\/assist.com.co\\\/toma-mejores-decisiones-escalando-tus-datos-con-ia\\\/\",\"url\":\"https:\\\/\\\/assist.com.co\\\/toma-mejores-decisiones-escalando-tus-datos-con-ia\\\/\",\"name\":\"Toma mejores decisiones escalando tus datos con IA - Assist Consultores\",\"isPartOf\":{\"@id\":\"https:\\\/\\\/assist.com.co\\\/#website\"},\"datePublished\":\"2024-02-15T21:49:54+00:00\",\"dateModified\":\"2026-02-25T15:37:07+00:00\",\"description\":\"Al almacenar y utilizar datos para an\u00e1lisis e inteligencia artificial, la mayor\u00eda de las empresas tienen m\u00faltiples almacenes y lagos de datos, locales y en la nube.\",\"breadcrumb\":{\"@id\":\"https:\\\/\\\/assist.com.co\\\/toma-mejores-decisiones-escalando-tus-datos-con-ia\\\/#breadcrumb\"},\"inLanguage\":\"en-US\",\"potentialAction\":[{\"@type\":\"ReadAction\",\"target\":[\"https:\\\/\\\/assist.com.co\\\/toma-mejores-decisiones-escalando-tus-datos-con-ia\\\/\"]}]},{\"@type\":\"BreadcrumbList\",\"@id\":\"https:\\\/\\\/assist.com.co\\\/toma-mejores-decisiones-escalando-tus-datos-con-ia\\\/#breadcrumb\",\"itemListElement\":[{\"@type\":\"ListItem\",\"position\":1,\"name\":\"Home\",\"item\":\"https:\\\/\\\/assist.com.co\\\/\"},{\"@type\":\"ListItem\",\"position\":2,\"name\":\"Toma mejores decisiones escalando tus datos con IA\"}]},{\"@type\":\"WebSite\",\"@id\":\"https:\\\/\\\/assist.com.co\\\/#website\",\"url\":\"https:\\\/\\\/assist.com.co\\\/\",\"name\":\"Assist Consultores\",\"description\":\"Transformando Capacidades Empresariales en Sistemas Innovadores\",\"potentialAction\":[{\"@type\":\"SearchAction\",\"target\":{\"@type\":\"EntryPoint\",\"urlTemplate\":\"https:\\\/\\\/assist.com.co\\\/?s={search_term_string}\"},\"query-input\":{\"@type\":\"PropertyValueSpecification\",\"valueRequired\":true,\"valueName\":\"search_term_string\"}}],\"inLanguage\":\"en-US\"}]}<\/script>\n<!-- \/ Yoast SEO Premium plugin. -->","yoast_head_json":{"title":"Toma mejores decisiones escalando tus datos con IA - Assist Consultores","description":"Al almacenar y utilizar datos para an\u00e1lisis e inteligencia artificial, la mayor\u00eda de las empresas tienen m\u00faltiples almacenes y lagos de datos, locales y en la nube.","robots":{"index":"index","follow":"follow","max-snippet":"max-snippet:-1","max-image-preview":"max-image-preview:large","max-video-preview":"max-video-preview:-1"},"canonical":"https:\/\/assist.com.co\/en\/toma-mejores-decisiones-escalando-tus-datos-con-ia\/","og_locale":"en_US","og_type":"article","og_title":"Toma mejores decisiones escalando tus datos con IA","og_description":"Al almacenar y utilizar datos para an\u00e1lisis e inteligencia artificial, la mayor\u00eda de las empresas tienen m\u00faltiples almacenes y lagos de datos, locales y en la nube.","og_url":"https:\/\/assist.com.co\/en\/toma-mejores-decisiones-escalando-tus-datos-con-ia\/","og_site_name":"Assist Consultores","article_modified_time":"2026-02-25T15:37:07+00:00","twitter_card":"summary_large_image","twitter_misc":{"Est. reading time":"1 minute"},"schema":{"@context":"https:\/\/schema.org","@graph":[{"@type":"WebPage","@id":"https:\/\/assist.com.co\/toma-mejores-decisiones-escalando-tus-datos-con-ia\/","url":"https:\/\/assist.com.co\/toma-mejores-decisiones-escalando-tus-datos-con-ia\/","name":"Toma mejores decisiones escalando tus datos con IA - Assist Consultores","isPartOf":{"@id":"https:\/\/assist.com.co\/#website"},"datePublished":"2024-02-15T21:49:54+00:00","dateModified":"2026-02-25T15:37:07+00:00","description":"Al almacenar y utilizar datos para an\u00e1lisis e inteligencia artificial, la mayor\u00eda de las empresas tienen m\u00faltiples almacenes y lagos de datos, locales y en la nube.","breadcrumb":{"@id":"https:\/\/assist.com.co\/toma-mejores-decisiones-escalando-tus-datos-con-ia\/#breadcrumb"},"inLanguage":"en-US","potentialAction":[{"@type":"ReadAction","target":["https:\/\/assist.com.co\/toma-mejores-decisiones-escalando-tus-datos-con-ia\/"]}]},{"@type":"BreadcrumbList","@id":"https:\/\/assist.com.co\/toma-mejores-decisiones-escalando-tus-datos-con-ia\/#breadcrumb","itemListElement":[{"@type":"ListItem","position":1,"name":"Home","item":"https:\/\/assist.com.co\/"},{"@type":"ListItem","position":2,"name":"Toma mejores decisiones escalando tus datos con IA"}]},{"@type":"WebSite","@id":"https:\/\/assist.com.co\/#website","url":"https:\/\/assist.com.co\/","name":"Assist Consultores","description":"Transformando Capacidades Empresariales en Sistemas Innovadores","potentialAction":[{"@type":"SearchAction","target":{"@type":"EntryPoint","urlTemplate":"https:\/\/assist.com.co\/?s={search_term_string}"},"query-input":{"@type":"PropertyValueSpecification","valueRequired":true,"valueName":"search_term_string"}}],"inLanguage":"en-US"}]}},"_links":{"self":[{"href":"https:\/\/assist.com.co\/en\/wp-json\/wp\/v2\/pages\/18224","targetHints":{"allow":["GET"]}}],"collection":[{"href":"https:\/\/assist.com.co\/en\/wp-json\/wp\/v2\/pages"}],"about":[{"href":"https:\/\/assist.com.co\/en\/wp-json\/wp\/v2\/types\/page"}],"author":[{"embeddable":true,"href":"https:\/\/assist.com.co\/en\/wp-json\/wp\/v2\/users\/1"}],"replies":[{"embeddable":true,"href":"https:\/\/assist.com.co\/en\/wp-json\/wp\/v2\/comments?post=18224"}],"version-history":[{"count":5,"href":"https:\/\/assist.com.co\/en\/wp-json\/wp\/v2\/pages\/18224\/revisions"}],"predecessor-version":[{"id":24222,"href":"https:\/\/assist.com.co\/en\/wp-json\/wp\/v2\/pages\/18224\/revisions\/24222"}],"wp:attachment":[{"href":"https:\/\/assist.com.co\/en\/wp-json\/wp\/v2\/media?parent=18224"}],"curies":[{"name":"wp","href":"https:\/\/api.w.org\/{rel}","templated":true}]}}