{"id":18324,"date":"2024-02-26T21:59:12","date_gmt":"2024-02-26T21:59:12","guid":{"rendered":"https:\/\/assist.com.co\/?page_id=18324"},"modified":"2026-02-25T15:37:09","modified_gmt":"2026-02-25T15:37:09","slug":"help-desk-2","status":"publish","type":"page","link":"https:\/\/assist.com.co\/en\/help-desk-2\/","title":{"rendered":"Help Desk"},"content":{"rendered":"<div class=\"et_pb_section_0 et_pb_section et_section_regular et_block_section preset--module--divi-section--default\"><div class=\"et_pb_row_0 et_pb_row et_block_row\"><div class=\"et_pb_column_0 et_pb_column et_pb_column_3_5 et_block_column et_pb_css_mix_blend_mode_passthrough\"><div class=\"et_pb_text_0 et_pb_text et_pb_bg_layout_light et_pb_module et_block_module preset--module--divi-text--75359b66-86e1-4f5d-9388-a59ed9a41c51\"><div class=\"et_pb_text_inner\"><h1>Help Desk<\/h1>\n<\/div><\/div><div class=\"et_pb_icon_0 et_pb_icon et_animated et_pb_module et_block_module\"><span class=\"et_pb_icon_wrap\"><span class=\"et-pb-icon\">7<\/span><\/span><\/div><\/div><div class=\"et_pb_column_1 et_pb_column et_pb_column_2_5 et-last-child et_block_column et_pb_css_mix_blend_mode_passthrough\"><div class=\"et_pb_image_0 et_pb_image et_pb_module et_block_module\"><span class=\"et_pb_image_wrap\"><img loading=\"lazy\" decoding=\"async\" src=\"https:\/\/assist.com.co\/wp-content\/uploads\/2024\/02\/help-desk.webp\" width=\"1170\" height=\"1500\" srcset=\"https:\/\/assist.com.co\/wp-content\/uploads\/2024\/02\/help-desk.webp 1170w, https:\/\/assist.com.co\/wp-content\/uploads\/2024\/02\/help-desk-980x1256.webp 980w, https:\/\/assist.com.co\/wp-content\/uploads\/2024\/02\/help-desk-480x615.webp 480w\" sizes=\"(min-width: 0px) and (max-width: 480px) 480px, (min-width: 481px) and (max-width: 980px) 980px, (min-width: 981px) 1170px, 100vw\" class=\"wp-image-18280\" title=\"help-desk\" \/><\/span><\/div><\/div><\/div><\/div><div class=\"et_pb_section_1 et_pb_section et_section_regular et_block_section section_has_divider et_pb_top_divider preset--module--divi-section--default\"><div class=\"et_pb_top_inside_divider et-no-transition\"><\/div><div class=\"et_pb_row_1 et_pb_row et_block_row\"><div class=\"et_pb_column_2 et_pb_column et_pb_column_3_5 et_block_column et_pb_css_mix_blend_mode_passthrough\"><div class=\"et_pb_image_1 et_pb_image et_pb_module et_block_module\"><span class=\"et_pb_image_wrap\"><img loading=\"lazy\" decoding=\"async\" src=\"https:\/\/assist.com.co\/wp-content\/uploads\/2024\/02\/5974.jpg\" width=\"1500\" height=\"1000\" srcset=\"https:\/\/assist.com.co\/wp-content\/uploads\/2024\/02\/5974.jpg 1500w, https:\/\/assist.com.co\/wp-content\/uploads\/2024\/02\/5974-1280x853.jpg 1280w, https:\/\/assist.com.co\/wp-content\/uploads\/2024\/02\/5974-980x653.jpg 980w, https:\/\/assist.com.co\/wp-content\/uploads\/2024\/02\/5974-480x320.jpg 480w\" sizes=\"(min-width: 0px) and (max-width: 480px) 480px, (min-width: 481px) and (max-width: 980px) 980px, (min-width: 981px) and (max-width: 1280px) 1280px, (min-width: 1281px) 1500px, 100vw\" class=\"wp-image-18279\" title=\"saas-24\" \/><\/span><\/div><\/div><div class=\"et_pb_column_3 et_pb_column et_pb_column_2_5 et-last-child et_block_column et_pb_css_mix_blend_mode_passthrough\"><div class=\"et_pb_text_1 et_pb_text et_pb_bg_layout_light et_pb_module et_block_module preset--module--divi-text--93b7e8b1-d48b-41a9-b08e-0514fc118500\"><div class=\"et_pb_text_inner\"><h2>Garantizamos la disponibilidad y asistenc\u00eda t\u00e9cnica<\/h2>\n<\/div><\/div><div class=\"et_pb_text_2 et_pb_text et_pb_bg_layout_light et_pb_module et_block_module preset--module--divi-text--61791378-6e26-4319-95c6-dad37cfaa2a4\"><div class=\"et_pb_text_inner\"><h2 style=\"text-align: justify;\"><span style=\"color: #000000;\">Mediante la presentaci\u00f3n de servicios de soporte t\u00e9cnico, resuelve de manera eficiente los diferentes problemas t\u00e9cnicos que se puedan presentar.As\u00ed obtendr\u00e1 un agente que le resolver\u00e1 las dificultades relacionadas con productos, servicios, software o hardware, asegurando un uso correcto de sus soluciones.<\/span><\/h2>\n<\/div><\/div><div class=\"et_pb_module et_pb_button_module_wrapper et_pb_button_0_wrapper\"><a class=\"et_pb_button_0 et_pb_button et_pb_bg_layout_light et_pb_module et_block_module\" href=\"https:\/\/assist.com.co\/en\/solicitudes\/\">H\u00c1BLEMOS<\/a><\/div><\/div><\/div><\/div><div class=\"et_pb_section_2 et_pb_section et_section_regular et_block_section preset--module--divi-section--default\"><div class=\"et_pb_row_2 et_pb_row et_pb_equal_columns et_block_row\"><div class=\"et_pb_column_4 et_pb_column et_pb_column_1_3 et_block_column et_pb_css_mix_blend_mode_passthrough\"><div class=\"et_pb_image_2 et_pb_image et_pb_module et_block_module\"><span class=\"et_pb_image_wrap\"><img loading=\"lazy\" decoding=\"async\" src=\"https:\/\/assist.com.co\/wp-content\/uploads\/2023\/06\/saas-icon-01.png\" width=\"64\" height=\"64\" srcset=\"https:\/\/assist.com.co\/wp-content\/uploads\/2023\/06\/saas-icon-01.png 64w, https:\/\/assist.com.co\/wp-content\/uploads\/2023\/06\/saas-icon-01-12x12.png 12w, https:\/\/assist.com.co\/wp-content\/uploads\/2023\/06\/saas-icon-01-24x24.png 24w, https:\/\/assist.com.co\/wp-content\/uploads\/2023\/06\/saas-icon-01-36x36.png 36w, https:\/\/assist.com.co\/wp-content\/uploads\/2023\/06\/saas-icon-01-48x48.png 48w\" sizes=\"(max-width: 64px) 100vw, 64px\" class=\"wp-image-16786\" title=\"saas-icon-01\" \/><\/span><\/div><div class=\"et_pb_text_3 et_pb_text et_pb_bg_layout_light et_pb_module et_block_module preset--module--divi-text--a2b4f960-629b-46f3-b7ea-4dfbbcd487c5\"><div class=\"et_pb_text_inner\"><h5><strong>Gesti\u00f3n de incidentes<\/strong><\/h5>\n<\/div><\/div><div class=\"et_pb_text_4 et_pb_text et_pb_bg_layout_light et_pb_module et_block_module preset--module--divi-text--61791378-6e26-4319-95c6-dad37cfaa2a4\"><div class=\"et_pb_text_inner\"><p style=\"text-align: justify;\"><span style=\"color: #000000;\">Mantener informado al cliente sobre el avance en la soluci\u00f3n en cada incidente, dejar registro de cierre con cada incidente y asegurar el cumplimiento de los requerimientos.<\/span><\/p>\n<\/div><\/div><\/div><div class=\"et_pb_column_5 et_pb_column et_pb_column_1_3 et_block_column et_pb_css_mix_blend_mode_passthrough\"><div class=\"et_pb_image_3 et_pb_image et_pb_module et_block_module\"><span class=\"et_pb_image_wrap\"><img loading=\"lazy\" decoding=\"async\" src=\"https:\/\/assist.com.co\/wp-content\/uploads\/2024\/02\/saas-icon-05.png\" width=\"64\" height=\"64\" srcset=\"https:\/\/assist.com.co\/wp-content\/uploads\/2024\/02\/saas-icon-05.png 64w, https:\/\/assist.com.co\/wp-content\/uploads\/2024\/02\/saas-icon-05-12x12.png 12w\" sizes=\"(max-width: 64px) 100vw, 64px\" class=\"wp-image-18272\" title=\"saas-icon-05\" \/><\/span><\/div><div class=\"et_pb_text_5 et_pb_text et_pb_bg_layout_light et_pb_module et_block_module preset--module--divi-text--a2b4f960-629b-46f3-b7ea-4dfbbcd487c5\"><div class=\"et_pb_text_inner\"><h5><strong>Gesti\u00f3n de la configuraci\u00f3n<\/strong><\/h5>\n<\/div><\/div><div class=\"et_pb_text_6 et_pb_text et_pb_bg_layout_light et_pb_module et_block_module preset--module--divi-text--61791378-6e26-4319-95c6-dad37cfaa2a4\"><div class=\"et_pb_text_inner\"><p style=\"text-align: justify;\"><span style=\"color: #000000;\">Define los componentes y la infraestructura necesaria para suministrar correctamente los servicios que la empresa presta y sirve de base para el desarrollo de actividades futuras, marcando una l\u00ednea de referencia y a la vez un punto de regresi\u00f3n en caso de que surjan problemas con las nuevas configuraciones.<\/span><\/p>\n<\/div><\/div><\/div><div class=\"et_pb_column_6 et_pb_column et_pb_column_1_3 et-last-child et_block_column et_pb_css_mix_blend_mode_passthrough\"><div class=\"et_pb_image_4 et_pb_image et_pb_module et_block_module\"><span class=\"et_pb_image_wrap\"><img loading=\"lazy\" decoding=\"async\" src=\"https:\/\/assist.com.co\/wp-content\/uploads\/2023\/06\/saas-icon-03.png\" width=\"64\" height=\"64\" srcset=\"https:\/\/assist.com.co\/wp-content\/uploads\/2023\/06\/saas-icon-03.png 64w, https:\/\/assist.com.co\/wp-content\/uploads\/2023\/06\/saas-icon-03-12x12.png 12w, https:\/\/assist.com.co\/wp-content\/uploads\/2023\/06\/saas-icon-03-24x24.png 24w, https:\/\/assist.com.co\/wp-content\/uploads\/2023\/06\/saas-icon-03-36x36.png 36w, https:\/\/assist.com.co\/wp-content\/uploads\/2023\/06\/saas-icon-03-48x48.png 48w\" sizes=\"(max-width: 64px) 100vw, 64px\" class=\"wp-image-16788\" title=\"saas-icon-03\" \/><\/span><\/div><div class=\"et_pb_text_7 et_pb_text et_pb_bg_layout_light et_pb_module et_block_module preset--module--divi-text--a2b4f960-629b-46f3-b7ea-4dfbbcd487c5\"><div class=\"et_pb_text_inner\"><h5><strong>Gesti\u00f3n delcambio<\/strong><\/h5>\n<\/div><\/div><div class=\"et_pb_text_8 et_pb_text et_pb_bg_layout_light et_pb_module et_block_module preset--module--divi-text--61791378-6e26-4319-95c6-dad37cfaa2a4\"><div class=\"et_pb_text_inner\"><p style=\"text-align: justify;\"><span style=\"color: #000000;\">Asegurar que todas las solicitudes de cambio sean registradas con el fin de facilitar la evaluaci\u00f3n del impacto que tiene un cambio sobre el funcionamiento de un servicio.<\/span><\/p>\n<\/div><\/div><\/div><\/div><\/div><div class=\"et_pb_section_3 et_pb_section et_section_regular et_block_section preset--module--divi-section--default\"><div class=\"et_pb_row_3 et_pb_row et_block_row\"><div class=\"et_pb_column_7 et_pb_column et_pb_column_1_2 et_block_column et_pb_css_mix_blend_mode_passthrough\"><div class=\"et_pb_text_9 et_pb_text et_pb_bg_layout_light et_pb_module et_block_module preset--module--divi-text--93b7e8b1-d48b-41a9-b08e-0514fc118500\"><div class=\"et_pb_text_inner\"><h2>Coverage<\/h2>\n<\/div><\/div><div class=\"et_pb_text_10 et_pb_text et_pb_bg_layout_light et_pb_module et_block_module preset--module--divi-text--61791378-6e26-4319-95c6-dad37cfaa2a4\"><div class=\"et_pb_text_inner\"><h2>Help Desk Support Management<\/h2>\n<\/div><\/div><\/div><div class=\"et_pb_column_8 et_pb_column et_pb_column_1_2 et-last-child et_block_column et_pb_column_empty et_pb_css_mix_blend_mode_passthrough\"><\/div><\/div><div class=\"et_pb_row_4 et_pb_row et_block_row\"><div class=\"et_pb_column_9 et_pb_column et_pb_column_1_2 et_block_column et_pb_css_mix_blend_mode_passthrough\"><div class=\"et_pb_image_5 et_pb_image et_pb_module et_block_module\"><span class=\"et_pb_image_wrap\"><img loading=\"lazy\" decoding=\"async\" src=\"https:\/\/assist.com.co\/wp-content\/uploads\/2023\/06\/saas-13.png\" width=\"400\" height=\"388\" srcset=\"https:\/\/assist.com.co\/wp-content\/uploads\/2023\/06\/saas-13.png 400w, https:\/\/assist.com.co\/wp-content\/uploads\/2023\/06\/saas-13-300x291.png 300w, https:\/\/assist.com.co\/wp-content\/uploads\/2023\/06\/saas-13-12x12.png 12w, https:\/\/assist.com.co\/wp-content\/uploads\/2023\/06\/saas-13-24x24.png 24w, https:\/\/assist.com.co\/wp-content\/uploads\/2023\/06\/saas-13-36x36.png 36w, https:\/\/assist.com.co\/wp-content\/uploads\/2023\/06\/saas-13-48x48.png 48w\" sizes=\"(max-width: 400px) 100vw, 400px\" class=\"wp-image-16794\" title=\"saas-13\" \/><\/span><\/div><div class=\"et_pb_text_11 et_pb_text et_pb_bg_layout_light et_pb_module et_block_module preset--module--divi-text--6056e1d6-54ea-49a6-84b1-2599a5889ecc\"><div class=\"et_pb_text_inner\"><h3>Coverage<\/h3>\n<\/div><\/div><div class=\"et_pb_text_12 et_pb_text et_pb_bg_layout_light et_pb_module et_block_module preset--module--divi-text--61791378-6e26-4319-95c6-dad37cfaa2a4\"><div class=\"et_pb_text_inner\"><p style=\"text-align: justify;\" class=\"translation-block\">The ultimate goal of our Help Desk service is to address the needs of your end users with a friendly, solution-driven approach. Our Help Desk pros minimize business impact, resolve issues efficiently, and deliver reliable, human-centered assistance.<\/p>\n<\/div><\/div><\/div><div class=\"et_pb_column_10 et_pb_column et_pb_column_1_2 et-last-child et_block_column et_pb_css_mix_blend_mode_passthrough\"><div class=\"et_pb_image_6 et_pb_image et_pb_module et_block_module\"><span class=\"et_pb_image_wrap\"><img loading=\"lazy\" decoding=\"async\" src=\"https:\/\/assist.com.co\/wp-content\/uploads\/2023\/06\/saas-14.png\" width=\"400\" height=\"415\" srcset=\"https:\/\/assist.com.co\/wp-content\/uploads\/2023\/06\/saas-14.png 400w, https:\/\/assist.com.co\/wp-content\/uploads\/2023\/06\/saas-14-289x300.png 289w, https:\/\/assist.com.co\/wp-content\/uploads\/2023\/06\/saas-14-12x12.png 12w, https:\/\/assist.com.co\/wp-content\/uploads\/2023\/06\/saas-14-24x24.png 24w, https:\/\/assist.com.co\/wp-content\/uploads\/2023\/06\/saas-14-36x36.png 36w, https:\/\/assist.com.co\/wp-content\/uploads\/2023\/06\/saas-14-46x48.png 46w\" sizes=\"(max-width: 400px) 100vw, 400px\" class=\"wp-image-16795\" title=\"saas-14\" \/><\/span><\/div><div class=\"et_pb_text_13 et_pb_text et_pb_bg_layout_light et_pb_module et_block_module preset--module--divi-text--6056e1d6-54ea-49a6-84b1-2599a5889ecc\"><div class=\"et_pb_text_inner\"><h3>Asistencia a Usuarios<\/h3>\n<\/div><\/div><div class=\"et_pb_text_14 et_pb_text et_pb_bg_layout_light et_pb_module et_block_module preset--module--divi-text--61791378-6e26-4319-95c6-dad37cfaa2a4\"><div class=\"et_pb_text_inner\"><h2>Brindamos asistencia y orientaci\u00f3n<\/h2>\n<\/div><\/div><div class=\"et_pb_module et_pb_button_module_wrapper et_pb_button_1_wrapper\"><a class=\"et_pb_button_1 et_pb_button et_pb_bg_layout_light et_pb_module et_block_module\" href=\"https:\/\/assist.com.co\/en\/solicitudes\/\">Ready to Learn More?<\/a><\/div><div class=\"et_pb_divider_0 et_pb_divider_hidden et_pb_space et_pb_divider_position_top et_pb_module\"><div class=\"et_pb_divider_internal\"><\/div><\/div><\/div><\/div><div class=\"et_pb_row_5 et_pb_row et_block_row\"><div class=\"et_pb_column_11 et_pb_column et_pb_column_1_3 et_block_column et_pb_css_mix_blend_mode_passthrough\"><div class=\"et_pb_image_7 et_pb_image et_pb_module et_block_module\"><span class=\"et_pb_image_wrap\"><img loading=\"lazy\" decoding=\"async\" src=\"https:\/\/assist.com.co\/wp-content\/uploads\/2023\/06\/saas-icon-12.png\" width=\"64\" height=\"64\" srcset=\"https:\/\/assist.com.co\/wp-content\/uploads\/2023\/06\/saas-icon-12.png 64w, https:\/\/assist.com.co\/wp-content\/uploads\/2023\/06\/saas-icon-12-12x12.png 12w, https:\/\/assist.com.co\/wp-content\/uploads\/2023\/06\/saas-icon-12-24x24.png 24w, https:\/\/assist.com.co\/wp-content\/uploads\/2023\/06\/saas-icon-12-36x36.png 36w, https:\/\/assist.com.co\/wp-content\/uploads\/2023\/06\/saas-icon-12-48x48.png 48w\" sizes=\"(max-width: 64px) 100vw, 64px\" class=\"wp-image-16796\" title=\"saas-icon-12\" \/><\/span><\/div><div class=\"et_pb_text_15 et_pb_text et_pb_bg_layout_light et_pb_module et_block_module preset--module--divi-text--a2b4f960-629b-46f3-b7ea-4dfbbcd487c5\"><div class=\"et_pb_text_inner\"><h5><span style=\"color: #000000;\"><strong>Seres digitales<\/strong><\/span><\/h5>\n<\/div><\/div><div class=\"et_pb_text_16 et_pb_text et_pb_bg_layout_light et_pb_module et_block_module preset--module--divi-text--61791378-6e26-4319-95c6-dad37cfaa2a4\"><div class=\"et_pb_text_inner\"><p><span style=\"color: #000000;\">Evitamos formar parte dela saturaci\u00f3n de contenidoen el mundo digital.<\/span><\/p>\n<\/div><\/div><\/div><div class=\"et_pb_column_12 et_pb_column et_pb_column_1_3 et_block_column et_pb_css_mix_blend_mode_passthrough\"><div class=\"et_pb_image_8 et_pb_image et_pb_module et_block_module\"><span class=\"et_pb_image_wrap\"><img loading=\"lazy\" decoding=\"async\" src=\"https:\/\/assist.com.co\/wp-content\/uploads\/2023\/06\/saas-icon-10.png\" width=\"64\" height=\"64\" srcset=\"https:\/\/assist.com.co\/wp-content\/uploads\/2023\/06\/saas-icon-10.png 64w, https:\/\/assist.com.co\/wp-content\/uploads\/2023\/06\/saas-icon-10-12x12.png 12w, https:\/\/assist.com.co\/wp-content\/uploads\/2023\/06\/saas-icon-10-24x24.png 24w, https:\/\/assist.com.co\/wp-content\/uploads\/2023\/06\/saas-icon-10-36x36.png 36w, https:\/\/assist.com.co\/wp-content\/uploads\/2023\/06\/saas-icon-10-48x48.png 48w\" sizes=\"(max-width: 64px) 100vw, 64px\" class=\"wp-image-16797\" title=\"saas-icon-10\" \/><\/span><\/div><div class=\"et_pb_text_17 et_pb_text et_pb_bg_layout_light et_pb_module et_block_module preset--module--divi-text--a2b4f960-629b-46f3-b7ea-4dfbbcd487c5\"><div class=\"et_pb_text_inner\"><h5><strong>Seres sociales<\/strong><\/h5>\n<\/div><\/div><div class=\"et_pb_text_18 et_pb_text et_pb_bg_layout_light et_pb_module et_block_module preset--module--divi-text--61791378-6e26-4319-95c6-dad37cfaa2a4\"><div class=\"et_pb_text_inner\"><p><span style=\"color: #000000;\">Necesitamos interactuarunos con otros. Aprendemos de forma colaborativa.<\/span><\/p>\n<\/div><\/div><\/div><div class=\"et_pb_column_13 et_pb_column et_pb_column_1_3 et-last-child et_block_column et_pb_css_mix_blend_mode_passthrough\"><div class=\"et_pb_image_9 et_pb_image et_pb_module et_block_module\"><span class=\"et_pb_image_wrap\"><img loading=\"lazy\" decoding=\"async\" src=\"https:\/\/assist.com.co\/wp-content\/uploads\/2023\/06\/saas-icon-11.png\" width=\"64\" height=\"64\" srcset=\"https:\/\/assist.com.co\/wp-content\/uploads\/2023\/06\/saas-icon-11.png 64w, https:\/\/assist.com.co\/wp-content\/uploads\/2023\/06\/saas-icon-11-12x12.png 12w, https:\/\/assist.com.co\/wp-content\/uploads\/2023\/06\/saas-icon-11-24x24.png 24w, https:\/\/assist.com.co\/wp-content\/uploads\/2023\/06\/saas-icon-11-36x36.png 36w, https:\/\/assist.com.co\/wp-content\/uploads\/2023\/06\/saas-icon-11-48x48.png 48w\" sizes=\"(max-width: 64px) 100vw, 64px\" class=\"wp-image-16798\" title=\"saas-icon-11\" \/><\/span><\/div><div class=\"et_pb_text_19 et_pb_text et_pb_bg_layout_light et_pb_module et_block_module preset--module--divi-text--a2b4f960-629b-46f3-b7ea-4dfbbcd487c5\"><div class=\"et_pb_text_inner\"><h5><strong>Seres visuales<\/strong><\/h5>\n<\/div><\/div><div class=\"et_pb_text_20 et_pb_text et_pb_bg_layout_light et_pb_module et_block_module preset--module--divi-text--61791378-6e26-4319-95c6-dad37cfaa2a4\"><div class=\"et_pb_text_inner\"><p><span style=\"color: #000000;\">Somos capaces de entender im\u00e1genes de hace millonesde a\u00f1os, incluso de otras culturas.<\/span><\/p>\n<\/div><\/div><\/div><\/div><\/div><div class=\"et_pb_section_4 et_pb_section et_section_regular et_block_section preset--module--divi-section--default\"><div class=\"et_pb_row_6 et_pb_row et_block_row\"><div class=\"et_pb_column_14 et_pb_column et_pb_column_3_5 et_block_column et_pb_css_mix_blend_mode_passthrough\"><div class=\"et_pb_text_21 et_pb_text et_pb_bg_layout_light et_pb_module et_block_module et_pb_text_align_center preset--module--divi-text--93b7e8b1-d48b-41a9-b08e-0514fc118500\"><div class=\"et_pb_text_inner\"><h2 style=\"text-align: left;\">Comunicaci\u00f3n Proactiva<\/h2>\n<\/div><\/div><div class=\"et_pb_text_22 et_pb_text et_pb_bg_layout_light et_pb_module et_block_module et_pb_text_align_center preset--module--divi-text--a2b4f960-629b-46f3-b7ea-4dfbbcd487c5\"><div class=\"et_pb_text_inner\"><h2 style=\"text-align: justify;\">El \u00e1rea de soporte recibe la solicitud realizada por el cliente y se analiza el modo en el que debe dar respuesta a la petici\u00f3n realizada.<\/h2>\n<h2 style=\"text-align: justify;\">Como resultado del an\u00e1lisis de la solicitud se acuerda con el cliente el m\u00e9todo \u00f3ptimo para asegurar la correcta resoluci\u00f3n de la petici\u00f3n por medio de la herramienta de gesti\u00f3n de incidentes.<\/h2>\n<\/div><\/div><div class=\"et_pb_image_10 et_pb_image et_pb_module et_block_module\"><span class=\"et_pb_image_wrap\"><img loading=\"lazy\" decoding=\"async\" src=\"https:\/\/assist.com.co\/wp-content\/uploads\/2024\/02\/help-desk-1.webp\" width=\"1500\" height=\"1000\" srcset=\"https:\/\/assist.com.co\/wp-content\/uploads\/2024\/02\/help-desk-1.webp 1500w, https:\/\/assist.com.co\/wp-content\/uploads\/2024\/02\/help-desk-1-1280x853.webp 1280w, https:\/\/assist.com.co\/wp-content\/uploads\/2024\/02\/help-desk-1-980x653.webp 980w, https:\/\/assist.com.co\/wp-content\/uploads\/2024\/02\/help-desk-1-480x320.webp 480w\" sizes=\"(min-width: 0px) and (max-width: 480px) 480px, (min-width: 481px) and (max-width: 980px) 980px, (min-width: 981px) and (max-width: 1280px) 1280px, (min-width: 1281px) 1500px, 100vw\" class=\"wp-image-18321\" title=\"help-desk\" alt=\"help-desk\" \/><\/span><\/div><\/div><div class=\"et_pb_column_15 et_pb_column et_pb_column_2_5 et-last-child et_block_column et_pb_css_mix_blend_mode_passthrough\"><div class=\"et_pb_code_0 et_pb_code et_pb_module\"><div class=\"et_pb_code_inner\"><iframe loading=\"lazy\" src=\"https:\/\/docs.google.com\/forms\/d\/e\/1FAIpQLSd0BDK_LduanC_RKYh7V00D9cFC4_TdFDP58oFyHkCMIDXtuw\/viewform?embedded=true\" width=\"640\" height=\"828\" frameborder=\"0\" marginheight=\"0\" marginwidth=\"0\">Cargando\u2026<\/iframe><\/div><\/div><\/div><\/div><\/div>","protected":false},"excerpt":{"rendered":"","protected":false},"author":1,"featured_media":0,"parent":0,"menu_order":0,"comment_status":"closed","ping_status":"closed","template":"","meta":{"inline_featured_image":false,"footnotes":""},"class_list":["post-18324","page","type-page","status-publish","hentry"],"yoast_head":"<!-- This site is optimized with the Yoast SEO Premium plugin v25.2 (Yoast SEO v27.3) - https:\/\/yoast.com\/product\/yoast-seo-premium-wordpress\/ -->\n<title>Help Desk - Assist Consultores<\/title>\n<meta name=\"description\" content=\"Mediante la presentaci\u00f3n de servicios de soporte t\u00e9cnico, resuelve de manera eficiente los diferentes problemas t\u00e9cnicos que se puedan presentar.\" \/>\n<meta name=\"robots\" content=\"index, follow, max-snippet:-1, max-image-preview:large, max-video-preview:-1\" \/>\n<link rel=\"canonical\" href=\"https:\/\/assist.com.co\/en\/help-desk-2\/\" \/>\n<meta property=\"og:locale\" content=\"en_US\" \/>\n<meta property=\"og:type\" content=\"article\" \/>\n<meta property=\"og:title\" content=\"Help Desk\" \/>\n<meta property=\"og:description\" content=\"Mediante la presentaci\u00f3n de servicios de soporte t\u00e9cnico, resuelve de manera eficiente los diferentes problemas t\u00e9cnicos que se puedan presentar.\" \/>\n<meta property=\"og:url\" content=\"https:\/\/assist.com.co\/en\/help-desk-2\/\" \/>\n<meta property=\"og:site_name\" content=\"Assist Consultores\" \/>\n<meta property=\"article:modified_time\" content=\"2026-02-25T15:37:09+00:00\" \/>\n<meta name=\"twitter:card\" content=\"summary_large_image\" \/>\n<meta name=\"twitter:label1\" content=\"Est. reading time\" \/>\n\t<meta name=\"twitter:data1\" content=\"4 minutes\" \/>\n<script type=\"application\/ld+json\" class=\"yoast-schema-graph\">{\"@context\":\"https:\\\/\\\/schema.org\",\"@graph\":[{\"@type\":\"WebPage\",\"@id\":\"https:\\\/\\\/assist.com.co\\\/help-desk-2\\\/\",\"url\":\"https:\\\/\\\/assist.com.co\\\/help-desk-2\\\/\",\"name\":\"Help Desk - Assist Consultores\",\"isPartOf\":{\"@id\":\"https:\\\/\\\/assist.com.co\\\/#website\"},\"datePublished\":\"2024-02-26T21:59:12+00:00\",\"dateModified\":\"2026-02-25T15:37:09+00:00\",\"description\":\"Mediante la presentaci\u00f3n de servicios de soporte t\u00e9cnico, resuelve de manera eficiente los diferentes problemas t\u00e9cnicos que se puedan presentar.\",\"breadcrumb\":{\"@id\":\"https:\\\/\\\/assist.com.co\\\/help-desk-2\\\/#breadcrumb\"},\"inLanguage\":\"en-US\",\"potentialAction\":[{\"@type\":\"ReadAction\",\"target\":[\"https:\\\/\\\/assist.com.co\\\/help-desk-2\\\/\"]}]},{\"@type\":\"BreadcrumbList\",\"@id\":\"https:\\\/\\\/assist.com.co\\\/help-desk-2\\\/#breadcrumb\",\"itemListElement\":[{\"@type\":\"ListItem\",\"position\":1,\"name\":\"Home\",\"item\":\"https:\\\/\\\/assist.com.co\\\/\"},{\"@type\":\"ListItem\",\"position\":2,\"name\":\"Help Desk\"}]},{\"@type\":\"WebSite\",\"@id\":\"https:\\\/\\\/assist.com.co\\\/#website\",\"url\":\"https:\\\/\\\/assist.com.co\\\/\",\"name\":\"Assist Consultores\",\"description\":\"Transformando Capacidades Empresariales en Sistemas Innovadores\",\"potentialAction\":[{\"@type\":\"SearchAction\",\"target\":{\"@type\":\"EntryPoint\",\"urlTemplate\":\"https:\\\/\\\/assist.com.co\\\/?s={search_term_string}\"},\"query-input\":{\"@type\":\"PropertyValueSpecification\",\"valueRequired\":true,\"valueName\":\"search_term_string\"}}],\"inLanguage\":\"en-US\"}]}<\/script>\n<!-- \/ Yoast SEO Premium plugin. -->","yoast_head_json":{"title":"Help Desk - Assist Consultores","description":"Mediante la presentaci\u00f3n de servicios de soporte t\u00e9cnico, resuelve de manera eficiente los diferentes problemas t\u00e9cnicos que se puedan presentar.","robots":{"index":"index","follow":"follow","max-snippet":"max-snippet:-1","max-image-preview":"max-image-preview:large","max-video-preview":"max-video-preview:-1"},"canonical":"https:\/\/assist.com.co\/en\/help-desk-2\/","og_locale":"en_US","og_type":"article","og_title":"Help Desk","og_description":"Mediante la presentaci\u00f3n de servicios de soporte t\u00e9cnico, resuelve de manera eficiente los diferentes problemas t\u00e9cnicos que se puedan presentar.","og_url":"https:\/\/assist.com.co\/en\/help-desk-2\/","og_site_name":"Assist Consultores","article_modified_time":"2026-02-25T15:37:09+00:00","twitter_card":"summary_large_image","twitter_misc":{"Est. reading time":"4 minutes"},"schema":{"@context":"https:\/\/schema.org","@graph":[{"@type":"WebPage","@id":"https:\/\/assist.com.co\/help-desk-2\/","url":"https:\/\/assist.com.co\/help-desk-2\/","name":"Help Desk - Assist Consultores","isPartOf":{"@id":"https:\/\/assist.com.co\/#website"},"datePublished":"2024-02-26T21:59:12+00:00","dateModified":"2026-02-25T15:37:09+00:00","description":"Mediante la presentaci\u00f3n de servicios de soporte t\u00e9cnico, resuelve de manera eficiente los diferentes problemas t\u00e9cnicos que se puedan presentar.","breadcrumb":{"@id":"https:\/\/assist.com.co\/help-desk-2\/#breadcrumb"},"inLanguage":"en-US","potentialAction":[{"@type":"ReadAction","target":["https:\/\/assist.com.co\/help-desk-2\/"]}]},{"@type":"BreadcrumbList","@id":"https:\/\/assist.com.co\/help-desk-2\/#breadcrumb","itemListElement":[{"@type":"ListItem","position":1,"name":"Home","item":"https:\/\/assist.com.co\/"},{"@type":"ListItem","position":2,"name":"Help Desk"}]},{"@type":"WebSite","@id":"https:\/\/assist.com.co\/#website","url":"https:\/\/assist.com.co\/","name":"Assist Consultores","description":"Transformando Capacidades Empresariales en Sistemas Innovadores","potentialAction":[{"@type":"SearchAction","target":{"@type":"EntryPoint","urlTemplate":"https:\/\/assist.com.co\/?s={search_term_string}"},"query-input":{"@type":"PropertyValueSpecification","valueRequired":true,"valueName":"search_term_string"}}],"inLanguage":"en-US"}]}},"_links":{"self":[{"href":"https:\/\/assist.com.co\/en\/wp-json\/wp\/v2\/pages\/18324","targetHints":{"allow":["GET"]}}],"collection":[{"href":"https:\/\/assist.com.co\/en\/wp-json\/wp\/v2\/pages"}],"about":[{"href":"https:\/\/assist.com.co\/en\/wp-json\/wp\/v2\/types\/page"}],"author":[{"embeddable":true,"href":"https:\/\/assist.com.co\/en\/wp-json\/wp\/v2\/users\/1"}],"replies":[{"embeddable":true,"href":"https:\/\/assist.com.co\/en\/wp-json\/wp\/v2\/comments?post=18324"}],"version-history":[{"count":5,"href":"https:\/\/assist.com.co\/en\/wp-json\/wp\/v2\/pages\/18324\/revisions"}],"predecessor-version":[{"id":24223,"href":"https:\/\/assist.com.co\/en\/wp-json\/wp\/v2\/pages\/18324\/revisions\/24223"}],"wp:attachment":[{"href":"https:\/\/assist.com.co\/en\/wp-json\/wp\/v2\/media?parent=18324"}],"curies":[{"name":"wp","href":"https:\/\/api.w.org\/{rel}","templated":true}]}}