{"id":18336,"date":"2024-02-28T19:09:55","date_gmt":"2024-02-28T19:09:55","guid":{"rendered":"https:\/\/assist.com.co\/?page_id=18336"},"modified":"2026-02-25T15:37:11","modified_gmt":"2026-02-25T15:37:11","slug":"evento-rpa-piscosour","status":"publish","type":"page","link":"https:\/\/assist.com.co\/en\/evento-rpa-piscosour\/","title":{"rendered":"Evento RPA &amp; Piscosour, la combinaci\u00f3n perfecta"},"content":{"rendered":"<div class=\"et_pb_section_0 et_pb_section et_section_regular et_block_section preset--module--divi-section--default\"><div class=\"et_pb_row_0 et_pb_row et_block_row\"><div class=\"et_pb_column_0 et_pb_column et_pb_column_4_4 et-last-child et_block_column et_pb_css_mix_blend_mode_passthrough\"><div class=\"et_pb_text_0 et_pb_text et_pb_bg_layout_light et_pb_module et_block_module\"><div class=\"et_pb_text_inner\"><h1 style=\"text-align: center;\"><strong>Evento RPA &amp; Pisco Sour<\/strong><\/h1>\n<\/div><\/div><\/div><\/div><\/div><div class=\"et_pb_section_1 et_pb_section et_section_regular et_block_section preset--module--divi-section--default\"><div class=\"et_pb_row_1 et_pb_row et_block_row\"><div class=\"et_pb_column_1 et_pb_column et_pb_column_1_2 et_block_column et_pb_css_mix_blend_mode_passthrough\"><div class=\"et_pb_image_0 et_pb_image et_pb_module et_block_module\"><span class=\"et_pb_image_wrap\"><img loading=\"lazy\" decoding=\"async\" src=\"https:\/\/assist.com.co\/wp-content\/uploads\/2024\/03\/piscovertical.png\" width=\"1081\" height=\"1920\" srcset=\"https:\/\/assist.com.co\/wp-content\/uploads\/2024\/03\/piscovertical.png 1081w, https:\/\/assist.com.co\/wp-content\/uploads\/2024\/03\/piscovertical-980x1741.png 980w, https:\/\/assist.com.co\/wp-content\/uploads\/2024\/03\/piscovertical-480x853.png 480w\" sizes=\"(min-width: 0px) and (max-width: 480px) 480px, (min-width: 481px) and (max-width: 980px) 980px, (min-width: 981px) 1081px, 100vw\" class=\"wp-image-18427\" title=\"pisco,vertical\" \/><\/span><\/div><\/div><div class=\"et_pb_column_2 et_pb_column et_pb_column_1_2 et-last-child et_block_column et_pb_css_mix_blend_mode_passthrough\"><div class=\"et_pb_code_0 et_pb_code et_pb_module\"><div class=\"et_pb_code_inner\"><iframe loading=\"lazy\" src=\"https:\/\/docs.google.com\/forms\/d\/e\/1FAIpQLSeQaFB6uhhBFXuSXoU5RWzZteYXe4X2WOZhw_euiWOB70RJbA\/viewform?embedded=true\" width=\"640\" height=\"900\" frameborder=\"0\" marginheight=\"0\" marginwidth=\"0\">Cargando\u2026<\/iframe><\/div><\/div><\/div><\/div><div class=\"et_pb_row_2 et_pb_row et_block_row\"><div class=\"et_pb_column_3 et_pb_column et_pb_column_1_2 et_block_column et_pb_css_mix_blend_mode_passthrough\"><div class=\"et_pb_text_1 et_pb_text et_pb_bg_layout_light et_pb_module et_block_module\"><div class=\"et_pb_text_inner\"><h1><span style=\"color: #ffffff;\"><em><strong>\u00bfQuieres saber m\u00e1s sobre este evento?<\/strong><\/em><\/span><\/h1>\n<\/div><\/div><\/div><div class=\"et_pb_column_4 et_pb_column et_pb_column_1_2 et-last-child et_block_column et_pb_css_mix_blend_mode_passthrough\"><div class=\"et_pb_module et_pb_button_module_wrapper et_pb_button_0_wrapper\"><a class=\"et_pb_button_0 et_pb_button et_pb_bg_layout_light et_pb_module et_block_module\" href=\"https:\/\/api.whatsapp.com\/send\/?phone=%2B573102169640&#038;text=Hola%2C+quisiera+que+me+contacten.&#038;app_absent=0\">Let\u2019s talk! <\/a><\/div><\/div><\/div><\/div>","protected":false},"excerpt":{"rendered":"","protected":false},"author":1,"featured_media":18403,"parent":0,"menu_order":0,"comment_status":"closed","ping_status":"closed","template":"page-template-blank.php","meta":{"inline_featured_image":false,"footnotes":""},"class_list":["post-18336","page","type-page","status-publish","has-post-thumbnail","hentry"],"yoast_head":"<!-- This site is optimized with the Yoast SEO Premium plugin v25.2 (Yoast SEO v27.4) - https:\/\/yoast.com\/product\/yoast-seo-premium-wordpress\/ -->\n<title>Evento RPA &amp; Piscosour, la combinaci\u00f3n perfecta - Assist Consultores<\/title>\n<meta name=\"description\" content=\"Haz parte del futuro y descubre c\u00f3mo automatizan las grandes compa\u00f1\u00edas con el uso de Bots, mientras experimentas con un Pisco.\" \/>\n<meta name=\"robots\" content=\"index, follow, max-snippet:-1, max-image-preview:large, max-video-preview:-1\" \/>\n<link rel=\"canonical\" href=\"https:\/\/assist.com.co\/en\/evento-rpa-piscosour\/\" \/>\n<meta property=\"og:locale\" content=\"en_US\" \/>\n<meta property=\"og:type\" content=\"article\" \/>\n<meta property=\"og:title\" content=\"Evento RPA &amp; Piscosour, la combinaci\u00f3n perfecta\" \/>\n<meta property=\"og:description\" content=\"Haz parte del futuro y descubre c\u00f3mo automatizan las grandes compa\u00f1\u00edas con el uso de Bots, mientras experimentas con un Pisco.\" \/>\n<meta property=\"og:url\" content=\"https:\/\/assist.com.co\/en\/evento-rpa-piscosour\/\" \/>\n<meta property=\"og:site_name\" content=\"Assist Consultores\" \/>\n<meta property=\"article:modified_time\" content=\"2026-02-25T15:37:11+00:00\" \/>\n<meta property=\"og:image\" content=\"https:\/\/assist.com.co\/wp-content\/uploads\/2024\/03\/piscolinkedin.png\" \/>\n\t<meta property=\"og:image:width\" content=\"1201\" \/>\n\t<meta property=\"og:image:height\" content=\"520\" \/>\n\t<meta property=\"og:image:type\" content=\"image\/png\" \/>\n<meta name=\"twitter:card\" content=\"summary_large_image\" \/>\n<meta name=\"twitter:label1\" content=\"Est. reading time\" \/>\n\t<meta name=\"twitter:data1\" content=\"1 minute\" \/>\n<script type=\"application\/ld+json\" class=\"yoast-schema-graph\">{\"@context\":\"https:\\\/\\\/schema.org\",\"@graph\":[{\"@type\":\"WebPage\",\"@id\":\"https:\\\/\\\/assist.com.co\\\/evento-rpa-piscosour\\\/\",\"url\":\"https:\\\/\\\/assist.com.co\\\/evento-rpa-piscosour\\\/\",\"name\":\"Evento RPA &amp; Piscosour, la combinaci\u00f3n perfecta - Assist Consultores\",\"isPartOf\":{\"@id\":\"https:\\\/\\\/assist.com.co\\\/#website\"},\"primaryImageOfPage\":{\"@id\":\"https:\\\/\\\/assist.com.co\\\/evento-rpa-piscosour\\\/#primaryimage\"},\"image\":{\"@id\":\"https:\\\/\\\/assist.com.co\\\/evento-rpa-piscosour\\\/#primaryimage\"},\"thumbnailUrl\":\"https:\\\/\\\/assist.com.co\\\/wp-content\\\/uploads\\\/2024\\\/03\\\/piscolinkedin.png\",\"datePublished\":\"2024-02-28T19:09:55+00:00\",\"dateModified\":\"2026-02-25T15:37:11+00:00\",\"description\":\"Haz parte del futuro y descubre c\u00f3mo automatizan las grandes compa\u00f1\u00edas con el uso de Bots, mientras experimentas con un Pisco.\",\"breadcrumb\":{\"@id\":\"https:\\\/\\\/assist.com.co\\\/evento-rpa-piscosour\\\/#breadcrumb\"},\"inLanguage\":\"en-US\",\"potentialAction\":[{\"@type\":\"ReadAction\",\"target\":[\"https:\\\/\\\/assist.com.co\\\/evento-rpa-piscosour\\\/\"]}]},{\"@type\":\"ImageObject\",\"inLanguage\":\"en-US\",\"@id\":\"https:\\\/\\\/assist.com.co\\\/evento-rpa-piscosour\\\/#primaryimage\",\"url\":\"https:\\\/\\\/assist.com.co\\\/wp-content\\\/uploads\\\/2024\\\/03\\\/piscolinkedin.png\",\"contentUrl\":\"https:\\\/\\\/assist.com.co\\\/wp-content\\\/uploads\\\/2024\\\/03\\\/piscolinkedin.png\",\"width\":1201,\"height\":520},{\"@type\":\"BreadcrumbList\",\"@id\":\"https:\\\/\\\/assist.com.co\\\/evento-rpa-piscosour\\\/#breadcrumb\",\"itemListElement\":[{\"@type\":\"ListItem\",\"position\":1,\"name\":\"Home\",\"item\":\"https:\\\/\\\/assist.com.co\\\/\"},{\"@type\":\"ListItem\",\"position\":2,\"name\":\"Evento RPA &amp; Piscosour, la combinaci\u00f3n perfecta\"}]},{\"@type\":\"WebSite\",\"@id\":\"https:\\\/\\\/assist.com.co\\\/#website\",\"url\":\"https:\\\/\\\/assist.com.co\\\/\",\"name\":\"Assist Consultores\",\"description\":\"Transformando Capacidades Empresariales en Sistemas Innovadores\",\"potentialAction\":[{\"@type\":\"SearchAction\",\"target\":{\"@type\":\"EntryPoint\",\"urlTemplate\":\"https:\\\/\\\/assist.com.co\\\/?s={search_term_string}\"},\"query-input\":{\"@type\":\"PropertyValueSpecification\",\"valueRequired\":true,\"valueName\":\"search_term_string\"}}],\"inLanguage\":\"en-US\"}]}<\/script>\n<!-- \/ Yoast SEO Premium plugin. -->","yoast_head_json":{"title":"Evento RPA &amp; Piscosour, la combinaci\u00f3n perfecta - Assist Consultores","description":"Haz parte del futuro y descubre c\u00f3mo automatizan las grandes compa\u00f1\u00edas con el uso de Bots, mientras experimentas con un Pisco.","robots":{"index":"index","follow":"follow","max-snippet":"max-snippet:-1","max-image-preview":"max-image-preview:large","max-video-preview":"max-video-preview:-1"},"canonical":"https:\/\/assist.com.co\/en\/evento-rpa-piscosour\/","og_locale":"en_US","og_type":"article","og_title":"Evento RPA &amp; Piscosour, la combinaci\u00f3n perfecta","og_description":"Haz parte del futuro y descubre c\u00f3mo automatizan las grandes compa\u00f1\u00edas con el uso de Bots, mientras experimentas con un Pisco.","og_url":"https:\/\/assist.com.co\/en\/evento-rpa-piscosour\/","og_site_name":"Assist Consultores","article_modified_time":"2026-02-25T15:37:11+00:00","og_image":[{"width":1201,"height":520,"url":"https:\/\/assist.com.co\/wp-content\/uploads\/2024\/03\/piscolinkedin.png","type":"image\/png"}],"twitter_card":"summary_large_image","twitter_misc":{"Est. reading time":"1 minute"},"schema":{"@context":"https:\/\/schema.org","@graph":[{"@type":"WebPage","@id":"https:\/\/assist.com.co\/evento-rpa-piscosour\/","url":"https:\/\/assist.com.co\/evento-rpa-piscosour\/","name":"Evento RPA &amp; Piscosour, la combinaci\u00f3n perfecta - Assist Consultores","isPartOf":{"@id":"https:\/\/assist.com.co\/#website"},"primaryImageOfPage":{"@id":"https:\/\/assist.com.co\/evento-rpa-piscosour\/#primaryimage"},"image":{"@id":"https:\/\/assist.com.co\/evento-rpa-piscosour\/#primaryimage"},"thumbnailUrl":"https:\/\/assist.com.co\/wp-content\/uploads\/2024\/03\/piscolinkedin.png","datePublished":"2024-02-28T19:09:55+00:00","dateModified":"2026-02-25T15:37:11+00:00","description":"Haz parte del futuro y descubre c\u00f3mo automatizan las grandes compa\u00f1\u00edas con el uso de Bots, mientras experimentas con un Pisco.","breadcrumb":{"@id":"https:\/\/assist.com.co\/evento-rpa-piscosour\/#breadcrumb"},"inLanguage":"en-US","potentialAction":[{"@type":"ReadAction","target":["https:\/\/assist.com.co\/evento-rpa-piscosour\/"]}]},{"@type":"ImageObject","inLanguage":"en-US","@id":"https:\/\/assist.com.co\/evento-rpa-piscosour\/#primaryimage","url":"https:\/\/assist.com.co\/wp-content\/uploads\/2024\/03\/piscolinkedin.png","contentUrl":"https:\/\/assist.com.co\/wp-content\/uploads\/2024\/03\/piscolinkedin.png","width":1201,"height":520},{"@type":"BreadcrumbList","@id":"https:\/\/assist.com.co\/evento-rpa-piscosour\/#breadcrumb","itemListElement":[{"@type":"ListItem","position":1,"name":"Home","item":"https:\/\/assist.com.co\/"},{"@type":"ListItem","position":2,"name":"Evento RPA &amp; Piscosour, la combinaci\u00f3n perfecta"}]},{"@type":"WebSite","@id":"https:\/\/assist.com.co\/#website","url":"https:\/\/assist.com.co\/","name":"Assist Consultores","description":"Transformando Capacidades Empresariales en Sistemas Innovadores","potentialAction":[{"@type":"SearchAction","target":{"@type":"EntryPoint","urlTemplate":"https:\/\/assist.com.co\/?s={search_term_string}"},"query-input":{"@type":"PropertyValueSpecification","valueRequired":true,"valueName":"search_term_string"}}],"inLanguage":"en-US"}]}},"_links":{"self":[{"href":"https:\/\/assist.com.co\/en\/wp-json\/wp\/v2\/pages\/18336","targetHints":{"allow":["GET"]}}],"collection":[{"href":"https:\/\/assist.com.co\/en\/wp-json\/wp\/v2\/pages"}],"about":[{"href":"https:\/\/assist.com.co\/en\/wp-json\/wp\/v2\/types\/page"}],"author":[{"embeddable":true,"href":"https:\/\/assist.com.co\/en\/wp-json\/wp\/v2\/users\/1"}],"replies":[{"embeddable":true,"href":"https:\/\/assist.com.co\/en\/wp-json\/wp\/v2\/comments?post=18336"}],"version-history":[{"count":6,"href":"https:\/\/assist.com.co\/en\/wp-json\/wp\/v2\/pages\/18336\/revisions"}],"predecessor-version":[{"id":24224,"href":"https:\/\/assist.com.co\/en\/wp-json\/wp\/v2\/pages\/18336\/revisions\/24224"}],"wp:featuredmedia":[{"embeddable":true,"href":"https:\/\/assist.com.co\/en\/wp-json\/wp\/v2\/media\/18403"}],"wp:attachment":[{"href":"https:\/\/assist.com.co\/en\/wp-json\/wp\/v2\/media?parent=18336"}],"curies":[{"name":"wp","href":"https:\/\/api.w.org\/{rel}","templated":true}]}}