{"id":18558,"date":"2024-03-20T15:56:51","date_gmt":"2024-03-20T15:56:51","guid":{"rendered":"https:\/\/assist.com.co\/?page_id=18558"},"modified":"2026-02-25T15:38:10","modified_gmt":"2026-02-25T15:38:10","slug":"flujo-de-automatizacion-de-procesos","status":"publish","type":"page","link":"https:\/\/assist.com.co\/en\/flujo-de-automatizacion-de-procesos\/","title":{"rendered":"Descarga\u00a0Road Map Automatizaci\u00f3n &#8211; Adonis"},"content":{"rendered":"<div class=\"et_pb_section_0 et_pb_section et_section_regular et_block_section preset--module--divi-section--default\"><div class=\"et_pb_row_0 et_pb_row et_block_row\"><div class=\"et_pb_column_0 et_pb_column et_pb_column_4_4 et-last-child et_block_column et_pb_css_mix_blend_mode_passthrough\"><div class=\"et_pb_text_0 et_pb_text et_pb_bg_layout_light et_pb_module et_block_module\"><div class=\"et_pb_text_inner\"><h1 style=\"text-align: center;\"><strong><b><i>Descarga\u00a0Roadmap\u00a0<\/i><\/b><br \/><\/strong><\/h1>\n<h1 style=\"text-align: center;\"><strong>Expert para Automatizar procesos con \u00e9xito<\/strong><\/h1>\n<\/div><\/div><\/div><\/div><\/div><div class=\"et_pb_section_1 et_pb_section et_section_regular et_block_section preset--module--divi-section--default\"><div class=\"et_pb_row_1 et_pb_row et_block_row\"><div class=\"et_pb_column_1 et_pb_column et_pb_column_1_2 et_block_column et_pb_css_mix_blend_mode_passthrough\"><div class=\"et_pb_image_0 et_pb_image et_pb_module et_block_module\"><span class=\"et_pb_image_wrap\"><img loading=\"lazy\" decoding=\"async\" src=\"https:\/\/assist.com.co\/wp-content\/uploads\/2024\/03\/assist-adonis.png\" width=\"1146\" height=\"232\" srcset=\"https:\/\/assist.com.co\/wp-content\/uploads\/2024\/03\/assist-adonis.png 1146w, https:\/\/assist.com.co\/wp-content\/uploads\/2024\/03\/assist-adonis-980x198.png 980w, https:\/\/assist.com.co\/wp-content\/uploads\/2024\/03\/assist-adonis-480x97.png 480w\" sizes=\"(min-width: 0px) and (max-width: 480px) 480px, (min-width: 481px) and (max-width: 980px) 980px, (min-width: 981px) 1146px, 100vw\" class=\"wp-image-18536\" title=\"assist-adonis\" alt=\"assist-adonis\" \/><\/span><\/div><div class=\"et_pb_image_1 et_pb_image et_pb_module et_block_module\"><span class=\"et_pb_image_wrap\"><img loading=\"lazy\" decoding=\"async\" src=\"https:\/\/assist.com.co\/wp-content\/uploads\/2024\/03\/piezas-roadmap.jpg\" width=\"1080\" height=\"1920\" srcset=\"https:\/\/assist.com.co\/wp-content\/uploads\/2024\/03\/piezas-roadmap.jpg 1080w, https:\/\/assist.com.co\/wp-content\/uploads\/2024\/03\/piezas-roadmap-980x1742.jpg 980w, https:\/\/assist.com.co\/wp-content\/uploads\/2024\/03\/piezas-roadmap-480x853.jpg 480w\" sizes=\"(min-width: 0px) and (max-width: 480px) 480px, (min-width: 481px) and (max-width: 980px) 980px, (min-width: 981px) 1080px, 100vw\" class=\"wp-image-18570\" title=\"piezas-roadmap\" \/><\/span><\/div><\/div><div class=\"et_pb_column_2 et_pb_column et_pb_column_1_2 et-last-child et_block_column et_pb_css_mix_blend_mode_passthrough\"><div class=\"et_pb_code_0 et_pb_code et_pb_module\"><div class=\"et_pb_code_inner\"><iframe loading=\"lazy\" src=\"https:\/\/docs.google.com\/forms\/d\/e\/1FAIpQLScFgcfGDZMViaLCXKajHAQ_EuRawDAhjfCVNx05sWpkDLegYg\/viewform?embedded=true\" width=\"640\" height=\"1200\" frameborder=\"0\" marginheight=\"0\" marginwidth=\"0\">Cargando\u2026<\/iframe><\/div><\/div><div class=\"et_pb_module et_pb_button_module_wrapper et_pb_button_0_wrapper\"><a class=\"et_pb_button_0 et_pb_button et_pb_bg_layout_light et_pb_module et_block_module\" href=\"https:\/\/assist.com.co\/wp-content\/uploads\/2024\/03\/roadmap-assist-adonis.pdf\">DESCARGA AHORA<\/a><\/div><\/div><\/div><div class=\"et_pb_row_2 et_pb_row et_block_row\"><div class=\"et_pb_column_3 et_pb_column et_pb_column_1_2 et_block_column et_pb_css_mix_blend_mode_passthrough\"><div class=\"et_pb_text_1 et_pb_text et_pb_bg_layout_light et_pb_module et_block_module\"><div class=\"et_pb_text_inner\"><h3><strong><em>Preparado para dar un paso hacia el mejoramiento de tus procesos TI?\u00a0<\/em><\/strong><\/h3>\n<h3><strong><em>Lleva tu negocio a otro nivel, no le lo puedes perder<\/em><\/strong><\/h3>\n<\/div><\/div><\/div><div class=\"et_pb_column_4 et_pb_column et_pb_column_1_2 et-last-child et_block_column et_pb_css_mix_blend_mode_passthrough\"><div class=\"et_pb_module et_pb_button_module_wrapper et_pb_button_1_wrapper\"><a class=\"et_pb_button_1 et_pb_button et_pb_bg_layout_light et_pb_module et_block_module\" href=\"https:\/\/api.whatsapp.com\/send\/?phone=%2B573102169640&#038;text=Hola%2C+quisiera+que+me+contacten.&#038;app_absent=0\">Let\u2019s talk!<\/a><\/div><\/div><\/div><\/div>","protected":false},"excerpt":{"rendered":"","protected":false},"author":1,"featured_media":0,"parent":0,"menu_order":0,"comment_status":"closed","ping_status":"closed","template":"page-template-blank.php","meta":{"inline_featured_image":false,"footnotes":""},"class_list":["post-18558","page","type-page","status-publish","hentry"],"yoast_head":"<!-- This site is optimized with the Yoast SEO Premium plugin v25.2 (Yoast SEO v27.3) - https:\/\/yoast.com\/product\/yoast-seo-premium-wordpress\/ -->\n<title>Descarga\u00a0Road Map Automatizaci\u00f3n - Adonis - Assist Consultores<\/title>\n<meta name=\"description\" content=\"Implementa soluciones de automatizaci\u00f3n de procesos de negocio, gestionando con eficiencia tus proyectos y generando una modelaci\u00f3n de procesos efectiva.\" \/>\n<meta name=\"robots\" content=\"index, follow, max-snippet:-1, max-image-preview:large, max-video-preview:-1\" \/>\n<link rel=\"canonical\" href=\"https:\/\/assist.com.co\/en\/flujo-de-automatizacion-de-procesos\/\" \/>\n<meta property=\"og:locale\" content=\"en_US\" \/>\n<meta property=\"og:type\" content=\"article\" \/>\n<meta property=\"og:title\" content=\"Descarga\u00a0Road Map Automatizaci\u00f3n - Adonis\" \/>\n<meta property=\"og:description\" content=\"Implementa soluciones de automatizaci\u00f3n de procesos de negocio, gestionando con eficiencia tus proyectos y generando una modelaci\u00f3n de procesos efectiva.\" \/>\n<meta property=\"og:url\" content=\"https:\/\/assist.com.co\/en\/flujo-de-automatizacion-de-procesos\/\" \/>\n<meta property=\"og:site_name\" content=\"Assist Consultores\" \/>\n<meta property=\"article:modified_time\" content=\"2026-02-25T15:38:10+00:00\" \/>\n<meta name=\"twitter:card\" content=\"summary_large_image\" \/>\n<meta name=\"twitter:label1\" content=\"Est. reading time\" \/>\n\t<meta name=\"twitter:data1\" content=\"1 minute\" \/>\n<script type=\"application\/ld+json\" class=\"yoast-schema-graph\">{\"@context\":\"https:\\\/\\\/schema.org\",\"@graph\":[{\"@type\":\"WebPage\",\"@id\":\"https:\\\/\\\/assist.com.co\\\/flujo-de-automatizacion-de-procesos\\\/\",\"url\":\"https:\\\/\\\/assist.com.co\\\/flujo-de-automatizacion-de-procesos\\\/\",\"name\":\"Descarga\u00a0Road Map Automatizaci\u00f3n - Adonis - Assist Consultores\",\"isPartOf\":{\"@id\":\"https:\\\/\\\/assist.com.co\\\/#website\"},\"datePublished\":\"2024-03-20T15:56:51+00:00\",\"dateModified\":\"2026-02-25T15:38:10+00:00\",\"description\":\"Implementa soluciones de automatizaci\u00f3n de procesos de negocio, gestionando con eficiencia tus proyectos y generando una modelaci\u00f3n de procesos efectiva.\",\"breadcrumb\":{\"@id\":\"https:\\\/\\\/assist.com.co\\\/flujo-de-automatizacion-de-procesos\\\/#breadcrumb\"},\"inLanguage\":\"en-US\",\"potentialAction\":[{\"@type\":\"ReadAction\",\"target\":[\"https:\\\/\\\/assist.com.co\\\/flujo-de-automatizacion-de-procesos\\\/\"]}]},{\"@type\":\"BreadcrumbList\",\"@id\":\"https:\\\/\\\/assist.com.co\\\/flujo-de-automatizacion-de-procesos\\\/#breadcrumb\",\"itemListElement\":[{\"@type\":\"ListItem\",\"position\":1,\"name\":\"Home\",\"item\":\"https:\\\/\\\/assist.com.co\\\/\"},{\"@type\":\"ListItem\",\"position\":2,\"name\":\"Descarga\u00a0Road Map Automatizaci\u00f3n &#8211; Adonis\"}]},{\"@type\":\"WebSite\",\"@id\":\"https:\\\/\\\/assist.com.co\\\/#website\",\"url\":\"https:\\\/\\\/assist.com.co\\\/\",\"name\":\"Assist Consultores\",\"description\":\"Transformando Capacidades Empresariales en Sistemas Innovadores\",\"potentialAction\":[{\"@type\":\"SearchAction\",\"target\":{\"@type\":\"EntryPoint\",\"urlTemplate\":\"https:\\\/\\\/assist.com.co\\\/?s={search_term_string}\"},\"query-input\":{\"@type\":\"PropertyValueSpecification\",\"valueRequired\":true,\"valueName\":\"search_term_string\"}}],\"inLanguage\":\"en-US\"}]}<\/script>\n<!-- \/ Yoast SEO Premium plugin. -->","yoast_head_json":{"title":"Descarga\u00a0Road Map Automatizaci\u00f3n - Adonis - Assist Consultores","description":"Implementa soluciones de automatizaci\u00f3n de procesos de negocio, gestionando con eficiencia tus proyectos y generando una modelaci\u00f3n de procesos efectiva.","robots":{"index":"index","follow":"follow","max-snippet":"max-snippet:-1","max-image-preview":"max-image-preview:large","max-video-preview":"max-video-preview:-1"},"canonical":"https:\/\/assist.com.co\/en\/flujo-de-automatizacion-de-procesos\/","og_locale":"en_US","og_type":"article","og_title":"Descarga\u00a0Road Map Automatizaci\u00f3n - Adonis","og_description":"Implementa soluciones de automatizaci\u00f3n de procesos de negocio, gestionando con eficiencia tus proyectos y generando una modelaci\u00f3n de procesos efectiva.","og_url":"https:\/\/assist.com.co\/en\/flujo-de-automatizacion-de-procesos\/","og_site_name":"Assist Consultores","article_modified_time":"2026-02-25T15:38:10+00:00","twitter_card":"summary_large_image","twitter_misc":{"Est. reading time":"1 minute"},"schema":{"@context":"https:\/\/schema.org","@graph":[{"@type":"WebPage","@id":"https:\/\/assist.com.co\/flujo-de-automatizacion-de-procesos\/","url":"https:\/\/assist.com.co\/flujo-de-automatizacion-de-procesos\/","name":"Descarga\u00a0Road Map Automatizaci\u00f3n - Adonis - Assist Consultores","isPartOf":{"@id":"https:\/\/assist.com.co\/#website"},"datePublished":"2024-03-20T15:56:51+00:00","dateModified":"2026-02-25T15:38:10+00:00","description":"Implementa soluciones de automatizaci\u00f3n de procesos de negocio, gestionando con eficiencia tus proyectos y generando una modelaci\u00f3n de procesos efectiva.","breadcrumb":{"@id":"https:\/\/assist.com.co\/flujo-de-automatizacion-de-procesos\/#breadcrumb"},"inLanguage":"en-US","potentialAction":[{"@type":"ReadAction","target":["https:\/\/assist.com.co\/flujo-de-automatizacion-de-procesos\/"]}]},{"@type":"BreadcrumbList","@id":"https:\/\/assist.com.co\/flujo-de-automatizacion-de-procesos\/#breadcrumb","itemListElement":[{"@type":"ListItem","position":1,"name":"Home","item":"https:\/\/assist.com.co\/"},{"@type":"ListItem","position":2,"name":"Descarga\u00a0Road Map Automatizaci\u00f3n &#8211; Adonis"}]},{"@type":"WebSite","@id":"https:\/\/assist.com.co\/#website","url":"https:\/\/assist.com.co\/","name":"Assist Consultores","description":"Transformando Capacidades Empresariales en Sistemas Innovadores","potentialAction":[{"@type":"SearchAction","target":{"@type":"EntryPoint","urlTemplate":"https:\/\/assist.com.co\/?s={search_term_string}"},"query-input":{"@type":"PropertyValueSpecification","valueRequired":true,"valueName":"search_term_string"}}],"inLanguage":"en-US"}]}},"_links":{"self":[{"href":"https:\/\/assist.com.co\/en\/wp-json\/wp\/v2\/pages\/18558","targetHints":{"allow":["GET"]}}],"collection":[{"href":"https:\/\/assist.com.co\/en\/wp-json\/wp\/v2\/pages"}],"about":[{"href":"https:\/\/assist.com.co\/en\/wp-json\/wp\/v2\/types\/page"}],"author":[{"embeddable":true,"href":"https:\/\/assist.com.co\/en\/wp-json\/wp\/v2\/users\/1"}],"replies":[{"embeddable":true,"href":"https:\/\/assist.com.co\/en\/wp-json\/wp\/v2\/comments?post=18558"}],"version-history":[{"count":6,"href":"https:\/\/assist.com.co\/en\/wp-json\/wp\/v2\/pages\/18558\/revisions"}],"predecessor-version":[{"id":24230,"href":"https:\/\/assist.com.co\/en\/wp-json\/wp\/v2\/pages\/18558\/revisions\/24230"}],"wp:attachment":[{"href":"https:\/\/assist.com.co\/en\/wp-json\/wp\/v2\/media?parent=18558"}],"curies":[{"name":"wp","href":"https:\/\/api.w.org\/{rel}","templated":true}]}}