{"id":19104,"date":"2024-06-18T22:57:57","date_gmt":"2024-06-18T22:57:57","guid":{"rendered":"https:\/\/assist.com.co\/?page_id=19104"},"modified":"2026-02-25T15:38:25","modified_gmt":"2026-02-25T15:38:25","slug":"webinar-finops-y-observabilidad","status":"publish","type":"page","link":"https:\/\/assist.com.co\/en\/webinar-finops-y-observabilidad\/","title":{"rendered":"Webinar FinOps y Observabilidad"},"content":{"rendered":"<div class=\"et_pb_section_0 et_pb_section et_section_regular et_block_section preset--module--divi-section--default\"><div class=\"et_pb_row_0 et_pb_row et_block_row\"><div class=\"et_pb_column_0 et_pb_column et_pb_column_4_4 et-last-child et_block_column et_pb_css_mix_blend_mode_passthrough\"><div class=\"et_pb_text_0 et_pb_text et_pb_bg_layout_light et_pb_module et_block_module\"><div class=\"et_pb_text_inner\"><h1 data-pm-slice=\"1 1 []\" style=\"text-align: center;\"><span>Transforma tu Gesti\u00f3n en la Nube: <span style=\"color: #3366ff;\"><strong>FinOps y Observabilidad como Claves del \u00c9xito TI.<\/strong><\/span><\/span><\/h1>\n<\/div><\/div><\/div><\/div><\/div><div class=\"et_pb_section_1 et_pb_section et_section_regular et_block_section et_pb_section_parallax preset--module--divi-section--default\"><span class=\"et-pb-parallax-wrapper\"><span class=\"et-pb-parallax-background et-pb-parallax-background-module--divi-section-1\" style=\"background-image:url(https:\/\/assist.com.co\/wp-content\/uploads\/2024\/06\/fondo-landing-finops-scaled.jpg)\"><\/span><span class=\"et_parallax_gradient\" style=\"background-image:linear-gradient(180deg, rgba(13,14,89,0.31) 0%,rgba(9,20,94,0.48) 100% 100%)\"><\/span><\/span><div class=\"et_pb_row_1 et_pb_row et_block_row\"><div class=\"et_pb_column_1 et_pb_column et_pb_column_1_2 et_block_column et_pb_css_mix_blend_mode_passthrough\"><div class=\"et_pb_image_0 et_pb_image et_pb_module et_block_module\"><span class=\"et_pb_image_wrap\"><img loading=\"lazy\" decoding=\"async\" src=\"https:\/\/assist.com.co\/wp-content\/uploads\/2024\/06\/Convencion-2024.2_medellin-vertical.svg\" width=\"0\" height=\"0\" class=\"wp-image-19112\" title=\"finops\" alt=\"finops\" \/><\/span><\/div><div class=\"et_pb_text_1 et_pb_text et_pb_bg_layout_light et_pb_module et_block_module\"><div class=\"et_pb_text_inner\"><h1><span style=\"color: #ffffff;\">Por qu\u00e9 est\u00e1 creciendo la adopci\u00f3n de FinOps<\/span><\/h1>\n<\/div><\/div><div class=\"et_pb_divider_0 et_pb_divider et_pb_space et_pb_divider_position_top et_pb_module\"><div class=\"et_pb_divider_internal\"><\/div><\/div><div class=\"et_pb_text_2 et_pb_text et_pb_bg_layout_light et_pb_module et_block_module\"><div class=\"et_pb_text_inner\"><h2 style=\"text-align: justify;\"><span style=\"color: #ffffff;\">El gasto en la nube p\u00fablica ha aumentado dr\u00e1sticamente en los \u00faltimos a\u00f1os, impulsado por la creciente adopci\u00f3n de servicios de infraestructura\u00a0<a href=\"https:\/\/www.ibm.com\/es-es\/topics\/cloud-native\" data-di-id=\"di-id-a0aeab80-43f229ac\" style=\"color: #ffffff;\">nativos de la nube<\/a>. Gartner prev\u00e9 que el gasto mundial de los usuarios finales en servicios de nube p\u00fablica crecer\u00e1 un 20,4 % en 2022 hasta casi 500.000 millones de d\u00f3lares, alcanzando cerca de 600.000 millones en 2023, con m\u00e1s del 40 % de las cargas de trabajo empresariales implementadas en la nube.<\/span><\/h2>\n<\/div><\/div><\/div><div class=\"et_pb_column_2 et_pb_column et_pb_column_1_2 et-last-child et_block_column et_pb_css_mix_blend_mode_passthrough\"><div class=\"et_pb_image_1 et_pb_image et_pb_module et_block_module\"><span class=\"et_pb_image_wrap\"><img loading=\"lazy\" decoding=\"async\" src=\"https:\/\/assist.com.co\/wp-content\/uploads\/2024\/04\/Logo_horizontal_Assist.png\" width=\"1000\" height=\"354\" srcset=\"https:\/\/assist.com.co\/wp-content\/uploads\/2024\/04\/Logo_horizontal_Assist.png 1000w, https:\/\/assist.com.co\/wp-content\/uploads\/2024\/04\/Logo_horizontal_Assist-980x347.png 980w, https:\/\/assist.com.co\/wp-content\/uploads\/2024\/04\/Logo_horizontal_Assist-480x170.png 480w\" sizes=\"(min-width: 0px) and (max-width: 480px) 480px, (min-width: 481px) and (max-width: 980px) 980px, (min-width: 981px) 1000px, 100vw\" class=\"wp-image-18608\" title=\"Logo_horizontal_Assist\" \/><\/span><\/div><div class=\"et_pb_code_0 et_pb_code et_pb_module\"><div class=\"et_pb_code_inner\"><iframe loading=\"lazy\" src=\"https:\/\/docs.google.com\/forms\/d\/e\/1FAIpQLSdmBHHO5-hAp2oFtyr6ZNdHTRJZdQpLBLtxnQmxfaIqZuCItw\/viewform?embedded=true\" width=\"640\" height=\"900\" frameborder=\"0\" marginheight=\"0\" marginwidth=\"0\">Cargando\u2026<\/iframe><\/div><\/div><\/div><\/div><div class=\"et_pb_row_2 et_pb_row et_block_row\"><div class=\"et_pb_column_3 et_pb_column et_pb_column_4_4 et-last-child et_block_column et_pb_css_mix_blend_mode_passthrough\"><div class=\"et_pb_text_3 et_pb_text et_pb_bg_layout_light et_pb_module et_block_module\"><div class=\"et_pb_text_inner\"><h1 style=\"text-align: center;\"><strong><em><span style=\"color: #ffffff;\">\u00bfQu\u00e9 papel puede jugar la automatizaci\u00f3n en FinOps?<\/span><\/em><\/strong><\/h1>\n<\/div><\/div><div class=\"et_pb_divider_1 et_pb_divider et_pb_space et_pb_divider_position_top et_pb_module\"><div class=\"et_pb_divider_internal\"><\/div><\/div><\/div><\/div><div class=\"et_pb_row_3 et_pb_row et_block_row\"><div class=\"et_pb_column_4 et_pb_column et_pb_column_4_4 et-last-child et_block_column et_pb_css_mix_blend_mode_passthrough\"><div class=\"et_pb_text_4 et_pb_text et_pb_bg_layout_light et_pb_module et_block_module\"><div class=\"et_pb_text_inner\"><h1 data-pm-slice=\"1 1 []\" style=\"text-align: justify;\"><span style=\"color: #ffffff;\">Para evitar riesgos de rendimiento, la asignaci\u00f3n de recursos debe responder din\u00e1micamente a medida que cambia la demanda. La optimizaci\u00f3n de la nube requiere que las aplicaciones obtengan exactamente los recursos que necesitan para funcionar, de forma continua y autom\u00e1tica.<\/span><\/h1>\n<\/div><\/div><div class=\"et_pb_divider_2 et_pb_divider et_pb_space et_pb_divider_position_top et_pb_module\"><div class=\"et_pb_divider_internal\"><\/div><\/div><\/div><\/div><\/div>","protected":false},"excerpt":{"rendered":"","protected":false},"author":1,"featured_media":0,"parent":0,"menu_order":0,"comment_status":"closed","ping_status":"closed","template":"page-template-blank.php","meta":{"inline_featured_image":false,"footnotes":""},"class_list":["post-19104","page","type-page","status-publish","hentry"],"yoast_head":"<!-- This site is optimized with the Yoast SEO Premium plugin v25.2 (Yoast SEO v27.4) - https:\/\/yoast.com\/product\/yoast-seo-premium-wordpress\/ -->\n<title>Webinar FinOps y Observabilidad - Assist Consultores<\/title>\n<meta name=\"description\" content=\"Transforma tu Gesti\u00f3n en la Nube: FinOps y Observabilidad como Claves del \u00c9xito.\" \/>\n<meta name=\"robots\" content=\"index, follow, max-snippet:-1, max-image-preview:large, max-video-preview:-1\" \/>\n<link rel=\"canonical\" href=\"https:\/\/assist.com.co\/en\/webinar-finops-y-observabilidad\/\" \/>\n<meta property=\"og:locale\" content=\"en_US\" \/>\n<meta property=\"og:type\" content=\"article\" \/>\n<meta property=\"og:title\" content=\"Webinar FinOps y Observabilidad\" \/>\n<meta property=\"og:description\" content=\"Transforma tu Gesti\u00f3n en la Nube: FinOps y Observabilidad como Claves del \u00c9xito.\" \/>\n<meta property=\"og:url\" content=\"https:\/\/assist.com.co\/en\/webinar-finops-y-observabilidad\/\" \/>\n<meta property=\"og:site_name\" content=\"Assist Consultores\" \/>\n<meta property=\"article:modified_time\" content=\"2026-02-25T15:38:25+00:00\" \/>\n<meta name=\"twitter:card\" content=\"summary_large_image\" \/>\n<meta name=\"twitter:label1\" content=\"Est. reading time\" \/>\n\t<meta name=\"twitter:data1\" content=\"2 minutes\" \/>\n<script type=\"application\/ld+json\" class=\"yoast-schema-graph\">{\"@context\":\"https:\\\/\\\/schema.org\",\"@graph\":[{\"@type\":\"WebPage\",\"@id\":\"https:\\\/\\\/assist.com.co\\\/webinar-finops-y-observabilidad\\\/\",\"url\":\"https:\\\/\\\/assist.com.co\\\/webinar-finops-y-observabilidad\\\/\",\"name\":\"Webinar FinOps y Observabilidad - Assist Consultores\",\"isPartOf\":{\"@id\":\"https:\\\/\\\/assist.com.co\\\/#website\"},\"datePublished\":\"2024-06-18T22:57:57+00:00\",\"dateModified\":\"2026-02-25T15:38:25+00:00\",\"description\":\"Transforma tu Gesti\u00f3n en la Nube: FinOps y Observabilidad como Claves del \u00c9xito.\",\"breadcrumb\":{\"@id\":\"https:\\\/\\\/assist.com.co\\\/webinar-finops-y-observabilidad\\\/#breadcrumb\"},\"inLanguage\":\"en-US\",\"potentialAction\":[{\"@type\":\"ReadAction\",\"target\":[\"https:\\\/\\\/assist.com.co\\\/webinar-finops-y-observabilidad\\\/\"]}]},{\"@type\":\"BreadcrumbList\",\"@id\":\"https:\\\/\\\/assist.com.co\\\/webinar-finops-y-observabilidad\\\/#breadcrumb\",\"itemListElement\":[{\"@type\":\"ListItem\",\"position\":1,\"name\":\"Home\",\"item\":\"https:\\\/\\\/assist.com.co\\\/\"},{\"@type\":\"ListItem\",\"position\":2,\"name\":\"Webinar FinOps y Observabilidad\"}]},{\"@type\":\"WebSite\",\"@id\":\"https:\\\/\\\/assist.com.co\\\/#website\",\"url\":\"https:\\\/\\\/assist.com.co\\\/\",\"name\":\"Assist Consultores\",\"description\":\"Transformando Capacidades Empresariales en Sistemas Innovadores\",\"potentialAction\":[{\"@type\":\"SearchAction\",\"target\":{\"@type\":\"EntryPoint\",\"urlTemplate\":\"https:\\\/\\\/assist.com.co\\\/?s={search_term_string}\"},\"query-input\":{\"@type\":\"PropertyValueSpecification\",\"valueRequired\":true,\"valueName\":\"search_term_string\"}}],\"inLanguage\":\"en-US\"}]}<\/script>\n<!-- \/ Yoast SEO Premium plugin. -->","yoast_head_json":{"title":"Webinar FinOps y Observabilidad - Assist Consultores","description":"Transforma tu Gesti\u00f3n en la Nube: FinOps y Observabilidad como Claves del \u00c9xito.","robots":{"index":"index","follow":"follow","max-snippet":"max-snippet:-1","max-image-preview":"max-image-preview:large","max-video-preview":"max-video-preview:-1"},"canonical":"https:\/\/assist.com.co\/en\/webinar-finops-y-observabilidad\/","og_locale":"en_US","og_type":"article","og_title":"Webinar FinOps y Observabilidad","og_description":"Transforma tu Gesti\u00f3n en la Nube: FinOps y Observabilidad como Claves del \u00c9xito.","og_url":"https:\/\/assist.com.co\/en\/webinar-finops-y-observabilidad\/","og_site_name":"Assist Consultores","article_modified_time":"2026-02-25T15:38:25+00:00","twitter_card":"summary_large_image","twitter_misc":{"Est. reading time":"2 minutes"},"schema":{"@context":"https:\/\/schema.org","@graph":[{"@type":"WebPage","@id":"https:\/\/assist.com.co\/webinar-finops-y-observabilidad\/","url":"https:\/\/assist.com.co\/webinar-finops-y-observabilidad\/","name":"Webinar FinOps y Observabilidad - Assist Consultores","isPartOf":{"@id":"https:\/\/assist.com.co\/#website"},"datePublished":"2024-06-18T22:57:57+00:00","dateModified":"2026-02-25T15:38:25+00:00","description":"Transforma tu Gesti\u00f3n en la Nube: FinOps y Observabilidad como Claves del \u00c9xito.","breadcrumb":{"@id":"https:\/\/assist.com.co\/webinar-finops-y-observabilidad\/#breadcrumb"},"inLanguage":"en-US","potentialAction":[{"@type":"ReadAction","target":["https:\/\/assist.com.co\/webinar-finops-y-observabilidad\/"]}]},{"@type":"BreadcrumbList","@id":"https:\/\/assist.com.co\/webinar-finops-y-observabilidad\/#breadcrumb","itemListElement":[{"@type":"ListItem","position":1,"name":"Home","item":"https:\/\/assist.com.co\/"},{"@type":"ListItem","position":2,"name":"Webinar FinOps y Observabilidad"}]},{"@type":"WebSite","@id":"https:\/\/assist.com.co\/#website","url":"https:\/\/assist.com.co\/","name":"Assist Consultores","description":"Transformando Capacidades Empresariales en Sistemas Innovadores","potentialAction":[{"@type":"SearchAction","target":{"@type":"EntryPoint","urlTemplate":"https:\/\/assist.com.co\/?s={search_term_string}"},"query-input":{"@type":"PropertyValueSpecification","valueRequired":true,"valueName":"search_term_string"}}],"inLanguage":"en-US"}]}},"_links":{"self":[{"href":"https:\/\/assist.com.co\/en\/wp-json\/wp\/v2\/pages\/19104","targetHints":{"allow":["GET"]}}],"collection":[{"href":"https:\/\/assist.com.co\/en\/wp-json\/wp\/v2\/pages"}],"about":[{"href":"https:\/\/assist.com.co\/en\/wp-json\/wp\/v2\/types\/page"}],"author":[{"embeddable":true,"href":"https:\/\/assist.com.co\/en\/wp-json\/wp\/v2\/users\/1"}],"replies":[{"embeddable":true,"href":"https:\/\/assist.com.co\/en\/wp-json\/wp\/v2\/comments?post=19104"}],"version-history":[{"count":6,"href":"https:\/\/assist.com.co\/en\/wp-json\/wp\/v2\/pages\/19104\/revisions"}],"predecessor-version":[{"id":24237,"href":"https:\/\/assist.com.co\/en\/wp-json\/wp\/v2\/pages\/19104\/revisions\/24237"}],"wp:attachment":[{"href":"https:\/\/assist.com.co\/en\/wp-json\/wp\/v2\/media?parent=19104"}],"curies":[{"name":"wp","href":"https:\/\/api.w.org\/{rel}","templated":true}]}}