{"id":19183,"date":"2024-06-27T16:56:40","date_gmt":"2024-06-27T16:56:40","guid":{"rendered":"https:\/\/assist.com.co\/?page_id=19183"},"modified":"2026-02-25T15:38:27","modified_gmt":"2026-02-25T15:38:27","slug":"meditech-2024","status":"publish","type":"page","link":"https:\/\/assist.com.co\/en\/meditech-2024\/","title":{"rendered":"Feria Internacional de la salud-Meditech"},"content":{"rendered":"<div class=\"et_pb_section_0 et_pb_section et_section_regular et_block_section preset--module--divi-section--default\"><div class=\"et_pb_row_0 et_pb_row et_block_row\"><div class=\"et_pb_column_0 et_pb_column et_pb_column_4_4 et-last-child et_block_column et_pb_css_mix_blend_mode_passthrough\"><div class=\"et_pb_text_0 et_pb_text et_pb_bg_layout_light et_pb_module et_block_module\"><div class=\"et_pb_text_inner\"><h1 data-pm-slice=\"1 1 []\" style=\"text-align: center;\"><strong>\u00a1Bienvenido a la feria de salud y tecnolog\u00eda\u00a0<span style=\"color: #000000;\"> m\u00e1s importante del sector!<\/span><\/strong><\/h1>\n<\/div><\/div><div class=\"et_pb_divider_0 et_pb_divider et_pb_space et_pb_divider_position_top et_pb_module\"><div class=\"et_pb_divider_internal\"><\/div><\/div><div class=\"et_pb_text_1 et_pb_text et_pb_bg_layout_light et_pb_module et_block_module\"><div class=\"et_pb_text_inner\"><p style=\"text-align: center;\"><span style=\"color: #3366ff;\"><em><strong>Revolucionando la salud<\/strong><\/em><\/span><\/p>\n<\/div><\/div><\/div><\/div><\/div><div class=\"et_pb_section_1 et_pb_section et_section_regular et_block_section preset--module--divi-section--default\"><div class=\"et_pb_row_1 et_pb_row et_block_row\"><div class=\"et_pb_column_1 et_pb_column et_pb_column_1_2 et_block_column et_pb_css_mix_blend_mode_passthrough\"><div class=\"et_pb_image_0 et_pb_image et_pb_module et_block_module\"><span class=\"et_pb_image_wrap\"><img loading=\"lazy\" decoding=\"async\" src=\"https:\/\/assist.com.co\/wp-content\/uploads\/2024\/05\/ibm.png\" width=\"5443\" height=\"3061\" srcset=\"https:\/\/assist.com.co\/wp-content\/uploads\/2024\/05\/ibm.png 5443w, https:\/\/assist.com.co\/wp-content\/uploads\/2024\/05\/ibm-1280x720.png 1280w, https:\/\/assist.com.co\/wp-content\/uploads\/2024\/05\/ibm-980x551.png 980w, https:\/\/assist.com.co\/wp-content\/uploads\/2024\/05\/ibm-480x270.png 480w\" sizes=\"(min-width: 0px) and (max-width: 480px) 480px, (min-width: 481px) and (max-width: 980px) 980px, (min-width: 981px) and (max-width: 1280px) 1280px, (min-width: 1281px) 5443px, 100vw\" class=\"wp-image-18969\" title=\"ibm\" \/><\/span><\/div><div class=\"et_pb_text_2 et_pb_text et_pb_bg_layout_light et_pb_module et_block_module\"><div class=\"et_pb_text_inner\"><h1 style=\"text-align: center;\"><strong><span style=\"color: #ffffff;\"><em>Hiper- Automatizaci\u00f3n<\/em><\/span><\/strong><\/h1>\n<\/div><\/div><div class=\"et_pb_divider_1 et_pb_divider et_pb_space et_pb_divider_position_top et_pb_module\"><div class=\"et_pb_divider_internal\"><\/div><\/div><div class=\"et_pb_text_3 et_pb_text et_pb_bg_layout_light et_pb_module et_block_module\"><div class=\"et_pb_text_inner\"><blockquote>\n<h3 style=\"text-align: justify;\"><span style=\"color: #ffffff;\">\u2022 Automatizaci\u00f3n de Procesos con Bots e IA.<\/span><\/h3>\n<h3 style=\"text-align: justify;\"><span style=\"color: #ffffff;\">\u2022Asistentes virtuales para la atenci\u00f3n del paciente.<\/span><\/h3>\n<h3 style=\"text-align: justify;\"><span style=\"color: #ffffff;\">\u2022 Comprensi\u00f3n del lenguaje natural con IA<\/span><\/h3>\n<h3 style=\"text-align: justify;\"><span style=\"color: #ffffff;\">\u2022Inteligencia Artificial Cognitiva para la asistenciadel paciente.<\/span><\/h3>\n<\/blockquote>\n<\/div><\/div><div class=\"et_pb_text_4 et_pb_text et_pb_bg_layout_light et_pb_module et_block_module\"><div class=\"et_pb_text_inner\"><h1 style=\"text-align: center;\"><span style=\"color: #ffffff;\"><strong><em>Artificial intelligence<\/em><\/strong><\/span><\/h1>\n<\/div><\/div><div class=\"et_pb_text_5 et_pb_text et_pb_bg_layout_light et_pb_module et_block_module\"><div class=\"et_pb_text_inner\"><blockquote>\n<h3 style=\"text-align: justify;\"><span style=\"color: #ffffff;\">\u2022\u00a0 Interoperabilidad y est\u00e1ndares.<\/span><br \/><span style=\"color: #ffffff;\">\u2022 Sistemas integrados de informaci\u00f3n para la\u00a0 \u00a0 \u00a0 \u00a0 \u00a0 salud.<\/span><br \/><span style=\"color: #ffffff;\">\u2022 Integraci\u00f3n y an\u00e1lisis de datos e informaci\u00f3n en salud para toma de decisiones.<\/span><br \/><span style=\"color: #ffffff;\">\u2022\u00a0 Infraestructura tecnol\u00f3gica.<\/span><\/h3>\n<\/blockquote>\n<\/div><\/div><div class=\"et_pb_text_6 et_pb_text et_pb_bg_layout_light et_pb_module et_block_module\"><div class=\"et_pb_text_inner\"><h1 style=\"text-align: center;\"><span style=\"color: #ffffff;\"><strong><em>Integraci\u00f3n Avanzada<\/em><\/strong><\/span><\/h1>\n<\/div><\/div><\/div><div class=\"et_pb_column_2 et_pb_column et_pb_column_1_2 et-last-child et_block_column et_pb_css_mix_blend_mode_passthrough\"><div class=\"et_pb_code_0 et_pb_code et_pb_module\"><div class=\"et_pb_code_inner\"><iframe loading=\"lazy\" src=\"https:\/\/docs.google.com\/forms\/d\/e\/1FAIpQLSdDhT93rQKoyNHEOcf5xWd_sywQeJLmqyBtMUBmxtJWJlU-kw\/viewform?embedded=true\" width=\"640\" height=\"900\" frameborder=\"0\" marginheight=\"0\" marginwidth=\"0\">Cargando\u2026<\/iframe><\/div><\/div><div class=\"et_pb_module et_pb_button_module_wrapper et_pb_button_0_wrapper\"><a class=\"et_pb_button_0 et_pb_button et_pb_bg_layout_light et_pb_module et_block_module\" href=\"https:\/\/assist.com.co\/en\/solicitudes\/\">Quiero saber m\u00e1s<\/a><\/div><\/div><\/div><div class=\"et_pb_row_2 et_pb_row et_block_row\"><div class=\"et_pb_column_3 et_pb_column et_pb_column_4_4 et-last-child et_block_column et_pb_css_mix_blend_mode_passthrough\"><div class=\"et_pb_text_7 et_pb_text et_pb_bg_layout_light et_pb_module et_block_module\"><div class=\"et_pb_text_inner\"><h1><strong><span style=\"color: #3366ff;\"><em>Los algoritmos de IA pueden interpretar mamograf\u00edas 30 veces m\u00e1s r\u00e1pido que los radi\u00f3logos humanos, con una precisi\u00f3n del 99%<\/em><\/span><\/strong><\/h1>\n<\/div><\/div><\/div><\/div><div class=\"et_pb_row_3 et_pb_row et_block_row\"><div class=\"et_pb_column_4 et_pb_column et_pb_column_4_4 et-last-child et_block_column et_pb_css_mix_blend_mode_passthrough\"><div class=\"et_pb_text_8 et_pb_text et_pb_bg_layout_light et_pb_module et_block_module\"><div class=\"et_pb_text_inner\"><h1 style=\"text-align: center;\"><span style=\"color: #ffffff;\"><strong><em>\u00a1\u00a1REG\u00cdSTRATE Y OBTEN UNA ENTRADA TOTALMENTE GRATIS!!<\/em><\/strong><\/span><\/h1>\n<\/div><\/div><\/div><\/div><\/div>","protected":false},"excerpt":{"rendered":"","protected":false},"author":1,"featured_media":0,"parent":0,"menu_order":0,"comment_status":"closed","ping_status":"closed","template":"page-template-blank.php","meta":{"inline_featured_image":false,"footnotes":""},"class_list":["post-19183","page","type-page","status-publish","hentry"],"yoast_head":"<!-- This site is optimized with the Yoast SEO Premium plugin v25.2 (Yoast SEO v27.4) - https:\/\/yoast.com\/product\/yoast-seo-premium-wordpress\/ -->\n<title>Feria Internacional de la salud-Meditech - Assist Consultores<\/title>\n<meta name=\"description\" content=\"Patrocinadores en la feria de salud m\u00e1s importante del sector\" \/>\n<meta name=\"robots\" content=\"index, follow, max-snippet:-1, max-image-preview:large, max-video-preview:-1\" \/>\n<link rel=\"canonical\" href=\"https:\/\/assist.com.co\/en\/meditech-2024\/\" \/>\n<meta property=\"og:locale\" content=\"en_US\" \/>\n<meta property=\"og:type\" content=\"article\" \/>\n<meta property=\"og:title\" content=\"Feria Internacional de la salud-Meditech\" \/>\n<meta property=\"og:description\" content=\"Patrocinadores en la feria de salud m\u00e1s importante del sector\" \/>\n<meta property=\"og:url\" content=\"https:\/\/assist.com.co\/en\/meditech-2024\/\" \/>\n<meta property=\"og:site_name\" content=\"Assist Consultores\" \/>\n<meta property=\"article:modified_time\" content=\"2026-02-25T15:38:27+00:00\" \/>\n<meta name=\"twitter:card\" content=\"summary_large_image\" \/>\n<meta name=\"twitter:label1\" content=\"Est. reading time\" \/>\n\t<meta name=\"twitter:data1\" content=\"1 minute\" \/>\n<script type=\"application\/ld+json\" class=\"yoast-schema-graph\">{\"@context\":\"https:\\\/\\\/schema.org\",\"@graph\":[{\"@type\":\"WebPage\",\"@id\":\"https:\\\/\\\/assist.com.co\\\/meditech-2024\\\/\",\"url\":\"https:\\\/\\\/assist.com.co\\\/meditech-2024\\\/\",\"name\":\"Feria Internacional de la salud-Meditech - Assist Consultores\",\"isPartOf\":{\"@id\":\"https:\\\/\\\/assist.com.co\\\/#website\"},\"datePublished\":\"2024-06-27T16:56:40+00:00\",\"dateModified\":\"2026-02-25T15:38:27+00:00\",\"description\":\"Patrocinadores en la feria de salud m\u00e1s importante del sector\",\"breadcrumb\":{\"@id\":\"https:\\\/\\\/assist.com.co\\\/meditech-2024\\\/#breadcrumb\"},\"inLanguage\":\"en-US\",\"potentialAction\":[{\"@type\":\"ReadAction\",\"target\":[\"https:\\\/\\\/assist.com.co\\\/meditech-2024\\\/\"]}]},{\"@type\":\"BreadcrumbList\",\"@id\":\"https:\\\/\\\/assist.com.co\\\/meditech-2024\\\/#breadcrumb\",\"itemListElement\":[{\"@type\":\"ListItem\",\"position\":1,\"name\":\"Home\",\"item\":\"https:\\\/\\\/assist.com.co\\\/\"},{\"@type\":\"ListItem\",\"position\":2,\"name\":\"Feria Internacional de la salud-Meditech\"}]},{\"@type\":\"WebSite\",\"@id\":\"https:\\\/\\\/assist.com.co\\\/#website\",\"url\":\"https:\\\/\\\/assist.com.co\\\/\",\"name\":\"Assist Consultores\",\"description\":\"Transformando Capacidades Empresariales en Sistemas Innovadores\",\"potentialAction\":[{\"@type\":\"SearchAction\",\"target\":{\"@type\":\"EntryPoint\",\"urlTemplate\":\"https:\\\/\\\/assist.com.co\\\/?s={search_term_string}\"},\"query-input\":{\"@type\":\"PropertyValueSpecification\",\"valueRequired\":true,\"valueName\":\"search_term_string\"}}],\"inLanguage\":\"en-US\"}]}<\/script>\n<!-- \/ Yoast SEO Premium plugin. -->","yoast_head_json":{"title":"Feria Internacional de la salud-Meditech - Assist Consultores","description":"Patrocinadores en la feria de salud m\u00e1s importante del sector","robots":{"index":"index","follow":"follow","max-snippet":"max-snippet:-1","max-image-preview":"max-image-preview:large","max-video-preview":"max-video-preview:-1"},"canonical":"https:\/\/assist.com.co\/en\/meditech-2024\/","og_locale":"en_US","og_type":"article","og_title":"Feria Internacional de la salud-Meditech","og_description":"Patrocinadores en la feria de salud m\u00e1s importante del sector","og_url":"https:\/\/assist.com.co\/en\/meditech-2024\/","og_site_name":"Assist Consultores","article_modified_time":"2026-02-25T15:38:27+00:00","twitter_card":"summary_large_image","twitter_misc":{"Est. reading time":"1 minute"},"schema":{"@context":"https:\/\/schema.org","@graph":[{"@type":"WebPage","@id":"https:\/\/assist.com.co\/meditech-2024\/","url":"https:\/\/assist.com.co\/meditech-2024\/","name":"Feria Internacional de la salud-Meditech - Assist Consultores","isPartOf":{"@id":"https:\/\/assist.com.co\/#website"},"datePublished":"2024-06-27T16:56:40+00:00","dateModified":"2026-02-25T15:38:27+00:00","description":"Patrocinadores en la feria de salud m\u00e1s importante del sector","breadcrumb":{"@id":"https:\/\/assist.com.co\/meditech-2024\/#breadcrumb"},"inLanguage":"en-US","potentialAction":[{"@type":"ReadAction","target":["https:\/\/assist.com.co\/meditech-2024\/"]}]},{"@type":"BreadcrumbList","@id":"https:\/\/assist.com.co\/meditech-2024\/#breadcrumb","itemListElement":[{"@type":"ListItem","position":1,"name":"Home","item":"https:\/\/assist.com.co\/"},{"@type":"ListItem","position":2,"name":"Feria Internacional de la salud-Meditech"}]},{"@type":"WebSite","@id":"https:\/\/assist.com.co\/#website","url":"https:\/\/assist.com.co\/","name":"Assist Consultores","description":"Transformando Capacidades Empresariales en Sistemas Innovadores","potentialAction":[{"@type":"SearchAction","target":{"@type":"EntryPoint","urlTemplate":"https:\/\/assist.com.co\/?s={search_term_string}"},"query-input":{"@type":"PropertyValueSpecification","valueRequired":true,"valueName":"search_term_string"}}],"inLanguage":"en-US"}]}},"_links":{"self":[{"href":"https:\/\/assist.com.co\/en\/wp-json\/wp\/v2\/pages\/19183","targetHints":{"allow":["GET"]}}],"collection":[{"href":"https:\/\/assist.com.co\/en\/wp-json\/wp\/v2\/pages"}],"about":[{"href":"https:\/\/assist.com.co\/en\/wp-json\/wp\/v2\/types\/page"}],"author":[{"embeddable":true,"href":"https:\/\/assist.com.co\/en\/wp-json\/wp\/v2\/users\/1"}],"replies":[{"embeddable":true,"href":"https:\/\/assist.com.co\/en\/wp-json\/wp\/v2\/comments?post=19183"}],"version-history":[{"count":5,"href":"https:\/\/assist.com.co\/en\/wp-json\/wp\/v2\/pages\/19183\/revisions"}],"predecessor-version":[{"id":24238,"href":"https:\/\/assist.com.co\/en\/wp-json\/wp\/v2\/pages\/19183\/revisions\/24238"}],"wp:attachment":[{"href":"https:\/\/assist.com.co\/en\/wp-json\/wp\/v2\/media?parent=19183"}],"curies":[{"name":"wp","href":"https:\/\/api.w.org\/{rel}","templated":true}]}}