{"id":19355,"date":"2024-07-31T18:00:20","date_gmt":"2024-07-31T18:00:20","guid":{"rendered":"https:\/\/assist.com.co\/?page_id=19355"},"modified":"2026-02-25T15:38:31","modified_gmt":"2026-02-25T15:38:31","slug":"el-futuro-del-talento-ti-con-inteligencia-artificial","status":"publish","type":"page","link":"https:\/\/assist.com.co\/en\/el-futuro-del-talento-ti-con-inteligencia-artificial\/","title":{"rendered":"El futuro del Talento TI con Inteligencia Artificial"},"content":{"rendered":"<div class=\"et_pb_section_0 et_pb_section et_section_regular et_block_section preset--module--divi-section--default\"><div class=\"et_pb_row_0 et_pb_row et_block_row\"><div class=\"et_pb_column_0 et_pb_column et_pb_column_4_4 et-last-child et_block_column et_pb_css_mix_blend_mode_passthrough\"><div class=\"et_pb_text_0 et_pb_text et_pb_bg_layout_light et_pb_module et_block_module\"><div class=\"et_pb_text_inner\"><h1 style=\"text-align: center;\"><strong>El futuro del Talento TI con Inteligencia Artificial<\/strong><\/h1>\n<\/div><\/div><\/div><\/div><\/div><div class=\"et_pb_section_1 et_pb_section et_section_regular et_block_section preset--module--divi-section--default\"><div class=\"et_pb_row_1 et_pb_row et_block_row\"><div class=\"et_pb_column_1 et_pb_column et_pb_column_4_4 et-last-child et_block_column et_pb_css_mix_blend_mode_passthrough\"><div class=\"et_pb_text_1 et_pb_text et_pb_bg_layout_light et_pb_module et_block_module\"><div class=\"et_pb_text_inner\"><h1 style=\"text-align: center;\"><strong><span style=\"color: #0000ff;\">Agilismo, reducci\u00f3n de costos y crecimiento t\u00e9cnico.<\/span><\/strong><\/h1>\n<\/div><\/div><\/div><\/div><\/div><div class=\"et_pb_section_2 et_pb_section et_section_regular et_block_section preset--module--divi-section--default\"><div class=\"et_pb_row_2 et_pb_row et_block_row\"><div class=\"et_pb_column_2 et_pb_column et_pb_column_1_2 et_block_column et_pb_css_mix_blend_mode_passthrough\"><div class=\"et_pb_image_0 et_pb_image et_pb_module et_block_module\"><span class=\"et_pb_image_wrap\"><img loading=\"lazy\" decoding=\"async\" src=\"https:\/\/assist.com.co\/wp-content\/uploads\/2024\/08\/Webinar-ITOutsourcing-Banner-vertical-web.png\" width=\"1080\" height=\"1920\" srcset=\"https:\/\/assist.com.co\/wp-content\/uploads\/2024\/08\/Webinar-ITOutsourcing-Banner-vertical-web.png 1080w, https:\/\/assist.com.co\/wp-content\/uploads\/2024\/08\/Webinar-ITOutsourcing-Banner-vertical-web-980x1742.png 980w, https:\/\/assist.com.co\/wp-content\/uploads\/2024\/08\/Webinar-ITOutsourcing-Banner-vertical-web-480x853.png 480w\" sizes=\"(min-width: 0px) and (max-width: 480px) 480px, (min-width: 481px) and (max-width: 980px) 980px, (min-width: 981px) 1080px, 100vw\" class=\"wp-image-19442\" title=\"Webinar-ITOutsourcing-Banner-vertical-web\" \/><\/span><\/div><div class=\"et_pb_divider_0 et_pb_divider et_pb_space et_pb_divider_position_top et_pb_module\"><div class=\"et_pb_divider_internal\"><\/div><\/div><div class=\"et_pb_text_2 et_pb_text et_pb_bg_layout_light et_pb_module et_block_module\"><div class=\"et_pb_text_inner\"><h2 style=\"text-align: justify;\"><span style=\"font-weight: 400; color: #ffffff;\">Aprende c\u00f3mo la inteligencia artificial y las metodolog\u00edas \u00e1giles est\u00e1n transformando el talento en la industria TI. Adem\u00e1s, descubre c\u00f3mo puedes reducir costos, evitar errores al seleccionar tus talentos, fomentando el crecimiento t\u00e9cnico y las habilidades blandas.\u00a0\u00a0<\/span><\/h2>\n<\/div><\/div><\/div><div class=\"et_pb_column_3 et_pb_column et_pb_column_1_2 et-last-child et_block_column et_pb_css_mix_blend_mode_passthrough\"><div class=\"et_pb_code_0 et_pb_code et_pb_module\"><div class=\"et_pb_code_inner\"><iframe loading=\"lazy\" src=\"https:\/\/docs.google.com\/forms\/d\/e\/1FAIpQLScgYv9orS1ePKd4IPsJm6uUii1l8FI1C2-XxJr2lx3k2ucNEw\/viewform?embedded=true\" width=\"640\" height=\"900\" frameborder=\"0\" marginheight=\"0\" marginwidth=\"0\">Cargando\u2026<\/iframe><\/div><\/div><div class=\"et_pb_module et_pb_button_module_wrapper et_pb_button_0_wrapper\"><a class=\"et_pb_button_0 et_pb_button et_pb_bg_layout_light et_pb_module et_block_module\" href=\"https:\/\/assist.com.co\/en\/solicitudes\/\">QUIERES SABER M\u00c1S<\/a><\/div><\/div><\/div><\/div>","protected":false},"excerpt":{"rendered":"","protected":false},"author":1,"featured_media":19441,"parent":0,"menu_order":0,"comment_status":"closed","ping_status":"closed","template":"page-template-blank.php","meta":{"inline_featured_image":false,"footnotes":""},"class_list":["post-19355","page","type-page","status-publish","has-post-thumbnail","hentry"],"yoast_head":"<!-- This site is optimized with the Yoast SEO Premium plugin v25.2 (Yoast SEO v27.4) - https:\/\/yoast.com\/product\/yoast-seo-premium-wordpress\/ -->\n<title>El futuro del Talento TI con Inteligencia Artificial - Assist Consultores<\/title>\n<meta name=\"description\" content=\"Aprende c\u00f3mo la inteligencia artificial y las metodolog\u00edas \u00e1giles est\u00e1n transformando el talento en la industria TI.\" \/>\n<meta name=\"robots\" content=\"index, follow, max-snippet:-1, max-image-preview:large, max-video-preview:-1\" \/>\n<link rel=\"canonical\" href=\"https:\/\/assist.com.co\/en\/el-futuro-del-talento-ti-con-inteligencia-artificial\/\" \/>\n<meta property=\"og:locale\" content=\"en_US\" \/>\n<meta property=\"og:type\" content=\"article\" \/>\n<meta property=\"og:title\" content=\"El futuro del Talento TI con Inteligencia Artificial\" \/>\n<meta property=\"og:description\" content=\"Aprende c\u00f3mo la inteligencia artificial y las metodolog\u00edas \u00e1giles est\u00e1n transformando el talento en la industria TI.\" \/>\n<meta property=\"og:url\" content=\"https:\/\/assist.com.co\/en\/el-futuro-del-talento-ti-con-inteligencia-artificial\/\" \/>\n<meta property=\"og:site_name\" content=\"Assist Consultores\" \/>\n<meta property=\"article:modified_time\" content=\"2026-02-25T15:38:31+00:00\" \/>\n<meta property=\"og:image\" content=\"https:\/\/assist.com.co\/wp-content\/uploads\/2024\/08\/Webinar-ITOutsourcing-Banner-Horizontal.png\" \/>\n\t<meta property=\"og:image:width\" content=\"1200\" \/>\n\t<meta property=\"og:image:height\" content=\"519\" \/>\n\t<meta property=\"og:image:type\" content=\"image\/png\" \/>\n<meta name=\"twitter:card\" content=\"summary_large_image\" \/>\n<meta name=\"twitter:label1\" content=\"Est. reading time\" \/>\n\t<meta name=\"twitter:data1\" content=\"1 minute\" \/>\n<script type=\"application\/ld+json\" class=\"yoast-schema-graph\">{\"@context\":\"https:\\\/\\\/schema.org\",\"@graph\":[{\"@type\":\"WebPage\",\"@id\":\"https:\\\/\\\/assist.com.co\\\/el-futuro-del-talento-ti-con-inteligencia-artificial\\\/\",\"url\":\"https:\\\/\\\/assist.com.co\\\/el-futuro-del-talento-ti-con-inteligencia-artificial\\\/\",\"name\":\"El futuro del Talento TI con Inteligencia Artificial - Assist Consultores\",\"isPartOf\":{\"@id\":\"https:\\\/\\\/assist.com.co\\\/#website\"},\"primaryImageOfPage\":{\"@id\":\"https:\\\/\\\/assist.com.co\\\/el-futuro-del-talento-ti-con-inteligencia-artificial\\\/#primaryimage\"},\"image\":{\"@id\":\"https:\\\/\\\/assist.com.co\\\/el-futuro-del-talento-ti-con-inteligencia-artificial\\\/#primaryimage\"},\"thumbnailUrl\":\"https:\\\/\\\/assist.com.co\\\/wp-content\\\/uploads\\\/2024\\\/08\\\/Webinar-ITOutsourcing-Banner-Horizontal.png\",\"datePublished\":\"2024-07-31T18:00:20+00:00\",\"dateModified\":\"2026-02-25T15:38:31+00:00\",\"description\":\"Aprende c\u00f3mo la inteligencia artificial y las metodolog\u00edas \u00e1giles est\u00e1n transformando el talento en la industria TI.\",\"breadcrumb\":{\"@id\":\"https:\\\/\\\/assist.com.co\\\/el-futuro-del-talento-ti-con-inteligencia-artificial\\\/#breadcrumb\"},\"inLanguage\":\"en-US\",\"potentialAction\":[{\"@type\":\"ReadAction\",\"target\":[\"https:\\\/\\\/assist.com.co\\\/el-futuro-del-talento-ti-con-inteligencia-artificial\\\/\"]}]},{\"@type\":\"ImageObject\",\"inLanguage\":\"en-US\",\"@id\":\"https:\\\/\\\/assist.com.co\\\/el-futuro-del-talento-ti-con-inteligencia-artificial\\\/#primaryimage\",\"url\":\"https:\\\/\\\/assist.com.co\\\/wp-content\\\/uploads\\\/2024\\\/08\\\/Webinar-ITOutsourcing-Banner-Horizontal.png\",\"contentUrl\":\"https:\\\/\\\/assist.com.co\\\/wp-content\\\/uploads\\\/2024\\\/08\\\/Webinar-ITOutsourcing-Banner-Horizontal.png\",\"width\":1200,\"height\":519},{\"@type\":\"BreadcrumbList\",\"@id\":\"https:\\\/\\\/assist.com.co\\\/el-futuro-del-talento-ti-con-inteligencia-artificial\\\/#breadcrumb\",\"itemListElement\":[{\"@type\":\"ListItem\",\"position\":1,\"name\":\"Home\",\"item\":\"https:\\\/\\\/assist.com.co\\\/\"},{\"@type\":\"ListItem\",\"position\":2,\"name\":\"El futuro del Talento TI con Inteligencia Artificial\"}]},{\"@type\":\"WebSite\",\"@id\":\"https:\\\/\\\/assist.com.co\\\/#website\",\"url\":\"https:\\\/\\\/assist.com.co\\\/\",\"name\":\"Assist Consultores\",\"description\":\"Transformando Capacidades Empresariales en Sistemas Innovadores\",\"potentialAction\":[{\"@type\":\"SearchAction\",\"target\":{\"@type\":\"EntryPoint\",\"urlTemplate\":\"https:\\\/\\\/assist.com.co\\\/?s={search_term_string}\"},\"query-input\":{\"@type\":\"PropertyValueSpecification\",\"valueRequired\":true,\"valueName\":\"search_term_string\"}}],\"inLanguage\":\"en-US\"}]}<\/script>\n<!-- \/ Yoast SEO Premium plugin. -->","yoast_head_json":{"title":"El futuro del Talento TI con Inteligencia Artificial - Assist Consultores","description":"Aprende c\u00f3mo la inteligencia artificial y las metodolog\u00edas \u00e1giles est\u00e1n transformando el talento en la industria TI.","robots":{"index":"index","follow":"follow","max-snippet":"max-snippet:-1","max-image-preview":"max-image-preview:large","max-video-preview":"max-video-preview:-1"},"canonical":"https:\/\/assist.com.co\/en\/el-futuro-del-talento-ti-con-inteligencia-artificial\/","og_locale":"en_US","og_type":"article","og_title":"El futuro del Talento TI con Inteligencia Artificial","og_description":"Aprende c\u00f3mo la inteligencia artificial y las metodolog\u00edas \u00e1giles est\u00e1n transformando el talento en la industria TI.","og_url":"https:\/\/assist.com.co\/en\/el-futuro-del-talento-ti-con-inteligencia-artificial\/","og_site_name":"Assist Consultores","article_modified_time":"2026-02-25T15:38:31+00:00","og_image":[{"width":1200,"height":519,"url":"https:\/\/assist.com.co\/wp-content\/uploads\/2024\/08\/Webinar-ITOutsourcing-Banner-Horizontal.png","type":"image\/png"}],"twitter_card":"summary_large_image","twitter_misc":{"Est. reading time":"1 minute"},"schema":{"@context":"https:\/\/schema.org","@graph":[{"@type":"WebPage","@id":"https:\/\/assist.com.co\/el-futuro-del-talento-ti-con-inteligencia-artificial\/","url":"https:\/\/assist.com.co\/el-futuro-del-talento-ti-con-inteligencia-artificial\/","name":"El futuro del Talento TI con Inteligencia Artificial - Assist Consultores","isPartOf":{"@id":"https:\/\/assist.com.co\/#website"},"primaryImageOfPage":{"@id":"https:\/\/assist.com.co\/el-futuro-del-talento-ti-con-inteligencia-artificial\/#primaryimage"},"image":{"@id":"https:\/\/assist.com.co\/el-futuro-del-talento-ti-con-inteligencia-artificial\/#primaryimage"},"thumbnailUrl":"https:\/\/assist.com.co\/wp-content\/uploads\/2024\/08\/Webinar-ITOutsourcing-Banner-Horizontal.png","datePublished":"2024-07-31T18:00:20+00:00","dateModified":"2026-02-25T15:38:31+00:00","description":"Aprende c\u00f3mo la inteligencia artificial y las metodolog\u00edas \u00e1giles est\u00e1n transformando el talento en la industria TI.","breadcrumb":{"@id":"https:\/\/assist.com.co\/el-futuro-del-talento-ti-con-inteligencia-artificial\/#breadcrumb"},"inLanguage":"en-US","potentialAction":[{"@type":"ReadAction","target":["https:\/\/assist.com.co\/el-futuro-del-talento-ti-con-inteligencia-artificial\/"]}]},{"@type":"ImageObject","inLanguage":"en-US","@id":"https:\/\/assist.com.co\/el-futuro-del-talento-ti-con-inteligencia-artificial\/#primaryimage","url":"https:\/\/assist.com.co\/wp-content\/uploads\/2024\/08\/Webinar-ITOutsourcing-Banner-Horizontal.png","contentUrl":"https:\/\/assist.com.co\/wp-content\/uploads\/2024\/08\/Webinar-ITOutsourcing-Banner-Horizontal.png","width":1200,"height":519},{"@type":"BreadcrumbList","@id":"https:\/\/assist.com.co\/el-futuro-del-talento-ti-con-inteligencia-artificial\/#breadcrumb","itemListElement":[{"@type":"ListItem","position":1,"name":"Home","item":"https:\/\/assist.com.co\/"},{"@type":"ListItem","position":2,"name":"El futuro del Talento TI con Inteligencia Artificial"}]},{"@type":"WebSite","@id":"https:\/\/assist.com.co\/#website","url":"https:\/\/assist.com.co\/","name":"Assist Consultores","description":"Transformando Capacidades Empresariales en Sistemas Innovadores","potentialAction":[{"@type":"SearchAction","target":{"@type":"EntryPoint","urlTemplate":"https:\/\/assist.com.co\/?s={search_term_string}"},"query-input":{"@type":"PropertyValueSpecification","valueRequired":true,"valueName":"search_term_string"}}],"inLanguage":"en-US"}]}},"_links":{"self":[{"href":"https:\/\/assist.com.co\/en\/wp-json\/wp\/v2\/pages\/19355","targetHints":{"allow":["GET"]}}],"collection":[{"href":"https:\/\/assist.com.co\/en\/wp-json\/wp\/v2\/pages"}],"about":[{"href":"https:\/\/assist.com.co\/en\/wp-json\/wp\/v2\/types\/page"}],"author":[{"embeddable":true,"href":"https:\/\/assist.com.co\/en\/wp-json\/wp\/v2\/users\/1"}],"replies":[{"embeddable":true,"href":"https:\/\/assist.com.co\/en\/wp-json\/wp\/v2\/comments?post=19355"}],"version-history":[{"count":6,"href":"https:\/\/assist.com.co\/en\/wp-json\/wp\/v2\/pages\/19355\/revisions"}],"predecessor-version":[{"id":24240,"href":"https:\/\/assist.com.co\/en\/wp-json\/wp\/v2\/pages\/19355\/revisions\/24240"}],"wp:featuredmedia":[{"embeddable":true,"href":"https:\/\/assist.com.co\/en\/wp-json\/wp\/v2\/media\/19441"}],"wp:attachment":[{"href":"https:\/\/assist.com.co\/en\/wp-json\/wp\/v2\/media?parent=19355"}],"curies":[{"name":"wp","href":"https:\/\/api.w.org\/{rel}","templated":true}]}}