{"id":19399,"date":"2024-08-06T20:01:19","date_gmt":"2024-08-06T20:01:19","guid":{"rendered":"https:\/\/assist.com.co\/?page_id=19399"},"modified":"2026-02-25T15:38:35","modified_gmt":"2026-02-25T15:38:35","slug":"caso-de-exito-hospital-pablo-tobon-uribe","status":"publish","type":"page","link":"https:\/\/assist.com.co\/en\/caso-de-exito-hospital-pablo-tobon-uribe\/","title":{"rendered":"caso de \u00e9xito hospital Pablo Tob\u00f3n Uribe"},"content":{"rendered":"<div class=\"et_pb_section_0 et_pb_section et_section_regular et_block_section et_animated preset--module--divi-section--default\"><div class=\"et_pb_row_0 et_pb_row et_block_row\"><div class=\"et_pb_column_0 et_pb_column et_pb_column_3_5 et_block_column et_pb_css_mix_blend_mode_passthrough\"><div class=\"et_pb_text_0 et_pb_text et_pb_bg_layout_light et_pb_module et_block_module\"><div class=\"et_pb_text_inner\"><h1><span style=\"color: #33cccc;\"><strong>Caso de \u00e9xito<\/strong><\/span><\/h1>\n<\/div><\/div><div class=\"et_pb_text_1 et_pb_text et_pb_bg_layout_light et_pb_module et_block_module preset--module--divi-text--cf83ac60-b788-4ed7-9a23-6930fb9dc76f\"><div class=\"et_pb_text_inner\"><h1>Hiperautomatizaci\u00f3n en salud<\/h1>\n<\/div><\/div><div class=\"et_pb_text_2 et_pb_text et_pb_bg_layout_light et_pb_module et_block_module preset--module--divi-text--c1da2c90-d22e-4910-a901-b2633b384002\"><div class=\"et_pb_text_inner\"><h1>C\u00f3mo Ia Automatizaci\u00f3n redujo en m\u00e1s de un <strong><span style=\"color: #33cccc;\">50% las horas de trabajo<\/span><\/strong> repetitivas de un hospital.<\/h1>\n<\/div><\/div><div class=\"et_pb_module et_pb_button_module_wrapper et_pb_button_0_wrapper\"><a class=\"et_pb_button_0 et_pb_button et_pb_bg_layout_light et_pb_module et_block_module\" href=\"https:\/\/assist.com.co\/en\/solicitudes\/\">SOLICITA UNA DEMO<\/a><\/div><div class=\"et_pb_image_0 et_pb_image et_pb_module et_block_module\"><span class=\"et_pb_image_wrap\"><img loading=\"lazy\" decoding=\"async\" src=\"https:\/\/assist.com.co\/wp-content\/uploads\/2024\/08\/Untitled_design_47_420x.webp\" width=\"420\" height=\"140\" srcset=\"https:\/\/assist.com.co\/wp-content\/uploads\/2024\/08\/Untitled_design_47_420x.webp 420w, https:\/\/assist.com.co\/wp-content\/uploads\/2024\/08\/Untitled_design_47_420x-300x100.webp 300w, https:\/\/assist.com.co\/wp-content\/uploads\/2024\/08\/Untitled_design_47_420x-18x6.webp 18w\" sizes=\"(max-width: 420px) 100vw, 420px\" class=\"wp-image-19414\" title=\"Untitled_design_47_420x\" \/><\/span><\/div><\/div><div class=\"et_pb_column_1 et_pb_column et_pb_column_2_5 et-last-child et_block_column et_pb_css_mix_blend_mode_passthrough\"><div class=\"et_pb_image_1 et_pb_image et_pb_module et_block_module\"><span class=\"et_pb_image_wrap\"><img loading=\"lazy\" decoding=\"async\" src=\"https:\/\/assist.com.co\/wp-content\/uploads\/2024\/08\/assist-rocket-bot.png\" width=\"1080\" height=\"610\" srcset=\"https:\/\/assist.com.co\/wp-content\/uploads\/2024\/08\/assist-rocket-bot.png 1080w, https:\/\/assist.com.co\/wp-content\/uploads\/2024\/08\/assist-rocket-bot-980x554.png 980w, https:\/\/assist.com.co\/wp-content\/uploads\/2024\/08\/assist-rocket-bot-480x271.png 480w\" sizes=\"(min-width: 0px) and (max-width: 480px) 480px, (min-width: 481px) and (max-width: 980px) 980px, (min-width: 981px) 1080px, 100vw\" class=\"wp-image-19408\" title=\"assist-rocket-bot\" alt=\"assist-rocket-bot\" \/><\/span><\/div><div class=\"et_pb_image_2 et_pb_image et_pb_module et_block_module\"><span class=\"et_pb_image_wrap\"><img loading=\"lazy\" decoding=\"async\" src=\"https:\/\/assist.com.co\/wp-content\/uploads\/2024\/08\/hiperautomatizacion.webp\" width=\"2000\" height=\"1333\" srcset=\"https:\/\/assist.com.co\/wp-content\/uploads\/2024\/08\/hiperautomatizacion.webp 2000w, https:\/\/assist.com.co\/wp-content\/uploads\/2024\/08\/hiperautomatizacion-1280x853.webp 1280w, https:\/\/assist.com.co\/wp-content\/uploads\/2024\/08\/hiperautomatizacion-980x653.webp 980w, https:\/\/assist.com.co\/wp-content\/uploads\/2024\/08\/hiperautomatizacion-480x320.webp 480w\" sizes=\"(min-width: 0px) and (max-width: 480px) 480px, (min-width: 481px) and (max-width: 980px) 980px, (min-width: 981px) and (max-width: 1280px) 1280px, (min-width: 1281px) 2000px, 100vw\" class=\"wp-image-19407\" title=\"hiperautomatizaci\u00f3n\" alt=\"hiperautomatizaci\u00f3n\" \/><\/span><\/div><\/div><\/div><\/div><div class=\"et_pb_section_1 et_pb_section et_section_specialty et_pb_equal_columns et_pb_gutters1 et_block_section section_has_divider et_pb_top_divider et_pb_bottom_divider\"><div class=\"et_pb_top_inside_divider et-no-transition\"><\/div><div class=\"et_pb_row et_block_row\"><div class=\"et_pb_column_2 et_pb_column et_pb_specialty_column et_pb_column_1_2 et_block_column et_pb_css_mix_blend_mode_passthrough\"><div class=\"et_pb_row_inner_0 et_pb_row_inner et_block_row\"><div class=\"et_pb_column_inner_0 et_pb_column_inner et_pb_column et_pb_column_4_4 et-last-child et_block_column et_pb_css_mix_blend_mode_passthrough\"><div class=\"et_pb_text_3 et_pb_text et_pb_bg_layout_light et_pb_module et_block_module preset--module--divi-text--0c390abd-3768-4076-8ea4-465a4dae0341\"><div class=\"et_pb_text_inner\"><h1><span style=\"color: #ff0000;\"><b>Facturaci\u00f3n (Armado de cuenta)<\/b><\/span><\/h1>\n<\/div><\/div><div class=\"et_pb_text_4 et_pb_text et_pb_bg_layout_light et_pb_module et_block_module preset--module--divi-text--343c5a4a-82cb-4ef5-9539-bab188e843dc\"><div class=\"et_pb_text_inner\"><h2 style=\"text-align: justify;\"><span style=\"font-weight: 400;\">El proceso de facturaci\u00f3n se encarga de <\/span><b>descargar para cada una de sus facturas<\/b> <b>una serie de anexos<\/b><span style=\"font-weight: 400;\"> requeridos para ser adjuntados a dicha factura y poder radicar ante responsable de pago<\/span><\/h2>\n<\/div><\/div><\/div><\/div><div class=\"et_pb_row_inner_1 et_pb_row_inner et_block_row\"><div class=\"et_pb_column_inner_1 et_pb_column_inner et_pb_column et_pb_column_4_4 et-last-child et_block_column et_pb_css_mix_blend_mode_passthrough\"><div class=\"et_pb_text_5 et_pb_text et_pb_bg_layout_light et_pb_module et_block_module preset--module--divi-text--0c390abd-3768-4076-8ea4-465a4dae0341\"><div class=\"et_pb_text_inner\"><h2><span style=\"color: #ff0000;\"><b>Dolor del cliente<\/b><\/span><\/h2>\n<\/div><\/div><div class=\"et_pb_text_6 et_pb_text et_pb_bg_layout_light et_pb_module et_block_module preset--module--divi-text--343c5a4a-82cb-4ef5-9539-bab188e843dc\"><div class=\"et_pb_text_inner\"><h2 style=\"text-align: justify;\"><span style=\"color: #000000;\">La cantidad de tiempo que se tardaba en armar cada factura, la cantidad de personas haciendo ese trabajo operativo y la custodia de facturas debido a la cantidad de anexos requeridos para cada factura.<\/span><\/h2>\n<\/div><\/div><\/div><\/div><div class=\"et_pb_row_inner_2 et_pb_row_inner et_block_row\"><div class=\"et_pb_column_inner_2 et_pb_column_inner et_pb_column et_pb_column_4_4 et-last-child et_block_column et_pb_css_mix_blend_mode_passthrough\"><div class=\"et_pb_text_7 et_pb_text et_pb_bg_layout_light et_pb_module et_block_module preset--module--divi-text--0c390abd-3768-4076-8ea4-465a4dae0341\"><div class=\"et_pb_text_inner\"><h1><span style=\"color: #ff0000;\"><b>Principales retos\u00a0<\/b><\/span><\/h1>\n<\/div><\/div><div class=\"et_pb_text_8 et_pb_text et_pb_bg_layout_light et_pb_module et_block_module preset--module--divi-text--343c5a4a-82cb-4ef5-9539-bab188e843dc\"><div class=\"et_pb_text_inner\"><h2 style=\"text-align: justify;\">La cantidad de tiempo que se tardaba en armar cada factura, la cantidad de personas haciendo ese trabajo operativo y la custodia de facturas debido a la cantidad de anexos requeridos para cada factura.<\/h2>\n<\/div><\/div><\/div><\/div><\/div><div class=\"et_pb_column_3 et_pb_column et_pb_column_single et_pb_column_1_2 et-last-child et_block_column et_pb_css_mix_blend_mode_passthrough\"><div class=\"et_pb_text_9 et_pb_text et_pb_bg_layout_light et_pb_module et_block_module\"><div class=\"et_pb_text_inner\"><h1><span style=\"color: #ffffff;\">ANTES DE AUTOMATIZAR<\/span><\/h1>\n<\/div><\/div><div class=\"et_pb_text_10 et_pb_text et_pb_bg_layout_light et_pb_module et_block_module preset--module--divi-text--196dfa07-a6bd-48c7-aa99-2aa20235e229\"><div class=\"et_pb_text_inner\"><h1 style=\"text-align: justify;\"><span style=\"color: #ffffff;\"><b>Custodia facturas y armado de cuenta antes de automatizar realizado por 15 Revisores de cuenta\u00a0 aproximadamente<\/b><\/span><\/h1>\n<\/div><\/div><div class=\"et_pb_image_3 et_pb_image et_pb_module et_block_module\"><span class=\"et_pb_image_wrap\"><img loading=\"lazy\" decoding=\"async\" src=\"https:\/\/assist.com.co\/wp-content\/uploads\/2024\/08\/18555.webp\" width=\"2000\" height=\"1256\" srcset=\"https:\/\/assist.com.co\/wp-content\/uploads\/2024\/08\/18555.webp 2000w, https:\/\/assist.com.co\/wp-content\/uploads\/2024\/08\/18555-1280x804.webp 1280w, https:\/\/assist.com.co\/wp-content\/uploads\/2024\/08\/18555-980x615.webp 980w, https:\/\/assist.com.co\/wp-content\/uploads\/2024\/08\/18555-480x301.webp 480w\" sizes=\"(min-width: 0px) and (max-width: 480px) 480px, (min-width: 481px) and (max-width: 980px) 980px, (min-width: 981px) and (max-width: 1280px) 1280px, (min-width: 1281px) 2000px, 100vw\" class=\"wp-image-19416\" title=\"18555\" \/><\/span><\/div><div class=\"et_pb_module et_pb_button_module_wrapper et_pb_button_2_wrapper\"><a class=\"et_pb_button_2 et_pb_button et_pb_bg_layout_light et_pb_module et_block_module\" href=\"https:\/\/assist.com.co\/en\/solicitudes\/\">CONTACT US<\/a><\/div><\/div><\/div><div class=\"et_pb_bottom_inside_divider et-no-transition\"><\/div><\/div><div class=\"et_pb_section_2 et_pb_section et_section_regular et_block_section et_animated section_has_divider et_pb_top_divider preset--module--divi-section--default\"><div class=\"et_pb_top_inside_divider et-no-transition\"><\/div><div class=\"et_pb_row_1 et_pb_row et_block_row\"><div class=\"et_pb_column_4 et_pb_column et_pb_column_4_4 et-last-child et_block_column et_pb_css_mix_blend_mode_passthrough\"><div class=\"et_pb_text_11 et_pb_text et_pb_bg_layout_light et_pb_module et_block_module preset--module--divi-text--cf83ac60-b788-4ed7-9a23-6930fb9dc76f\"><div class=\"et_pb_text_inner\"><h1>Solution<\/h1>\n<\/div><\/div><\/div><\/div><div class=\"et_pb_row_2 et_pb_row et_block_row\"><div class=\"et_pb_column_5 et_pb_column et_pb_column_1_2 et_block_column et_pb_css_mix_blend_mode_passthrough\"><div class=\"et_pb_text_12 et_pb_text et_pb_bg_layout_light et_pb_module et_block_module\"><div class=\"et_pb_text_inner\"><h2 style=\"text-align: justify;\">Con los <strong><span style=\"color: #ff0000;\">Robots<\/span><\/strong> se ha logrado disminuci\u00f3n en tiempo de armado de la cuenta de la factura de <span style=\"color: #ff0000;\"><strong>15 minutos aproximadamente a 3 minutos<\/strong><\/span>\u00a0 por factura y sus respectivos anexos ( Entre 5 y 15 documentos a cada factura)\u00a0 400% m\u00e1s eficientes que antes.<\/h2>\n<\/div><\/div><\/div><div class=\"et_pb_column_6 et_pb_column et_pb_column_1_2 et-last-child et_block_column et_pb_css_mix_blend_mode_passthrough\"><div class=\"et_pb_image_4 et_pb_image et_pb_module et_block_module\"><span class=\"et_pb_image_wrap\"><img loading=\"lazy\" decoding=\"async\" src=\"https:\/\/assist.com.co\/wp-content\/uploads\/2024\/08\/lindo-robot-esferico-ojos-grandes-blanco.webp\" width=\"2000\" height=\"2000\" srcset=\"https:\/\/assist.com.co\/wp-content\/uploads\/2024\/08\/lindo-robot-esferico-ojos-grandes-blanco.webp 2000w, https:\/\/assist.com.co\/wp-content\/uploads\/2024\/08\/lindo-robot-esferico-ojos-grandes-blanco-1280x1280.webp 1280w, https:\/\/assist.com.co\/wp-content\/uploads\/2024\/08\/lindo-robot-esferico-ojos-grandes-blanco-980x980.webp 980w, https:\/\/assist.com.co\/wp-content\/uploads\/2024\/08\/lindo-robot-esferico-ojos-grandes-blanco-480x480.webp 480w\" sizes=\"(min-width: 0px) and (max-width: 480px) 480px, (min-width: 481px) and (max-width: 980px) 980px, (min-width: 981px) and (max-width: 1280px) 1280px, (min-width: 1281px) 2000px, 100vw\" class=\"wp-image-19417\" title=\"hiperautomatizaci\u00f3n\" alt=\"hiperautomatizaci\u00f3n\" \/><\/span><\/div><\/div><\/div><div class=\"et_pb_row_3 et_pb_row et_block_row\"><div class=\"et_pb_column_7 et_pb_column et_pb_column_4_4 et-last-child et_block_column et_pb_css_mix_blend_mode_passthrough\"><div class=\"et_pb_text_13 et_pb_text et_pb_bg_layout_light et_pb_module et_block_module preset--module--divi-text--cf83ac60-b788-4ed7-9a23-6930fb9dc76f\"><div class=\"et_pb_text_inner\"><h1>Benefit<\/h1>\n<\/div><\/div><\/div><\/div><div class=\"et_pb_row_4 et_pb_row et_block_row\"><div class=\"et_pb_column_8 et_pb_column et_pb_column_1_2 et_block_column et_pb_css_mix_blend_mode_passthrough\"><div class=\"et_pb_number_counter_0 et_pb_number_counter et_pb_bg_layout_light et_pb_text_align_center et_pb_with_title et_pb_module et_block_module\"><div class=\"percent\"><p><span class=\"percent-value\"><\/span><span class=\"percent-sign\"><\/span><\/p><\/div><h3 class=\"title\">Ahorro de horas mensuales<\/h3><\/div><\/div><div class=\"et_pb_column_9 et_pb_column et_pb_column_1_2 et-last-child et_block_column et_pb_css_mix_blend_mode_passthrough\"><div class=\"et_pb_number_counter_1 et_pb_number_counter et_pb_bg_layout_light et_pb_text_align_center et_pb_with_title et_pb_module et_block_module\"><div class=\"percent\"><p><span class=\"percent-value\"><\/span><span class=\"percent-sign\"><\/span><\/p><\/div><h3 class=\"title\">Registros procesados anualmente<\/h3><\/div><div class=\"et_pb_module et_pb_button_module_wrapper et_pb_button_3_wrapper\"><a class=\"et_pb_button_3 et_pb_button et_pb_bg_layout_light et_pb_module et_block_module\" href=\"https:\/\/assist.com.co\/en\/solicitudes\/\">Speak with an Expert<\/a><\/div><\/div><\/div><\/div>","protected":false},"excerpt":{"rendered":"","protected":false},"author":1,"featured_media":0,"parent":0,"menu_order":0,"comment_status":"closed","ping_status":"closed","template":"","meta":{"inline_featured_image":false,"footnotes":""},"class_list":["post-19399","page","type-page","status-publish","hentry"],"yoast_head":"<!-- This site is optimized with the Yoast SEO Premium plugin v25.2 (Yoast SEO v27.4) - https:\/\/yoast.com\/product\/yoast-seo-premium-wordpress\/ -->\n<title>caso de \u00e9xito hospital Pablo Tob\u00f3n Uribe - Assist Consultores<\/title>\n<meta name=\"description\" content=\"C\u00f3mo la Automatizaci\u00f3n redujo enm\u00e1s de un 50% las horas de trabajorepetitivas de un hospital.\" \/>\n<meta name=\"robots\" content=\"index, follow, max-snippet:-1, max-image-preview:large, max-video-preview:-1\" \/>\n<link rel=\"canonical\" href=\"https:\/\/assist.com.co\/en\/caso-de-exito-hospital-pablo-tobon-uribe\/\" \/>\n<meta property=\"og:locale\" content=\"en_US\" \/>\n<meta property=\"og:type\" content=\"article\" \/>\n<meta property=\"og:title\" content=\"caso de \u00e9xito hospital Pablo Tob\u00f3n Uribe\" \/>\n<meta property=\"og:description\" content=\"C\u00f3mo la Automatizaci\u00f3n redujo enm\u00e1s de un 50% las horas de trabajorepetitivas de un hospital.\" \/>\n<meta property=\"og:url\" content=\"https:\/\/assist.com.co\/en\/caso-de-exito-hospital-pablo-tobon-uribe\/\" \/>\n<meta property=\"og:site_name\" content=\"Assist Consultores\" \/>\n<meta property=\"article:modified_time\" content=\"2026-02-25T15:38:35+00:00\" \/>\n<meta name=\"twitter:card\" content=\"summary_large_image\" \/>\n<meta name=\"twitter:label1\" content=\"Est. reading time\" \/>\n\t<meta name=\"twitter:data1\" content=\"2 minutes\" \/>\n<script type=\"application\/ld+json\" class=\"yoast-schema-graph\">{\"@context\":\"https:\\\/\\\/schema.org\",\"@graph\":[{\"@type\":\"WebPage\",\"@id\":\"https:\\\/\\\/assist.com.co\\\/caso-de-exito-hospital-pablo-tobon-uribe\\\/\",\"url\":\"https:\\\/\\\/assist.com.co\\\/caso-de-exito-hospital-pablo-tobon-uribe\\\/\",\"name\":\"caso de \u00e9xito hospital Pablo Tob\u00f3n Uribe - Assist Consultores\",\"isPartOf\":{\"@id\":\"https:\\\/\\\/assist.com.co\\\/#website\"},\"datePublished\":\"2024-08-06T20:01:19+00:00\",\"dateModified\":\"2026-02-25T15:38:35+00:00\",\"description\":\"C\u00f3mo la Automatizaci\u00f3n redujo enm\u00e1s de un 50% las horas de trabajorepetitivas de un hospital.\",\"breadcrumb\":{\"@id\":\"https:\\\/\\\/assist.com.co\\\/caso-de-exito-hospital-pablo-tobon-uribe\\\/#breadcrumb\"},\"inLanguage\":\"en-US\",\"potentialAction\":[{\"@type\":\"ReadAction\",\"target\":[\"https:\\\/\\\/assist.com.co\\\/caso-de-exito-hospital-pablo-tobon-uribe\\\/\"]}]},{\"@type\":\"BreadcrumbList\",\"@id\":\"https:\\\/\\\/assist.com.co\\\/caso-de-exito-hospital-pablo-tobon-uribe\\\/#breadcrumb\",\"itemListElement\":[{\"@type\":\"ListItem\",\"position\":1,\"name\":\"Home\",\"item\":\"https:\\\/\\\/assist.com.co\\\/\"},{\"@type\":\"ListItem\",\"position\":2,\"name\":\"caso de \u00e9xito hospital Pablo Tob\u00f3n Uribe\"}]},{\"@type\":\"WebSite\",\"@id\":\"https:\\\/\\\/assist.com.co\\\/#website\",\"url\":\"https:\\\/\\\/assist.com.co\\\/\",\"name\":\"Assist Consultores\",\"description\":\"Transformando Capacidades Empresariales en Sistemas Innovadores\",\"potentialAction\":[{\"@type\":\"SearchAction\",\"target\":{\"@type\":\"EntryPoint\",\"urlTemplate\":\"https:\\\/\\\/assist.com.co\\\/?s={search_term_string}\"},\"query-input\":{\"@type\":\"PropertyValueSpecification\",\"valueRequired\":true,\"valueName\":\"search_term_string\"}}],\"inLanguage\":\"en-US\"}]}<\/script>\n<!-- \/ Yoast SEO Premium plugin. -->","yoast_head_json":{"title":"caso de \u00e9xito hospital Pablo Tob\u00f3n Uribe - Assist Consultores","description":"C\u00f3mo la Automatizaci\u00f3n redujo enm\u00e1s de un 50% las horas de trabajorepetitivas de un hospital.","robots":{"index":"index","follow":"follow","max-snippet":"max-snippet:-1","max-image-preview":"max-image-preview:large","max-video-preview":"max-video-preview:-1"},"canonical":"https:\/\/assist.com.co\/en\/caso-de-exito-hospital-pablo-tobon-uribe\/","og_locale":"en_US","og_type":"article","og_title":"caso de \u00e9xito hospital Pablo Tob\u00f3n Uribe","og_description":"C\u00f3mo la Automatizaci\u00f3n redujo enm\u00e1s de un 50% las horas de trabajorepetitivas de un hospital.","og_url":"https:\/\/assist.com.co\/en\/caso-de-exito-hospital-pablo-tobon-uribe\/","og_site_name":"Assist Consultores","article_modified_time":"2026-02-25T15:38:35+00:00","twitter_card":"summary_large_image","twitter_misc":{"Est. reading time":"2 minutes"},"schema":{"@context":"https:\/\/schema.org","@graph":[{"@type":"WebPage","@id":"https:\/\/assist.com.co\/caso-de-exito-hospital-pablo-tobon-uribe\/","url":"https:\/\/assist.com.co\/caso-de-exito-hospital-pablo-tobon-uribe\/","name":"caso de \u00e9xito hospital Pablo Tob\u00f3n Uribe - Assist Consultores","isPartOf":{"@id":"https:\/\/assist.com.co\/#website"},"datePublished":"2024-08-06T20:01:19+00:00","dateModified":"2026-02-25T15:38:35+00:00","description":"C\u00f3mo la Automatizaci\u00f3n redujo enm\u00e1s de un 50% las horas de trabajorepetitivas de un hospital.","breadcrumb":{"@id":"https:\/\/assist.com.co\/caso-de-exito-hospital-pablo-tobon-uribe\/#breadcrumb"},"inLanguage":"en-US","potentialAction":[{"@type":"ReadAction","target":["https:\/\/assist.com.co\/caso-de-exito-hospital-pablo-tobon-uribe\/"]}]},{"@type":"BreadcrumbList","@id":"https:\/\/assist.com.co\/caso-de-exito-hospital-pablo-tobon-uribe\/#breadcrumb","itemListElement":[{"@type":"ListItem","position":1,"name":"Home","item":"https:\/\/assist.com.co\/"},{"@type":"ListItem","position":2,"name":"caso de \u00e9xito hospital Pablo Tob\u00f3n Uribe"}]},{"@type":"WebSite","@id":"https:\/\/assist.com.co\/#website","url":"https:\/\/assist.com.co\/","name":"Assist Consultores","description":"Transformando Capacidades Empresariales en Sistemas Innovadores","potentialAction":[{"@type":"SearchAction","target":{"@type":"EntryPoint","urlTemplate":"https:\/\/assist.com.co\/?s={search_term_string}"},"query-input":{"@type":"PropertyValueSpecification","valueRequired":true,"valueName":"search_term_string"}}],"inLanguage":"en-US"}]}},"_links":{"self":[{"href":"https:\/\/assist.com.co\/en\/wp-json\/wp\/v2\/pages\/19399","targetHints":{"allow":["GET"]}}],"collection":[{"href":"https:\/\/assist.com.co\/en\/wp-json\/wp\/v2\/pages"}],"about":[{"href":"https:\/\/assist.com.co\/en\/wp-json\/wp\/v2\/types\/page"}],"author":[{"embeddable":true,"href":"https:\/\/assist.com.co\/en\/wp-json\/wp\/v2\/users\/1"}],"replies":[{"embeddable":true,"href":"https:\/\/assist.com.co\/en\/wp-json\/wp\/v2\/comments?post=19399"}],"version-history":[{"count":6,"href":"https:\/\/assist.com.co\/en\/wp-json\/wp\/v2\/pages\/19399\/revisions"}],"predecessor-version":[{"id":24242,"href":"https:\/\/assist.com.co\/en\/wp-json\/wp\/v2\/pages\/19399\/revisions\/24242"}],"wp:attachment":[{"href":"https:\/\/assist.com.co\/en\/wp-json\/wp\/v2\/media?parent=19399"}],"curies":[{"name":"wp","href":"https:\/\/api.w.org\/{rel}","templated":true}]}}