{"id":19770,"date":"2024-09-11T16:50:27","date_gmt":"2024-09-11T16:50:27","guid":{"rendered":"https:\/\/assist.com.co\/?page_id=19770"},"modified":"2026-02-25T15:39:06","modified_gmt":"2026-02-25T15:39:06","slug":"hiper-automatizacion-ia-barranquilla","status":"publish","type":"page","link":"https:\/\/assist.com.co\/en\/hiper-automatizacion-ia-barranquilla\/","title":{"rendered":"Hiper Automatizaci\u00f3n + IA-Barranquilla"},"content":{"rendered":"<div class=\"et_pb_section_0 et_pb_section et_section_regular et_block_section preset--module--divi-section--default\"><div class=\"et_pb_row_0 et_pb_row et_block_row\"><div class=\"et_pb_column_0 et_pb_column et_pb_column_4_4 et-last-child et_block_column et_pb_css_mix_blend_mode_passthrough\"><div class=\"et_pb_text_0 et_pb_text et_pb_bg_layout_light et_pb_module et_block_module\"><div class=\"et_pb_text_inner\"><h1 style=\"text-align: center;\"><strong style=\"font-size: 49px;\"><span style=\"color: #333399;\"><b><i><span>\ud83d\ude80<\/span>Prep\u00e1rate para un encuentro que no te puedes perder<\/i><\/b>\u00a0-\u00a0<b><i>Barranquilla<span>\ud83e\udd16<\/span><\/i><\/b><\/span>\u00a0<\/strong><\/h1>\n<\/div><\/div><\/div><\/div><\/div><div class=\"et_pb_section_1 et_pb_section et_section_regular et_block_section preset--module--divi-section--default\"><div class=\"et_pb_row_1 et_pb_row et_block_row\"><div class=\"et_pb_column_1 et_pb_column et_pb_column_4_4 et-last-child et_block_column et_pb_css_mix_blend_mode_passthrough\"><div class=\"et_pb_text_1 et_pb_text et_pb_bg_layout_light et_pb_module et_block_module\"><div class=\"et_pb_text_inner\"><h1 style=\"text-align: center;\"><span style=\"color: #ffffff;\"><strong><em>FinOps - Observabilidad - Automatizaci\u00f3n Cloud<\/em><\/strong><\/span><\/h1>\n<\/div><\/div><\/div><\/div><div class=\"et_pb_row_2 et_pb_row et_block_row\"><div class=\"et_pb_column_2 et_pb_column et_pb_column_1_2 et_block_column et_pb_css_mix_blend_mode_passthrough\"><div class=\"et_pb_image_0 et_pb_image et_pb_module et_block_module\"><span class=\"et_pb_image_wrap\"><img loading=\"lazy\" decoding=\"async\" src=\"https:\/\/assist.com.co\/wp-content\/uploads\/2024\/09\/EVENTO-barranquilla-1.png\" width=\"1080\" height=\"1199\" srcset=\"https:\/\/assist.com.co\/wp-content\/uploads\/2024\/09\/EVENTO-barranquilla-1.png 1080w, https:\/\/assist.com.co\/wp-content\/uploads\/2024\/09\/EVENTO-barranquilla-1-980x1088.png 980w, https:\/\/assist.com.co\/wp-content\/uploads\/2024\/09\/EVENTO-barranquilla-1-480x533.png 480w\" sizes=\"(min-width: 0px) and (max-width: 480px) 480px, (min-width: 481px) and (max-width: 980px) 980px, (min-width: 981px) 1080px, 100vw\" class=\"wp-image-19778\" title=\"EVENTO-barranquilla\" alt=\"automatizaci\u00f3n\" \/><\/span><\/div><div class=\"et_pb_text_2 et_pb_text et_pb_bg_layout_light et_pb_module et_block_module\"><div class=\"et_pb_text_inner\"><h1 data-pm-slice=\"1 1 []\" style=\"text-align: justify;\"><span style=\"color: #ffffff;\"><strong><em>Acomp\u00e1\u00f1anos para descubrir:<\/em><\/strong><\/span><\/h1>\n<h2 data-pm-slice=\"1 1 []\" style=\"text-align: justify;\"><span style=\"color: #ffffff;\"><em><strong>\u2728 Las \u00faltimas tendencias en integraci\u00f3n \u00e1gil y automatizaci\u00f3n.<\/strong><\/em><\/span><\/h2>\n<h2 style=\"text-align: justify;\"><span style=\"color: #ffffff;\"><em><strong>\u2728 Casos de \u00e9xito reales de empresas que han transformado su operativa con estas tecnolog\u00edas.<\/strong><\/em><\/span><\/h2>\n<h2 style=\"text-align: justify;\"><span style=\"color: #ffffff;\"><em><strong>\u2728 Demos y consejos pr\u00e1cticos enfocados a tu propia organizaci\u00f3n.<\/strong><\/em><\/span><\/h2>\n<\/div><\/div><\/div><div class=\"et_pb_column_3 et_pb_column et_pb_column_1_2 et-last-child et_block_column et_pb_css_mix_blend_mode_passthrough\"><div class=\"et_pb_code_0 et_pb_code et_pb_module\"><div class=\"et_pb_code_inner\"><iframe loading=\"lazy\" src=\"https:\/\/docs.google.com\/forms\/d\/e\/1FAIpQLSe_AbBhPqQ734u4luQ3W0oHKootP8ktMMhk1gEop02MJ7cPOA\/viewform?embedded=true\" width=\"640\" height=\"900\" frameborder=\"0\" marginheight=\"0\" marginwidth=\"0\">Cargando\u2026<\/iframe><\/div><\/div><\/div><\/div><div class=\"et_pb_row_3 et_pb_row et_block_row\"><div class=\"et_pb_column_4 et_pb_column et_pb_column_1_2 et_block_column et_pb_css_mix_blend_mode_passthrough\"><div class=\"et_pb_image_1 et_pb_image et_pb_module et_block_module\"><span class=\"et_pb_image_wrap\"><img loading=\"lazy\" decoding=\"async\" src=\"https:\/\/assist.com.co\/wp-content\/uploads\/2024\/05\/ibm.png\" width=\"5443\" height=\"3061\" srcset=\"https:\/\/assist.com.co\/wp-content\/uploads\/2024\/05\/ibm.png 5443w, https:\/\/assist.com.co\/wp-content\/uploads\/2024\/05\/ibm-1280x720.png 1280w, https:\/\/assist.com.co\/wp-content\/uploads\/2024\/05\/ibm-980x551.png 980w, https:\/\/assist.com.co\/wp-content\/uploads\/2024\/05\/ibm-480x270.png 480w\" sizes=\"(min-width: 0px) and (max-width: 480px) 480px, (min-width: 481px) and (max-width: 980px) 980px, (min-width: 981px) and (max-width: 1280px) 1280px, (min-width: 1281px) 5443px, 100vw\" class=\"wp-image-18969\" title=\"ibm\" alt=\"ibm\" \/><\/span><\/div><\/div><div class=\"et_pb_column_5 et_pb_column et_pb_column_1_2 et-last-child et_block_column et_pb_css_mix_blend_mode_passthrough\"><div class=\"et_pb_module et_pb_button_module_wrapper et_pb_button_0_wrapper\"><a class=\"et_pb_button_0 et_pb_button et_pb_bg_layout_light et_pb_module et_block_module\" href=\"https:\/\/assist.com.co\/en\/solicitudes\/\">QUIERES SABER M\u00c1S<\/a><\/div><\/div><\/div><div class=\"et_pb_row_4 et_pb_row et_block_row\"><div class=\"et_pb_column_6 et_pb_column et_pb_column_4_4 et-last-child et_block_column et_pb_css_mix_blend_mode_passthrough\"><div class=\"et_pb_text_3 et_pb_text et_pb_bg_layout_light et_pb_module et_block_module\"><div class=\"et_pb_text_inner\"><h2 data-pm-slice=\"1 1 []\" style=\"text-align: justify;\"><span style=\"color: #ffffff;\"><em><strong>En un mundo impulsado por la innovaci\u00f3n, la capacidad de adaptarse r\u00e1pidamente y automatizar sistemas operativos es fundamental para el \u00e9xito empresarial. Acomp\u00e1\u00f1anos y sum\u00e9rgete en poderosas soluciones que redefinir\u00e1n la forma y la visi\u00f3n en que opera tu compa\u00f1\u00eda.<\/strong><\/em><\/span><\/h2>\n<\/div><\/div><div class=\"et_pb_image_2 et_pb_image et_pb_module et_block_module\"><span class=\"et_pb_image_wrap\"><img loading=\"lazy\" decoding=\"async\" src=\"https:\/\/assist.com.co\/wp-content\/uploads\/2024\/09\/fotos-hoteles-eventos2-scaled.webp\" width=\"2560\" height=\"597\" srcset=\"https:\/\/assist.com.co\/wp-content\/uploads\/2024\/09\/fotos-hoteles-eventos2-scaled.webp 2560w, https:\/\/assist.com.co\/wp-content\/uploads\/2024\/09\/fotos-hoteles-eventos2-1280x299.webp 1280w, https:\/\/assist.com.co\/wp-content\/uploads\/2024\/09\/fotos-hoteles-eventos2-980x229.webp 980w, https:\/\/assist.com.co\/wp-content\/uploads\/2024\/09\/fotos-hoteles-eventos2-480x112.webp 480w\" sizes=\"(min-width: 0px) and (max-width: 480px) 480px, (min-width: 481px) and (max-width: 980px) 980px, (min-width: 981px) and (max-width: 1280px) 1280px, (min-width: 1281px) 2560px, 100vw\" class=\"wp-image-19777\" title=\"fotos-hoteles-eventos2\" alt=\"hotel\" \/><\/span><\/div><div class=\"et_pb_divider_0 et_pb_divider et_pb_space et_pb_divider_position_top et_pb_module\"><div class=\"et_pb_divider_internal\"><\/div><\/div><\/div><\/div><\/div>","protected":false},"excerpt":{"rendered":"","protected":false},"author":1,"featured_media":0,"parent":0,"menu_order":0,"comment_status":"closed","ping_status":"closed","template":"page-template-blank.php","meta":{"inline_featured_image":false,"footnotes":""},"class_list":["post-19770","page","type-page","status-publish","hentry"],"yoast_head":"<!-- This site is optimized with the Yoast SEO Premium plugin v25.2 (Yoast SEO v27.4) - https:\/\/yoast.com\/product\/yoast-seo-premium-wordpress\/ -->\n<title>Hiper Automatizaci\u00f3n + IA-Barranquilla - Assist Consultores<\/title>\n<meta name=\"robots\" content=\"index, follow, max-snippet:-1, max-image-preview:large, max-video-preview:-1\" \/>\n<link rel=\"canonical\" href=\"https:\/\/assist.com.co\/en\/hiper-automatizacion-ia-barranquilla\/\" \/>\n<meta property=\"og:locale\" content=\"en_US\" \/>\n<meta property=\"og:type\" content=\"article\" \/>\n<meta property=\"og:title\" content=\"Hiper Automatizaci\u00f3n + IA-Barranquilla\" \/>\n<meta property=\"og:url\" content=\"https:\/\/assist.com.co\/en\/hiper-automatizacion-ia-barranquilla\/\" \/>\n<meta property=\"og:site_name\" content=\"Assist Consultores\" \/>\n<meta property=\"article:modified_time\" content=\"2026-02-25T15:39:06+00:00\" \/>\n<meta name=\"twitter:card\" content=\"summary_large_image\" \/>\n<meta name=\"twitter:label1\" content=\"Est. reading time\" \/>\n\t<meta name=\"twitter:data1\" content=\"2 minutes\" \/>\n<script type=\"application\/ld+json\" class=\"yoast-schema-graph\">{\"@context\":\"https:\\\/\\\/schema.org\",\"@graph\":[{\"@type\":\"WebPage\",\"@id\":\"https:\\\/\\\/assist.com.co\\\/hiper-automatizacion-ia-barranquilla\\\/\",\"url\":\"https:\\\/\\\/assist.com.co\\\/hiper-automatizacion-ia-barranquilla\\\/\",\"name\":\"Hiper Automatizaci\u00f3n + IA-Barranquilla - Assist Consultores\",\"isPartOf\":{\"@id\":\"https:\\\/\\\/assist.com.co\\\/#website\"},\"datePublished\":\"2024-09-11T16:50:27+00:00\",\"dateModified\":\"2026-02-25T15:39:06+00:00\",\"breadcrumb\":{\"@id\":\"https:\\\/\\\/assist.com.co\\\/hiper-automatizacion-ia-barranquilla\\\/#breadcrumb\"},\"inLanguage\":\"en-US\",\"potentialAction\":[{\"@type\":\"ReadAction\",\"target\":[\"https:\\\/\\\/assist.com.co\\\/hiper-automatizacion-ia-barranquilla\\\/\"]}]},{\"@type\":\"BreadcrumbList\",\"@id\":\"https:\\\/\\\/assist.com.co\\\/hiper-automatizacion-ia-barranquilla\\\/#breadcrumb\",\"itemListElement\":[{\"@type\":\"ListItem\",\"position\":1,\"name\":\"Home\",\"item\":\"https:\\\/\\\/assist.com.co\\\/\"},{\"@type\":\"ListItem\",\"position\":2,\"name\":\"Hiper Automatizaci\u00f3n + IA-Barranquilla\"}]},{\"@type\":\"WebSite\",\"@id\":\"https:\\\/\\\/assist.com.co\\\/#website\",\"url\":\"https:\\\/\\\/assist.com.co\\\/\",\"name\":\"Assist Consultores\",\"description\":\"Transformando Capacidades Empresariales en Sistemas Innovadores\",\"potentialAction\":[{\"@type\":\"SearchAction\",\"target\":{\"@type\":\"EntryPoint\",\"urlTemplate\":\"https:\\\/\\\/assist.com.co\\\/?s={search_term_string}\"},\"query-input\":{\"@type\":\"PropertyValueSpecification\",\"valueRequired\":true,\"valueName\":\"search_term_string\"}}],\"inLanguage\":\"en-US\"}]}<\/script>\n<!-- \/ Yoast SEO Premium plugin. -->","yoast_head_json":{"title":"Hiper Automatizaci\u00f3n + IA-Barranquilla - Assist Consultores","robots":{"index":"index","follow":"follow","max-snippet":"max-snippet:-1","max-image-preview":"max-image-preview:large","max-video-preview":"max-video-preview:-1"},"canonical":"https:\/\/assist.com.co\/en\/hiper-automatizacion-ia-barranquilla\/","og_locale":"en_US","og_type":"article","og_title":"Hiper Automatizaci\u00f3n + IA-Barranquilla","og_url":"https:\/\/assist.com.co\/en\/hiper-automatizacion-ia-barranquilla\/","og_site_name":"Assist Consultores","article_modified_time":"2026-02-25T15:39:06+00:00","twitter_card":"summary_large_image","twitter_misc":{"Est. reading time":"2 minutes"},"schema":{"@context":"https:\/\/schema.org","@graph":[{"@type":"WebPage","@id":"https:\/\/assist.com.co\/hiper-automatizacion-ia-barranquilla\/","url":"https:\/\/assist.com.co\/hiper-automatizacion-ia-barranquilla\/","name":"Hiper Automatizaci\u00f3n + IA-Barranquilla - Assist Consultores","isPartOf":{"@id":"https:\/\/assist.com.co\/#website"},"datePublished":"2024-09-11T16:50:27+00:00","dateModified":"2026-02-25T15:39:06+00:00","breadcrumb":{"@id":"https:\/\/assist.com.co\/hiper-automatizacion-ia-barranquilla\/#breadcrumb"},"inLanguage":"en-US","potentialAction":[{"@type":"ReadAction","target":["https:\/\/assist.com.co\/hiper-automatizacion-ia-barranquilla\/"]}]},{"@type":"BreadcrumbList","@id":"https:\/\/assist.com.co\/hiper-automatizacion-ia-barranquilla\/#breadcrumb","itemListElement":[{"@type":"ListItem","position":1,"name":"Home","item":"https:\/\/assist.com.co\/"},{"@type":"ListItem","position":2,"name":"Hiper Automatizaci\u00f3n + IA-Barranquilla"}]},{"@type":"WebSite","@id":"https:\/\/assist.com.co\/#website","url":"https:\/\/assist.com.co\/","name":"Assist Consultores","description":"Transformando Capacidades Empresariales en Sistemas Innovadores","potentialAction":[{"@type":"SearchAction","target":{"@type":"EntryPoint","urlTemplate":"https:\/\/assist.com.co\/?s={search_term_string}"},"query-input":{"@type":"PropertyValueSpecification","valueRequired":true,"valueName":"search_term_string"}}],"inLanguage":"en-US"}]}},"_links":{"self":[{"href":"https:\/\/assist.com.co\/en\/wp-json\/wp\/v2\/pages\/19770","targetHints":{"allow":["GET"]}}],"collection":[{"href":"https:\/\/assist.com.co\/en\/wp-json\/wp\/v2\/pages"}],"about":[{"href":"https:\/\/assist.com.co\/en\/wp-json\/wp\/v2\/types\/page"}],"author":[{"embeddable":true,"href":"https:\/\/assist.com.co\/en\/wp-json\/wp\/v2\/users\/1"}],"replies":[{"embeddable":true,"href":"https:\/\/assist.com.co\/en\/wp-json\/wp\/v2\/comments?post=19770"}],"version-history":[{"count":6,"href":"https:\/\/assist.com.co\/en\/wp-json\/wp\/v2\/pages\/19770\/revisions"}],"predecessor-version":[{"id":24248,"href":"https:\/\/assist.com.co\/en\/wp-json\/wp\/v2\/pages\/19770\/revisions\/24248"}],"wp:attachment":[{"href":"https:\/\/assist.com.co\/en\/wp-json\/wp\/v2\/media?parent=19770"}],"curies":[{"name":"wp","href":"https:\/\/api.w.org\/{rel}","templated":true}]}}