{"id":19875,"date":"2024-10-07T16:51:48","date_gmt":"2024-10-07T16:51:48","guid":{"rendered":"https:\/\/assist.com.co\/?page_id=19875"},"modified":"2026-02-25T15:39:28","modified_gmt":"2026-02-25T15:39:28","slug":"la-clave-para-la-eficiencia-financiera-en-la-nube-para-el-2025","status":"publish","type":"page","link":"https:\/\/assist.com.co\/en\/la-clave-para-la-eficiencia-financiera-en-la-nube-para-el-2025\/","title":{"rendered":"La Clave para la Eficiencia Financiera en la Nube para el 2025"},"content":{"rendered":"<div class=\"et_pb_section_0 et_pb_section et_section_regular et_block_section preset--module--divi-section--default\"><div class=\"et_pb_row_0 et_pb_row et_block_row\"><div class=\"et_pb_column_0 et_pb_column et_pb_column_4_4 et-last-child et_block_column et_pb_css_mix_blend_mode_passthrough\"><div class=\"et_pb_text_0 et_pb_text et_pb_bg_layout_light et_pb_module et_block_module\"><div class=\"et_pb_text_inner\"><h1 style=\"text-align: center;\"><strong style=\"font-size: 49px;\"><span style=\"color: #333399;\"><b><i><span>\ud83d\ude80<span style=\"color: #ffffff;\">La Clave para la Eficiencia Financiera en la Nube para el 2025\u2601\ufe0f<\/span><\/span><\/i><\/b><\/span>\u00a0<\/strong><\/h1>\n<\/div><\/div><\/div><\/div><\/div><div class=\"et_pb_section_1 et_pb_section et_section_regular et_block_section preset--module--divi-section--default\"><div class=\"et_pb_row_1 et_pb_row et_block_row\"><div class=\"et_pb_column_1 et_pb_column et_pb_column_4_4 et-last-child et_block_column et_pb_css_mix_blend_mode_passthrough\"><div class=\"et_pb_text_1 et_pb_text et_pb_bg_layout_light et_pb_module et_block_module\"><div class=\"et_pb_text_inner\"><h1 style=\"text-align: center;\"><strong><span style=\"color: #000000;\">Acelera tu estrateg\u00eda cloud con FinOps y Apptio<\/span><\/strong><\/h1>\n<\/div><\/div><\/div><\/div><div class=\"et_pb_row_2 et_pb_row et_block_row\"><div class=\"et_pb_column_2 et_pb_column et_pb_column_1_2 et_block_column et_pb_css_mix_blend_mode_passthrough\"><div class=\"et_pb_image_0 et_pb_image et_pb_module et_block_module\"><span class=\"et_pb_image_wrap\"><img loading=\"lazy\" decoding=\"async\" src=\"https:\/\/assist.com.co\/wp-content\/uploads\/2024\/10\/apptio-ibm.png\" width=\"1080\" height=\"1425\" srcset=\"https:\/\/assist.com.co\/wp-content\/uploads\/2024\/10\/apptio-ibm.png 1080w, https:\/\/assist.com.co\/wp-content\/uploads\/2024\/10\/apptio-ibm-980x1293.png 980w, https:\/\/assist.com.co\/wp-content\/uploads\/2024\/10\/apptio-ibm-480x633.png 480w\" sizes=\"(min-width: 0px) and (max-width: 480px) 480px, (min-width: 481px) and (max-width: 980px) 980px, (min-width: 981px) 1080px, 100vw\" class=\"wp-image-19878\" title=\"apptio-ibm\" alt=\"apptio-ibm\" \/><\/span><\/div><div class=\"et_pb_text_2 et_pb_text et_pb_bg_layout_light et_pb_module et_block_module\"><div class=\"et_pb_text_inner\"><h2 data-pm-slice=\"1 1 []\" style=\"text-align: justify;\"><span><strong><span style=\"color: #000000;\">Apptio<\/span> <\/strong>es una familia de productos de software de gesti\u00f3n financiera tecnol\u00f3gica, gesti\u00f3n financiera en la nube y planificaci\u00f3n \u00e1gil empresarial que le permiten vincular sus inversiones tecnol\u00f3gicas a un valor empresarial claro.<\/span><\/h2>\n<\/div><\/div><div class=\"et_pb_text_3 et_pb_text et_pb_bg_layout_light et_pb_module et_block_module\"><div class=\"et_pb_text_inner\"><h1 data-pm-slice=\"1 1 []\" style=\"text-align: justify;\"><span style=\"color: #000000;\"><strong><i>Agenda<\/i>: <span style=\"color: #3366ff;\">Sal\u00f3n Dubl\u00edn<\/span><\/strong><\/span><\/h1>\n<p><span style=\"color: #000000;\"><strong><span style=\"color: #3366ff;\"><\/span><\/strong><\/span><\/p>\n<h2 data-pm-slice=\"1 1 []\" style=\"text-align: justify;\"><span style=\"color: #000000;\"><strong><\/strong><\/span><\/h2>\n<h2 data-pm-slice=\"1 1 []\" style=\"text-align: justify;\"><span style=\"color: #000000;\"><strong>\ud83d\udd61<\/strong><strong><span style=\"color: #ff0000;\">8:30 am - 8:45 am<\/span>: Recepci\u00f3n y desayuno.<\/strong><\/span><\/h2>\n<h2 style=\"text-align: justify;\"><span style=\"color: #000000;\"><strong>\ud83c\udfdb\ufe0f <span style=\"color: #ff0000;\">8:45 am - 9:15 am<\/span>: Presentaci\u00f3n: Apptio Cloud FinOps y optimizaci\u00f3n de la nube.<\/strong><\/span><\/h2>\n<h2 style=\"text-align: justify;\"><span style=\"color: #000000;\"><strong><span>\ud83e\udd16<\/span> <span><span style=\"color: #ff0000;\">9:15 am - 9:45 am<\/span>: Automate IT: Mejora operativa con Instana y Turbonomic.<\/span><\/strong><\/span><\/h2>\n<h2><span style=\"color: #000000;\"><strong><span>\ud83d\udd90\ufe0f\u00a0 <span style=\"color: #ff0000;\">9:45 am - 10:30 am<\/span>: Sesi\u00f3n de preguntas y networking.<\/span><\/strong><\/span><\/h2>\n<\/div><\/div><\/div><div class=\"et_pb_column_3 et_pb_column et_pb_column_1_2 et-last-child et_block_column et_pb_css_mix_blend_mode_passthrough\"><div class=\"et_pb_code_0 et_pb_code et_pb_module\"><div class=\"et_pb_code_inner\"><iframe loading=\"lazy\" src=\"https:\/\/docs.google.com\/forms\/d\/e\/1FAIpQLScP7ZRJun8RiLGXlnvAHOM8MyBMyn63T4evz3m68QbbjT3Nlw\/viewform?embedded=true\" width=\"640\" height=\"800\" frameborder=\"0\" marginheight=\"0\" marginwidth=\"0\">Cargando\u2026<\/iframe><\/div><\/div><div class=\"et_pb_module et_pb_button_module_wrapper et_pb_button_0_wrapper\"><a class=\"et_pb_button_0 et_pb_button et_pb_bg_layout_light et_pb_module et_block_module\" href=\"https:\/\/assist.com.co\/en\/solicitudes\/\">QUIERES SABER M\u00c1S<\/a><\/div><div class=\"et_pb_image_1 et_pb_image et_pb_module et_block_module\"><span class=\"et_pb_image_wrap\"><img loading=\"lazy\" decoding=\"async\" src=\"https:\/\/assist.com.co\/wp-content\/uploads\/2024\/08\/LOGOS_AS_Mesa_de_trabajo_1.png\" width=\"1920\" height=\"670\" srcset=\"https:\/\/assist.com.co\/wp-content\/uploads\/2024\/08\/LOGOS_AS_Mesa_de_trabajo_1.png 1920w, https:\/\/assist.com.co\/wp-content\/uploads\/2024\/08\/LOGOS_AS_Mesa_de_trabajo_1-1280x447.png 1280w, https:\/\/assist.com.co\/wp-content\/uploads\/2024\/08\/LOGOS_AS_Mesa_de_trabajo_1-980x342.png 980w, https:\/\/assist.com.co\/wp-content\/uploads\/2024\/08\/LOGOS_AS_Mesa_de_trabajo_1-480x168.png 480w\" sizes=\"(min-width: 0px) and (max-width: 480px) 480px, (min-width: 481px) and (max-width: 980px) 980px, (min-width: 981px) and (max-width: 1280px) 1280px, (min-width: 1281px) 1920px, 100vw\" class=\"wp-image-19711\" title=\"LOGOS_AS_Mesa_de_trabajo_1\" alt=\"ibm\" \/><\/span><\/div><div class=\"et_pb_image_2 et_pb_image et_pb_module et_block_module\"><span class=\"et_pb_image_wrap\"><img loading=\"lazy\" decoding=\"async\" src=\"https:\/\/assist.com.co\/wp-content\/uploads\/2024\/10\/nexys-01.svg\" width=\"0\" height=\"0\" class=\"wp-image-19971\" title=\"nexys\" alt=\"nexys\" \/><\/span><\/div><\/div><\/div><div class=\"et_pb_row_3 et_pb_row et_block_row\"><div class=\"et_pb_column_4 et_pb_column et_pb_column_4_4 et-last-child et_block_column et_pb_css_mix_blend_mode_passthrough\"><div class=\"et_pb_text_4 et_pb_text et_pb_bg_layout_light et_pb_module et_block_module\"><div class=\"et_pb_text_inner\"><h2 data-pm-slice=\"1 1 []\" style=\"text-align: justify;\"><span style=\"color: #000000;\"><strong>Apptio le ayuda a obtener mejores resultados empresariales con el poder de una informaci\u00f3n fiable y pr\u00e1ctica.<\/strong><\/span><\/h2>\n<\/div><\/div><div class=\"et_pb_divider_0 et_pb_divider et_pb_space et_pb_divider_position_top et_pb_module\"><div class=\"et_pb_divider_internal\"><\/div><\/div><\/div><\/div><\/div>","protected":false},"excerpt":{"rendered":"","protected":false},"author":1,"featured_media":0,"parent":0,"menu_order":0,"comment_status":"closed","ping_status":"closed","template":"page-template-blank.php","meta":{"inline_featured_image":false,"footnotes":""},"class_list":["post-19875","page","type-page","status-publish","hentry"],"yoast_head":"<!-- This site is optimized with the Yoast SEO Premium plugin v25.2 (Yoast SEO v27.3) - https:\/\/yoast.com\/product\/yoast-seo-premium-wordpress\/ -->\n<title>La Clave para la Eficiencia Financiera en la Nube para el 2025 - Assist Consultores<\/title>\n<meta name=\"description\" content=\"\u00danete al incre\u00edble viaje de FinOps en LATAM, donde podr\u00e1s encontrar la mejor manera que otras empresas han empezado a implementar para mejorar la gesti\u00f3n de gastos en nube y disminuir hasta un\u00a030%\u00a0de\u00a0costos.\" \/>\n<meta name=\"robots\" content=\"index, follow, max-snippet:-1, max-image-preview:large, max-video-preview:-1\" \/>\n<link rel=\"canonical\" href=\"https:\/\/assist.com.co\/en\/la-clave-para-la-eficiencia-financiera-en-la-nube-para-el-2025\/\" \/>\n<meta property=\"og:locale\" content=\"en_US\" \/>\n<meta property=\"og:type\" content=\"article\" \/>\n<meta property=\"og:title\" content=\"La Clave para la Eficiencia Financiera en la Nube para el 2025\" \/>\n<meta property=\"og:description\" content=\"\u00danete al incre\u00edble viaje de FinOps en LATAM, donde podr\u00e1s encontrar la mejor manera que otras empresas han empezado a implementar para mejorar la gesti\u00f3n de gastos en nube y disminuir hasta un\u00a030%\u00a0de\u00a0costos.\" \/>\n<meta property=\"og:url\" content=\"https:\/\/assist.com.co\/en\/la-clave-para-la-eficiencia-financiera-en-la-nube-para-el-2025\/\" \/>\n<meta property=\"og:site_name\" content=\"Assist Consultores\" \/>\n<meta property=\"article:modified_time\" content=\"2026-02-25T15:39:28+00:00\" \/>\n<meta name=\"twitter:card\" content=\"summary_large_image\" \/>\n<script type=\"application\/ld+json\" class=\"yoast-schema-graph\">{\"@context\":\"https:\\\/\\\/schema.org\",\"@graph\":[{\"@type\":\"WebPage\",\"@id\":\"https:\\\/\\\/assist.com.co\\\/la-clave-para-la-eficiencia-financiera-en-la-nube-para-el-2025\\\/\",\"url\":\"https:\\\/\\\/assist.com.co\\\/la-clave-para-la-eficiencia-financiera-en-la-nube-para-el-2025\\\/\",\"name\":\"La Clave para la Eficiencia Financiera en la Nube para el 2025 - Assist Consultores\",\"isPartOf\":{\"@id\":\"https:\\\/\\\/assist.com.co\\\/#website\"},\"datePublished\":\"2024-10-07T16:51:48+00:00\",\"dateModified\":\"2026-02-25T15:39:28+00:00\",\"description\":\"\u00danete al incre\u00edble viaje de FinOps en LATAM, donde podr\u00e1s encontrar la mejor manera que otras empresas han empezado a implementar para mejorar la gesti\u00f3n de gastos en nube y disminuir hasta un\u00a030%\u00a0de\u00a0costos.\",\"breadcrumb\":{\"@id\":\"https:\\\/\\\/assist.com.co\\\/la-clave-para-la-eficiencia-financiera-en-la-nube-para-el-2025\\\/#breadcrumb\"},\"inLanguage\":\"en-US\",\"potentialAction\":[{\"@type\":\"ReadAction\",\"target\":[\"https:\\\/\\\/assist.com.co\\\/la-clave-para-la-eficiencia-financiera-en-la-nube-para-el-2025\\\/\"]}]},{\"@type\":\"BreadcrumbList\",\"@id\":\"https:\\\/\\\/assist.com.co\\\/la-clave-para-la-eficiencia-financiera-en-la-nube-para-el-2025\\\/#breadcrumb\",\"itemListElement\":[{\"@type\":\"ListItem\",\"position\":1,\"name\":\"Home\",\"item\":\"https:\\\/\\\/assist.com.co\\\/\"},{\"@type\":\"ListItem\",\"position\":2,\"name\":\"La Clave para la Eficiencia Financiera en la Nube para el 2025\"}]},{\"@type\":\"WebSite\",\"@id\":\"https:\\\/\\\/assist.com.co\\\/#website\",\"url\":\"https:\\\/\\\/assist.com.co\\\/\",\"name\":\"Assist Consultores\",\"description\":\"Transformando Capacidades Empresariales en Sistemas Innovadores\",\"potentialAction\":[{\"@type\":\"SearchAction\",\"target\":{\"@type\":\"EntryPoint\",\"urlTemplate\":\"https:\\\/\\\/assist.com.co\\\/?s={search_term_string}\"},\"query-input\":{\"@type\":\"PropertyValueSpecification\",\"valueRequired\":true,\"valueName\":\"search_term_string\"}}],\"inLanguage\":\"en-US\"}]}<\/script>\n<!-- \/ Yoast SEO Premium plugin. -->","yoast_head_json":{"title":"La Clave para la Eficiencia Financiera en la Nube para el 2025 - Assist Consultores","description":"\u00danete al incre\u00edble viaje de FinOps en LATAM, donde podr\u00e1s encontrar la mejor manera que otras empresas han empezado a implementar para mejorar la gesti\u00f3n de gastos en nube y disminuir hasta un\u00a030%\u00a0de\u00a0costos.","robots":{"index":"index","follow":"follow","max-snippet":"max-snippet:-1","max-image-preview":"max-image-preview:large","max-video-preview":"max-video-preview:-1"},"canonical":"https:\/\/assist.com.co\/en\/la-clave-para-la-eficiencia-financiera-en-la-nube-para-el-2025\/","og_locale":"en_US","og_type":"article","og_title":"La Clave para la Eficiencia Financiera en la Nube para el 2025","og_description":"\u00danete al incre\u00edble viaje de FinOps en LATAM, donde podr\u00e1s encontrar la mejor manera que otras empresas han empezado a implementar para mejorar la gesti\u00f3n de gastos en nube y disminuir hasta un\u00a030%\u00a0de\u00a0costos.","og_url":"https:\/\/assist.com.co\/en\/la-clave-para-la-eficiencia-financiera-en-la-nube-para-el-2025\/","og_site_name":"Assist Consultores","article_modified_time":"2026-02-25T15:39:28+00:00","twitter_card":"summary_large_image","schema":{"@context":"https:\/\/schema.org","@graph":[{"@type":"WebPage","@id":"https:\/\/assist.com.co\/la-clave-para-la-eficiencia-financiera-en-la-nube-para-el-2025\/","url":"https:\/\/assist.com.co\/la-clave-para-la-eficiencia-financiera-en-la-nube-para-el-2025\/","name":"La Clave para la Eficiencia Financiera en la Nube para el 2025 - Assist Consultores","isPartOf":{"@id":"https:\/\/assist.com.co\/#website"},"datePublished":"2024-10-07T16:51:48+00:00","dateModified":"2026-02-25T15:39:28+00:00","description":"\u00danete al incre\u00edble viaje de FinOps en LATAM, donde podr\u00e1s encontrar la mejor manera que otras empresas han empezado a implementar para mejorar la gesti\u00f3n de gastos en nube y disminuir hasta un\u00a030%\u00a0de\u00a0costos.","breadcrumb":{"@id":"https:\/\/assist.com.co\/la-clave-para-la-eficiencia-financiera-en-la-nube-para-el-2025\/#breadcrumb"},"inLanguage":"en-US","potentialAction":[{"@type":"ReadAction","target":["https:\/\/assist.com.co\/la-clave-para-la-eficiencia-financiera-en-la-nube-para-el-2025\/"]}]},{"@type":"BreadcrumbList","@id":"https:\/\/assist.com.co\/la-clave-para-la-eficiencia-financiera-en-la-nube-para-el-2025\/#breadcrumb","itemListElement":[{"@type":"ListItem","position":1,"name":"Home","item":"https:\/\/assist.com.co\/"},{"@type":"ListItem","position":2,"name":"La Clave para la Eficiencia Financiera en la Nube para el 2025"}]},{"@type":"WebSite","@id":"https:\/\/assist.com.co\/#website","url":"https:\/\/assist.com.co\/","name":"Assist Consultores","description":"Transformando Capacidades Empresariales en Sistemas Innovadores","potentialAction":[{"@type":"SearchAction","target":{"@type":"EntryPoint","urlTemplate":"https:\/\/assist.com.co\/?s={search_term_string}"},"query-input":{"@type":"PropertyValueSpecification","valueRequired":true,"valueName":"search_term_string"}}],"inLanguage":"en-US"}]}},"_links":{"self":[{"href":"https:\/\/assist.com.co\/en\/wp-json\/wp\/v2\/pages\/19875","targetHints":{"allow":["GET"]}}],"collection":[{"href":"https:\/\/assist.com.co\/en\/wp-json\/wp\/v2\/pages"}],"about":[{"href":"https:\/\/assist.com.co\/en\/wp-json\/wp\/v2\/types\/page"}],"author":[{"embeddable":true,"href":"https:\/\/assist.com.co\/en\/wp-json\/wp\/v2\/users\/1"}],"replies":[{"embeddable":true,"href":"https:\/\/assist.com.co\/en\/wp-json\/wp\/v2\/comments?post=19875"}],"version-history":[{"count":6,"href":"https:\/\/assist.com.co\/en\/wp-json\/wp\/v2\/pages\/19875\/revisions"}],"predecessor-version":[{"id":24258,"href":"https:\/\/assist.com.co\/en\/wp-json\/wp\/v2\/pages\/19875\/revisions\/24258"}],"wp:attachment":[{"href":"https:\/\/assist.com.co\/en\/wp-json\/wp\/v2\/media?parent=19875"}],"curies":[{"name":"wp","href":"https:\/\/api.w.org\/{rel}","templated":true}]}}