{"id":19915,"date":"2024-10-03T20:02:33","date_gmt":"2024-10-03T20:02:33","guid":{"rendered":"https:\/\/assist.com.co\/?page_id=19915"},"modified":"2026-02-25T15:39:14","modified_gmt":"2026-02-25T15:39:14","slug":"analista-funcional-3","status":"publish","type":"page","link":"https:\/\/assist.com.co\/en\/analista-funcional-3\/","title":{"rendered":"Analista funcional"},"content":{"rendered":"<div class=\"et_pb_section_0 et_pb_section et_section_regular et_block_section section_has_divider et_pb_bottom_divider preset--module--divi-section--default\"><div class=\"et_pb_row_0 et_pb_row et_block_row\"><div class=\"et_pb_column_0 et_pb_column et_pb_column_1_2 et_block_column et_pb_css_mix_blend_mode_passthrough\"><div class=\"et_pb_image_0 et_pb_image et_animated et_pb_module et_block_module\"><span class=\"et_pb_image_wrap\"><img loading=\"lazy\" decoding=\"async\" src=\"https:\/\/assist.com.co\/wp-content\/uploads\/2024\/10\/analista-funcional.webp\" width=\"1500\" height=\"1500\" srcset=\"https:\/\/assist.com.co\/wp-content\/uploads\/2024\/10\/analista-funcional.webp 1500w, https:\/\/assist.com.co\/wp-content\/uploads\/2024\/10\/analista-funcional-1280x1280.webp 1280w, https:\/\/assist.com.co\/wp-content\/uploads\/2024\/10\/analista-funcional-980x980.webp 980w, https:\/\/assist.com.co\/wp-content\/uploads\/2024\/10\/analista-funcional-480x480.webp 480w\" sizes=\"(min-width: 0px) and (max-width: 480px) 480px, (min-width: 481px) and (max-width: 980px) 980px, (min-width: 981px) and (max-width: 1280px) 1280px, (min-width: 1281px) 1500px, 100vw\" class=\"wp-image-19914\" title=\"analista-funcional\" alt=\"analista-funcional\" \/><\/span><\/div><\/div><div class=\"et_pb_column_1 et_pb_column et_pb_column_1_2 et-last-child et_block_column et_pb_css_mix_blend_mode_passthrough\"><div class=\"et_pb_text_0 et_pb_text et_pb_bg_layout_light et_pb_module et_block_module preset--module--divi-text--534cc526-6274-4e31-9e1a-7f18a5947bf1\"><div class=\"et_pb_text_inner\"><h3><span style=\"color: #ff0000;\"><strong>ID:002<\/strong><\/span><\/h3>\n<\/div><\/div><div class=\"et_pb_text_1 et_pb_text et_pb_bg_layout_light et_pb_module et_block_module\"><div class=\"et_pb_text_inner\"><h1 class=\"elementor-heading-title elementor-size-default\"><strong>ANALISTA FUNCIONAL<\/strong><\/h1>\n<\/div><\/div><div class=\"et_pb_divider_0 et_pb_divider et_pb_space et_pb_divider_position_top et_pb_module\"><div class=\"et_pb_divider_internal\"><\/div><\/div><div class=\"et_pb_text_2 et_pb_text et_pb_bg_layout_light et_pb_module et_block_module\"><div class=\"et_pb_text_inner\"><p style=\"text-align: justify;\"><span style=\"color: #000000;\"><strong>Descripci\u00f3n del Perfil:<\/strong> <span>Ingeniera de sistemas en proceso de grado con experiencia con experiencia An\u00e1lisis y levantamiento de requerimientos funcionales y no funcionales. Construcci\u00f3n de historias de Usuario,manejo de metodolog\u00eda \u00e1gil (Scrum). <\/span><\/span><\/p>\n<\/div><\/div><\/div><\/div><div class=\"et_pb_bottom_inside_divider et-no-transition\"><\/div><\/div><div class=\"et_pb_section_1 et_pb_section et_section_regular et_block_section section_has_divider et_pb_top_divider preset--module--divi-section--default\"><div class=\"et_pb_top_inside_divider et-no-transition\"><\/div><div class=\"et_pb_row_1 et_pb_row et_block_row\"><div class=\"et_pb_column_2 et_pb_column et_pb_column_4_4 et-last-child et_block_column et_pb_css_mix_blend_mode_passthrough\"><div class=\"et_pb_text_3 et_pb_text et_pb_bg_layout_light et_pb_module et_block_module\"><div class=\"et_pb_text_inner\"><h4><\/h4>\n<h2><strong>Habilidades Blandas:<\/strong><\/h2>\n<\/div><\/div><div class=\"et_pb_divider_1 et_pb_divider et_pb_space et_pb_divider_position_top et_pb_module\"><div class=\"et_pb_divider_internal\"><\/div><\/div><\/div><\/div><div class=\"et_pb_row_2 et_pb_row et_block_row\"><div class=\"et_pb_column_3 et_pb_column et_pb_column_1_2 et_block_column et_pb_css_mix_blend_mode_passthrough\"><div class=\"et_pb_blurb_0 et_pb_blurb et_pb_bg_layout_light et_pb_blurb_position_left et_pb_module et_block_module\"><div class=\"et_pb_blurb_content\"><div class=\"et_pb_main_blurb_image\"><span class=\"et_pb_image_wrap et_pb_only_image_mode_wrap\"><img loading=\"lazy\" decoding=\"async\" src=\"https:\/\/assist.com.co\/wp-content\/uploads\/2024\/08\/comunicacipon-efectiva_Mesa-de-trabajo-1.svg\" width=\"0\" height=\"0\" class=\"et-waypoint et_pb_animation_off et_pb_animation_off_tablet et_pb_animation_off_phone wp-image-19671\" alt=\"comunicacipon-efectiva\" \/><\/span><\/div><div class=\"et_pb_blurb_container\"><h4 class=\"et_pb_module_header\">Comunicaci\u00f3n Efectiva:<\/h4><div class=\"et_pb_blurb_description\"><p style=\"text-align: justify;\"><span style=\"color: #000000;\">Capaz de traducir complejas necesidades t\u00e9cnicas en soluciones claras y comprensibles para todos los niveles de la organizaci\u00f3n.<\/span><\/p>\n<\/div><\/div><\/div><\/div><div class=\"et_pb_blurb_1 et_pb_blurb et_pb_bg_layout_light et_pb_blurb_position_left et_pb_module et_block_module\"><div class=\"et_pb_blurb_content\"><div class=\"et_pb_main_blurb_image\"><span class=\"et_pb_image_wrap et_pb_only_image_mode_wrap\"><img loading=\"lazy\" decoding=\"async\" src=\"https:\/\/assist.com.co\/wp-content\/uploads\/2024\/08\/pensamiento-critico-02.svg\" width=\"0\" height=\"0\" class=\"et-waypoint et_pb_animation_off et_pb_animation_off_tablet et_pb_animation_off_phone wp-image-19672\" alt=\"pensamiento-critico\" \/><\/span><\/div><div class=\"et_pb_blurb_container\"><h4 class=\"et_pb_module_header\">Pensamiento Cr\u00edtico<\/h4><div class=\"et_pb_blurb_description\"><p style=\"text-align: justify;\"><span style=\"color: #000000;\">Habilidad para anticipar y resolver problemas potenciales antes de que impacten el proyecto.<\/span><\/p>\n<\/div><\/div><\/div><\/div><div class=\"et_pb_blurb_2 et_pb_blurb et_pb_bg_layout_light et_pb_blurb_position_left et_pb_module et_block_module\"><div class=\"et_pb_blurb_content\"><div class=\"et_pb_main_blurb_image\"><span class=\"et_pb_image_wrap et_pb_only_image_mode_wrap\"><img loading=\"lazy\" decoding=\"async\" src=\"https:\/\/assist.com.co\/wp-content\/uploads\/2024\/08\/trabajo-en-equipo-03.svg\" width=\"0\" height=\"0\" class=\"et-waypoint et_pb_animation_off et_pb_animation_off_tablet et_pb_animation_off_phone wp-image-19673\" alt=\"trabajo-en-equipo\" \/><\/span><\/div><div class=\"et_pb_blurb_container\"><h4 class=\"et_pb_module_header\">Trabajo en Equipo<\/h4><div class=\"et_pb_blurb_description\"><p style=\"text-align: justify;\"><span style=\"color: #000000;\">Colaborador nato, capaz de liderar y trabajar en sinergia con equipos multidisciplinarios para lograr objetivos comunes.<\/span><\/p>\n<\/div><\/div><\/div><\/div><div class=\"et_pb_blurb_3 et_pb_blurb et_pb_bg_layout_light et_pb_blurb_position_left et_pb_module et_block_module\"><div class=\"et_pb_blurb_content\"><div class=\"et_pb_main_blurb_image\"><span class=\"et_pb_image_wrap et_pb_only_image_mode_wrap\"><img loading=\"lazy\" decoding=\"async\" src=\"https:\/\/assist.com.co\/wp-content\/uploads\/2024\/10\/tiempo.png\" width=\"64\" height=\"64\" srcset=\"https:\/\/assist.com.co\/wp-content\/uploads\/2024\/10\/tiempo.png 64w, https:\/\/assist.com.co\/wp-content\/uploads\/2024\/10\/tiempo-12x12.png 12w\" sizes=\"(max-width: 64px) 100vw, 64px\" class=\"et-waypoint et_pb_animation_off et_pb_animation_off_tablet et_pb_animation_off_phone wp-image-19882\" alt=\"tiempo\" \/><\/span><\/div><div class=\"et_pb_blurb_container\"><h4 class=\"et_pb_module_header\">Manejo del tiempo<\/h4><div class=\"et_pb_blurb_description\"><p style=\"text-align: justify;\"><span style=\"color: #000000;\">Sabe establecer prioridades claras, dividir proyectos complejos en tareas manejables y maximizar su productividad sin comprometer la calidad. <\/span><\/p>\n<\/div><\/div><\/div><\/div><div class=\"et_pb_module et_pb_button_module_wrapper et_pb_button_0_wrapper preset--module--divi-button--94ef7aca-dcd9-4f9d-93b2-efa3466cebc7_wrapper\"><a class=\"et_pb_button_0 et_pb_button et_pb_bg_layout_light et_pb_module et_block_module preset--module--divi-button--94ef7aca-dcd9-4f9d-93b2-efa3466cebc7\" href=\"\">QUIERES SABER M\u00c1S<\/a><\/div><\/div><div class=\"et_pb_column_4 et_pb_column et_pb_column_1_2 et-last-child et_block_column et_pb_css_mix_blend_mode_passthrough\"><div class=\"et_pb_code_0 et_pb_code et_pb_module\"><div class=\"et_pb_code_inner\"><iframe loading=\"lazy\" src=\"https:\/\/docs.google.com\/forms\/d\/e\/1FAIpQLSecBX4bHH9v9pe3aReGZG8FDLOf1L9Ricj34Ll0tEm6d8fVWA\/viewform?embedded=true\" width=\"640\" height=\"800\" frameborder=\"0\" marginheight=\"0\" marginwidth=\"0\">Cargando\u2026<\/iframe><\/div><\/div><\/div><\/div><\/div>","protected":false},"excerpt":{"rendered":"","protected":false},"author":1,"featured_media":0,"parent":0,"menu_order":0,"comment_status":"closed","ping_status":"closed","template":"","meta":{"inline_featured_image":false,"footnotes":""},"class_list":["post-19915","page","type-page","status-publish","hentry"],"yoast_head":"<!-- This site is optimized with the Yoast SEO Premium plugin v25.2 (Yoast SEO v27.3) - https:\/\/yoast.com\/product\/yoast-seo-premium-wordpress\/ -->\n<title>Analista funcional - Assist Consultores<\/title>\n<meta name=\"description\" content=\"Ingeniera de sistemas en proceso de grado con experiencia con experiencia An\u00e1lisis y levantamiento de requerimientos funcionales y no funcionales. Construcci\u00f3n de historias de Usuario, manejo de metodolog\u00eda \u00e1gil (Scrum).\" \/>\n<meta name=\"robots\" content=\"index, follow, max-snippet:-1, max-image-preview:large, max-video-preview:-1\" \/>\n<link rel=\"canonical\" href=\"https:\/\/assist.com.co\/en\/analista-funcional-3\/\" \/>\n<meta property=\"og:locale\" content=\"en_US\" \/>\n<meta property=\"og:type\" content=\"article\" \/>\n<meta property=\"og:title\" content=\"Analista funcional\" \/>\n<meta property=\"og:description\" content=\"Ingeniera de sistemas en proceso de grado con experiencia con experiencia An\u00e1lisis y levantamiento de requerimientos funcionales y no funcionales. Construcci\u00f3n de historias de Usuario, manejo de metodolog\u00eda \u00e1gil (Scrum).\" \/>\n<meta property=\"og:url\" content=\"https:\/\/assist.com.co\/en\/analista-funcional-3\/\" \/>\n<meta property=\"og:site_name\" content=\"Assist Consultores\" \/>\n<meta property=\"article:modified_time\" content=\"2026-02-25T15:39:14+00:00\" \/>\n<meta name=\"twitter:card\" content=\"summary_large_image\" \/>\n<meta name=\"twitter:label1\" content=\"Est. reading time\" \/>\n\t<meta name=\"twitter:data1\" content=\"2 minutes\" \/>\n<script type=\"application\/ld+json\" class=\"yoast-schema-graph\">{\"@context\":\"https:\\\/\\\/schema.org\",\"@graph\":[{\"@type\":\"WebPage\",\"@id\":\"https:\\\/\\\/assist.com.co\\\/analista-funcional-3\\\/\",\"url\":\"https:\\\/\\\/assist.com.co\\\/analista-funcional-3\\\/\",\"name\":\"Analista funcional - Assist Consultores\",\"isPartOf\":{\"@id\":\"https:\\\/\\\/assist.com.co\\\/#website\"},\"datePublished\":\"2024-10-03T20:02:33+00:00\",\"dateModified\":\"2026-02-25T15:39:14+00:00\",\"description\":\"Ingeniera de sistemas en proceso de grado con experiencia con experiencia An\u00e1lisis y levantamiento de requerimientos funcionales y no funcionales. Construcci\u00f3n de historias de Usuario, manejo de metodolog\u00eda \u00e1gil (Scrum).\",\"breadcrumb\":{\"@id\":\"https:\\\/\\\/assist.com.co\\\/analista-funcional-3\\\/#breadcrumb\"},\"inLanguage\":\"en-US\",\"potentialAction\":[{\"@type\":\"ReadAction\",\"target\":[\"https:\\\/\\\/assist.com.co\\\/analista-funcional-3\\\/\"]}]},{\"@type\":\"BreadcrumbList\",\"@id\":\"https:\\\/\\\/assist.com.co\\\/analista-funcional-3\\\/#breadcrumb\",\"itemListElement\":[{\"@type\":\"ListItem\",\"position\":1,\"name\":\"Home\",\"item\":\"https:\\\/\\\/assist.com.co\\\/\"},{\"@type\":\"ListItem\",\"position\":2,\"name\":\"Analista funcional\"}]},{\"@type\":\"WebSite\",\"@id\":\"https:\\\/\\\/assist.com.co\\\/#website\",\"url\":\"https:\\\/\\\/assist.com.co\\\/\",\"name\":\"Assist Consultores\",\"description\":\"Transformando Capacidades Empresariales en Sistemas Innovadores\",\"potentialAction\":[{\"@type\":\"SearchAction\",\"target\":{\"@type\":\"EntryPoint\",\"urlTemplate\":\"https:\\\/\\\/assist.com.co\\\/?s={search_term_string}\"},\"query-input\":{\"@type\":\"PropertyValueSpecification\",\"valueRequired\":true,\"valueName\":\"search_term_string\"}}],\"inLanguage\":\"en-US\"}]}<\/script>\n<!-- \/ Yoast SEO Premium plugin. -->","yoast_head_json":{"title":"Analista funcional - Assist Consultores","description":"Ingeniera de sistemas en proceso de grado con experiencia con experiencia An\u00e1lisis y levantamiento de requerimientos funcionales y no funcionales. Construcci\u00f3n de historias de Usuario, manejo de metodolog\u00eda \u00e1gil (Scrum).","robots":{"index":"index","follow":"follow","max-snippet":"max-snippet:-1","max-image-preview":"max-image-preview:large","max-video-preview":"max-video-preview:-1"},"canonical":"https:\/\/assist.com.co\/en\/analista-funcional-3\/","og_locale":"en_US","og_type":"article","og_title":"Analista funcional","og_description":"Ingeniera de sistemas en proceso de grado con experiencia con experiencia An\u00e1lisis y levantamiento de requerimientos funcionales y no funcionales. Construcci\u00f3n de historias de Usuario, manejo de metodolog\u00eda \u00e1gil (Scrum).","og_url":"https:\/\/assist.com.co\/en\/analista-funcional-3\/","og_site_name":"Assist Consultores","article_modified_time":"2026-02-25T15:39:14+00:00","twitter_card":"summary_large_image","twitter_misc":{"Est. reading time":"2 minutes"},"schema":{"@context":"https:\/\/schema.org","@graph":[{"@type":"WebPage","@id":"https:\/\/assist.com.co\/analista-funcional-3\/","url":"https:\/\/assist.com.co\/analista-funcional-3\/","name":"Analista funcional - Assist Consultores","isPartOf":{"@id":"https:\/\/assist.com.co\/#website"},"datePublished":"2024-10-03T20:02:33+00:00","dateModified":"2026-02-25T15:39:14+00:00","description":"Ingeniera de sistemas en proceso de grado con experiencia con experiencia An\u00e1lisis y levantamiento de requerimientos funcionales y no funcionales. Construcci\u00f3n de historias de Usuario, manejo de metodolog\u00eda \u00e1gil (Scrum).","breadcrumb":{"@id":"https:\/\/assist.com.co\/analista-funcional-3\/#breadcrumb"},"inLanguage":"en-US","potentialAction":[{"@type":"ReadAction","target":["https:\/\/assist.com.co\/analista-funcional-3\/"]}]},{"@type":"BreadcrumbList","@id":"https:\/\/assist.com.co\/analista-funcional-3\/#breadcrumb","itemListElement":[{"@type":"ListItem","position":1,"name":"Home","item":"https:\/\/assist.com.co\/"},{"@type":"ListItem","position":2,"name":"Analista funcional"}]},{"@type":"WebSite","@id":"https:\/\/assist.com.co\/#website","url":"https:\/\/assist.com.co\/","name":"Assist Consultores","description":"Transformando Capacidades Empresariales en Sistemas Innovadores","potentialAction":[{"@type":"SearchAction","target":{"@type":"EntryPoint","urlTemplate":"https:\/\/assist.com.co\/?s={search_term_string}"},"query-input":{"@type":"PropertyValueSpecification","valueRequired":true,"valueName":"search_term_string"}}],"inLanguage":"en-US"}]}},"_links":{"self":[{"href":"https:\/\/assist.com.co\/en\/wp-json\/wp\/v2\/pages\/19915","targetHints":{"allow":["GET"]}}],"collection":[{"href":"https:\/\/assist.com.co\/en\/wp-json\/wp\/v2\/pages"}],"about":[{"href":"https:\/\/assist.com.co\/en\/wp-json\/wp\/v2\/types\/page"}],"author":[{"embeddable":true,"href":"https:\/\/assist.com.co\/en\/wp-json\/wp\/v2\/users\/1"}],"replies":[{"embeddable":true,"href":"https:\/\/assist.com.co\/en\/wp-json\/wp\/v2\/comments?post=19915"}],"version-history":[{"count":6,"href":"https:\/\/assist.com.co\/en\/wp-json\/wp\/v2\/pages\/19915\/revisions"}],"predecessor-version":[{"id":24252,"href":"https:\/\/assist.com.co\/en\/wp-json\/wp\/v2\/pages\/19915\/revisions\/24252"}],"wp:attachment":[{"href":"https:\/\/assist.com.co\/en\/wp-json\/wp\/v2\/media?parent=19915"}],"curies":[{"name":"wp","href":"https:\/\/api.w.org\/{rel}","templated":true}]}}