{"id":20306,"date":"2024-12-05T17:01:14","date_gmt":"2024-12-05T17:01:14","guid":{"rendered":"https:\/\/assist.com.co\/?page_id=20306"},"modified":"2026-02-25T15:39:35","modified_gmt":"2026-02-25T15:39:35","slug":"chatbots-inteligentes-de-ia-generativa","status":"publish","type":"page","link":"https:\/\/assist.com.co\/en\/chatbots-inteligentes-de-ia-generativa\/","title":{"rendered":"Chatbots Inteligentes de IA Generativa"},"content":{"rendered":"<div class=\"et_pb_section_0 et_pb_section et_section_regular et_block_section et_pb_section_parallax preset--module--divi-section--default\"><span class=\"et-pb-parallax-wrapper\"><span class=\"et-pb-parallax-background et-pb-parallax-background-module--divi-section-0\" style=\"background-image:url(https:\/\/assist.com.co\/wp-content\/uploads\/2024\/12\/fondos-bots3_Mesa-de-trabajo-1.svg)\"><\/span><span class=\"et_parallax_gradient\" style=\"background-image:linear-gradient(180deg, #ffffff 0%,rgba(42,166,204,0.25) 99% 100%)\"><\/span><\/span><div class=\"et_pb_row_0 et_pb_row et_block_row\"><div class=\"et_pb_column_0 et_pb_column et_pb_column_3_5 et_block_column et_pb_css_mix_blend_mode_passthrough\"><div class=\"et_pb_text_0 et_pb_text et_pb_bg_layout_light et_pb_module et_block_module preset--module--divi-text--52aac01c-721a-4eaa-8c0f-2f6e241843df\"><div class=\"et_pb_text_inner\"><h1>Revoluciona la Atenci\u00f3n M\u00e9dica con Chatbots Inteligentes de IA Generativa<\/h1>\n<\/div><\/div><div class=\"et_pb_text_1 et_pb_text et_pb_bg_layout_light et_pb_module et_block_module preset--module--divi-text--145dbd50-43a9-460a-9167-b71273bbdda9\"><div class=\"et_pb_text_inner\"><h3 style=\"text-align: justify;\">Describe el cambio en el comportamiento del usuario, lo que representa una oportunidad para que los proveedores de salud y hospitales aumenten sus ingresos y reduzcan costos. Tambi\u00e9n aborda c\u00f3mo las organizaciones puedenaprovechar la \u00faltima tecnolog\u00eda de IA, especialmente en Procesamiento de Lenguaje Natural e IA Generativa, para automatizar interacciones con prospectos y usuarios finales.<\/h3>\n<\/div><\/div><div class=\"et_pb_module et_pb_button_module_wrapper et_pb_button_0_wrapper preset--module--divi-button--ed74d759-c4b6-4aa5-a74f-77a5b3b16195_wrapper\"><a class=\"et_pb_button_0 et_pb_button et_pb_bg_layout_light et_pb_module et_block_module preset--module--divi-button--ed74d759-c4b6-4aa5-a74f-77a5b3b16195\" href=\"\">Let\u2019s talk!<\/a><\/div><\/div><div class=\"et_pb_column_1 et_pb_column et_pb_column_2_5 et-last-child et_block_column et_pb_css_mix_blend_mode_passthrough\"><div class=\"et_pb_image_0 et_pb_image et_pb_module et_block_module\"><span class=\"et_pb_image_wrap\"><img loading=\"lazy\" decoding=\"async\" src=\"https:\/\/assist.com.co\/wp-content\/uploads\/2024\/12\/chat-bot-salud.png\" width=\"1400\" height=\"1400\" srcset=\"https:\/\/assist.com.co\/wp-content\/uploads\/2024\/12\/chat-bot-salud.png 1400w, https:\/\/assist.com.co\/wp-content\/uploads\/2024\/12\/chat-bot-salud-1280x1280.png 1280w, https:\/\/assist.com.co\/wp-content\/uploads\/2024\/12\/chat-bot-salud-980x980.png 980w, https:\/\/assist.com.co\/wp-content\/uploads\/2024\/12\/chat-bot-salud-480x480.png 480w\" sizes=\"(min-width: 0px) and (max-width: 480px) 480px, (min-width: 481px) and (max-width: 980px) 980px, (min-width: 981px) and (max-width: 1280px) 1280px, (min-width: 1281px) 1400px, 100vw\" class=\"wp-image-20512\" title=\"chat-bot-salud\" alt=\"chat-bot-salud\" \/><\/span><\/div><\/div><\/div><\/div><div class=\"et_pb_section_1 et_pb_section et_section_specialty et_pb_equal_columns et_pb_gutters1 et_block_section\"><div class=\"et_pb_row et_block_row\"><div class=\"et_pb_column_2 et_pb_column et_pb_specialty_column et_pb_column_1_2 et_block_column et_pb_css_mix_blend_mode_passthrough\"><div class=\"et_pb_row_inner_0 et_pb_row_inner et_block_row\"><div class=\"et_pb_column_inner_0 et_pb_column_inner et_pb_column et_pb_column_4_4 et-last-child et_block_column et_pb_css_mix_blend_mode_passthrough\"><div class=\"et_pb_text_2 et_pb_text et_pb_bg_layout_light et_pb_module et_block_module preset--module--divi-text--0738f7ef-edae-4ad5-aed7-9b8a14d1b6df\"><div class=\"et_pb_text_inner\"><p><strong><span style=\"color: #000000;\">Una Oportunidad para<\/span><\/strong><br \/><strong><span style=\"color: #000000;\">Proveedores de Servicios de Salud \/Hospitales<\/span><\/strong><\/p>\n<\/div><\/div><div class=\"et_pb_text_3 et_pb_text et_pb_bg_layout_light et_pb_module et_block_module preset--module--divi-text--90da40d2-a1cb-4030-81fa-78b94d5af4e4\"><div class=\"et_pb_text_inner\"><h4 style=\"text-align: justify;\">Se presenta una soluci\u00f3n avanzada de IA, potenciada por tecnolog\u00edas l\u00edderes en NLP e IA generativa de IBM, AWS, Google y Microsoft. Los clientes pueden usar combinaciones de estos proveedores para maximizar ingresos y mejorar la satisfacci\u00f3n del cliente mientras gestionan costos de servicio<\/h4>\n<\/div><\/div><\/div><\/div><\/div><div class=\"et_pb_column_3 et_pb_column et_pb_column_single et_pb_column_1_2 et-last-child et_block_column et_pb_css_mix_blend_mode_passthrough\"><div class=\"et_pb_text_4 et_pb_text et_pb_bg_layout_light et_pb_module et_block_module preset--module--divi-text--e1383daf-7422-481e-b60c-005af4e584a3\"><div class=\"et_pb_text_inner\"><h2>La Ola de Transformaci\u00f3n Digital en Salud<\/h2>\n<\/div><\/div><div class=\"et_pb_image_1 et_pb_image et_pb_module et_block_module\"><span class=\"et_pb_image_wrap\"><img loading=\"lazy\" decoding=\"async\" src=\"https:\/\/assist.com.co\/wp-content\/uploads\/2024\/12\/fondos-bots6.png\" width=\"1200\" height=\"1200\" srcset=\"https:\/\/assist.com.co\/wp-content\/uploads\/2024\/12\/fondos-bots6.png 1200w, https:\/\/assist.com.co\/wp-content\/uploads\/2024\/12\/fondos-bots6-980x980.png 980w, https:\/\/assist.com.co\/wp-content\/uploads\/2024\/12\/fondos-bots6-480x480.png 480w\" sizes=\"(min-width: 0px) and (max-width: 480px) 480px, (min-width: 481px) and (max-width: 980px) 980px, (min-width: 981px) 1200px, 100vw\" class=\"wp-image-20570\" \/><\/span><\/div><div class=\"et_pb_divider_0 et_pb_divider et_pb_space et_pb_divider_position_top et_pb_module\"><div class=\"et_pb_divider_internal\"><\/div><\/div><\/div><\/div><\/div><div class=\"et_pb_section_2 et_pb_section et_section_regular et_block_section section_has_divider et_pb_top_divider preset--module--divi-section--default\"><div class=\"et_pb_top_inside_divider et-no-transition\"><\/div><div class=\"et_pb_row_1 et_pb_row et_block_row\"><div class=\"et_pb_column_4 et_pb_column et_pb_column_4_4 et-last-child et_block_column et_pb_css_mix_blend_mode_passthrough\"><div class=\"et_pb_text_5 et_pb_text et_pb_bg_layout_light et_pb_module et_block_module preset--module--divi-text--e1383daf-7422-481e-b60c-005af4e584a3\"><div class=\"et_pb_text_inner\"><h1>Beneficios Clave para los Negocios de los Bots<br \/>Potenciados por IA Generativa en la Industria de la Salud<\/h1>\n<\/div><\/div><\/div><\/div><div class=\"et_pb_row_2 et_pb_row et_block_row\"><div class=\"et_pb_column_5 et_pb_column et_pb_column_1_2 et_block_column et_pb_css_mix_blend_mode_passthrough\"><div class=\"et_pb_blurb_0 et_pb_blurb et_pb_bg_layout_light et_pb_blurb_position_top et_pb_module et_block_module preset--module--divi-blurb--97d926a8-ff76-4803-b4cf-d2add7b52002\"><div class=\"et_pb_blurb_content\"><div class=\"et_pb_main_blurb_image\"><span class=\"et_pb_image_wrap\"><span class=\"et-pb-icon et-waypoint et_pb_animation_top et_pb_animation_top_tablet et_pb_animation_top_phone\">\ue08b<\/span><\/span><\/div><div class=\"et_pb_blurb_container\"><h4 class=\"et_pb_module_header\">Aumento de la Participaci\u00f3n<\/h4><div class=\"et_pb_blurb_description\"><h4 style=\"text-align: justify;\">Los Asistentes Virtuales de Salud aumentan la participaci\u00f3n al ofrecer asistencia personalizada y en tiempo real en plataformas como las redes<br \/>sociales. Seg\u00fan un estudio de Accenture, este enfoque ha llevado a un aumento del 20% en la participaci\u00f3n de los pacientes a trav\u00e9s de interacciones en l\u00ednea espec\u00edficas, lo que contribuye a un mayor inter\u00e9s en los servicios de salud.<\/h4>\n<\/div><\/div><\/div><\/div><\/div><div class=\"et_pb_column_6 et_pb_column et_pb_column_1_2 et-last-child et_block_column et_pb_css_mix_blend_mode_passthrough\"><div class=\"et_pb_blurb_1 et_pb_blurb et_pb_bg_layout_light et_pb_blurb_position_top et_pb_module et_block_module preset--module--divi-blurb--97d926a8-ff76-4803-b4cf-d2add7b52002\"><div class=\"et_pb_blurb_content\"><div class=\"et_pb_main_blurb_image\"><span class=\"et_pb_image_wrap\"><span class=\"et-pb-icon et-waypoint et_pb_animation_top et_pb_animation_top_tablet et_pb_animation_top_phone\">\ue0e9<\/span><\/span><\/div><div class=\"et_pb_blurb_container\"><h4 class=\"et_pb_module_header\">Aumento de la Eficiencia<\/h4><div class=\"et_pb_blurb_description\"><h4 style=\"text-align: justify;\">Los Bots de IA para hospitales mejoran la eficiencia al optimizar los procesos de marketing y proporcionar asistencia inmediata a pacientes potenciales. Un estudio de caso de McKinsey &amp; Company informa una reducci\u00f3n del 40% en el<br \/>tiempo de conversi\u00f3n de leads a pacientes, lo que muestra el esfuerzo minimizado requerido para conversiones exitosas.<\/h4>\n<\/div><\/div><\/div><\/div><\/div><\/div><div class=\"et_pb_row_3 et_pb_row et_block_row\"><div class=\"et_pb_column_7 et_pb_column et_pb_column_1_2 et_block_column et_pb_css_mix_blend_mode_passthrough\"><div class=\"et_pb_blurb_2 et_pb_blurb et_pb_bg_layout_light et_pb_blurb_position_top et_pb_module et_block_module preset--module--divi-blurb--97d926a8-ff76-4803-b4cf-d2add7b52002\"><div class=\"et_pb_blurb_content\"><div class=\"et_pb_main_blurb_image\"><span class=\"et_pb_image_wrap\"><span class=\"et-pb-icon et-waypoint et_pb_animation_top et_pb_animation_top_tablet et_pb_animation_top_phone\">\ue0f5<\/span><\/span><\/div><div class=\"et_pb_blurb_container\"><h4 class=\"et_pb_module_header\">Ventaja Competitiva<\/h4><div class=\"et_pb_blurb_description\"><h4 style=\"text-align: justify;\">Implementar bots potenciados por IA en marketing otorga a los proveedores de salud una ventaja competitiva, ofreciendo una experiencia de paciente innovadora y personalizada. Seg\u00fan una encuesta de PwC, los proveedores de salud con estrategias de marketing avanzadas impulsadas por IA han visto un aumento del 15% en la preferencia de los pacientes, consolidando su posici\u00f3n competitiva en el mercado.<\/h4>\n<\/div><\/div><\/div><\/div><\/div><div class=\"et_pb_column_8 et_pb_column et_pb_column_1_2 et-last-child et_block_column et_pb_css_mix_blend_mode_passthrough\"><div class=\"et_pb_blurb_3 et_pb_blurb et_pb_bg_layout_light et_pb_blurb_position_top et_pb_module et_block_module preset--module--divi-blurb--97d926a8-ff76-4803-b4cf-d2add7b52002\"><div class=\"et_pb_blurb_content\"><div class=\"et_pb_main_blurb_image\"><span class=\"et_pb_image_wrap\"><span class=\"et-pb-icon et-waypoint et_pb_animation_top et_pb_animation_top_tablet et_pb_animation_top_phone\">\ue0ed<\/span><\/span><\/div><div class=\"et_pb_blurb_container\"><h4 class=\"et_pb_module_header\">Ahorro de Costos<\/h4><div class=\"et_pb_blurb_description\"><h4 style=\"text-align: justify;\">Los bots de salud generan ahorros al automatizar tareas de marketing rutinarias, resultando en una reducci\u00f3n del 30% en los gastos de marketing.<br \/>Esta informaci\u00f3n se deriva de un an\u00e1lisis realizado por Deloitte sobre las ganancias de eficiencia logradas mediante la automatizaci\u00f3n impulsada por IA.<\/h4>\n<\/div><\/div><\/div><\/div><\/div><\/div><\/div><div class=\"et_pb_section_3 et_pb_section et_section_regular et_block_section section_has_divider et_pb_bottom_divider preset--module--divi-section--default\"><div class=\"et_pb_row_4 et_pb_row et_block_row\"><div class=\"et_pb_column_9 et_pb_column et_pb_column_1_2 et_block_column et_pb_css_mix_blend_mode_passthrough\"><div class=\"et_pb_text_6 et_pb_text et_pb_bg_layout_light et_pb_module et_block_module preset--module--divi-text--e1383daf-7422-481e-b60c-005af4e584a3\"><div class=\"et_pb_text_inner\"><h1><strong>Rol de la Inteligencia Artificial de Bots en la salud<\/strong><\/h1>\n<\/div><\/div><div class=\"et_pb_divider_1 et_pb_divider et_pb_space et_pb_divider_position_top et_pb_module\"><div class=\"et_pb_divider_internal\"><\/div><\/div><\/div><div class=\"et_pb_column_10 et_pb_column et_pb_column_1_2 et-last-child et_block_column et_pb_css_mix_blend_mode_passthrough\"><div class=\"et_pb_text_7 et_pb_text et_pb_bg_layout_light et_pb_module et_block_module preset--module--divi-text--93671e17-351a-4fa6-ba3e-a5c92d944b6e\"><div class=\"et_pb_text_inner\"><h4 style=\"text-align: justify;\">Adem\u00e1s, los proveedores de salud pueden mejorar el tiempo promedio que los usuarios pasan en sus p\u00e1ginas web, impactando directamente sus rankings SEO, simplemente integrando un chatbot en sus sitios. Seg\u00fan un estudio reciente de Deloitte, las empresas de salud mejoraron su tasa de rebote en m\u00e1s del 17% al implementar chatbots en sus sitios web. Esto presenta una oportunidad para que hospitales y proveedores de salud establezcan presencia en nuevos canales de redes sociales y se conecten con pacientes y prospectos, lo que a su vez lleva al crecimiento de ingresos y a una mayor participaci\u00f3n de mercado.<\/h4>\n<\/div><\/div><\/div><\/div><div class=\"et_pb_row_5 et_pb_row et_block_row\"><div class=\"et_pb_column_11 et_pb_column et_pb_column_1_2 et_block_column et_pb_css_mix_blend_mode_passthrough\"><div class=\"et_pb_divider_2 et_pb_divider et_pb_space et_pb_divider_position_top et_pb_module\"><div class=\"et_pb_divider_internal\"><\/div><\/div><div class=\"et_pb_text_8 et_pb_text et_pb_bg_layout_light et_pb_module et_block_module preset--module--divi-text--04eb3030-e001-4e46-bf0d-223d11b5e5fb\"><div class=\"et_pb_text_inner\"><h3><strong><span style=\"color: #000000;\">Ventaja de la IA Generativa<\/span><\/strong><\/h3>\n<\/div><\/div><div class=\"et_pb_text_9 et_pb_text et_pb_bg_layout_light et_pb_module et_block_module preset--module--divi-text--93671e17-351a-4fa6-ba3e-a5c92d944b6e\"><div class=\"et_pb_text_inner\"><h4 style=\"text-align: justify;\"><span style=\"color: #000000;\">Los chatbots impulsados por IA generativa representan un avance transformador en el procesamiento del lenguaje natural, marcando un cambio con respecto a los enfoques convencionales. Estos chatbots avanzados, distinguidos por sus modelos de lenguaje sofisticados, redefinen el panorama de las interacciones conversacionales. Su conocimiento inigualable, adquirido a trav\u00e9s de un entrenamiento extenso en diversos conjuntos de datos, facilita una experiencia m\u00e1s natural e intuitiva para elcompromiso en el \u00e1mbito de la salud.<\/span><\/h4>\n<\/div><\/div><div class=\"et_pb_module et_pb_button_module_wrapper et_pb_button_1_wrapper preset--module--divi-button--3a2d1b81-7f66-4b78-b209-2e75af9a387d_wrapper\"><a class=\"et_pb_button_1 et_pb_button et_pb_bg_layout_light et_pb_module et_block_module preset--module--divi-button--3a2d1b81-7f66-4b78-b209-2e75af9a387d\" href=\"\">Discover More<\/a><\/div><\/div><div class=\"et_pb_column_12 et_pb_column et_pb_column_1_2 et-last-child et_block_column et_pb_css_mix_blend_mode_passthrough\"><div class=\"et_pb_image_2 et_pb_image et_pb_module et_block_module\"><span class=\"et_pb_image_wrap\"><img loading=\"lazy\" decoding=\"async\" src=\"https:\/\/assist.com.co\/wp-content\/uploads\/2024\/12\/2150912027.webp\" width=\"2000\" height=\"1121\" srcset=\"https:\/\/assist.com.co\/wp-content\/uploads\/2024\/12\/2150912027.webp 2000w, https:\/\/assist.com.co\/wp-content\/uploads\/2024\/12\/2150912027-1280x717.webp 1280w, https:\/\/assist.com.co\/wp-content\/uploads\/2024\/12\/2150912027-980x549.webp 980w, https:\/\/assist.com.co\/wp-content\/uploads\/2024\/12\/2150912027-480x269.webp 480w\" sizes=\"(min-width: 0px) and (max-width: 480px) 480px, (min-width: 481px) and (max-width: 980px) 980px, (min-width: 981px) and (max-width: 1280px) 1280px, (min-width: 1281px) 2000px, 100vw\" class=\"wp-image-20443\" title=\"Tecnolog\u00eda de Bots en la Salud\" \/><\/span><\/div><\/div><\/div><div class=\"et_pb_bottom_inside_divider et-no-transition\"><\/div><\/div><div class=\"et_pb_section_4 et_pb_section et_section_regular et_block_section preset--module--divi-section--default\"><div class=\"et_pb_row_6 et_pb_row et_block_row\"><div class=\"et_pb_column_13 et_pb_column et_pb_column_4_4 et-last-child et_block_column et_pb_css_mix_blend_mode_passthrough\"><div class=\"et_pb_code_0 et_pb_code et_pb_module\"><div class=\"et_pb_code_inner\"><script>\n    const openChatbot = () => {\n        if (typeof $ !== \"undefined\" && $('#floatingChatBotDiv .chatButtonBG').length > 0) {\n            Streebo.inAppChatBot.openElement();\n        } else {\n            setTimeout(openChatbot, 10);\n        }\n    };\n    openChatbot();\n<\/script>\n\n<script src=\"https:\/\/newpresales.streebo.com\/chatbot-services\/newui\/chatbot-main.js?id=HHC_Redcomputo_17770101\" type=\"text\/javascript\"><\/script>\n<\/div><\/div><\/div><\/div><\/div>","protected":false},"excerpt":{"rendered":"","protected":false},"author":1,"featured_media":0,"parent":0,"menu_order":0,"comment_status":"closed","ping_status":"closed","template":"","meta":{"inline_featured_image":false,"footnotes":""},"class_list":["post-20306","page","type-page","status-publish","hentry"],"yoast_head":"<!-- This site is optimized with the Yoast SEO Premium plugin v25.2 (Yoast SEO v27.3) - https:\/\/yoast.com\/product\/yoast-seo-premium-wordpress\/ -->\n<title>Chatbots Inteligentes de IA Generativa - Assist Consultores<\/title>\n<meta name=\"description\" content=\"Descubre c\u00f3mo los chatbots con IA generativa est\u00e1n transformando la atenci\u00f3n m\u00e9dica. Mejora la experiencia de los pacientes con interacciones r\u00e1pidas, seguras y personalizadas. Ideal para hospitales y cl\u00ednicas modernas.\" \/>\n<meta name=\"robots\" content=\"index, follow, max-snippet:-1, max-image-preview:large, max-video-preview:-1\" \/>\n<link rel=\"canonical\" href=\"https:\/\/assist.com.co\/en\/chatbots-inteligentes-de-ia-generativa\/\" \/>\n<meta property=\"og:locale\" content=\"en_US\" \/>\n<meta property=\"og:type\" content=\"article\" \/>\n<meta property=\"og:title\" content=\"Chatbots Inteligentes de IA Generativa\" \/>\n<meta property=\"og:description\" content=\"Descubre c\u00f3mo los chatbots con IA generativa est\u00e1n transformando la atenci\u00f3n m\u00e9dica. Mejora la experiencia de los pacientes con interacciones r\u00e1pidas, seguras y personalizadas. Ideal para hospitales y cl\u00ednicas modernas.\" \/>\n<meta property=\"og:url\" content=\"https:\/\/assist.com.co\/en\/chatbots-inteligentes-de-ia-generativa\/\" \/>\n<meta property=\"og:site_name\" content=\"Assist Consultores\" \/>\n<meta property=\"article:modified_time\" content=\"2026-02-25T15:39:35+00:00\" \/>\n<meta name=\"twitter:card\" content=\"summary_large_image\" \/>\n<meta name=\"twitter:label1\" content=\"Est. reading time\" \/>\n\t<meta name=\"twitter:data1\" content=\"5 minutes\" \/>\n<script type=\"application\/ld+json\" class=\"yoast-schema-graph\">{\"@context\":\"https:\\\/\\\/schema.org\",\"@graph\":[{\"@type\":\"WebPage\",\"@id\":\"https:\\\/\\\/assist.com.co\\\/chatbots-inteligentes-de-ia-generativa\\\/\",\"url\":\"https:\\\/\\\/assist.com.co\\\/chatbots-inteligentes-de-ia-generativa\\\/\",\"name\":\"Chatbots Inteligentes de IA Generativa - Assist Consultores\",\"isPartOf\":{\"@id\":\"https:\\\/\\\/assist.com.co\\\/#website\"},\"datePublished\":\"2024-12-05T17:01:14+00:00\",\"dateModified\":\"2026-02-25T15:39:35+00:00\",\"description\":\"Descubre c\u00f3mo los chatbots con IA generativa est\u00e1n transformando la atenci\u00f3n m\u00e9dica. Mejora la experiencia de los pacientes con interacciones r\u00e1pidas, seguras y personalizadas. Ideal para hospitales y cl\u00ednicas modernas.\",\"breadcrumb\":{\"@id\":\"https:\\\/\\\/assist.com.co\\\/chatbots-inteligentes-de-ia-generativa\\\/#breadcrumb\"},\"inLanguage\":\"en-US\",\"potentialAction\":[{\"@type\":\"ReadAction\",\"target\":[\"https:\\\/\\\/assist.com.co\\\/chatbots-inteligentes-de-ia-generativa\\\/\"]}]},{\"@type\":\"BreadcrumbList\",\"@id\":\"https:\\\/\\\/assist.com.co\\\/chatbots-inteligentes-de-ia-generativa\\\/#breadcrumb\",\"itemListElement\":[{\"@type\":\"ListItem\",\"position\":1,\"name\":\"Home\",\"item\":\"https:\\\/\\\/assist.com.co\\\/\"},{\"@type\":\"ListItem\",\"position\":2,\"name\":\"Chatbots Inteligentes de IA Generativa\"}]},{\"@type\":\"WebSite\",\"@id\":\"https:\\\/\\\/assist.com.co\\\/#website\",\"url\":\"https:\\\/\\\/assist.com.co\\\/\",\"name\":\"Assist Consultores\",\"description\":\"Transformando Capacidades Empresariales en Sistemas Innovadores\",\"potentialAction\":[{\"@type\":\"SearchAction\",\"target\":{\"@type\":\"EntryPoint\",\"urlTemplate\":\"https:\\\/\\\/assist.com.co\\\/?s={search_term_string}\"},\"query-input\":{\"@type\":\"PropertyValueSpecification\",\"valueRequired\":true,\"valueName\":\"search_term_string\"}}],\"inLanguage\":\"en-US\"}]}<\/script>\n<!-- \/ Yoast SEO Premium plugin. -->","yoast_head_json":{"title":"Chatbots Inteligentes de IA Generativa - Assist Consultores","description":"Descubre c\u00f3mo los chatbots con IA generativa est\u00e1n transformando la atenci\u00f3n m\u00e9dica. Mejora la experiencia de los pacientes con interacciones r\u00e1pidas, seguras y personalizadas. Ideal para hospitales y cl\u00ednicas modernas.","robots":{"index":"index","follow":"follow","max-snippet":"max-snippet:-1","max-image-preview":"max-image-preview:large","max-video-preview":"max-video-preview:-1"},"canonical":"https:\/\/assist.com.co\/en\/chatbots-inteligentes-de-ia-generativa\/","og_locale":"en_US","og_type":"article","og_title":"Chatbots Inteligentes de IA Generativa","og_description":"Descubre c\u00f3mo los chatbots con IA generativa est\u00e1n transformando la atenci\u00f3n m\u00e9dica. Mejora la experiencia de los pacientes con interacciones r\u00e1pidas, seguras y personalizadas. Ideal para hospitales y cl\u00ednicas modernas.","og_url":"https:\/\/assist.com.co\/en\/chatbots-inteligentes-de-ia-generativa\/","og_site_name":"Assist Consultores","article_modified_time":"2026-02-25T15:39:35+00:00","twitter_card":"summary_large_image","twitter_misc":{"Est. reading time":"5 minutes"},"schema":{"@context":"https:\/\/schema.org","@graph":[{"@type":"WebPage","@id":"https:\/\/assist.com.co\/chatbots-inteligentes-de-ia-generativa\/","url":"https:\/\/assist.com.co\/chatbots-inteligentes-de-ia-generativa\/","name":"Chatbots Inteligentes de IA Generativa - Assist Consultores","isPartOf":{"@id":"https:\/\/assist.com.co\/#website"},"datePublished":"2024-12-05T17:01:14+00:00","dateModified":"2026-02-25T15:39:35+00:00","description":"Descubre c\u00f3mo los chatbots con IA generativa est\u00e1n transformando la atenci\u00f3n m\u00e9dica. Mejora la experiencia de los pacientes con interacciones r\u00e1pidas, seguras y personalizadas. Ideal para hospitales y cl\u00ednicas modernas.","breadcrumb":{"@id":"https:\/\/assist.com.co\/chatbots-inteligentes-de-ia-generativa\/#breadcrumb"},"inLanguage":"en-US","potentialAction":[{"@type":"ReadAction","target":["https:\/\/assist.com.co\/chatbots-inteligentes-de-ia-generativa\/"]}]},{"@type":"BreadcrumbList","@id":"https:\/\/assist.com.co\/chatbots-inteligentes-de-ia-generativa\/#breadcrumb","itemListElement":[{"@type":"ListItem","position":1,"name":"Home","item":"https:\/\/assist.com.co\/"},{"@type":"ListItem","position":2,"name":"Chatbots Inteligentes de IA Generativa"}]},{"@type":"WebSite","@id":"https:\/\/assist.com.co\/#website","url":"https:\/\/assist.com.co\/","name":"Assist Consultores","description":"Transformando Capacidades Empresariales en Sistemas Innovadores","potentialAction":[{"@type":"SearchAction","target":{"@type":"EntryPoint","urlTemplate":"https:\/\/assist.com.co\/?s={search_term_string}"},"query-input":{"@type":"PropertyValueSpecification","valueRequired":true,"valueName":"search_term_string"}}],"inLanguage":"en-US"}]}},"_links":{"self":[{"href":"https:\/\/assist.com.co\/en\/wp-json\/wp\/v2\/pages\/20306","targetHints":{"allow":["GET"]}}],"collection":[{"href":"https:\/\/assist.com.co\/en\/wp-json\/wp\/v2\/pages"}],"about":[{"href":"https:\/\/assist.com.co\/en\/wp-json\/wp\/v2\/types\/page"}],"author":[{"embeddable":true,"href":"https:\/\/assist.com.co\/en\/wp-json\/wp\/v2\/users\/1"}],"replies":[{"embeddable":true,"href":"https:\/\/assist.com.co\/en\/wp-json\/wp\/v2\/comments?post=20306"}],"version-history":[{"count":20,"href":"https:\/\/assist.com.co\/en\/wp-json\/wp\/v2\/pages\/20306\/revisions"}],"predecessor-version":[{"id":24261,"href":"https:\/\/assist.com.co\/en\/wp-json\/wp\/v2\/pages\/20306\/revisions\/24261"}],"wp:attachment":[{"href":"https:\/\/assist.com.co\/en\/wp-json\/wp\/v2\/media?parent=20306"}],"curies":[{"name":"wp","href":"https:\/\/api.w.org\/{rel}","templated":true}]}}