{"id":20336,"date":"2024-11-19T19:30:16","date_gmt":"2024-11-19T19:30:16","guid":{"rendered":"https:\/\/assist.com.co\/?page_id=20336"},"modified":"2026-02-25T15:39:33","modified_gmt":"2026-02-25T15:39:33","slug":"caso-de-exito-banco-mundo-mujer","status":"publish","type":"page","link":"https:\/\/assist.com.co\/en\/caso-de-exito-banco-mundo-mujer\/","title":{"rendered":"Banco Mundo Mujer: Innovaci\u00f3n en Integraci\u00f3n Financiera"},"content":{"rendered":"<div class=\"et_pb_section_0 et_pb_section et_section_regular et_block_section section_has_divider et_pb_bottom_divider preset--module--divi-section--default\"><div class=\"et_pb_row_0 et_pb_row et_pb_equal_columns et_block_row\"><div class=\"et_pb_column_0 et_pb_column et_pb_column_4_4 et-last-child et_block_column et_pb_css_mix_blend_mode_passthrough\"><div class=\"et_pb_text_0 et_pb_text et_pb_bg_layout_light et_pb_module et_block_module\"><div class=\"et_pb_text_inner\"><h1 style=\"text-align: center;\"><span style=\"color: #000000;\"><strong>Banco Mundo Mujer<\/strong><\/span><\/h1>\n<h1 style=\"text-align: center;\"><span style=\"color: #000000;\"><strong>Caso de \u00e9xito en beneficio de la experiencia del cliente<\/strong><\/span><\/h1>\n<\/div><\/div><\/div><\/div><div class=\"et_pb_bottom_inside_divider et-no-transition\"><\/div><\/div><div class=\"et_pb_section_1 et_pb_section et_section_regular et_block_section et_pb_section_parallax preset--module--divi-section--default\"><span class=\"et-pb-parallax-wrapper\"><span class=\"et-pb-parallax-background et-pb-parallax-background-module--divi-section-1\" style=\"background-image:url(https:\/\/assist.com.co\/wp-content\/uploads\/2024\/11\/1067.jpg)\"><\/span><span class=\"et_parallax_gradient\" style=\"background-image:linear-gradient(180deg, #2b87da 0%,rgba(39,116,188,0.8) 100% 100%)\"><\/span><\/span><div class=\"et_pb_row_1 et_pb_row et_block_row\"><div class=\"et_pb_column_1 et_pb_column et_pb_column_1_2 et_block_column et_pb_css_mix_blend_mode_passthrough\"><div class=\"et_pb_text_1 et_pb_text et_pb_bg_layout_dark et_pb_module et_block_module et_pb_text_align_center\"><div class=\"et_pb_text_inner\"><h2><strong>35 Nuevos servicios de integraci\u00f3n ACE<\/strong><\/h2>\n<\/div><\/div><div class=\"et_pb_module et_pb_button_module_wrapper et_pb_button_0_wrapper\"><a class=\"et_pb_button_0 et_pb_button et_pb_bg_layout_light et_pb_module et_block_module\" href=\"https:\/\/www.bmm.com.co\/\">banco mundo mujer<\/a><\/div><\/div><div class=\"et_pb_column_2 et_pb_column et_pb_column_1_2 et-last-child et_block_column et_pb_css_mix_blend_mode_passthrough\"><div class=\"et_pb_text_2 et_pb_text et_pb_bg_layout_light et_pb_module et_block_module\"><div class=\"et_pb_text_inner\"><h2 style=\"text-align: justify;\"><span style=\"font-weight: 400; color: #ffffff;\">C\u00f3mo parte de la estrategia de negocio del Banco Mundo Mujer (BMM), se ha construido un backlog de servicios de integraci\u00f3n. Inicialmente se plantearon 29 servicios de integraci\u00f3n y ahora se han incluido 35 m\u00e1s, por diferentes necesidades del Banco para mejorar la experiencia de sus clientes<\/span><\/h2>\n<\/div><\/div><\/div><\/div><\/div><div class=\"et_pb_section_2 et_pb_section et_section_regular et_block_section et_pb_section_parallax preset--module--divi-section--default\"><span class=\"et-pb-parallax-wrapper\"><span class=\"et-pb-parallax-background et-pb-parallax-background-module--divi-section-2\" style=\"background-image:url(https:\/\/assist.com.co\/wp-content\/uploads\/2024\/11\/52.jpg)\"><\/span><span class=\"et_parallax_gradient\" style=\"background-image:linear-gradient(180deg, #d8d8d8 0%,rgba(188,196,194,0.81) 100% 100%)\"><\/span><\/span><div class=\"et_pb_row_2 et_pb_row et_block_row\"><div class=\"et_pb_column_3 et_pb_column et_pb_column_3_5 et_block_column et_pb_css_mix_blend_mode_passthrough\"><div class=\"et_pb_text_3 et_pb_text et_pb_bg_layout_dark et_pb_module et_block_module\"><div class=\"et_pb_text_inner\"><h4 class=\"et_pb_module_header et-fb-editable-element et-fb-editable-element__editing\" data-shortcode-id=\"3.0.0.0-1588284257500\" data-quickaccess-id=\"header\" contenteditable=\"true\"><span style=\"color: #ffffff;\"><strong>\u00bfC\u00f3mo se est\u00e1 logrando?<\/strong><\/span><\/h4>\n<\/div><\/div><div class=\"et_pb_text_4 et_pb_text et_pb_bg_layout_dark et_pb_module et_block_module\"><div class=\"et_pb_text_inner\"><h3 style=\"text-align: justify;\"><span style=\"font-weight: 400; color: #ffffff;\">C\u00f3mo parte de la estrategia de negocio del Banco Mundo Mujer (BMM), se ha construido un backlog de servicios de integraci\u00f3n. Inicialmente se plantearon 29 servicios de integraci\u00f3n y ahora se han incluido 35 m\u00e1s, por diferentes necesidades del Banco para mejorar la experiencia de sus clientes<\/span><\/h3>\n<\/div><\/div><\/div><div class=\"et_pb_column_4 et_pb_column et_pb_column_2_5 et-last-child et_block_column et_pb_css_mix_blend_mode_passthrough\"><div class=\"et_pb_blurb_0 et_pb_blurb et_pb_bg_layout_light et_pb_blurb_position_left et_clickable et_pb_module et_block_module\"><div class=\"et_pb_blurb_content\"><div class=\"et_pb_main_blurb_image\"><span class=\"et_pb_image_wrap et_pb_only_image_mode_wrap\"><img loading=\"lazy\" decoding=\"async\" src=\"https:\/\/assist.com.co\/wp-content\/uploads\/2024\/11\/financial-advisor-icon-91x.png\" width=\"64\" height=\"64\" srcset=\"https:\/\/assist.com.co\/wp-content\/uploads\/2024\/11\/financial-advisor-icon-91x.png 64w, https:\/\/assist.com.co\/wp-content\/uploads\/2024\/11\/financial-advisor-icon-91x-12x12.png 12w\" sizes=\"(max-width: 64px) 100vw, 64px\" class=\"et-waypoint et_pb_animation_off et_pb_animation_off_tablet et_pb_animation_off_phone wp-image-20342\" \/><\/span><\/div><div class=\"et_pb_blurb_container\"><h4 class=\"et_pb_module_header\">Categorizaci\u00f3n de servicios<\/h4><div class=\"et_pb_blurb_description\"><p><span style=\"color: #000000;\"><strong>Los servicios de integraci\u00f3n se categorizan si tienen orquestaciones, tama\u00f1o de mensaje, tecnolog\u00eda de exposici\u00f3n y consumo con mecanismos de seguridad.<\/strong><\/span><\/p>\n<\/div><\/div><\/div><\/div><div class=\"et_pb_blurb_1 et_pb_blurb et_pb_bg_layout_light et_pb_blurb_position_left et_clickable et_pb_module et_block_module\"><div class=\"et_pb_blurb_content\"><div class=\"et_pb_main_blurb_image\"><span class=\"et_pb_image_wrap et_pb_only_image_mode_wrap\"><img loading=\"lazy\" decoding=\"async\" src=\"https:\/\/assist.com.co\/wp-content\/uploads\/2024\/11\/financial-advisor-icon-121x.png\" width=\"64\" height=\"64\" srcset=\"https:\/\/assist.com.co\/wp-content\/uploads\/2024\/11\/financial-advisor-icon-121x.png 64w, https:\/\/assist.com.co\/wp-content\/uploads\/2024\/11\/financial-advisor-icon-121x-12x12.png 12w\" sizes=\"(max-width: 64px) 100vw, 64px\" class=\"et-waypoint et_pb_animation_off et_pb_animation_off_tablet et_pb_animation_off_phone wp-image-20343\" \/><\/span><\/div><div class=\"et_pb_blurb_container\"><h4 class=\"et_pb_module_header\"> F\u00e1brica de software de integraci\u00f3n<\/h4><div class=\"et_pb_blurb_description\"><p><span style=\"color: #000000;\"><strong>Se determin\u00f3 una f\u00e1brica de integraciones liderada por una c\u00e9lula de trabajo y que puede cambiar seg\u00fan lo requiera el Banco,<\/strong><\/span><\/p>\n<\/div><\/div><\/div><\/div><\/div><\/div><\/div><div class=\"et_pb_section_3 et_pb_section et_section_regular et_block_section preset--module--divi-section--default\"><div class=\"et_pb_row_3 et_pb_row et_block_row\"><div class=\"et_pb_column_5 et_pb_column et_pb_column_4_4 et-last-child et_block_column et_pb_css_mix_blend_mode_passthrough\"><div class=\"et_pb_text_5 et_pb_text et_pb_bg_layout_dark et_pb_module et_block_module\"><div class=\"et_pb_text_inner\"><h1><span style=\"color: #000000;\"><b>Challenges \u2013 Client Pain Points<\/b><\/span><\/h1>\n<\/div><\/div><\/div><\/div><div class=\"et_pb_row_4 et_pb_row et_block_row\"><div class=\"et_pb_column_6 et_pb_column et_pb_column_1_2 et_block_column et_pb_css_mix_blend_mode_passthrough\"><div class=\"et_pb_blurb_2 et_pb_blurb et_pb_bg_layout_light et_pb_blurb_position_left et_clickable et_pb_module et_block_module\"><div class=\"et_pb_blurb_content\"><div class=\"et_pb_main_blurb_image\"><span class=\"et_pb_image_wrap et_pb_only_image_mode_wrap\"><img loading=\"lazy\" decoding=\"async\" src=\"https:\/\/assist.com.co\/wp-content\/uploads\/2024\/11\/financial-advisor-icon-101x.png\" width=\"64\" height=\"64\" srcset=\"https:\/\/assist.com.co\/wp-content\/uploads\/2024\/11\/financial-advisor-icon-101x.png 64w, https:\/\/assist.com.co\/wp-content\/uploads\/2024\/11\/financial-advisor-icon-101x-12x12.png 12w\" sizes=\"(max-width: 64px) 100vw, 64px\" class=\"et-waypoint et_pb_animation_off et_pb_animation_off_tablet et_pb_animation_off_phone wp-image-20344\" \/><\/span><\/div><div class=\"et_pb_blurb_container\"><div class=\"et_pb_blurb_description\"><h3><strong><span style=\"color: #000000;\">Atender las nuevas necesidades del negocio<\/span><\/strong><\/h3>\n<\/div><\/div><\/div><\/div><\/div><div class=\"et_pb_column_7 et_pb_column et_pb_column_1_2 et-last-child et_block_column et_pb_css_mix_blend_mode_passthrough\"><div class=\"et_pb_blurb_3 et_pb_blurb et_pb_bg_layout_light et_pb_blurb_position_left et_clickable et_pb_module et_block_module\"><div class=\"et_pb_blurb_content\"><div class=\"et_pb_main_blurb_image\"><span class=\"et_pb_image_wrap et_pb_only_image_mode_wrap\"><img loading=\"lazy\" decoding=\"async\" src=\"https:\/\/assist.com.co\/wp-content\/uploads\/2024\/11\/financial-advisor-icon-41x.png\" width=\"64\" height=\"64\" srcset=\"https:\/\/assist.com.co\/wp-content\/uploads\/2024\/11\/financial-advisor-icon-41x.png 64w, https:\/\/assist.com.co\/wp-content\/uploads\/2024\/11\/financial-advisor-icon-41x-12x12.png 12w\" sizes=\"(max-width: 64px) 100vw, 64px\" class=\"et-waypoint et_pb_animation_off et_pb_animation_off_tablet et_pb_animation_off_phone wp-image-20345\" \/><\/span><\/div><div class=\"et_pb_blurb_container\"><div class=\"et_pb_blurb_description\"><h3><strong>Integrar nuevos proveedores estrat\u00e9gicos<\/strong><\/h3>\n<\/div><\/div><\/div><\/div><\/div><\/div><div class=\"et_pb_row_5 et_pb_row et_block_row\"><div class=\"et_pb_column_8 et_pb_column et_pb_column_1_2 et_block_column et_pb_css_mix_blend_mode_passthrough\"><div class=\"et_pb_blurb_4 et_pb_blurb et_pb_bg_layout_light et_pb_blurb_position_left et_clickable et_pb_module et_block_module\"><div class=\"et_pb_blurb_content\"><div class=\"et_pb_main_blurb_image\"><span class=\"et_pb_image_wrap et_pb_only_image_mode_wrap\"><img loading=\"lazy\" decoding=\"async\" src=\"https:\/\/assist.com.co\/wp-content\/uploads\/2024\/11\/financial-advisor-icon-81x.png\" width=\"64\" height=\"64\" srcset=\"https:\/\/assist.com.co\/wp-content\/uploads\/2024\/11\/financial-advisor-icon-81x.png 64w, https:\/\/assist.com.co\/wp-content\/uploads\/2024\/11\/financial-advisor-icon-81x-12x12.png 12w\" sizes=\"(max-width: 64px) 100vw, 64px\" class=\"et-waypoint et_pb_animation_off et_pb_animation_off_tablet et_pb_animation_off_phone wp-image-20346\" \/><\/span><\/div><div class=\"et_pb_blurb_container\"><div class=\"et_pb_blurb_description\"><h3><span style=\"color: #000000;\"><strong>El banco necesita atender nuevas l\u00edneas de negocio para atender nuevos nichos de mercado.<\/strong><\/span><\/h3>\n<\/div><\/div><\/div><\/div><\/div><div class=\"et_pb_column_9 et_pb_column et_pb_column_1_2 et-last-child et_block_column et_pb_css_mix_blend_mode_passthrough\"><div class=\"et_pb_blurb_5 et_pb_blurb et_pb_bg_layout_light et_pb_blurb_position_left et_clickable et_pb_module et_block_module\"><div class=\"et_pb_blurb_content\"><div class=\"et_pb_main_blurb_image\"><span class=\"et_pb_image_wrap et_pb_only_image_mode_wrap\"><img loading=\"lazy\" decoding=\"async\" src=\"https:\/\/assist.com.co\/wp-content\/uploads\/2024\/11\/financial-advisor-icon-61x.png\" width=\"64\" height=\"64\" srcset=\"https:\/\/assist.com.co\/wp-content\/uploads\/2024\/11\/financial-advisor-icon-61x.png 64w, https:\/\/assist.com.co\/wp-content\/uploads\/2024\/11\/financial-advisor-icon-61x-12x12.png 12w\" sizes=\"(max-width: 64px) 100vw, 64px\" class=\"et-waypoint et_pb_animation_off et_pb_animation_off_tablet et_pb_animation_off_phone wp-image-20347\" \/><\/span><\/div><div class=\"et_pb_blurb_container\"><div class=\"et_pb_blurb_description\"><h3 style=\"text-align: justify;\"><strong><span style=\"color: #000000;\">El banco necesita incorporar nuevos artefactos en datapower y ACE, que cumplan con criterios, protocolos\u00a0 y reglas de seguridad del sector financiero.<\/span><\/strong><\/h3>\n<\/div><\/div><\/div><\/div><\/div><\/div><\/div><div class=\"et_pb_section_4 et_pb_section et_section_regular et_block_section preset--module--divi-section--default\"><div class=\"et_pb_row_6 et_pb_row et_block_row\"><div class=\"et_pb_column_10 et_pb_column et_pb_column_3_5 et_block_column et_pb_css_mix_blend_mode_passthrough\"><div class=\"et_pb_text_6 et_pb_text et_pb_bg_layout_light et_pb_module et_block_module\"><div class=\"et_pb_text_inner\"><h1><span style=\"color: #000000;\"><b>Client Benefits:<\/b><\/span><\/h1>\n<\/div><\/div><div class=\"et_pb_divider_0 et_pb_divider et_pb_space et_pb_divider_position_top et_pb_module\"><div class=\"et_pb_divider_internal\"><\/div><\/div><\/div><div class=\"et_pb_column_11 et_pb_column et_pb_column_2_5 et-last-child et_block_column et_pb_column_empty et_pb_css_mix_blend_mode_passthrough\"><\/div><\/div><div class=\"et_pb_row_7 et_pb_row et_block_row\"><div class=\"et_pb_column_12 et_pb_column et_pb_column_3_5 et_block_column et_pb_css_mix_blend_mode_passthrough\"><div class=\"et_pb_text_7 et_pb_text et_pb_bg_layout_light et_pb_module et_block_module\"><div class=\"et_pb_text_inner\"><h2><span style=\"font-weight: 400;\">Apalancamos los procesos que soportan a cadena de valor para la venta y comercializaci\u00f3n de los productos y servicios.<\/span><\/h2>\n<\/div><\/div><div class=\"et_pb_text_8 et_pb_text et_pb_bg_layout_light et_pb_module et_block_module\"><div class=\"et_pb_text_inner\"><h2 style=\"text-align: justify;\"><span style=\"font-weight: 400; color: #000000;\">Todos los artefactos desarrollados e implementados se aplicaron los protocolos de seguridad necesarios para salvaguardar la informaci\u00f3n y los datos de los clientes.<\/span><span style=\"font-weight: 400;\"><br \/><\/span><\/h2>\n<\/div><\/div><\/div><div class=\"et_pb_column_13 et_pb_column et_pb_column_2_5 et-last-child et_block_column et_pb_css_mix_blend_mode_passthrough\"><div class=\"et_pb_image_0 et_pb_image et_pb_module et_block_module\"><span class=\"et_pb_image_wrap\"><img loading=\"lazy\" decoding=\"async\" src=\"https:\/\/assist.com.co\/wp-content\/uploads\/2024\/11\/bmm.png\" width=\"1080\" height=\"1080\" srcset=\"https:\/\/assist.com.co\/wp-content\/uploads\/2024\/11\/bmm.png 1080w, https:\/\/assist.com.co\/wp-content\/uploads\/2024\/11\/bmm-980x980.png 980w, https:\/\/assist.com.co\/wp-content\/uploads\/2024\/11\/bmm-480x480.png 480w\" sizes=\"(min-width: 0px) and (max-width: 480px) 480px, (min-width: 481px) and (max-width: 980px) 980px, (min-width: 981px) 1080px, 100vw\" class=\"wp-image-20357\" title=\"bmm\" alt=\"bmm\" \/><\/span><\/div><\/div><\/div><\/div><div class=\"et_pb_section_5 et_pb_section et_section_specialty et_pb_gutters3 et_block_section section_has_divider et_pb_top_divider\"><div class=\"et_pb_top_inside_divider et-no-transition\"><\/div><div class=\"et_pb_row et_block_row\"><div class=\"et_pb_column_14 et_pb_column et_pb_specialty_column et_pb_column_1_2 et_block_column et_pb_css_mix_blend_mode_passthrough\"><div class=\"et_pb_row_inner_0 et_pb_row_inner et_block_row\"><div class=\"et_pb_column_inner_0 et_pb_column_inner et_pb_column et_pb_column_4_4 et-last-child et_block_column et_pb_css_mix_blend_mode_passthrough\"><div class=\"et_pb_text_9 et_pb_text et_pb_bg_layout_light et_pb_module et_block_module\"><div class=\"et_pb_text_inner\"><h1><span style=\"color: #000000;\"><b>Results Achieved<\/b><\/span><\/h1>\n<\/div><\/div><\/div><\/div><div class=\"et_pb_row_inner_1 et_pb_row_inner et_block_row\"><div class=\"et_pb_column_inner_1 et_pb_column_inner et_pb_column et_pb_column_4_4 et-last-child et_block_column et_pb_css_mix_blend_mode_passthrough\"><div class=\"et_pb_text_10 et_pb_text et_pb_bg_layout_light et_pb_module et_block_module\"><div class=\"et_pb_text_inner\"><blockquote>\n<h2 style=\"text-align: justify;\"><span style=\"font-weight: 400; color: #000000;\">Integrar nuevos proveedores estrat\u00e9gicos del sector financiero para apoyar\u00a0 los negocios nuevos y actuales.<\/span><\/h2>\n<\/blockquote>\n<\/div><\/div><\/div><\/div><div class=\"et_pb_row_inner_2 et_pb_row_inner et_block_row\"><div class=\"et_pb_column_inner_2 et_pb_column_inner et_pb_column et_pb_column_4_4 et-last-child et_block_column et_pb_css_mix_blend_mode_passthrough\"><div class=\"et_pb_text_11 et_pb_text et_pb_bg_layout_light et_pb_module et_block_module\"><div class=\"et_pb_text_inner\"><blockquote>\n<h2 style=\"text-align: justify;\"><span style=\"font-weight: 400;\">Garantizar y apoyar las nuevas l\u00edneas de negocio para apalancar la promesa de venta con los clientes y a la organizaci\u00f3n. <\/span><\/h2>\n<\/blockquote>\n<\/div><\/div><div class=\"et_pb_text_12 et_pb_text et_pb_bg_layout_light et_pb_module et_block_module\"><div class=\"et_pb_text_inner\"><h1><strong><em>Tu \u00e9xito tambi\u00e9n puede comenzar hoy<\/em><\/strong><\/h1>\n<\/div><\/div><div class=\"et_pb_module et_pb_button_module_wrapper et_pb_button_1_wrapper\"><a class=\"et_pb_button_1 et_pb_button et_pb_bg_layout_light et_pb_module et_block_module\" href=\"https:\/\/assist.com.co\/en\/solicitudes\/\">CONTACT US<\/a><\/div><\/div><\/div><\/div><div class=\"et_pb_column_15 et_pb_column et_pb_column_single et_pb_column_1_2 et-last-child et_block_column et_pb_css_mix_blend_mode_passthrough\"><div class=\"et_pb_image_1 et_pb_image et_pb_module et_block_module\"><span class=\"et_pb_image_wrap\"><img loading=\"lazy\" decoding=\"async\" src=\"https:\/\/assist.com.co\/wp-content\/uploads\/2024\/11\/104049.jpg\" width=\"2000\" height=\"2000\" srcset=\"https:\/\/assist.com.co\/wp-content\/uploads\/2024\/11\/104049.jpg 2000w, https:\/\/assist.com.co\/wp-content\/uploads\/2024\/11\/104049-1280x1280.jpg 1280w, https:\/\/assist.com.co\/wp-content\/uploads\/2024\/11\/104049-980x980.jpg 980w, https:\/\/assist.com.co\/wp-content\/uploads\/2024\/11\/104049-480x480.jpg 480w\" sizes=\"(min-width: 0px) and (max-width: 480px) 480px, (min-width: 481px) and (max-width: 980px) 980px, (min-width: 981px) and (max-width: 1280px) 1280px, (min-width: 1281px) 2000px, 100vw\" class=\"wp-image-20355\" title=\"104049\" \/><\/span><\/div><\/div><\/div><\/div>","protected":false},"excerpt":{"rendered":"","protected":false},"author":1,"featured_media":0,"parent":0,"menu_order":0,"comment_status":"closed","ping_status":"closed","template":"","meta":{"inline_featured_image":false,"footnotes":""},"class_list":["post-20336","page","type-page","status-publish","hentry"],"yoast_head":"<!-- This site is optimized with the Yoast SEO Premium plugin v25.2 (Yoast SEO v27.4) - https:\/\/yoast.com\/product\/yoast-seo-premium-wordpress\/ -->\n<title>Banco Mundo Mujer: Innovaci\u00f3n en Integraci\u00f3n Financiera - Assist Consultores<\/title>\n<meta name=\"description\" content=\"Descubre c\u00f3mo Banco Mundo Mujer transform\u00f3 su integraci\u00f3n tecnol\u00f3gica. Conoce todos los detalles de este caso de \u00e9xito y c\u00f3mo logramos implementar soluciones innovadoras que impulsan el crecimiento y la experiencia de sus clientes.\" \/>\n<meta name=\"robots\" content=\"index, follow, max-snippet:-1, max-image-preview:large, max-video-preview:-1\" \/>\n<link rel=\"canonical\" href=\"https:\/\/assist.com.co\/en\/caso-de-exito-banco-mundo-mujer\/\" \/>\n<meta property=\"og:locale\" content=\"en_US\" \/>\n<meta property=\"og:type\" content=\"article\" \/>\n<meta property=\"og:title\" content=\"Banco Mundo Mujer: Innovaci\u00f3n en Integraci\u00f3n Financiera\" \/>\n<meta property=\"og:description\" content=\"Descubre c\u00f3mo Banco Mundo Mujer transform\u00f3 su integraci\u00f3n tecnol\u00f3gica. Conoce todos los detalles de este caso de \u00e9xito y c\u00f3mo logramos implementar soluciones innovadoras que impulsan el crecimiento y la experiencia de sus clientes.\" \/>\n<meta property=\"og:url\" content=\"https:\/\/assist.com.co\/en\/caso-de-exito-banco-mundo-mujer\/\" \/>\n<meta property=\"og:site_name\" content=\"Assist Consultores\" \/>\n<meta property=\"article:modified_time\" content=\"2026-02-25T15:39:33+00:00\" \/>\n<meta name=\"twitter:card\" content=\"summary_large_image\" \/>\n<script type=\"application\/ld+json\" class=\"yoast-schema-graph\">{\"@context\":\"https:\\\/\\\/schema.org\",\"@graph\":[{\"@type\":\"WebPage\",\"@id\":\"https:\\\/\\\/assist.com.co\\\/caso-de-exito-banco-mundo-mujer\\\/\",\"url\":\"https:\\\/\\\/assist.com.co\\\/caso-de-exito-banco-mundo-mujer\\\/\",\"name\":\"Banco Mundo Mujer: Innovaci\u00f3n en Integraci\u00f3n Financiera - Assist Consultores\",\"isPartOf\":{\"@id\":\"https:\\\/\\\/assist.com.co\\\/#website\"},\"datePublished\":\"2024-11-19T19:30:16+00:00\",\"dateModified\":\"2026-02-25T15:39:33+00:00\",\"description\":\"Descubre c\u00f3mo Banco Mundo Mujer transform\u00f3 su integraci\u00f3n tecnol\u00f3gica. Conoce todos los detalles de este caso de \u00e9xito y c\u00f3mo logramos implementar soluciones innovadoras que impulsan el crecimiento y la experiencia de sus clientes.\",\"breadcrumb\":{\"@id\":\"https:\\\/\\\/assist.com.co\\\/caso-de-exito-banco-mundo-mujer\\\/#breadcrumb\"},\"inLanguage\":\"en-US\",\"potentialAction\":[{\"@type\":\"ReadAction\",\"target\":[\"https:\\\/\\\/assist.com.co\\\/caso-de-exito-banco-mundo-mujer\\\/\"]}]},{\"@type\":\"BreadcrumbList\",\"@id\":\"https:\\\/\\\/assist.com.co\\\/caso-de-exito-banco-mundo-mujer\\\/#breadcrumb\",\"itemListElement\":[{\"@type\":\"ListItem\",\"position\":1,\"name\":\"Home\",\"item\":\"https:\\\/\\\/assist.com.co\\\/\"},{\"@type\":\"ListItem\",\"position\":2,\"name\":\"Banco Mundo Mujer: Innovaci\u00f3n en Integraci\u00f3n Financiera\"}]},{\"@type\":\"WebSite\",\"@id\":\"https:\\\/\\\/assist.com.co\\\/#website\",\"url\":\"https:\\\/\\\/assist.com.co\\\/\",\"name\":\"Assist Consultores\",\"description\":\"Transformando Capacidades Empresariales en Sistemas Innovadores\",\"potentialAction\":[{\"@type\":\"SearchAction\",\"target\":{\"@type\":\"EntryPoint\",\"urlTemplate\":\"https:\\\/\\\/assist.com.co\\\/?s={search_term_string}\"},\"query-input\":{\"@type\":\"PropertyValueSpecification\",\"valueRequired\":true,\"valueName\":\"search_term_string\"}}],\"inLanguage\":\"en-US\"}]}<\/script>\n<!-- \/ Yoast SEO Premium plugin. -->","yoast_head_json":{"title":"Banco Mundo Mujer: Innovaci\u00f3n en Integraci\u00f3n Financiera - Assist Consultores","description":"Descubre c\u00f3mo Banco Mundo Mujer transform\u00f3 su integraci\u00f3n tecnol\u00f3gica. Conoce todos los detalles de este caso de \u00e9xito y c\u00f3mo logramos implementar soluciones innovadoras que impulsan el crecimiento y la experiencia de sus clientes.","robots":{"index":"index","follow":"follow","max-snippet":"max-snippet:-1","max-image-preview":"max-image-preview:large","max-video-preview":"max-video-preview:-1"},"canonical":"https:\/\/assist.com.co\/en\/caso-de-exito-banco-mundo-mujer\/","og_locale":"en_US","og_type":"article","og_title":"Banco Mundo Mujer: Innovaci\u00f3n en Integraci\u00f3n Financiera","og_description":"Descubre c\u00f3mo Banco Mundo Mujer transform\u00f3 su integraci\u00f3n tecnol\u00f3gica. Conoce todos los detalles de este caso de \u00e9xito y c\u00f3mo logramos implementar soluciones innovadoras que impulsan el crecimiento y la experiencia de sus clientes.","og_url":"https:\/\/assist.com.co\/en\/caso-de-exito-banco-mundo-mujer\/","og_site_name":"Assist Consultores","article_modified_time":"2026-02-25T15:39:33+00:00","twitter_card":"summary_large_image","schema":{"@context":"https:\/\/schema.org","@graph":[{"@type":"WebPage","@id":"https:\/\/assist.com.co\/caso-de-exito-banco-mundo-mujer\/","url":"https:\/\/assist.com.co\/caso-de-exito-banco-mundo-mujer\/","name":"Banco Mundo Mujer: Innovaci\u00f3n en Integraci\u00f3n Financiera - Assist Consultores","isPartOf":{"@id":"https:\/\/assist.com.co\/#website"},"datePublished":"2024-11-19T19:30:16+00:00","dateModified":"2026-02-25T15:39:33+00:00","description":"Descubre c\u00f3mo Banco Mundo Mujer transform\u00f3 su integraci\u00f3n tecnol\u00f3gica. Conoce todos los detalles de este caso de \u00e9xito y c\u00f3mo logramos implementar soluciones innovadoras que impulsan el crecimiento y la experiencia de sus clientes.","breadcrumb":{"@id":"https:\/\/assist.com.co\/caso-de-exito-banco-mundo-mujer\/#breadcrumb"},"inLanguage":"en-US","potentialAction":[{"@type":"ReadAction","target":["https:\/\/assist.com.co\/caso-de-exito-banco-mundo-mujer\/"]}]},{"@type":"BreadcrumbList","@id":"https:\/\/assist.com.co\/caso-de-exito-banco-mundo-mujer\/#breadcrumb","itemListElement":[{"@type":"ListItem","position":1,"name":"Home","item":"https:\/\/assist.com.co\/"},{"@type":"ListItem","position":2,"name":"Banco Mundo Mujer: Innovaci\u00f3n en Integraci\u00f3n Financiera"}]},{"@type":"WebSite","@id":"https:\/\/assist.com.co\/#website","url":"https:\/\/assist.com.co\/","name":"Assist Consultores","description":"Transformando Capacidades Empresariales en Sistemas Innovadores","potentialAction":[{"@type":"SearchAction","target":{"@type":"EntryPoint","urlTemplate":"https:\/\/assist.com.co\/?s={search_term_string}"},"query-input":{"@type":"PropertyValueSpecification","valueRequired":true,"valueName":"search_term_string"}}],"inLanguage":"en-US"}]}},"_links":{"self":[{"href":"https:\/\/assist.com.co\/en\/wp-json\/wp\/v2\/pages\/20336","targetHints":{"allow":["GET"]}}],"collection":[{"href":"https:\/\/assist.com.co\/en\/wp-json\/wp\/v2\/pages"}],"about":[{"href":"https:\/\/assist.com.co\/en\/wp-json\/wp\/v2\/types\/page"}],"author":[{"embeddable":true,"href":"https:\/\/assist.com.co\/en\/wp-json\/wp\/v2\/users\/1"}],"replies":[{"embeddable":true,"href":"https:\/\/assist.com.co\/en\/wp-json\/wp\/v2\/comments?post=20336"}],"version-history":[{"count":5,"href":"https:\/\/assist.com.co\/en\/wp-json\/wp\/v2\/pages\/20336\/revisions"}],"predecessor-version":[{"id":24260,"href":"https:\/\/assist.com.co\/en\/wp-json\/wp\/v2\/pages\/20336\/revisions\/24260"}],"wp:attachment":[{"href":"https:\/\/assist.com.co\/en\/wp-json\/wp\/v2\/media?parent=20336"}],"curies":[{"name":"wp","href":"https:\/\/api.w.org\/{rel}","templated":true}]}}