{"id":20466,"date":"2024-12-06T14:44:22","date_gmt":"2024-12-06T14:44:22","guid":{"rendered":"https:\/\/assist.com.co\/?page_id=20466"},"modified":"2026-02-25T15:39:37","modified_gmt":"2026-02-25T15:39:37","slug":"el-rol-de-la-ia-generativa-transformando-las-operaciones-bancarias","status":"publish","type":"page","link":"https:\/\/assist.com.co\/en\/el-rol-de-la-ia-generativa-transformando-las-operaciones-bancarias\/","title":{"rendered":"Simplifica la Experiencia Bancaria con IA"},"content":{"rendered":"<div class=\"et_pb_section_0 et_pb_section et_section_specialty et_pb_gutters3 et_block_section et_pb_section_parallax\"><span class=\"et-pb-parallax-wrapper\"><span class=\"et-pb-parallax-background et-pb-parallax-background-module--divi-section-0\" style=\"background-image:url(https:\/\/assist.com.co\/wp-content\/uploads\/2024\/12\/fondos-bots5_Mesa-de-trabajo-1.svg)\"><\/span><span class=\"et_parallax_gradient\" style=\"background-image:linear-gradient(180deg, #fcfcfc 0%,rgba(232,232,234,0.77) 100% 100%)\"><\/span><\/span><div class=\"et_pb_row et_block_row\"><div class=\"et_pb_column_0 et_pb_column et_pb_specialty_column et_pb_column_1_2 et_block_column et_pb_css_mix_blend_mode_passthrough\"><div class=\"et_pb_row_inner_0 et_pb_row_inner et_block_row\"><div class=\"et_pb_column_inner_0 et_pb_column_inner et_pb_column et_pb_column_4_4 et-last-child et_block_column et_pb_css_mix_blend_mode_passthrough\"><div class=\"et_pb_text_0 et_pb_text et_pb_bg_layout_light et_pb_module et_block_module preset--module--divi-text--53fac924-1644-4f70-a8a0-435df3cf1c52\"><div class=\"et_pb_text_inner\"><h1><span style=\"color: #000000;\">El Rol de la <span style=\"color: #3366ff;\"><strong><em>IA Generativa<\/em><\/strong><\/span> Transformando las<\/span><\/h1>\n<h1><span style=\"color: #3366ff;\"><em><strong>Operaciones Bancarias<\/strong><\/em><\/span><\/h1>\n<\/div><\/div><div class=\"et_pb_divider_0 et_pb_divider et_pb_space et_pb_divider_position_top et_pb_module preset--module--divi-divider--a9fcc5b1-74c5-43b4-b776-3e310da5f3e8\"><div class=\"et_pb_divider_internal\"><\/div><\/div><\/div><\/div><div class=\"et_pb_row_inner_1 et_pb_row_inner et_block_row\"><div class=\"et_pb_column_inner_1 et_pb_column_inner et_pb_column et_pb_column_4_4 et-last-child et_block_column et_pb_css_mix_blend_mode_passthrough\"><div class=\"et_pb_text_1 et_pb_text et_pb_bg_layout_light et_pb_module et_block_module preset--module--divi-text--22d0da71-6393-430b-a0cd-b77dd565e85c\"><div class=\"et_pb_text_inner\"><h1 style=\"text-align: justify;\"><em><span style=\"color: #000000;\">La banca, una parte integral de la vida diaria, ha experimentado una transformaci\u00f3n con la llegada de los servicios en l\u00ednea, desde la banca por internet hasta las aplicaciones m\u00f3viles y ahora, los <span style=\"color: #0000ff;\"><strong>chatbots<\/strong><\/span> impulsados por IA.<\/span><\/em><\/h1>\n<\/div><\/div><div class=\"et_pb_module et_pb_button_module_wrapper et_pb_button_0_wrapper\"><a class=\"et_pb_button_0 et_pb_button et_pb_bg_layout_light et_pb_module et_block_module\" href=\"https:\/\/assist.com.co\/en\/solicitudes\/\"> Agenda una demo<\/a><\/div><\/div><\/div><\/div><div class=\"et_pb_column_1 et_pb_column et_pb_column_single et_pb_column_1_2 et-last-child et_block_column et_pb_css_mix_blend_mode_passthrough\"><div class=\"et_pb_image_0 et_pb_image et_pb_module et_block_module\"><span class=\"et_pb_image_wrap\"><img loading=\"lazy\" decoding=\"async\" src=\"https:\/\/assist.com.co\/wp-content\/uploads\/2024\/12\/ia-opreciones-bancarias.webp\" width=\"1407\" height=\"1991\" srcset=\"https:\/\/assist.com.co\/wp-content\/uploads\/2024\/12\/ia-opreciones-bancarias.webp 1407w, https:\/\/assist.com.co\/wp-content\/uploads\/2024\/12\/ia-opreciones-bancarias-1280x1811.webp 1280w, https:\/\/assist.com.co\/wp-content\/uploads\/2024\/12\/ia-opreciones-bancarias-980x1387.webp 980w, https:\/\/assist.com.co\/wp-content\/uploads\/2024\/12\/ia-opreciones-bancarias-480x679.webp 480w\" sizes=\"(min-width: 0px) and (max-width: 480px) 480px, (min-width: 481px) and (max-width: 980px) 980px, (min-width: 981px) and (max-width: 1280px) 1280px, (min-width: 1281px) 1407px, 100vw\" class=\"wp-image-20485\" title=\"ia-operaciones-bancarias\" alt=\"ia-operaciones-bancarias\" \/><\/span><\/div><div class=\"et_pb_image_1 et_pb_image et_pb_module et_block_module\"><span class=\"et_pb_image_wrap\"><img loading=\"lazy\" decoding=\"async\" src=\"https:\/\/assist.com.co\/wp-content\/uploads\/2024\/12\/corporate_02.jpeg\" width=\"1280\" height=\"1506\" srcset=\"https:\/\/assist.com.co\/wp-content\/uploads\/2024\/12\/corporate_02.jpeg 1280w, https:\/\/assist.com.co\/wp-content\/uploads\/2024\/12\/corporate_02-980x1153.jpeg 980w, https:\/\/assist.com.co\/wp-content\/uploads\/2024\/12\/corporate_02-480x565.jpeg 480w\" sizes=\"(min-width: 0px) and (max-width: 480px) 480px, (min-width: 481px) and (max-width: 980px) 980px, (min-width: 981px) 1280px, 100vw\" class=\"wp-image-20469\" title=\"corporate_02\" \/><\/span><\/div><\/div><\/div><\/div><div class=\"et_pb_section_1 et_pb_section et_section_regular et_block_section preset--module--divi-section--default\"><div class=\"et_pb_row_0 et_pb_row et_pb_gutters2 et_block_row\"><div class=\"et_pb_column_2 et_pb_column et_pb_column_1_3 et_block_column et_pb_css_mix_blend_mode_passthrough\"><div class=\"et_pb_text_2 et_pb_text et_pb_bg_layout_light et_pb_module et_block_module preset--module--divi-text--003e9429-8e11-4d9e-968b-8881092bbf81\"><div class=\"et_pb_text_inner\"><h2>Benefit<\/h2>\n<\/div><\/div><div class=\"et_pb_divider_1 et_pb_divider et_pb_space et_pb_divider_position_top et_pb_module preset--module--divi-divider--ce0e852d-65f7-4b50-97d9-c94701b6b484\"><div class=\"et_pb_divider_internal\"><\/div><\/div><div class=\"et_pb_text_3 et_pb_text et_pb_bg_layout_light et_pb_module et_block_module preset--module--divi-text--22d0da71-6393-430b-a0cd-b77dd565e85c\"><div class=\"et_pb_text_inner\"><h2 style=\"text-align: justify;\"><span style=\"color: #000000;\">Al aprovechar los bots bancarios impulsados por IA generativa, los bancos pueden obtener los siguientes beneficios:<\/span><\/h2>\n<\/div><\/div><div class=\"et_pb_image_2 et_pb_image et_pb_module et_block_module\"><span class=\"et_pb_image_wrap\"><img loading=\"lazy\" decoding=\"async\" src=\"https:\/\/assist.com.co\/wp-content\/uploads\/2024\/12\/bot-bancario.png\" width=\"1407\" height=\"1991\" srcset=\"https:\/\/assist.com.co\/wp-content\/uploads\/2024\/12\/bot-bancario.png 1407w, https:\/\/assist.com.co\/wp-content\/uploads\/2024\/12\/bot-bancario-1280x1811.png 1280w, https:\/\/assist.com.co\/wp-content\/uploads\/2024\/12\/bot-bancario-980x1387.png 980w, https:\/\/assist.com.co\/wp-content\/uploads\/2024\/12\/bot-bancario-480x679.png 480w\" sizes=\"(min-width: 0px) and (max-width: 480px) 480px, (min-width: 481px) and (max-width: 980px) 980px, (min-width: 981px) and (max-width: 1280px) 1280px, (min-width: 1281px) 1407px, 100vw\" class=\"wp-image-20484\" title=\"bot-bancario\" alt=\"bot-bancario\" \/><\/span><\/div><div class=\"et_pb_code_0 et_pb_code et_pb_module\"><div class=\"et_pb_code_inner\"><!-- C\u00f3digo del Chatbot para Bancos con Ajustes Responsivos -->\n<script>\n    const openChatbot = () => {\n        if (typeof $ !== \"undefined\" && $('#floatingChatBotDiv .chatButtonBG').length > 0) {\n            Streebo.inAppChatBot.openElement();\n        } else {\n            setTimeout(openChatbot, 10);\n        }\n    };\n    openChatbot();\n<\/script>\n\n<!-- Estilos Responsivos para el Chatbot -->\n<style>\n  \/* Estilos generales para el chatbot *\/\n  #floatingChatBotDiv {\n      position: fixed;\n      bottom: 20px;\n      right: 20px;\n      width: 80px;\n      height: 80px;\n      z-index: 1000;\n  }\n\n  \/* Ajustes para pantallas peque\u00f1as *\/\n  @media (max-width: 768px) {\n      #floatingChatBotDiv {\n          bottom: 10px;\n          right: 10px;\n          width: 60px;\n          height: 60px;\n      }\n  }\n\n  \/* Opcional: Ocultar chatbot en pantallas muy peque\u00f1as *\/\n  @media (max-width: 576px) {\n      #floatingChatBotDiv {\n          display: none; \/* Descomenta esta l\u00ednea si decides ocultar el bot *\/\n      }\n  }\n<\/style>\n\n<!-- Script del Chatbot -->\n<script src=\"https:\/\/newpresales.streebo.com\/chatbot-services\/newui\/chatbot-main.js?id=BDBC_nonnlp_1100101\" type=\"text\/javascript\"><\/script>\n\n<!-- Carga de jQuery -->\n<script src=\"https:\/\/ajax.googleapis.com\/ajax\/libs\/jquery\/3.7.1\/jquery.min.js\"><\/script>\n<\/div><\/div><\/div><div class=\"et_pb_column_3 et_pb_column et_pb_column_1_3 et_block_column et_pb_css_mix_blend_mode_passthrough\"><div class=\"et_pb_blurb_0 et_pb_blurb et_pb_bg_layout_light et_pb_blurb_position_top et_pb_module et_block_module preset--module--divi-blurb--4b92905e-9236-4a4d-b1eb-2bf004827169\"><div class=\"et_pb_blurb_content\"><div class=\"et_pb_main_blurb_image\"><span class=\"et_pb_image_wrap\"><span class=\"et-pb-icon et-waypoint et_pb_animation_off et_pb_animation_off_tablet et_pb_animation_off_phone\">\ue0f3<\/span><\/span><\/div><div class=\"et_pb_blurb_container\"><h4 class=\"et_pb_module_header\">Costos operativos reducidos<\/h4><div class=\"et_pb_blurb_description\"><h3 style=\"text-align: justify;\"><span style=\"color: #000000;\">Manejar todas las consultas de los clientes a trav\u00e9s del chatbot puede generar <\/span><span style=\"color: #000000;\">ahorros significativos, lo que podr\u00eda aumentar las tasas de conversi\u00f3n hasta en un <strong><span style=\"color: #3366ff;\">15%.<\/span><\/strong><\/span><\/h3>\n<\/div><\/div><\/div><\/div><div class=\"et_pb_blurb_1 et_pb_blurb et_pb_bg_layout_light et_pb_blurb_position_top et_pb_module et_block_module preset--module--divi-blurb--4b92905e-9236-4a4d-b1eb-2bf004827169\"><div class=\"et_pb_blurb_content\"><div class=\"et_pb_main_blurb_image\"><span class=\"et_pb_image_wrap\"><span class=\"et-pb-icon et-waypoint et_pb_animation_off et_pb_animation_off_tablet et_pb_animation_off_phone\">\uf7af<\/span><\/span><\/div><div class=\"et_pb_blurb_container\"><h4 class=\"et_pb_module_header\">Mayor satisfacci\u00f3n del cliente<\/h4><div class=\"et_pb_blurb_description\"><h3 style=\"text-align: justify;\"><span style=\"color: #000000;\">Al ofrecer soporte las 24 horas y atender las consultas de los clientes a trav\u00e9s de sus canales de comunicaci\u00f3n preferidos, los niveles de compromiso y satisfacci\u00f3n del cliente mejoran significativamente.<\/span><\/h3>\n<\/div><\/div><\/div><\/div><div class=\"et_pb_module et_pb_button_module_wrapper et_pb_button_1_wrapper\"><a class=\"et_pb_button_1 et_pb_button et_pb_bg_layout_light et_pb_module et_block_module\" href=\"https:\/\/assist.com.co\/en\/solicitudes\/\">MORE INFORMATION<\/a><\/div><\/div><div class=\"et_pb_column_4 et_pb_column et_pb_column_1_3 et-last-child et_block_column et_pb_css_mix_blend_mode_passthrough\"><div class=\"et_pb_blurb_2 et_pb_blurb et_pb_bg_layout_light et_pb_blurb_position_top et_pb_module et_block_module preset--module--divi-blurb--4b92905e-9236-4a4d-b1eb-2bf004827169\"><div class=\"et_pb_blurb_content\"><div class=\"et_pb_main_blurb_image\"><span class=\"et_pb_image_wrap\"><span class=\"et-pb-icon et-waypoint et_pb_animation_off et_pb_animation_off_tablet et_pb_animation_off_phone\">\uf213<\/span><\/span><\/div><div class=\"et_pb_blurb_container\"><h4 class=\"et_pb_module_header\">Mejora del rendimiento en ventas<\/h4><div class=\"et_pb_blurb_description\"><h3 style=\"text-align: justify;\"><span style=\"color: #000000;\">Aprovechar an\u00e1lisis para realizar ajustes estrat\u00e9gicos basados en las preferencias del cliente tiene el potencial de revitalizar las estrategias de ventas y generar ingresos adicionales. Esto ha dado como resultado un aumento promedio en las ventas del <span style=\"color: #3366ff;\"><strong>10%<\/strong><\/span>, seg\u00fan el informe de Forrester.<\/span><\/h3>\n<\/div><\/div><\/div><\/div><div class=\"et_pb_text_4 et_pb_text et_pb_bg_layout_light et_pb_module et_block_module preset--module--divi-text--22d0da71-6393-430b-a0cd-b77dd565e85c\"><div class=\"et_pb_text_inner\"><blockquote>\n<h1><span style=\"color: #000000;\"><strong><em>Es el crecimiento proyectado del tama\u00f1o del mercado de plataformas de banca <\/em><\/strong><strong><em>digital para 2026.<\/em><\/strong><\/span><\/h1>\n<\/blockquote>\n<\/div><\/div><div class=\"et_pb_text_5 et_pb_text et_pb_bg_layout_light et_pb_module et_block_module preset--module--divi-text--003e9429-8e11-4d9e-968b-8881092bbf81\"><div class=\"et_pb_text_inner\"><h2>$13.9 Billiones (USD)<\/h2>\n<\/div><\/div><div class=\"et_pb_code_1 et_pb_code et_pb_module\"><div class=\"et_pb_code_inner\"><div id=\"chatbot-container\">\n    <button id=\"chatbot-button\">\ud83d\udcac<\/button>\n    <div id=\"chatbot-box\">\n        <div id=\"chatbot-messages\"><\/div>\n        <input type=\"text\" id=\"chatbot-input\" placeholder=\"Escribe un mensaje...\">\n        <button onclick=\"sendMessage()\">SEND<\/button>\n    <\/div>\n<\/div>\n\n<script>\n    document.getElementById(\"chatbot-button\").addEventListener(\"click\", function() {\n        document.getElementById(\"chatbot-box\").classList.toggle(\"show\");\n    });\n\n    function sendMessage() {\n        let input = document.getElementById(\"chatbot-input\").value;\n        let messages = document.getElementById(\"chatbot-messages\");\n\n        messages.innerHTML += \"<p><strong>T\u00fa:<\/strong> \" + input + \"<\/p>\";\n\n        fetch(\"https:\/\/tu-servidor.com\/chat\", {\n            method: \"POST\",\n            headers: { \"Content-Type\": \"application\/json\" },\n            body: JSON.stringify({ message: input })\n        })\n        .then(response => response.json())\n        .then(data => {\n            messages.innerHTML += \"<p><strong>Chatbot:<\/strong> \" + data.response + \"<\/p>\";\n        });\n\n        document.getElementById(\"chatbot-input\").value = \"\";\n    }\n<\/script>\n\n<style>\n    #chatbot-container { position: fixed; bottom: 20px; right: 20px; }\n    #chatbot-button { background: #0073e6; color: white; padding: 10px; border: none; border-radius: 50%; cursor: pointer; }\n    #chatbot-box { display: none; background: white; width: 300px; height: 400px; border-radius: 10px; box-shadow: 0px 0px 10px rgba(0, 0, 0, 0.1); padding: 10px; }\n    .show { display: block !important; }\n<\/style>\n<\/div><\/div><\/div><\/div><\/div><div class=\"et_pb_section_2 et_pb_section et_section_regular et_block_section section_has_divider et_pb_top_divider preset--module--divi-section--default\"><div class=\"et_pb_top_inside_divider et-no-transition\"><\/div><div class=\"et_pb_row_1 et_pb_row et_block_row\"><div class=\"et_pb_column_5 et_pb_column et_pb_column_4_4 et-last-child et_block_column et_pb_css_mix_blend_mode_passthrough\"><div class=\"et_pb_text_6 et_pb_text et_pb_bg_layout_light et_pb_module et_block_module preset--module--divi-text--53fac924-1644-4f70-a8a0-435df3cf1c52\"><div class=\"et_pb_text_inner\"><h1><em><strong><span style=\"color: #000000;\">Listo para dar el salto?<\/span><\/strong><\/em><\/h1>\n<\/div><\/div><div class=\"et_pb_module et_pb_button_module_wrapper et_pb_button_2_wrapper preset--module--divi-button--bdf23963-464b-4991-88aa-271cf8b45b57_wrapper\"><a class=\"et_pb_button_2 et_pb_button et_pb_bg_layout_light et_pb_module et_block_module preset--module--divi-button--bdf23963-464b-4991-88aa-271cf8b45b57\" href=\"https:\/\/assist.com.co\/en\/solicitudes\/\">Aprende c\u00f3mo transformar tu banco con IA<\/a><\/div><\/div><\/div><\/div>","protected":false},"excerpt":{"rendered":"","protected":false},"author":2,"featured_media":0,"parent":0,"menu_order":0,"comment_status":"closed","ping_status":"closed","template":"","meta":{"inline_featured_image":false,"footnotes":""},"class_list":["post-20466","page","type-page","status-publish","hentry"],"yoast_head":"<!-- This site is optimized with the Yoast SEO Premium plugin v25.2 (Yoast SEO v27.3) - https:\/\/yoast.com\/product\/yoast-seo-premium-wordpress\/ -->\n<title>Simplifica la Experiencia Bancaria con IA - Assist Consultores<\/title>\n<meta name=\"description\" content=\"Transforma la experiencia bancaria con chatbots de IA avanzada. Ofrece a tus clientes respuestas r\u00e1pidas, seguridad y accesibilidad 24\/7. Ideal para servicios bancarios modernos.\" \/>\n<meta name=\"robots\" content=\"index, follow, max-snippet:-1, max-image-preview:large, max-video-preview:-1\" \/>\n<link rel=\"canonical\" href=\"https:\/\/assist.com.co\/en\/el-rol-de-la-ia-generativa-transformando-las-operaciones-bancarias\/\" \/>\n<meta property=\"og:locale\" content=\"en_US\" \/>\n<meta property=\"og:type\" content=\"article\" \/>\n<meta property=\"og:title\" content=\"Simplifica la Experiencia Bancaria con IA\" \/>\n<meta property=\"og:description\" content=\"Transforma la experiencia bancaria con chatbots de IA avanzada. Ofrece a tus clientes respuestas r\u00e1pidas, seguridad y accesibilidad 24\/7. Ideal para servicios bancarios modernos.\" \/>\n<meta property=\"og:url\" content=\"https:\/\/assist.com.co\/en\/el-rol-de-la-ia-generativa-transformando-las-operaciones-bancarias\/\" \/>\n<meta property=\"og:site_name\" content=\"Assist Consultores\" \/>\n<meta property=\"article:modified_time\" content=\"2026-02-25T15:39:37+00:00\" \/>\n<meta name=\"twitter:card\" content=\"summary_large_image\" \/>\n<script type=\"application\/ld+json\" class=\"yoast-schema-graph\">{\"@context\":\"https:\\\/\\\/schema.org\",\"@graph\":[{\"@type\":\"WebPage\",\"@id\":\"https:\\\/\\\/assist.com.co\\\/el-rol-de-la-ia-generativa-transformando-las-operaciones-bancarias\\\/\",\"url\":\"https:\\\/\\\/assist.com.co\\\/el-rol-de-la-ia-generativa-transformando-las-operaciones-bancarias\\\/\",\"name\":\"Simplifica la Experiencia Bancaria con IA - Assist Consultores\",\"isPartOf\":{\"@id\":\"https:\\\/\\\/assist.com.co\\\/#website\"},\"datePublished\":\"2024-12-06T14:44:22+00:00\",\"dateModified\":\"2026-02-25T15:39:37+00:00\",\"description\":\"Transforma la experiencia bancaria con chatbots de IA avanzada. Ofrece a tus clientes respuestas r\u00e1pidas, seguridad y accesibilidad 24\\\/7. Ideal para servicios bancarios modernos.\",\"breadcrumb\":{\"@id\":\"https:\\\/\\\/assist.com.co\\\/el-rol-de-la-ia-generativa-transformando-las-operaciones-bancarias\\\/#breadcrumb\"},\"inLanguage\":\"en-US\",\"potentialAction\":[{\"@type\":\"ReadAction\",\"target\":[\"https:\\\/\\\/assist.com.co\\\/el-rol-de-la-ia-generativa-transformando-las-operaciones-bancarias\\\/\"]}]},{\"@type\":\"BreadcrumbList\",\"@id\":\"https:\\\/\\\/assist.com.co\\\/el-rol-de-la-ia-generativa-transformando-las-operaciones-bancarias\\\/#breadcrumb\",\"itemListElement\":[{\"@type\":\"ListItem\",\"position\":1,\"name\":\"Home\",\"item\":\"https:\\\/\\\/assist.com.co\\\/\"},{\"@type\":\"ListItem\",\"position\":2,\"name\":\"Simplifica la Experiencia Bancaria con IA\"}]},{\"@type\":\"WebSite\",\"@id\":\"https:\\\/\\\/assist.com.co\\\/#website\",\"url\":\"https:\\\/\\\/assist.com.co\\\/\",\"name\":\"Assist Consultores\",\"description\":\"Transformando Capacidades Empresariales en Sistemas Innovadores\",\"potentialAction\":[{\"@type\":\"SearchAction\",\"target\":{\"@type\":\"EntryPoint\",\"urlTemplate\":\"https:\\\/\\\/assist.com.co\\\/?s={search_term_string}\"},\"query-input\":{\"@type\":\"PropertyValueSpecification\",\"valueRequired\":true,\"valueName\":\"search_term_string\"}}],\"inLanguage\":\"en-US\"}]}<\/script>\n<!-- \/ Yoast SEO Premium plugin. -->","yoast_head_json":{"title":"Simplifica la Experiencia Bancaria con IA - Assist Consultores","description":"Transforma la experiencia bancaria con chatbots de IA avanzada. Ofrece a tus clientes respuestas r\u00e1pidas, seguridad y accesibilidad 24\/7. Ideal para servicios bancarios modernos.","robots":{"index":"index","follow":"follow","max-snippet":"max-snippet:-1","max-image-preview":"max-image-preview:large","max-video-preview":"max-video-preview:-1"},"canonical":"https:\/\/assist.com.co\/en\/el-rol-de-la-ia-generativa-transformando-las-operaciones-bancarias\/","og_locale":"en_US","og_type":"article","og_title":"Simplifica la Experiencia Bancaria con IA","og_description":"Transforma la experiencia bancaria con chatbots de IA avanzada. Ofrece a tus clientes respuestas r\u00e1pidas, seguridad y accesibilidad 24\/7. Ideal para servicios bancarios modernos.","og_url":"https:\/\/assist.com.co\/en\/el-rol-de-la-ia-generativa-transformando-las-operaciones-bancarias\/","og_site_name":"Assist Consultores","article_modified_time":"2026-02-25T15:39:37+00:00","twitter_card":"summary_large_image","schema":{"@context":"https:\/\/schema.org","@graph":[{"@type":"WebPage","@id":"https:\/\/assist.com.co\/el-rol-de-la-ia-generativa-transformando-las-operaciones-bancarias\/","url":"https:\/\/assist.com.co\/el-rol-de-la-ia-generativa-transformando-las-operaciones-bancarias\/","name":"Simplifica la Experiencia Bancaria con IA - Assist Consultores","isPartOf":{"@id":"https:\/\/assist.com.co\/#website"},"datePublished":"2024-12-06T14:44:22+00:00","dateModified":"2026-02-25T15:39:37+00:00","description":"Transforma la experiencia bancaria con chatbots de IA avanzada. Ofrece a tus clientes respuestas r\u00e1pidas, seguridad y accesibilidad 24\/7. Ideal para servicios bancarios modernos.","breadcrumb":{"@id":"https:\/\/assist.com.co\/el-rol-de-la-ia-generativa-transformando-las-operaciones-bancarias\/#breadcrumb"},"inLanguage":"en-US","potentialAction":[{"@type":"ReadAction","target":["https:\/\/assist.com.co\/el-rol-de-la-ia-generativa-transformando-las-operaciones-bancarias\/"]}]},{"@type":"BreadcrumbList","@id":"https:\/\/assist.com.co\/el-rol-de-la-ia-generativa-transformando-las-operaciones-bancarias\/#breadcrumb","itemListElement":[{"@type":"ListItem","position":1,"name":"Home","item":"https:\/\/assist.com.co\/"},{"@type":"ListItem","position":2,"name":"Simplifica la Experiencia Bancaria con IA"}]},{"@type":"WebSite","@id":"https:\/\/assist.com.co\/#website","url":"https:\/\/assist.com.co\/","name":"Assist Consultores","description":"Transformando Capacidades Empresariales en Sistemas Innovadores","potentialAction":[{"@type":"SearchAction","target":{"@type":"EntryPoint","urlTemplate":"https:\/\/assist.com.co\/?s={search_term_string}"},"query-input":{"@type":"PropertyValueSpecification","valueRequired":true,"valueName":"search_term_string"}}],"inLanguage":"en-US"}]}},"_links":{"self":[{"href":"https:\/\/assist.com.co\/en\/wp-json\/wp\/v2\/pages\/20466","targetHints":{"allow":["GET"]}}],"collection":[{"href":"https:\/\/assist.com.co\/en\/wp-json\/wp\/v2\/pages"}],"about":[{"href":"https:\/\/assist.com.co\/en\/wp-json\/wp\/v2\/types\/page"}],"author":[{"embeddable":true,"href":"https:\/\/assist.com.co\/en\/wp-json\/wp\/v2\/users\/2"}],"replies":[{"embeddable":true,"href":"https:\/\/assist.com.co\/en\/wp-json\/wp\/v2\/comments?post=20466"}],"version-history":[{"count":33,"href":"https:\/\/assist.com.co\/en\/wp-json\/wp\/v2\/pages\/20466\/revisions"}],"predecessor-version":[{"id":24262,"href":"https:\/\/assist.com.co\/en\/wp-json\/wp\/v2\/pages\/20466\/revisions\/24262"}],"wp:attachment":[{"href":"https:\/\/assist.com.co\/en\/wp-json\/wp\/v2\/media?parent=20466"}],"curies":[{"name":"wp","href":"https:\/\/api.w.org\/{rel}","templated":true}]}}