{"id":20491,"date":"2024-12-06T14:47:10","date_gmt":"2024-12-06T14:47:10","guid":{"rendered":"https:\/\/assist.com.co\/?page_id=20491"},"modified":"2026-02-25T15:39:39","modified_gmt":"2026-02-25T15:39:39","slug":"chat-bot-para-el-sector-retail","status":"publish","type":"page","link":"https:\/\/assist.com.co\/en\/chat-bot-para-el-sector-retail\/","title":{"rendered":"Soluciones de Chatbot de IA de pr\u00f3xima Generaci\u00f3n"},"content":{"rendered":"<div class=\"et_pb_section_0 et_pb_section et_section_regular et_block_section preset--module--divi-section--default\"><div class=\"et_pb_row_0 et_pb_row et_block_row\"><div class=\"et_pb_column_0 et_pb_column et_pb_column_1_2 et_block_column et_pb_css_mix_blend_mode_passthrough\"><div class=\"et_pb_text_0 et_pb_text et_pb_bg_layout_light et_pb_module et_block_module\"><div class=\"et_pb_text_inner\"><h1>Soluciones de Chatbot de IA de pr\u00f3xima Generaci\u00f3n para la Industria Retail - Impulsadas por IBM watson x<\/h1>\n<\/div><\/div><\/div><div class=\"et_pb_column_1 et_pb_column et_pb_column_1_2 et-last-child et_block_column et_pb_css_mix_blend_mode_passthrough\"><div class=\"et_pb_image_0 et_pb_image et_pb_module et_block_module\"><span class=\"et_pb_image_wrap\"><img loading=\"lazy\" decoding=\"async\" src=\"https:\/\/assist.com.co\/wp-content\/uploads\/2024\/12\/Personalizacion-Impulsada-por-IA.png\" width=\"1400\" height=\"1400\" srcset=\"https:\/\/assist.com.co\/wp-content\/uploads\/2024\/12\/Personalizacion-Impulsada-por-IA.png 1400w, https:\/\/assist.com.co\/wp-content\/uploads\/2024\/12\/Personalizacion-Impulsada-por-IA-1280x1280.png 1280w, https:\/\/assist.com.co\/wp-content\/uploads\/2024\/12\/Personalizacion-Impulsada-por-IA-980x980.png 980w, https:\/\/assist.com.co\/wp-content\/uploads\/2024\/12\/Personalizacion-Impulsada-por-IA-480x480.png 480w\" sizes=\"(min-width: 0px) and (max-width: 480px) 480px, (min-width: 481px) and (max-width: 980px) 980px, (min-width: 981px) and (max-width: 1280px) 1280px, (min-width: 1281px) 1400px, 100vw\" class=\"wp-image-20509\" title=\"Soluciones de Chatbot Inteligente para Retail\" alt=\"Soluciones de Chatbot Inteligente para Retail\" \/><\/span><\/div><\/div><\/div><\/div><div class=\"et_pb_section_1 et_pb_section et_section_regular et_block_section preset--module--divi-section--default\"><div class=\"et_pb_row_1 et_pb_row et_block_row\"><div class=\"et_pb_column_2 et_pb_column et_pb_column_4_4 et-last-child et_block_column et_pb_css_mix_blend_mode_passthrough\"><div class=\"et_pb_image_1 et_pb_image et_pb_module et_block_module\"><span class=\"et_pb_image_wrap\"><img loading=\"lazy\" decoding=\"async\" src=\"https:\/\/assist.com.co\/wp-content\/uploads\/2024\/12\/virtual-assistant-05.png\" width=\"220\" height=\"192\" srcset=\"https:\/\/assist.com.co\/wp-content\/uploads\/2024\/12\/virtual-assistant-05.png 220w, https:\/\/assist.com.co\/wp-content\/uploads\/2024\/12\/virtual-assistant-05-14x12.png 14w\" sizes=\"(max-width: 220px) 100vw, 220px\" class=\"wp-image-20495\" title=\"virtual-assistant-05\" \/><\/span><\/div><div class=\"et_pb_text_1 et_pb_text et_pb_bg_layout_light et_pb_module et_block_module et_pb_text_align_center\"><div class=\"et_pb_text_inner\"><h2>Moda Inteligente a un Clic de Distancia<\/h2>\n<h3>Descubre c\u00f3mo nuestro asistente virtual revoluciona tu experiencia de compra, ofreci\u00e9ndote las mejores recomendaciones y un servicio personalizado en todo momento.<\/h3>\n<\/div><\/div><div class=\"et_pb_module et_pb_button_module_wrapper et_pb_button_0_wrapper\"><a class=\"et_pb_button_0 et_pb_button et_pb_bg_layout_light et_pb_module et_block_module\" href=\"https:\/\/assist.com.co\/en\/solicitudes\/\">M\u00c1S INFORMACI\u00d3N<\/a><\/div><\/div><\/div><div class=\"et_pb_row_2 et_pb_row et_block_row\"><div class=\"et_pb_column_3 et_pb_column et_pb_column_4_4 et-last-child et_block_column et_pb_css_mix_blend_mode_passthrough\"><div class=\"et_pb_divider_0 et_pb_divider et_pb_space et_pb_divider_position_top et_pb_module\"><div class=\"et_pb_divider_internal\"><\/div><\/div><\/div><\/div><\/div><div class=\"et_pb_section_2 et_pb_section et_section_regular et_block_section preset--module--divi-section--default\"><div class=\"et_pb_row_3 et_pb_row et_block_row\"><div class=\"et_pb_column_4 et_pb_column et_pb_column_4_4 et-last-child et_block_column et_pb_css_mix_blend_mode_passthrough\"><div class=\"et_pb_text_2 et_pb_text et_pb_bg_layout_light et_pb_module et_block_module\"><div class=\"et_pb_text_inner\"><h1 style=\"text-align: center;\">Caracter\u00edsticas Clave<\/h1>\n<\/div><\/div><div class=\"et_pb_text_3 et_pb_text et_pb_bg_layout_light et_pb_module et_block_module et_pb_text_align_center\"><div class=\"et_pb_text_inner\"><h3 style=\"text-align: justify;\"><em><span style=\"color: #000000;\">Ad\u00e9ntrate en el futuro del comercio minorista con soluciones de chatbot impulsadas por IA, dise\u00f1adas para empresas\u00a0 modernas. Aprovechando IBM watsonx, esta plataforma innovadora transforma el compromiso con los clientes, optimiza las operaciones y mejora la experiencia de compra.\u00a0<\/span><\/em><\/h3>\n<\/div><\/div><\/div><\/div><div class=\"et_pb_row_4 et_pb_row et_block_row\"><div class=\"et_pb_column_5 et_pb_column et_pb_column_1_3 et_block_column et_pb_css_mix_blend_mode_passthrough\"><div class=\"et_pb_text_4 et_pb_text et_pb_bg_layout_light et_pb_module et_block_module et_pb_text_align_center\"><div class=\"et_pb_text_inner\"><h2><span style=\"color: #333399;\"><strong>Impulsado por la Tecnolog\u00eda de IA de IBM<\/strong><\/span><\/h2>\n<\/div><\/div><div class=\"et_pb_text_5 et_pb_text et_pb_bg_layout_light et_pb_module et_block_module et_pb_text_align_center\"><div class=\"et_pb_text_inner\"><h4><span style=\"color: #000000;\">Utilizando IBM watsonx, este chatbot ofrece respuestas precisas y personalizadas a las consultas de los clientes, desde la disponibilidad de productos hasta la ubicaci\u00f3n de tiendas.<\/span><\/h4>\n<\/div><\/div><\/div><div class=\"et_pb_column_6 et_pb_column et_pb_column_1_3 et_block_column et_pb_css_mix_blend_mode_passthrough\"><div class=\"et_pb_text_6 et_pb_text et_pb_bg_layout_light et_pb_module et_block_module et_pb_text_align_center\"><div class=\"et_pb_text_inner\"><h2><span style=\"color: #333399;\"><strong>Integraci\u00f3n Preconfigurada con CRM y Backend<\/strong><\/span><\/h2>\n<\/div><\/div><div class=\"et_pb_text_7 et_pb_text et_pb_bg_layout_light et_pb_module et_block_module et_pb_text_align_center\"><div class=\"et_pb_text_inner\"><h3><span style=\"color: #000000;\">Totalmente integrado con los principales sistemas CRM minoristas como Salesforce, SAP y Oracle, esta soluci\u00f3n facilita la gesti\u00f3n de inventarios, el seguimiento de pedidos y el an\u00e1lisis de clientes, todo en una sola plataforma.<\/span><\/h3>\n<\/div><\/div><\/div><div class=\"et_pb_column_7 et_pb_column et_pb_column_1_3 et-last-child et_block_column et_pb_css_mix_blend_mode_passthrough\"><div class=\"et_pb_text_8 et_pb_text et_pb_bg_layout_light et_pb_module et_block_module et_pb_text_align_center\"><div class=\"et_pb_text_inner\"><h2><span style=\"color: #333399;\"><strong>Personalizaci\u00f3n Impulsada por IA<\/strong><\/span><\/h2>\n<\/div><\/div><div class=\"et_pb_text_9 et_pb_text et_pb_bg_layout_light et_pb_module et_block_module et_pb_text_align_center\"><div class=\"et_pb_text_inner\"><h3><span style=\"color: #000000;\">Ofrece recomendaciones personalizadas y asistencia utilizando IA cognitiva, mejorando el recorrido del cliente y aumentando las conversiones con sugerencias de productos relevantes.<\/span><\/h3>\n<\/div><\/div><\/div><\/div><\/div><div class=\"et_pb_section_3 et_pb_section et_section_regular et_block_section et_pb_section_parallax section_has_divider et_pb_bottom_divider preset--module--divi-section--default\"><span class=\"et-pb-parallax-wrapper\"><span class=\"et-pb-parallax-background et-pb-parallax-background-module--divi-section-3\" style=\"background-image:url(https:\/\/assist.com.co\/wp-content\/uploads\/2024\/12\/fondos-bots4_Mesa-de-trabajo-1.svg)\"><\/span><span class=\"et_parallax_gradient\" style=\"background-image:linear-gradient(180deg, rgba(249,249,249,0.98) 0%,rgba(250,247,255,0.63) 100% 100%)\"><\/span><\/span><div class=\"et_pb_row_5 et_pb_row et_block_row\"><div class=\"et_pb_column_8 et_pb_column et_pb_column_1_2 et_block_column et_pb_css_mix_blend_mode_passthrough\"><div class=\"et_pb_text_10 et_pb_text et_pb_bg_layout_light et_pb_module et_block_module preset--module--divi-text--e1383daf-7422-481e-b60c-005af4e584a3\"><div class=\"et_pb_text_inner\"><h2>\u00bfPor qu\u00e9 empezar desde cero?<\/h2>\n<\/div><\/div><div class=\"et_pb_divider_1 et_pb_divider et_pb_space et_pb_divider_position_top et_pb_module\"><div class=\"et_pb_divider_internal\"><\/div><\/div><\/div><div class=\"et_pb_column_9 et_pb_column et_pb_column_1_2 et-last-child et_block_column et_pb_css_mix_blend_mode_passthrough\"><div class=\"et_pb_module et_pb_button_module_wrapper et_pb_button_1_wrapper\"><a class=\"et_pb_button_1 et_pb_button et_pb_bg_layout_light et_pb_module et_block_module\" href=\"https:\/\/assist.com.co\/en\/solicitudes\/\">COMIENZA AHORA<\/a><\/div><div class=\"et_pb_text_11 et_pb_text et_pb_bg_layout_light et_pb_module et_block_module preset--module--divi-text--93671e17-351a-4fa6-ba3e-a5c92d944b6e\"><div class=\"et_pb_text_inner\"><h3>Soluciones de Chatbot Inteligente para Retail listas para implementar Impulsadas por la IA de IBM<\/h3>\n<\/div><\/div><\/div><\/div><div class=\"et_pb_row_6 et_pb_row et_block_row\"><div class=\"et_pb_column_10 et_pb_column et_pb_column_4_4 et-last-child et_block_column et_pb_css_mix_blend_mode_passthrough\"><div class=\"et_pb_image_2 et_pb_image et_pb_module et_block_module\"><span class=\"et_pb_image_wrap\"><img loading=\"lazy\" decoding=\"async\" src=\"https:\/\/assist.com.co\/wp-content\/uploads\/2024\/12\/chat-bot-retail.webp\" width=\"2000\" height=\"796\" srcset=\"https:\/\/assist.com.co\/wp-content\/uploads\/2024\/12\/chat-bot-retail.webp 2000w, https:\/\/assist.com.co\/wp-content\/uploads\/2024\/12\/chat-bot-retail-1280x509.webp 1280w, https:\/\/assist.com.co\/wp-content\/uploads\/2024\/12\/chat-bot-retail-980x390.webp 980w, https:\/\/assist.com.co\/wp-content\/uploads\/2024\/12\/chat-bot-retail-480x191.webp 480w\" sizes=\"(min-width: 0px) and (max-width: 480px) 480px, (min-width: 481px) and (max-width: 980px) 980px, (min-width: 981px) and (max-width: 1280px) 1280px, (min-width: 1281px) 2000px, 100vw\" class=\"wp-image-20508\" title=\"chat-bot-retail\" alt=\"chat-bot-retail\" \/><\/span><\/div><\/div><\/div><div class=\"et_pb_row_7 et_pb_row et_block_row\"><div class=\"et_pb_column_11 et_pb_column et_pb_column_4_4 et-last-child et_block_column et_pb_css_mix_blend_mode_passthrough\"><div class=\"et_pb_divider_2 et_pb_divider et_pb_space et_pb_divider_position_top et_pb_module\"><div class=\"et_pb_divider_internal\"><\/div><\/div><div class=\"et_pb_text_12 et_pb_text et_pb_bg_layout_light et_pb_module et_block_module preset--module--divi-text--04eb3030-e001-4e46-bf0d-223d11b5e5fb\"><div class=\"et_pb_text_inner\"><h3>R\u00e1pidas e inteligentes, desde el primer momento.<\/h3>\n<\/div><\/div><div class=\"et_pb_text_13 et_pb_text et_pb_bg_layout_light et_pb_module et_block_module preset--module--divi-text--93671e17-351a-4fa6-ba3e-a5c92d944b6e\"><div class=\"et_pb_text_inner\"><h3><span style=\"color: #ffffff;\">Experimenta el poder de los asistentes virtuales para retail impulsados por IA con nuestra prueba gratuita de 30 d\u00edas. Descubre la integraci\u00f3n fluida, la interacci\u00f3n en tiempo real con los clientes y resultados inmediatos, sin compromiso, solo resultados.<\/span><\/h3>\n<h3><strong><em><span style=\"color: #ffffff;\">\u00a1Empieza ahora y transforma tu negocio hoy mismo!<\/span><\/em><\/strong><\/h3>\n<\/div><\/div><div class=\"et_pb_module et_pb_button_module_wrapper et_pb_button_2_wrapper\"><a class=\"et_pb_button_2 et_pb_button et_pb_bg_layout_light et_pb_module et_block_module\" href=\"https:\/\/assist.com.co\/en\/solicitudes\/\">CLIC HERE<\/a><\/div><div class=\"et_pb_code_0 et_pb_code et_pb_module\"><div class=\"et_pb_code_inner\"><!-- Script del Chatbot -->\n<script>\n    const openChatbot = () => {\n        if (typeof $ !== \"undefined\" && $('#floatingChatBotDiv .chatButtonBG').length > 0) {\n            Streebo.inAppChatBot.openElement();\n        } else {\n            setTimeout(openChatbot, 100);\n        }\n    };\n    openChatbot();\n<\/script>\n\n<script src=\"https:\/\/newpresales.streebo.com\/chatbot-services\/newui\/chatbot-main.js?id=RFCS_nonnlp_0001640101\" type=\"text\/javascript\"><\/script>\n<\/div><\/div><\/div><\/div><div class=\"et_pb_bottom_inside_divider et-no-transition\"><\/div><\/div><div class=\"et_pb_section_4 et_pb_section et_section_regular et_block_section preset--module--divi-section--default\"><div class=\"et_pb_row_8 et_pb_row et_block_row\"><div class=\"et_pb_column_12 et_pb_column et_pb_column_4_4 et-last-child et_block_column et_pb_css_mix_blend_mode_passthrough\"><div class=\"et_pb_code_1 et_pb_code et_pb_module\"><div class=\"et_pb_code_inner\"><!-- Script del Chatbot -->\n<script>\n    const openChatbot = () => {\n        if (typeof $ !== \"undefined\" && $('#floatingChatBotDiv .chatButtonBG').length > 0) {\n            Streebo.inAppChatBot.openElement();\n        } else {\n            setTimeout(openChatbot, 100);\n        }\n    };\n    openChatbot();\n<\/script>\n\n<script src=\"https:\/\/newpresales.streebo.com\/chatbot-services\/newui\/chatbot-main.js?id=RFCS_nonnlp_0001640101\" type=\"text\/javascript\"><\/script>\n<\/div><\/div><\/div><\/div><\/div>","protected":false},"excerpt":{"rendered":"","protected":false},"author":2,"featured_media":0,"parent":0,"menu_order":0,"comment_status":"closed","ping_status":"closed","template":"","meta":{"inline_featured_image":false,"footnotes":""},"class_list":["post-20491","page","type-page","status-publish","hentry"],"yoast_head":"<!-- This site is optimized with the Yoast SEO Premium plugin v25.2 (Yoast SEO v27.3) - https:\/\/yoast.com\/product\/yoast-seo-premium-wordpress\/ -->\n<title>Soluciones de Chatbot de IA de pr\u00f3xima Generaci\u00f3n - Assist Consultores<\/title>\n<meta name=\"description\" content=\"Ad\u00e9ntrate en el futuro del comercio minorista con soluciones de chatbot impulsadas por IA, dise\u00f1adas para empresas minoristas modernas.\" \/>\n<meta name=\"robots\" content=\"index, follow, max-snippet:-1, max-image-preview:large, max-video-preview:-1\" \/>\n<link rel=\"canonical\" href=\"https:\/\/assist.com.co\/en\/chat-bot-para-el-sector-retail\/\" \/>\n<meta property=\"og:locale\" content=\"en_US\" \/>\n<meta property=\"og:type\" content=\"article\" \/>\n<meta property=\"og:title\" content=\"Soluciones de Chatbot de IA de pr\u00f3xima Generaci\u00f3n\" \/>\n<meta property=\"og:description\" content=\"Ad\u00e9ntrate en el futuro del comercio minorista con soluciones de chatbot impulsadas por IA, dise\u00f1adas para empresas minoristas modernas.\" \/>\n<meta property=\"og:url\" content=\"https:\/\/assist.com.co\/en\/chat-bot-para-el-sector-retail\/\" \/>\n<meta property=\"og:site_name\" content=\"Assist Consultores\" \/>\n<meta property=\"article:modified_time\" content=\"2026-02-25T15:39:39+00:00\" \/>\n<meta name=\"twitter:card\" content=\"summary_large_image\" \/>\n<script type=\"application\/ld+json\" class=\"yoast-schema-graph\">{\"@context\":\"https:\\\/\\\/schema.org\",\"@graph\":[{\"@type\":\"WebPage\",\"@id\":\"https:\\\/\\\/assist.com.co\\\/chat-bot-para-el-sector-retail\\\/\",\"url\":\"https:\\\/\\\/assist.com.co\\\/chat-bot-para-el-sector-retail\\\/\",\"name\":\"Soluciones de Chatbot de IA de pr\u00f3xima Generaci\u00f3n - Assist Consultores\",\"isPartOf\":{\"@id\":\"https:\\\/\\\/assist.com.co\\\/#website\"},\"datePublished\":\"2024-12-06T14:47:10+00:00\",\"dateModified\":\"2026-02-25T15:39:39+00:00\",\"description\":\"Ad\u00e9ntrate en el futuro del comercio minorista con soluciones de chatbot impulsadas por IA, dise\u00f1adas para empresas minoristas modernas.\",\"breadcrumb\":{\"@id\":\"https:\\\/\\\/assist.com.co\\\/chat-bot-para-el-sector-retail\\\/#breadcrumb\"},\"inLanguage\":\"en-US\",\"potentialAction\":[{\"@type\":\"ReadAction\",\"target\":[\"https:\\\/\\\/assist.com.co\\\/chat-bot-para-el-sector-retail\\\/\"]}]},{\"@type\":\"BreadcrumbList\",\"@id\":\"https:\\\/\\\/assist.com.co\\\/chat-bot-para-el-sector-retail\\\/#breadcrumb\",\"itemListElement\":[{\"@type\":\"ListItem\",\"position\":1,\"name\":\"Home\",\"item\":\"https:\\\/\\\/assist.com.co\\\/\"},{\"@type\":\"ListItem\",\"position\":2,\"name\":\"Soluciones de Chatbot de IA de pr\u00f3xima Generaci\u00f3n\"}]},{\"@type\":\"WebSite\",\"@id\":\"https:\\\/\\\/assist.com.co\\\/#website\",\"url\":\"https:\\\/\\\/assist.com.co\\\/\",\"name\":\"Assist Consultores\",\"description\":\"Transformando Capacidades Empresariales en Sistemas Innovadores\",\"potentialAction\":[{\"@type\":\"SearchAction\",\"target\":{\"@type\":\"EntryPoint\",\"urlTemplate\":\"https:\\\/\\\/assist.com.co\\\/?s={search_term_string}\"},\"query-input\":{\"@type\":\"PropertyValueSpecification\",\"valueRequired\":true,\"valueName\":\"search_term_string\"}}],\"inLanguage\":\"en-US\"}]}<\/script>\n<!-- \/ Yoast SEO Premium plugin. -->","yoast_head_json":{"title":"Soluciones de Chatbot de IA de pr\u00f3xima Generaci\u00f3n - Assist Consultores","description":"Ad\u00e9ntrate en el futuro del comercio minorista con soluciones de chatbot impulsadas por IA, dise\u00f1adas para empresas minoristas modernas.","robots":{"index":"index","follow":"follow","max-snippet":"max-snippet:-1","max-image-preview":"max-image-preview:large","max-video-preview":"max-video-preview:-1"},"canonical":"https:\/\/assist.com.co\/en\/chat-bot-para-el-sector-retail\/","og_locale":"en_US","og_type":"article","og_title":"Soluciones de Chatbot de IA de pr\u00f3xima Generaci\u00f3n","og_description":"Ad\u00e9ntrate en el futuro del comercio minorista con soluciones de chatbot impulsadas por IA, dise\u00f1adas para empresas minoristas modernas.","og_url":"https:\/\/assist.com.co\/en\/chat-bot-para-el-sector-retail\/","og_site_name":"Assist Consultores","article_modified_time":"2026-02-25T15:39:39+00:00","twitter_card":"summary_large_image","schema":{"@context":"https:\/\/schema.org","@graph":[{"@type":"WebPage","@id":"https:\/\/assist.com.co\/chat-bot-para-el-sector-retail\/","url":"https:\/\/assist.com.co\/chat-bot-para-el-sector-retail\/","name":"Soluciones de Chatbot de IA de pr\u00f3xima Generaci\u00f3n - Assist Consultores","isPartOf":{"@id":"https:\/\/assist.com.co\/#website"},"datePublished":"2024-12-06T14:47:10+00:00","dateModified":"2026-02-25T15:39:39+00:00","description":"Ad\u00e9ntrate en el futuro del comercio minorista con soluciones de chatbot impulsadas por IA, dise\u00f1adas para empresas minoristas modernas.","breadcrumb":{"@id":"https:\/\/assist.com.co\/chat-bot-para-el-sector-retail\/#breadcrumb"},"inLanguage":"en-US","potentialAction":[{"@type":"ReadAction","target":["https:\/\/assist.com.co\/chat-bot-para-el-sector-retail\/"]}]},{"@type":"BreadcrumbList","@id":"https:\/\/assist.com.co\/chat-bot-para-el-sector-retail\/#breadcrumb","itemListElement":[{"@type":"ListItem","position":1,"name":"Home","item":"https:\/\/assist.com.co\/"},{"@type":"ListItem","position":2,"name":"Soluciones de Chatbot de IA de pr\u00f3xima Generaci\u00f3n"}]},{"@type":"WebSite","@id":"https:\/\/assist.com.co\/#website","url":"https:\/\/assist.com.co\/","name":"Assist Consultores","description":"Transformando Capacidades Empresariales en Sistemas Innovadores","potentialAction":[{"@type":"SearchAction","target":{"@type":"EntryPoint","urlTemplate":"https:\/\/assist.com.co\/?s={search_term_string}"},"query-input":{"@type":"PropertyValueSpecification","valueRequired":true,"valueName":"search_term_string"}}],"inLanguage":"en-US"}]}},"_links":{"self":[{"href":"https:\/\/assist.com.co\/en\/wp-json\/wp\/v2\/pages\/20491","targetHints":{"allow":["GET"]}}],"collection":[{"href":"https:\/\/assist.com.co\/en\/wp-json\/wp\/v2\/pages"}],"about":[{"href":"https:\/\/assist.com.co\/en\/wp-json\/wp\/v2\/types\/page"}],"author":[{"embeddable":true,"href":"https:\/\/assist.com.co\/en\/wp-json\/wp\/v2\/users\/2"}],"replies":[{"embeddable":true,"href":"https:\/\/assist.com.co\/en\/wp-json\/wp\/v2\/comments?post=20491"}],"version-history":[{"count":8,"href":"https:\/\/assist.com.co\/en\/wp-json\/wp\/v2\/pages\/20491\/revisions"}],"predecessor-version":[{"id":24263,"href":"https:\/\/assist.com.co\/en\/wp-json\/wp\/v2\/pages\/20491\/revisions\/24263"}],"wp:attachment":[{"href":"https:\/\/assist.com.co\/en\/wp-json\/wp\/v2\/media?parent=20491"}],"curies":[{"name":"wp","href":"https:\/\/api.w.org\/{rel}","templated":true}]}}