{"id":20919,"date":"2025-01-27T17:51:03","date_gmt":"2025-01-27T17:51:03","guid":{"rendered":"https:\/\/assist.com.co\/?page_id=20919"},"modified":"2026-02-25T15:39:41","modified_gmt":"2026-02-25T15:39:41","slug":"webinar-inteligencia-artificial","status":"publish","type":"page","link":"https:\/\/assist.com.co\/en\/webinar-inteligencia-artificial\/","title":{"rendered":"Webinar La Era de la Inteligencia Artificial y la Automatizaci\u00f3n"},"content":{"rendered":"<div class=\"et_pb_section_0 et_pb_section et_section_regular et_block_section fondo-efecto-ondas preset--module--divi-section--default\"><div class=\"et_pb_row_0 et_pb_row et_block_row\"><div class=\"et_pb_column_0 et_pb_column et_pb_column_1_2 et_block_column et_pb_css_mix_blend_mode_passthrough\"><div class=\"et_pb_image_0 et_pb_image et_pb_module et_block_module\"><span class=\"et_pb_image_wrap\"><img loading=\"lazy\" decoding=\"async\" src=\"https:\/\/assist.com.co\/wp-content\/uploads\/2024\/12\/Logo_horizontal_Assist.png\" width=\"1000\" height=\"354\" srcset=\"https:\/\/assist.com.co\/wp-content\/uploads\/2024\/12\/Logo_horizontal_Assist.png 1000w, https:\/\/assist.com.co\/wp-content\/uploads\/2024\/12\/Logo_horizontal_Assist-980x347.png 980w, https:\/\/assist.com.co\/wp-content\/uploads\/2024\/12\/Logo_horizontal_Assist-480x170.png 480w\" sizes=\"(min-width: 0px) and (max-width: 480px) 480px, (min-width: 481px) and (max-width: 980px) 980px, (min-width: 981px) 1000px, 100vw\" class=\"wp-image-20695\" \/><\/span><\/div><div class=\"et_pb_heading_0 et_pb_heading et_pb_module et_block_module preset--module--divi-heading--283af2b2-2408-4cb1-afc4-4101cd2626b6\"><div class=\"et_pb_heading_container\"><h4 class=\"et_pb_module_header\">WEBINAR - Mesa de Expertos<\/h4><\/div><\/div><div class=\"et_pb_heading_1 et_pb_heading et_animated et_pb_module et_block_module preset--module--divi-heading--11f04dd0-b997-463c-87fe-33109a1b0da4\"><div class=\"et_pb_heading_container\"><h1 class=\"et_pb_module_header\">La era de la Inteligencia Artificial & Automatizaci\u00f3n<\/h1><\/div><\/div><div class=\"et_pb_code_0 et_pb_code et_pb_module\"><div class=\"et_pb_code_inner\"><script src=\"https:\/\/cdnjs.cloudflare.com\/ajax\/libs\/jquery.ripples\/0.5.3\/jquery.ripples.min.js\"><\/script>\n\n<script>\njQuery(document).ready(function( $ ) {\n $('.fondo-efecto-ondas').ripples({\n\t resolution: 512,\n\t dropRadius: 20,\n\t perturbance: 0.01,\n });\n});\n<\/script><\/div><\/div><div class=\"et_pb_code_1 et_pb_code et_pb_module\"><div class=\"et_pb_code_inner\"><script src=\"https:\/\/cdnjs.cloudflare.com\/ajax\/libs\/jquery.ripples\/0.5.3\/jquery.ripples.min.js\"><\/script>\n\n<script>\njQuery(document).ready(function( $ ) {\n $('.fondo-efecto-ondas').ripples({\n\t resolution: 512,\n\t dropRadius: 20,\n\t perturbance: 0.01,\n });\n});\n<\/script><\/div><\/div><div class=\"et_pb_text_0 et_pb_text et_pb_bg_layout_light et_animated et_pb_module et_block_module preset--module--divi-text--327a4162-0db9-4922-ba89-8292d8c7f3f2\"><div class=\"et_pb_text_inner\"><p style=\"text-align: justify;\"><span style=\"color: #ffffff;\">Con\u00e9ctate en el debate t\u00e9cnico para l\u00edderes empresariales y profesionales de TI, una comprensi\u00f3n profunda de las tendencias tecnol\u00f3gicas que moldear\u00e1n el panorama en el 2025, con un enfoque particular en la automatizaci\u00f3n e inteligencia artificial.<\/span><\/p>\n<\/div><\/div><div class=\"et_pb_text_1 et_pb_text et_pb_bg_layout_light et_animated et_pb_module et_block_module\"><div class=\"et_pb_text_inner\"><h2><span style=\"color: #ffffff;\"><strong><em>REG\u00cdSTRATE AHORA\u00a0<\/em> \u00a0<\/strong><\/span><\/h2>\n<\/div><\/div><\/div><div class=\"et_pb_column_1 et_pb_column et_pb_column_1_2 et-last-child et_block_column et_pb_css_mix_blend_mode_passthrough\"><div class=\"et_pb_code_2 et_pb_code et_pb_module\"><div class=\"et_pb_code_inner\"><iframe loading=\"lazy\" src=\"https:\/\/docs.google.com\/forms\/d\/e\/1FAIpQLSdIR6DHR3x_lJJ83gkSf7_tsP7R9HPfRBqpy95l-CfJxBY84Q\/viewform?embedded=true\" width=\"640\" height=\"700\" frameborder=\"0\" marginheight=\"0\" marginwidth=\"0\">Cargando\u2026<\/iframe><\/div><\/div><\/div><\/div><\/div><div class=\"et_pb_section_1 et_pb_section et_section_regular et_block_section section_has_divider et_pb_bottom_divider preset--module--divi-section--default\"><div class=\"et_pb_row_1 et_pb_row et_block_row\"><div class=\"et_pb_column_2 et_pb_column et_pb_column_1_2 et_block_column et_pb_css_mix_blend_mode_passthrough\"><div class=\"et_pb_heading_2 et_pb_heading et_pb_module et_block_module preset--module--divi-heading--ce5ae516-2ac1-492b-872c-5a4ba644844d\"><div class=\"et_pb_heading_container\"><h3 class=\"et_pb_module_header\">Explicaremos c\u00f3mo estas tecnolog\u00edas pueden impulsar la eficiencia operativa, fomentar la innovaci\u00f3n y mantener la competitividad en un mercado en constante evoluci\u00f3n.<\/h3><\/div><\/div><div class=\"et_pb_heading_3 et_pb_heading et_pb_module et_block_module preset--module--divi-heading--ce5ae516-2ac1-492b-872c-5a4ba644844d\"><div class=\"et_pb_heading_container\"><h3 class=\"et_pb_module_header\">Conoce toda la agenda\u27a1\ufe0f\u27a1\ufe0f\u27a1\ufe0f\u27a1\ufe0f<\/h3><\/div><\/div><\/div><div class=\"et_pb_column_3 et_pb_column et_pb_column_1_2 et-last-child et_block_column et_pb_css_mix_blend_mode_passthrough\"><div class=\"et_pb_module et_pb_button_module_wrapper et_pb_button_0_wrapper\"><a class=\"et_pb_button_0 et_pb_button et_pb_bg_layout_light et_pb_module et_block_module\" href=\"#AGENDA\">AGENDA INICIO<\/a><\/div><div class=\"et_pb_module et_pb_button_module_wrapper et_pb_button_1_wrapper\"><a class=\"et_pb_button_1 et_pb_button et_pb_bg_layout_light et_pb_module et_block_module\" href=\"#Agenda-2\">BLOQUE FINAL<\/a><\/div><div class=\"et_pb_icon_0 et_pb_icon et_animated et_pb_module et_block_module\"><span class=\"et_pb_icon_wrap\"><span class=\"et-pb-icon\">:<\/span><\/span><\/div><\/div><\/div><div class=\"et_pb_bottom_inside_divider et-no-transition\"><\/div><\/div><div id=\"AGENDA\" class=\"et_d4_element et_pb_section et_pb_section_2 popup et_pb_with_background  et_pb_css_mix_blend_mode et_section_regular et_block_section\" >\n\t\t\t\t\n\t\t\t\t\n\t\t\t\t\n\t\t\t\t\n\t\t\t\t\n\t\t\t\t\n\t\t\t\t<div class=\"et_d4_element et_pb_row et_pb_row_2  et_pb_css_mix_blend_mode et_block_row\">\n\t\t\t\t<div class=\"et_d4_element et_pb_column_4_4 et_pb_column et_pb_column_4  et_pb_css_mix_blend_mode et-last-child et_block_column\">\n\t\t\t\t\n\t\t\t\t\n\t\t\t\t\n\t\t\t\t\n\t\t\t\t<div class=\"et_pb_module et_d4_element et_pb_image et_pb_image_1\">\n\t\t\t\t\n\t\t\t\t\n\t\t\t\t\n\t\t\t\t\n\t\t\t\t<span class=\"et_pb_image_wrap\"><img loading=\"lazy\" decoding=\"async\" width=\"1209\" height=\"1702\" src=\"https:\/\/assist.com.co\/wp-content\/uploads\/2025\/02\/Agenda-1.png\" alt=\"\" title=\"Agenda 1\" srcset=\"https:\/\/assist.com.co\/wp-content\/uploads\/2025\/02\/Agenda-1.png 1209w, https:\/\/assist.com.co\/wp-content\/uploads\/2025\/02\/Agenda-1-980x1380.png 980w, https:\/\/assist.com.co\/wp-content\/uploads\/2025\/02\/Agenda-1-480x676.png 480w\" sizes=\"(min-width: 0px) and (max-width: 480px) 480px, (min-width: 481px) and (max-width: 980px) 980px, (min-width: 981px) 1209px, 100vw\" class=\"wp-image-21035\" \/><\/span>\n\t\t\t<\/div>\n\t\t\t<\/div>\n\t\t\t\t\n\t\t\t\t\n\t\t\t\t\n\t\t\t\t\n\t\t\t<\/div>\n\t\t\t\t\n\t\t\t\t\n\t\t\t<\/div><div id=\"Agenda-2\" class=\"et_d4_element et_pb_section et_pb_section_3 popup et_pb_with_background  et_pb_css_mix_blend_mode et_section_regular et_block_section\" >\n\t\t\t\t\n\t\t\t\t\n\t\t\t\t\n\t\t\t\t\n\t\t\t\t\n\t\t\t\t\n\t\t\t\t<div class=\"et_d4_element et_pb_row et_pb_row_3  et_pb_css_mix_blend_mode et_block_row\">\n\t\t\t\t<div class=\"et_d4_element et_pb_column_4_4 et_pb_column et_pb_column_5  et_pb_css_mix_blend_mode et-last-child et_block_column\">\n\t\t\t\t\n\t\t\t\t\n\t\t\t\t\n\t\t\t\t\n\t\t\t\t<div class=\"et_pb_module et_d4_element et_pb_image et_pb_image_2\">\n\t\t\t\t\n\t\t\t\t\n\t\t\t\t\n\t\t\t\t\n\t\t\t\t<span class=\"et_pb_image_wrap\"><img loading=\"lazy\" decoding=\"async\" width=\"1208\" height=\"1702\" src=\"https:\/\/assist.com.co\/wp-content\/uploads\/2025\/02\/Agenda-2.png\" alt=\"\" title=\"Agenda 2\" srcset=\"https:\/\/assist.com.co\/wp-content\/uploads\/2025\/02\/Agenda-2.png 1208w, https:\/\/assist.com.co\/wp-content\/uploads\/2025\/02\/Agenda-2-980x1381.png 980w, https:\/\/assist.com.co\/wp-content\/uploads\/2025\/02\/Agenda-2-480x676.png 480w\" sizes=\"(min-width: 0px) and (max-width: 480px) 480px, (min-width: 481px) and (max-width: 980px) 980px, (min-width: 981px) 1208px, 100vw\" class=\"wp-image-21036\" \/><\/span>\n\t\t\t<\/div>\n\t\t\t<\/div>\n\t\t\t\t\n\t\t\t\t\n\t\t\t\t\n\t\t\t\t\n\t\t\t<\/div>\n\t\t\t\t\n\t\t\t\t\n\t\t\t<\/div>","protected":false},"excerpt":{"rendered":"","protected":false},"author":2,"featured_media":20944,"parent":0,"menu_order":0,"comment_status":"closed","ping_status":"closed","template":"page-template-blank.php","meta":{"inline_featured_image":false,"_et_pb_use_builder":"on","_et_pb_old_content":"","_et_gb_content_width":"","footnotes":""},"class_list":["post-20919","page","type-page","status-publish","has-post-thumbnail","hentry"],"yoast_head":"<!-- This site is optimized with the Yoast SEO Premium plugin v25.2 (Yoast SEO v27.3) - https:\/\/yoast.com\/product\/yoast-seo-premium-wordpress\/ -->\n<title>Webinar La Era de la Inteligencia Artificial y la Automatizaci\u00f3n - Assist Consultores<\/title>\n<meta name=\"description\" content=\"Con\u00e9ctate en el debate t\u00e9cnico para l\u00edderes empresariales y profesionales de TI, una comprensi\u00f3n profunda de las tendencias tecnol\u00f3gicas que moldear\u00e1n el panorama en el 2025, con un enfoque particular en la automatizaci\u00f3n e inteligencia artificial.\" \/>\n<meta name=\"robots\" content=\"index, follow, max-snippet:-1, max-image-preview:large, max-video-preview:-1\" \/>\n<link rel=\"canonical\" href=\"https:\/\/assist.com.co\/en\/webinar-inteligencia-artificial\/\" \/>\n<meta property=\"og:locale\" content=\"en_US\" \/>\n<meta property=\"og:type\" content=\"article\" \/>\n<meta property=\"og:title\" content=\"Webinar La Era de la Inteligencia Artificial y la Automatizaci\u00f3n\" \/>\n<meta property=\"og:description\" content=\"Con\u00e9ctate en el debate t\u00e9cnico para l\u00edderes empresariales y profesionales de TI, una comprensi\u00f3n profunda de las tendencias tecnol\u00f3gicas que moldear\u00e1n el panorama en el 2025, con un enfoque particular en la automatizaci\u00f3n e inteligencia artificial.\" \/>\n<meta property=\"og:url\" content=\"https:\/\/assist.com.co\/en\/webinar-inteligencia-artificial\/\" \/>\n<meta property=\"og:site_name\" content=\"Assist Consultores\" \/>\n<meta property=\"article:modified_time\" content=\"2026-02-25T15:39:41+00:00\" \/>\n<meta property=\"og:image\" content=\"https:\/\/assist.com.co\/wp-content\/uploads\/2025\/01\/destacada-evento.jpg\" \/>\n\t<meta property=\"og:image:width\" content=\"1080\" \/>\n\t<meta property=\"og:image:height\" content=\"672\" \/>\n\t<meta property=\"og:image:type\" content=\"image\/jpeg\" \/>\n<meta name=\"twitter:card\" content=\"summary_large_image\" \/>\n<meta name=\"twitter:label1\" content=\"Est. reading time\" \/>\n\t<meta name=\"twitter:data1\" content=\"1 minute\" \/>\n<script type=\"application\/ld+json\" class=\"yoast-schema-graph\">{\"@context\":\"https:\\\/\\\/schema.org\",\"@graph\":[{\"@type\":\"WebPage\",\"@id\":\"https:\\\/\\\/assist.com.co\\\/webinar-inteligencia-artificial\\\/\",\"url\":\"https:\\\/\\\/assist.com.co\\\/webinar-inteligencia-artificial\\\/\",\"name\":\"Webinar La Era de la Inteligencia Artificial y la Automatizaci\u00f3n - Assist Consultores\",\"isPartOf\":{\"@id\":\"https:\\\/\\\/assist.com.co\\\/#website\"},\"primaryImageOfPage\":{\"@id\":\"https:\\\/\\\/assist.com.co\\\/webinar-inteligencia-artificial\\\/#primaryimage\"},\"image\":{\"@id\":\"https:\\\/\\\/assist.com.co\\\/webinar-inteligencia-artificial\\\/#primaryimage\"},\"thumbnailUrl\":\"https:\\\/\\\/assist.com.co\\\/wp-content\\\/uploads\\\/2025\\\/01\\\/destacada-evento.jpg\",\"datePublished\":\"2025-01-27T17:51:03+00:00\",\"dateModified\":\"2026-02-25T15:39:41+00:00\",\"description\":\"Con\u00e9ctate en el debate t\u00e9cnico para l\u00edderes empresariales y profesionales de TI, una comprensi\u00f3n profunda de las tendencias tecnol\u00f3gicas que moldear\u00e1n el panorama en el 2025, con un enfoque particular en la automatizaci\u00f3n e inteligencia artificial.\",\"breadcrumb\":{\"@id\":\"https:\\\/\\\/assist.com.co\\\/webinar-inteligencia-artificial\\\/#breadcrumb\"},\"inLanguage\":\"en-US\",\"potentialAction\":[{\"@type\":\"ReadAction\",\"target\":[\"https:\\\/\\\/assist.com.co\\\/webinar-inteligencia-artificial\\\/\"]}]},{\"@type\":\"ImageObject\",\"inLanguage\":\"en-US\",\"@id\":\"https:\\\/\\\/assist.com.co\\\/webinar-inteligencia-artificial\\\/#primaryimage\",\"url\":\"https:\\\/\\\/assist.com.co\\\/wp-content\\\/uploads\\\/2025\\\/01\\\/destacada-evento.jpg\",\"contentUrl\":\"https:\\\/\\\/assist.com.co\\\/wp-content\\\/uploads\\\/2025\\\/01\\\/destacada-evento.jpg\",\"width\":1080,\"height\":672},{\"@type\":\"BreadcrumbList\",\"@id\":\"https:\\\/\\\/assist.com.co\\\/webinar-inteligencia-artificial\\\/#breadcrumb\",\"itemListElement\":[{\"@type\":\"ListItem\",\"position\":1,\"name\":\"Home\",\"item\":\"https:\\\/\\\/assist.com.co\\\/\"},{\"@type\":\"ListItem\",\"position\":2,\"name\":\"Webinar La Era de la Inteligencia Artificial y la Automatizaci\u00f3n\"}]},{\"@type\":\"WebSite\",\"@id\":\"https:\\\/\\\/assist.com.co\\\/#website\",\"url\":\"https:\\\/\\\/assist.com.co\\\/\",\"name\":\"Assist Consultores\",\"description\":\"Transformando Capacidades Empresariales en Sistemas Innovadores\",\"potentialAction\":[{\"@type\":\"SearchAction\",\"target\":{\"@type\":\"EntryPoint\",\"urlTemplate\":\"https:\\\/\\\/assist.com.co\\\/?s={search_term_string}\"},\"query-input\":{\"@type\":\"PropertyValueSpecification\",\"valueRequired\":true,\"valueName\":\"search_term_string\"}}],\"inLanguage\":\"en-US\"}]}<\/script>\n<!-- \/ Yoast SEO Premium plugin. -->","yoast_head_json":{"title":"Webinar La Era de la Inteligencia Artificial y la Automatizaci\u00f3n - Assist Consultores","description":"Con\u00e9ctate en el debate t\u00e9cnico para l\u00edderes empresariales y profesionales de TI, una comprensi\u00f3n profunda de las tendencias tecnol\u00f3gicas que moldear\u00e1n el panorama en el 2025, con un enfoque particular en la automatizaci\u00f3n e inteligencia artificial.","robots":{"index":"index","follow":"follow","max-snippet":"max-snippet:-1","max-image-preview":"max-image-preview:large","max-video-preview":"max-video-preview:-1"},"canonical":"https:\/\/assist.com.co\/en\/webinar-inteligencia-artificial\/","og_locale":"en_US","og_type":"article","og_title":"Webinar La Era de la Inteligencia Artificial y la Automatizaci\u00f3n","og_description":"Con\u00e9ctate en el debate t\u00e9cnico para l\u00edderes empresariales y profesionales de TI, una comprensi\u00f3n profunda de las tendencias tecnol\u00f3gicas que moldear\u00e1n el panorama en el 2025, con un enfoque particular en la automatizaci\u00f3n e inteligencia artificial.","og_url":"https:\/\/assist.com.co\/en\/webinar-inteligencia-artificial\/","og_site_name":"Assist Consultores","article_modified_time":"2026-02-25T15:39:41+00:00","og_image":[{"width":1080,"height":672,"url":"https:\/\/assist.com.co\/wp-content\/uploads\/2025\/01\/destacada-evento.jpg","type":"image\/jpeg"}],"twitter_card":"summary_large_image","twitter_misc":{"Est. reading time":"1 minute"},"schema":{"@context":"https:\/\/schema.org","@graph":[{"@type":"WebPage","@id":"https:\/\/assist.com.co\/webinar-inteligencia-artificial\/","url":"https:\/\/assist.com.co\/webinar-inteligencia-artificial\/","name":"Webinar La Era de la Inteligencia Artificial y la Automatizaci\u00f3n - Assist Consultores","isPartOf":{"@id":"https:\/\/assist.com.co\/#website"},"primaryImageOfPage":{"@id":"https:\/\/assist.com.co\/webinar-inteligencia-artificial\/#primaryimage"},"image":{"@id":"https:\/\/assist.com.co\/webinar-inteligencia-artificial\/#primaryimage"},"thumbnailUrl":"https:\/\/assist.com.co\/wp-content\/uploads\/2025\/01\/destacada-evento.jpg","datePublished":"2025-01-27T17:51:03+00:00","dateModified":"2026-02-25T15:39:41+00:00","description":"Con\u00e9ctate en el debate t\u00e9cnico para l\u00edderes empresariales y profesionales de TI, una comprensi\u00f3n profunda de las tendencias tecnol\u00f3gicas que moldear\u00e1n el panorama en el 2025, con un enfoque particular en la automatizaci\u00f3n e inteligencia artificial.","breadcrumb":{"@id":"https:\/\/assist.com.co\/webinar-inteligencia-artificial\/#breadcrumb"},"inLanguage":"en-US","potentialAction":[{"@type":"ReadAction","target":["https:\/\/assist.com.co\/webinar-inteligencia-artificial\/"]}]},{"@type":"ImageObject","inLanguage":"en-US","@id":"https:\/\/assist.com.co\/webinar-inteligencia-artificial\/#primaryimage","url":"https:\/\/assist.com.co\/wp-content\/uploads\/2025\/01\/destacada-evento.jpg","contentUrl":"https:\/\/assist.com.co\/wp-content\/uploads\/2025\/01\/destacada-evento.jpg","width":1080,"height":672},{"@type":"BreadcrumbList","@id":"https:\/\/assist.com.co\/webinar-inteligencia-artificial\/#breadcrumb","itemListElement":[{"@type":"ListItem","position":1,"name":"Home","item":"https:\/\/assist.com.co\/"},{"@type":"ListItem","position":2,"name":"Webinar La Era de la Inteligencia Artificial y la Automatizaci\u00f3n"}]},{"@type":"WebSite","@id":"https:\/\/assist.com.co\/#website","url":"https:\/\/assist.com.co\/","name":"Assist Consultores","description":"Transformando Capacidades Empresariales en Sistemas Innovadores","potentialAction":[{"@type":"SearchAction","target":{"@type":"EntryPoint","urlTemplate":"https:\/\/assist.com.co\/?s={search_term_string}"},"query-input":{"@type":"PropertyValueSpecification","valueRequired":true,"valueName":"search_term_string"}}],"inLanguage":"en-US"}]}},"_links":{"self":[{"href":"https:\/\/assist.com.co\/en\/wp-json\/wp\/v2\/pages\/20919","targetHints":{"allow":["GET"]}}],"collection":[{"href":"https:\/\/assist.com.co\/en\/wp-json\/wp\/v2\/pages"}],"about":[{"href":"https:\/\/assist.com.co\/en\/wp-json\/wp\/v2\/types\/page"}],"author":[{"embeddable":true,"href":"https:\/\/assist.com.co\/en\/wp-json\/wp\/v2\/users\/2"}],"replies":[{"embeddable":true,"href":"https:\/\/assist.com.co\/en\/wp-json\/wp\/v2\/comments?post=20919"}],"version-history":[{"count":27,"href":"https:\/\/assist.com.co\/en\/wp-json\/wp\/v2\/pages\/20919\/revisions"}],"predecessor-version":[{"id":24264,"href":"https:\/\/assist.com.co\/en\/wp-json\/wp\/v2\/pages\/20919\/revisions\/24264"}],"wp:featuredmedia":[{"embeddable":true,"href":"https:\/\/assist.com.co\/en\/wp-json\/wp\/v2\/media\/20944"}],"wp:attachment":[{"href":"https:\/\/assist.com.co\/en\/wp-json\/wp\/v2\/media?parent=20919"}],"curies":[{"name":"wp","href":"https:\/\/api.w.org\/{rel}","templated":true}]}}