{"id":21165,"date":"2025-02-24T16:46:49","date_gmt":"2025-02-24T16:46:49","guid":{"rendered":"https:\/\/assist.com.co\/?page_id=21165"},"modified":"2026-02-25T15:39:45","modified_gmt":"2026-02-25T15:39:45","slug":"automatizacion-ti-medellin","status":"publish","type":"page","link":"https:\/\/assist.com.co\/en\/automatizacion-ti-medellin\/","title":{"rendered":"Automatizaci\u00f3n TI"},"content":{"rendered":"<div class=\"et_pb_section_0 et_pb_section et_section_regular et_block_section preset--module--divi-section--default\" id=\"FONDO_PARTICULAS\"><div class=\"et_pb_row_0 et_pb_row et_block_row\"><div class=\"et_pb_column_0 et_pb_column et_pb_column_1_2 et_block_column et_pb_css_mix_blend_mode_passthrough\"><div class=\"et_pb_image_0 et_pb_image et_pb_module et_block_module\"><span class=\"et_pb_image_wrap\"><img loading=\"lazy\" decoding=\"async\" src=\"https:\/\/assist.com.co\/wp-content\/uploads\/2025\/02\/Webinar-2025-Costa-Rica-2-1.png\" width=\"824\" height=\"304\" srcset=\"https:\/\/assist.com.co\/wp-content\/uploads\/2025\/02\/Webinar-2025-Costa-Rica-2-1.png 824w, https:\/\/assist.com.co\/wp-content\/uploads\/2025\/02\/Webinar-2025-Costa-Rica-2-1-480x177.png 480w\" sizes=\"(min-width: 0px) and (max-width: 480px) 480px, (min-width: 481px) 824px, 100vw\" class=\"wp-image-21152\" title=\"Webinar-2025---Costa-Rica-2\" alt=\"red-hat\" \/><\/span><\/div><div class=\"et_pb_heading_0 et_pb_heading et_pb_module et_block_module preset--module--divi-heading--283af2b2-2408-4cb1-afc4-4101cd2626b6\"><div class=\"et_pb_heading_container\"><h4 class=\"et_pb_module_header\">EVENTO MEDELL\u00cdN<\/h4><\/div><\/div><div class=\"et_pb_heading_1 et_pb_heading et_animated et_pb_module et_block_module preset--module--divi-heading--11f04dd0-b997-463c-87fe-33109a1b0da4\"><div class=\"et_pb_heading_container\"><h1 class=\"et_pb_module_header\">Automatizaci\u00f3n TI: El Primer Paso para una IA Avanzada<\/h1><\/div><\/div><div class=\"et_pb_text_0 et_pb_text et_pb_bg_layout_light et_animated et_pb_module et_block_module preset--module--divi-text--327a4162-0db9-4922-ba89-8292d8c7f3f2\"><div class=\"et_pb_text_inner\"><p style=\"text-align: justify;\"><span style=\"color: #ffffff;\">Antes de adoptar una\u00a0<strong>IA avanzada<\/strong>, es esencial contar con una\u00a0<strong>infraestructura TI automatizada<\/strong>\u00a0y optimizada. Sin una base s\u00f3lida, la inteligencia artificial no puede operar con el nivel de eficiencia, seguridad y escalabilidad que las empresas necesitan.<\/span><\/p>\n<\/div><\/div><div class=\"et_pb_text_1 et_pb_text et_pb_bg_layout_light et_pb_module et_block_module\"><div class=\"et_pb_text_inner\"><h2><strong><span style=\"color: #ffffff;\">Lugar:<\/span><\/strong><\/h2>\n<h2 class=\"qrShPb pXs6bb PZPZlf q8U8x aTI8gc hNKfZe\" data-dtype=\"d3ifr\" data-local-attribute=\"d3bn\" data-attrid=\"title\" data-ved=\"2ahUKEwjBqIyX29yLAxU5TjABHTzcJp8Q3B0oAHoECFEQAQ\"><strong><span style=\"color: #ffffff;\">Restaurante Gabo.mde Poblado<\/span><\/strong><\/h2>\n<h2><span style=\"color: #ffffff;\"><strong>Cl. 12 #43E-25, El Poblado, Medell\u00edn<\/strong><\/span><\/h2>\n<h2><span style=\"color: #ffffff;\"><strong>PARQUEADEROS ALEDA\u00d1OS<\/strong><\/span><\/h2>\n<\/div><\/div><div class=\"et_pb_image_1 et_pb_image et_pb_module et_block_module\"><span class=\"et_pb_image_wrap\"><img loading=\"lazy\" decoding=\"async\" src=\"https:\/\/assist.com.co\/wp-content\/uploads\/2025\/02\/banner-sitio.jpg\" width=\"1361\" height=\"349\" srcset=\"https:\/\/assist.com.co\/wp-content\/uploads\/2025\/02\/banner-sitio.jpg 1361w, https:\/\/assist.com.co\/wp-content\/uploads\/2025\/02\/banner-sitio-1280x328.jpg 1280w, https:\/\/assist.com.co\/wp-content\/uploads\/2025\/02\/banner-sitio-980x251.jpg 980w, https:\/\/assist.com.co\/wp-content\/uploads\/2025\/02\/banner-sitio-480x123.jpg 480w\" sizes=\"(min-width: 0px) and (max-width: 480px) 480px, (min-width: 481px) and (max-width: 980px) 980px, (min-width: 981px) and (max-width: 1280px) 1280px, (min-width: 1281px) 1361px, 100vw\" class=\"wp-image-21168\" title=\"restaurante-gabo\" alt=\"restaurante-gabo\" \/><\/span><\/div><div class=\"et_pb_text_2 et_pb_text et_pb_bg_layout_light et_animated et_pb_module et_block_module\"><div class=\"et_pb_text_inner\"><h2 style=\"text-align: left;\"><span style=\"color: #ffffff;\"><strong><em>DISFRUTA DEL PARTIDO, COLOMBIA VS BRASIL\u00a0<\/em> \u00a0<\/strong><\/span><\/h2>\n<\/div><\/div><\/div><div class=\"et_pb_column_1 et_pb_column et_pb_column_1_2 et-last-child et_block_column et_pb_css_mix_blend_mode_passthrough\"><div class=\"et_pb_code_0 et_pb_code et_pb_module\"><div class=\"et_pb_code_inner\"><iframe loading=\"lazy\" src=\"https:\/\/docs.google.com\/forms\/d\/e\/1FAIpQLSdyNq6hdV-GJjmZ3vrDcYYGGhNyTbagaWrs4xlx2VWvsuUZIw\/viewform?embedded=true\" width=\"640\" height=\"900\" frameborder=\"0\" marginheight=\"0\" marginwidth=\"0\">Cargando\u2026<\/iframe><\/div><\/div><div class=\"et_pb_image_2 et_pb_image et_pb_module et_block_module\"><span class=\"et_pb_image_wrap\"><img loading=\"lazy\" decoding=\"async\" src=\"https:\/\/assist.com.co\/wp-content\/uploads\/2025\/03\/colombia-vs-brasil.jpg\" width=\"1080\" height=\"402\" srcset=\"https:\/\/assist.com.co\/wp-content\/uploads\/2025\/03\/colombia-vs-brasil.jpg 1080w, https:\/\/assist.com.co\/wp-content\/uploads\/2025\/03\/colombia-vs-brasil-980x365.jpg 980w, https:\/\/assist.com.co\/wp-content\/uploads\/2025\/03\/colombia-vs-brasil-480x179.jpg 480w\" sizes=\"(min-width: 0px) and (max-width: 480px) 480px, (min-width: 481px) and (max-width: 980px) 980px, (min-width: 981px) 1080px, 100vw\" class=\"wp-image-21279\" title=\"colombia-vs-brasil\" alt=\"colombia-vs-brasil\" \/><\/span><\/div><div class=\"et_pb_module et_pb_button_module_wrapper et_pb_button_0_wrapper\"><a class=\"et_pb_button_0 et_pb_button et_pb_bg_layout_light et_pb_module et_block_module\" href=\"https:\/\/api.whatsapp.com\/send\/?phone=%2B573102169640&#038;text=Hola%2C+quisiera+que+me+contacten.&#038;app_absent=0\">Quieres saber m\u00e1s<\/a><\/div><\/div><\/div><\/div><div class=\"et_pb_section_1 et_pb_section et_section_regular et_block_section section_has_divider et_pb_bottom_divider preset--module--divi-section--default\"><div class=\"et_pb_row_1 et_pb_row et_block_row\"><div class=\"et_pb_column_2 et_pb_column et_pb_column_1_2 et_block_column et_pb_css_mix_blend_mode_passthrough\"><div class=\"et_pb_slider_0 et_pb_slider et_pb_slider_fullwidth_off et_slider_auto et_slider_speed_6000 et_pb_module et_block_module\"><div class=\"et_pb_slides\"><div class=\"et_pb_slide_0 et_pb_slide et_pb_media_alignment_center et_pb_bg_layout_dark et_pb_text_align_center et_pb_module et_block_module\" data-slide-id=\"divi\/slide-0\"><div class=\"et_pb_container\"><div class=\"et_pb_slider_container_inner\"><div class=\"et_pb_slide_description\"><div class=\"et_pb_slide_content\"><h2><strong>Descubre c\u00f3mo la automatizaci\u00f3n impulsa la IA y transforma la gesti\u00f3n de infraestructura<\/strong><\/h2>\n<\/div><\/div><\/div><\/div><\/div><div class=\"et_pb_slide_1 et_pb_slide et_pb_media_alignment_center et_pb_bg_layout_dark et_pb_text_align_center et_pb_module et_block_module\" data-slide-id=\"divi\/slide-1\"><div class=\"et_pb_container\"><div class=\"et_pb_slider_container_inner\"><div class=\"et_pb_slide_description\"><div class=\"et_pb_slide_content\"><h2><strong>Casos de \u00e9xito y estrategias para adoptar Ansible de manera efectiva<\/strong><\/h2>\n<\/div><\/div><\/div><\/div><\/div><div class=\"et_pb_slide_2 et_pb_slide et_pb_media_alignment_center et_pb_bg_layout_dark et_pb_text_align_center et_pb_module et_block_module\" data-slide-id=\"divi\/slide-2\"><div class=\"et_pb_container\"><div class=\"et_pb_slider_container_inner\"><div class=\"et_pb_slide_description\"><div class=\"et_pb_slide_content\"><h2><strong>Beneficios tangibles para la operaci\u00f3n TI y el negocio<\/strong><\/h2>\n<\/div><\/div><\/div><\/div><\/div><\/div><\/div><\/div><div class=\"et_pb_column_3 et_pb_column et_pb_column_1_2 et-last-child et_block_column et_pb_css_mix_blend_mode_passthrough\"><div class=\"et_pb_divider_0 et_pb_divider et_pb_space et_pb_divider_position_top et_pb_module\"><div class=\"et_pb_divider_internal\"><\/div><\/div><div class=\"et_pb_heading_2 et_pb_heading et_pb_module et_block_module preset--module--divi-heading--ce5ae516-2ac1-492b-872c-5a4ba644844d\"><div class=\"et_pb_heading_container\"><h3 class=\"et_pb_module_header\">En este evento, exploraremos c\u00f3mo acelerar los procesos reduciendo errores, mejorando tiempos de despliegue y optimizando recursos, preparando as\u00ed el camino para una implementaci\u00f3n exitosa de inteligencia artificial en TI.<\/h3><\/div><\/div><\/div><\/div><div class=\"et_pb_bottom_inside_divider et-no-transition\"><\/div><\/div>","protected":false},"excerpt":{"rendered":"","protected":false},"author":2,"featured_media":0,"parent":0,"menu_order":0,"comment_status":"closed","ping_status":"closed","template":"page-template-blank.php","meta":{"inline_featured_image":false,"footnotes":""},"class_list":["post-21165","page","type-page","status-publish","hentry"],"yoast_head":"<!-- This site is optimized with the Yoast SEO Premium plugin v25.2 (Yoast SEO v27.4) - https:\/\/yoast.com\/product\/yoast-seo-premium-wordpress\/ -->\n<title>Automatizaci\u00f3n TI - Assist Consultores<\/title>\n<meta name=\"description\" content=\"Antes de adoptar una IA avanzada, es esencial contar con una infraestructura TI automatizada y optimizada.\" \/>\n<meta name=\"robots\" content=\"index, follow, max-snippet:-1, max-image-preview:large, max-video-preview:-1\" \/>\n<link rel=\"canonical\" href=\"https:\/\/assist.com.co\/en\/automatizacion-ti-medellin\/\" \/>\n<meta property=\"og:locale\" content=\"en_US\" \/>\n<meta property=\"og:type\" content=\"article\" \/>\n<meta property=\"og:title\" content=\"Automatizaci\u00f3n TI\" \/>\n<meta property=\"og:description\" content=\"Antes de adoptar una IA avanzada, es esencial contar con una infraestructura TI automatizada y optimizada.\" \/>\n<meta property=\"og:url\" content=\"https:\/\/assist.com.co\/en\/automatizacion-ti-medellin\/\" \/>\n<meta property=\"og:site_name\" content=\"Assist Consultores\" \/>\n<meta property=\"article:modified_time\" content=\"2026-02-25T15:39:45+00:00\" \/>\n<meta name=\"twitter:card\" content=\"summary_large_image\" \/>\n<meta name=\"twitter:label1\" content=\"Est. reading time\" \/>\n\t<meta name=\"twitter:data1\" content=\"1 minute\" \/>\n<script type=\"application\/ld+json\" class=\"yoast-schema-graph\">{\"@context\":\"https:\\\/\\\/schema.org\",\"@graph\":[{\"@type\":\"WebPage\",\"@id\":\"https:\\\/\\\/assist.com.co\\\/automatizacion-ti-medellin\\\/\",\"url\":\"https:\\\/\\\/assist.com.co\\\/automatizacion-ti-medellin\\\/\",\"name\":\"Automatizaci\u00f3n TI - Assist Consultores\",\"isPartOf\":{\"@id\":\"https:\\\/\\\/assist.com.co\\\/#website\"},\"datePublished\":\"2025-02-24T16:46:49+00:00\",\"dateModified\":\"2026-02-25T15:39:45+00:00\",\"description\":\"Antes de adoptar una IA avanzada, es esencial contar con una infraestructura TI automatizada y optimizada.\",\"breadcrumb\":{\"@id\":\"https:\\\/\\\/assist.com.co\\\/automatizacion-ti-medellin\\\/#breadcrumb\"},\"inLanguage\":\"en-US\",\"potentialAction\":[{\"@type\":\"ReadAction\",\"target\":[\"https:\\\/\\\/assist.com.co\\\/automatizacion-ti-medellin\\\/\"]}]},{\"@type\":\"BreadcrumbList\",\"@id\":\"https:\\\/\\\/assist.com.co\\\/automatizacion-ti-medellin\\\/#breadcrumb\",\"itemListElement\":[{\"@type\":\"ListItem\",\"position\":1,\"name\":\"Home\",\"item\":\"https:\\\/\\\/assist.com.co\\\/\"},{\"@type\":\"ListItem\",\"position\":2,\"name\":\"Automatizaci\u00f3n TI\"}]},{\"@type\":\"WebSite\",\"@id\":\"https:\\\/\\\/assist.com.co\\\/#website\",\"url\":\"https:\\\/\\\/assist.com.co\\\/\",\"name\":\"Assist Consultores\",\"description\":\"Transformando Capacidades Empresariales en Sistemas Innovadores\",\"potentialAction\":[{\"@type\":\"SearchAction\",\"target\":{\"@type\":\"EntryPoint\",\"urlTemplate\":\"https:\\\/\\\/assist.com.co\\\/?s={search_term_string}\"},\"query-input\":{\"@type\":\"PropertyValueSpecification\",\"valueRequired\":true,\"valueName\":\"search_term_string\"}}],\"inLanguage\":\"en-US\"}]}<\/script>\n<!-- \/ Yoast SEO Premium plugin. -->","yoast_head_json":{"title":"Automatizaci\u00f3n TI - Assist Consultores","description":"Antes de adoptar una IA avanzada, es esencial contar con una infraestructura TI automatizada y optimizada.","robots":{"index":"index","follow":"follow","max-snippet":"max-snippet:-1","max-image-preview":"max-image-preview:large","max-video-preview":"max-video-preview:-1"},"canonical":"https:\/\/assist.com.co\/en\/automatizacion-ti-medellin\/","og_locale":"en_US","og_type":"article","og_title":"Automatizaci\u00f3n TI","og_description":"Antes de adoptar una IA avanzada, es esencial contar con una infraestructura TI automatizada y optimizada.","og_url":"https:\/\/assist.com.co\/en\/automatizacion-ti-medellin\/","og_site_name":"Assist Consultores","article_modified_time":"2026-02-25T15:39:45+00:00","twitter_card":"summary_large_image","twitter_misc":{"Est. reading time":"1 minute"},"schema":{"@context":"https:\/\/schema.org","@graph":[{"@type":"WebPage","@id":"https:\/\/assist.com.co\/automatizacion-ti-medellin\/","url":"https:\/\/assist.com.co\/automatizacion-ti-medellin\/","name":"Automatizaci\u00f3n TI - Assist Consultores","isPartOf":{"@id":"https:\/\/assist.com.co\/#website"},"datePublished":"2025-02-24T16:46:49+00:00","dateModified":"2026-02-25T15:39:45+00:00","description":"Antes de adoptar una IA avanzada, es esencial contar con una infraestructura TI automatizada y optimizada.","breadcrumb":{"@id":"https:\/\/assist.com.co\/automatizacion-ti-medellin\/#breadcrumb"},"inLanguage":"en-US","potentialAction":[{"@type":"ReadAction","target":["https:\/\/assist.com.co\/automatizacion-ti-medellin\/"]}]},{"@type":"BreadcrumbList","@id":"https:\/\/assist.com.co\/automatizacion-ti-medellin\/#breadcrumb","itemListElement":[{"@type":"ListItem","position":1,"name":"Home","item":"https:\/\/assist.com.co\/"},{"@type":"ListItem","position":2,"name":"Automatizaci\u00f3n TI"}]},{"@type":"WebSite","@id":"https:\/\/assist.com.co\/#website","url":"https:\/\/assist.com.co\/","name":"Assist Consultores","description":"Transformando Capacidades Empresariales en Sistemas Innovadores","potentialAction":[{"@type":"SearchAction","target":{"@type":"EntryPoint","urlTemplate":"https:\/\/assist.com.co\/?s={search_term_string}"},"query-input":{"@type":"PropertyValueSpecification","valueRequired":true,"valueName":"search_term_string"}}],"inLanguage":"en-US"}]}},"_links":{"self":[{"href":"https:\/\/assist.com.co\/en\/wp-json\/wp\/v2\/pages\/21165","targetHints":{"allow":["GET"]}}],"collection":[{"href":"https:\/\/assist.com.co\/en\/wp-json\/wp\/v2\/pages"}],"about":[{"href":"https:\/\/assist.com.co\/en\/wp-json\/wp\/v2\/types\/page"}],"author":[{"embeddable":true,"href":"https:\/\/assist.com.co\/en\/wp-json\/wp\/v2\/users\/2"}],"replies":[{"embeddable":true,"href":"https:\/\/assist.com.co\/en\/wp-json\/wp\/v2\/comments?post=21165"}],"version-history":[{"count":11,"href":"https:\/\/assist.com.co\/en\/wp-json\/wp\/v2\/pages\/21165\/revisions"}],"predecessor-version":[{"id":24266,"href":"https:\/\/assist.com.co\/en\/wp-json\/wp\/v2\/pages\/21165\/revisions\/24266"}],"wp:attachment":[{"href":"https:\/\/assist.com.co\/en\/wp-json\/wp\/v2\/media?parent=21165"}],"curies":[{"name":"wp","href":"https:\/\/api.w.org\/{rel}","templated":true}]}}