{"id":21175,"date":"2025-02-26T20:56:43","date_gmt":"2025-02-26T20:56:43","guid":{"rendered":"https:\/\/assist.com.co\/?page_id=21175"},"modified":"2026-02-25T15:39:48","modified_gmt":"2026-02-25T15:39:48","slug":"chatbot-de-ia-en-salud-revolucion-en-la-experiencia-del-paciente","status":"publish","type":"page","link":"https:\/\/assist.com.co\/en\/chatbot-de-ia-en-salud-revolucion-en-la-experiencia-del-paciente\/","title":{"rendered":"Chatbot de IA en salud: Revoluci\u00f3n en la experiencia del paciente"},"content":{"rendered":"<div class=\"et_pb_section_0 et_pb_section et_section_regular et_block_section preset--module--divi-section--default\"><div class=\"et_pb_row_0 et_pb_row et_block_row\"><div class=\"et_pb_column_0 et_pb_column et_pb_column_3_5 et_block_column et_pb_css_mix_blend_mode_passthrough\"><div class=\"et_pb_text_0 et_pb_text et_pb_bg_layout_dark et_pb_module et_block_module\"><div class=\"et_pb_text_inner\"><h1><span style=\"color: #000000;\">IA en salud: Chatbot para optimizar citas y atenci\u00f3n al paciente<\/span><\/h1>\n<\/div><\/div><div class=\"et_pb_text_1 et_pb_text et_pb_bg_layout_light et_pb_module et_block_module\"><div class=\"et_pb_text_inner\"><h2>Descubre c\u00f3mo una cl\u00ednica dental l\u00edder transform\u00f3 la experiencia del usuario con un chatbot de salud impulsado por IA generativa<\/h2>\n<\/div><\/div><\/div><div class=\"et_pb_column_1 et_pb_column et_pb_column_2_5 et-last-child et_block_column et_pb_css_mix_blend_mode_passthrough\"><div class=\"et_pb_image_0 et_pb_image et_pb_module et_block_module\"><span class=\"et_pb_image_wrap\"><img loading=\"lazy\" decoding=\"async\" src=\"https:\/\/assist.com.co\/wp-content\/uploads\/2025\/02\/458958.webp\" width=\"2000\" height=\"1333\" srcset=\"https:\/\/assist.com.co\/wp-content\/uploads\/2025\/02\/458958.webp 2000w, https:\/\/assist.com.co\/wp-content\/uploads\/2025\/02\/458958-1280x853.webp 1280w, https:\/\/assist.com.co\/wp-content\/uploads\/2025\/02\/458958-980x653.webp 980w, https:\/\/assist.com.co\/wp-content\/uploads\/2025\/02\/458958-480x320.webp 480w\" sizes=\"(min-width: 0px) and (max-width: 480px) 480px, (min-width: 481px) and (max-width: 980px) 980px, (min-width: 981px) and (max-width: 1280px) 1280px, (min-width: 1281px) 2000px, 100vw\" class=\"wp-image-21194\" title=\"chatbots\" alt=\"chatbots\" \/><\/span><\/div><\/div><\/div><\/div><div class=\"et_pb_section_1 et_pb_section et_section_specialty et_pb_gutters3 et_block_section\"><div class=\"et_pb_row et_block_row\"><div class=\"et_pb_column_2 et_pb_column et_pb_column_single et_pb_column_1_2 et_block_column et_pb_css_mix_blend_mode_passthrough\"><div class=\"et_pb_image_1 et_pb_image et_pb_module et_block_module\"><span class=\"et_pb_image_wrap\"><img loading=\"lazy\" decoding=\"async\" src=\"https:\/\/assist.com.co\/wp-content\/uploads\/2025\/02\/lady-img1.png\" width=\"928\" height=\"1025\" srcset=\"https:\/\/assist.com.co\/wp-content\/uploads\/2025\/02\/lady-img1.png 928w, https:\/\/assist.com.co\/wp-content\/uploads\/2025\/02\/lady-img1-480x530.png 480w\" sizes=\"(min-width: 0px) and (max-width: 480px) 480px, (min-width: 481px) 928px, 100vw\" class=\"wp-image-21191\" title=\"lady-img1\" \/><\/span><\/div><\/div><div class=\"et_pb_column_3 et_pb_column et_pb_specialty_column et_pb_column_1_2 et-last-child et_block_column et_pb_css_mix_blend_mode_passthrough\"><div class=\"et_pb_row_inner_0 et_pb_row_inner et_block_row\"><div class=\"et_pb_column_inner_0 et_pb_column_inner et_pb_column et_pb_column_4_4 et-last-child et_block_column et_pb_css_mix_blend_mode_passthrough\"><div class=\"et_pb_text_2 et_pb_text et_pb_bg_layout_light et_pb_module et_block_module\"><div class=\"et_pb_text_inner\"><h2>C\u00f3mo un chatbot de IA mejor\u00f3 la gesti\u00f3n de citas en salud<\/h2>\n<p style=\"text-align: justify;\"><span style=\"color: #000000;\"><strong>US Dental<\/strong><\/span>, es una de las principales cl\u00ednicas dentales reconocidas por sus excepcionales servicios de atenci\u00f3n odontol\u00f3gica. Con expertos de Estados Unidos, US Dental est\u00e1 a la vanguardia en tratamientos avanzados como implantes dentales y odontolog\u00eda cosm\u00e9tica. Su compromiso con la excelencia y el enfoque centrado en el paciente garantizan servicios dentales de primer nivel adaptados a las necesidades individuales.<\/p>\n<\/div><\/div><div class=\"et_pb_text_3 et_pb_text et_pb_bg_layout_light et_pb_module et_block_module\"><div class=\"et_pb_text_inner\"><h2 style=\"text-align: justify;\"><em><strong>Integraci\u00f3n con IA generativa:<\/strong> Respuestas personalizadas, simulaci\u00f3n de conversaciones naturales y asistencia inteligente, mejorando la experiencia del usuario.<\/em><\/h2>\n<\/div><\/div><\/div><\/div><\/div><\/div><\/div><div class=\"et_pb_section_2 et_pb_section et_section_regular et_block_section preset--module--divi-section--default\"><div class=\"et_pb_row_1 et_pb_row et_block_row\"><div class=\"et_pb_column_4 et_pb_column et_pb_column_3_5 et_block_column et_pb_css_mix_blend_mode_passthrough\"><div class=\"et_pb_text_4 et_pb_text et_pb_bg_layout_light et_pb_module et_block_module\"><div class=\"et_pb_text_inner\"><h3><strong>El desaf\u00edo comercial<\/strong><\/h3>\n<\/div><\/div><div class=\"et_pb_text_5 et_pb_text et_pb_bg_layout_light et_pb_module et_block_module\"><div class=\"et_pb_text_inner\"><h3 style=\"text-align: justify;\">A pesar de su prestigio como cl\u00ednica dental l\u00edder, US Dental enfrentaba varios desaf\u00edos para optimizar la experiencia de sus usuarios:<\/h3>\n<ul style=\"text-align: justify;\">\n<li>\n<h3><strong>Reserva manual de citas:<\/strong> Los m\u00e9todos tradicionales resultaban ser lentos y propensos a errores, afectando la eficiencia operativa.<\/h3>\n<\/li>\n<li>\n<h3><strong>Opciones limitadas de consulta:<\/strong> Los usuarios ten\u00edan dificultades para acceder a consultas dentales, especialmente fuera de su horario laboral, lo que generaba inconvenientes.<\/h3>\n<\/li>\n<\/ul>\n<h3 style=\"text-align: justify;\">Reconociendo la creciente demanda de agendamiento de citas y consultas en l\u00ednea cada vez m\u00e1s accesibles, US Dental decidi\u00f3 adoptar soluciones innovadoras que se ajustaran a sus necesidades cambiantes.<\/h3>\n<\/div><\/div><div class=\"et_pb_text_6 et_pb_text et_pb_bg_layout_light et_pb_module et_block_module\"><div class=\"et_pb_text_inner\"><h2><em><strong data-start=\"595\" data-end=\"641\">D\u00e9janos tus datos y agenda una DEMO GRATIS<\/strong> para descubrir c\u00f3mo mejorar la atenci\u00f3n al paciente con IA.<\/em><\/h2>\n<\/div><\/div><div class=\"et_pb_module et_pb_button_module_wrapper et_pb_button_0_wrapper\"><a class=\"et_pb_button_0 et_pb_button et_pb_bg_layout_light et_pb_module et_block_module\" href=\"https:\/\/api.whatsapp.com\/send\/?phone=%2B573102169640&#038;text=Hola%2C+quisiera+que+me+contacten.&#038;app_absent=0\">O HABLA CON UN EXPERTO<\/a><\/div><\/div><div class=\"et_pb_column_5 et_pb_column et_pb_column_2_5 et-last-child et_block_column et_pb_css_mix_blend_mode_passthrough\"><div class=\"et_pb_code_0 et_pb_code et_pb_module\"><div class=\"et_pb_code_inner\"><iframe loading=\"lazy\" src=\"https:\/\/docs.google.com\/forms\/d\/e\/1FAIpQLSenuvMEMUlRNSJEvNaT9dLr-uRt9bDUMlZlvmkScmO98EbDVQ\/viewform?embedded=true\" width=\"640\" height=\"800\" frameborder=\"0\" marginheight=\"0\" marginwidth=\"0\">Cargando\u2026<\/iframe><\/div><\/div><\/div><\/div><div class=\"et_pb_row_2 et_pb_row et_block_row\"><div class=\"et_pb_column_6 et_pb_column et_pb_column_2_5 et_block_column et_pb_css_mix_blend_mode_passthrough\"><div class=\"et_pb_image_2 et_pb_image et_pb_module et_block_module\"><span class=\"et_pb_image_wrap\"><img loading=\"lazy\" decoding=\"async\" src=\"https:\/\/assist.com.co\/wp-content\/uploads\/2025\/02\/chat-bots-salud.webp\" width=\"2000\" height=\"1333\" srcset=\"https:\/\/assist.com.co\/wp-content\/uploads\/2025\/02\/chat-bots-salud.webp 2000w, https:\/\/assist.com.co\/wp-content\/uploads\/2025\/02\/chat-bots-salud-1280x853.webp 1280w, https:\/\/assist.com.co\/wp-content\/uploads\/2025\/02\/chat-bots-salud-980x653.webp 980w, https:\/\/assist.com.co\/wp-content\/uploads\/2025\/02\/chat-bots-salud-480x320.webp 480w\" sizes=\"(min-width: 0px) and (max-width: 480px) 480px, (min-width: 481px) and (max-width: 980px) 980px, (min-width: 981px) and (max-width: 1280px) 1280px, (min-width: 1281px) 2000px, 100vw\" class=\"wp-image-21188\" title=\"chat-bots-salud\" alt=\"chat-bots-salud\" \/><\/span><\/div><\/div><div class=\"et_pb_column_7 et_pb_column et_pb_column_3_5 et-last-child et_block_column et_pb_css_mix_blend_mode_passthrough\"><div class=\"et_pb_text_7 et_pb_text et_pb_bg_layout_light et_pb_module et_block_module\"><div class=\"et_pb_text_inner\"><h3><strong>La soluci\u00f3n que ofrecimos e implementamos<\/strong><\/h3>\n<\/div><\/div><div class=\"et_pb_text_8 et_pb_text et_pb_bg_layout_light et_pb_module et_block_module\"><div class=\"et_pb_text_inner\"><p style=\"text-align: justify;\"><span style=\"color: #000000;\">Se propuso una soluci\u00f3n de chatbot inteligente impulsado por IA generativa para <strong>automatizar la programaci\u00f3n de citas, ofrecer consultas en l\u00ednea 24\/7 y mejorar la interacci\u00f3n con los pacientes.<\/strong> Aprovechando las capacidades de la IA generativa, el chatbot proporciona respuestas personalizadas, simula conversaciones naturales y ofrece asistencia inteligente a los pacientes. Esta tecnolog\u00eda avanzada garantiza interacciones fluidas y mejora la experiencia general del paciente.<\/span><\/p>\n<\/div><\/div><\/div><\/div><\/div><div class=\"et_pb_section_3 et_pb_section et_section_regular et_block_section preset--module--divi-section--default\"><div class=\"et_pb_row_3 et_pb_row et_pb_row_5col et_block_row et_block_row_5col et_clickable\"><div class=\"et_pb_column_8 et_pb_column et_pb_column_1_5 et_block_column et_pb_css_mix_blend_mode_passthrough\"><div class=\"et_pb_text_9 et_pb_text et_pb_bg_layout_light et_pb_module et_block_module\"><div class=\"et_pb_text_inner\"><h3><strong>La soluci\u00f3n que ofrecimos e implementamos<\/strong><\/h3>\n<\/div><\/div><\/div><div class=\"et_pb_column_9 et_pb_column et_pb_column_1_5 et_block_column et_pb_css_mix_blend_mode_passthrough\"><div class=\"et_pb_blurb_0 et_pb_blurb et_pb_bg_layout_light et_pb_blurb_position_top et_clickable et_pb_module et_block_module\"><div class=\"et_pb_blurb_content\"><div class=\"et_pb_main_blurb_image\"><span class=\"et_pb_image_wrap et_pb_only_image_mode_wrap\"><img loading=\"lazy\" decoding=\"async\" src=\"https:\/\/assist.com.co\/wp-content\/uploads\/2022\/10\/mobile-app-icon-1.png\" width=\"64\" height=\"64\" srcset=\"https:\/\/assist.com.co\/wp-content\/uploads\/2022\/10\/mobile-app-icon-1.png 64w, https:\/\/assist.com.co\/wp-content\/uploads\/2022\/10\/mobile-app-icon-1-12x12.png 12w, https:\/\/assist.com.co\/wp-content\/uploads\/2022\/10\/mobile-app-icon-1-24x24.png 24w, https:\/\/assist.com.co\/wp-content\/uploads\/2022\/10\/mobile-app-icon-1-36x36.png 36w, https:\/\/assist.com.co\/wp-content\/uploads\/2022\/10\/mobile-app-icon-1-48x48.png 48w\" sizes=\"(max-width: 64px) 100vw, 64px\" class=\"et-waypoint et_pb_animation_top et_pb_animation_top_tablet et_pb_animation_top_phone wp-image-14363\" \/><\/span><\/div><div class=\"et_pb_blurb_container\"><h3 class=\"et_pb_module_header\">Aplicaci\u00f3n<\/h3><\/div><\/div><\/div><\/div><div class=\"et_pb_column_10 et_pb_column et_pb_column_1_5 et_block_column et_pb_css_mix_blend_mode_passthrough\"><div class=\"et_pb_blurb_1 et_pb_blurb et_pb_bg_layout_light et_pb_blurb_position_top et_clickable et_pb_module et_block_module\"><div class=\"et_pb_blurb_content\"><div class=\"et_pb_main_blurb_image\"><span class=\"et_pb_image_wrap et_pb_only_image_mode_wrap\"><img loading=\"lazy\" decoding=\"async\" src=\"https:\/\/assist.com.co\/wp-content\/uploads\/2022\/10\/mobile-app-icon-3.png\" width=\"64\" height=\"64\" srcset=\"https:\/\/assist.com.co\/wp-content\/uploads\/2022\/10\/mobile-app-icon-3.png 64w, https:\/\/assist.com.co\/wp-content\/uploads\/2022\/10\/mobile-app-icon-3-12x12.png 12w, https:\/\/assist.com.co\/wp-content\/uploads\/2022\/10\/mobile-app-icon-3-24x24.png 24w, https:\/\/assist.com.co\/wp-content\/uploads\/2022\/10\/mobile-app-icon-3-36x36.png 36w, https:\/\/assist.com.co\/wp-content\/uploads\/2022\/10\/mobile-app-icon-3-48x48.png 48w\" sizes=\"(max-width: 64px) 100vw, 64px\" class=\"et-waypoint et_pb_animation_top et_pb_animation_top_tablet et_pb_animation_top_phone wp-image-14364\" \/><\/span><\/div><div class=\"et_pb_blurb_container\"><h3 class=\"et_pb_module_header\">Whatsapp<\/h3><\/div><\/div><\/div><\/div><div class=\"et_pb_column_11 et_pb_column et_pb_column_1_5 et_block_column et_pb_css_mix_blend_mode_passthrough\"><div class=\"et_pb_blurb_2 et_pb_blurb et_pb_bg_layout_light et_pb_blurb_position_top et_clickable et_pb_module et_block_module\"><div class=\"et_pb_blurb_content\"><div class=\"et_pb_main_blurb_image\"><span class=\"et_pb_image_wrap et_pb_only_image_mode_wrap\"><img loading=\"lazy\" decoding=\"async\" src=\"https:\/\/assist.com.co\/wp-content\/uploads\/2022\/10\/mobile-app-icon-3.png\" width=\"64\" height=\"64\" srcset=\"https:\/\/assist.com.co\/wp-content\/uploads\/2022\/10\/mobile-app-icon-3.png 64w, https:\/\/assist.com.co\/wp-content\/uploads\/2022\/10\/mobile-app-icon-3-12x12.png 12w, https:\/\/assist.com.co\/wp-content\/uploads\/2022\/10\/mobile-app-icon-3-24x24.png 24w, https:\/\/assist.com.co\/wp-content\/uploads\/2022\/10\/mobile-app-icon-3-36x36.png 36w, https:\/\/assist.com.co\/wp-content\/uploads\/2022\/10\/mobile-app-icon-3-48x48.png 48w\" sizes=\"(max-width: 64px) 100vw, 64px\" class=\"et-waypoint et_pb_animation_top et_pb_animation_top_tablet et_pb_animation_top_phone wp-image-14364\" \/><\/span><\/div><div class=\"et_pb_blurb_container\"><h3 class=\"et_pb_module_header\">web<\/h3><\/div><\/div><\/div><\/div><div class=\"et_pb_column_12 et_pb_column et_pb_column_1_5 et-last-child et_block_column et_pb_css_mix_blend_mode_passthrough\"><div class=\"et_pb_blurb_3 et_pb_blurb et_pb_bg_layout_light et_pb_blurb_position_top et_clickable et_pb_module et_block_module\"><div class=\"et_pb_blurb_content\"><div class=\"et_pb_main_blurb_image\"><span class=\"et_pb_image_wrap et_pb_only_image_mode_wrap\"><img loading=\"lazy\" decoding=\"async\" src=\"https:\/\/assist.com.co\/wp-content\/uploads\/2022\/10\/mobile-app-icon-4.png\" width=\"64\" height=\"64\" srcset=\"https:\/\/assist.com.co\/wp-content\/uploads\/2022\/10\/mobile-app-icon-4.png 64w, https:\/\/assist.com.co\/wp-content\/uploads\/2022\/10\/mobile-app-icon-4-12x12.png 12w, https:\/\/assist.com.co\/wp-content\/uploads\/2022\/10\/mobile-app-icon-4-24x24.png 24w, https:\/\/assist.com.co\/wp-content\/uploads\/2022\/10\/mobile-app-icon-4-36x36.png 36w, https:\/\/assist.com.co\/wp-content\/uploads\/2022\/10\/mobile-app-icon-4-48x48.png 48w\" sizes=\"(max-width: 64px) 100vw, 64px\" class=\"et-waypoint et_pb_animation_top et_pb_animation_top_tablet et_pb_animation_top_phone wp-image-14365\" \/><\/span><\/div><div class=\"et_pb_blurb_container\"><h3 class=\"et_pb_module_header\">Redes sociales<\/h3><\/div><\/div><\/div><\/div><\/div><div class=\"et_pb_row_4 et_pb_row et_block_row et_clickable\"><div class=\"et_pb_column_13 et_pb_column et_pb_column_4_4 et-last-child et_block_column et_pb_css_mix_blend_mode_passthrough\"><div class=\"et_pb_text_10 et_pb_text et_pb_bg_layout_light et_pb_module et_block_module\"><div class=\"et_pb_text_inner\"><h3><strong>Principales beneficios comerciales<\/strong><\/h3>\n<\/div><\/div><\/div><\/div><\/div><div class=\"et_pb_section_4 et_pb_section et_section_regular et_block_section preset--module--divi-section--default\"><div class=\"et_pb_row_5 et_pb_row et_block_row\"><div class=\"et_pb_column_14 et_pb_column et_pb_column_1_3 et_block_column et_pb_css_mix_blend_mode_passthrough\"><div class=\"et_pb_text_11 et_pb_text et_pb_bg_layout_light et_pb_module et_block_module\"><div class=\"et_pb_text_inner\"><p><strong>Mayor eficiencia en la gesti\u00f3n de citas:<\/strong><\/p>\n<\/div><\/div><div class=\"et_pb_text_12 et_pb_text et_pb_bg_layout_light et_pb_module et_block_module\"><div class=\"et_pb_text_inner\"><p>Reducci\u00f3n del tiempo de espera y aumento del 30% en la cantidad de citas agendadas.<\/p>\n<\/div><\/div><\/div><div class=\"et_pb_column_15 et_pb_column et_pb_column_1_3 et_block_column et_pb_css_mix_blend_mode_passthrough\"><div class=\"et_pb_text_13 et_pb_text et_pb_bg_layout_light et_pb_module et_block_module\"><div class=\"et_pb_text_inner\"><p><strong>Ahorro de costos<\/strong><\/p>\n<\/div><\/div><div class=\"et_pb_text_14 et_pb_text et_pb_bg_layout_light et_pb_module et_block_module\"><div class=\"et_pb_text_inner\"><p style=\"text-align: justify;\">Automatizaci\u00f3n que reduce en un 20% los costos administrativos asociados con la programaci\u00f3n de citas y soporte al cliente.<\/p>\n<\/div><\/div><\/div><div class=\"et_pb_column_16 et_pb_column et_pb_column_1_3 et-last-child et_block_column et_pb_css_mix_blend_mode_passthrough\"><div class=\"et_pb_text_15 et_pb_text et_pb_bg_layout_light et_pb_module et_block_module\"><div class=\"et_pb_text_inner\"><p><strong>Mejora en la eficiencia operativa<\/strong><\/p>\n<\/div><\/div><div class=\"et_pb_text_16 et_pb_text et_pb_bg_layout_light et_pb_module et_block_module\"><div class=\"et_pb_text_inner\"><p>Reducci\u00f3n de tareas rutinarias, permitiendo que el personal se enfoque en la atenci\u00f3n especializada, con un aumento del 25% en la eficiencia operativa.<\/p>\n<\/div><\/div><\/div><\/div><\/div>","protected":false},"excerpt":{"rendered":"","protected":false},"author":2,"featured_media":0,"parent":0,"menu_order":0,"comment_status":"closed","ping_status":"closed","template":"","meta":{"inline_featured_image":false,"footnotes":""},"class_list":["post-21175","page","type-page","status-publish","hentry"],"yoast_head":"<!-- This site is optimized with the Yoast SEO Premium plugin v25.2 (Yoast SEO v27.3) - https:\/\/yoast.com\/product\/yoast-seo-premium-wordpress\/ -->\n<title>Chatbot de IA en salud: Revoluci\u00f3n en la experiencia del paciente - Assist Consultores<\/title>\n<meta name=\"description\" content=\"US Dental, es una de las principales cl\u00ednicas dentales reconocidas por sus excepcionales servicios de atenci\u00f3n odontol\u00f3gica.\" \/>\n<meta name=\"robots\" content=\"index, follow, max-snippet:-1, max-image-preview:large, max-video-preview:-1\" \/>\n<link rel=\"canonical\" href=\"https:\/\/assist.com.co\/en\/chatbot-de-ia-en-salud-revolucion-en-la-experiencia-del-paciente\/\" \/>\n<meta property=\"og:locale\" content=\"en_US\" \/>\n<meta property=\"og:type\" content=\"article\" \/>\n<meta property=\"og:title\" content=\"Chatbot de IA en salud: Revoluci\u00f3n en la experiencia del paciente\" \/>\n<meta property=\"og:description\" content=\"US Dental, es una de las principales cl\u00ednicas dentales reconocidas por sus excepcionales servicios de atenci\u00f3n odontol\u00f3gica.\" \/>\n<meta property=\"og:url\" content=\"https:\/\/assist.com.co\/en\/chatbot-de-ia-en-salud-revolucion-en-la-experiencia-del-paciente\/\" \/>\n<meta property=\"og:site_name\" content=\"Assist Consultores\" \/>\n<meta property=\"article:modified_time\" content=\"2026-02-25T15:39:48+00:00\" \/>\n<meta name=\"twitter:card\" content=\"summary_large_image\" \/>\n<script type=\"application\/ld+json\" class=\"yoast-schema-graph\">{\"@context\":\"https:\\\/\\\/schema.org\",\"@graph\":[{\"@type\":\"WebPage\",\"@id\":\"https:\\\/\\\/assist.com.co\\\/chatbot-de-ia-en-salud-revolucion-en-la-experiencia-del-paciente\\\/\",\"url\":\"https:\\\/\\\/assist.com.co\\\/chatbot-de-ia-en-salud-revolucion-en-la-experiencia-del-paciente\\\/\",\"name\":\"Chatbot de IA en salud: Revoluci\u00f3n en la experiencia del paciente - Assist Consultores\",\"isPartOf\":{\"@id\":\"https:\\\/\\\/assist.com.co\\\/#website\"},\"datePublished\":\"2025-02-26T20:56:43+00:00\",\"dateModified\":\"2026-02-25T15:39:48+00:00\",\"description\":\"US Dental, es una de las principales cl\u00ednicas dentales reconocidas por sus excepcionales servicios de atenci\u00f3n odontol\u00f3gica.\",\"breadcrumb\":{\"@id\":\"https:\\\/\\\/assist.com.co\\\/chatbot-de-ia-en-salud-revolucion-en-la-experiencia-del-paciente\\\/#breadcrumb\"},\"inLanguage\":\"en-US\",\"potentialAction\":[{\"@type\":\"ReadAction\",\"target\":[\"https:\\\/\\\/assist.com.co\\\/chatbot-de-ia-en-salud-revolucion-en-la-experiencia-del-paciente\\\/\"]}]},{\"@type\":\"BreadcrumbList\",\"@id\":\"https:\\\/\\\/assist.com.co\\\/chatbot-de-ia-en-salud-revolucion-en-la-experiencia-del-paciente\\\/#breadcrumb\",\"itemListElement\":[{\"@type\":\"ListItem\",\"position\":1,\"name\":\"Home\",\"item\":\"https:\\\/\\\/assist.com.co\\\/\"},{\"@type\":\"ListItem\",\"position\":2,\"name\":\"Chatbot de IA en salud: Revoluci\u00f3n en la experiencia del paciente\"}]},{\"@type\":\"WebSite\",\"@id\":\"https:\\\/\\\/assist.com.co\\\/#website\",\"url\":\"https:\\\/\\\/assist.com.co\\\/\",\"name\":\"Assist Consultores\",\"description\":\"Transformando Capacidades Empresariales en Sistemas Innovadores\",\"potentialAction\":[{\"@type\":\"SearchAction\",\"target\":{\"@type\":\"EntryPoint\",\"urlTemplate\":\"https:\\\/\\\/assist.com.co\\\/?s={search_term_string}\"},\"query-input\":{\"@type\":\"PropertyValueSpecification\",\"valueRequired\":true,\"valueName\":\"search_term_string\"}}],\"inLanguage\":\"en-US\"}]}<\/script>\n<!-- \/ Yoast SEO Premium plugin. -->","yoast_head_json":{"title":"Chatbot de IA en salud: Revoluci\u00f3n en la experiencia del paciente - Assist Consultores","description":"US Dental, es una de las principales cl\u00ednicas dentales reconocidas por sus excepcionales servicios de atenci\u00f3n odontol\u00f3gica.","robots":{"index":"index","follow":"follow","max-snippet":"max-snippet:-1","max-image-preview":"max-image-preview:large","max-video-preview":"max-video-preview:-1"},"canonical":"https:\/\/assist.com.co\/en\/chatbot-de-ia-en-salud-revolucion-en-la-experiencia-del-paciente\/","og_locale":"en_US","og_type":"article","og_title":"Chatbot de IA en salud: Revoluci\u00f3n en la experiencia del paciente","og_description":"US Dental, es una de las principales cl\u00ednicas dentales reconocidas por sus excepcionales servicios de atenci\u00f3n odontol\u00f3gica.","og_url":"https:\/\/assist.com.co\/en\/chatbot-de-ia-en-salud-revolucion-en-la-experiencia-del-paciente\/","og_site_name":"Assist Consultores","article_modified_time":"2026-02-25T15:39:48+00:00","twitter_card":"summary_large_image","schema":{"@context":"https:\/\/schema.org","@graph":[{"@type":"WebPage","@id":"https:\/\/assist.com.co\/chatbot-de-ia-en-salud-revolucion-en-la-experiencia-del-paciente\/","url":"https:\/\/assist.com.co\/chatbot-de-ia-en-salud-revolucion-en-la-experiencia-del-paciente\/","name":"Chatbot de IA en salud: Revoluci\u00f3n en la experiencia del paciente - Assist Consultores","isPartOf":{"@id":"https:\/\/assist.com.co\/#website"},"datePublished":"2025-02-26T20:56:43+00:00","dateModified":"2026-02-25T15:39:48+00:00","description":"US Dental, es una de las principales cl\u00ednicas dentales reconocidas por sus excepcionales servicios de atenci\u00f3n odontol\u00f3gica.","breadcrumb":{"@id":"https:\/\/assist.com.co\/chatbot-de-ia-en-salud-revolucion-en-la-experiencia-del-paciente\/#breadcrumb"},"inLanguage":"en-US","potentialAction":[{"@type":"ReadAction","target":["https:\/\/assist.com.co\/chatbot-de-ia-en-salud-revolucion-en-la-experiencia-del-paciente\/"]}]},{"@type":"BreadcrumbList","@id":"https:\/\/assist.com.co\/chatbot-de-ia-en-salud-revolucion-en-la-experiencia-del-paciente\/#breadcrumb","itemListElement":[{"@type":"ListItem","position":1,"name":"Home","item":"https:\/\/assist.com.co\/"},{"@type":"ListItem","position":2,"name":"Chatbot de IA en salud: Revoluci\u00f3n en la experiencia del paciente"}]},{"@type":"WebSite","@id":"https:\/\/assist.com.co\/#website","url":"https:\/\/assist.com.co\/","name":"Assist Consultores","description":"Transformando Capacidades Empresariales en Sistemas Innovadores","potentialAction":[{"@type":"SearchAction","target":{"@type":"EntryPoint","urlTemplate":"https:\/\/assist.com.co\/?s={search_term_string}"},"query-input":{"@type":"PropertyValueSpecification","valueRequired":true,"valueName":"search_term_string"}}],"inLanguage":"en-US"}]}},"_links":{"self":[{"href":"https:\/\/assist.com.co\/en\/wp-json\/wp\/v2\/pages\/21175","targetHints":{"allow":["GET"]}}],"collection":[{"href":"https:\/\/assist.com.co\/en\/wp-json\/wp\/v2\/pages"}],"about":[{"href":"https:\/\/assist.com.co\/en\/wp-json\/wp\/v2\/types\/page"}],"author":[{"embeddable":true,"href":"https:\/\/assist.com.co\/en\/wp-json\/wp\/v2\/users\/2"}],"replies":[{"embeddable":true,"href":"https:\/\/assist.com.co\/en\/wp-json\/wp\/v2\/comments?post=21175"}],"version-history":[{"count":6,"href":"https:\/\/assist.com.co\/en\/wp-json\/wp\/v2\/pages\/21175\/revisions"}],"predecessor-version":[{"id":24267,"href":"https:\/\/assist.com.co\/en\/wp-json\/wp\/v2\/pages\/21175\/revisions\/24267"}],"wp:attachment":[{"href":"https:\/\/assist.com.co\/en\/wp-json\/wp\/v2\/media?parent=21175"}],"curies":[{"name":"wp","href":"https:\/\/api.w.org\/{rel}","templated":true}]}}