{"id":21234,"date":"2025-03-05T19:50:59","date_gmt":"2025-03-05T19:50:59","guid":{"rendered":"https:\/\/assist.com.co\/?page_id=21234"},"modified":"2026-02-25T15:39:58","modified_gmt":"2026-02-25T15:39:58","slug":"revoluciona-la-experiencia-del-cliente-con-la-ia-generativa","status":"publish","type":"page","link":"https:\/\/assist.com.co\/en\/revoluciona-la-experiencia-del-cliente-con-la-ia-generativa\/","title":{"rendered":"Revoluciona la experiencia del cliente con la IA Generativa"},"content":{"rendered":"<div class=\"et_pb_section_0 et_pb_section et_section_regular et_block_section preset--module--divi-section--default\" id=\"FONDO_PARTICULAS\"><div class=\"et_pb_row_0 et_pb_row et_block_row\"><div class=\"et_pb_column_0 et_pb_column et_pb_column_1_2 et_block_column et_pb_css_mix_blend_mode_passthrough\"><div class=\"et_pb_image_0 et_pb_image et_pb_module et_block_module\"><span class=\"et_pb_image_wrap\"><img loading=\"lazy\" decoding=\"async\" src=\"https:\/\/assist.com.co\/wp-content\/uploads\/2025\/03\/logo-assist-streebo.png\" width=\"763\" height=\"231\" srcset=\"https:\/\/assist.com.co\/wp-content\/uploads\/2025\/03\/logo-assist-streebo.png 763w, https:\/\/assist.com.co\/wp-content\/uploads\/2025\/03\/logo-assist-streebo-480x145.png 480w\" sizes=\"(min-width: 0px) and (max-width: 480px) 480px, (min-width: 481px) 763px, 100vw\" class=\"wp-image-21254\" title=\"logo-assist-streebo\" alt=\"red-hat\" \/><\/span><\/div><div class=\"et_pb_heading_0 et_pb_heading et_pb_module et_block_module preset--module--divi-heading--283af2b2-2408-4cb1-afc4-4101cd2626b6\"><div class=\"et_pb_heading_container\"><h4 class=\"et_pb_module_header\">WEBINAR<\/h4><\/div><\/div><div class=\"et_pb_heading_1 et_pb_heading et_animated et_pb_module et_block_module preset--module--divi-heading--11f04dd0-b997-463c-87fe-33109a1b0da4\"><div class=\"et_pb_heading_container\"><h1 class=\"et_pb_module_header\">Revoluciona la experiencia del cliente con la IA Generativa<\/h1><\/div><\/div><div class=\"et_pb_text_0 et_pb_text et_pb_bg_layout_light et_pb_module et_block_module\"><div class=\"et_pb_text_inner\"><h1><strong><span style=\"color: #ffffff;\">Watsonx, monitoreo y gobierno de agentes<\/span><\/strong><\/h1>\n<\/div><\/div><div class=\"et_pb_text_1 et_pb_text et_pb_bg_layout_light et_animated et_pb_module et_block_module preset--module--divi-text--327a4162-0db9-4922-ba89-8292d8c7f3f2\"><div class=\"et_pb_text_inner\"><p style=\"text-align: justify;\"><span style=\"color: #ffffff;\">La inteligencia artificial est\u00e1 transformando la manera en que las empresas interact\u00faan con sus clientes. En este webinar, mostraremos c\u00f3mo la IA Generativa puede potenciar la experiencia del cliente, automatizar procesos y mejorar la personalizaci\u00f3n en cada interacci\u00f3n.<\/span><\/p>\n<\/div><\/div><div class=\"et_pb_text_2 et_pb_text et_pb_bg_layout_light et_animated et_pb_module et_block_module\"><div class=\"et_pb_text_inner\"><h2 style=\"text-align: center;\"><span style=\"color: #ffffff;\"><strong><em>REG\u00cdSTRATE AHORA\u00a0<\/em> \u00a0<\/strong><\/span><\/h2>\n<\/div><\/div><div class=\"et_pb_module et_pb_button_module_wrapper et_pb_button_0_wrapper\"><a class=\"et_pb_button_0 et_pb_button et_pb_bg_layout_light et_pb_module et_block_module\" href=\"https:\/\/api.whatsapp.com\/send\/?phone=%2B573102169640&#038;text=Hola%2C+quisiera+que+me+contacten.&#038;app_absent=0\">M\u00c1S INFORMACI\u00d3N<\/a><\/div><\/div><div class=\"et_pb_column_1 et_pb_column et_pb_column_1_2 et-last-child et_block_column et_pb_css_mix_blend_mode_passthrough\"><div class=\"et_pb_code_0 et_pb_code et_pb_module\"><div class=\"et_pb_code_inner\"><iframe loading=\"lazy\" src=\"https:\/\/docs.google.com\/forms\/d\/e\/1FAIpQLScuVLjuiChXTmHF5YJLgvVE-0MPttnxb82-bkijQLr3CHEVyg\/viewform?embedded=true\" width=\"640\" height=\"900\" frameborder=\"0\" marginheight=\"0\" marginwidth=\"0\">Cargando\u2026<\/iframe><\/div><\/div><\/div><\/div><\/div><div class=\"et_pb_section_1 et_pb_section et_section_regular et_block_section section_has_divider et_pb_bottom_divider preset--module--divi-section--default\"><div class=\"et_pb_row_1 et_pb_row et_block_row\"><div class=\"et_pb_column_2 et_pb_column et_pb_column_1_2 et_block_column et_pb_css_mix_blend_mode_passthrough\"><div class=\"et_pb_slider_0 et_pb_slider et_pb_slider_fullwidth_off et_slider_auto et_slider_speed_6000 et_pb_module et_block_module\"><div class=\"et_pb_slides\"><div class=\"et_pb_slide_0 et_pb_slide et_pb_media_alignment_center et_pb_bg_layout_dark et_pb_text_align_center et_pb_module et_block_module\" data-slide-id=\"divi\/slide-0\"><div class=\"et_pb_container\"><div class=\"et_pb_slider_container_inner\"><div class=\"et_pb_slide_description\"><div class=\"et_pb_slide_content\"><h2><strong>Innovaci\u00f3n en la atenci\u00f3n al cliente<\/strong><\/h2>\n<\/div><\/div><\/div><\/div><\/div><div class=\"et_pb_slide_1 et_pb_slide et_pb_media_alignment_center et_pb_bg_layout_dark et_pb_text_align_center et_pb_module et_block_module\" data-slide-id=\"divi\/slide-1\"><div class=\"et_pb_container\"><div class=\"et_pb_slider_container_inner\"><div class=\"et_pb_slide_description\"><div class=\"et_pb_slide_content\"><h2><strong>Automatizaci\u00f3n eficiente<\/strong><\/h2>\n<\/div><\/div><\/div><\/div><\/div><div class=\"et_pb_slide_2 et_pb_slide et_pb_media_alignment_center et_pb_bg_layout_dark et_pb_text_align_center et_pb_module et_block_module\" data-slide-id=\"divi\/slide-2\"><div class=\"et_pb_container\"><div class=\"et_pb_slider_container_inner\"><div class=\"et_pb_slide_description\"><div class=\"et_pb_slide_content\"><h1><strong>Personalizaci\u00f3n <\/strong><strong>avanzada<\/strong><\/h1>\n<\/div><\/div><\/div><\/div><\/div><\/div><\/div><\/div><div class=\"et_pb_column_3 et_pb_column et_pb_column_1_2 et-last-child et_block_column et_pb_css_mix_blend_mode_passthrough\"><div class=\"et_pb_divider_0 et_pb_divider et_pb_space et_pb_divider_position_top et_pb_module\"><div class=\"et_pb_divider_internal\"><\/div><\/div><div class=\"et_pb_heading_2 et_pb_heading et_pb_module et_block_module preset--module--divi-heading--ce5ae516-2ac1-492b-872c-5a4ba644844d\"><div class=\"et_pb_heading_container\"><h3 class=\"et_pb_module_header\">\u00bfQuieres llevar la atenci\u00f3n al cliente de tu empresa al siguiente nivel?  Descubrir\u00e1s c\u00f3mo la Inteligencia Artificial est\u00e1 transformando la forma en que las marcas interact\u00faan con sus clientes, optimizando procesos y creando experiencias m\u00e1s personalizadas.<\/h3><\/div><\/div><\/div><\/div><div class=\"et_pb_bottom_inside_divider et-no-transition\"><\/div><\/div>","protected":false},"excerpt":{"rendered":"","protected":false},"author":2,"featured_media":0,"parent":0,"menu_order":0,"comment_status":"closed","ping_status":"closed","template":"page-template-blank.php","meta":{"inline_featured_image":false,"footnotes":""},"class_list":["post-21234","page","type-page","status-publish","hentry"],"yoast_head":"<!-- This site is optimized with the Yoast SEO Premium plugin v25.2 (Yoast SEO v27.5) - https:\/\/yoast.com\/product\/yoast-seo-premium-wordpress\/ -->\n<title>Revoluciona la experiencia del cliente con la IA Generativa - Assist Consultores<\/title>\n<meta name=\"description\" content=\"Con el avance tecnol\u00f3gico los clientes cada vez demandan una mejor experiencia en los canales de atenci\u00f3n. Por lo tanto, la IA se posiciona como la clave para ofrecer experiencias innovadoras para transformar los canales digitales.\" \/>\n<meta name=\"robots\" content=\"index, follow, max-snippet:-1, max-image-preview:large, max-video-preview:-1\" \/>\n<link rel=\"canonical\" href=\"https:\/\/assist.com.co\/en\/revoluciona-la-experiencia-del-cliente-con-la-ia-generativa\/\" \/>\n<meta property=\"og:locale\" content=\"en_US\" \/>\n<meta property=\"og:type\" content=\"article\" \/>\n<meta property=\"og:title\" content=\"Revoluciona la experiencia del cliente con la IA Generativa\" \/>\n<meta property=\"og:description\" content=\"Con el avance tecnol\u00f3gico los clientes cada vez demandan una mejor experiencia en los canales de atenci\u00f3n. Por lo tanto, la IA se posiciona como la clave para ofrecer experiencias innovadoras para transformar los canales digitales.\" \/>\n<meta property=\"og:url\" content=\"https:\/\/assist.com.co\/en\/revoluciona-la-experiencia-del-cliente-con-la-ia-generativa\/\" \/>\n<meta property=\"og:site_name\" content=\"Assist Consultores\" \/>\n<meta property=\"article:modified_time\" content=\"2026-02-25T15:39:58+00:00\" \/>\n<meta name=\"twitter:card\" content=\"summary_large_image\" \/>\n<meta name=\"twitter:label1\" content=\"Est. reading time\" \/>\n\t<meta name=\"twitter:data1\" content=\"1 minute\" \/>\n<script type=\"application\/ld+json\" class=\"yoast-schema-graph\">{\"@context\":\"https:\\\/\\\/schema.org\",\"@graph\":[{\"@type\":\"WebPage\",\"@id\":\"https:\\\/\\\/assist.com.co\\\/revoluciona-la-experiencia-del-cliente-con-la-ia-generativa\\\/\",\"url\":\"https:\\\/\\\/assist.com.co\\\/revoluciona-la-experiencia-del-cliente-con-la-ia-generativa\\\/\",\"name\":\"Revoluciona la experiencia del cliente con la IA Generativa - Assist Consultores\",\"isPartOf\":{\"@id\":\"https:\\\/\\\/assist.com.co\\\/#website\"},\"datePublished\":\"2025-03-05T19:50:59+00:00\",\"dateModified\":\"2026-02-25T15:39:58+00:00\",\"description\":\"Con el avance tecnol\u00f3gico los clientes cada vez demandan una mejor experiencia en los canales de atenci\u00f3n. Por lo tanto, la IA se posiciona como la clave para ofrecer experiencias innovadoras para transformar los canales digitales.\",\"breadcrumb\":{\"@id\":\"https:\\\/\\\/assist.com.co\\\/revoluciona-la-experiencia-del-cliente-con-la-ia-generativa\\\/#breadcrumb\"},\"inLanguage\":\"en-US\",\"potentialAction\":[{\"@type\":\"ReadAction\",\"target\":[\"https:\\\/\\\/assist.com.co\\\/revoluciona-la-experiencia-del-cliente-con-la-ia-generativa\\\/\"]}]},{\"@type\":\"BreadcrumbList\",\"@id\":\"https:\\\/\\\/assist.com.co\\\/revoluciona-la-experiencia-del-cliente-con-la-ia-generativa\\\/#breadcrumb\",\"itemListElement\":[{\"@type\":\"ListItem\",\"position\":1,\"name\":\"Home\",\"item\":\"https:\\\/\\\/assist.com.co\\\/\"},{\"@type\":\"ListItem\",\"position\":2,\"name\":\"Revoluciona la experiencia del cliente con la IA Generativa\"}]},{\"@type\":\"WebSite\",\"@id\":\"https:\\\/\\\/assist.com.co\\\/#website\",\"url\":\"https:\\\/\\\/assist.com.co\\\/\",\"name\":\"Assist Consultores\",\"description\":\"Transformando Capacidades Empresariales en Sistemas Innovadores\",\"potentialAction\":[{\"@type\":\"SearchAction\",\"target\":{\"@type\":\"EntryPoint\",\"urlTemplate\":\"https:\\\/\\\/assist.com.co\\\/?s={search_term_string}\"},\"query-input\":{\"@type\":\"PropertyValueSpecification\",\"valueRequired\":true,\"valueName\":\"search_term_string\"}}],\"inLanguage\":\"en-US\"}]}<\/script>\n<!-- \/ Yoast SEO Premium plugin. -->","yoast_head_json":{"title":"Revoluciona la experiencia del cliente con la IA Generativa - Assist Consultores","description":"Con el avance tecnol\u00f3gico los clientes cada vez demandan una mejor experiencia en los canales de atenci\u00f3n. Por lo tanto, la IA se posiciona como la clave para ofrecer experiencias innovadoras para transformar los canales digitales.","robots":{"index":"index","follow":"follow","max-snippet":"max-snippet:-1","max-image-preview":"max-image-preview:large","max-video-preview":"max-video-preview:-1"},"canonical":"https:\/\/assist.com.co\/en\/revoluciona-la-experiencia-del-cliente-con-la-ia-generativa\/","og_locale":"en_US","og_type":"article","og_title":"Revoluciona la experiencia del cliente con la IA Generativa","og_description":"Con el avance tecnol\u00f3gico los clientes cada vez demandan una mejor experiencia en los canales de atenci\u00f3n. Por lo tanto, la IA se posiciona como la clave para ofrecer experiencias innovadoras para transformar los canales digitales.","og_url":"https:\/\/assist.com.co\/en\/revoluciona-la-experiencia-del-cliente-con-la-ia-generativa\/","og_site_name":"Assist Consultores","article_modified_time":"2026-02-25T15:39:58+00:00","twitter_card":"summary_large_image","twitter_misc":{"Est. reading time":"1 minute"},"schema":{"@context":"https:\/\/schema.org","@graph":[{"@type":"WebPage","@id":"https:\/\/assist.com.co\/revoluciona-la-experiencia-del-cliente-con-la-ia-generativa\/","url":"https:\/\/assist.com.co\/revoluciona-la-experiencia-del-cliente-con-la-ia-generativa\/","name":"Revoluciona la experiencia del cliente con la IA Generativa - Assist Consultores","isPartOf":{"@id":"https:\/\/assist.com.co\/#website"},"datePublished":"2025-03-05T19:50:59+00:00","dateModified":"2026-02-25T15:39:58+00:00","description":"Con el avance tecnol\u00f3gico los clientes cada vez demandan una mejor experiencia en los canales de atenci\u00f3n. Por lo tanto, la IA se posiciona como la clave para ofrecer experiencias innovadoras para transformar los canales digitales.","breadcrumb":{"@id":"https:\/\/assist.com.co\/revoluciona-la-experiencia-del-cliente-con-la-ia-generativa\/#breadcrumb"},"inLanguage":"en-US","potentialAction":[{"@type":"ReadAction","target":["https:\/\/assist.com.co\/revoluciona-la-experiencia-del-cliente-con-la-ia-generativa\/"]}]},{"@type":"BreadcrumbList","@id":"https:\/\/assist.com.co\/revoluciona-la-experiencia-del-cliente-con-la-ia-generativa\/#breadcrumb","itemListElement":[{"@type":"ListItem","position":1,"name":"Home","item":"https:\/\/assist.com.co\/"},{"@type":"ListItem","position":2,"name":"Revoluciona la experiencia del cliente con la IA Generativa"}]},{"@type":"WebSite","@id":"https:\/\/assist.com.co\/#website","url":"https:\/\/assist.com.co\/","name":"Assist Consultores","description":"Transformando Capacidades Empresariales en Sistemas Innovadores","potentialAction":[{"@type":"SearchAction","target":{"@type":"EntryPoint","urlTemplate":"https:\/\/assist.com.co\/?s={search_term_string}"},"query-input":{"@type":"PropertyValueSpecification","valueRequired":true,"valueName":"search_term_string"}}],"inLanguage":"en-US"}]}},"_links":{"self":[{"href":"https:\/\/assist.com.co\/en\/wp-json\/wp\/v2\/pages\/21234","targetHints":{"allow":["GET"]}}],"collection":[{"href":"https:\/\/assist.com.co\/en\/wp-json\/wp\/v2\/pages"}],"about":[{"href":"https:\/\/assist.com.co\/en\/wp-json\/wp\/v2\/types\/page"}],"author":[{"embeddable":true,"href":"https:\/\/assist.com.co\/en\/wp-json\/wp\/v2\/users\/2"}],"replies":[{"embeddable":true,"href":"https:\/\/assist.com.co\/en\/wp-json\/wp\/v2\/comments?post=21234"}],"version-history":[{"count":10,"href":"https:\/\/assist.com.co\/en\/wp-json\/wp\/v2\/pages\/21234\/revisions"}],"predecessor-version":[{"id":24268,"href":"https:\/\/assist.com.co\/en\/wp-json\/wp\/v2\/pages\/21234\/revisions\/24268"}],"wp:attachment":[{"href":"https:\/\/assist.com.co\/en\/wp-json\/wp\/v2\/media?parent=21234"}],"curies":[{"name":"wp","href":"https:\/\/api.w.org\/{rel}","templated":true}]}}