{"id":21283,"date":"2025-03-12T19:26:37","date_gmt":"2025-03-12T19:26:37","guid":{"rendered":"https:\/\/assist.com.co\/?page_id=21283"},"modified":"2026-02-25T15:40:00","modified_gmt":"2026-02-25T15:40:00","slug":"caso-de-exito-farmaceutica","status":"publish","type":"page","link":"https:\/\/assist.com.co\/en\/caso-de-exito-farmaceutica\/","title":{"rendered":"Caso de \u00e9xito Tecnoqu\u00edmicas"},"content":{"rendered":"<div class=\"et_pb_section_0 et_pb_section et_section_regular et_block_section preset--module--divi-section--default\"><div class=\"et_pb_row_0 et_pb_row et_block_row\"><div class=\"et_pb_column_0 et_pb_column et_pb_column_1_2 et_block_column et_pb_css_mix_blend_mode_passthrough\"><div class=\"et_pb_image_0 et_pb_image et_animated et_pb_module et_block_module\"><span class=\"et_pb_image_wrap\"><img loading=\"lazy\" decoding=\"async\" src=\"https:\/\/assist.com.co\/wp-content\/uploads\/2025\/03\/tecnoquimicas.jpg\" width=\"790\" height=\"1200\" srcset=\"https:\/\/assist.com.co\/wp-content\/uploads\/2025\/03\/tecnoquimicas.jpg 790w, https:\/\/assist.com.co\/wp-content\/uploads\/2025\/03\/tecnoquimicas-480x729.jpg 480w\" sizes=\"(min-width: 0px) and (max-width: 480px) 480px, (min-width: 481px) 790px, 100vw\" class=\"wp-image-21293\" title=\"farmac\u00e9utica\" alt=\"farmac\u00e9utica\" \/><\/span><\/div><\/div><div class=\"et_pb_column_1 et_pb_column et_pb_column_1_2 et-last-child et_block_column et_pb_css_mix_blend_mode_passthrough\"><div class=\"et_pb_text_0 et_pb_text et_pb_bg_layout_light et_pb_module et_block_module\"><div class=\"et_pb_text_inner\"><h1><span style=\"color: #000000;\">Caso de \u00c9xito: <\/span><span><span style=\"color: #000000;\">farmac\u00e9utica<\/span>\u00a0<\/span><\/h1>\n<\/div><\/div><div class=\"et_pb_text_1 et_pb_text et_pb_bg_layout_light et_pb_module et_block_module\"><div class=\"et_pb_text_inner\"><p style=\"text-align: justify;\">Cuando la innovaci\u00f3n tecnol\u00f3gica requiere talento especializado, la soluci\u00f3n no siempre est\u00e1 en la contrataci\u00f3n tradicional.<\/p>\n<p style=\"text-align: justify;\"><span style=\"color: #3366ff;\"><strong><em>Descubre c\u00f3mo implementamos talento especializado que optimiz\u00f3 el valor del negocio en una <span>farmac\u00e9utica.<\/span><\/em><\/strong><\/span><\/p>\n<\/div><\/div><div class=\"et_pb_module et_pb_button_module_wrapper et_pb_button_0_wrapper\"><a class=\"et_pb_button_0 et_pb_button et_pb_bg_layout_light et_pb_module et_block_module\" href=\"\">Let\u2019s talk!<\/a><\/div><div class=\"et_pb_image_1 et_pb_image et_pb_module et_block_module\"><span class=\"et_pb_image_wrap\"><img loading=\"lazy\" decoding=\"async\" src=\"https:\/\/assist.com.co\/wp-content\/uploads\/2025\/04\/arrow-1455_256.gif\" width=\"256\" height=\"236\" sizes=\"(max-width: 256px) 100vw, 256px\" class=\"wp-image-21742\" title=\"arrow-1455_256\" \/><\/span><\/div><\/div><\/div><\/div><div class=\"et_pb_section_1 et_pb_section et_section_regular et_block_section preset--module--divi-section--default\"><div class=\"et_pb_row_1 et_pb_row et_block_row\"><div class=\"et_pb_column_2 et_pb_column et_pb_column_2_5 et_block_column et_pb_css_mix_blend_mode_passthrough\"><div class=\"et_pb_text_2 et_pb_text et_pb_bg_layout_light et_pb_module et_block_module\"><div class=\"et_pb_text_inner\"><h4><b>Resumen ejecutivo<\/b><\/h4>\n<h2><strong>Horas de Especialista a demanda<\/strong><\/h2>\n<\/div><\/div><\/div><div class=\"et_pb_column_3 et_pb_column et_pb_column_3_5 et-last-child et_block_column et_pb_css_mix_blend_mode_passthrough\"><div class=\"et_pb_text_3 et_pb_text et_pb_bg_layout_light et_pb_module et_block_module\"><div class=\"et_pb_text_inner\"><p style=\"text-align: justify;\"><span style=\"color: #000000;\"><b>Technologies and Tools Used<\/b><\/span><\/p>\n<p style=\"text-align: justify;\"><span style=\"color: #000000;\"><b><\/b><\/span><\/p>\n<ul>\n<li style=\"font-weight: 400;\" aria-level=\"1\"><span style=\"font-weight: 400;\">DataStage<\/span><\/li>\n<li style=\"font-weight: 400;\" aria-level=\"1\"><span style=\"font-weight: 400;\">ODM<\/span><\/li>\n<li style=\"font-weight: 400;\" aria-level=\"1\"><span style=\"font-weight: 400;\">.Net<\/span><\/li>\n<\/ul>\n<\/div><\/div><\/div><\/div><div class=\"et_pb_row_2 et_pb_row et_block_row\"><div class=\"et_pb_column_4 et_pb_column et_pb_column_4_4 et-last-child et_block_column et_pb_css_mix_blend_mode_passthrough\"><div class=\"et_pb_divider_0 et_pb_divider et_pb_space et_pb_divider_position_top et_pb_module\"><div class=\"et_pb_divider_internal\"><\/div><\/div><\/div><\/div><\/div><div class=\"et_pb_section_2 et_pb_section et_section_regular et_block_section preset--module--divi-section--default\"><div class=\"et_pb_row_3 et_pb_row et_block_row\"><div class=\"et_pb_column_5 et_pb_column et_pb_column_1_2 et_block_column et_pb_css_mix_blend_mode_passthrough\"><div class=\"et_pb_text_4 et_pb_text et_pb_bg_layout_light et_pb_module et_block_module\"><div class=\"et_pb_text_inner\"><h2>El cliente<\/h2>\n<\/div><\/div><div class=\"et_pb_text_5 et_pb_text et_pb_bg_layout_light et_pb_module et_block_module\"><div class=\"et_pb_text_inner\"><p style=\"text-align: justify;\"><span style=\"font-weight: 400; color: #000000;\"><span>Pharmaceutical\u00a0<\/span> que est\u00e1 en constante implemantaci\u00f3n de nuevos proyectos tecnol\u00f3gicos, por lo tanto, se hace necesario contar con el apoyo especializado de consultores que les permita cumplir con sus objetivos y metas en la organizaci\u00f3n.\u00a0<\/span><\/p>\n<p style=\"text-align: justify;\"><span style=\"font-weight: 400; color: #000000;\">La disponibilidad de dichos recursos se debe ajustar a la din\u00e1mica de la organizaci\u00f3n.\u00a0<\/span><\/p>\n<\/div><\/div><div class=\"et_pb_divider_1 et_pb_divider et_pb_space et_pb_divider_position_top et_pb_module\"><div class=\"et_pb_divider_internal\"><\/div><\/div><div class=\"et_pb_text_6 et_pb_text et_pb_bg_layout_light et_pb_module et_block_module\"><div class=\"et_pb_text_inner\"><h2 style=\"text-align: left;\"><strong><em><span style=\"color: #000000;\">Se requirieron especialistas altamente capacitados en diversas tecnolog\u00edas.<\/span><\/em><\/strong><\/h2>\n<\/div><\/div><div class=\"et_pb_text_7 et_pb_text et_pb_bg_layout_light et_pb_module et_block_module\"><div class=\"et_pb_text_inner\"><h2><strong><em>Dynamic Talent Allocation: Demand for expertise was flexibly adapted to evolving project requirements, ensuring responsiveness during the project\u2019s progression.<\/em><\/strong><\/h2>\n<\/div><\/div><\/div><div class=\"et_pb_column_6 et_pb_column et_pb_column_1_2 et-last-child et_block_column et_pb_css_mix_blend_mode_passthrough\"><div class=\"et_pb_image_2 et_pb_image et_pb_module et_block_module\"><span class=\"et_pb_image_wrap\"><img loading=\"lazy\" decoding=\"async\" src=\"https:\/\/assist.com.co\/wp-content\/uploads\/2025\/03\/101147.jpg\" width=\"2000\" height=\"1335\" srcset=\"https:\/\/assist.com.co\/wp-content\/uploads\/2025\/03\/101147.jpg 2000w, https:\/\/assist.com.co\/wp-content\/uploads\/2025\/03\/101147-1280x854.jpg 1280w, https:\/\/assist.com.co\/wp-content\/uploads\/2025\/03\/101147-980x654.jpg 980w, https:\/\/assist.com.co\/wp-content\/uploads\/2025\/03\/101147-480x320.jpg 480w\" sizes=\"(min-width: 0px) and (max-width: 480px) 480px, (min-width: 481px) and (max-width: 980px) 980px, (min-width: 981px) and (max-width: 1280px) 1280px, (min-width: 1281px) 2000px, 100vw\" class=\"wp-image-21303\" title=\"innovacion-tecnologica\" alt=\"innovacion-tecnologica\" \/><\/span><\/div><\/div><\/div><\/div><div class=\"et_pb_section_3 et_pb_section et_section_regular et_block_section preset--module--divi-section--default\"><div class=\"et_pb_row_4 et_pb_row et_block_row\"><div class=\"et_pb_column_7 et_pb_column et_pb_column_1_2 et_block_column et_pb_css_mix_blend_mode_passthrough\"><div class=\"et_pb_text_8 et_pb_text et_pb_bg_layout_dark et_pb_module et_block_module\"><div class=\"et_pb_text_inner\"><h3><em><strong>El futuro del desarrollo tecnol\u00f3gico es din\u00e1mico. Transformamos nuestra manera de trabajar, obteniendo resultados inmediatos y una ventaja competitiva sostenible.<\/strong><\/em><\/h3>\n<\/div><\/div><\/div><div class=\"et_pb_column_8 et_pb_column et_pb_column_1_2 et-last-child et_block_column et_pb_css_mix_blend_mode_passthrough\"><div class=\"et_pb_text_9 et_pb_text et_pb_bg_layout_dark et_pb_module et_block_module\"><div class=\"et_pb_text_inner\"><h4 data-start=\"2717\" data-end=\"2862\"><em data-start=\"2720\" data-end=\"2860\">Un modelo que no solo resolvi\u00f3 el desaf\u00edo de la\u00a0 <span>farmac\u00e9utica<\/span>, sino que sent\u00f3 las bases para un crecimiento tecnol\u00f3gico m\u00e1s \u00e1gil y eficiente.<\/em><\/h4>\n<\/div><\/div><div class=\"et_pb_image_3 et_pb_image et_pb_module et_block_module\"><span class=\"et_pb_image_wrap\"><img loading=\"lazy\" decoding=\"async\" src=\"https:\/\/assist.com.co\/wp-content\/uploads\/2025\/05\/atom-20328_256.gif\" width=\"255\" height=\"256\" sizes=\"(max-width: 255px) 100vw, 255px\" class=\"wp-image-22173\" \/><\/span><\/div><\/div><\/div><div class=\"et_pb_row_5 et_pb_row et_block_row\"><div class=\"et_pb_column_9 et_pb_column et_pb_column_4_4 et-last-child et_block_column et_pb_css_mix_blend_mode_passthrough\"><div class=\"et_pb_module et_pb_button_module_wrapper et_pb_button_1_wrapper\"><a class=\"et_pb_button_1 et_pb_button et_pb_bg_layout_light et_pb_module et_block_module\" href=\"https:\/\/assist.com.co\/en\/solicitudes\/\">CONTACT US<\/a><\/div><\/div><\/div><\/div><div class=\"et_pb_section_4 et_pb_section et_section_regular et_block_section preset--module--divi-section--default\"><div class=\"et_pb_row_6 et_pb_row et_block_row\"><div class=\"et_pb_column_10 et_pb_column et_pb_column_1_2 et_block_column et_pb_css_mix_blend_mode_passthrough\"><div class=\"et_pb_divider_2 et_pb_divider et_pb_space et_pb_divider_position_top et_pb_module\"><div class=\"et_pb_divider_internal\"><\/div><\/div><div class=\"et_pb_text_10 et_pb_text et_pb_bg_layout_light et_pb_module et_block_module\"><div class=\"et_pb_text_inner\"><h2><strong>Beneficos que el cliente obtuvo<\/strong><\/h2>\n<\/div><\/div><div class=\"et_pb_tabs_0 et_pb_tabs et_pb_module\"><ul class=\"et_pb_tabs_controls clearfix\"><li class=\"et_pb_tab_nav_item_0 et_pb_tab_nav_item et_pb_tab_0 et_pb_tab_active\"><a class=\"et_pb_tab_nav_item_link\" href=\"#\">Optimizaci\u00f3n de costos<\/a><\/li><li class=\"et_pb_tab_nav_item_1 et_pb_tab_nav_item et_pb_tab_1\"><a class=\"et_pb_tab_nav_item_link\" href=\"#\">Agilidad y escalabilidad<\/a><\/li><li class=\"et_pb_tab_nav_item_2 et_pb_tab_nav_item et_pb_tab_2\"><a class=\"et_pb_tab_nav_item_link\" href=\"#\">Mayor rapidez en implementaci\u00f3n<\/a><\/li><li class=\"et_pb_tab_nav_item_3 et_pb_tab_nav_item et_pb_tab_3\"><a class=\"et_pb_tab_nav_item_link\" href=\"#\">Acceso a expertos actualizados<\/a><\/li><\/ul><div class=\"et_pb_all_tabs\"><div class=\"et_pb_tab_0 et_pb_tab clearfix et_pb_active_content et_pb_module et_block_module\"><div class=\"et_pb_tab_content\"><h4><span style=\"color: #000000;\">No fue necesario contratar personal fijo ni invertir en formaci\u00f3n interna.<\/span><\/h4>\n<\/div><\/div><div class=\"et_pb_tab_1 et_pb_tab clearfix et_pb_module et_block_module\"><div class=\"et_pb_tab_content\"><h4><span style=\"color: #000000;\">Se aumentaron o redujeron los recursos seg\u00fan la evoluci\u00f3n del proyecto.<\/span><\/h4>\n<\/div><\/div><div class=\"et_pb_tab_2 et_pb_tab clearfix et_pb_module et_block_module\"><div class=\"et_pb_tab_content\"><h4><span style=\"color: #000000;\">Reducci\u00f3n de tiempos en desarrollo y despliegue.<\/span><\/h4>\n<\/div><\/div><div class=\"et_pb_tab_3 et_pb_tab clearfix et_pb_module et_block_module\"><div class=\"et_pb_tab_content\"><h4><span style=\"color: #000000;\">Profesionales alineados con las \u00faltimas tendencias tecnol\u00f3gicas.<\/span><\/h4>\n<\/div><\/div><\/div><\/div><div class=\"et_pb_text_11 et_pb_text et_pb_bg_layout_light et_pb_module et_block_module\"><div class=\"et_pb_text_inner\"><p style=\"text-align: justify;\"><span style=\"color: #000000;\">La innovaci\u00f3n no da espera, contar con el equipo adecuado en el momento preciso marca la diferencia. Gracias a nuestros especialistas, <span style=\"color: #3366ff;\"><em><strong data-start=\"226\" data-end=\"336\">se logr\u00f3 optimizar su estrategia tecnol\u00f3gica sin las limitaciones de una estructura tradicional<\/strong>.<\/em><\/span><\/span><\/p>\n<\/div><\/div><\/div><div class=\"et_pb_column_11 et_pb_column et_pb_column_1_2 et-last-child et_block_column et_pb_css_mix_blend_mode_passthrough\"><div class=\"et_pb_image_4 et_pb_image et_pb_module et_block_module\"><span class=\"et_pb_image_wrap\"><img loading=\"lazy\" decoding=\"async\" src=\"https:\/\/assist.com.co\/wp-content\/uploads\/2025\/03\/1500.jpg\" width=\"2000\" height=\"2000\" srcset=\"https:\/\/assist.com.co\/wp-content\/uploads\/2025\/03\/1500.jpg 2000w, https:\/\/assist.com.co\/wp-content\/uploads\/2025\/03\/1500-1280x1280.jpg 1280w, https:\/\/assist.com.co\/wp-content\/uploads\/2025\/03\/1500-980x980.jpg 980w, https:\/\/assist.com.co\/wp-content\/uploads\/2025\/03\/1500-480x480.jpg 480w\" sizes=\"(min-width: 0px) and (max-width: 480px) 480px, (min-width: 481px) and (max-width: 980px) 980px, (min-width: 981px) and (max-width: 1280px) 1280px, (min-width: 1281px) 2000px, 100vw\" class=\"wp-image-21296\" title=\"1500\" \/><\/span><\/div><\/div><\/div><\/div><div class=\"et_pb_section_5 et_pb_section et_section_regular et_block_section et_pb_section_parallax preset--module--divi-section--default\"><span class=\"et-pb-parallax-wrapper\"><span class=\"et-pb-parallax-background et-pb-parallax-background-module--divi-section-5\" style=\"background-image:url(https:\/\/assist.com.co\/wp-content\/uploads\/2025\/05\/f6.jpg)\"><\/span><\/span><div class=\"et_pb_row_7 et_pb_row et_block_row\"><div class=\"et_pb_column_12 et_pb_column et_pb_column_4_4 et-last-child et_block_column et_pb_css_mix_blend_mode_passthrough\"><div class=\"et_pb_divider_3 et_pb_divider et_pb_space et_pb_divider_position_top et_pb_module\"><div class=\"et_pb_divider_internal\"><\/div><\/div><div class=\"et_pb_text_12 et_pb_text et_pb_bg_layout_light et_pb_module et_block_module\"><div class=\"et_pb_text_inner\"><h2>We Solve Your Technological Challenges with Flexible Talent<\/h2>\n<\/div><\/div><\/div><\/div><div class=\"et_pb_row_8 et_pb_row et_block_row\"><div class=\"et_pb_column_13 et_pb_column et_pb_column_1_2 et_block_column et_pb_css_mix_blend_mode_passthrough\"><div class=\"et_pb_code_0 et_pb_code et_pb_module\"><div class=\"et_pb_code_inner\"><iframe loading=\"lazy\" src=\"https:\/\/docs.google.com\/forms\/d\/e\/1FAIpQLSeJS_6xiRc_3eT9sISCaJITpZeho5G-0Q8kknFhFSBnAsXOeA\/viewform?embedded=true\" width=\"640\" height=\"700\" frameborder=\"0\" marginheight=\"0\" marginwidth=\"0\">Cargando\u2026<\/iframe><\/div><\/div><div class=\"et_pb_image_5 et_pb_image et_pb_module et_block_module\"><span class=\"et_pb_image_wrap\"><img loading=\"lazy\" decoding=\"async\" src=\"https:\/\/assist.com.co\/wp-content\/uploads\/2025\/05\/letter-5642_128.gif\" width=\"128\" height=\"128\" srcset=\"https:\/\/assist.com.co\/wp-content\/uploads\/2025\/05\/letter-5642_128.gif 128w, https:\/\/assist.com.co\/wp-content\/uploads\/2025\/05\/letter-5642_128-12x12.gif 12w\" sizes=\"(max-width: 128px) 100vw, 128px\" class=\"wp-image-22092\" title=\"letter-5642_128\" \/><\/span><\/div><div class=\"et_pb_module et_pb_button_module_wrapper et_pb_button_2_wrapper\"><a class=\"et_pb_button_2 et_pb_button et_pb_bg_layout_light et_pb_module et_block_module\" href=\"https:\/\/assist.com.co\/en\/solicitudes\/\">Speak with an Expert<\/a><\/div><\/div><div class=\"et_pb_column_14 et_pb_column et_pb_column_1_2 et-last-child et_block_column et_pb_css_mix_blend_mode_passthrough\"><div class=\"et_pb_text_13 et_pb_text et_pb_bg_layout_light et_pb_module et_block_module\"><div class=\"et_pb_text_inner\"><p><span style=\"color: #000000;\"><strong data-start=\"440\" data-end=\"567\">Leave us your information and let\u2019s talk about how we can help you accelerate efficiency and scalability within your technology teams.<\/strong> Our team will reach out to provide the best solution tailored to your specific business needs.<\/span><\/p>\n<\/div><\/div><div class=\"et_pb_image_6 et_pb_image et_pb_module et_block_module\"><span class=\"et_pb_image_wrap\"><img loading=\"lazy\" decoding=\"async\" src=\"https:\/\/assist.com.co\/wp-content\/uploads\/2025\/03\/icono-auriculares-microfono-centro-llamadas-o-concepto-soporte-ilustracion-representacion-3d.webp\" width=\"2000\" height=\"2000\" srcset=\"https:\/\/assist.com.co\/wp-content\/uploads\/2025\/03\/icono-auriculares-microfono-centro-llamadas-o-concepto-soporte-ilustracion-representacion-3d.webp 2000w, https:\/\/assist.com.co\/wp-content\/uploads\/2025\/03\/icono-auriculares-microfono-centro-llamadas-o-concepto-soporte-ilustracion-representacion-3d-1280x1280.webp 1280w, https:\/\/assist.com.co\/wp-content\/uploads\/2025\/03\/icono-auriculares-microfono-centro-llamadas-o-concepto-soporte-ilustracion-representacion-3d-980x980.webp 980w, https:\/\/assist.com.co\/wp-content\/uploads\/2025\/03\/icono-auriculares-microfono-centro-llamadas-o-concepto-soporte-ilustracion-representacion-3d-480x480.webp 480w\" sizes=\"(min-width: 0px) and (max-width: 480px) 480px, (min-width: 481px) and (max-width: 980px) 980px, (min-width: 981px) and (max-width: 1280px) 1280px, (min-width: 1281px) 2000px, 100vw\" class=\"wp-image-21297\" \/><\/span><\/div><\/div><\/div><\/div>","protected":false},"excerpt":{"rendered":"","protected":false},"author":2,"featured_media":0,"parent":0,"menu_order":0,"comment_status":"closed","ping_status":"closed","template":"","meta":{"inline_featured_image":false,"footnotes":""},"class_list":["post-21283","page","type-page","status-publish","hentry"],"yoast_head":"<!-- This site is optimized with the Yoast SEO Premium plugin v25.2 (Yoast SEO v27.4) - https:\/\/yoast.com\/product\/yoast-seo-premium-wordpress\/ -->\n<title>Caso de \u00e9xito Tecnoqu\u00edmicas - Assist Consultores<\/title>\n<meta name=\"description\" content=\"Tecnoqu\u00edmicas constantemente se encuentra en la implementaci\u00f3n de nuevos proyectos tecnol\u00f3gicos, por lo tanto, se hace necesario contar con el apoyo especializado de consultores que les permita cumplir con sus objetivos y metas en la organizaci\u00f3n.\" \/>\n<meta name=\"robots\" content=\"index, follow, max-snippet:-1, max-image-preview:large, max-video-preview:-1\" \/>\n<link rel=\"canonical\" href=\"https:\/\/assist.com.co\/en\/caso-de-exito-farmaceutica\/\" \/>\n<meta property=\"og:locale\" content=\"en_US\" \/>\n<meta property=\"og:type\" content=\"article\" \/>\n<meta property=\"og:title\" content=\"Caso de \u00e9xito Tecnoqu\u00edmicas\" \/>\n<meta property=\"og:description\" content=\"Tecnoqu\u00edmicas constantemente se encuentra en la implementaci\u00f3n de nuevos proyectos tecnol\u00f3gicos, por lo tanto, se hace necesario contar con el apoyo especializado de consultores que les permita cumplir con sus objetivos y metas en la organizaci\u00f3n.\" \/>\n<meta property=\"og:url\" content=\"https:\/\/assist.com.co\/en\/caso-de-exito-farmaceutica\/\" \/>\n<meta property=\"og:site_name\" content=\"Assist Consultores\" \/>\n<meta property=\"article:modified_time\" content=\"2026-02-25T15:40:00+00:00\" \/>\n<meta name=\"twitter:card\" content=\"summary_large_image\" \/>\n<meta name=\"twitter:label1\" content=\"Est. reading time\" \/>\n\t<meta name=\"twitter:data1\" content=\"3 minutes\" \/>\n<script type=\"application\/ld+json\" class=\"yoast-schema-graph\">{\"@context\":\"https:\\\/\\\/schema.org\",\"@graph\":[{\"@type\":\"WebPage\",\"@id\":\"https:\\\/\\\/assist.com.co\\\/caso-de-exito-farmaceutica\\\/\",\"url\":\"https:\\\/\\\/assist.com.co\\\/caso-de-exito-farmaceutica\\\/\",\"name\":\"Caso de \u00e9xito Tecnoqu\u00edmicas - Assist Consultores\",\"isPartOf\":{\"@id\":\"https:\\\/\\\/assist.com.co\\\/#website\"},\"datePublished\":\"2025-03-12T19:26:37+00:00\",\"dateModified\":\"2026-02-25T15:40:00+00:00\",\"description\":\"Tecnoqu\u00edmicas constantemente se encuentra en la implementaci\u00f3n de nuevos proyectos tecnol\u00f3gicos, por lo tanto, se hace necesario contar con el apoyo especializado de consultores que les permita cumplir con sus objetivos y metas en la organizaci\u00f3n.\",\"breadcrumb\":{\"@id\":\"https:\\\/\\\/assist.com.co\\\/caso-de-exito-farmaceutica\\\/#breadcrumb\"},\"inLanguage\":\"en-US\",\"potentialAction\":[{\"@type\":\"ReadAction\",\"target\":[\"https:\\\/\\\/assist.com.co\\\/caso-de-exito-farmaceutica\\\/\"]}]},{\"@type\":\"BreadcrumbList\",\"@id\":\"https:\\\/\\\/assist.com.co\\\/caso-de-exito-farmaceutica\\\/#breadcrumb\",\"itemListElement\":[{\"@type\":\"ListItem\",\"position\":1,\"name\":\"Home\",\"item\":\"https:\\\/\\\/assist.com.co\\\/\"},{\"@type\":\"ListItem\",\"position\":2,\"name\":\"Caso de \u00e9xito Tecnoqu\u00edmicas\"}]},{\"@type\":\"WebSite\",\"@id\":\"https:\\\/\\\/assist.com.co\\\/#website\",\"url\":\"https:\\\/\\\/assist.com.co\\\/\",\"name\":\"Assist Consultores\",\"description\":\"Transformando Capacidades Empresariales en Sistemas Innovadores\",\"potentialAction\":[{\"@type\":\"SearchAction\",\"target\":{\"@type\":\"EntryPoint\",\"urlTemplate\":\"https:\\\/\\\/assist.com.co\\\/?s={search_term_string}\"},\"query-input\":{\"@type\":\"PropertyValueSpecification\",\"valueRequired\":true,\"valueName\":\"search_term_string\"}}],\"inLanguage\":\"en-US\"}]}<\/script>\n<!-- \/ Yoast SEO Premium plugin. -->","yoast_head_json":{"title":"Caso de \u00e9xito Tecnoqu\u00edmicas - Assist Consultores","description":"Tecnoqu\u00edmicas constantemente se encuentra en la implementaci\u00f3n de nuevos proyectos tecnol\u00f3gicos, por lo tanto, se hace necesario contar con el apoyo especializado de consultores que les permita cumplir con sus objetivos y metas en la organizaci\u00f3n.","robots":{"index":"index","follow":"follow","max-snippet":"max-snippet:-1","max-image-preview":"max-image-preview:large","max-video-preview":"max-video-preview:-1"},"canonical":"https:\/\/assist.com.co\/en\/caso-de-exito-farmaceutica\/","og_locale":"en_US","og_type":"article","og_title":"Caso de \u00e9xito Tecnoqu\u00edmicas","og_description":"Tecnoqu\u00edmicas constantemente se encuentra en la implementaci\u00f3n de nuevos proyectos tecnol\u00f3gicos, por lo tanto, se hace necesario contar con el apoyo especializado de consultores que les permita cumplir con sus objetivos y metas en la organizaci\u00f3n.","og_url":"https:\/\/assist.com.co\/en\/caso-de-exito-farmaceutica\/","og_site_name":"Assist Consultores","article_modified_time":"2026-02-25T15:40:00+00:00","twitter_card":"summary_large_image","twitter_misc":{"Est. reading time":"3 minutes"},"schema":{"@context":"https:\/\/schema.org","@graph":[{"@type":"WebPage","@id":"https:\/\/assist.com.co\/caso-de-exito-farmaceutica\/","url":"https:\/\/assist.com.co\/caso-de-exito-farmaceutica\/","name":"Caso de \u00e9xito Tecnoqu\u00edmicas - Assist Consultores","isPartOf":{"@id":"https:\/\/assist.com.co\/#website"},"datePublished":"2025-03-12T19:26:37+00:00","dateModified":"2026-02-25T15:40:00+00:00","description":"Tecnoqu\u00edmicas constantemente se encuentra en la implementaci\u00f3n de nuevos proyectos tecnol\u00f3gicos, por lo tanto, se hace necesario contar con el apoyo especializado de consultores que les permita cumplir con sus objetivos y metas en la organizaci\u00f3n.","breadcrumb":{"@id":"https:\/\/assist.com.co\/caso-de-exito-farmaceutica\/#breadcrumb"},"inLanguage":"en-US","potentialAction":[{"@type":"ReadAction","target":["https:\/\/assist.com.co\/caso-de-exito-farmaceutica\/"]}]},{"@type":"BreadcrumbList","@id":"https:\/\/assist.com.co\/caso-de-exito-farmaceutica\/#breadcrumb","itemListElement":[{"@type":"ListItem","position":1,"name":"Home","item":"https:\/\/assist.com.co\/"},{"@type":"ListItem","position":2,"name":"Caso de \u00e9xito Tecnoqu\u00edmicas"}]},{"@type":"WebSite","@id":"https:\/\/assist.com.co\/#website","url":"https:\/\/assist.com.co\/","name":"Assist Consultores","description":"Transformando Capacidades Empresariales en Sistemas Innovadores","potentialAction":[{"@type":"SearchAction","target":{"@type":"EntryPoint","urlTemplate":"https:\/\/assist.com.co\/?s={search_term_string}"},"query-input":{"@type":"PropertyValueSpecification","valueRequired":true,"valueName":"search_term_string"}}],"inLanguage":"en-US"}]}},"_links":{"self":[{"href":"https:\/\/assist.com.co\/en\/wp-json\/wp\/v2\/pages\/21283","targetHints":{"allow":["GET"]}}],"collection":[{"href":"https:\/\/assist.com.co\/en\/wp-json\/wp\/v2\/pages"}],"about":[{"href":"https:\/\/assist.com.co\/en\/wp-json\/wp\/v2\/types\/page"}],"author":[{"embeddable":true,"href":"https:\/\/assist.com.co\/en\/wp-json\/wp\/v2\/users\/2"}],"replies":[{"embeddable":true,"href":"https:\/\/assist.com.co\/en\/wp-json\/wp\/v2\/comments?post=21283"}],"version-history":[{"count":14,"href":"https:\/\/assist.com.co\/en\/wp-json\/wp\/v2\/pages\/21283\/revisions"}],"predecessor-version":[{"id":24269,"href":"https:\/\/assist.com.co\/en\/wp-json\/wp\/v2\/pages\/21283\/revisions\/24269"}],"wp:attachment":[{"href":"https:\/\/assist.com.co\/en\/wp-json\/wp\/v2\/media?parent=21283"}],"curies":[{"name":"wp","href":"https:\/\/api.w.org\/{rel}","templated":true}]}}