{"id":21464,"date":"2025-03-25T14:50:26","date_gmt":"2025-03-25T14:50:26","guid":{"rendered":"https:\/\/assist.com.co\/?page_id=21464"},"modified":"2026-02-25T15:40:06","modified_gmt":"2026-02-25T15:40:06","slug":"webinar-ace-13-y-webmethods","status":"publish","type":"page","link":"https:\/\/assist.com.co\/en\/webinar-ace-13-y-webmethods\/","title":{"rendered":"Webinar ACE 13 y WebMethods"},"content":{"rendered":"<div class=\"et_pb_section_0 et_pb_section et_section_regular et_block_section preset--module--divi-section--default\" id=\"FONDO_PARTICULAS\"><div class=\"et_pb_row_0 et_pb_row et_block_row\"><div class=\"et_pb_column_0 et_pb_column et_pb_column_1_2 et_block_column et_pb_css_mix_blend_mode_passthrough\"><div class=\"et_pb_image_0 et_pb_image et_pb_module et_block_module\"><span class=\"et_pb_image_wrap\"><img loading=\"lazy\" decoding=\"async\" src=\"https:\/\/assist.com.co\/wp-content\/uploads\/2024\/10\/assist-ibm_Mesa-de-trabajo-1.svg\" width=\"0\" height=\"0\" class=\"wp-image-20116\" title=\"assist-ibm_Mesa de trabajo 1\" alt=\"red-hat\" \/><\/span><\/div><div class=\"et_pb_heading_0 et_pb_heading et_pb_module et_block_module preset--module--divi-heading--283af2b2-2408-4cb1-afc4-4101cd2626b6\"><div class=\"et_pb_heading_container\"><h4 class=\"et_pb_module_header\">WEBINAR<\/h4><\/div><\/div><div class=\"et_pb_heading_1 et_pb_heading et_animated et_pb_module et_block_module preset--module--divi-heading--11f04dd0-b997-463c-87fe-33109a1b0da4\"><div class=\"et_pb_heading_container\"><h1 class=\"et_pb_module_header\">ACE 13 y WebMethods: Optimizando la Integraci\u00f3n Empresarial con Inteligencia Artificial.<\/h1><\/div><\/div><div class=\"et_pb_text_0 et_pb_text et_pb_bg_layout_light et_animated et_pb_module et_block_module preset--module--divi-text--327a4162-0db9-4922-ba89-8292d8c7f3f2\"><div class=\"et_pb_text_inner\"><p data-prosemirror-content-type=\"node\" data-prosemirror-node-name=\"paragraph\" data-prosemirror-node-block=\"true\" data-pm-slice=\"1 1 []\" style=\"text-align: justify;\"><span style=\"color: #ffffff;\">La integraci\u00f3n\u00a0con tecnolog\u00edas avanzadas se ha convertido en un pilar fundamental para la transformaci\u00f3n digital. <strong data-prosemirror-content-type=\"mark\" data-prosemirror-mark-name=\"strong\">Esta charla explorar\u00e1 c\u00f3mo <span style=\"color: #00ffff;\">ACE 13 y WebMethods, combinados con Inteligencia Artificial (IA),<\/span> est\u00e1n revolucionando la integraci\u00f3n empresarial<\/strong>, permitiendo a las organizaciones mejorar la interoperabilidad, la automatizaci\u00f3n de procesos y la toma de decisiones en tiempo real.<\/span><\/p>\n<\/div><\/div><div class=\"et_pb_text_1 et_pb_text et_pb_bg_layout_light et_animated et_pb_module et_block_module\"><div class=\"et_pb_text_inner\"><h2 style=\"text-align: center;\"><span style=\"color: #ffffff;\"><strong><em>REG\u00cdSTRATE AHORA\u00a0<\/em> \u00a0<\/strong><\/span><\/h2>\n<\/div><\/div><div class=\"et_pb_module et_pb_button_module_wrapper et_pb_button_0_wrapper\"><a class=\"et_pb_button_0 et_pb_button et_pb_bg_layout_light et_pb_module et_block_module\" href=\"https:\/\/api.whatsapp.com\/send\/?phone=%2B573102169640&#038;text=Hola%2C+quisiera+que+me+contacten.&#038;app_absent=0\">M\u00c1S INFORMACI\u00d3N<\/a><\/div><\/div><div class=\"et_pb_column_1 et_pb_column et_pb_column_1_2 et-last-child et_block_column et_pb_css_mix_blend_mode_passthrough\"><div class=\"et_pb_code_0 et_pb_code et_pb_module\"><div class=\"et_pb_code_inner\"><iframe loading=\"lazy\" src=\"https:\/\/docs.google.com\/forms\/d\/e\/1FAIpQLScnbSquQGegLW5yzu4QgfX8hU1xOW5X9OvUAPyLBI9Gso9rVQ\/viewform?embedded=true\" width=\"640\" height=\"900\" frameborder=\"0\" marginheight=\"0\" marginwidth=\"0\">Cargando\u2026<\/iframe><\/div><\/div><\/div><\/div><\/div>","protected":false},"excerpt":{"rendered":"","protected":false},"author":2,"featured_media":0,"parent":0,"menu_order":0,"comment_status":"closed","ping_status":"closed","template":"page-template-blank.php","meta":{"inline_featured_image":false,"footnotes":""},"class_list":["post-21464","page","type-page","status-publish","hentry"],"yoast_head":"<!-- This site is optimized with the Yoast SEO Premium plugin v25.2 (Yoast SEO v27.4) - https:\/\/yoast.com\/product\/yoast-seo-premium-wordpress\/ -->\n<title>Webinar ACE 13 y WebMethods - Assist Consultores<\/title>\n<meta name=\"description\" content=\"La integraci\u00f3n\u00a0con tecnolog\u00edas avanzadas se ha convertido en un pilar fundamental para la transformaci\u00f3n digital. Esta charla explorar\u00e1 c\u00f3mo ACE 13 y WebMethods, combinados con Inteligencia Artificial (IA), est\u00e1n revolucionando la integraci\u00f3n empresarial.\" \/>\n<meta name=\"robots\" content=\"index, follow, max-snippet:-1, max-image-preview:large, max-video-preview:-1\" \/>\n<link rel=\"canonical\" href=\"https:\/\/assist.com.co\/en\/webinar-ace-13-y-webmethods\/\" \/>\n<meta property=\"og:locale\" content=\"en_US\" \/>\n<meta property=\"og:type\" content=\"article\" \/>\n<meta property=\"og:title\" content=\"Webinar ACE 13 y WebMethods\" \/>\n<meta property=\"og:description\" content=\"La integraci\u00f3n\u00a0con tecnolog\u00edas avanzadas se ha convertido en un pilar fundamental para la transformaci\u00f3n digital. Esta charla explorar\u00e1 c\u00f3mo ACE 13 y WebMethods, combinados con Inteligencia Artificial (IA), est\u00e1n revolucionando la integraci\u00f3n empresarial.\" \/>\n<meta property=\"og:url\" content=\"https:\/\/assist.com.co\/en\/webinar-ace-13-y-webmethods\/\" \/>\n<meta property=\"og:site_name\" content=\"Assist Consultores\" \/>\n<meta property=\"article:modified_time\" content=\"2026-02-25T15:40:06+00:00\" \/>\n<meta name=\"twitter:card\" content=\"summary_large_image\" \/>\n<script type=\"application\/ld+json\" class=\"yoast-schema-graph\">{\"@context\":\"https:\\\/\\\/schema.org\",\"@graph\":[{\"@type\":\"WebPage\",\"@id\":\"https:\\\/\\\/assist.com.co\\\/webinar-ace-13-y-webmethods\\\/\",\"url\":\"https:\\\/\\\/assist.com.co\\\/webinar-ace-13-y-webmethods\\\/\",\"name\":\"Webinar ACE 13 y WebMethods - Assist Consultores\",\"isPartOf\":{\"@id\":\"https:\\\/\\\/assist.com.co\\\/#website\"},\"datePublished\":\"2025-03-25T14:50:26+00:00\",\"dateModified\":\"2026-02-25T15:40:06+00:00\",\"description\":\"La integraci\u00f3n\u00a0con tecnolog\u00edas avanzadas se ha convertido en un pilar fundamental para la transformaci\u00f3n digital. Esta charla explorar\u00e1 c\u00f3mo ACE 13 y WebMethods, combinados con Inteligencia Artificial (IA), est\u00e1n revolucionando la integraci\u00f3n empresarial.\",\"breadcrumb\":{\"@id\":\"https:\\\/\\\/assist.com.co\\\/webinar-ace-13-y-webmethods\\\/#breadcrumb\"},\"inLanguage\":\"en-US\",\"potentialAction\":[{\"@type\":\"ReadAction\",\"target\":[\"https:\\\/\\\/assist.com.co\\\/webinar-ace-13-y-webmethods\\\/\"]}]},{\"@type\":\"BreadcrumbList\",\"@id\":\"https:\\\/\\\/assist.com.co\\\/webinar-ace-13-y-webmethods\\\/#breadcrumb\",\"itemListElement\":[{\"@type\":\"ListItem\",\"position\":1,\"name\":\"Home\",\"item\":\"https:\\\/\\\/assist.com.co\\\/\"},{\"@type\":\"ListItem\",\"position\":2,\"name\":\"Webinar ACE 13 y WebMethods\"}]},{\"@type\":\"WebSite\",\"@id\":\"https:\\\/\\\/assist.com.co\\\/#website\",\"url\":\"https:\\\/\\\/assist.com.co\\\/\",\"name\":\"Assist Consultores\",\"description\":\"Transformando Capacidades Empresariales en Sistemas Innovadores\",\"potentialAction\":[{\"@type\":\"SearchAction\",\"target\":{\"@type\":\"EntryPoint\",\"urlTemplate\":\"https:\\\/\\\/assist.com.co\\\/?s={search_term_string}\"},\"query-input\":{\"@type\":\"PropertyValueSpecification\",\"valueRequired\":true,\"valueName\":\"search_term_string\"}}],\"inLanguage\":\"en-US\"}]}<\/script>\n<!-- \/ Yoast SEO Premium plugin. -->","yoast_head_json":{"title":"Webinar ACE 13 y WebMethods - Assist Consultores","description":"La integraci\u00f3n\u00a0con tecnolog\u00edas avanzadas se ha convertido en un pilar fundamental para la transformaci\u00f3n digital. Esta charla explorar\u00e1 c\u00f3mo ACE 13 y WebMethods, combinados con Inteligencia Artificial (IA), est\u00e1n revolucionando la integraci\u00f3n empresarial.","robots":{"index":"index","follow":"follow","max-snippet":"max-snippet:-1","max-image-preview":"max-image-preview:large","max-video-preview":"max-video-preview:-1"},"canonical":"https:\/\/assist.com.co\/en\/webinar-ace-13-y-webmethods\/","og_locale":"en_US","og_type":"article","og_title":"Webinar ACE 13 y WebMethods","og_description":"La integraci\u00f3n\u00a0con tecnolog\u00edas avanzadas se ha convertido en un pilar fundamental para la transformaci\u00f3n digital. Esta charla explorar\u00e1 c\u00f3mo ACE 13 y WebMethods, combinados con Inteligencia Artificial (IA), est\u00e1n revolucionando la integraci\u00f3n empresarial.","og_url":"https:\/\/assist.com.co\/en\/webinar-ace-13-y-webmethods\/","og_site_name":"Assist Consultores","article_modified_time":"2026-02-25T15:40:06+00:00","twitter_card":"summary_large_image","schema":{"@context":"https:\/\/schema.org","@graph":[{"@type":"WebPage","@id":"https:\/\/assist.com.co\/webinar-ace-13-y-webmethods\/","url":"https:\/\/assist.com.co\/webinar-ace-13-y-webmethods\/","name":"Webinar ACE 13 y WebMethods - Assist Consultores","isPartOf":{"@id":"https:\/\/assist.com.co\/#website"},"datePublished":"2025-03-25T14:50:26+00:00","dateModified":"2026-02-25T15:40:06+00:00","description":"La integraci\u00f3n\u00a0con tecnolog\u00edas avanzadas se ha convertido en un pilar fundamental para la transformaci\u00f3n digital. Esta charla explorar\u00e1 c\u00f3mo ACE 13 y WebMethods, combinados con Inteligencia Artificial (IA), est\u00e1n revolucionando la integraci\u00f3n empresarial.","breadcrumb":{"@id":"https:\/\/assist.com.co\/webinar-ace-13-y-webmethods\/#breadcrumb"},"inLanguage":"en-US","potentialAction":[{"@type":"ReadAction","target":["https:\/\/assist.com.co\/webinar-ace-13-y-webmethods\/"]}]},{"@type":"BreadcrumbList","@id":"https:\/\/assist.com.co\/webinar-ace-13-y-webmethods\/#breadcrumb","itemListElement":[{"@type":"ListItem","position":1,"name":"Home","item":"https:\/\/assist.com.co\/"},{"@type":"ListItem","position":2,"name":"Webinar ACE 13 y WebMethods"}]},{"@type":"WebSite","@id":"https:\/\/assist.com.co\/#website","url":"https:\/\/assist.com.co\/","name":"Assist Consultores","description":"Transformando Capacidades Empresariales en Sistemas Innovadores","potentialAction":[{"@type":"SearchAction","target":{"@type":"EntryPoint","urlTemplate":"https:\/\/assist.com.co\/?s={search_term_string}"},"query-input":{"@type":"PropertyValueSpecification","valueRequired":true,"valueName":"search_term_string"}}],"inLanguage":"en-US"}]}},"_links":{"self":[{"href":"https:\/\/assist.com.co\/en\/wp-json\/wp\/v2\/pages\/21464","targetHints":{"allow":["GET"]}}],"collection":[{"href":"https:\/\/assist.com.co\/en\/wp-json\/wp\/v2\/pages"}],"about":[{"href":"https:\/\/assist.com.co\/en\/wp-json\/wp\/v2\/types\/page"}],"author":[{"embeddable":true,"href":"https:\/\/assist.com.co\/en\/wp-json\/wp\/v2\/users\/2"}],"replies":[{"embeddable":true,"href":"https:\/\/assist.com.co\/en\/wp-json\/wp\/v2\/comments?post=21464"}],"version-history":[{"count":4,"href":"https:\/\/assist.com.co\/en\/wp-json\/wp\/v2\/pages\/21464\/revisions"}],"predecessor-version":[{"id":24271,"href":"https:\/\/assist.com.co\/en\/wp-json\/wp\/v2\/pages\/21464\/revisions\/24271"}],"wp:attachment":[{"href":"https:\/\/assist.com.co\/en\/wp-json\/wp\/v2\/media?parent=21464"}],"curies":[{"name":"wp","href":"https:\/\/api.w.org\/{rel}","templated":true}]}}