{"id":21620,"date":"2025-04-14T22:01:58","date_gmt":"2025-04-14T22:01:58","guid":{"rendered":"https:\/\/assist.com.co\/?page_id=21620"},"modified":"2026-02-25T15:40:19","modified_gmt":"2026-02-25T15:40:19","slug":"automatizacion-de-procesos","status":"publish","type":"page","link":"https:\/\/assist.com.co\/en\/automatizacion-de-procesos\/","title":{"rendered":"Automatizaci\u00f3n de procesos"},"content":{"rendered":"<div class=\"et_pb_section_0 et_pb_section et_section_regular et_block_section section_has_divider et_pb_bottom_divider preset--module--divi-section--default\"><div class=\"et_pb_row_0 et_pb_row et_block_row\"><div class=\"et_pb_column_0 et_pb_column et_pb_column_3_5 et_block_column et_pb_css_mix_blend_mode_passthrough\"><div class=\"et_pb_text_0 et_pb_text et_pb_bg_layout_dark et_animated et_pb_module et_block_module et_pb_text_align_right\"><div class=\"et_pb_text_inner\"><h1 style=\"text-align: left;\">Smart Automation at the Service of Your Business<\/h1>\n<\/div><\/div><div class=\"et_pb_text_1 et_pb_text et_pb_bg_layout_light et_pb_module et_block_module\"><div class=\"et_pb_text_inner\"><p>We optimize your processes with automatic, adaptive, and AI-driven solutions that reduce errors, increase productivity, and enable efficient scaling.<\/p>\n<\/div><\/div><div class=\"et_pb_module et_pb_button_module_wrapper et_pb_button_0_wrapper\"><a class=\"et_pb_button_0 et_pb_button et_pb_bg_layout_light et_pb_module et_block_module\" href=\"\">Book a meeting<\/a><\/div><\/div><div class=\"et_pb_column_1 et_pb_column et_pb_column_2_5 et-last-child et_block_column et_pb_column_empty et_pb_css_mix_blend_mode_passthrough\"><\/div><\/div><div class=\"et_pb_bottom_inside_divider et-no-transition\"><\/div><\/div><div class=\"et_pb_section_1 et_pb_section et_section_regular et_block_section preset--module--divi-section--default\"><div class=\"et_pb_row_1 et_pb_row et_block_row\"><div class=\"et_pb_column_2 et_pb_column et_pb_column_1_2 et_block_column et_pb_column_empty et_pb_css_mix_blend_mode_passthrough\"><\/div><div class=\"et_pb_column_3 et_pb_column et_pb_column_1_2 et-last-child et_block_column et_pb_css_mix_blend_mode_passthrough\"><div class=\"et_pb_text_2 et_pb_text et_pb_bg_layout_light et_pb_module et_block_module\"><div class=\"et_pb_text_inner\"><h4>Automate with Intelligence. Improve with Results<\/h4>\n<h2>Solutions<\/h2>\n<p style=\"text-align: justify;\">We offer tailor-made automation solutions that transform your business by optimizing processes, reducing costs, and driving innovation.<\/p>\n<\/div><\/div><div class=\"et_pb_module et_pb_button_module_wrapper et_pb_button_1_wrapper\"><a class=\"et_pb_button_1 et_pb_button et_pb_bg_layout_light et_pb_module et_block_module\" href=\"https:\/\/api.whatsapp.com\/send\/?pho-ne=%2B573102169640&#038;text=Ho-la%2C+quisiera+que+me+contacten.&#038;type=pho\">Contact us today<\/a><\/div><\/div><\/div><\/div><div class=\"et_pb_section_2 et_pb_section et_section_specialty et_pb_equal_columns et_pb_gutters2 et_block_section\"><div class=\"et_pb_row et_block_row\"><div class=\"et_pb_column_4 et_pb_column et_pb_specialty_column et_pb_column_2_3 et_block_column et_pb_css_mix_blend_mode_passthrough\"><div class=\"et_pb_row_inner_0 et_pb_row_inner et_block_row\"><div class=\"et_pb_column_inner_0 et_pb_column_inner et_pb_column et_pb_column_1_3 et_block_column et_pb_css_mix_blend_mode_passthrough\"><div class=\"et_pb_text_3 et_pb_text et_pb_bg_layout_dark et_pb_module et_block_module\"><div class=\"et_pb_text_inner\"><h4>Business Automation<\/h4>\n<p>Optimize and redesign your processes by eliminating inefficiencies, bottlenecks, and non-value-added tasks.<\/p>\n<\/div><\/div><\/div><div class=\"et_pb_column_inner_1 et_pb_column_inner et_pb_column et_pb_column_1_3 et-last-child et_block_column et_pb_css_mix_blend_mode_passthrough\"><div class=\"et_pb_text_4 et_pb_text et_pb_bg_layout_dark et_pb_module et_block_module\"><div class=\"et_pb_text_inner\"><h4>Process Optimization<\/h4>\n<p>Gain greater control and visibility for better decision-making.<\/p>\n<\/div><\/div><\/div><\/div><div class=\"et_pb_row_inner_1 et_pb_row_inner et_block_row\"><div class=\"et_pb_column_inner_2 et_pb_column_inner et_pb_column et_pb_column_1_3 et_block_column et_pb_css_mix_blend_mode_passthrough\"><div class=\"et_pb_text_5 et_pb_text et_pb_bg_layout_dark et_pb_module et_block_module\"><div class=\"et_pb_text_inner\"><h4>Time and Cost Optimization<\/h4>\n<p>Free up resources to reinvest in strategic areas.<\/p>\n<\/div><\/div><\/div><div class=\"et_pb_column_inner_3 et_pb_column_inner et_pb_column et_pb_column_1_3 et-last-child et_block_column et_pb_css_mix_blend_mode_passthrough\"><div class=\"et_pb_text_6 et_pb_text et_pb_bg_layout_dark et_pb_module et_block_module\"><div class=\"et_pb_text_inner\"><h4>Increased Agility and Security<\/h4>\n<p>Customer confidence backed by solid, secure processes.<\/p>\n<\/div><\/div><\/div><\/div><\/div><div class=\"et_pb_column_5 et_pb_column et_pb_column_single et_pb_column_1_3 et-last-child et_block_column et_pb_css_mix_blend_mode_passthrough\"><div class=\"et_pb_image_0 et_pb_image et_pb_module et_block_module\"><span class=\"et_pb_image_wrap\"><img loading=\"lazy\" decoding=\"async\" src=\"https:\/\/assist.com.co\/wp-content\/uploads\/2025\/04\/04141.gif\" width=\"568\" height=\"320\" sizes=\"(min-width: 0px) and (max-width: 480px) 480px, (min-width: 481px) 568px, 100vw\" class=\"wp-image-21694\" title=\"0414(1)\" \/><\/span><\/div><\/div><\/div><\/div><div class=\"et_pb_section_3 et_pb_section et_section_regular et_block_section preset--module--divi-section--default\"><div class=\"et_pb_row_2 et_pb_row et_block_row\"><div class=\"et_pb_column_6 et_pb_column et_pb_column_2_3 et_block_column et_pb_css_mix_blend_mode_passthrough\"><div class=\"et_pb_text_7 et_pb_text et_pb_bg_layout_light et_pb_module et_block_module\"><div class=\"et_pb_text_inner\"><h3>IT Automation<\/h3>\n<p style=\"text-align: justify;\">Strategic IT automation consulting to identify opportunities, select the best tools, and design customized solutions that optimize efficiency and drive innovation.<\/p>\n<\/div><\/div><\/div><div class=\"et_pb_column_7 et_pb_column et_pb_column_1_3 et-last-child et_block_column et_pb_css_mix_blend_mode_passthrough\"><div class=\"et_pb_image_1 et_pb_image et_pb_module et_block_module\"><span class=\"et_pb_image_wrap\"><img loading=\"lazy\" decoding=\"async\" src=\"https:\/\/assist.com.co\/wp-content\/uploads\/2025\/07\/arrow-1450_128.gif\" width=\"128\" height=\"128\" srcset=\"https:\/\/assist.com.co\/wp-content\/uploads\/2025\/07\/arrow-1450_128.gif 128w, https:\/\/assist.com.co\/wp-content\/uploads\/2025\/07\/arrow-1450_128-12x12.gif 12w\" sizes=\"(max-width: 128px) 100vw, 128px\" class=\"wp-image-22661\" title=\"arrow-1450_128\" \/><\/span><\/div><\/div><\/div><div class=\"et_pb_row_3 et_pb_row et_pb_equal_columns et_pb_gutters2 et_block_row\"><div class=\"et_pb_column_8 et_pb_column et_pb_column_1_3 et_block_column et_pb_css_mix_blend_mode_passthrough\"><div class=\"et_pb_text_8 et_pb_text et_pb_bg_layout_dark et_pb_module et_block_module\"><div class=\"et_pb_text_inner\"><h3>Training<\/h3>\n<\/div><\/div><div class=\"et_pb_text_9 et_pb_text et_pb_bg_layout_light et_pb_module et_block_module\"><div class=\"et_pb_text_inner\"><h3 style=\"text-align: justify;\">We train the IT team with the essential knowledge and skills to implement, manage, and optimize automation solutions, ensuring efficient, sustainable adoption aligned with business objectives.<\/h3>\n<\/div><\/div><div class=\"et_pb_module et_pb_button_module_wrapper et_pb_button_2_wrapper\"><a class=\"et_pb_button_2 et_pb_button et_pb_bg_layout_light et_pb_module et_block_module\" href=\"https:\/\/assist.com.co\/en\/solicitudes\/\">I want to know more<\/a><\/div><\/div><div class=\"et_pb_column_9 et_pb_column et_pb_column_1_3 et_block_column et_pb_css_mix_blend_mode_passthrough\"><div class=\"et_pb_text_10 et_pb_text et_pb_bg_layout_light et_pb_module et_block_module\"><div class=\"et_pb_text_inner\"><h4>Reduction of operational errors through best practices.<\/h4>\n<p>Training the team ensures more precise execution, minimizing common failures in automated processes.<\/p>\n<\/div><\/div><div class=\"et_pb_text_11 et_pb_text et_pb_bg_layout_light et_pb_module et_block_module\"><div class=\"et_pb_text_inner\"><h4>Greater adaptability to new technologies<\/h4>\n<p>A prepared team can adopt emerging tools quickly and confidently, maintaining business competitiveness.<\/p>\n<\/div><\/div><div class=\"et_pb_text_12 et_pb_text et_pb_bg_layout_light et_pb_module et_block_module\"><div class=\"et_pb_text_inner\"><h4>Autonomy in automation management<\/h4>\n<p>Empower the team to implement and maintain solutions without constantly depending on third parties.<\/p>\n<\/div><\/div><\/div><div class=\"et_pb_column_10 et_pb_column et_pb_column_1_3 et-last-child et_block_column et_pb_css_mix_blend_mode_passthrough\"><div class=\"et_pb_text_13 et_pb_text et_pb_bg_layout_light et_pb_module et_block_module\"><div class=\"et_pb_text_inner\"><h4>Strengthening a culture of continuous improvement<\/h4>\n<p>Training fosters a proactive mindset within the team, focused on constant evolution and optimization.<\/p>\n<\/div><\/div><div class=\"et_pb_text_14 et_pb_text et_pb_bg_layout_light et_pb_module et_block_module\"><div class=\"et_pb_text_inner\"><h4>Development of internal talent<\/h4>\n<p>Strengthens the capabilities of the IT team, elevating its performance and aligning it with the company\u2019s technology objectives.<\/p>\n<\/div><\/div><div class=\"et_pb_text_15 et_pb_text et_pb_bg_layout_light et_pb_module et_block_module\"><div class=\"et_pb_text_inner\"><h4>Greater operational efficiency<\/h4>\n<p><span style=\"font-size: 15px;\">Optimizes resources, time, and processes, generating a direct impact on productivity and results.<\/span><\/p>\n<\/div><\/div><\/div><\/div><\/div><div class=\"et_pb_section_4 et_pb_section et_section_regular et_block_section et_pb_section_parallax preset--module--divi-section--default\"><span class=\"et-pb-parallax-wrapper\"><span class=\"et-pb-parallax-background et-pb-parallax-background-module--divi-section-4\" style=\"background-image:url(https:\/\/assist.com.co\/wp-content\/uploads\/2025\/05\/f6.jpg)\"><\/span><\/span><div class=\"et_pb_row_4 et_pb_row et_block_row\"><div class=\"et_pb_column_11 et_pb_column et_pb_column_1_2 et_block_column et_pb_css_mix_blend_mode_passthrough\"><div class=\"et_pb_text_16 et_pb_text et_pb_bg_layout_light et_pb_module et_block_module\"><div class=\"et_pb_text_inner\"><p><strong data-start=\"438\" data-end=\"519\">\ud83d\udca1Leverage the power of intelligent technology to transform your operation<\/strong><\/p>\n<\/div><\/div><div class=\"et_pb_code_0 et_pb_code et_pb_module\"><div class=\"et_pb_code_inner\"><iframe loading=\"lazy\" src=\"https:\/\/docs.google.com\/forms\/d\/e\/1FAIpQLSdsFMYq0Stmo6WrJTMGBkq3NZU6XLvGgMWjxJ9TKsgA9Ri8kg\/viewform?embedded=true\" width=\"640\" height=\"700\" frameborder=\"0\" marginheight=\"0\" marginwidth=\"0\">Cargando\u2026<\/iframe><\/div><\/div><div class=\"et_pb_text_17 et_pb_text et_pb_bg_layout_light et_pb_module et_block_module\"><div class=\"et_pb_text_inner\"><p><em>Don\u2019t wait any longer. <\/em><\/p>\n<p><em>\ud83d\udce5Get in touch  and revolutionize the way you operate.<\/em><\/p>\n<\/div><\/div><\/div><div class=\"et_pb_column_12 et_pb_column et_pb_column_1_2 et-last-child et_block_column et_pb_css_mix_blend_mode_passthrough\"><div class=\"et_pb_text_18 et_pb_text et_pb_bg_layout_light et_pb_module et_block_module\"><div class=\"et_pb_text_inner\"><h4>Connect Systems. Automate Workflows. Accelerate Decisions<\/h4>\n<h2>How We Achieve It<\/h2>\n<p style=\"text-align: justify;\">Adapting technologies and automation to maximize innovation and results, aligning with the specific objectives and challenges of each client.<\/p>\n<\/div><\/div><div class=\"et_pb_text_19 et_pb_text et_pb_bg_layout_dark et_animated et_pb_module et_block_module et_pb_text_align_right\"><div class=\"et_pb_text_inner\"><h1 style=\"text-align: left;\"><span style=\"color: #333399;\">Optimize processes. Free up time. Scale without limits<\/span><\/h1>\n<\/div><\/div><\/div><\/div><\/div><div class=\"et_pb_section_5 et_pb_section et_section_regular et_block_section preset--module--divi-section--default\"><div class=\"et_pb_row_5 et_pb_row et_block_row\"><div class=\"et_pb_column_13 et_pb_column et_pb_column_1_2 et_block_column et_pb_css_mix_blend_mode_passthrough\"><div class=\"et_pb_image_2 et_pb_image et_animated et_pb_module et_block_module\"><span class=\"et_pb_image_wrap\"><img loading=\"lazy\" decoding=\"async\" src=\"https:\/\/assist.com.co\/wp-content\/uploads\/2025\/04\/escena-dibujos-animados-3d-que-representa-variedad-personas-que-realizan-varias-tareas.webp\" width=\"2000\" height=\"2000\" srcset=\"https:\/\/assist.com.co\/wp-content\/uploads\/2025\/04\/escena-dibujos-animados-3d-que-representa-variedad-personas-que-realizan-varias-tareas.webp 2000w, https:\/\/assist.com.co\/wp-content\/uploads\/2025\/04\/escena-dibujos-animados-3d-que-representa-variedad-personas-que-realizan-varias-tareas-1280x1280.webp 1280w, https:\/\/assist.com.co\/wp-content\/uploads\/2025\/04\/escena-dibujos-animados-3d-que-representa-variedad-personas-que-realizan-varias-tareas-980x980.webp 980w, https:\/\/assist.com.co\/wp-content\/uploads\/2025\/04\/escena-dibujos-animados-3d-que-representa-variedad-personas-que-realizan-varias-tareas-480x480.webp 480w\" sizes=\"(min-width: 0px) and (max-width: 480px) 480px, (min-width: 481px) and (max-width: 980px) 980px, (min-width: 981px) and (max-width: 1280px) 1280px, (min-width: 1281px) 2000px, 100vw\" class=\"wp-image-21695\" title=\"Soluciones personalizadas con IA\" alt=\"Soluciones personalizadas con IA\" \/><\/span><\/div><\/div><div class=\"et_pb_column_14 et_pb_column et_pb_column_1_2 et-last-child et_block_column et_pb_css_mix_blend_mode_passthrough\"><div class=\"et_pb_text_20 et_pb_text et_pb_bg_layout_light et_pb_module et_block_module\"><div class=\"et_pb_text_inner\"><h4>Robust Infrastructure, Secure Operations<\/h4>\n<h2>Infrastructure Management<\/h2>\n<p style=\"text-align: justify;\">We optimize IT infrastructure management through automation, streamlining key tasks such as server provisioning, network administration, and security\u2014reducing operational load and improving system efficiency.<\/p>\n<\/div><\/div><div class=\"et_pb_module et_pb_button_module_wrapper et_pb_button_3_wrapper\"><a class=\"et_pb_button_3 et_pb_button et_pb_bg_layout_light et_pb_module et_block_module\" href=\"https:\/\/api.whatsapp.com\/send\/?phone=%2B573102169640&#038;text=Hola%2C+quisiera+que+me+contacten.&#038;app_absent=0\">Let\u2019s Talk<\/a><\/div><\/div><\/div><\/div><div class=\"et_pb_section_6 et_pb_section et_section_regular et_block_section preset--module--divi-section--default\"><div class=\"et_pb_row_6 et_pb_row et_block_row\"><div class=\"et_pb_column_15 et_pb_column et_pb_column_4_4 et-last-child et_block_column et_pb_css_mix_blend_mode_passthrough\"><div class=\"et_pb_text_21 et_pb_text et_pb_bg_layout_light et_pb_module et_block_module et_pb_text_align_center preset--module--divi-text--c177ce9c-cc08-4b32-b631-a63c7e0d953a\"><div class=\"et_pb_text_inner\"><h2>Your growth can't wait. We'll help you accelerate it!<\/h2>\n<\/div><\/div><div class=\"et_pb_module et_pb_button_module_wrapper et_pb_button_4_wrapper\"><a class=\"et_pb_button_4 et_pb_button et_pb_bg_layout_light et_pb_module et_block_module\" href=\"https:\/\/assist.com.co\/en\/solicitudes\/\">LEARN HOW<\/a><\/div><\/div><\/div><\/div>","protected":false},"excerpt":{"rendered":"","protected":false},"author":2,"featured_media":22433,"parent":0,"menu_order":0,"comment_status":"closed","ping_status":"closed","template":"","meta":{"inline_featured_image":false,"footnotes":""},"class_list":["post-21620","page","type-page","status-publish","has-post-thumbnail","hentry"],"yoast_head":"<!-- This site is optimized with the Yoast SEO Premium plugin v25.2 (Yoast SEO v27.3) - https:\/\/yoast.com\/product\/yoast-seo-premium-wordpress\/ -->\n<title>Automatizaci\u00f3n de procesos - Assist Consultores<\/title>\n<meta name=\"description\" content=\"Adaptando tecnolog\u00edas y automatizaci\u00f3n para maximizar la innovaci\u00f3n y resultados, aline\u00e1ndonos con los objetivos y desaf\u00edos espec\u00edficos de cada cliente.\" \/>\n<meta name=\"robots\" content=\"index, follow, max-snippet:-1, max-image-preview:large, max-video-preview:-1\" \/>\n<link rel=\"canonical\" href=\"https:\/\/assist.com.co\/en\/automatizacion-de-procesos\/\" \/>\n<meta property=\"og:locale\" content=\"en_US\" \/>\n<meta property=\"og:type\" content=\"article\" \/>\n<meta property=\"og:title\" content=\"Automatizaci\u00f3n de procesos Automatizaci\u00f3n de procesos con IA\" \/>\n<meta property=\"og:description\" content=\"Optimiza tus procesos de TI con automatizaci\u00f3n e IA adaptativa. Reduce errores, acelera decisiones y escala tu negocio. Conoce c\u00f3mo en Assist.\" \/>\n<meta property=\"og:url\" content=\"https:\/\/assist.com.co\/en\/automatizacion-de-procesos\/\" \/>\n<meta property=\"og:site_name\" content=\"Assist Consultores\" \/>\n<meta property=\"article:modified_time\" content=\"2026-02-25T15:40:19+00:00\" \/>\n<meta property=\"og:image\" content=\"https:\/\/assist.com.co\/wp-content\/uploads\/2025\/08\/Banner-automatizacion.jpg\" \/>\n\t<meta property=\"og:image:width\" content=\"1080\" \/>\n\t<meta property=\"og:image:height\" content=\"672\" \/>\n\t<meta property=\"og:image:type\" content=\"image\/jpeg\" \/>\n<meta name=\"twitter:card\" content=\"summary_large_image\" \/>\n<meta name=\"twitter:title\" content=\"Automatizaci\u00f3n de procesos\" \/>\n<meta name=\"twitter:label1\" content=\"Est. reading time\" \/>\n\t<meta name=\"twitter:data1\" content=\"3 minutes\" \/>\n<script type=\"application\/ld+json\" class=\"yoast-schema-graph\">{\"@context\":\"https:\\\/\\\/schema.org\",\"@graph\":[{\"@type\":\"WebPage\",\"@id\":\"https:\\\/\\\/assist.com.co\\\/automatizacion-de-procesos\\\/\",\"url\":\"https:\\\/\\\/assist.com.co\\\/automatizacion-de-procesos\\\/\",\"name\":\"Automatizaci\u00f3n de procesos - Assist Consultores\",\"isPartOf\":{\"@id\":\"https:\\\/\\\/assist.com.co\\\/#website\"},\"primaryImageOfPage\":{\"@id\":\"https:\\\/\\\/assist.com.co\\\/automatizacion-de-procesos\\\/#primaryimage\"},\"image\":{\"@id\":\"https:\\\/\\\/assist.com.co\\\/automatizacion-de-procesos\\\/#primaryimage\"},\"thumbnailUrl\":\"https:\\\/\\\/assist.com.co\\\/wp-content\\\/uploads\\\/2025\\\/06\\\/automatizacion-ti.png\",\"datePublished\":\"2025-04-14T22:01:58+00:00\",\"dateModified\":\"2026-02-25T15:40:19+00:00\",\"description\":\"Adaptando tecnolog\u00edas y automatizaci\u00f3n para maximizar la innovaci\u00f3n y resultados, aline\u00e1ndonos con los objetivos y desaf\u00edos espec\u00edficos de cada cliente.\",\"breadcrumb\":{\"@id\":\"https:\\\/\\\/assist.com.co\\\/automatizacion-de-procesos\\\/#breadcrumb\"},\"inLanguage\":\"en-US\",\"potentialAction\":[{\"@type\":\"ReadAction\",\"target\":[\"https:\\\/\\\/assist.com.co\\\/automatizacion-de-procesos\\\/\"]}]},{\"@type\":\"ImageObject\",\"inLanguage\":\"en-US\",\"@id\":\"https:\\\/\\\/assist.com.co\\\/automatizacion-de-procesos\\\/#primaryimage\",\"url\":\"https:\\\/\\\/assist.com.co\\\/wp-content\\\/uploads\\\/2025\\\/06\\\/automatizacion-ti.png\",\"contentUrl\":\"https:\\\/\\\/assist.com.co\\\/wp-content\\\/uploads\\\/2025\\\/06\\\/automatizacion-ti.png\",\"width\":1080,\"height\":1080,\"caption\":\"automatizaci\u00f3n-ti\"},{\"@type\":\"BreadcrumbList\",\"@id\":\"https:\\\/\\\/assist.com.co\\\/automatizacion-de-procesos\\\/#breadcrumb\",\"itemListElement\":[{\"@type\":\"ListItem\",\"position\":1,\"name\":\"Home\",\"item\":\"https:\\\/\\\/assist.com.co\\\/\"},{\"@type\":\"ListItem\",\"position\":2,\"name\":\"Automatizaci\u00f3n de procesos\"}]},{\"@type\":\"WebSite\",\"@id\":\"https:\\\/\\\/assist.com.co\\\/#website\",\"url\":\"https:\\\/\\\/assist.com.co\\\/\",\"name\":\"Assist Consultores\",\"description\":\"Transformando Capacidades Empresariales en Sistemas Innovadores\",\"potentialAction\":[{\"@type\":\"SearchAction\",\"target\":{\"@type\":\"EntryPoint\",\"urlTemplate\":\"https:\\\/\\\/assist.com.co\\\/?s={search_term_string}\"},\"query-input\":{\"@type\":\"PropertyValueSpecification\",\"valueRequired\":true,\"valueName\":\"search_term_string\"}}],\"inLanguage\":\"en-US\"}]}<\/script>\n<!-- \/ Yoast SEO Premium plugin. -->","yoast_head_json":{"title":"Automatizaci\u00f3n de procesos - Assist Consultores","description":"Adapting technologies and automation to maximize innovation and results, aligning with the specific objectives and challenges of each client.","robots":{"index":"index","follow":"follow","max-snippet":"max-snippet:-1","max-image-preview":"max-image-preview:large","max-video-preview":"max-video-preview:-1"},"canonical":"https:\/\/assist.com.co\/en\/automatizacion-de-procesos\/","og_locale":"en_US","og_type":"article","og_title":"Automatizaci\u00f3n de procesos Automatizaci\u00f3n de procesos con IA","og_description":"Optimiza tus procesos de TI con automatizaci\u00f3n e IA adaptativa. Reduce errores, acelera decisiones y escala tu negocio. Conoce c\u00f3mo en Assist.","og_url":"https:\/\/assist.com.co\/en\/automatizacion-de-procesos\/","og_site_name":"Assist Consultores","article_modified_time":"2026-02-25T15:40:19+00:00","og_image":[{"width":1080,"height":672,"url":"https:\/\/assist.com.co\/wp-content\/uploads\/2025\/08\/Banner-automatizacion.jpg","type":"image\/jpeg"}],"twitter_card":"summary_large_image","twitter_title":"Automatizaci\u00f3n de procesos","twitter_misc":{"Est. reading time":"3 minutes"},"schema":{"@context":"https:\/\/schema.org","@graph":[{"@type":"WebPage","@id":"https:\/\/assist.com.co\/automatizacion-de-procesos\/","url":"https:\/\/assist.com.co\/automatizacion-de-procesos\/","name":"Automatizaci\u00f3n de procesos - Assist Consultores","isPartOf":{"@id":"https:\/\/assist.com.co\/#website"},"primaryImageOfPage":{"@id":"https:\/\/assist.com.co\/automatizacion-de-procesos\/#primaryimage"},"image":{"@id":"https:\/\/assist.com.co\/automatizacion-de-procesos\/#primaryimage"},"thumbnailUrl":"https:\/\/assist.com.co\/wp-content\/uploads\/2025\/06\/automatizacion-ti.png","datePublished":"2025-04-14T22:01:58+00:00","dateModified":"2026-02-25T15:40:19+00:00","description":"Adapting technologies and automation to maximize innovation and results, aligning with the specific objectives and challenges of each client.","breadcrumb":{"@id":"https:\/\/assist.com.co\/automatizacion-de-procesos\/#breadcrumb"},"inLanguage":"en-US","potentialAction":[{"@type":"ReadAction","target":["https:\/\/assist.com.co\/automatizacion-de-procesos\/"]}]},{"@type":"ImageObject","inLanguage":"en-US","@id":"https:\/\/assist.com.co\/automatizacion-de-procesos\/#primaryimage","url":"https:\/\/assist.com.co\/wp-content\/uploads\/2025\/06\/automatizacion-ti.png","contentUrl":"https:\/\/assist.com.co\/wp-content\/uploads\/2025\/06\/automatizacion-ti.png","width":1080,"height":1080,"caption":"automatizaci\u00f3n-ti"},{"@type":"BreadcrumbList","@id":"https:\/\/assist.com.co\/automatizacion-de-procesos\/#breadcrumb","itemListElement":[{"@type":"ListItem","position":1,"name":"Home","item":"https:\/\/assist.com.co\/"},{"@type":"ListItem","position":2,"name":"Automatizaci\u00f3n de procesos"}]},{"@type":"WebSite","@id":"https:\/\/assist.com.co\/#website","url":"https:\/\/assist.com.co\/","name":"Assist Consultores","description":"Transformando Capacidades Empresariales en Sistemas Innovadores","potentialAction":[{"@type":"SearchAction","target":{"@type":"EntryPoint","urlTemplate":"https:\/\/assist.com.co\/?s={search_term_string}"},"query-input":{"@type":"PropertyValueSpecification","valueRequired":true,"valueName":"search_term_string"}}],"inLanguage":"en-US"}]}},"_links":{"self":[{"href":"https:\/\/assist.com.co\/en\/wp-json\/wp\/v2\/pages\/21620","targetHints":{"allow":["GET"]}}],"collection":[{"href":"https:\/\/assist.com.co\/en\/wp-json\/wp\/v2\/pages"}],"about":[{"href":"https:\/\/assist.com.co\/en\/wp-json\/wp\/v2\/types\/page"}],"author":[{"embeddable":true,"href":"https:\/\/assist.com.co\/en\/wp-json\/wp\/v2\/users\/2"}],"replies":[{"embeddable":true,"href":"https:\/\/assist.com.co\/en\/wp-json\/wp\/v2\/comments?post=21620"}],"version-history":[{"count":21,"href":"https:\/\/assist.com.co\/en\/wp-json\/wp\/v2\/pages\/21620\/revisions"}],"predecessor-version":[{"id":24275,"href":"https:\/\/assist.com.co\/en\/wp-json\/wp\/v2\/pages\/21620\/revisions\/24275"}],"wp:featuredmedia":[{"embeddable":true,"href":"https:\/\/assist.com.co\/en\/wp-json\/wp\/v2\/media\/22433"}],"wp:attachment":[{"href":"https:\/\/assist.com.co\/en\/wp-json\/wp\/v2\/media?parent=21620"}],"curies":[{"name":"wp","href":"https:\/\/api.w.org\/{rel}","templated":true}]}}