{"id":21893,"date":"2025-05-13T16:30:12","date_gmt":"2025-05-13T16:30:12","guid":{"rendered":"https:\/\/assist.com.co\/?page_id=21893"},"modified":"2026-02-25T15:40:27","modified_gmt":"2026-02-25T15:40:27","slug":"tu-arquitectura-bancaria-esta-frenando-tu-crecimiento","status":"publish","type":"page","link":"https:\/\/assist.com.co\/en\/tu-arquitectura-bancaria-esta-frenando-tu-crecimiento\/","title":{"rendered":"\u00bfTu arquitectura bancaria est\u00e1 frenando tu crecimiento?"},"content":{"rendered":"<div class=\"et_pb_section_0 et_pb_section et_section_regular et_block_section et_pb_section_parallax preset--module--divi-section--default\" id=\"FONDO_PARTICULAS\"><span class=\"et-pb-parallax-wrapper\"><span class=\"et-pb-parallax-background et-pb-parallax-background-module--divi-section-0 et_parallax_bg_tablet_exist et_parallax_bg_phone_exist\" style=\"background-image:url(https:\/\/assist.com.co\/wp-content\/uploads\/2025\/05\/pieza-email-BIAN-fondo-scaled.png)\"><\/span><span class=\"et_parallax_gradient et_parallax_gradient_tablet_exist et_parallax_gradient_phone_exist\" style=\"background-image:linear-gradient(180deg, rgba(43,135,218,0.4) 0%,rgba(0,3,30,0.95) 98% 100%)\"><\/span><\/span><span class=\"et-pb-parallax-wrapper\"><span class=\"et-pb-parallax-background et-pb-parallax-background_tablet et-pb-parallax-background_tablet-module--divi-section-0 et_parallax_bg_phone_exist\" style=\"background-image:url(https:\/\/assist.com.co\/wp-content\/uploads\/2025\/05\/pieza-email-BIAN-fondo-scaled.png)\"><\/span><span class=\"et_parallax_gradient et_parallax_gradient_tablet et_parallax_gradient_phone_exist\" style=\"background-image:linear-gradient(180deg, rgba(255,255,255,0) 60%,var(--gcid-2a386b1e-9149-40c6-b24d-5e9fedecf039) 60% 100%)\"><\/span><\/span><span class=\"et-pb-parallax-wrapper\"><span class=\"et-pb-parallax-background et-pb-parallax-background_phone et-pb-parallax-background_phone-module--divi-section-0 et_parallax_bg_tablet_exist\" style=\"background-image:url(https:\/\/assist.com.co\/wp-content\/uploads\/2025\/05\/pieza-email-BIAN-fondo-scaled.png)\"><\/span><span class=\"et_parallax_gradient et_parallax_gradient_phone et_parallax_gradient_tablet_exist\" style=\"background-image:linear-gradient(180deg, rgba(255,255,255,0) 60%,var(--gcid-2a386b1e-9149-40c6-b24d-5e9fedecf039) 60% 100%)\"><\/span><\/span><div class=\"et_pb_row_0 et_pb_row et_block_row\"><div class=\"et_pb_column_0 et_pb_column et_pb_column_1_2 et_block_column et_pb_css_mix_blend_mode_passthrough\"><div class=\"et_pb_image_0 et_pb_image et_pb_module et_block_module\"><span class=\"et_pb_image_wrap\"><img loading=\"lazy\" decoding=\"async\" src=\"https:\/\/assist.com.co\/wp-content\/uploads\/2025\/05\/LOGOS.png\" width=\"1192\" height=\"407\" srcset=\"https:\/\/assist.com.co\/wp-content\/uploads\/2025\/05\/LOGOS.png 1192w, https:\/\/assist.com.co\/wp-content\/uploads\/2025\/05\/LOGOS-980x335.png 980w, https:\/\/assist.com.co\/wp-content\/uploads\/2025\/05\/LOGOS-480x164.png 480w\" sizes=\"(min-width: 0px) and (max-width: 480px) 480px, (min-width: 481px) and (max-width: 980px) 980px, (min-width: 981px) 1192px, 100vw\" class=\"wp-image-21907\" title=\"LOGOS\" \/><\/span><\/div><div class=\"et_pb_heading_0 et_pb_heading et_animated et_pb_module et_block_module preset--module--divi-heading--11f04dd0-b997-463c-87fe-33109a1b0da4\"><div class=\"et_pb_heading_container\"><h1 class=\"et_pb_module_header\">\u00bfCada nueva Integraci\u00f3n Tecnol\u00f3gica se convierte en un proyecto largo, costoso y agotador?<\/h1><\/div><\/div><div class=\"et_pb_text_0 et_pb_text et_pb_bg_layout_light et_animated et_pb_module et_block_module\"><div class=\"et_pb_text_inner\"><p style=\"text-align: center;\">\u00bfLa Soluci\u00f3n?<\/p>\n<\/div><\/div><div class=\"et_pb_divider_0 et_pb_divider et_pb_space et_pb_divider_position_top et_pb_module\"><div class=\"et_pb_divider_internal\"><\/div><\/div><div class=\"et_pb_text_1 et_pb_text et_pb_bg_layout_light et_pb_module et_block_module et_pb_text_align_center\"><div class=\"et_pb_text_inner\"><p>Una Arquitectura basada en componentes BIAN<\/p>\n<\/div><\/div><div class=\"et_pb_divider_1 et_pb_divider et_pb_space et_pb_divider_position_top et_pb_module\"><div class=\"et_pb_divider_internal\"><\/div><\/div><div class=\"et_pb_text_2 et_pb_text et_pb_bg_layout_light et_pb_module et_block_module et_pb_text_align_justified\"><div class=\"et_pb_text_inner\"><p>Con este enfoque puedes modular tu core bancario, integrar soluciones m\u00e1s r\u00e1pido, colaborar con fintechs sin fricci\u00f3n y lanzar productos en menos tiempo.<\/p>\n<\/div><\/div><div class=\"et_pb_image_1 et_pb_image et_pb_module et_block_module\"><span class=\"et_pb_image_wrap\"><img loading=\"lazy\" decoding=\"async\" src=\"https:\/\/assist.com.co\/wp-content\/uploads\/2025\/05\/conoce-la-arquitectura-componible.png\" width=\"2286\" height=\"1802\" srcset=\"https:\/\/assist.com.co\/wp-content\/uploads\/2025\/05\/conoce-la-arquitectura-componible.png 2286w, https:\/\/assist.com.co\/wp-content\/uploads\/2025\/05\/conoce-la-arquitectura-componible-1280x1009.png 1280w, https:\/\/assist.com.co\/wp-content\/uploads\/2025\/05\/conoce-la-arquitectura-componible-980x773.png 980w, https:\/\/assist.com.co\/wp-content\/uploads\/2025\/05\/conoce-la-arquitectura-componible-480x378.png 480w\" sizes=\"(min-width: 0px) and (max-width: 480px) 480px, (min-width: 481px) and (max-width: 980px) 980px, (min-width: 981px) and (max-width: 1280px) 1280px, (min-width: 1281px) 2286px, 100vw\" class=\"wp-image-21914\" title=\"conoce la arquitectura componible\" \/><\/span><\/div><div class=\"et_pb_text_3 et_pb_text et_pb_bg_layout_light et_animated et_pb_module et_block_module\"><div class=\"et_pb_text_inner\"><p style=\"text-align: center;\">\u00bfEl resultado?<\/p>\n<\/div><\/div><div class=\"et_pb_text_4 et_pb_text et_pb_bg_layout_light et_pb_module et_block_module\"><div class=\"et_pb_text_inner\"><ul>\n<li>Reducci\u00f3n de Costos operativos<\/li>\n<li>Aceleraci\u00f3n del time-to-market<\/li>\n<li>Mayor adaptabilidad ante los cambios<\/li>\n<\/ul>\n<\/div><\/div><div class=\"et_pb_image_2 et_pb_image et_pb_module et_block_module\"><span class=\"et_pb_image_wrap\"><img loading=\"lazy\" decoding=\"async\" src=\"https:\/\/assist.com.co\/wp-content\/uploads\/2025\/05\/arquitectura-bancaria.png\" width=\"1956\" height=\"1743\" srcset=\"https:\/\/assist.com.co\/wp-content\/uploads\/2025\/05\/arquitectura-bancaria.png 1956w, https:\/\/assist.com.co\/wp-content\/uploads\/2025\/05\/arquitectura-bancaria-1280x1141.png 1280w, https:\/\/assist.com.co\/wp-content\/uploads\/2025\/05\/arquitectura-bancaria-980x873.png 980w, https:\/\/assist.com.co\/wp-content\/uploads\/2025\/05\/arquitectura-bancaria-480x428.png 480w\" sizes=\"(min-width: 0px) and (max-width: 480px) 480px, (min-width: 481px) and (max-width: 980px) 980px, (min-width: 981px) and (max-width: 1280px) 1280px, (min-width: 1281px) 1956px, 100vw\" class=\"wp-image-21915\" title=\"arquitectura bancaria\" \/><\/span><\/div><div class=\"et_pb_text_5 et_pb_text et_pb_bg_layout_light et_animated et_pb_module et_block_module preset--module--divi-text--327a4162-0db9-4922-ba89-8292d8c7f3f2\"><\/div><\/div><div class=\"et_pb_column_1 et_pb_column et_pb_column_1_2 et-last-child et_block_column et_pb_css_mix_blend_mode_passthrough\"><div class=\"et_pb_code_0 et_pb_code et_pb_module\"><div class=\"et_pb_code_inner\"><iframe loading=\"lazy\" src=\"https:\/\/docs.google.com\/forms\/d\/e\/1FAIpQLSfWeiiuciYfZHd7QFaYgKLEXIegR7Cy8W08-7c9CS9H4fpznQ\/viewform?embedded=true\" width=\"640\" height=\"1229\" frameborder=\"0\" marginheight=\"0\" marginwidth=\"0\">Cargando\u2026<\/iframe><\/div><\/div><div class=\"et_pb_text_6 et_pb_text et_pb_bg_layout_light et_pb_module et_block_module et_pb_text_align_center\"><div class=\"et_pb_text_inner\"><p>La banca del futuro ya no se construye como un edificio, se dise\u00f1a como un ecosistema inteligente.<\/p>\n<\/div><\/div><div class=\"et_pb_divider_2 et_pb_divider et_pb_space et_pb_divider_position_top et_pb_module\"><div class=\"et_pb_divider_internal\"><\/div><\/div><div class=\"et_pb_icon_0 et_pb_icon et_pb_module et_block_module\"><span class=\"et_pb_icon_wrap\"><span class=\"et-pb-icon\">\uf05a<\/span><\/span><\/div><div class=\"et_pb_text_7 et_pb_text et_pb_bg_layout_light et_pb_module et_block_module et_pb_text_align_center\"><div class=\"et_pb_text_inner\"><p>\u00a1Agenda una reuni\u00f3n con nuestros expertos y comienza la transformaci\u00f3n!<\/p>\n<\/div><\/div><div class=\"et_pb_text_8 et_pb_text et_pb_bg_layout_light et_animated et_pb_module et_block_module\"><div class=\"et_pb_text_inner\"><h2 style=\"text-align: center;\"><span style=\"color: #ffffff;\"><b><i>HABLA CON NOSOTROS<\/i><\/b><\/span><\/h2>\n<\/div><\/div><div class=\"et_pb_module et_pb_button_module_wrapper et_pb_button_0_wrapper\"><a class=\"et_pb_button_0 et_pb_button et_pb_bg_layout_light et_pb_module et_block_module\" href=\"https:\/\/api.whatsapp.com\/send\/?phone=%2B573102169640&#038;text=Hola%2C+quisiera+que+me+contacten.&#038;app_absent=0\">HACIENDO CLICK AQU\u00cd<\/a><\/div><\/div><\/div><\/div>","protected":false},"excerpt":{"rendered":"","protected":false},"author":2,"featured_media":0,"parent":0,"menu_order":0,"comment_status":"closed","ping_status":"closed","template":"page-template-blank.php","meta":{"inline_featured_image":false,"footnotes":""},"class_list":["post-21893","page","type-page","status-publish","hentry"],"yoast_head":"<!-- This site is optimized with the Yoast SEO Premium plugin v25.2 (Yoast SEO v27.5) - https:\/\/yoast.com\/product\/yoast-seo-premium-wordpress\/ -->\n<title>\u00bfTu arquitectura bancaria est\u00e1 frenando tu crecimiento? - Assist Consultores<\/title>\n<meta name=\"description\" content=\"\u00bfLa soluci\u00f3n? Una arquitectura componible basada en BIAN. Con este enfoque puedes modular tu core bancario, integrar soluciones m\u00e1s r\u00e1pido, colaborar con fintechs sin fricci\u00f3n y lanzar productos en menos tiempo.\" \/>\n<meta name=\"robots\" content=\"index, follow, max-snippet:-1, max-image-preview:large, max-video-preview:-1\" \/>\n<link rel=\"canonical\" href=\"https:\/\/assist.com.co\/en\/tu-arquitectura-bancaria-esta-frenando-tu-crecimiento\/\" \/>\n<meta property=\"og:locale\" content=\"en_US\" \/>\n<meta property=\"og:type\" content=\"article\" \/>\n<meta property=\"og:title\" content=\"\u00bfTu arquitectura bancaria est\u00e1 frenando tu crecimiento?\" \/>\n<meta property=\"og:description\" content=\"\u00bfLa soluci\u00f3n? Una arquitectura componible basada en BIAN. Con este enfoque puedes modular tu core bancario, integrar soluciones m\u00e1s r\u00e1pido, colaborar con fintechs sin fricci\u00f3n y lanzar productos en menos tiempo.\" \/>\n<meta property=\"og:url\" content=\"https:\/\/assist.com.co\/en\/tu-arquitectura-bancaria-esta-frenando-tu-crecimiento\/\" \/>\n<meta property=\"og:site_name\" content=\"Assist Consultores\" \/>\n<meta property=\"article:modified_time\" content=\"2026-02-25T15:40:27+00:00\" \/>\n<meta name=\"twitter:card\" content=\"summary_large_image\" \/>\n<script type=\"application\/ld+json\" class=\"yoast-schema-graph\">{\"@context\":\"https:\\\/\\\/schema.org\",\"@graph\":[{\"@type\":\"WebPage\",\"@id\":\"https:\\\/\\\/assist.com.co\\\/tu-arquitectura-bancaria-esta-frenando-tu-crecimiento\\\/\",\"url\":\"https:\\\/\\\/assist.com.co\\\/tu-arquitectura-bancaria-esta-frenando-tu-crecimiento\\\/\",\"name\":\"\u00bfTu arquitectura bancaria est\u00e1 frenando tu crecimiento? - Assist Consultores\",\"isPartOf\":{\"@id\":\"https:\\\/\\\/assist.com.co\\\/#website\"},\"datePublished\":\"2025-05-13T16:30:12+00:00\",\"dateModified\":\"2026-02-25T15:40:27+00:00\",\"description\":\"\u00bfLa soluci\u00f3n? Una arquitectura componible basada en BIAN. Con este enfoque puedes modular tu core bancario, integrar soluciones m\u00e1s r\u00e1pido, colaborar con fintechs sin fricci\u00f3n y lanzar productos en menos tiempo.\",\"breadcrumb\":{\"@id\":\"https:\\\/\\\/assist.com.co\\\/tu-arquitectura-bancaria-esta-frenando-tu-crecimiento\\\/#breadcrumb\"},\"inLanguage\":\"en-US\",\"potentialAction\":[{\"@type\":\"ReadAction\",\"target\":[\"https:\\\/\\\/assist.com.co\\\/tu-arquitectura-bancaria-esta-frenando-tu-crecimiento\\\/\"]}]},{\"@type\":\"BreadcrumbList\",\"@id\":\"https:\\\/\\\/assist.com.co\\\/tu-arquitectura-bancaria-esta-frenando-tu-crecimiento\\\/#breadcrumb\",\"itemListElement\":[{\"@type\":\"ListItem\",\"position\":1,\"name\":\"Home\",\"item\":\"https:\\\/\\\/assist.com.co\\\/\"},{\"@type\":\"ListItem\",\"position\":2,\"name\":\"\u00bfTu arquitectura bancaria est\u00e1 frenando tu crecimiento?\"}]},{\"@type\":\"WebSite\",\"@id\":\"https:\\\/\\\/assist.com.co\\\/#website\",\"url\":\"https:\\\/\\\/assist.com.co\\\/\",\"name\":\"Assist Consultores\",\"description\":\"Transformando Capacidades Empresariales en Sistemas Innovadores\",\"potentialAction\":[{\"@type\":\"SearchAction\",\"target\":{\"@type\":\"EntryPoint\",\"urlTemplate\":\"https:\\\/\\\/assist.com.co\\\/?s={search_term_string}\"},\"query-input\":{\"@type\":\"PropertyValueSpecification\",\"valueRequired\":true,\"valueName\":\"search_term_string\"}}],\"inLanguage\":\"en-US\"}]}<\/script>\n<!-- \/ Yoast SEO Premium plugin. -->","yoast_head_json":{"title":"\u00bfTu arquitectura bancaria est\u00e1 frenando tu crecimiento? - Assist Consultores","description":"\u00bfLa soluci\u00f3n? Una arquitectura componible basada en BIAN. Con este enfoque puedes modular tu core bancario, integrar soluciones m\u00e1s r\u00e1pido, colaborar con fintechs sin fricci\u00f3n y lanzar productos en menos tiempo.","robots":{"index":"index","follow":"follow","max-snippet":"max-snippet:-1","max-image-preview":"max-image-preview:large","max-video-preview":"max-video-preview:-1"},"canonical":"https:\/\/assist.com.co\/en\/tu-arquitectura-bancaria-esta-frenando-tu-crecimiento\/","og_locale":"en_US","og_type":"article","og_title":"\u00bfTu arquitectura bancaria est\u00e1 frenando tu crecimiento?","og_description":"\u00bfLa soluci\u00f3n? Una arquitectura componible basada en BIAN. Con este enfoque puedes modular tu core bancario, integrar soluciones m\u00e1s r\u00e1pido, colaborar con fintechs sin fricci\u00f3n y lanzar productos en menos tiempo.","og_url":"https:\/\/assist.com.co\/en\/tu-arquitectura-bancaria-esta-frenando-tu-crecimiento\/","og_site_name":"Assist Consultores","article_modified_time":"2026-02-25T15:40:27+00:00","twitter_card":"summary_large_image","schema":{"@context":"https:\/\/schema.org","@graph":[{"@type":"WebPage","@id":"https:\/\/assist.com.co\/tu-arquitectura-bancaria-esta-frenando-tu-crecimiento\/","url":"https:\/\/assist.com.co\/tu-arquitectura-bancaria-esta-frenando-tu-crecimiento\/","name":"\u00bfTu arquitectura bancaria est\u00e1 frenando tu crecimiento? - Assist Consultores","isPartOf":{"@id":"https:\/\/assist.com.co\/#website"},"datePublished":"2025-05-13T16:30:12+00:00","dateModified":"2026-02-25T15:40:27+00:00","description":"\u00bfLa soluci\u00f3n? Una arquitectura componible basada en BIAN. Con este enfoque puedes modular tu core bancario, integrar soluciones m\u00e1s r\u00e1pido, colaborar con fintechs sin fricci\u00f3n y lanzar productos en menos tiempo.","breadcrumb":{"@id":"https:\/\/assist.com.co\/tu-arquitectura-bancaria-esta-frenando-tu-crecimiento\/#breadcrumb"},"inLanguage":"en-US","potentialAction":[{"@type":"ReadAction","target":["https:\/\/assist.com.co\/tu-arquitectura-bancaria-esta-frenando-tu-crecimiento\/"]}]},{"@type":"BreadcrumbList","@id":"https:\/\/assist.com.co\/tu-arquitectura-bancaria-esta-frenando-tu-crecimiento\/#breadcrumb","itemListElement":[{"@type":"ListItem","position":1,"name":"Home","item":"https:\/\/assist.com.co\/"},{"@type":"ListItem","position":2,"name":"\u00bfTu arquitectura bancaria est\u00e1 frenando tu crecimiento?"}]},{"@type":"WebSite","@id":"https:\/\/assist.com.co\/#website","url":"https:\/\/assist.com.co\/","name":"Assist Consultores","description":"Transformando Capacidades Empresariales en Sistemas Innovadores","potentialAction":[{"@type":"SearchAction","target":{"@type":"EntryPoint","urlTemplate":"https:\/\/assist.com.co\/?s={search_term_string}"},"query-input":{"@type":"PropertyValueSpecification","valueRequired":true,"valueName":"search_term_string"}}],"inLanguage":"en-US"}]}},"_links":{"self":[{"href":"https:\/\/assist.com.co\/en\/wp-json\/wp\/v2\/pages\/21893","targetHints":{"allow":["GET"]}}],"collection":[{"href":"https:\/\/assist.com.co\/en\/wp-json\/wp\/v2\/pages"}],"about":[{"href":"https:\/\/assist.com.co\/en\/wp-json\/wp\/v2\/types\/page"}],"author":[{"embeddable":true,"href":"https:\/\/assist.com.co\/en\/wp-json\/wp\/v2\/users\/2"}],"replies":[{"embeddable":true,"href":"https:\/\/assist.com.co\/en\/wp-json\/wp\/v2\/comments?post=21893"}],"version-history":[{"count":10,"href":"https:\/\/assist.com.co\/en\/wp-json\/wp\/v2\/pages\/21893\/revisions"}],"predecessor-version":[{"id":24278,"href":"https:\/\/assist.com.co\/en\/wp-json\/wp\/v2\/pages\/21893\/revisions\/24278"}],"wp:attachment":[{"href":"https:\/\/assist.com.co\/en\/wp-json\/wp\/v2\/media?parent=21893"}],"curies":[{"name":"wp","href":"https:\/\/api.w.org\/{rel}","templated":true}]}}