{"id":21921,"date":"2025-05-14T16:21:17","date_gmt":"2025-05-14T16:21:17","guid":{"rendered":"https:\/\/assist.com.co\/?page_id=21921"},"modified":"2026-02-25T15:40:29","modified_gmt":"2026-02-25T15:40:29","slug":"impulsando-la-proxima-ola-de-productividad-de-la-ia","status":"publish","type":"page","link":"https:\/\/assist.com.co\/en\/impulsando-la-proxima-ola-de-productividad-de-la-ia\/","title":{"rendered":"Implusando la pr\u00f3xima ola de productividad de la IA"},"content":{"rendered":"<div class=\"et_pb_section_0 et_pb_section et_section_regular et_block_section section_has_divider et_pb_top_divider et_pb_bottom_divider preset--module--divi-section--default\" id=\"FONDO_PARTICULAS\"><div class=\"et_pb_top_inside_divider et-no-transition\"><\/div><div class=\"et_pb_row_0 et_pb_row et_block_row\"><div class=\"et_pb_column_0 et_pb_column et_pb_column_1_2 et_block_column et_pb_css_mix_blend_mode_passthrough\"><div class=\"et_pb_image_0 et_pb_image et_pb_module et_block_module\"><span class=\"et_pb_image_wrap\"><img loading=\"lazy\" decoding=\"async\" src=\"https:\/\/assist.com.co\/wp-content\/uploads\/2025\/05\/Logo-AssistIBM_Mesa-de-trabajo-1.svg\" width=\"0\" height=\"0\" class=\"wp-image-21926\" title=\"Logo-Assist,IBM_Mesa de trabajo 1\" alt=\"red-hat\" \/><\/span><\/div><div class=\"et_pb_heading_0 et_pb_heading et_pb_module et_block_module preset--module--divi-heading--283af2b2-2408-4cb1-afc4-4101cd2626b6\"><div class=\"et_pb_heading_container\"><h1 class=\"et_pb_module_header\">WEBINAR-EXPERT<\/h1><\/div><\/div><div class=\"et_pb_heading_1 et_pb_heading et_animated et_pb_module et_block_module preset--module--divi-heading--11f04dd0-b997-463c-87fe-33109a1b0da4\"><div class=\"et_pb_heading_container\"><h1 class=\"et_pb_module_header\">Impulsando la pr\u00f3xima ola de productividad de la Inteligencia Artificial<\/h1><\/div><\/div><div class=\"et_pb_text_0 et_pb_text et_pb_bg_layout_light et_pb_module et_block_module\"><div class=\"et_pb_text_inner\"><p><span style=\"color: #3366ff;\"><strong>Gobierno de IA y Agentes<\/strong><\/span><\/p>\n<\/div><\/div><div class=\"et_pb_text_1 et_pb_text et_pb_bg_layout_light et_animated et_pb_module et_block_module preset--module--divi-text--327a4162-0db9-4922-ba89-8292d8c7f3f2\"><div class=\"et_pb_text_inner\"><p style=\"text-align: justify;\"><span style=\"color: #000000;\"><span class=\"_fadeIn_m1hgl_8\">\u00danete <\/span><span class=\"_fadeIn_m1hgl_8\">a <\/span><span class=\"_fadeIn_m1hgl_8\">nuestro <\/span><strong data-start=\"237\" data-end=\"256\"><span class=\"_fadeIn_m1hgl_8\">Webinar <\/span><span class=\"_fadeIn_m1hgl_8\">en <\/span><span class=\"_fadeIn_m1hgl_8\">Vivo<\/span><\/strong><span class=\"_fadeIn_m1hgl_8\"> <\/span><span class=\"_fadeIn_m1hgl_8\">y <\/span><span class=\"_fadeIn_m1hgl_8\">conoce <\/span><span class=\"_fadeIn_m1hgl_8\">c\u00f3mo <\/span><span class=\"_fadeIn_m1hgl_8\">Watson <\/span><span class=\"_fadeIn_m1hgl_8\">est\u00e1 <\/span><span class=\"_fadeIn_m1hgl_8\">impulsando <\/span><span class=\"_fadeIn_m1hgl_8\">una <\/span><span class=\"_fadeIn_m1hgl_8\">nueva <\/span><span class=\"_fadeIn_m1hgl_8\">ola <\/span><span class=\"_fadeIn_m1hgl_8\">de <\/span><span class=\"_fadeIn_m1hgl_8\">eficiencia <\/span><span class=\"_fadeIn_m1hgl_8\">a <\/span><span class=\"_fadeIn_m1hgl_8\">trav\u00e9s <\/span><span class=\"_fadeIn_m1hgl_8\">de <\/span><strong data-start=\"334\" data-end=\"361\"><span class=\"_fadeIn_m1hgl_8\">asistentes <\/span><span class=\"_fadeIn_m1hgl_8\">inteligentes<\/span><\/strong><span class=\"_fadeIn_m1hgl_8\">, <\/span><strong data-start=\"363\" data-end=\"388\"><span class=\"_fadeIn_m1hgl_8\">agentes <\/span><span class=\"_fadeIn_m1hgl_8\">automatizados<\/span><\/strong><span class=\"_fadeIn_m1hgl_8\"> <\/span><span class=\"_fadeIn_m1hgl_8\">y <\/span><span class=\"_fadeIn_m1hgl_8\">un <\/span><span class=\"_fadeIn_m1hgl_8\">manejo <\/span><span class=\"_fadeIn_m1hgl_8\">estrat\u00e9gico <\/span><span class=\"_fadeIn_m1hgl_8\">de <\/span><span class=\"_fadeIn_m1hgl_8\">la <\/span><strong data-start=\"419\" data-end=\"427\"><span class=\"_fadeIn_m1hgl_8\">data<\/span><\/strong><span class=\"_fadeIn_m1hgl_8\">.<\/span><\/span><\/p>\n<p style=\"text-align: justify;\">\n<\/div><\/div><div class=\"et_pb_text_2 et_pb_text et_pb_bg_layout_light et_pb_module et_block_module\"><div class=\"et_pb_text_inner\"><p><span style=\"color: #000000;\"><strong><span class=\"_fadeIn_m1hgl_8\">Solutions <\/span><span class=\"_fadeIn_m1hgl_8\">integrales <\/span><span class=\"_fadeIn_m1hgl_8\">para <\/span><span class=\"_fadeIn_m1hgl_8\">potenciar <\/span><span class=\"_fadeIn_m1hgl_8\">tu <\/span><span class=\"_fadeIn_m1hgl_8\">estrategia <\/span><span class=\"_fadeIn_m1hgl_8\">de <\/span><span class=\"_fadeIn_m1hgl_8\">IA<\/span><\/strong><\/span><\/p>\n<\/div><\/div><div class=\"et_pb_slider_0 et_pb_slider et_pb_slider_fullwidth_off et_slider_auto et_slider_speed_3000 et_pb_module et_block_module\"><div class=\"et_pb_slides\"><div class=\"et_pb_slide_0 et_pb_slide et_pb_media_alignment_center et_pb_bg_layout_dark et_pb_text_align_center et_pb_module et_block_module\" data-slide-id=\"divi\/slide-0\"><div class=\"et_pb_container\"><div class=\"et_pb_slider_container_inner\"><div class=\"et_pb_slide_description\"><h2 class=\"et_pb_slide_title\">Watsonx.governance<\/h2><\/div><\/div><\/div><\/div><div class=\"et_pb_slide_1 et_pb_slide et_pb_media_alignment_center et_pb_bg_layout_dark et_pb_text_align_center et_pb_module et_block_module\" data-slide-id=\"divi\/slide-1\"><div class=\"et_pb_container\"><div class=\"et_pb_slider_container_inner\"><div class=\"et_pb_slide_description\"><h2 class=\"et_pb_slide_title\">Watsonx.orchestrate<\/h2><\/div><\/div><\/div><\/div><div class=\"et_pb_slide_2 et_pb_slide et_pb_media_alignment_center et_pb_bg_layout_dark et_pb_text_align_center et_pb_module et_block_module\" data-slide-id=\"divi\/slide-2\"><div class=\"et_pb_container\"><div class=\"et_pb_slider_container_inner\"><div class=\"et_pb_slide_description\"><h2 class=\"et_pb_slide_title\">Watsonx.data<\/h2><\/div><\/div><\/div><\/div><\/div><\/div><div class=\"et_pb_testimonial_0 et_pb_testimonial et_pb_testimonial_no_image et_pb_bg_layout_light et_pb_module et_block_module\"><div class=\"et_pb_testimonial_inner\"><div class=\"et_pb_testimonial_description\"><div class=\"et_pb_testimonial_description_inner\"><div class=\"et_pb_testimonial_content\"><p style=\"text-align: justify;\"><strong data-start=\"644\" data-end=\"665\"><span class=\"_fadeIn_m1hgl_8\">\u00bf<\/span><span class=\"_fadeIn_m1hgl_8\">Por <\/span><span class=\"_fadeIn_m1hgl_8\">qu\u00e9 <\/span><span class=\"_fadeIn_m1hgl_8\">asistir?<\/span><\/strong><\/p>\n<p style=\"text-align: justify;\"><span class=\"_fadeIn_m1hgl_8\">\ud83d\udd39 <\/span><span class=\"_fadeIn_m1hgl_8\">Conoce <\/span><span class=\"_fadeIn_m1hgl_8\">aplicaciones <\/span><span class=\"_fadeIn_m1hgl_8\">pr\u00e1cticas <\/span><span class=\"_fadeIn_m1hgl_8\">de <\/span><span class=\"_fadeIn_m1hgl_8\">IA <\/span><span class=\"_fadeIn_m1hgl_8\">en <\/span><span class=\"_fadeIn_m1hgl_8\">el <\/span><span class=\"_fadeIn_m1hgl_8\">entorno <\/span><span class=\"_fadeIn_m1hgl_8\">empresarial.<\/span><br data-start=\"732\" data-end=\"735\" \/><span class=\"_fadeIn_m1hgl_8\">\ud83d\udd39 <\/span><span class=\"_fadeIn_m1hgl_8\">Aprende <\/span><span class=\"_fadeIn_m1hgl_8\">a <\/span><span class=\"_fadeIn_m1hgl_8\">mejorar <\/span><span class=\"_fadeIn_m1hgl_8\">la <\/span><span class=\"_fadeIn_m1hgl_8\">experiencia <\/span><span class=\"_fadeIn_m1hgl_8\">del <\/span><span class=\"_fadeIn_m1hgl_8\">cliente <\/span><span class=\"_fadeIn_m1hgl_8\">con <\/span><span class=\"_fadeIn_m1hgl_8\">asistentes <\/span><span class=\"_fadeIn_m1hgl_8\">virtuales.<\/span><br data-start=\"807\" data-end=\"810\" \/><span class=\"_fadeIn_m1hgl_8\">\ud83d\udd39 <\/span><span class=\"_fadeIn_m1hgl_8\">Descubre <\/span><span class=\"_fadeIn_m1hgl_8\">c\u00f3mo <\/span><span class=\"_fadeIn_m1hgl_8\">optimizar <\/span><span class=\"_fadeIn_m1hgl_8\">tu <\/span><span class=\"_fadeIn_m1hgl_8\">data <\/span><span class=\"_fadeIn_m1hgl_8\">y <\/span><span class=\"_fadeIn_m1hgl_8\">procesos <\/span><span class=\"_fadeIn_m1hgl_8\">con <\/span><span class=\"_fadeIn_m1hgl_8\">tecnolog\u00edas <\/span><span class=\"_fadeIn_m1hgl_8\">de <\/span><span class=\"_fadeIn_m1hgl_8\">vanguardia.<\/span><\/p>\n<\/div><\/div><div class=\"et_pb_testimonial_meta\"><\/div><\/div><\/div><\/div><\/div><div class=\"et_pb_column_1 et_pb_column et_pb_column_1_2 et-last-child et_block_column et_pb_css_mix_blend_mode_passthrough\"><div class=\"et_pb_code_0 et_pb_code et_pb_module\"><div class=\"et_pb_code_inner\"><iframe loading=\"lazy\" src=\"https:\/\/docs.google.com\/forms\/d\/e\/1FAIpQLSfFdzhnwnPcfDGa9RfIAt8LqhfB0jN_TeY2KHJnUk5mbHvpTg\/viewform?embedded=true\" width=\"640\" height=\"900\" frameborder=\"0\" marginheight=\"0\" marginwidth=\"0\">Cargando\u2026<\/iframe><\/div><\/div><div class=\"et_pb_text_3 et_pb_text et_pb_bg_layout_light et_pb_module et_block_module\"><div class=\"et_pb_text_inner\"><h1><span style=\"color: #000000;\"><em><strong>Speaker<\/strong><\/em><\/span><\/h1>\n<\/div><\/div><div class=\"et_pb_divider_0 et_pb_divider et_pb_space et_pb_divider_position_top et_pb_module\"><div class=\"et_pb_divider_internal\"><\/div><\/div><div class=\"et_pb_image_1 et_pb_image et_animated et_pb_module et_block_module\"><span class=\"et_pb_image_wrap\"><img loading=\"lazy\" decoding=\"async\" src=\"https:\/\/assist.com.co\/wp-content\/uploads\/2025\/05\/speaker-watsonx.png\" width=\"1080\" height=\"434\" srcset=\"https:\/\/assist.com.co\/wp-content\/uploads\/2025\/05\/speaker-watsonx.png 1080w, https:\/\/assist.com.co\/wp-content\/uploads\/2025\/05\/speaker-watsonx-980x394.png 980w, https:\/\/assist.com.co\/wp-content\/uploads\/2025\/05\/speaker-watsonx-480x193.png 480w\" sizes=\"(min-width: 0px) and (max-width: 480px) 480px, (min-width: 481px) and (max-width: 980px) 980px, (min-width: 981px) 1080px, 100vw\" class=\"wp-image-21935\" \/><\/span><\/div><div class=\"et_pb_text_4 et_pb_text et_pb_bg_layout_light et_animated et_pb_module et_block_module\"><div class=\"et_pb_text_inner\"><h2 style=\"text-align: center;\"><span style=\"color: #000000;\"><strong><em>REG\u00cdSTRATE AHORA\u00a0<\/em> \u00a0<\/strong><\/span><\/h2>\n<\/div><\/div><div class=\"et_pb_module et_pb_button_module_wrapper et_pb_button_0_wrapper\"><a class=\"et_pb_button_0 et_pb_button et_pb_bg_layout_light et_pb_module et_block_module\" href=\"https:\/\/api.whatsapp.com\/send\/?phone=%2B573102169640&#038;text=Hola%2C+quisiera+que+me+contacten.&#038;app_absent=0\">M\u00c1S INFORMACI\u00d3N<\/a><\/div><\/div><\/div><div class=\"et_pb_bottom_inside_divider et-no-transition\"><\/div><\/div>","protected":false},"excerpt":{"rendered":"","protected":false},"author":2,"featured_media":0,"parent":0,"menu_order":0,"comment_status":"closed","ping_status":"closed","template":"page-template-blank.php","meta":{"inline_featured_image":false,"footnotes":""},"class_list":["post-21921","page","type-page","status-publish","hentry"],"yoast_head":"<!-- This site is optimized with the Yoast SEO Premium plugin v25.2 (Yoast SEO v27.3) - https:\/\/yoast.com\/product\/yoast-seo-premium-wordpress\/ -->\n<title>Implusando la pr\u00f3xima ola de productividad de la IA - Assist Consultores<\/title>\n<meta name=\"description\" content=\"\u00danete a nuestro Webinar en Vivo y conoce c\u00f3mo Watson est\u00e1 impulsando una nueva ola de eficiencia a trav\u00e9s de asistentes inteligentes, agentes automatizados y un manejo estrat\u00e9gico de la data.\" \/>\n<meta name=\"robots\" content=\"index, follow, max-snippet:-1, max-image-preview:large, max-video-preview:-1\" \/>\n<link rel=\"canonical\" href=\"https:\/\/assist.com.co\/en\/impulsando-la-proxima-ola-de-productividad-de-la-ia\/\" \/>\n<meta property=\"og:locale\" content=\"en_US\" \/>\n<meta property=\"og:type\" content=\"article\" \/>\n<meta property=\"og:title\" content=\"Implusando la pr\u00f3xima ola de productividad de la IA\" \/>\n<meta property=\"og:description\" content=\"\u00danete a nuestro Webinar en Vivo y conoce c\u00f3mo Watson est\u00e1 impulsando una nueva ola de eficiencia a trav\u00e9s de asistentes inteligentes, agentes automatizados y un manejo estrat\u00e9gico de la data.\" \/>\n<meta property=\"og:url\" content=\"https:\/\/assist.com.co\/en\/impulsando-la-proxima-ola-de-productividad-de-la-ia\/\" \/>\n<meta property=\"og:site_name\" content=\"Assist Consultores\" \/>\n<meta property=\"article:modified_time\" content=\"2026-02-25T15:40:29+00:00\" \/>\n<meta name=\"twitter:card\" content=\"summary_large_image\" \/>\n<script type=\"application\/ld+json\" class=\"yoast-schema-graph\">{\"@context\":\"https:\\\/\\\/schema.org\",\"@graph\":[{\"@type\":\"WebPage\",\"@id\":\"https:\\\/\\\/assist.com.co\\\/impulsando-la-proxima-ola-de-productividad-de-la-ia\\\/\",\"url\":\"https:\\\/\\\/assist.com.co\\\/impulsando-la-proxima-ola-de-productividad-de-la-ia\\\/\",\"name\":\"Implusando la pr\u00f3xima ola de productividad de la IA - Assist Consultores\",\"isPartOf\":{\"@id\":\"https:\\\/\\\/assist.com.co\\\/#website\"},\"datePublished\":\"2025-05-14T16:21:17+00:00\",\"dateModified\":\"2026-02-25T15:40:29+00:00\",\"description\":\"\u00danete a nuestro Webinar en Vivo y conoce c\u00f3mo Watson est\u00e1 impulsando una nueva ola de eficiencia a trav\u00e9s de asistentes inteligentes, agentes automatizados y un manejo estrat\u00e9gico de la data.\",\"breadcrumb\":{\"@id\":\"https:\\\/\\\/assist.com.co\\\/impulsando-la-proxima-ola-de-productividad-de-la-ia\\\/#breadcrumb\"},\"inLanguage\":\"en-US\",\"potentialAction\":[{\"@type\":\"ReadAction\",\"target\":[\"https:\\\/\\\/assist.com.co\\\/impulsando-la-proxima-ola-de-productividad-de-la-ia\\\/\"]}]},{\"@type\":\"BreadcrumbList\",\"@id\":\"https:\\\/\\\/assist.com.co\\\/impulsando-la-proxima-ola-de-productividad-de-la-ia\\\/#breadcrumb\",\"itemListElement\":[{\"@type\":\"ListItem\",\"position\":1,\"name\":\"Home\",\"item\":\"https:\\\/\\\/assist.com.co\\\/\"},{\"@type\":\"ListItem\",\"position\":2,\"name\":\"Implusando la pr\u00f3xima ola de productividad de la IA\"}]},{\"@type\":\"WebSite\",\"@id\":\"https:\\\/\\\/assist.com.co\\\/#website\",\"url\":\"https:\\\/\\\/assist.com.co\\\/\",\"name\":\"Assist Consultores\",\"description\":\"Transformando Capacidades Empresariales en Sistemas Innovadores\",\"potentialAction\":[{\"@type\":\"SearchAction\",\"target\":{\"@type\":\"EntryPoint\",\"urlTemplate\":\"https:\\\/\\\/assist.com.co\\\/?s={search_term_string}\"},\"query-input\":{\"@type\":\"PropertyValueSpecification\",\"valueRequired\":true,\"valueName\":\"search_term_string\"}}],\"inLanguage\":\"en-US\"}]}<\/script>\n<!-- \/ Yoast SEO Premium plugin. -->","yoast_head_json":{"title":"Implusando la pr\u00f3xima ola de productividad de la IA - Assist Consultores","description":"\u00danete a nuestro Webinar en Vivo y conoce c\u00f3mo Watson est\u00e1 impulsando una nueva ola de eficiencia a trav\u00e9s de asistentes inteligentes, agentes automatizados y un manejo estrat\u00e9gico de la data.","robots":{"index":"index","follow":"follow","max-snippet":"max-snippet:-1","max-image-preview":"max-image-preview:large","max-video-preview":"max-video-preview:-1"},"canonical":"https:\/\/assist.com.co\/en\/impulsando-la-proxima-ola-de-productividad-de-la-ia\/","og_locale":"en_US","og_type":"article","og_title":"Implusando la pr\u00f3xima ola de productividad de la IA","og_description":"\u00danete a nuestro Webinar en Vivo y conoce c\u00f3mo Watson est\u00e1 impulsando una nueva ola de eficiencia a trav\u00e9s de asistentes inteligentes, agentes automatizados y un manejo estrat\u00e9gico de la data.","og_url":"https:\/\/assist.com.co\/en\/impulsando-la-proxima-ola-de-productividad-de-la-ia\/","og_site_name":"Assist Consultores","article_modified_time":"2026-02-25T15:40:29+00:00","twitter_card":"summary_large_image","schema":{"@context":"https:\/\/schema.org","@graph":[{"@type":"WebPage","@id":"https:\/\/assist.com.co\/impulsando-la-proxima-ola-de-productividad-de-la-ia\/","url":"https:\/\/assist.com.co\/impulsando-la-proxima-ola-de-productividad-de-la-ia\/","name":"Implusando la pr\u00f3xima ola de productividad de la IA - Assist Consultores","isPartOf":{"@id":"https:\/\/assist.com.co\/#website"},"datePublished":"2025-05-14T16:21:17+00:00","dateModified":"2026-02-25T15:40:29+00:00","description":"\u00danete a nuestro Webinar en Vivo y conoce c\u00f3mo Watson est\u00e1 impulsando una nueva ola de eficiencia a trav\u00e9s de asistentes inteligentes, agentes automatizados y un manejo estrat\u00e9gico de la data.","breadcrumb":{"@id":"https:\/\/assist.com.co\/impulsando-la-proxima-ola-de-productividad-de-la-ia\/#breadcrumb"},"inLanguage":"en-US","potentialAction":[{"@type":"ReadAction","target":["https:\/\/assist.com.co\/impulsando-la-proxima-ola-de-productividad-de-la-ia\/"]}]},{"@type":"BreadcrumbList","@id":"https:\/\/assist.com.co\/impulsando-la-proxima-ola-de-productividad-de-la-ia\/#breadcrumb","itemListElement":[{"@type":"ListItem","position":1,"name":"Home","item":"https:\/\/assist.com.co\/"},{"@type":"ListItem","position":2,"name":"Implusando la pr\u00f3xima ola de productividad de la IA"}]},{"@type":"WebSite","@id":"https:\/\/assist.com.co\/#website","url":"https:\/\/assist.com.co\/","name":"Assist Consultores","description":"Transformando Capacidades Empresariales en Sistemas Innovadores","potentialAction":[{"@type":"SearchAction","target":{"@type":"EntryPoint","urlTemplate":"https:\/\/assist.com.co\/?s={search_term_string}"},"query-input":{"@type":"PropertyValueSpecification","valueRequired":true,"valueName":"search_term_string"}}],"inLanguage":"en-US"}]}},"_links":{"self":[{"href":"https:\/\/assist.com.co\/en\/wp-json\/wp\/v2\/pages\/21921","targetHints":{"allow":["GET"]}}],"collection":[{"href":"https:\/\/assist.com.co\/en\/wp-json\/wp\/v2\/pages"}],"about":[{"href":"https:\/\/assist.com.co\/en\/wp-json\/wp\/v2\/types\/page"}],"author":[{"embeddable":true,"href":"https:\/\/assist.com.co\/en\/wp-json\/wp\/v2\/users\/2"}],"replies":[{"embeddable":true,"href":"https:\/\/assist.com.co\/en\/wp-json\/wp\/v2\/comments?post=21921"}],"version-history":[{"count":6,"href":"https:\/\/assist.com.co\/en\/wp-json\/wp\/v2\/pages\/21921\/revisions"}],"predecessor-version":[{"id":24279,"href":"https:\/\/assist.com.co\/en\/wp-json\/wp\/v2\/pages\/21921\/revisions\/24279"}],"wp:attachment":[{"href":"https:\/\/assist.com.co\/en\/wp-json\/wp\/v2\/media?parent=21921"}],"curies":[{"name":"wp","href":"https:\/\/api.w.org\/{rel}","templated":true}]}}