{"id":21955,"date":"2025-05-16T15:26:01","date_gmt":"2025-05-16T15:26:01","guid":{"rendered":"https:\/\/assist.com.co\/?page_id=21955"},"modified":"2026-02-25T15:40:31","modified_gmt":"2026-02-25T15:40:31","slug":"descubre-como-la-ia-puede-transformar-tu-retail","status":"publish","type":"page","link":"https:\/\/assist.com.co\/en\/descubre-como-la-ia-puede-transformar-tu-retail\/","title":{"rendered":"Descubre c\u00f3mo funciona la IA en Retail"},"content":{"rendered":"<div class=\"et_pb_section_0 et_pb_section et_section_regular et_block_section section_has_divider et_pb_top_divider et_pb_bottom_divider preset--module--divi-section--default\" id=\"FONDO_PARTICULAS\"><div class=\"et_pb_top_inside_divider et-no-transition\"><\/div><div class=\"et_pb_row_0 et_pb_row et_block_row\"><div class=\"et_pb_column_0 et_pb_column et_pb_column_1_2 et_block_column et_pb_css_mix_blend_mode_passthrough\"><div class=\"et_pb_image_0 et_pb_image et_pb_module et_block_module\"><span class=\"et_pb_image_wrap\"><img loading=\"lazy\" decoding=\"async\" src=\"https:\/\/assist.com.co\/wp-content\/uploads\/2025\/05\/logo-blanco-png-scaled.png\" width=\"2560\" height=\"933\" srcset=\"https:\/\/assist.com.co\/wp-content\/uploads\/2025\/05\/logo-blanco-png-scaled.png 2560w, https:\/\/assist.com.co\/wp-content\/uploads\/2025\/05\/logo-blanco-png-1280x467.png 1280w, https:\/\/assist.com.co\/wp-content\/uploads\/2025\/05\/logo-blanco-png-980x357.png 980w, https:\/\/assist.com.co\/wp-content\/uploads\/2025\/05\/logo-blanco-png-480x175.png 480w\" sizes=\"(min-width: 0px) and (max-width: 480px) 480px, (min-width: 481px) and (max-width: 980px) 980px, (min-width: 981px) and (max-width: 1280px) 1280px, (min-width: 1281px) 2560px, 100vw\" class=\"wp-image-21898\" title=\"logo blanco png\" alt=\"red-hat\" \/><\/span><\/div><div class=\"et_pb_heading_0 et_pb_heading et_pb_module et_block_module preset--module--divi-heading--283af2b2-2408-4cb1-afc4-4101cd2626b6\"><div class=\"et_pb_heading_container\"><\/div><\/div><div class=\"et_pb_heading_1 et_pb_heading et_animated et_pb_module et_block_module preset--module--divi-heading--11f04dd0-b997-463c-87fe-33109a1b0da4\"><div class=\"et_pb_heading_container\"><h1 class=\"et_pb_module_header\">Hazle Ghosting a los procesos ineficientes<\/h1><\/div><\/div><div class=\"et_pb_text_0 et_pb_text et_pb_bg_layout_light et_pb_module et_block_module et_pb_text_align_center\"><div class=\"et_pb_text_inner\"><p>\u00bfTodav\u00eda est\u00e1s en una relaci\u00f3n t\u00f3xica con tus operaciones?<\/p>\n<\/div><\/div><div class=\"et_pb_divider_0 et_pb_divider et_pb_space et_pb_divider_position_top et_pb_module\"><div class=\"et_pb_divider_internal\"><\/div><\/div><div class=\"et_pb_heading_2 et_pb_heading et_animated et_pb_module et_block_module preset--module--divi-heading--11f04dd0-b997-463c-87fe-33109a1b0da4\"><div class=\"et_pb_heading_container\"><h1 class=\"et_pb_module_header\">La verdad duele, pero aqu\u00ed va:<\/h1><\/div><\/div><div class=\"et_pb_text_1 et_pb_text et_pb_bg_layout_light et_pb_module et_block_module\"><div class=\"et_pb_text_inner\"><p>\u2705 El 70% de las empresas ya usa IA para mejorar la experiencia del cliente.<\/p>\n<\/div><\/div><div class=\"et_pb_text_2 et_pb_text et_pb_bg_layout_light et_pb_module et_block_module\"><div class=\"et_pb_text_inner\"><p>\u2705 El 44% ha optimizado su productividad y reducido costos.<\/p>\n<\/div><\/div><div class=\"et_pb_text_3 et_pb_text et_pb_bg_layout_light et_pb_module et_block_module\"><div class=\"et_pb_text_inner\"><p>\u2705 El 76% de los l\u00edderes en Colombia ya integran roles especializados en IA.<\/p>\n<\/div><\/div><div class=\"et_pb_heading_3 et_pb_heading et_animated et_pb_module et_block_module preset--module--divi-heading--11f04dd0-b997-463c-87fe-33109a1b0da4\"><div class=\"et_pb_heading_container\"><h1 class=\"et_pb_module_header\">La promesa que s\u00ed te vamos a cumplir:<\/h1><\/div><\/div><div class=\"et_pb_text_4 et_pb_text et_pb_bg_layout_light et_pb_module et_block_module\"><div class=\"et_pb_text_inner\"><p><strong><em>\ud83c\udf10 Con inteligencia artificial puedes:<\/em><\/strong><\/p>\n<p><strong><em> <\/em><\/strong><\/p>\n<p><strong><em><\/em><\/strong><\/p>\n<ul>\n<li data-start=\"1509\" data-end=\"1544\" class=\"\">\n<p data-start=\"1511\" data-end=\"1544\" class=\"\">\ud83d\udc49 Ajustar precios en tiempo real.<\/p>\n<\/li>\n<li data-start=\"1545\" data-end=\"1588\" class=\"\">\n<p data-start=\"1547\" data-end=\"1588\" class=\"\">\ud83d\udc49 Optimizar inventarios sin desperdicios.<\/p>\n<\/li>\n<li data-start=\"1589\" data-end=\"1634\" class=\"\">\n<p data-start=\"1591\" data-end=\"1634\" class=\"\">\ud83d\udc49 Prever la demanda con precisi\u00f3n.<\/p>\n<\/li>\n<\/ul>\n<\/div><\/div><div class=\"et_pb_heading_4 et_pb_heading et_animated et_pb_module et_block_module preset--module--divi-heading--11f04dd0-b997-463c-87fe-33109a1b0da4\"><div class=\"et_pb_heading_container\"><h1 class=\"et_pb_module_header\">El resultado:<\/h1><\/div><\/div><div class=\"et_pb_divider_1 et_pb_divider et_pb_space et_pb_divider_position_top et_pb_module\"><div class=\"et_pb_divider_internal\"><\/div><\/div><div class=\"et_pb_text_5 et_pb_text et_pb_bg_layout_light et_pb_module et_block_module et_pb_text_align_center\"><div class=\"et_pb_text_inner\"><p>\ud83d\ude80 Aumenta tu productividad hasta un 30%<\/p>\n<p>\ud83d\udca1 Crea experiencias que tus clientes no van a olvidar (y esta vez, para bien).<\/p>\n<ul><\/ul>\n<\/div><\/div><div class=\"et_pb_image_1 et_pb_image et_pb_module et_block_module\"><span class=\"et_pb_image_wrap\"><img loading=\"lazy\" decoding=\"async\" src=\"https:\/\/assist.com.co\/wp-content\/uploads\/2025\/05\/ia-retail.png\" width=\"1302\" height=\"1875\" srcset=\"https:\/\/assist.com.co\/wp-content\/uploads\/2025\/05\/ia-retail.png 1302w, https:\/\/assist.com.co\/wp-content\/uploads\/2025\/05\/ia-retail-1280x1843.png 1280w, https:\/\/assist.com.co\/wp-content\/uploads\/2025\/05\/ia-retail-980x1411.png 980w, https:\/\/assist.com.co\/wp-content\/uploads\/2025\/05\/ia-retail-480x691.png 480w\" sizes=\"(min-width: 0px) and (max-width: 480px) 480px, (min-width: 481px) and (max-width: 980px) 980px, (min-width: 981px) and (max-width: 1280px) 1280px, (min-width: 1281px) 1302px, 100vw\" class=\"wp-image-21964\" title=\"ia retail\" \/><\/span><\/div><\/div><div class=\"et_pb_column_1 et_pb_column et_pb_column_1_2 et-last-child et_block_column et_pb_css_mix_blend_mode_passthrough\"><div class=\"et_pb_code_0 et_pb_code et_pb_module\"><div class=\"et_pb_code_inner\"><iframe loading=\"lazy\" src=\"https:\/\/docs.google.com\/forms\/d\/e\/1FAIpQLSfjPcTkRTnFksFxkNPK__YB5kaMZfHIQ6PlvNd-9c4hiesgjw\/viewform?embedded=true\" width=\"640\" height=\"1286\" frameborder=\"0\" marginheight=\"0\" marginwidth=\"0\">Cargando\u2026<\/iframe><\/div><\/div><div class=\"et_pb_text_6 et_pb_text et_pb_bg_layout_light et_animated et_pb_module et_block_module et_pb_text_align_center\"><div class=\"et_pb_text_inner\"><p><strong>Da el primer paso hacia una operaci\u00f3n m\u00e1s inteligente, rentable y eficiente.<\/strong><\/p>\n<\/div><\/div><div class=\"et_pb_module et_pb_button_module_wrapper et_pb_button_0_wrapper\"><a class=\"et_pb_button_0 et_pb_button et_pb_bg_layout_light et_pb_module et_block_module\" href=\"https:\/\/api.whatsapp.com\/send\/?phone=%2B573102169640&#038;text=Hola%2C+quisiera+que+me+contacten.&#038;app_absent=0\">CONTACT US<\/a><\/div><\/div><\/div><div class=\"et_pb_bottom_inside_divider et-no-transition\"><\/div><\/div>","protected":false},"excerpt":{"rendered":"","protected":false},"author":2,"featured_media":0,"parent":0,"menu_order":0,"comment_status":"closed","ping_status":"closed","template":"page-template-blank.php","meta":{"inline_featured_image":false,"footnotes":""},"class_list":["post-21955","page","type-page","status-publish","hentry"],"yoast_head":"<!-- This site is optimized with the Yoast SEO Premium plugin v25.2 (Yoast SEO v27.4) - https:\/\/yoast.com\/product\/yoast-seo-premium-wordpress\/ -->\n<title>Descubre c\u00f3mo funciona la IA en Retail - Assist Consultores<\/title>\n<meta name=\"description\" content=\"\u00danete a nuestro Webinar en Vivo y conoce c\u00f3mo Watson est\u00e1 impulsando una nueva ola de eficiencia a trav\u00e9s de asistentes inteligentes, agentes automatizados y un manejo estrat\u00e9gico de la data.\" \/>\n<meta name=\"robots\" content=\"index, follow, max-snippet:-1, max-image-preview:large, max-video-preview:-1\" \/>\n<link rel=\"canonical\" href=\"https:\/\/assist.com.co\/en\/descubre-como-la-ia-puede-transformar-tu-retail\/\" \/>\n<meta property=\"og:locale\" content=\"en_US\" \/>\n<meta property=\"og:type\" content=\"article\" \/>\n<meta property=\"og:title\" content=\"Descubre c\u00f3mo funciona la IA en Retail\" \/>\n<meta property=\"og:description\" content=\"\u00danete a nuestro Webinar en Vivo y conoce c\u00f3mo Watson est\u00e1 impulsando una nueva ola de eficiencia a trav\u00e9s de asistentes inteligentes, agentes automatizados y un manejo estrat\u00e9gico de la data.\" \/>\n<meta property=\"og:url\" content=\"https:\/\/assist.com.co\/en\/descubre-como-la-ia-puede-transformar-tu-retail\/\" \/>\n<meta property=\"og:site_name\" content=\"Assist Consultores\" \/>\n<meta property=\"article:modified_time\" content=\"2026-02-25T15:40:31+00:00\" \/>\n<meta name=\"twitter:card\" content=\"summary_large_image\" \/>\n<meta name=\"twitter:label1\" content=\"Est. reading time\" \/>\n\t<meta name=\"twitter:data1\" content=\"1 minute\" \/>\n<script type=\"application\/ld+json\" class=\"yoast-schema-graph\">{\"@context\":\"https:\\\/\\\/schema.org\",\"@graph\":[{\"@type\":\"WebPage\",\"@id\":\"https:\\\/\\\/assist.com.co\\\/descubre-como-la-ia-puede-transformar-tu-retail\\\/\",\"url\":\"https:\\\/\\\/assist.com.co\\\/descubre-como-la-ia-puede-transformar-tu-retail\\\/\",\"name\":\"Descubre c\u00f3mo funciona la IA en Retail - Assist Consultores\",\"isPartOf\":{\"@id\":\"https:\\\/\\\/assist.com.co\\\/#website\"},\"datePublished\":\"2025-05-16T15:26:01+00:00\",\"dateModified\":\"2026-02-25T15:40:31+00:00\",\"description\":\"\u00danete a nuestro Webinar en Vivo y conoce c\u00f3mo Watson est\u00e1 impulsando una nueva ola de eficiencia a trav\u00e9s de asistentes inteligentes, agentes automatizados y un manejo estrat\u00e9gico de la data.\",\"breadcrumb\":{\"@id\":\"https:\\\/\\\/assist.com.co\\\/descubre-como-la-ia-puede-transformar-tu-retail\\\/#breadcrumb\"},\"inLanguage\":\"en-US\",\"potentialAction\":[{\"@type\":\"ReadAction\",\"target\":[\"https:\\\/\\\/assist.com.co\\\/descubre-como-la-ia-puede-transformar-tu-retail\\\/\"]}]},{\"@type\":\"BreadcrumbList\",\"@id\":\"https:\\\/\\\/assist.com.co\\\/descubre-como-la-ia-puede-transformar-tu-retail\\\/#breadcrumb\",\"itemListElement\":[{\"@type\":\"ListItem\",\"position\":1,\"name\":\"Home\",\"item\":\"https:\\\/\\\/assist.com.co\\\/\"},{\"@type\":\"ListItem\",\"position\":2,\"name\":\"Descubre c\u00f3mo funciona la IA en Retail\"}]},{\"@type\":\"WebSite\",\"@id\":\"https:\\\/\\\/assist.com.co\\\/#website\",\"url\":\"https:\\\/\\\/assist.com.co\\\/\",\"name\":\"Assist Consultores\",\"description\":\"Transformando Capacidades Empresariales en Sistemas Innovadores\",\"potentialAction\":[{\"@type\":\"SearchAction\",\"target\":{\"@type\":\"EntryPoint\",\"urlTemplate\":\"https:\\\/\\\/assist.com.co\\\/?s={search_term_string}\"},\"query-input\":{\"@type\":\"PropertyValueSpecification\",\"valueRequired\":true,\"valueName\":\"search_term_string\"}}],\"inLanguage\":\"en-US\"}]}<\/script>\n<!-- \/ Yoast SEO Premium plugin. -->","yoast_head_json":{"title":"Descubre c\u00f3mo funciona la IA en Retail - Assist Consultores","description":"\u00danete a nuestro Webinar en Vivo y conoce c\u00f3mo Watson est\u00e1 impulsando una nueva ola de eficiencia a trav\u00e9s de asistentes inteligentes, agentes automatizados y un manejo estrat\u00e9gico de la data.","robots":{"index":"index","follow":"follow","max-snippet":"max-snippet:-1","max-image-preview":"max-image-preview:large","max-video-preview":"max-video-preview:-1"},"canonical":"https:\/\/assist.com.co\/en\/descubre-como-la-ia-puede-transformar-tu-retail\/","og_locale":"en_US","og_type":"article","og_title":"Descubre c\u00f3mo funciona la IA en Retail","og_description":"\u00danete a nuestro Webinar en Vivo y conoce c\u00f3mo Watson est\u00e1 impulsando una nueva ola de eficiencia a trav\u00e9s de asistentes inteligentes, agentes automatizados y un manejo estrat\u00e9gico de la data.","og_url":"https:\/\/assist.com.co\/en\/descubre-como-la-ia-puede-transformar-tu-retail\/","og_site_name":"Assist Consultores","article_modified_time":"2026-02-25T15:40:31+00:00","twitter_card":"summary_large_image","twitter_misc":{"Est. reading time":"1 minute"},"schema":{"@context":"https:\/\/schema.org","@graph":[{"@type":"WebPage","@id":"https:\/\/assist.com.co\/descubre-como-la-ia-puede-transformar-tu-retail\/","url":"https:\/\/assist.com.co\/descubre-como-la-ia-puede-transformar-tu-retail\/","name":"Descubre c\u00f3mo funciona la IA en Retail - Assist Consultores","isPartOf":{"@id":"https:\/\/assist.com.co\/#website"},"datePublished":"2025-05-16T15:26:01+00:00","dateModified":"2026-02-25T15:40:31+00:00","description":"\u00danete a nuestro Webinar en Vivo y conoce c\u00f3mo Watson est\u00e1 impulsando una nueva ola de eficiencia a trav\u00e9s de asistentes inteligentes, agentes automatizados y un manejo estrat\u00e9gico de la data.","breadcrumb":{"@id":"https:\/\/assist.com.co\/descubre-como-la-ia-puede-transformar-tu-retail\/#breadcrumb"},"inLanguage":"en-US","potentialAction":[{"@type":"ReadAction","target":["https:\/\/assist.com.co\/descubre-como-la-ia-puede-transformar-tu-retail\/"]}]},{"@type":"BreadcrumbList","@id":"https:\/\/assist.com.co\/descubre-como-la-ia-puede-transformar-tu-retail\/#breadcrumb","itemListElement":[{"@type":"ListItem","position":1,"name":"Home","item":"https:\/\/assist.com.co\/"},{"@type":"ListItem","position":2,"name":"Descubre c\u00f3mo funciona la IA en Retail"}]},{"@type":"WebSite","@id":"https:\/\/assist.com.co\/#website","url":"https:\/\/assist.com.co\/","name":"Assist Consultores","description":"Transformando Capacidades Empresariales en Sistemas Innovadores","potentialAction":[{"@type":"SearchAction","target":{"@type":"EntryPoint","urlTemplate":"https:\/\/assist.com.co\/?s={search_term_string}"},"query-input":{"@type":"PropertyValueSpecification","valueRequired":true,"valueName":"search_term_string"}}],"inLanguage":"en-US"}]}},"_links":{"self":[{"href":"https:\/\/assist.com.co\/en\/wp-json\/wp\/v2\/pages\/21955","targetHints":{"allow":["GET"]}}],"collection":[{"href":"https:\/\/assist.com.co\/en\/wp-json\/wp\/v2\/pages"}],"about":[{"href":"https:\/\/assist.com.co\/en\/wp-json\/wp\/v2\/types\/page"}],"author":[{"embeddable":true,"href":"https:\/\/assist.com.co\/en\/wp-json\/wp\/v2\/users\/2"}],"replies":[{"embeddable":true,"href":"https:\/\/assist.com.co\/en\/wp-json\/wp\/v2\/comments?post=21955"}],"version-history":[{"count":9,"href":"https:\/\/assist.com.co\/en\/wp-json\/wp\/v2\/pages\/21955\/revisions"}],"predecessor-version":[{"id":24280,"href":"https:\/\/assist.com.co\/en\/wp-json\/wp\/v2\/pages\/21955\/revisions\/24280"}],"wp:attachment":[{"href":"https:\/\/assist.com.co\/en\/wp-json\/wp\/v2\/media?parent=21955"}],"curies":[{"name":"wp","href":"https:\/\/api.w.org\/{rel}","templated":true}]}}