{"id":21977,"date":"2025-05-19T16:45:56","date_gmt":"2025-05-19T16:45:56","guid":{"rendered":"https:\/\/assist.com.co\/?page_id=21977"},"modified":"2026-02-25T15:40:33","modified_gmt":"2026-02-25T15:40:33","slug":"workshop-ace13-webmethods-ia-bogota-2025","status":"publish","type":"page","link":"https:\/\/assist.com.co\/en\/workshop-ace13-webmethods-ia-bogota-2025\/","title":{"rendered":"Workshop ACE 13 y Webmethods + IA"},"content":{"rendered":"<div class=\"et_pb_section_0 et_pb_section et_section_regular et_block_section et_pb_section_parallax section_has_divider et_pb_top_divider et_pb_bottom_divider preset--module--divi-section--default\" id=\"FONDO_PARTICULAS\"><div class=\"et_pb_top_inside_divider et-no-transition\"><\/div><span class=\"et-pb-parallax-wrapper\"><span class=\"et-pb-parallax-background et-pb-parallax-background-module--divi-section-0 et_parallax_bg_tablet_exist et_parallax_bg_phone_exist\" style=\"background-image:url(https:\/\/assist.com.co\/wp-content\/uploads\/2025\/05\/workshops-ia-scaled.jpg)\"><\/span><\/span><span class=\"et-pb-parallax-wrapper\"><span class=\"et-pb-parallax-background et-pb-parallax-background_tablet et-pb-parallax-background_tablet-module--divi-section-0 et_parallax_bg_phone_exist\" style=\"background-image:url(https:\/\/assist.com.co\/wp-content\/uploads\/2025\/05\/workshops-ia-scaled.jpg)\"><\/span><\/span><span class=\"et-pb-parallax-wrapper\"><span class=\"et-pb-parallax-background et-pb-parallax-background_phone et-pb-parallax-background_phone-module--divi-section-0 et_parallax_bg_tablet_exist\" style=\"background-image:url(https:\/\/assist.com.co\/wp-content\/uploads\/2025\/05\/workshops-ia-scaled.jpg)\"><\/span><\/span><div class=\"et_pb_row_0 et_pb_row et_block_row\"><div class=\"et_pb_column_0 et_pb_column et_pb_column_1_2 et_block_column et_pb_css_mix_blend_mode_passthrough\"><div class=\"et_pb_image_0 et_pb_image et_pb_module et_block_module\"><span class=\"et_pb_image_wrap\"><img loading=\"lazy\" decoding=\"async\" src=\"https:\/\/assist.com.co\/wp-content\/uploads\/2025\/04\/logo-fondo-blanco-IBM_Mesa-de-trabajo-1-scaled.png\" width=\"2560\" height=\"1025\" srcset=\"https:\/\/assist.com.co\/wp-content\/uploads\/2025\/04\/logo-fondo-blanco-IBM_Mesa-de-trabajo-1-scaled.png 2560w, https:\/\/assist.com.co\/wp-content\/uploads\/2025\/04\/logo-fondo-blanco-IBM_Mesa-de-trabajo-1-1280x513.png 1280w, https:\/\/assist.com.co\/wp-content\/uploads\/2025\/04\/logo-fondo-blanco-IBM_Mesa-de-trabajo-1-980x392.png 980w, https:\/\/assist.com.co\/wp-content\/uploads\/2025\/04\/logo-fondo-blanco-IBM_Mesa-de-trabajo-1-480x192.png 480w\" sizes=\"(min-width: 0px) and (max-width: 480px) 480px, (min-width: 481px) and (max-width: 980px) 980px, (min-width: 981px) and (max-width: 1280px) 1280px, (min-width: 1281px) 2560px, 100vw\" class=\"wp-image-21778\" title=\"logo fondo blanco +IBM_Mesa de trabajo 1\" alt=\"red-hat\" \/><\/span><\/div><div class=\"et_pb_heading_0 et_pb_heading et_animated et_pb_module et_block_module preset--module--divi-heading--11f04dd0-b997-463c-87fe-33109a1b0da4\"><div class=\"et_pb_heading_container\"><h1 class=\"et_pb_module_header\">Workshop ACE 13 y Webmethods + IA<\/h1><\/div><\/div><div class=\"et_pb_text_0 et_pb_text et_pb_bg_layout_light et_animated et_pb_module et_block_module preset--module--divi-text--327a4162-0db9-4922-ba89-8292d8c7f3f2\"><div class=\"et_pb_text_inner\"><p style=\"text-align: justify;\"><span style=\"color: #ffffff;\"><span class=\"_fadeIn_m1hgl_8\">Te <\/span><span class=\"_fadeIn_m1hgl_8\">invitamos a este importante evento<\/span><span class=\"_fadeIn_m1hgl_8\">, <\/span><span class=\"_fadeIn_m1hgl_8\">donde <\/span><span class=\"_fadeIn_m1hgl_8\">descubrir\u00e1s <\/span><span class=\"_fadeIn_m1hgl_8\">c\u00f3mo <\/span><span class=\"_fadeIn_m1hgl_8\">llevar <\/span><span class=\"_fadeIn_m1hgl_8\">tus <\/span><span class=\"_fadeIn_m1hgl_8\">procesos empresariales <\/span><span class=\"_fadeIn_m1hgl_8\">al <\/span><span class=\"_fadeIn_m1hgl_8\">siguiente <\/span><span class=\"_fadeIn_m1hgl_8\">nivel <\/span><span class=\"_fadeIn_m1hgl_8\">combinando <\/span><strong data-start=\"376\" data-end=\"466\"><span class=\"_fadeIn_m1hgl_8\">plataformas <\/span><span class=\"_fadeIn_m1hgl_8\">de <\/span><span class=\"_fadeIn_m1hgl_8\">integration <\/span><span class=\"_fadeIn_m1hgl_8\">\u00a0<\/span><span class=\"_fadeIn_m1hgl_8\">y <\/span><span class=\"_fadeIn_m1hgl_8\">el <\/span><span class=\"_fadeIn_m1hgl_8\">poder <\/span><span class=\"_fadeIn_m1hgl_8\">de <\/span><span class=\"_fadeIn_m1hgl_8\">la <\/span><span class=\"_fadeIn_m1hgl_8\">Inteligencia <\/span><span class=\"_fadeIn_m1hgl_8\">Artificial<\/span><\/strong><span class=\"_fadeIn_m1hgl_8\">.<\/span><\/span><\/p>\n<p style=\"text-align: justify;\">\n<\/div><\/div><div class=\"et_pb_text_1 et_pb_text et_pb_bg_layout_light et_pb_module et_block_module\"><div class=\"et_pb_text_inner\"><p><strong><span style=\"color: #ffffff;\"><span class=\"_fadeIn_m1hgl_8\">Impulsa <\/span><span class=\"_fadeIn_m1hgl_8\">tu <\/span><span class=\"_fadeIn_m1hgl_8\">arquitectura <\/span><span class=\"_fadeIn_m1hgl_8\">empresarial<\/span><\/span><\/strong><\/p>\n<\/div><\/div><div class=\"et_pb_slider_0 et_pb_slider et_pb_slider_fullwidth_off et_slider_auto et_slider_speed_3000 et_pb_module et_block_module\"><div class=\"et_pb_slides\"><div class=\"et_pb_slide_0 et_pb_slide et_pb_media_alignment_center et_pb_bg_layout_dark et_pb_text_align_center et_pb_module et_block_module\" data-slide-id=\"divi\/slide-0\"><div class=\"et_pb_container\"><div class=\"et_pb_slider_container_inner\"><div class=\"et_pb_slide_description\"><h2 class=\"et_pb_slide_title\">ACE 13<\/h2><\/div><\/div><\/div><\/div><div class=\"et_pb_slide_1 et_pb_slide et_pb_media_alignment_center et_pb_bg_layout_dark et_pb_text_align_center et_pb_module et_block_module\" data-slide-id=\"divi\/slide-1\"><div class=\"et_pb_container\"><div class=\"et_pb_slider_container_inner\"><div class=\"et_pb_slide_description\"><h2 class=\"et_pb_slide_title\">Arquitectura empresarial moderna<\/h2><\/div><\/div><\/div><\/div><div class=\"et_pb_slide_2 et_pb_slide et_pb_media_alignment_center et_pb_bg_layout_dark et_pb_text_align_center et_pb_module et_block_module\" data-slide-id=\"divi\/slide-2\"><div class=\"et_pb_container\"><div class=\"et_pb_slider_container_inner\"><div class=\"et_pb_slide_description\"><h2 class=\"et_pb_slide_title\">Webmethods<\/h2><\/div><\/div><\/div><\/div><\/div><\/div><div class=\"et_pb_text_2 et_pb_text et_pb_bg_layout_light et_pb_module et_block_module\"><div class=\"et_pb_text_inner\"><h1><span style=\"color: #ffffff;\"><em><strong>Ponentes<\/strong><\/em><\/span><\/h1>\n<\/div><\/div><div class=\"et_pb_divider_0 et_pb_divider et_pb_space et_pb_divider_position_top et_pb_module\"><div class=\"et_pb_divider_internal\"><\/div><\/div><div class=\"et_pb_slider_1 et_pb_slider et_pb_slider_fullwidth_off et_slider_auto et_slider_speed_7000 et_pb_module et_block_module\"><div class=\"et_pb_slides\"><div class=\"et_pb_slide_3 et_pb_slide et_pb_slide_with_image et_pb_media_alignment_center et_pb_bg_layout_dark et_pb_text_align_center et_pb_module et_block_module\" data-slide-id=\"divi\/slide-3\"><div class=\"et_pb_container\"><div class=\"et_pb_slider_container_inner\"><div class=\"et_pb_slide_image\"><img loading=\"lazy\" decoding=\"async\" src=\"https:\/\/assist.com.co\/wp-content\/uploads\/2025\/05\/guevara-2.png\" width=\"1080\" height=\"480\" srcset=\"https:\/\/assist.com.co\/wp-content\/uploads\/2025\/05\/guevara-2.png 1080w, https:\/\/assist.com.co\/wp-content\/uploads\/2025\/05\/guevara-2-980x436.png 980w, https:\/\/assist.com.co\/wp-content\/uploads\/2025\/05\/guevara-2-480x213.png 480w\" sizes=\"(min-width: 0px) and (max-width: 480px) 480px, (min-width: 481px) and (max-width: 980px) 980px, (min-width: 981px) 1080px, 100vw\" class=\"wp-image-22033\" \/><\/div><div class=\"et_pb_slide_description\"><\/div><\/div><\/div><\/div><div class=\"et_pb_slide_4 et_pb_slide et_pb_slide_with_image et_pb_media_alignment_center et_pb_bg_layout_dark et_pb_text_align_center et_pb_module et_block_module\" data-slide-id=\"divi\/slide-4\"><div class=\"et_pb_container\"><div class=\"et_pb_slider_container_inner\"><div class=\"et_pb_slide_image\"><img loading=\"lazy\" decoding=\"async\" src=\"https:\/\/assist.com.co\/wp-content\/uploads\/2025\/05\/JOSEA.png\" width=\"1080\" height=\"480\" srcset=\"https:\/\/assist.com.co\/wp-content\/uploads\/2025\/05\/JOSEA.png 1080w, https:\/\/assist.com.co\/wp-content\/uploads\/2025\/05\/JOSEA-980x436.png 980w, https:\/\/assist.com.co\/wp-content\/uploads\/2025\/05\/JOSEA-480x213.png 480w\" sizes=\"(min-width: 0px) and (max-width: 480px) 480px, (min-width: 481px) and (max-width: 980px) 980px, (min-width: 981px) 1080px, 100vw\" class=\"wp-image-21990\" \/><\/div><div class=\"et_pb_slide_description\"><\/div><\/div><\/div><\/div><div class=\"et_pb_slide_5 et_pb_slide et_pb_slide_with_image et_pb_media_alignment_center et_pb_bg_layout_dark et_pb_text_align_center et_pb_module et_block_module\" data-slide-id=\"divi\/slide-5\"><div class=\"et_pb_container\"><div class=\"et_pb_slider_container_inner\"><div class=\"et_pb_slide_image\"><img loading=\"lazy\" decoding=\"async\" src=\"https:\/\/assist.com.co\/wp-content\/uploads\/2025\/05\/michael-2.png\" width=\"1080\" height=\"480\" srcset=\"https:\/\/assist.com.co\/wp-content\/uploads\/2025\/05\/michael-2.png 1080w, https:\/\/assist.com.co\/wp-content\/uploads\/2025\/05\/michael-2-980x436.png 980w, https:\/\/assist.com.co\/wp-content\/uploads\/2025\/05\/michael-2-480x213.png 480w\" sizes=\"(min-width: 0px) and (max-width: 480px) 480px, (min-width: 481px) and (max-width: 980px) 980px, (min-width: 981px) 1080px, 100vw\" class=\"wp-image-22036\" \/><\/div><div class=\"et_pb_slide_description\"><\/div><\/div><\/div><\/div><\/div><\/div><\/div><div class=\"et_pb_column_1 et_pb_column et_pb_column_1_2 et-last-child et_block_column et_pb_css_mix_blend_mode_passthrough\"><div class=\"et_pb_code_0 et_pb_code et_pb_module\"><div class=\"et_pb_code_inner\"><iframe loading=\"lazy\" src=\"https:\/\/docs.google.com\/forms\/d\/e\/1FAIpQLSdK9aRiKXQLYtl7KtnIgfbQvM2aBBaC3jZ_ISxxIVJUPSfvSw\/viewform?embedded=true\" width=\"640\" height=\"900\" frameborder=\"0\" marginheight=\"0\" marginwidth=\"0\">Cargando\u2026<\/iframe><\/div><\/div><div class=\"et_pb_testimonial_0 et_pb_testimonial et_pb_testimonial_no_image et_pb_bg_layout_light et_pb_module et_block_module\"><div class=\"et_pb_testimonial_inner\"><div class=\"et_pb_testimonial_description\"><div class=\"et_pb_testimonial_description_inner\"><div class=\"et_pb_testimonial_content\"><h3 data-start=\"172\" data-end=\"196\"><span class=\"_fadeIn_m1hgl_8\">\ud83d\ude80 <span style=\"color: #000000;\"><strong>\u00bf<\/strong><\/span><\/span><span style=\"color: #000000;\"><strong><span class=\"_fadeIn_m1hgl_8\">Por <\/span><span class=\"_fadeIn_m1hgl_8\">qu\u00e9 <\/span><span class=\"_fadeIn_m1hgl_8\">asistir?<\/span><\/strong><\/span><\/h3>\n<ol data-start=\"198\" data-end=\"586\">\n<li data-start=\"198\" data-end=\"338\">\n<h4 data-start=\"201\" data-end=\"338\"><span style=\"color: #000000;\"><strong data-start=\"201\" data-end=\"282\"><span class=\"_fadeIn_m1hgl_8\">Conoce <\/span><span class=\"_fadeIn_m1hgl_8\">de <\/span><span class=\"_fadeIn_m1hgl_8\">primera <\/span><span class=\"_fadeIn_m1hgl_8\">mano <\/span><span class=\"_fadeIn_m1hgl_8\">las <\/span><span class=\"_fadeIn_m1hgl_8\">soluciones <\/span><span class=\"_fadeIn_m1hgl_8\">de <\/span><span class=\"_fadeIn_m1hgl_8\">integration <\/span><span class=\"_fadeIn_m1hgl_8\">m\u00e1s <\/span><span class=\"_fadeIn_m1hgl_8\">potentes <\/span><span class=\"_fadeIn_m1hgl_8\">del <\/span><span class=\"_fadeIn_m1hgl_8\">mercado<\/span><\/strong><span class=\"_fadeIn_m1hgl_8\"> <\/span><span class=\"_fadeIn_m1hgl_8\">con <\/span><span class=\"_fadeIn_m1hgl_8\">ACE <\/span><span class=\"_fadeIn_m1hgl_8\">13 <\/span><span class=\"_fadeIn_m1hgl_8\">y <\/span><span class=\"_fadeIn_m1hgl_8\">Webmethods, <\/span><\/span><span class=\"_fadeIn_m1hgl_8\">aplicadas <\/span><span class=\"_fadeIn_m1hgl_8\">a <\/span><span class=\"_fadeIn_m1hgl_8\">entornos <\/span><span class=\"_fadeIn_m1hgl_8\">reales.<\/span><\/h4>\n<\/li>\n<li data-start=\"339\" data-end=\"470\">\n<h4 data-start=\"342\" data-end=\"470\"><span style=\"color: #000000;\"><strong data-start=\"342\" data-end=\"421\"><span class=\"_fadeIn_m1hgl_8\">Descubre <\/span><span class=\"_fadeIn_m1hgl_8\">c\u00f3mo <\/span><span class=\"_fadeIn_m1hgl_8\">la <\/span><span class=\"_fadeIn_m1hgl_8\">Inteligencia <\/span><span class=\"_fadeIn_m1hgl_8\">Artificial <\/span><span class=\"_fadeIn_m1hgl_8\">potencia <\/span><span class=\"_fadeIn_m1hgl_8\">la <\/span><span class=\"_fadeIn_m1hgl_8\">eficiencia <\/span><span class=\"_fadeIn_m1hgl_8\">empresarial<\/span><\/strong><\/span><span class=\"_fadeIn_m1hgl_8\"> <\/span><span class=\"_fadeIn_m1hgl_8\">y <\/span><span class=\"_fadeIn_m1hgl_8\">mejora <\/span><span class=\"_fadeIn_m1hgl_8\">la <\/span><span class=\"_fadeIn_m1hgl_8\">toma <\/span><span class=\"_fadeIn_m1hgl_8\">de <\/span><span class=\"_fadeIn_m1hgl_8\">decisiones <\/span><span class=\"_fadeIn_m1hgl_8\">en <\/span><span class=\"_fadeIn_m1hgl_8\">tiempo <\/span><span class=\"_fadeIn_m1hgl_8\">real.<\/span><\/h4>\n<\/li>\n<li data-start=\"471\" data-end=\"586\">\n<h4 data-start=\"474\" data-end=\"586\"><span style=\"color: #000000;\"><strong data-start=\"474\" data-end=\"524\"><span class=\"_fadeIn_m1hgl_8\">Con\u00e9ctate <\/span><span class=\"_fadeIn_m1hgl_8\">con <\/span><span class=\"_fadeIn_m1hgl_8\">expertos <\/span><span class=\"_fadeIn_m1hgl_8\">y <\/span><span class=\"_fadeIn_m1hgl_8\">l\u00edderes <\/span><span class=\"_fadeIn_m1hgl_8\">en <\/span><span class=\"_fadeIn_m1hgl_8\">tecnolog\u00eda<\/span><\/strong><\/span><span class=\"_fadeIn_m1hgl_8\">, <\/span><span class=\"_fadeIn_m1hgl_8\">accede <\/span><span class=\"_fadeIn_m1hgl_8\">a <\/span><span class=\"_fadeIn_m1hgl_8\">conocimiento <\/span><span class=\"_fadeIn_m1hgl_8\">exclusivo <\/span><span class=\"_fadeIn_m1hgl_8\">y <\/span><span class=\"_fadeIn_m1hgl_8\">ampl\u00eda <\/span><span class=\"_fadeIn_m1hgl_8\">tu <\/span><span class=\"_fadeIn_m1hgl_8\">red <\/span><span class=\"_fadeIn_m1hgl_8\">profesional.<\/span><\/h4>\n<\/li>\n<\/ol>\n<\/div><\/div><div class=\"et_pb_testimonial_meta\"><\/div><\/div><\/div><\/div><div class=\"et_pb_text_3 et_pb_text et_pb_bg_layout_light et_animated et_pb_module et_block_module\"><div class=\"et_pb_text_inner\"><h2 style=\"text-align: center;\"><strong><span style=\"color: #ffffff;\"><span class=\"_fadeIn_m1hgl_8\">Reg\u00edstrate <\/span><span class=\"_fadeIn_m1hgl_8\">y <\/span><span class=\"_fadeIn_m1hgl_8\">prep\u00e1rate <\/span><span class=\"_fadeIn_m1hgl_8\">para <\/span><span class=\"_fadeIn_m1hgl_8\">integrar <\/span><span class=\"_fadeIn_m1hgl_8\">con <\/span><span class=\"_fadeIn_m1hgl_8\">visi\u00f3n <\/span><span class=\"_fadeIn_m1hgl_8\">de <\/span><span class=\"_fadeIn_m1hgl_8\">futuro.<\/span><\/span><\/strong><\/h2>\n<\/div><\/div><div class=\"et_pb_module et_pb_button_module_wrapper et_pb_button_0_wrapper\"><a class=\"et_pb_button_0 et_pb_button et_pb_bg_layout_light et_pb_module et_block_module\" href=\"https:\/\/api.whatsapp.com\/send\/?phone=%2B573102169640&#038;text=Hola%2C+quisiera+que+me+contacten.&#038;app_absent=0\">M\u00c1S INFORMACI\u00d3N<\/a><\/div><\/div><\/div><div class=\"et_pb_bottom_inside_divider et-no-transition\"><\/div><\/div>","protected":false},"excerpt":{"rendered":"","protected":false},"author":2,"featured_media":22032,"parent":0,"menu_order":0,"comment_status":"closed","ping_status":"closed","template":"page-template-blank.php","meta":{"inline_featured_image":false,"footnotes":""},"class_list":["post-21977","page","type-page","status-publish","has-post-thumbnail","hentry"],"yoast_head":"<!-- This site is optimized with the Yoast SEO Premium plugin v25.2 (Yoast SEO v27.3) - https:\/\/yoast.com\/product\/yoast-seo-premium-wordpress\/ -->\n<title>Workshop ACE 13 y Webmethods + IA-Bogot\u00e1 2025<\/title>\n<meta name=\"description\" content=\"Participa en el workshop de integraci\u00f3n empresarial con ACE 13, Webmethods e IA. Este 12 de junio en Bogot\u00e1. \u00a1Innova con expertos!\" \/>\n<meta name=\"robots\" content=\"index, follow, max-snippet:-1, max-image-preview:large, max-video-preview:-1\" \/>\n<link rel=\"canonical\" href=\"https:\/\/assist.com.co\/en\/workshop-ace13-webmethods-ia-bogota-2025\/\" \/>\n<meta property=\"og:locale\" content=\"en_US\" \/>\n<meta property=\"og:type\" content=\"article\" \/>\n<meta property=\"og:title\" content=\"Workshop ACE 13 y Webmethods + IA\" \/>\n<meta property=\"og:description\" content=\"Participa en el workshop de integraci\u00f3n empresarial con ACE 13, Webmethods e IA. Este 12 de junio en Bogot\u00e1. \u00a1Innova con expertos!\" \/>\n<meta property=\"og:url\" content=\"https:\/\/assist.com.co\/en\/workshop-ace13-webmethods-ia-bogota-2025\/\" \/>\n<meta property=\"og:site_name\" content=\"Assist Consultores\" \/>\n<meta property=\"article:modified_time\" content=\"2026-02-25T15:40:33+00:00\" \/>\n<meta property=\"og:image\" content=\"https:\/\/assist.com.co\/wp-content\/uploads\/2025\/05\/webmethods-ace13.jpg\" \/>\n\t<meta property=\"og:image:width\" content=\"1080\" \/>\n\t<meta property=\"og:image:height\" content=\"1080\" \/>\n\t<meta property=\"og:image:type\" content=\"image\/jpeg\" \/>\n<meta name=\"twitter:card\" content=\"summary_large_image\" \/>\n<meta name=\"twitter:label1\" content=\"Est. reading time\" \/>\n\t<meta name=\"twitter:data1\" content=\"2 minutes\" \/>\n<script type=\"application\/ld+json\" class=\"yoast-schema-graph\">{\"@context\":\"https:\\\/\\\/schema.org\",\"@graph\":[{\"@type\":\"WebPage\",\"@id\":\"https:\\\/\\\/assist.com.co\\\/workshop-ace13-webmethods-ia-bogota-2025\\\/\",\"url\":\"https:\\\/\\\/assist.com.co\\\/workshop-ace13-webmethods-ia-bogota-2025\\\/\",\"name\":\"Workshop ACE 13 y Webmethods + IA-Bogot\u00e1 2025\",\"isPartOf\":{\"@id\":\"https:\\\/\\\/assist.com.co\\\/#website\"},\"primaryImageOfPage\":{\"@id\":\"https:\\\/\\\/assist.com.co\\\/workshop-ace13-webmethods-ia-bogota-2025\\\/#primaryimage\"},\"image\":{\"@id\":\"https:\\\/\\\/assist.com.co\\\/workshop-ace13-webmethods-ia-bogota-2025\\\/#primaryimage\"},\"thumbnailUrl\":\"https:\\\/\\\/assist.com.co\\\/wp-content\\\/uploads\\\/2025\\\/05\\\/webmethods-ace13.jpg\",\"datePublished\":\"2025-05-19T16:45:56+00:00\",\"dateModified\":\"2026-02-25T15:40:33+00:00\",\"description\":\"Participa en el workshop de integraci\u00f3n empresarial con ACE 13, Webmethods e IA. Este 12 de junio en Bogot\u00e1. \u00a1Innova con expertos!\",\"breadcrumb\":{\"@id\":\"https:\\\/\\\/assist.com.co\\\/workshop-ace13-webmethods-ia-bogota-2025\\\/#breadcrumb\"},\"inLanguage\":\"en-US\",\"potentialAction\":[{\"@type\":\"ReadAction\",\"target\":[\"https:\\\/\\\/assist.com.co\\\/workshop-ace13-webmethods-ia-bogota-2025\\\/\"]}]},{\"@type\":\"ImageObject\",\"inLanguage\":\"en-US\",\"@id\":\"https:\\\/\\\/assist.com.co\\\/workshop-ace13-webmethods-ia-bogota-2025\\\/#primaryimage\",\"url\":\"https:\\\/\\\/assist.com.co\\\/wp-content\\\/uploads\\\/2025\\\/05\\\/webmethods-ace13.jpg\",\"contentUrl\":\"https:\\\/\\\/assist.com.co\\\/wp-content\\\/uploads\\\/2025\\\/05\\\/webmethods-ace13.jpg\",\"width\":1080,\"height\":1080,\"caption\":\"webmethods-ace13\"},{\"@type\":\"BreadcrumbList\",\"@id\":\"https:\\\/\\\/assist.com.co\\\/workshop-ace13-webmethods-ia-bogota-2025\\\/#breadcrumb\",\"itemListElement\":[{\"@type\":\"ListItem\",\"position\":1,\"name\":\"Home\",\"item\":\"https:\\\/\\\/assist.com.co\\\/\"},{\"@type\":\"ListItem\",\"position\":2,\"name\":\"Workshop ACE 13 y Webmethods + IA\"}]},{\"@type\":\"WebSite\",\"@id\":\"https:\\\/\\\/assist.com.co\\\/#website\",\"url\":\"https:\\\/\\\/assist.com.co\\\/\",\"name\":\"Assist Consultores\",\"description\":\"Transformando Capacidades Empresariales en Sistemas Innovadores\",\"potentialAction\":[{\"@type\":\"SearchAction\",\"target\":{\"@type\":\"EntryPoint\",\"urlTemplate\":\"https:\\\/\\\/assist.com.co\\\/?s={search_term_string}\"},\"query-input\":{\"@type\":\"PropertyValueSpecification\",\"valueRequired\":true,\"valueName\":\"search_term_string\"}}],\"inLanguage\":\"en-US\"}]}<\/script>\n<!-- \/ Yoast SEO Premium plugin. -->","yoast_head_json":{"title":"Workshop ACE 13 y Webmethods + IA-Bogot\u00e1 2025","description":"Participa en el workshop de integraci\u00f3n empresarial con ACE 13, Webmethods e IA. Este 12 de junio en Bogot\u00e1. \u00a1Innova con expertos!","robots":{"index":"index","follow":"follow","max-snippet":"max-snippet:-1","max-image-preview":"max-image-preview:large","max-video-preview":"max-video-preview:-1"},"canonical":"https:\/\/assist.com.co\/en\/workshop-ace13-webmethods-ia-bogota-2025\/","og_locale":"en_US","og_type":"article","og_title":"Workshop ACE 13 y Webmethods + IA","og_description":"Participa en el workshop de integraci\u00f3n empresarial con ACE 13, Webmethods e IA. Este 12 de junio en Bogot\u00e1. \u00a1Innova con expertos!","og_url":"https:\/\/assist.com.co\/en\/workshop-ace13-webmethods-ia-bogota-2025\/","og_site_name":"Assist Consultores","article_modified_time":"2026-02-25T15:40:33+00:00","og_image":[{"width":1080,"height":1080,"url":"https:\/\/assist.com.co\/wp-content\/uploads\/2025\/05\/webmethods-ace13.jpg","type":"image\/jpeg"}],"twitter_card":"summary_large_image","twitter_misc":{"Est. reading time":"2 minutes"},"schema":{"@context":"https:\/\/schema.org","@graph":[{"@type":"WebPage","@id":"https:\/\/assist.com.co\/workshop-ace13-webmethods-ia-bogota-2025\/","url":"https:\/\/assist.com.co\/workshop-ace13-webmethods-ia-bogota-2025\/","name":"Workshop ACE 13 y Webmethods + IA-Bogot\u00e1 2025","isPartOf":{"@id":"https:\/\/assist.com.co\/#website"},"primaryImageOfPage":{"@id":"https:\/\/assist.com.co\/workshop-ace13-webmethods-ia-bogota-2025\/#primaryimage"},"image":{"@id":"https:\/\/assist.com.co\/workshop-ace13-webmethods-ia-bogota-2025\/#primaryimage"},"thumbnailUrl":"https:\/\/assist.com.co\/wp-content\/uploads\/2025\/05\/webmethods-ace13.jpg","datePublished":"2025-05-19T16:45:56+00:00","dateModified":"2026-02-25T15:40:33+00:00","description":"Participa en el workshop de integraci\u00f3n empresarial con ACE 13, Webmethods e IA. Este 12 de junio en Bogot\u00e1. \u00a1Innova con expertos!","breadcrumb":{"@id":"https:\/\/assist.com.co\/workshop-ace13-webmethods-ia-bogota-2025\/#breadcrumb"},"inLanguage":"en-US","potentialAction":[{"@type":"ReadAction","target":["https:\/\/assist.com.co\/workshop-ace13-webmethods-ia-bogota-2025\/"]}]},{"@type":"ImageObject","inLanguage":"en-US","@id":"https:\/\/assist.com.co\/workshop-ace13-webmethods-ia-bogota-2025\/#primaryimage","url":"https:\/\/assist.com.co\/wp-content\/uploads\/2025\/05\/webmethods-ace13.jpg","contentUrl":"https:\/\/assist.com.co\/wp-content\/uploads\/2025\/05\/webmethods-ace13.jpg","width":1080,"height":1080,"caption":"webmethods-ace13"},{"@type":"BreadcrumbList","@id":"https:\/\/assist.com.co\/workshop-ace13-webmethods-ia-bogota-2025\/#breadcrumb","itemListElement":[{"@type":"ListItem","position":1,"name":"Home","item":"https:\/\/assist.com.co\/"},{"@type":"ListItem","position":2,"name":"Workshop ACE 13 y Webmethods + IA"}]},{"@type":"WebSite","@id":"https:\/\/assist.com.co\/#website","url":"https:\/\/assist.com.co\/","name":"Assist Consultores","description":"Transformando Capacidades Empresariales en Sistemas Innovadores","potentialAction":[{"@type":"SearchAction","target":{"@type":"EntryPoint","urlTemplate":"https:\/\/assist.com.co\/?s={search_term_string}"},"query-input":{"@type":"PropertyValueSpecification","valueRequired":true,"valueName":"search_term_string"}}],"inLanguage":"en-US"}]}},"_links":{"self":[{"href":"https:\/\/assist.com.co\/en\/wp-json\/wp\/v2\/pages\/21977","targetHints":{"allow":["GET"]}}],"collection":[{"href":"https:\/\/assist.com.co\/en\/wp-json\/wp\/v2\/pages"}],"about":[{"href":"https:\/\/assist.com.co\/en\/wp-json\/wp\/v2\/types\/page"}],"author":[{"embeddable":true,"href":"https:\/\/assist.com.co\/en\/wp-json\/wp\/v2\/users\/2"}],"replies":[{"embeddable":true,"href":"https:\/\/assist.com.co\/en\/wp-json\/wp\/v2\/comments?post=21977"}],"version-history":[{"count":7,"href":"https:\/\/assist.com.co\/en\/wp-json\/wp\/v2\/pages\/21977\/revisions"}],"predecessor-version":[{"id":24281,"href":"https:\/\/assist.com.co\/en\/wp-json\/wp\/v2\/pages\/21977\/revisions\/24281"}],"wp:featuredmedia":[{"embeddable":true,"href":"https:\/\/assist.com.co\/en\/wp-json\/wp\/v2\/media\/22032"}],"wp:attachment":[{"href":"https:\/\/assist.com.co\/en\/wp-json\/wp\/v2\/media?parent=21977"}],"curies":[{"name":"wp","href":"https:\/\/api.w.org\/{rel}","templated":true}]}}