{"id":22175,"date":"2025-05-27T16:28:39","date_gmt":"2025-05-27T16:28:39","guid":{"rendered":"https:\/\/assist.com.co\/?page_id=22175"},"modified":"2026-02-25T15:40:44","modified_gmt":"2026-02-25T15:40:44","slug":"staffing-crm-institucion-financiera","status":"publish","type":"page","link":"https:\/\/assist.com.co\/en\/staffing-crm-institucion-financiera\/","title":{"rendered":"Staffing para la optimizaci\u00f3n operativa en CRM"},"content":{"rendered":"<div class=\"et_pb_section_0 et_pb_section et_section_regular et_block_section preset--module--divi-section--default\"><div class=\"et_pb_row_0 et_pb_row et_block_row\"><div class=\"et_pb_column_0 et_pb_column et_pb_column_1_2 et_block_column et_pb_css_mix_blend_mode_passthrough\"><div class=\"et_pb_image_0 et_pb_image et_animated et_pb_module et_block_module\"><span class=\"et_pb_image_wrap\"><img loading=\"lazy\" decoding=\"async\" src=\"https:\/\/assist.com.co\/wp-content\/uploads\/2025\/05\/278.webp\" width=\"1333\" height=\"2000\" srcset=\"https:\/\/assist.com.co\/wp-content\/uploads\/2025\/05\/278.webp 1333w, https:\/\/assist.com.co\/wp-content\/uploads\/2025\/05\/278-1280x1920.webp 1280w, https:\/\/assist.com.co\/wp-content\/uploads\/2025\/05\/278-980x1470.webp 980w, https:\/\/assist.com.co\/wp-content\/uploads\/2025\/05\/278-480x720.webp 480w\" sizes=\"(min-width: 0px) and (max-width: 480px) 480px, (min-width: 481px) and (max-width: 980px) 980px, (min-width: 981px) and (max-width: 1280px) 1280px, (min-width: 1281px) 1333px, 100vw\" class=\"wp-image-22181\" title=\"crm\" alt=\"crm\" \/><\/span><\/div><\/div><div class=\"et_pb_column_1 et_pb_column et_pb_column_1_2 et-last-child et_block_column et_pb_css_mix_blend_mode_passthrough\"><div class=\"et_pb_text_0 et_pb_text et_pb_bg_layout_light et_pb_module et_block_module\"><div class=\"et_pb_text_inner\"><h1><strong>Staffing for Operational Optimization in Customer Relationship Management with Specialized Technical Support<\/strong><\/h1>\n<\/div><\/div><div class=\"et_pb_text_1 et_pb_text et_pb_bg_layout_light et_pb_module et_block_module\"><div class=\"et_pb_text_inner\"><p style=\"text-align: justify;\">A leading financial institution in Colombia achieved successful management of its Siebel Customer Relationship Management platform through our specialized technical outsourcing service, ensuring uninterrupted operational continuity and precise project closure exactly as planned.<\/p>\n<\/div><\/div><div class=\"et_pb_image_1 et_pb_image et_pb_module et_block_module\"><span class=\"et_pb_image_wrap\"><img loading=\"lazy\" decoding=\"async\" src=\"https:\/\/assist.com.co\/wp-content\/uploads\/2025\/04\/arrow-1455_256.gif\" width=\"256\" height=\"236\" sizes=\"(max-width: 256px) 100vw, 256px\" class=\"wp-image-21742\" title=\"arrow-1455_256\" \/><\/span><\/div><\/div><\/div><\/div><div class=\"et_pb_section_1 et_pb_section et_section_regular et_block_section preset--module--divi-section--default\"><div class=\"et_pb_row_1 et_pb_row et_block_row\"><div class=\"et_pb_column_2 et_pb_column et_pb_column_2_5 et_block_column et_pb_column_empty et_pb_css_mix_blend_mode_passthrough\"><\/div><div class=\"et_pb_column_3 et_pb_column et_pb_column_3_5 et-last-child et_block_column et_pb_css_mix_blend_mode_passthrough\"><div class=\"et_pb_text_2 et_pb_text et_pb_bg_layout_light et_pb_module et_block_module\"><div class=\"et_pb_text_inner\"><h4><strong>- Accelerate technical outcomes without compromising quality.<\/strong><\/h4>\n<\/div><\/div><div class=\"et_pb_text_3 et_pb_text et_pb_bg_layout_light et_pb_module et_block_module\"><div class=\"et_pb_text_inner\"><p><strong>- <\/strong>Compartir los avances y resultados obtenidos durante la ejecuci\u00f3n del <strong>servicio profesional de integraci\u00f3n<\/strong>, que se desarroll\u00f3 entre septiembre de 2021 y junio de 2024.<br \/>- <strong>Gestionar<\/strong> de manera efectiva todas las etapas del servicio con perfiles de alto nivel en<strong> Integration<\/strong>.<\/p>\n<\/div><\/div><div class=\"et_pb_module et_pb_button_module_wrapper et_pb_button_0_wrapper\"><a class=\"et_pb_button_0 et_pb_button et_pb_bg_layout_light et_pb_module et_block_module\" href=\"\">Let\u2019s talk!<\/a><\/div><\/div><\/div><div class=\"et_pb_row_2 et_pb_row et_block_row\"><div class=\"et_pb_column_4 et_pb_column et_pb_column_4_4 et-last-child et_block_column et_pb_css_mix_blend_mode_passthrough\"><div class=\"et_pb_divider_0 et_pb_divider et_pb_space et_pb_divider_position_top et_pb_module\"><div class=\"et_pb_divider_internal\"><\/div><\/div><\/div><\/div><\/div><div class=\"et_pb_section_2 et_pb_section et_section_regular et_block_section preset--module--divi-section--default\"><div class=\"et_pb_row_3 et_pb_row et_block_row\"><div class=\"et_pb_column_5 et_pb_column et_pb_column_1_2 et_block_column et_pb_css_mix_blend_mode_passthrough\"><div class=\"et_pb_text_4 et_pb_text et_pb_bg_layout_light et_pb_module et_block_module\"><div class=\"et_pb_text_inner\"><h1><span style=\"color: #000000;\"><strong>The result?<\/strong><\/span><\/h1>\n<\/div><\/div><div class=\"et_pb_text_5 et_pb_text et_pb_bg_layout_light et_pb_module et_block_module\"><div class=\"et_pb_text_inner\"><ul>\n<li style=\"text-align: justify;\"><span style=\"color: #000000;\">Apta comunicaci\u00f3n para un desarrollo efecto del servicio Adaptar - para que se desplegaran de una manera \u00f3ptima.<\/span><\/li>\n<li style=\"text-align: justify;\"><span style=\"color: #000000;\">Scope-Driven Adjustments: Adjustments in timelines and fees were applied according to changes in project scope, maintaining consistently high customer satisfaction throughout the entire service period.<\/span>\n<\/li>\n<\/ul>\n<\/div><\/div><div class=\"et_pb_divider_1 et_pb_divider et_pb_space et_pb_divider_position_top et_pb_module\"><div class=\"et_pb_divider_internal\"><\/div><\/div><div class=\"et_pb_text_6 et_pb_text et_pb_bg_layout_light et_pb_module et_block_module\"><div class=\"et_pb_text_inner\"><h2 style=\"text-align: left;\"><strong><em>High Talent Retention: Sustained retention of specialized technical talent allowed us to preserve team stability and consistently meet established project deadlines.<\/em><\/strong><\/h2>\n<\/div><\/div><div class=\"et_pb_text_7 et_pb_text et_pb_bg_layout_light et_pb_module et_block_module\"><div class=\"et_pb_text_inner\"><h2><strong><em>Dynamic Talent Allocation: Demand for expertise was flexibly adapted to evolving project requirements, ensuring responsiveness during the project\u2019s progression.<\/em><\/strong><\/h2>\n<\/div><\/div><\/div><div class=\"et_pb_column_6 et_pb_column et_pb_column_1_2 et-last-child et_block_column et_pb_css_mix_blend_mode_passthrough\"><div class=\"et_pb_image_2 et_pb_image et_pb_module et_block_module\"><span class=\"et_pb_image_wrap\"><img loading=\"lazy\" decoding=\"async\" src=\"https:\/\/assist.com.co\/wp-content\/uploads\/2025\/03\/101147.jpg\" width=\"2000\" height=\"1335\" srcset=\"https:\/\/assist.com.co\/wp-content\/uploads\/2025\/03\/101147.jpg 2000w, https:\/\/assist.com.co\/wp-content\/uploads\/2025\/03\/101147-1280x854.jpg 1280w, https:\/\/assist.com.co\/wp-content\/uploads\/2025\/03\/101147-980x654.jpg 980w, https:\/\/assist.com.co\/wp-content\/uploads\/2025\/03\/101147-480x320.jpg 480w\" sizes=\"(min-width: 0px) and (max-width: 480px) 480px, (min-width: 481px) and (max-width: 980px) 980px, (min-width: 981px) and (max-width: 1280px) 1280px, (min-width: 1281px) 2000px, 100vw\" class=\"wp-image-21303\" title=\"innovacion-tecnologica\" alt=\"innovacion-tecnologica\" \/><\/span><\/div><\/div><\/div><\/div><div class=\"et_pb_section_3 et_pb_section et_section_regular et_block_section section_has_divider et_pb_bottom_divider preset--module--divi-section--default\"><div class=\"et_pb_row_4 et_pb_row et_block_row\"><div class=\"et_pb_column_7 et_pb_column et_pb_column_1_2 et_block_column et_pb_css_mix_blend_mode_passthrough\"><div class=\"et_pb_text_8 et_pb_text et_pb_bg_layout_dark et_pb_module et_block_module\"><div class=\"et_pb_text_inner\"><h1><strong>Standout Management Moves<br \/><\/strong><\/h1>\n<\/div><\/div><div class=\"et_pb_text_9 et_pb_text et_pb_bg_layout_dark et_pb_module et_block_module\"><div class=\"et_pb_text_inner\"><h3 style=\"text-align: justify;\">Through high-level outsourcing, we successfully attracted and retained highly specialized technical profiles, surpassing the prevailing market trends of high employee turnover.<\/h3>\n<h3 style=\"text-align: justify;\">This approach guaranteed the development of a high-quality service, meeting all established deadlines and securing the overall success of the project.<\/h3>\n<\/div><\/div><\/div><div class=\"et_pb_column_8 et_pb_column et_pb_column_1_2 et-last-child et_block_column et_pb_css_mix_blend_mode_passthrough\"><ul class=\"et_pb_counters_0 et_pb_counters et-waypoint et_pb_bg_layout_light et_pb_module et_block_module\"><li class=\"et_pb_counter_0 et_pb_counter\"><span class=\"et_pb_counter_title\">\n\nOperational Time Reduction\n\n<\/span><span class=\"et_pb_counter_container\"><span class=\"et_pb_counter_amount\" data-width=\"30%\"><span class=\"et_pb_counter_amount_number\"><span class=\"et_pb_counter_amount_number_inner\">30%<\/span><\/span><\/span><span class=\"et_pb_counter_amount overlay\" data-width=\"30%\"><span class=\"et_pb_counter_amount_number\"><span class=\"et_pb_counter_amount_number_inner\">30%<\/span><\/span><\/span><\/span><\/li><\/ul><div class=\"et_pb_text_10 et_pb_text et_pb_bg_layout_light et_pb_module et_block_module\"><div class=\"et_pb_text_inner\"><h1 style=\"text-align: justify;\"><em>Thanks to a stable and specialized technical staffing model, we optimized the Customer Relationship Management operation, reducing execution times in critical processes by up to 30% through automation and continuous operational improvements.\n\nThis achievement enhanced efficiency, secured uninterrupted service continuity, and maintained superior levels of customer satisfaction.<\/em><\/h1>\n<\/div><\/div><\/div><\/div><div class=\"et_pb_bottom_inside_divider et-no-transition\"><\/div><\/div><div class=\"et_pb_section_4 et_pb_section et_section_regular et_block_section et_pb_section_parallax section_has_divider et_pb_top_divider preset--module--divi-section--default\"><div class=\"et_pb_top_inside_divider et-no-transition\"><\/div><span class=\"et-pb-parallax-wrapper\"><span class=\"et-pb-parallax-background et-pb-parallax-background-module--divi-section-4\" style=\"background-image:url(https:\/\/assist.com.co\/wp-content\/uploads\/2025\/04\/103903.webp)\"><\/span><\/span><div class=\"et_pb_row_5 et_pb_row et_block_row\"><div class=\"et_pb_column_9 et_pb_column et_pb_column_4_4 et-last-child et_block_column et_pb_css_mix_blend_mode_passthrough\"><div class=\"et_pb_divider_2 et_pb_divider et_pb_space et_pb_divider_position_top et_pb_module\"><div class=\"et_pb_divider_internal\"><\/div><\/div><div class=\"et_pb_text_11 et_pb_text et_pb_bg_layout_light et_pb_module et_block_module\"><div class=\"et_pb_text_inner\"><h2>We Solve Your Technological Challenges with Flexible Talent<\/h2>\n<\/div><\/div><\/div><\/div><div class=\"et_pb_row_6 et_pb_row et_block_row\"><div class=\"et_pb_column_10 et_pb_column et_pb_column_1_2 et_block_column et_pb_css_mix_blend_mode_passthrough\"><div class=\"et_pb_code_0 et_pb_code et_pb_module\"><div class=\"et_pb_code_inner\"><iframe loading=\"lazy\" src=\"https:\/\/docs.google.com\/forms\/d\/e\/1FAIpQLSeJS_6xiRc_3eT9sISCaJITpZeho5G-0Q8kknFhFSBnAsXOeA\/viewform?embedded=true\" width=\"640\" height=\"700\" frameborder=\"0\" marginheight=\"0\" marginwidth=\"0\">Cargando\u2026<\/iframe><\/div><\/div><\/div><div class=\"et_pb_column_11 et_pb_column et_pb_column_1_2 et-last-child et_block_column et_pb_css_mix_blend_mode_passthrough\"><div class=\"et_pb_text_12 et_pb_text et_pb_bg_layout_light et_pb_module et_block_module\"><div class=\"et_pb_text_inner\"><p><span style=\"color: #000000;\"><strong data-start=\"440\" data-end=\"567\">Leave us your information and let\u2019s talk about how we can help you accelerate efficiency and scalability within your technology teams.<\/strong> Our team will reach out to provide the best solution tailored to your specific business needs.<\/span><\/p>\n<\/div><\/div><div class=\"et_pb_image_3 et_pb_image et_pb_module et_block_module\"><span class=\"et_pb_image_wrap\"><img loading=\"lazy\" decoding=\"async\" src=\"https:\/\/assist.com.co\/wp-content\/uploads\/2025\/05\/Contact.gif\" width=\"1138\" height=\"640\" sizes=\"(min-width: 0px) and (max-width: 480px) 480px, (min-width: 481px) and (max-width: 980px) 980px, (min-width: 981px) 1138px, 100vw\" class=\"wp-image-22041\" \/><\/span><\/div><div class=\"et_pb_module et_pb_button_module_wrapper et_pb_button_1_wrapper\"><a class=\"et_pb_button_1 et_pb_button et_pb_bg_layout_light et_pb_module et_block_module\" href=\"https:\/\/assist.com.co\/en\/solicitudes\/\">Speak with an Expert<\/a><\/div><\/div><\/div><\/div>","protected":false},"excerpt":{"rendered":"","protected":false},"author":2,"featured_media":22183,"parent":0,"menu_order":0,"comment_status":"closed","ping_status":"closed","template":"","meta":{"inline_featured_image":false,"footnotes":""},"class_list":["post-22175","page","type-page","status-publish","has-post-thumbnail","hentry"],"yoast_head":"<!-- This site is optimized with the Yoast SEO Premium plugin v25.2 (Yoast SEO v27.4) - https:\/\/yoast.com\/product\/yoast-seo-premium-wordpress\/ -->\n<title>Staffing especializado para CRM Siebel<\/title>\n<meta name=\"description\" content=\"Descubre c\u00f3mo el Banco Popular optimiz\u00f3 su operaci\u00f3n en Siebel CRM con un equipo t\u00e9cnico especializado. Reducci\u00f3n del 30% en tiempos operativos y alta satisfacci\u00f3n del cliente.\" \/>\n<meta name=\"robots\" content=\"index, follow, max-snippet:-1, max-image-preview:large, max-video-preview:-1\" \/>\n<link rel=\"canonical\" href=\"https:\/\/assist.com.co\/en\/staffing-crm-institucion-financiera\/\" \/>\n<meta property=\"og:locale\" content=\"en_US\" \/>\n<meta property=\"og:type\" content=\"article\" \/>\n<meta property=\"og:title\" content=\"Staffing para la optimizaci\u00f3n operativa en CRM\" \/>\n<meta property=\"og:description\" content=\"Descubre c\u00f3mo el Banco Popular optimiz\u00f3 su operaci\u00f3n en Siebel CRM con un equipo t\u00e9cnico especializado. Reducci\u00f3n del 30% en tiempos operativos y alta satisfacci\u00f3n del cliente.\" \/>\n<meta property=\"og:url\" content=\"https:\/\/assist.com.co\/en\/staffing-crm-institucion-financiera\/\" \/>\n<meta property=\"og:site_name\" content=\"Assist Consultores\" \/>\n<meta property=\"article:modified_time\" content=\"2026-02-25T15:40:44+00:00\" \/>\n<meta property=\"og:image\" content=\"https:\/\/assist.com.co\/wp-content\/uploads\/2025\/05\/staffing-tecnico-especializado-1.png\" \/>\n\t<meta property=\"og:image:width\" content=\"1080\" \/>\n\t<meta property=\"og:image:height\" content=\"1080\" \/>\n\t<meta property=\"og:image:type\" content=\"image\/png\" \/>\n<meta name=\"twitter:card\" content=\"summary_large_image\" \/>\n<meta name=\"twitter:label1\" content=\"Est. reading time\" \/>\n\t<meta name=\"twitter:data1\" content=\"3 minutes\" \/>\n<script type=\"application\/ld+json\" class=\"yoast-schema-graph\">{\"@context\":\"https:\\\/\\\/schema.org\",\"@graph\":[{\"@type\":\"WebPage\",\"@id\":\"https:\\\/\\\/assist.com.co\\\/staffing-crm-institucion-financiera\\\/\",\"url\":\"https:\\\/\\\/assist.com.co\\\/staffing-crm-institucion-financiera\\\/\",\"name\":\"Staffing especializado para CRM Siebel\",\"isPartOf\":{\"@id\":\"https:\\\/\\\/assist.com.co\\\/#website\"},\"primaryImageOfPage\":{\"@id\":\"https:\\\/\\\/assist.com.co\\\/staffing-crm-institucion-financiera\\\/#primaryimage\"},\"image\":{\"@id\":\"https:\\\/\\\/assist.com.co\\\/staffing-crm-institucion-financiera\\\/#primaryimage\"},\"thumbnailUrl\":\"https:\\\/\\\/assist.com.co\\\/wp-content\\\/uploads\\\/2025\\\/05\\\/staffing-tecnico-especializado-1.png\",\"datePublished\":\"2025-05-27T16:28:39+00:00\",\"dateModified\":\"2026-02-25T15:40:44+00:00\",\"description\":\"Descubre c\u00f3mo el Banco Popular optimiz\u00f3 su operaci\u00f3n en Siebel CRM con un equipo t\u00e9cnico especializado. Reducci\u00f3n del 30% en tiempos operativos y alta satisfacci\u00f3n del cliente.\",\"breadcrumb\":{\"@id\":\"https:\\\/\\\/assist.com.co\\\/staffing-crm-institucion-financiera\\\/#breadcrumb\"},\"inLanguage\":\"en-US\",\"potentialAction\":[{\"@type\":\"ReadAction\",\"target\":[\"https:\\\/\\\/assist.com.co\\\/staffing-crm-institucion-financiera\\\/\"]}]},{\"@type\":\"ImageObject\",\"inLanguage\":\"en-US\",\"@id\":\"https:\\\/\\\/assist.com.co\\\/staffing-crm-institucion-financiera\\\/#primaryimage\",\"url\":\"https:\\\/\\\/assist.com.co\\\/wp-content\\\/uploads\\\/2025\\\/05\\\/staffing-tecnico-especializado-1.png\",\"contentUrl\":\"https:\\\/\\\/assist.com.co\\\/wp-content\\\/uploads\\\/2025\\\/05\\\/staffing-tecnico-especializado-1.png\",\"width\":1080,\"height\":1080,\"caption\":\"staffing-t\u00e9cnico-especializado\"},{\"@type\":\"BreadcrumbList\",\"@id\":\"https:\\\/\\\/assist.com.co\\\/staffing-crm-institucion-financiera\\\/#breadcrumb\",\"itemListElement\":[{\"@type\":\"ListItem\",\"position\":1,\"name\":\"Home\",\"item\":\"https:\\\/\\\/assist.com.co\\\/\"},{\"@type\":\"ListItem\",\"position\":2,\"name\":\"Staffing para la optimizaci\u00f3n operativa en CRM\"}]},{\"@type\":\"WebSite\",\"@id\":\"https:\\\/\\\/assist.com.co\\\/#website\",\"url\":\"https:\\\/\\\/assist.com.co\\\/\",\"name\":\"Assist Consultores\",\"description\":\"Transformando Capacidades Empresariales en Sistemas Innovadores\",\"potentialAction\":[{\"@type\":\"SearchAction\",\"target\":{\"@type\":\"EntryPoint\",\"urlTemplate\":\"https:\\\/\\\/assist.com.co\\\/?s={search_term_string}\"},\"query-input\":{\"@type\":\"PropertyValueSpecification\",\"valueRequired\":true,\"valueName\":\"search_term_string\"}}],\"inLanguage\":\"en-US\"}]}<\/script>\n<!-- \/ Yoast SEO Premium plugin. -->","yoast_head_json":{"title":"Staffing especializado para CRM Siebel","description":"Descubre c\u00f3mo el Banco Popular optimiz\u00f3 su operaci\u00f3n en Siebel CRM con un equipo t\u00e9cnico especializado. Reducci\u00f3n del 30% en tiempos operativos y alta satisfacci\u00f3n del cliente.","robots":{"index":"index","follow":"follow","max-snippet":"max-snippet:-1","max-image-preview":"max-image-preview:large","max-video-preview":"max-video-preview:-1"},"canonical":"https:\/\/assist.com.co\/en\/staffing-crm-institucion-financiera\/","og_locale":"en_US","og_type":"article","og_title":"Staffing para la optimizaci\u00f3n operativa en CRM","og_description":"Descubre c\u00f3mo el Banco Popular optimiz\u00f3 su operaci\u00f3n en Siebel CRM con un equipo t\u00e9cnico especializado. Reducci\u00f3n del 30% en tiempos operativos y alta satisfacci\u00f3n del cliente.","og_url":"https:\/\/assist.com.co\/en\/staffing-crm-institucion-financiera\/","og_site_name":"Assist Consultores","article_modified_time":"2026-02-25T15:40:44+00:00","og_image":[{"width":1080,"height":1080,"url":"https:\/\/assist.com.co\/wp-content\/uploads\/2025\/05\/staffing-tecnico-especializado-1.png","type":"image\/png"}],"twitter_card":"summary_large_image","twitter_misc":{"Est. reading time":"3 minutes"},"schema":{"@context":"https:\/\/schema.org","@graph":[{"@type":"WebPage","@id":"https:\/\/assist.com.co\/staffing-crm-institucion-financiera\/","url":"https:\/\/assist.com.co\/staffing-crm-institucion-financiera\/","name":"Staffing especializado para CRM Siebel","isPartOf":{"@id":"https:\/\/assist.com.co\/#website"},"primaryImageOfPage":{"@id":"https:\/\/assist.com.co\/staffing-crm-institucion-financiera\/#primaryimage"},"image":{"@id":"https:\/\/assist.com.co\/staffing-crm-institucion-financiera\/#primaryimage"},"thumbnailUrl":"https:\/\/assist.com.co\/wp-content\/uploads\/2025\/05\/staffing-tecnico-especializado-1.png","datePublished":"2025-05-27T16:28:39+00:00","dateModified":"2026-02-25T15:40:44+00:00","description":"Descubre c\u00f3mo el Banco Popular optimiz\u00f3 su operaci\u00f3n en Siebel CRM con un equipo t\u00e9cnico especializado. Reducci\u00f3n del 30% en tiempos operativos y alta satisfacci\u00f3n del cliente.","breadcrumb":{"@id":"https:\/\/assist.com.co\/staffing-crm-institucion-financiera\/#breadcrumb"},"inLanguage":"en-US","potentialAction":[{"@type":"ReadAction","target":["https:\/\/assist.com.co\/staffing-crm-institucion-financiera\/"]}]},{"@type":"ImageObject","inLanguage":"en-US","@id":"https:\/\/assist.com.co\/staffing-crm-institucion-financiera\/#primaryimage","url":"https:\/\/assist.com.co\/wp-content\/uploads\/2025\/05\/staffing-tecnico-especializado-1.png","contentUrl":"https:\/\/assist.com.co\/wp-content\/uploads\/2025\/05\/staffing-tecnico-especializado-1.png","width":1080,"height":1080,"caption":"staffing-t\u00e9cnico-especializado"},{"@type":"BreadcrumbList","@id":"https:\/\/assist.com.co\/staffing-crm-institucion-financiera\/#breadcrumb","itemListElement":[{"@type":"ListItem","position":1,"name":"Home","item":"https:\/\/assist.com.co\/"},{"@type":"ListItem","position":2,"name":"Staffing para la optimizaci\u00f3n operativa en CRM"}]},{"@type":"WebSite","@id":"https:\/\/assist.com.co\/#website","url":"https:\/\/assist.com.co\/","name":"Assist Consultores","description":"Transformando Capacidades Empresariales en Sistemas Innovadores","potentialAction":[{"@type":"SearchAction","target":{"@type":"EntryPoint","urlTemplate":"https:\/\/assist.com.co\/?s={search_term_string}"},"query-input":{"@type":"PropertyValueSpecification","valueRequired":true,"valueName":"search_term_string"}}],"inLanguage":"en-US"}]}},"_links":{"self":[{"href":"https:\/\/assist.com.co\/en\/wp-json\/wp\/v2\/pages\/22175","targetHints":{"allow":["GET"]}}],"collection":[{"href":"https:\/\/assist.com.co\/en\/wp-json\/wp\/v2\/pages"}],"about":[{"href":"https:\/\/assist.com.co\/en\/wp-json\/wp\/v2\/types\/page"}],"author":[{"embeddable":true,"href":"https:\/\/assist.com.co\/en\/wp-json\/wp\/v2\/users\/2"}],"replies":[{"embeddable":true,"href":"https:\/\/assist.com.co\/en\/wp-json\/wp\/v2\/comments?post=22175"}],"version-history":[{"count":4,"href":"https:\/\/assist.com.co\/en\/wp-json\/wp\/v2\/pages\/22175\/revisions"}],"predecessor-version":[{"id":24285,"href":"https:\/\/assist.com.co\/en\/wp-json\/wp\/v2\/pages\/22175\/revisions\/24285"}],"wp:featuredmedia":[{"embeddable":true,"href":"https:\/\/assist.com.co\/en\/wp-json\/wp\/v2\/media\/22183"}],"wp:attachment":[{"href":"https:\/\/assist.com.co\/en\/wp-json\/wp\/v2\/media?parent=22175"}],"curies":[{"name":"wp","href":"https:\/\/api.w.org\/{rel}","templated":true}]}}