{"id":22235,"date":"2025-06-03T15:45:21","date_gmt":"2025-06-03T15:45:21","guid":{"rendered":"https:\/\/assist.com.co\/?page_id=22235"},"modified":"2026-02-25T15:40:50","modified_gmt":"2026-02-25T15:40:50","slug":"operacion-inteligente-con-adonis-es-posible","status":"publish","type":"page","link":"https:\/\/assist.com.co\/en\/operacion-inteligente-con-adonis-es-posible\/","title":{"rendered":"\u00bfOperaci\u00f3n inteligente? Con ADONIS es posible"},"content":{"rendered":"<div class=\"et_pb_section_0 et_pb_section et_section_regular et_block_section section_has_divider et_pb_top_divider et_pb_bottom_divider preset--module--divi-section--default\" id=\"FONDO_PARTICULAS\"><div class=\"et_pb_top_inside_divider et-no-transition\"><\/div><div class=\"et_pb_row_0 et_pb_row et_block_row\"><div class=\"et_pb_column_0 et_pb_column et_pb_column_1_2 et_block_column et_pb_css_mix_blend_mode_passthrough\"><div class=\"et_pb_image_0 et_pb_image et_pb_module et_block_module\"><span class=\"et_pb_image_wrap\"><img loading=\"lazy\" decoding=\"async\" src=\"https:\/\/assist.com.co\/wp-content\/uploads\/2025\/05\/logo-blanco-png-scaled.png\" width=\"2560\" height=\"933\" srcset=\"https:\/\/assist.com.co\/wp-content\/uploads\/2025\/05\/logo-blanco-png-scaled.png 2560w, https:\/\/assist.com.co\/wp-content\/uploads\/2025\/05\/logo-blanco-png-1280x467.png 1280w, https:\/\/assist.com.co\/wp-content\/uploads\/2025\/05\/logo-blanco-png-980x357.png 980w, https:\/\/assist.com.co\/wp-content\/uploads\/2025\/05\/logo-blanco-png-480x175.png 480w\" sizes=\"(min-width: 0px) and (max-width: 480px) 480px, (min-width: 481px) and (max-width: 980px) 980px, (min-width: 981px) and (max-width: 1280px) 1280px, (min-width: 1281px) 2560px, 100vw\" class=\"wp-image-21898\" title=\"logo blanco png\" alt=\"red-hat\" \/><\/span><\/div><div class=\"et_pb_heading_0 et_pb_heading et_pb_module et_block_module preset--module--divi-heading--283af2b2-2408-4cb1-afc4-4101cd2626b6\"><div class=\"et_pb_heading_container\"><\/div><\/div><div class=\"et_pb_heading_1 et_pb_heading et_animated et_pb_module et_block_module preset--module--divi-heading--11f04dd0-b997-463c-87fe-33109a1b0da4\"><div class=\"et_pb_heading_container\"><h1 class=\"et_pb_module_header\">\u00bfDe procesos ca\u00f3ticos a una operaci\u00f3n inteligente?<\/h1><\/div><\/div><div class=\"et_pb_heading_2 et_pb_heading et_animated et_pb_module et_block_module preset--module--divi-heading--11f04dd0-b997-463c-87fe-33109a1b0da4\"><div class=\"et_pb_heading_container\"><h1 class=\"et_pb_module_header\">Con ADONIS es posible<\/h1><\/div><\/div><div class=\"et_pb_divider_0 et_pb_divider et_pb_space et_pb_divider_position_top et_pb_module\"><div class=\"et_pb_divider_internal\"><\/div><\/div><div class=\"et_pb_heading_3 et_pb_heading et_animated et_pb_module et_block_module preset--module--divi-heading--11f04dd0-b997-463c-87fe-33109a1b0da4\"><div class=\"et_pb_heading_container\"><h1 class=\"et_pb_module_header\">\ud83e\udd16 \u00bfQu\u00e9 te ofrece ADONIS?<\/h1><\/div><\/div><div class=\"et_pb_text_0 et_pb_text et_pb_bg_layout_light et_pb_module et_block_module\"><div class=\"et_pb_text_inner\"><p>\ud83d\udd0e <strong data-start=\"1659\" data-end=\"1689\">Visualizaci\u00f3n de procesos:<\/strong> Documenta y comparte cada flujo de trabajo de forma colaborativa.<\/p>\n<\/div><\/div><div class=\"et_pb_text_1 et_pb_text et_pb_bg_layout_light et_pb_module et_block_module\"><div class=\"et_pb_text_inner\"><p>\ud83d\udcca <strong data-start=\"1761\" data-end=\"1779\">An\u00e1lisis real:<\/strong> Conoce el rendimiento y los cuellos de botella en tiempo real<\/p>\n<\/div><\/div><div class=\"et_pb_text_2 et_pb_text et_pb_bg_layout_light et_pb_module et_block_module\"><div class=\"et_pb_text_inner\"><p>\u2699\ufe0f <strong data-start=\"1848\" data-end=\"1878\">Automatizaci\u00f3n sin c\u00f3digo:<\/strong> Implement\u00e1 mejoras sin depender de IT<\/p>\n<\/div><\/div><div class=\"et_pb_text_3 et_pb_text et_pb_bg_layout_light et_pb_module et_block_module\"><div class=\"et_pb_text_inner\"><p>\ud83e\udde0 <strong data-start=\"1923\" data-end=\"1949\">Optimizaci\u00f3n continua:<\/strong> De la mano de inteligencia artificial para detectar mejoras antes de que sean urgentes<\/p>\n<\/div><\/div><div class=\"et_pb_heading_4 et_pb_heading et_animated et_pb_module et_block_module preset--module--divi-heading--11f04dd0-b997-463c-87fe-33109a1b0da4\"><div class=\"et_pb_heading_container\"><h1 class=\"et_pb_module_header\">\u2705 Beneficios reales que est\u00e1n viendo otras empresas:<\/h1><\/div><\/div><div class=\"et_pb_text_4 et_pb_text et_pb_bg_layout_light et_pb_module et_block_module\"><div class=\"et_pb_text_inner\"><p>\u274c Reducci\u00f3n de errores operativos<\/p>\n<\/div><\/div><div class=\"et_pb_text_5 et_pb_text et_pb_bg_layout_light et_pb_module et_block_module\"><div class=\"et_pb_text_inner\"><p>\u26a1 Mayor agilidad en la toma de decisiones<\/p>\n<\/div><\/div><div class=\"et_pb_text_6 et_pb_text et_pb_bg_layout_light et_pb_module et_block_module\"><div class=\"et_pb_text_inner\"><p>\ud83d\ude80 M\u00e1s eficiencia en la ejecuci\u00f3n diaria<\/p>\n<\/div><\/div><div class=\"et_pb_text_7 et_pb_text et_pb_bg_layout_light et_pb_module et_block_module\"><div class=\"et_pb_text_inner\"><p>\ud83e\udde9 Equipos alineados con procesos transparentes<\/p>\n<\/div><\/div><div class=\"et_pb_image_1 et_pb_image et_pb_module et_block_module\"><span class=\"et_pb_image_wrap\"><img loading=\"lazy\" decoding=\"async\" src=\"https:\/\/assist.com.co\/wp-content\/uploads\/2025\/06\/3-scaled.png\" width=\"2204\" height=\"2560\" srcset=\"https:\/\/assist.com.co\/wp-content\/uploads\/2025\/06\/3-scaled.png 2204w, https:\/\/assist.com.co\/wp-content\/uploads\/2025\/06\/3-1280x1487.png 1280w, https:\/\/assist.com.co\/wp-content\/uploads\/2025\/06\/3-980x1138.png 980w, https:\/\/assist.com.co\/wp-content\/uploads\/2025\/06\/3-480x558.png 480w\" sizes=\"(min-width: 0px) and (max-width: 480px) 480px, (min-width: 481px) and (max-width: 980px) 980px, (min-width: 981px) and (max-width: 1280px) 1280px, (min-width: 1281px) 2204px, 100vw\" class=\"wp-image-22242\" title=\"Soluci\u00f3n ADONIS\" \/><\/span><\/div><\/div><div class=\"et_pb_column_1 et_pb_column et_pb_column_1_2 et-last-child et_block_column et_pb_css_mix_blend_mode_passthrough\"><div class=\"et_pb_code_0 et_pb_code et_pb_module\"><div class=\"et_pb_code_inner\"><iframe loading=\"lazy\" src=\"https:\/\/docs.google.com\/forms\/d\/e\/1FAIpQLScKmEyZTpJQrnRyPx4PL_xLxghN4YYVD1pXfNSasa3PTuxwDA\/viewform?embedded=true\" width=\"640\" height=\"1249\" frameborder=\"0\" marginheight=\"0\" marginwidth=\"0\">Cargando\u2026<\/iframe><\/div><\/div><div class=\"et_pb_text_8 et_pb_text et_pb_bg_layout_light et_pb_module et_block_module et_pb_text_align_center\"><div class=\"et_pb_text_inner\"><p>ADONIS no te obliga a empezar de cero, sino a <strong data-start=\"2386\" data-end=\"2413\">mejorar lo que ya haces<\/strong><\/p>\n<ul><\/ul>\n<\/div><\/div><div class=\"et_pb_module et_pb_button_module_wrapper et_pb_button_0_wrapper\"><a class=\"et_pb_button_0 et_pb_button et_pb_bg_layout_light et_pb_module et_block_module\" href=\"https:\/\/api.whatsapp.com\/send\/?phone=%2B573102169640&#038;text=Hola%2C+quisiera+que+me+contacten.&#038;app_absent=0\">Habla con nuestros expertos<\/a><\/div><\/div><\/div><div class=\"et_pb_bottom_inside_divider et-no-transition\"><\/div><\/div>","protected":false},"excerpt":{"rendered":"","protected":false},"author":2,"featured_media":0,"parent":0,"menu_order":0,"comment_status":"closed","ping_status":"closed","template":"page-template-blank.php","meta":{"inline_featured_image":false,"footnotes":""},"class_list":["post-22235","page","type-page","status-publish","hentry"],"yoast_head":"<!-- This site is optimized with the Yoast SEO Premium plugin v25.2 (Yoast SEO v27.5) - https:\/\/yoast.com\/product\/yoast-seo-premium-wordpress\/ -->\n<title>\u00bfOperaci\u00f3n inteligente? Con ADONIS es posible - Assist Consultores<\/title>\n<meta name=\"description\" content=\"Una plataforma que organiza, analiza y mejora tu operaci\u00f3n. As\u00ed de simple. Grandes empresas del sector ya est\u00e1n viendo resultados: m\u00e1s eficiencia, menos errores, decisiones m\u00e1s \u00e1giles. Conoce ADONIS de la mano de nuestros expertos\" \/>\n<meta name=\"robots\" content=\"index, follow, max-snippet:-1, max-image-preview:large, max-video-preview:-1\" \/>\n<link rel=\"canonical\" href=\"https:\/\/assist.com.co\/en\/operacion-inteligente-con-adonis-es-posible\/\" \/>\n<meta property=\"og:locale\" content=\"en_US\" \/>\n<meta property=\"og:type\" content=\"article\" \/>\n<meta property=\"og:title\" content=\"\u00bfOperaci\u00f3n inteligente? Con ADONIS es posible\" \/>\n<meta property=\"og:description\" content=\"Una plataforma que organiza, analiza y mejora tu operaci\u00f3n. As\u00ed de simple. Grandes empresas del sector ya est\u00e1n viendo resultados: m\u00e1s eficiencia, menos errores, decisiones m\u00e1s \u00e1giles. Conoce ADONIS de la mano de nuestros expertos\" \/>\n<meta property=\"og:url\" content=\"https:\/\/assist.com.co\/en\/operacion-inteligente-con-adonis-es-posible\/\" \/>\n<meta property=\"og:site_name\" content=\"Assist Consultores\" \/>\n<meta property=\"article:modified_time\" content=\"2026-02-25T15:40:50+00:00\" \/>\n<meta name=\"twitter:card\" content=\"summary_large_image\" \/>\n<meta name=\"twitter:label1\" content=\"Est. reading time\" \/>\n\t<meta name=\"twitter:data1\" content=\"1 minute\" \/>\n<script type=\"application\/ld+json\" class=\"yoast-schema-graph\">{\"@context\":\"https:\\\/\\\/schema.org\",\"@graph\":[{\"@type\":\"WebPage\",\"@id\":\"https:\\\/\\\/assist.com.co\\\/operacion-inteligente-con-adonis-es-posible\\\/\",\"url\":\"https:\\\/\\\/assist.com.co\\\/operacion-inteligente-con-adonis-es-posible\\\/\",\"name\":\"\u00bfOperaci\u00f3n inteligente? Con ADONIS es posible - Assist Consultores\",\"isPartOf\":{\"@id\":\"https:\\\/\\\/assist.com.co\\\/#website\"},\"datePublished\":\"2025-06-03T15:45:21+00:00\",\"dateModified\":\"2026-02-25T15:40:50+00:00\",\"description\":\"Una plataforma que organiza, analiza y mejora tu operaci\u00f3n. As\u00ed de simple. Grandes empresas del sector ya est\u00e1n viendo resultados: m\u00e1s eficiencia, menos errores, decisiones m\u00e1s \u00e1giles. Conoce ADONIS de la mano de nuestros expertos\",\"breadcrumb\":{\"@id\":\"https:\\\/\\\/assist.com.co\\\/operacion-inteligente-con-adonis-es-posible\\\/#breadcrumb\"},\"inLanguage\":\"en-US\",\"potentialAction\":[{\"@type\":\"ReadAction\",\"target\":[\"https:\\\/\\\/assist.com.co\\\/operacion-inteligente-con-adonis-es-posible\\\/\"]}]},{\"@type\":\"BreadcrumbList\",\"@id\":\"https:\\\/\\\/assist.com.co\\\/operacion-inteligente-con-adonis-es-posible\\\/#breadcrumb\",\"itemListElement\":[{\"@type\":\"ListItem\",\"position\":1,\"name\":\"Home\",\"item\":\"https:\\\/\\\/assist.com.co\\\/\"},{\"@type\":\"ListItem\",\"position\":2,\"name\":\"\u00bfOperaci\u00f3n inteligente? Con ADONIS es posible\"}]},{\"@type\":\"WebSite\",\"@id\":\"https:\\\/\\\/assist.com.co\\\/#website\",\"url\":\"https:\\\/\\\/assist.com.co\\\/\",\"name\":\"Assist Consultores\",\"description\":\"Transformando Capacidades Empresariales en Sistemas Innovadores\",\"potentialAction\":[{\"@type\":\"SearchAction\",\"target\":{\"@type\":\"EntryPoint\",\"urlTemplate\":\"https:\\\/\\\/assist.com.co\\\/?s={search_term_string}\"},\"query-input\":{\"@type\":\"PropertyValueSpecification\",\"valueRequired\":true,\"valueName\":\"search_term_string\"}}],\"inLanguage\":\"en-US\"}]}<\/script>\n<!-- \/ Yoast SEO Premium plugin. -->","yoast_head_json":{"title":"\u00bfOperaci\u00f3n inteligente? Con ADONIS es posible - Assist Consultores","description":"Una plataforma que organiza, analiza y mejora tu operaci\u00f3n. As\u00ed de simple. Grandes empresas del sector ya est\u00e1n viendo resultados: m\u00e1s eficiencia, menos errores, decisiones m\u00e1s \u00e1giles. Conoce ADONIS de la mano de nuestros expertos","robots":{"index":"index","follow":"follow","max-snippet":"max-snippet:-1","max-image-preview":"max-image-preview:large","max-video-preview":"max-video-preview:-1"},"canonical":"https:\/\/assist.com.co\/en\/operacion-inteligente-con-adonis-es-posible\/","og_locale":"en_US","og_type":"article","og_title":"\u00bfOperaci\u00f3n inteligente? Con ADONIS es posible","og_description":"Una plataforma que organiza, analiza y mejora tu operaci\u00f3n. As\u00ed de simple. Grandes empresas del sector ya est\u00e1n viendo resultados: m\u00e1s eficiencia, menos errores, decisiones m\u00e1s \u00e1giles. Conoce ADONIS de la mano de nuestros expertos","og_url":"https:\/\/assist.com.co\/en\/operacion-inteligente-con-adonis-es-posible\/","og_site_name":"Assist Consultores","article_modified_time":"2026-02-25T15:40:50+00:00","twitter_card":"summary_large_image","twitter_misc":{"Est. reading time":"1 minute"},"schema":{"@context":"https:\/\/schema.org","@graph":[{"@type":"WebPage","@id":"https:\/\/assist.com.co\/operacion-inteligente-con-adonis-es-posible\/","url":"https:\/\/assist.com.co\/operacion-inteligente-con-adonis-es-posible\/","name":"\u00bfOperaci\u00f3n inteligente? Con ADONIS es posible - Assist Consultores","isPartOf":{"@id":"https:\/\/assist.com.co\/#website"},"datePublished":"2025-06-03T15:45:21+00:00","dateModified":"2026-02-25T15:40:50+00:00","description":"Una plataforma que organiza, analiza y mejora tu operaci\u00f3n. As\u00ed de simple. Grandes empresas del sector ya est\u00e1n viendo resultados: m\u00e1s eficiencia, menos errores, decisiones m\u00e1s \u00e1giles. Conoce ADONIS de la mano de nuestros expertos","breadcrumb":{"@id":"https:\/\/assist.com.co\/operacion-inteligente-con-adonis-es-posible\/#breadcrumb"},"inLanguage":"en-US","potentialAction":[{"@type":"ReadAction","target":["https:\/\/assist.com.co\/operacion-inteligente-con-adonis-es-posible\/"]}]},{"@type":"BreadcrumbList","@id":"https:\/\/assist.com.co\/operacion-inteligente-con-adonis-es-posible\/#breadcrumb","itemListElement":[{"@type":"ListItem","position":1,"name":"Home","item":"https:\/\/assist.com.co\/"},{"@type":"ListItem","position":2,"name":"\u00bfOperaci\u00f3n inteligente? Con ADONIS es posible"}]},{"@type":"WebSite","@id":"https:\/\/assist.com.co\/#website","url":"https:\/\/assist.com.co\/","name":"Assist Consultores","description":"Transformando Capacidades Empresariales en Sistemas Innovadores","potentialAction":[{"@type":"SearchAction","target":{"@type":"EntryPoint","urlTemplate":"https:\/\/assist.com.co\/?s={search_term_string}"},"query-input":{"@type":"PropertyValueSpecification","valueRequired":true,"valueName":"search_term_string"}}],"inLanguage":"en-US"}]}},"_links":{"self":[{"href":"https:\/\/assist.com.co\/en\/wp-json\/wp\/v2\/pages\/22235","targetHints":{"allow":["GET"]}}],"collection":[{"href":"https:\/\/assist.com.co\/en\/wp-json\/wp\/v2\/pages"}],"about":[{"href":"https:\/\/assist.com.co\/en\/wp-json\/wp\/v2\/types\/page"}],"author":[{"embeddable":true,"href":"https:\/\/assist.com.co\/en\/wp-json\/wp\/v2\/users\/2"}],"replies":[{"embeddable":true,"href":"https:\/\/assist.com.co\/en\/wp-json\/wp\/v2\/comments?post=22235"}],"version-history":[{"count":8,"href":"https:\/\/assist.com.co\/en\/wp-json\/wp\/v2\/pages\/22235\/revisions"}],"predecessor-version":[{"id":24287,"href":"https:\/\/assist.com.co\/en\/wp-json\/wp\/v2\/pages\/22235\/revisions\/24287"}],"wp:attachment":[{"href":"https:\/\/assist.com.co\/en\/wp-json\/wp\/v2\/media?parent=22235"}],"curies":[{"name":"wp","href":"https:\/\/api.w.org\/{rel}","templated":true}]}}