{"id":22249,"date":"2025-06-04T16:38:27","date_gmt":"2025-06-04T16:38:27","guid":{"rendered":"https:\/\/assist.com.co\/?page_id=22249"},"modified":"2026-02-25T15:40:56","modified_gmt":"2026-02-25T15:40:56","slug":"caso-de-exito-juegos-y-apuestas","status":"publish","type":"page","link":"https:\/\/assist.com.co\/en\/caso-de-exito-juegos-y-apuestas\/","title":{"rendered":"Caso de \u00e9xito: Migraci\u00f3n tecnol\u00f3gica a Red Hat OpenShift"},"content":{"rendered":"<div class=\"et_pb_section_0 et_pb_section et_section_regular et_block_section preset--module--divi-section--default\"><div class=\"et_pb_row_0 et_pb_row et_block_row\"><div class=\"et_pb_column_0 et_pb_column et_pb_column_1_2 et_block_column et_pb_css_mix_blend_mode_passthrough\"><div class=\"et_pb_image_0 et_pb_image et_animated et_pb_module et_block_module\"><span class=\"et_pb_image_wrap\"><img loading=\"lazy\" decoding=\"async\" src=\"https:\/\/assist.com.co\/wp-content\/uploads\/2025\/06\/22040.webp\" width=\"1122\" height=\"2000\" srcset=\"https:\/\/assist.com.co\/wp-content\/uploads\/2025\/06\/22040.webp 1122w, https:\/\/assist.com.co\/wp-content\/uploads\/2025\/06\/22040-980x1747.webp 980w, https:\/\/assist.com.co\/wp-content\/uploads\/2025\/06\/22040-480x856.webp 480w\" sizes=\"(min-width: 0px) and (max-width: 480px) 480px, (min-width: 481px) and (max-width: 980px) 980px, (min-width: 981px) 1122px, 100vw\" class=\"wp-image-22254\" title=\"apuestas-deportivas\" alt=\"apuestas-deportivas\" \/><\/span><\/div><\/div><div class=\"et_pb_column_1 et_pb_column et_pb_column_1_2 et-last-child et_block_column et_pb_css_mix_blend_mode_passthrough\"><div class=\"et_pb_text_0 et_pb_text et_pb_bg_layout_light et_pb_module et_block_module\"><div class=\"et_pb_text_inner\"><h1><strong>Migraci\u00f3n de plataforma IBM Cloud Private a Red Hat OpenShift<\/strong><\/h1>\n<\/div><\/div><div class=\"et_pb_text_1 et_pb_text et_pb_bg_layout_light et_pb_module et_block_module\"><div class=\"et_pb_text_inner\"><p style=\"text-align: justify;\">Proyecto de migraci\u00f3n tecnol\u00f3gica enfocado en trasladar los servicios desde <strong><span style=\"color: #ff0000;\">IBM Cloud Private hacia Red Hat OpenShift<\/span><\/strong> Container Platform <strong><span style=\"color: #3366ff;\">(RHOCP)<\/span><\/strong>, con el objetivo de actualizar y mejorar la plataforma de orquestaci\u00f3n de contenedores de una reconocida organizaci\u00f3n nacional del sector de juegos y apuestas.<\/p>\n<\/div><\/div><div class=\"et_pb_image_1 et_pb_image et_pb_module et_block_module\"><span class=\"et_pb_image_wrap\"><img loading=\"lazy\" decoding=\"async\" src=\"https:\/\/assist.com.co\/wp-content\/uploads\/2025\/04\/arrow-1455_256.gif\" width=\"256\" height=\"236\" sizes=\"(max-width: 256px) 100vw, 256px\" class=\"wp-image-21742\" title=\"arrow-1455_256\" \/><\/span><\/div><\/div><\/div><\/div><div class=\"et_pb_section_1 et_pb_section et_section_regular et_block_section preset--module--divi-section--default\"><div class=\"et_pb_row_1 et_pb_row et_block_row\"><div class=\"et_pb_column_2 et_pb_column et_pb_column_2_5 et_block_column et_pb_column_empty et_pb_css_mix_blend_mode_passthrough\"><\/div><div class=\"et_pb_column_3 et_pb_column et_pb_column_3_5 et-last-child et_block_column et_pb_css_mix_blend_mode_passthrough\"><div class=\"et_pb_text_2 et_pb_text et_pb_bg_layout_light et_pb_module et_block_module\"><div class=\"et_pb_text_inner\"><h4><strong>- Accelerate technical outcomes without compromising quality.<\/strong><\/h4>\n<\/div><\/div><div class=\"et_pb_text_3 et_pb_text et_pb_bg_layout_light et_pb_module et_block_module\"><div class=\"et_pb_text_inner\"><p style=\"text-align: justify;\">Realizar la migraci\u00f3n completa de servicios a RHOCP, instalando entornos funcionales (desarrollo, certificaci\u00f3n, producci\u00f3n y contingencia), y configurando herramientas de DevOps para asegurar procesos de integraci\u00f3n y despliegue continuos.<\/p>\n<\/div><\/div><div class=\"et_pb_module et_pb_button_module_wrapper et_pb_button_0_wrapper\"><a class=\"et_pb_button_0 et_pb_button et_pb_bg_layout_light et_pb_module et_block_module\" href=\"\">Let\u2019s talk!<\/a><\/div><\/div><\/div><div class=\"et_pb_row_2 et_pb_row et_block_row\"><div class=\"et_pb_column_4 et_pb_column et_pb_column_4_4 et-last-child et_block_column et_pb_css_mix_blend_mode_passthrough\"><div class=\"et_pb_divider_0 et_pb_divider et_pb_space et_pb_divider_position_top et_pb_module\"><div class=\"et_pb_divider_internal\"><\/div><\/div><\/div><\/div><\/div><div class=\"et_pb_section_2 et_pb_section et_section_regular et_block_section preset--module--divi-section--default\"><div class=\"et_pb_row_3 et_pb_row et_block_row\"><div class=\"et_pb_column_5 et_pb_column et_pb_column_1_2 et_block_column et_pb_css_mix_blend_mode_passthrough\"><div class=\"et_pb_text_4 et_pb_text et_pb_bg_layout_light et_pb_module et_block_module\"><div class=\"et_pb_text_inner\"><h1><span style=\"color: #000000;\"><strong>The result?<\/strong><\/span><\/h1>\n<\/div><\/div><div class=\"et_pb_text_5 et_pb_text et_pb_bg_layout_light et_pb_module et_block_module\"><div class=\"et_pb_text_inner\"><ul>\n<li style=\"text-align: justify;\"><span style=\"color: #000000;\">Instalaci\u00f3n exitosa de ambientes de desarrollo, certificaci\u00f3n, producci\u00f3n y contingencia en OKD<\/span><\/li>\n<li style=\"text-align: justify;\"><span style=\"color: #000000;\">Configuraci\u00f3n completa del ecosistema DevOps (Jenkins, GitLab, Nexus, Registry)<\/span><\/li>\n<li style=\"text-align: justify;\"><span style=\"color: #000000;\">Ejecuci\u00f3n de pruebas de carga y documentaci\u00f3n de procesos CI\/CD<\/span><\/li>\n<li style=\"text-align: justify;\"><span style=\"color: #000000;\">Se entreg\u00f3 documentaci\u00f3n operativa, manuales de instalaci\u00f3n y documentaci\u00f3n t\u00e9cnica aprobada por el cliente<\/span><\/li>\n<li style=\"text-align: justify;\"><span style=\"color: #000000;\">Facturaci\u00f3n del 100% del valor contractual<\/span><\/li>\n<\/ul>\n<\/div><\/div><div class=\"et_pb_divider_1 et_pb_divider et_pb_space et_pb_divider_position_top et_pb_module\"><div class=\"et_pb_divider_internal\"><\/div><\/div><div class=\"et_pb_text_6 et_pb_text et_pb_bg_layout_light et_pb_module et_block_module\"><div class=\"et_pb_text_inner\"><h2 style=\"text-align: left;\"><em><strong>Consistencia en el equipo t\u00e9cnico especializado<\/strong><\/em><\/h2>\n<\/div><\/div><div class=\"et_pb_text_7 et_pb_text et_pb_bg_layout_light et_pb_module et_block_module\"><div class=\"et_pb_text_inner\"><h2><span style=\"color: #000000;\"><strong><em>Mantenemos la estabilidad operativa gracias a una alta retenci\u00f3n de talento, clave para cumplir cada hito del proyecto con eficiencia.<\/em><\/strong><\/span><\/h2>\n<\/div><\/div><\/div><div class=\"et_pb_column_6 et_pb_column et_pb_column_1_2 et-last-child et_block_column et_pb_css_mix_blend_mode_passthrough\"><div class=\"et_pb_image_2 et_pb_image et_pb_module et_block_module\"><span class=\"et_pb_image_wrap\"><img loading=\"lazy\" decoding=\"async\" src=\"https:\/\/assist.com.co\/wp-content\/uploads\/2025\/06\/889.webp\" width=\"2000\" height=\"1333\" srcset=\"https:\/\/assist.com.co\/wp-content\/uploads\/2025\/06\/889.webp 2000w, https:\/\/assist.com.co\/wp-content\/uploads\/2025\/06\/889-1280x853.webp 1280w, https:\/\/assist.com.co\/wp-content\/uploads\/2025\/06\/889-980x653.webp 980w, https:\/\/assist.com.co\/wp-content\/uploads\/2025\/06\/889-480x320.webp 480w\" sizes=\"(min-width: 0px) and (max-width: 480px) 480px, (min-width: 481px) and (max-width: 980px) 980px, (min-width: 981px) and (max-width: 1280px) 1280px, (min-width: 1281px) 2000px, 100vw\" class=\"wp-image-22253\" title=\"juegos y apuestas\" alt=\"juegos y apuestas\" \/><\/span><\/div><\/div><\/div><\/div><div class=\"et_pb_section_3 et_pb_section et_section_regular et_block_section section_has_divider et_pb_top_divider preset--module--divi-section--default\"><div class=\"et_pb_top_inside_divider et-no-transition\"><\/div><div class=\"et_pb_row_4 et_pb_row et_block_row\"><div class=\"et_pb_column_7 et_pb_column et_pb_column_1_2 et_block_column et_pb_css_mix_blend_mode_passthrough\"><div class=\"et_pb_text_8 et_pb_text et_pb_bg_layout_dark et_pb_module et_block_module\"><div class=\"et_pb_text_inner\"><h1><strong>Standout Management Moves<br \/><\/strong><\/h1>\n<\/div><\/div><div class=\"et_pb_text_9 et_pb_text et_pb_bg_layout_dark et_pb_module et_block_module\"><div class=\"et_pb_text_inner\"><ul>\n<li>\n<h2 style=\"text-align: justify;\">Coordinaci\u00f3n efectiva entre el equipo de Assist y el cliente, con entregables aprobados en su totalidad.<\/h2>\n<\/li>\n<li style=\"text-align: justify;\">\n<h2>Adaptaci\u00f3n a los tiempos de disponibilidad de infraestructura externa (CLARO).<\/h2>\n<\/li>\n<li>\n<h2 style=\"text-align: justify;\">Transferencia de conocimiento a las \u00e1reas operativas del cliente.<\/h2>\n<\/li>\n<\/ul>\n<\/div><\/div><\/div><div class=\"et_pb_column_8 et_pb_column et_pb_column_1_2 et-last-child et_block_column et_pb_css_mix_blend_mode_passthrough\"><ul class=\"et_pb_counters_0 et_pb_counters et-waypoint et_pb_bg_layout_light et_pb_module et_block_module\"><li class=\"et_pb_counter_0 et_pb_counter\"><span class=\"et_pb_counter_title\">Entregables aprobados<\/span><span class=\"et_pb_counter_container\"><span class=\"et_pb_counter_amount\" data-width=\"100%\"><span class=\"et_pb_counter_amount_number\"><span class=\"et_pb_counter_amount_number_inner\">100%<\/span><\/span><\/span><span class=\"et_pb_counter_amount overlay\" data-width=\"100%\"><span class=\"et_pb_counter_amount_number\"><span class=\"et_pb_counter_amount_number_inner\">100%<\/span><\/span><\/span><\/span><\/li><li class=\"et_pb_counter_1 et_pb_counter\"><span class=\"et_pb_counter_title\">Facturaci\u00f3n ejecutada<\/span><span class=\"et_pb_counter_container\"><span class=\"et_pb_counter_amount\" data-width=\"100%\"><span class=\"et_pb_counter_amount_number\"><span class=\"et_pb_counter_amount_number_inner\">100%<\/span><\/span><\/span><span class=\"et_pb_counter_amount overlay\" data-width=\"100%\"><span class=\"et_pb_counter_amount_number\"><span class=\"et_pb_counter_amount_number_inner\">100%<\/span><\/span><\/span><\/span><\/li><\/ul><div class=\"et_pb_text_10 et_pb_text et_pb_bg_layout_light et_pb_module et_block_module\"><div class=\"et_pb_text_inner\"><h1><em>Porcentaje del alcance t\u00e9cnico cumplido: <\/em><\/h1>\n<h1><em>80 % (se excluyen tareas no ejecutadas por razones externas al proveedor: despliegues y pruebas en ambientes de desarrollo y certificaci\u00f3n, y puesta en producci\u00f3n).<\/em><\/h1>\n<\/div><\/div><\/div><\/div><\/div>","protected":false},"excerpt":{"rendered":"","protected":false},"author":2,"featured_media":22256,"parent":0,"menu_order":0,"comment_status":"closed","ping_status":"closed","template":"","meta":{"inline_featured_image":false,"footnotes":""},"class_list":["post-22249","page","type-page","status-publish","has-post-thumbnail","hentry"],"yoast_head":"<!-- This site is optimized with the Yoast SEO Premium plugin v25.2 (Yoast SEO v27.4) - https:\/\/yoast.com\/product\/yoast-seo-premium-wordpress\/ -->\n<title>Caso de \u00e9xito: Migraci\u00f3n tecnol\u00f3gica a Red Hat OpenShift<\/title>\n<meta name=\"description\" content=\"Descubre c\u00f3mo lideramos la migraci\u00f3n tecnol\u00f3gica a Red Hat OpenShift para una organizaci\u00f3n del sector de apuestas. Mejora de eficiencia, entornos DevOps y resultados 100% cumplidos.\" \/>\n<meta name=\"robots\" content=\"index, follow, max-snippet:-1, max-image-preview:large, max-video-preview:-1\" \/>\n<link rel=\"canonical\" href=\"https:\/\/assist.com.co\/en\/caso-de-exito-juegos-y-apuestas\/\" \/>\n<meta property=\"og:locale\" content=\"en_US\" \/>\n<meta property=\"og:type\" content=\"article\" \/>\n<meta property=\"og:title\" content=\"Caso de \u00e9xito: Migraci\u00f3n tecnol\u00f3gica a Red Hat OpenShift\" \/>\n<meta property=\"og:description\" content=\"Descubre c\u00f3mo lideramos la migraci\u00f3n tecnol\u00f3gica a Red Hat OpenShift para una organizaci\u00f3n del sector de apuestas. Mejora de eficiencia, entornos DevOps y resultados 100% cumplidos.\" \/>\n<meta property=\"og:url\" content=\"https:\/\/assist.com.co\/en\/caso-de-exito-juegos-y-apuestas\/\" \/>\n<meta property=\"og:site_name\" content=\"Assist Consultores\" \/>\n<meta property=\"article:modified_time\" content=\"2026-02-25T15:40:56+00:00\" \/>\n<meta property=\"og:image\" content=\"https:\/\/assist.com.co\/wp-content\/uploads\/2025\/06\/juegos-y-apuestas.png\" \/>\n\t<meta property=\"og:image:width\" content=\"1080\" \/>\n\t<meta property=\"og:image:height\" content=\"1080\" \/>\n\t<meta property=\"og:image:type\" content=\"image\/png\" \/>\n<meta name=\"twitter:card\" content=\"summary_large_image\" \/>\n<meta name=\"twitter:label1\" content=\"Est. reading time\" \/>\n\t<meta name=\"twitter:data1\" content=\"2 minutes\" \/>\n<script type=\"application\/ld+json\" class=\"yoast-schema-graph\">{\"@context\":\"https:\\\/\\\/schema.org\",\"@graph\":[{\"@type\":\"WebPage\",\"@id\":\"https:\\\/\\\/assist.com.co\\\/caso-de-exito-juegos-y-apuestas\\\/\",\"url\":\"https:\\\/\\\/assist.com.co\\\/caso-de-exito-juegos-y-apuestas\\\/\",\"name\":\"Caso de \u00e9xito: Migraci\u00f3n tecnol\u00f3gica a Red Hat OpenShift\",\"isPartOf\":{\"@id\":\"https:\\\/\\\/assist.com.co\\\/#website\"},\"primaryImageOfPage\":{\"@id\":\"https:\\\/\\\/assist.com.co\\\/caso-de-exito-juegos-y-apuestas\\\/#primaryimage\"},\"image\":{\"@id\":\"https:\\\/\\\/assist.com.co\\\/caso-de-exito-juegos-y-apuestas\\\/#primaryimage\"},\"thumbnailUrl\":\"https:\\\/\\\/assist.com.co\\\/wp-content\\\/uploads\\\/2025\\\/06\\\/juegos-y-apuestas.png\",\"datePublished\":\"2025-06-04T16:38:27+00:00\",\"dateModified\":\"2026-02-25T15:40:56+00:00\",\"description\":\"Descubre c\u00f3mo lideramos la migraci\u00f3n tecnol\u00f3gica a Red Hat OpenShift para una organizaci\u00f3n del sector de apuestas. Mejora de eficiencia, entornos DevOps y resultados 100% cumplidos.\",\"breadcrumb\":{\"@id\":\"https:\\\/\\\/assist.com.co\\\/caso-de-exito-juegos-y-apuestas\\\/#breadcrumb\"},\"inLanguage\":\"en-US\",\"potentialAction\":[{\"@type\":\"ReadAction\",\"target\":[\"https:\\\/\\\/assist.com.co\\\/caso-de-exito-juegos-y-apuestas\\\/\"]}]},{\"@type\":\"ImageObject\",\"inLanguage\":\"en-US\",\"@id\":\"https:\\\/\\\/assist.com.co\\\/caso-de-exito-juegos-y-apuestas\\\/#primaryimage\",\"url\":\"https:\\\/\\\/assist.com.co\\\/wp-content\\\/uploads\\\/2025\\\/06\\\/juegos-y-apuestas.png\",\"contentUrl\":\"https:\\\/\\\/assist.com.co\\\/wp-content\\\/uploads\\\/2025\\\/06\\\/juegos-y-apuestas.png\",\"width\":1080,\"height\":1080,\"caption\":\"juegos-y-apuestas\"},{\"@type\":\"BreadcrumbList\",\"@id\":\"https:\\\/\\\/assist.com.co\\\/caso-de-exito-juegos-y-apuestas\\\/#breadcrumb\",\"itemListElement\":[{\"@type\":\"ListItem\",\"position\":1,\"name\":\"Home\",\"item\":\"https:\\\/\\\/assist.com.co\\\/\"},{\"@type\":\"ListItem\",\"position\":2,\"name\":\"Caso de \u00e9xito: Migraci\u00f3n tecnol\u00f3gica a Red Hat OpenShift\"}]},{\"@type\":\"WebSite\",\"@id\":\"https:\\\/\\\/assist.com.co\\\/#website\",\"url\":\"https:\\\/\\\/assist.com.co\\\/\",\"name\":\"Assist Consultores\",\"description\":\"Transformando Capacidades Empresariales en Sistemas Innovadores\",\"potentialAction\":[{\"@type\":\"SearchAction\",\"target\":{\"@type\":\"EntryPoint\",\"urlTemplate\":\"https:\\\/\\\/assist.com.co\\\/?s={search_term_string}\"},\"query-input\":{\"@type\":\"PropertyValueSpecification\",\"valueRequired\":true,\"valueName\":\"search_term_string\"}}],\"inLanguage\":\"en-US\"}]}<\/script>\n<!-- \/ Yoast SEO Premium plugin. -->","yoast_head_json":{"title":"Caso de \u00e9xito: Migraci\u00f3n tecnol\u00f3gica a Red Hat OpenShift","description":"Descubre c\u00f3mo lideramos la migraci\u00f3n tecnol\u00f3gica a Red Hat OpenShift para una organizaci\u00f3n del sector de apuestas. Mejora de eficiencia, entornos DevOps y resultados 100% cumplidos.","robots":{"index":"index","follow":"follow","max-snippet":"max-snippet:-1","max-image-preview":"max-image-preview:large","max-video-preview":"max-video-preview:-1"},"canonical":"https:\/\/assist.com.co\/en\/caso-de-exito-juegos-y-apuestas\/","og_locale":"en_US","og_type":"article","og_title":"Caso de \u00e9xito: Migraci\u00f3n tecnol\u00f3gica a Red Hat OpenShift","og_description":"Descubre c\u00f3mo lideramos la migraci\u00f3n tecnol\u00f3gica a Red Hat OpenShift para una organizaci\u00f3n del sector de apuestas. Mejora de eficiencia, entornos DevOps y resultados 100% cumplidos.","og_url":"https:\/\/assist.com.co\/en\/caso-de-exito-juegos-y-apuestas\/","og_site_name":"Assist Consultores","article_modified_time":"2026-02-25T15:40:56+00:00","og_image":[{"width":1080,"height":1080,"url":"https:\/\/assist.com.co\/wp-content\/uploads\/2025\/06\/juegos-y-apuestas.png","type":"image\/png"}],"twitter_card":"summary_large_image","twitter_misc":{"Est. reading time":"2 minutes"},"schema":{"@context":"https:\/\/schema.org","@graph":[{"@type":"WebPage","@id":"https:\/\/assist.com.co\/caso-de-exito-juegos-y-apuestas\/","url":"https:\/\/assist.com.co\/caso-de-exito-juegos-y-apuestas\/","name":"Caso de \u00e9xito: Migraci\u00f3n tecnol\u00f3gica a Red Hat OpenShift","isPartOf":{"@id":"https:\/\/assist.com.co\/#website"},"primaryImageOfPage":{"@id":"https:\/\/assist.com.co\/caso-de-exito-juegos-y-apuestas\/#primaryimage"},"image":{"@id":"https:\/\/assist.com.co\/caso-de-exito-juegos-y-apuestas\/#primaryimage"},"thumbnailUrl":"https:\/\/assist.com.co\/wp-content\/uploads\/2025\/06\/juegos-y-apuestas.png","datePublished":"2025-06-04T16:38:27+00:00","dateModified":"2026-02-25T15:40:56+00:00","description":"Descubre c\u00f3mo lideramos la migraci\u00f3n tecnol\u00f3gica a Red Hat OpenShift para una organizaci\u00f3n del sector de apuestas. Mejora de eficiencia, entornos DevOps y resultados 100% cumplidos.","breadcrumb":{"@id":"https:\/\/assist.com.co\/caso-de-exito-juegos-y-apuestas\/#breadcrumb"},"inLanguage":"en-US","potentialAction":[{"@type":"ReadAction","target":["https:\/\/assist.com.co\/caso-de-exito-juegos-y-apuestas\/"]}]},{"@type":"ImageObject","inLanguage":"en-US","@id":"https:\/\/assist.com.co\/caso-de-exito-juegos-y-apuestas\/#primaryimage","url":"https:\/\/assist.com.co\/wp-content\/uploads\/2025\/06\/juegos-y-apuestas.png","contentUrl":"https:\/\/assist.com.co\/wp-content\/uploads\/2025\/06\/juegos-y-apuestas.png","width":1080,"height":1080,"caption":"juegos-y-apuestas"},{"@type":"BreadcrumbList","@id":"https:\/\/assist.com.co\/caso-de-exito-juegos-y-apuestas\/#breadcrumb","itemListElement":[{"@type":"ListItem","position":1,"name":"Home","item":"https:\/\/assist.com.co\/"},{"@type":"ListItem","position":2,"name":"Caso de \u00e9xito: Migraci\u00f3n tecnol\u00f3gica a Red Hat OpenShift"}]},{"@type":"WebSite","@id":"https:\/\/assist.com.co\/#website","url":"https:\/\/assist.com.co\/","name":"Assist Consultores","description":"Transformando Capacidades Empresariales en Sistemas Innovadores","potentialAction":[{"@type":"SearchAction","target":{"@type":"EntryPoint","urlTemplate":"https:\/\/assist.com.co\/?s={search_term_string}"},"query-input":{"@type":"PropertyValueSpecification","valueRequired":true,"valueName":"search_term_string"}}],"inLanguage":"en-US"}]}},"_links":{"self":[{"href":"https:\/\/assist.com.co\/en\/wp-json\/wp\/v2\/pages\/22249","targetHints":{"allow":["GET"]}}],"collection":[{"href":"https:\/\/assist.com.co\/en\/wp-json\/wp\/v2\/pages"}],"about":[{"href":"https:\/\/assist.com.co\/en\/wp-json\/wp\/v2\/types\/page"}],"author":[{"embeddable":true,"href":"https:\/\/assist.com.co\/en\/wp-json\/wp\/v2\/users\/2"}],"replies":[{"embeddable":true,"href":"https:\/\/assist.com.co\/en\/wp-json\/wp\/v2\/comments?post=22249"}],"version-history":[{"count":5,"href":"https:\/\/assist.com.co\/en\/wp-json\/wp\/v2\/pages\/22249\/revisions"}],"predecessor-version":[{"id":24288,"href":"https:\/\/assist.com.co\/en\/wp-json\/wp\/v2\/pages\/22249\/revisions\/24288"}],"wp:featuredmedia":[{"embeddable":true,"href":"https:\/\/assist.com.co\/en\/wp-json\/wp\/v2\/media\/22256"}],"wp:attachment":[{"href":"https:\/\/assist.com.co\/en\/wp-json\/wp\/v2\/media?parent=22249"}],"curies":[{"name":"wp","href":"https:\/\/api.w.org\/{rel}","templated":true}]}}