{"id":22351,"date":"2025-06-13T16:14:50","date_gmt":"2025-06-13T16:14:50","guid":{"rendered":"https:\/\/assist.com.co\/?page_id=22351"},"modified":"2026-02-25T15:41:03","modified_gmt":"2026-02-25T15:41:03","slug":"onboarding-inteligente-como-la-ia-transforma-la-incorporacion-de-empleados","status":"publish","type":"page","link":"https:\/\/assist.com.co\/en\/onboarding-inteligente-como-la-ia-transforma-la-incorporacion-de-empleados\/","title":{"rendered":"Descubre c\u00f3mo simplificar tu Onboarding sin perder el control"},"content":{"rendered":"<div class=\"et_pb_section_0 et_pb_section et_section_regular et_block_section section_has_divider et_pb_top_divider et_pb_bottom_divider preset--module--divi-section--default\" id=\"FONDO_PARTICULAS\"><div class=\"et_pb_top_inside_divider et-no-transition\"><\/div><div class=\"et_pb_row_0 et_pb_row et_block_row\"><div class=\"et_pb_column_0 et_pb_column et_pb_column_1_2 et_block_column et_pb_css_mix_blend_mode_passthrough\"><div class=\"et_pb_image_0 et_pb_image et_pb_module et_block_module\"><span class=\"et_pb_image_wrap\"><img loading=\"lazy\" decoding=\"async\" src=\"https:\/\/assist.com.co\/wp-content\/uploads\/2025\/06\/assist-manageengine.png\" width=\"772\" height=\"391\" srcset=\"https:\/\/assist.com.co\/wp-content\/uploads\/2025\/06\/assist-manageengine.png 772w, https:\/\/assist.com.co\/wp-content\/uploads\/2025\/06\/assist-manageengine-480x243.png 480w\" sizes=\"(min-width: 0px) and (max-width: 480px) 480px, (min-width: 481px) 772px, 100vw\" class=\"wp-image-22354\" title=\"assist-manageengine\" alt=\"red-hat\" \/><\/span><\/div><div class=\"et_pb_heading_0 et_pb_heading et_pb_module et_block_module preset--module--divi-heading--283af2b2-2408-4cb1-afc4-4101cd2626b6\"><div class=\"et_pb_heading_container\"><\/div><\/div><div class=\"et_pb_heading_1 et_pb_heading et_animated et_pb_module et_block_module preset--module--divi-heading--11f04dd0-b997-463c-87fe-33109a1b0da4\"><div class=\"et_pb_heading_container\"><h1 class=\"et_pb_module_header\">Service Desk + Inteligencia Artificial<\/h1><\/div><\/div><div class=\"et_pb_heading_2 et_pb_heading et_animated et_pb_module et_block_module preset--module--divi-heading--11f04dd0-b997-463c-87fe-33109a1b0da4\"><div class=\"et_pb_heading_container\"><h1 class=\"et_pb_module_header\">\u00bfQu\u00e9 hace por ti \u00e9sta soluci\u00f3n?<\/h1><\/div><\/div><div class=\"et_pb_text_0 et_pb_text et_pb_bg_layout_light et_pb_module et_block_module\"><div class=\"et_pb_text_inner\"><p>\ud83e\udde0 <strong data-start=\"1970\" data-end=\"1999\">La IA se ocupa del tedio: <\/strong>Crea tickets, asigna tareas y prepara todo para el nuevo ingreso sin que muevas un dedo.<\/p>\n<\/div><\/div><div class=\"et_pb_text_1 et_pb_text et_pb_bg_layout_light et_pb_module et_block_module\"><div class=\"et_pb_text_inner\"><p>\ud83c\udfaf <strong data-start=\"2095\" data-end=\"2122\">Reduce errores humanos:<\/strong><br data-start=\"2122\" data-end=\"2125\" \/>Extrae lo importante de los documentos y correos, y lo lleva donde tiene que estar.<\/p>\n<\/div><\/div><div class=\"et_pb_text_2 et_pb_text et_pb_bg_layout_light et_pb_module et_block_module\"><div class=\"et_pb_text_inner\"><p>\ud83d\ude80 <strong data-start=\"2213\" data-end=\"2230\">Acelera todo:<\/strong><br data-start=\"2230\" data-end=\"2233\" \/>Clasifica y prioriza solicitudes para que el primer d\u00eda sea productivo, no confuso.<\/p>\n<\/div><\/div><div class=\"et_pb_text_3 et_pb_text et_pb_bg_layout_light et_pb_module et_block_module\"><div class=\"et_pb_text_inner\"><p>\ud83d\udd17 <strong data-start=\"2321\" data-end=\"2364\">Conecta a todos (sin gritar por Teams):<\/strong><br data-start=\"2364\" data-end=\"2367\" \/>RRHH, TI, Legal, Facilities\u2026 todo el mundo sabe qu\u00e9 hacer y cu\u00e1ndo hacerlo.<\/p>\n<\/div><\/div><div class=\"et_pb_image_1 et_pb_image et_pb_module et_block_module\"><span class=\"et_pb_image_wrap\"><img loading=\"lazy\" decoding=\"async\" src=\"https:\/\/assist.com.co\/wp-content\/uploads\/2025\/06\/solucion-IA.png\" width=\"598\" height=\"398\" srcset=\"https:\/\/assist.com.co\/wp-content\/uploads\/2025\/06\/solucion-IA.png 598w, https:\/\/assist.com.co\/wp-content\/uploads\/2025\/06\/solucion-IA-480x319.png 480w\" sizes=\"(min-width: 0px) and (max-width: 480px) 480px, (min-width: 481px) 598px, 100vw\" class=\"wp-image-22356\" title=\"soluci\u00f3n IA\" \/><\/span><\/div><div class=\"et_pb_text_4 et_pb_text et_pb_bg_layout_light et_pb_module et_block_module et_pb_text_align_justified\"><div class=\"et_pb_text_inner\"><p data-start=\"2499\" data-end=\"2626\" style=\"text-align: center;\">\u00a1NO SE TRATA SOLO DE OPTIMIZAR TAREAS!<br \/><br data-start=\"2536\" data-end=\"2539\" \/>Se trata de dar la bienvenida como se debe:<br \/><br data-start=\"2582\" data-end=\"2585\" \/>\ud83d\ude0c Sin estr\u00e9s<br data-start=\"2597\" data-end=\"2600\" \/>\ud83e\udde0 Sin olvidos<br data-start=\"2613\" data-end=\"2616\" \/>\ud83c\udf00 Sin caos<\/p>\n<p data-start=\"2628\" data-end=\"2699\" style=\"text-align: center;\"><span style=\"color: #ffffff;\"><strong><em>Porque cuando alguien entra bien, trabaja mejor. Y se queda m\u00e1s tiempo.<\/em><\/strong><\/span><\/p>\n<\/div><\/div><div class=\"et_pb_heading_3 et_pb_heading et_animated et_pb_module et_block_module preset--module--divi-heading--11f04dd0-b997-463c-87fe-33109a1b0da4\"><div class=\"et_pb_heading_container\"><h1 class=\"et_pb_module_header\">No se trata solo de tecnolog\u00eda. Se trata de experiencia. La de tu equipo, la del nuevo talento\u2026 y la tuya tambi\u00e9n.<\/h1><\/div><\/div><div class=\"et_pb_image_2 et_pb_image et_pb_module et_block_module\"><span class=\"et_pb_image_wrap\"><img loading=\"lazy\" decoding=\"async\" src=\"https:\/\/assist.com.co\/wp-content\/uploads\/2025\/06\/Onboarding-Inteligente.png\" width=\"612\" height=\"612\" srcset=\"https:\/\/assist.com.co\/wp-content\/uploads\/2025\/06\/Onboarding-Inteligente.png 612w, https:\/\/assist.com.co\/wp-content\/uploads\/2025\/06\/Onboarding-Inteligente-480x480.png 480w\" sizes=\"(min-width: 0px) and (max-width: 480px) 480px, (min-width: 481px) 612px, 100vw\" class=\"wp-image-22362\" title=\"Onboarding Inteligente\" \/><\/span><\/div><\/div><div class=\"et_pb_column_1 et_pb_column et_pb_column_1_2 et-last-child et_block_column et_pb_css_mix_blend_mode_passthrough\"><div class=\"et_pb_code_0 et_pb_code et_pb_module\"><div class=\"et_pb_code_inner\"><iframe loading=\"lazy\" src=\"https:\/\/docs.google.com\/forms\/d\/e\/1FAIpQLSeJeyied8osOi9rGH5chBSfUnh7uoPqiNDGlgsatceGGl5b0w\/viewform?embedded=true\" width=\"640\" height=\"1329\" frameborder=\"0\" marginheight=\"0\" marginwidth=\"0\">Cargando\u2026<\/iframe><\/div><\/div><div class=\"et_pb_divider_0 et_pb_divider et_pb_space et_pb_divider_position_top et_pb_module\"><div class=\"et_pb_divider_internal\"><\/div><\/div><div class=\"et_pb_text_5 et_pb_text et_pb_bg_layout_light et_pb_module et_block_module et_pb_text_align_center\"><div class=\"et_pb_text_inner\"><p>As\u00ed que...<br \/>\u00bfListo para dejar atr\u00e1s ese laberinto?<\/p>\n<p>\ud83d\udcde \u00a1<strong data-start=\"1959\" data-end=\"2011\">Cont\u00e1ctanos para una demo y deja que la IA haga el resto!<\/strong><\/p>\n<ul><\/ul>\n<\/div><\/div><div class=\"et_pb_module et_pb_button_module_wrapper et_pb_button_0_wrapper\"><a class=\"et_pb_button_0 et_pb_button et_pb_bg_layout_light et_pb_module et_block_module\" href=\"https:\/\/api.whatsapp.com\/send\/?phone=%2B573102169640&#038;text=Hola%2C+quisiera+que+me+contacten.&#038;app_absent=0\">CLICK AQU\u00cd<\/a><\/div><\/div><\/div><div class=\"et_pb_bottom_inside_divider et-no-transition\"><\/div><\/div>","protected":false},"excerpt":{"rendered":"","protected":false},"author":2,"featured_media":0,"parent":0,"menu_order":0,"comment_status":"closed","ping_status":"closed","template":"page-template-blank.php","meta":{"inline_featured_image":false,"footnotes":""},"class_list":["post-22351","page","type-page","status-publish","hentry"],"yoast_head":"<!-- This site is optimized with the Yoast SEO Premium plugin v25.2 (Yoast SEO v27.4) - https:\/\/yoast.com\/product\/yoast-seo-premium-wordpress\/ -->\n<title>Descubre c\u00f3mo simplificar tu Onboarding sin perder el control - Assist Consultores<\/title>\n<meta name=\"description\" content=\"\u00danete a nuestro Webinar en Vivo y conoce c\u00f3mo Watson est\u00e1 impulsando una nueva ola de eficiencia a trav\u00e9s de asistentes inteligentes, agentes automatizados y un manejo estrat\u00e9gico de la data.\" \/>\n<meta name=\"robots\" content=\"index, follow, max-snippet:-1, max-image-preview:large, max-video-preview:-1\" \/>\n<link rel=\"canonical\" href=\"https:\/\/assist.com.co\/en\/onboarding-inteligente-como-la-ia-transforma-la-incorporacion-de-empleados\/\" \/>\n<meta property=\"og:locale\" content=\"en_US\" \/>\n<meta property=\"og:type\" content=\"article\" \/>\n<meta property=\"og:title\" content=\"Descubre c\u00f3mo simplificar tu Onboarding sin perder el control\" \/>\n<meta property=\"og:description\" content=\"\u00danete a nuestro Webinar en Vivo y conoce c\u00f3mo Watson est\u00e1 impulsando una nueva ola de eficiencia a trav\u00e9s de asistentes inteligentes, agentes automatizados y un manejo estrat\u00e9gico de la data.\" \/>\n<meta property=\"og:url\" content=\"https:\/\/assist.com.co\/en\/onboarding-inteligente-como-la-ia-transforma-la-incorporacion-de-empleados\/\" \/>\n<meta property=\"og:site_name\" content=\"Assist Consultores\" \/>\n<meta property=\"article:modified_time\" content=\"2026-02-25T15:41:03+00:00\" \/>\n<meta name=\"twitter:card\" content=\"summary_large_image\" \/>\n<meta name=\"twitter:label1\" content=\"Est. reading time\" \/>\n\t<meta name=\"twitter:data1\" content=\"1 minute\" \/>\n<script type=\"application\/ld+json\" class=\"yoast-schema-graph\">{\"@context\":\"https:\\\/\\\/schema.org\",\"@graph\":[{\"@type\":\"WebPage\",\"@id\":\"https:\\\/\\\/assist.com.co\\\/onboarding-inteligente-como-la-ia-transforma-la-incorporacion-de-empleados\\\/\",\"url\":\"https:\\\/\\\/assist.com.co\\\/onboarding-inteligente-como-la-ia-transforma-la-incorporacion-de-empleados\\\/\",\"name\":\"Descubre c\u00f3mo simplificar tu Onboarding sin perder el control - Assist Consultores\",\"isPartOf\":{\"@id\":\"https:\\\/\\\/assist.com.co\\\/#website\"},\"datePublished\":\"2025-06-13T16:14:50+00:00\",\"dateModified\":\"2026-02-25T15:41:03+00:00\",\"description\":\"\u00danete a nuestro Webinar en Vivo y conoce c\u00f3mo Watson est\u00e1 impulsando una nueva ola de eficiencia a trav\u00e9s de asistentes inteligentes, agentes automatizados y un manejo estrat\u00e9gico de la data.\",\"breadcrumb\":{\"@id\":\"https:\\\/\\\/assist.com.co\\\/onboarding-inteligente-como-la-ia-transforma-la-incorporacion-de-empleados\\\/#breadcrumb\"},\"inLanguage\":\"en-US\",\"potentialAction\":[{\"@type\":\"ReadAction\",\"target\":[\"https:\\\/\\\/assist.com.co\\\/onboarding-inteligente-como-la-ia-transforma-la-incorporacion-de-empleados\\\/\"]}]},{\"@type\":\"BreadcrumbList\",\"@id\":\"https:\\\/\\\/assist.com.co\\\/onboarding-inteligente-como-la-ia-transforma-la-incorporacion-de-empleados\\\/#breadcrumb\",\"itemListElement\":[{\"@type\":\"ListItem\",\"position\":1,\"name\":\"Home\",\"item\":\"https:\\\/\\\/assist.com.co\\\/\"},{\"@type\":\"ListItem\",\"position\":2,\"name\":\"Descubre c\u00f3mo simplificar tu Onboarding sin perder el control\"}]},{\"@type\":\"WebSite\",\"@id\":\"https:\\\/\\\/assist.com.co\\\/#website\",\"url\":\"https:\\\/\\\/assist.com.co\\\/\",\"name\":\"Assist Consultores\",\"description\":\"Transformando Capacidades Empresariales en Sistemas Innovadores\",\"potentialAction\":[{\"@type\":\"SearchAction\",\"target\":{\"@type\":\"EntryPoint\",\"urlTemplate\":\"https:\\\/\\\/assist.com.co\\\/?s={search_term_string}\"},\"query-input\":{\"@type\":\"PropertyValueSpecification\",\"valueRequired\":true,\"valueName\":\"search_term_string\"}}],\"inLanguage\":\"en-US\"}]}<\/script>\n<!-- \/ Yoast SEO Premium plugin. -->","yoast_head_json":{"title":"Descubre c\u00f3mo simplificar tu Onboarding sin perder el control - Assist Consultores","description":"\u00danete a nuestro Webinar en Vivo y conoce c\u00f3mo Watson est\u00e1 impulsando una nueva ola de eficiencia a trav\u00e9s de asistentes inteligentes, agentes automatizados y un manejo estrat\u00e9gico de la data.","robots":{"index":"index","follow":"follow","max-snippet":"max-snippet:-1","max-image-preview":"max-image-preview:large","max-video-preview":"max-video-preview:-1"},"canonical":"https:\/\/assist.com.co\/en\/onboarding-inteligente-como-la-ia-transforma-la-incorporacion-de-empleados\/","og_locale":"en_US","og_type":"article","og_title":"Descubre c\u00f3mo simplificar tu Onboarding sin perder el control","og_description":"\u00danete a nuestro Webinar en Vivo y conoce c\u00f3mo Watson est\u00e1 impulsando una nueva ola de eficiencia a trav\u00e9s de asistentes inteligentes, agentes automatizados y un manejo estrat\u00e9gico de la data.","og_url":"https:\/\/assist.com.co\/en\/onboarding-inteligente-como-la-ia-transforma-la-incorporacion-de-empleados\/","og_site_name":"Assist Consultores","article_modified_time":"2026-02-25T15:41:03+00:00","twitter_card":"summary_large_image","twitter_misc":{"Est. reading time":"1 minute"},"schema":{"@context":"https:\/\/schema.org","@graph":[{"@type":"WebPage","@id":"https:\/\/assist.com.co\/onboarding-inteligente-como-la-ia-transforma-la-incorporacion-de-empleados\/","url":"https:\/\/assist.com.co\/onboarding-inteligente-como-la-ia-transforma-la-incorporacion-de-empleados\/","name":"Descubre c\u00f3mo simplificar tu Onboarding sin perder el control - Assist Consultores","isPartOf":{"@id":"https:\/\/assist.com.co\/#website"},"datePublished":"2025-06-13T16:14:50+00:00","dateModified":"2026-02-25T15:41:03+00:00","description":"\u00danete a nuestro Webinar en Vivo y conoce c\u00f3mo Watson est\u00e1 impulsando una nueva ola de eficiencia a trav\u00e9s de asistentes inteligentes, agentes automatizados y un manejo estrat\u00e9gico de la data.","breadcrumb":{"@id":"https:\/\/assist.com.co\/onboarding-inteligente-como-la-ia-transforma-la-incorporacion-de-empleados\/#breadcrumb"},"inLanguage":"en-US","potentialAction":[{"@type":"ReadAction","target":["https:\/\/assist.com.co\/onboarding-inteligente-como-la-ia-transforma-la-incorporacion-de-empleados\/"]}]},{"@type":"BreadcrumbList","@id":"https:\/\/assist.com.co\/onboarding-inteligente-como-la-ia-transforma-la-incorporacion-de-empleados\/#breadcrumb","itemListElement":[{"@type":"ListItem","position":1,"name":"Home","item":"https:\/\/assist.com.co\/"},{"@type":"ListItem","position":2,"name":"Descubre c\u00f3mo simplificar tu Onboarding sin perder el control"}]},{"@type":"WebSite","@id":"https:\/\/assist.com.co\/#website","url":"https:\/\/assist.com.co\/","name":"Assist Consultores","description":"Transformando Capacidades Empresariales en Sistemas Innovadores","potentialAction":[{"@type":"SearchAction","target":{"@type":"EntryPoint","urlTemplate":"https:\/\/assist.com.co\/?s={search_term_string}"},"query-input":{"@type":"PropertyValueSpecification","valueRequired":true,"valueName":"search_term_string"}}],"inLanguage":"en-US"}]}},"_links":{"self":[{"href":"https:\/\/assist.com.co\/en\/wp-json\/wp\/v2\/pages\/22351","targetHints":{"allow":["GET"]}}],"collection":[{"href":"https:\/\/assist.com.co\/en\/wp-json\/wp\/v2\/pages"}],"about":[{"href":"https:\/\/assist.com.co\/en\/wp-json\/wp\/v2\/types\/page"}],"author":[{"embeddable":true,"href":"https:\/\/assist.com.co\/en\/wp-json\/wp\/v2\/users\/2"}],"replies":[{"embeddable":true,"href":"https:\/\/assist.com.co\/en\/wp-json\/wp\/v2\/comments?post=22351"}],"version-history":[{"count":6,"href":"https:\/\/assist.com.co\/en\/wp-json\/wp\/v2\/pages\/22351\/revisions"}],"predecessor-version":[{"id":24291,"href":"https:\/\/assist.com.co\/en\/wp-json\/wp\/v2\/pages\/22351\/revisions\/24291"}],"wp:attachment":[{"href":"https:\/\/assist.com.co\/en\/wp-json\/wp\/v2\/media?parent=22351"}],"curies":[{"name":"wp","href":"https:\/\/api.w.org\/{rel}","templated":true}]}}