{"id":22391,"date":"2025-06-18T20:48:48","date_gmt":"2025-06-18T20:48:48","guid":{"rendered":"https:\/\/assist.com.co\/?page_id=22391"},"modified":"2026-02-25T15:41:05","modified_gmt":"2026-02-25T15:41:05","slug":"insourcing-tecnologico-cadena-television","status":"publish","type":"page","link":"https:\/\/assist.com.co\/en\/insourcing-tecnologico-cadena-television\/","title":{"rendered":"Insourcing tecnol\u00f3gico a la medida para cadena de televisi\u00f3n"},"content":{"rendered":"<div class=\"et_pb_section_0 et_pb_section et_section_regular et_block_section preset--module--divi-section--default\"><div class=\"et_pb_row_0 et_pb_row et_block_row\"><div class=\"et_pb_column_0 et_pb_column et_pb_column_1_2 et_block_column et_pb_css_mix_blend_mode_passthrough\"><div class=\"et_pb_image_0 et_pb_image et_animated et_pb_module et_block_module\"><span class=\"et_pb_image_wrap\"><img loading=\"lazy\" decoding=\"async\" src=\"https:\/\/assist.com.co\/wp-content\/uploads\/2025\/06\/4179782.jpg\" width=\"844\" height=\"1500\" srcset=\"https:\/\/assist.com.co\/wp-content\/uploads\/2025\/06\/4179782.jpg 844w, https:\/\/assist.com.co\/wp-content\/uploads\/2025\/06\/4179782-480x853.jpg 480w\" sizes=\"(min-width: 0px) and (max-width: 480px) 480px, (min-width: 481px) 844px, 100vw\" class=\"wp-image-22405\" title=\"televisi\u00f3n\" alt=\"televisi\u00f3n\" \/><\/span><\/div><\/div><div class=\"et_pb_column_1 et_pb_column et_pb_column_1_2 et-last-child et_block_column et_pb_css_mix_blend_mode_passthrough\"><div class=\"et_pb_text_0 et_pb_text et_pb_bg_layout_light et_pb_module et_block_module\"><div class=\"et_pb_text_inner\"><h1 style=\"text-align: justify;\"><strong>Tailored Insourcing for a National TV Network<\/strong><\/h1>\n<\/div><\/div><div class=\"et_pb_text_1 et_pb_text et_pb_bg_layout_light et_pb_module et_block_module\"><div class=\"et_pb_text_inner\"><h3 style=\"text-align: justify;\"><span style=\"color: #000000;\">We bring together talent and technology in a custom insourcing service designed for a well-known national television network.\n We assigned a consultant with a dual role: <strong>Integration Architect (Bus and ACE) and .NET Senior Developer, ready to connect systems and streamline processes.<\/strong><\/span><\/h3>\n<\/div><\/div><div class=\"et_pb_image_1 et_pb_image et_pb_module et_block_module\"><span class=\"et_pb_image_wrap\"><img loading=\"lazy\" decoding=\"async\" src=\"https:\/\/assist.com.co\/wp-content\/uploads\/2025\/04\/arrow-1455_256.gif\" width=\"256\" height=\"236\" sizes=\"(max-width: 256px) 100vw, 256px\" class=\"wp-image-21742\" title=\"arrow-1455_256\" \/><\/span><\/div><\/div><\/div><\/div><div class=\"et_pb_section_1 et_pb_section et_section_regular et_block_section preset--module--divi-section--default\"><div class=\"et_pb_row_1 et_pb_row et_block_row\"><div class=\"et_pb_column_2 et_pb_column et_pb_column_2_5 et_block_column et_pb_column_empty et_pb_css_mix_blend_mode_passthrough\"><\/div><div class=\"et_pb_column_3 et_pb_column et_pb_column_3_5 et-last-child et_block_column et_pb_css_mix_blend_mode_passthrough\"><div class=\"et_pb_text_2 et_pb_text et_pb_bg_layout_light et_pb_module et_block_module\"><div class=\"et_pb_text_inner\"><h4><strong>- Accelerate technical outcomes without compromising quality.<\/strong><\/h4>\n<\/div><\/div><div class=\"et_pb_text_3 et_pb_text et_pb_bg_layout_light et_pb_module et_block_module\"><div class=\"et_pb_text_inner\"><p>- Acelerar resultados t\u00e9cnicos sin perder calidad.<\/p>\n<p>- Transferir conocimiento clave con un plan de formaci\u00f3n en Red Hat y ACE, hecho a la medida.<\/p>\n<p style=\"text-align: justify;\">- Preparar el camino para que el cliente pudiera contratar directamente al consultor, ya con el terreno abonado.<\/p>\n<\/div><\/div><div class=\"et_pb_module et_pb_button_module_wrapper et_pb_button_0_wrapper\"><a class=\"et_pb_button_0 et_pb_button et_pb_bg_layout_light et_pb_module et_block_module\" href=\"\">Let\u2019s talk!<\/a><\/div><\/div><\/div><div class=\"et_pb_row_2 et_pb_row et_block_row\"><div class=\"et_pb_column_4 et_pb_column et_pb_column_4_4 et-last-child et_block_column et_pb_css_mix_blend_mode_passthrough\"><div class=\"et_pb_divider_0 et_pb_divider et_pb_space et_pb_divider_position_top et_pb_module\"><div class=\"et_pb_divider_internal\"><\/div><\/div><\/div><\/div><\/div><div class=\"et_pb_section_2 et_pb_section et_section_regular et_block_section preset--module--divi-section--default\"><div class=\"et_pb_row_3 et_pb_row et_block_row\"><div class=\"et_pb_column_5 et_pb_column et_pb_column_1_2 et_block_column et_pb_css_mix_blend_mode_passthrough\"><div class=\"et_pb_text_4 et_pb_text et_pb_bg_layout_light et_pb_module et_block_module\"><div class=\"et_pb_text_inner\"><h1><span style=\"color: #000000;\"><strong>The result?<\/strong><\/span><\/h1>\n<\/div><\/div><div class=\"et_pb_text_5 et_pb_text et_pb_bg_layout_light et_pb_module et_block_module\"><div class=\"et_pb_text_inner\"><ul>\n<li style=\"text-align: justify;\"><span style=\"color: #000000;\">Service delivered without a single operational hiccup.<\/span><\/li>\n<li style=\"text-align: justify;\"><span style=\"color: #000000;\">Performance evaluations carried out consistently every month.<\/span><\/li>\n<li style=\"text-align: justify;\"><span style=\"color: #000000;\">Training delivered using alternative tools in the absence of specialized platforms.<\/span><\/li>\n<li style=\"text-align: justify;\"><span style=\"color: #000000;\">Certified hands-on experience plus a completed satisfaction survey.<\/span><\/li>\n<li style=\"text-align: justify;\"><span style=\"color: #000000;\">The client was so convinced, they kept the consultant onboard.<\/span><\/li>\n<\/ul>\n<\/div><\/div><div class=\"et_pb_divider_1 et_pb_divider et_pb_space et_pb_divider_position_top et_pb_module\"><div class=\"et_pb_divider_internal\"><\/div><\/div><div class=\"et_pb_text_6 et_pb_text et_pb_bg_layout_light et_pb_module et_block_module\"><div class=\"et_pb_text_inner\"><h2 style=\"text-align: left;\"><strong><em>Technical Consistency That Matters<\/em><\/strong><\/h2>\n<\/div><\/div><div class=\"et_pb_text_7 et_pb_text et_pb_bg_layout_light et_pb_module et_block_module\"><div class=\"et_pb_text_inner\"><h2><span style=\"color: #ff0000;\"><em><strong>Thanks to a solid and stable technical team, we were able to execute every stage of the project with efficiency, minimizing risks while maximizing outcomes.<\/strong><\/em><\/span><\/h2>\n<\/div><\/div><\/div><div class=\"et_pb_column_6 et_pb_column et_pb_column_1_2 et-last-child et_block_column et_pb_css_mix_blend_mode_passthrough\"><div class=\"et_pb_image_2 et_pb_image et_pb_module et_block_module\"><span class=\"et_pb_image_wrap\"><img loading=\"lazy\" decoding=\"async\" src=\"https:\/\/assist.com.co\/wp-content\/uploads\/2025\/06\/4331.jpg\" width=\"1500\" height=\"1000\" srcset=\"https:\/\/assist.com.co\/wp-content\/uploads\/2025\/06\/4331.jpg 1500w, https:\/\/assist.com.co\/wp-content\/uploads\/2025\/06\/4331-1280x853.jpg 1280w, https:\/\/assist.com.co\/wp-content\/uploads\/2025\/06\/4331-980x653.jpg 980w, https:\/\/assist.com.co\/wp-content\/uploads\/2025\/06\/4331-480x320.jpg 480w\" sizes=\"(min-width: 0px) and (max-width: 480px) 480px, (min-width: 481px) and (max-width: 980px) 980px, (min-width: 981px) and (max-width: 1280px) 1280px, (min-width: 1281px) 1500px, 100vw\" class=\"wp-image-22406\" title=\"talento especializado\" alt=\"talento especializado\" \/><\/span><\/div><\/div><\/div><\/div><div class=\"et_pb_section_3 et_pb_section et_section_regular et_block_section preset--module--divi-section--default\"><div class=\"et_pb_row_4 et_pb_row et_block_row\"><div class=\"et_pb_column_7 et_pb_column et_pb_column_1_2 et_block_column et_pb_css_mix_blend_mode_passthrough\"><div class=\"et_pb_text_8 et_pb_text et_pb_bg_layout_dark et_pb_module et_block_module\"><div class=\"et_pb_text_inner\"><h1><strong>Standout Management Moves<br \/><\/strong><\/h1>\n<\/div><\/div><div class=\"et_pb_text_9 et_pb_text et_pb_bg_layout_dark et_pb_module et_block_module\"><div class=\"et_pb_text_inner\"><h2 style=\"text-align: justify;\">- Transformamos una limitaci\u00f3n en oportunidad: creamos un plan de formaci\u00f3n con contenido de YouTube y Udemy que realmente funcion\u00f3.<\/h2>\n<ul>\n<li>\n<h2>Closely tracked the consultant\u2019s progress to guarantee continuous quality.<\/h2>\n<\/li>\n<li>\n<h2>Agreed with the client to keep the certification path going even after project closure. A partnership that didn\u2019t end when the project did.<\/h2>\n<\/li>\n<\/ul>\n<\/div><\/div><\/div><div class=\"et_pb_column_8 et_pb_column et_pb_column_1_2 et-last-child et_block_column et_pb_css_mix_blend_mode_passthrough\"><ul class=\"et_pb_counters_0 et_pb_counters et-waypoint et_pb_bg_layout_light et_pb_module et_block_module\"><li class=\"et_pb_counter_0 et_pb_counter\"><span class=\"et_pb_counter_title\">\n\nFinancial Impact\n\n<\/span><span class=\"et_pb_counter_container\"><span class=\"et_pb_counter_amount\" data-width=\"50%\"><span class=\"et_pb_counter_amount_number\"><span class=\"et_pb_counter_amount_number_inner\">50%<\/span><\/span><\/span><span class=\"et_pb_counter_amount overlay\" data-width=\"50%\"><span class=\"et_pb_counter_amount_number\"><span class=\"et_pb_counter_amount_number_inner\">50%<\/span><\/span><\/span><\/span><\/li><\/ul><div class=\"et_pb_text_10 et_pb_text et_pb_bg_layout_light et_pb_module et_block_module\"><div class=\"et_pb_text_inner\"><h2 style=\"text-align: justify;\">Through disciplined execution and tight cost control, we achieved a profitability margin close to 31%.<br \/>A solid play that proves the insourcing model truly creates value \u2014 without blowing up costs.<\/h2>\n<p><span>\u00a0<\/span><\/p>\n<\/div><\/div><\/div><\/div><\/div>","protected":false},"excerpt":{"rendered":"","protected":false},"author":2,"featured_media":0,"parent":0,"menu_order":0,"comment_status":"closed","ping_status":"closed","template":"","meta":{"inline_featured_image":false,"footnotes":""},"class_list":["post-22391","page","type-page","status-publish","hentry"],"yoast_head":"<!-- This site is optimized with the Yoast SEO Premium plugin v25.2 (Yoast SEO v27.4) - https:\/\/yoast.com\/product\/yoast-seo-premium-wordpress\/ -->\n<title>Insourcing tecnol\u00f3gico a la medida para cadena de televisi\u00f3n - Assist Consultores<\/title>\n<meta name=\"description\" content=\"Conoce c\u00f3mo Assist Consultores dise\u00f1\u00f3 un servicio de insourcing a la medida para una cadena nacional de televisi\u00f3n. Resultados t\u00e9cnicos \u00e1giles, formaci\u00f3n efectiva y rentabilidad comprobada.\" \/>\n<meta name=\"robots\" content=\"index, follow, max-snippet:-1, max-image-preview:large, max-video-preview:-1\" \/>\n<link rel=\"canonical\" href=\"https:\/\/assist.com.co\/en\/insourcing-tecnologico-cadena-television\/\" \/>\n<meta property=\"og:locale\" content=\"en_US\" \/>\n<meta property=\"og:type\" content=\"article\" \/>\n<meta property=\"og:title\" content=\"Insourcing tecnol\u00f3gico a la medida para cadena de televisi\u00f3n\" \/>\n<meta property=\"og:description\" content=\"Conoce c\u00f3mo Assist Consultores dise\u00f1\u00f3 un servicio de insourcing a la medida para una cadena nacional de televisi\u00f3n. Resultados t\u00e9cnicos \u00e1giles, formaci\u00f3n efectiva y rentabilidad comprobada.\" \/>\n<meta property=\"og:url\" content=\"https:\/\/assist.com.co\/en\/insourcing-tecnologico-cadena-television\/\" \/>\n<meta property=\"og:site_name\" content=\"Assist Consultores\" \/>\n<meta property=\"article:modified_time\" content=\"2026-02-25T15:41:05+00:00\" \/>\n<meta name=\"twitter:card\" content=\"summary_large_image\" \/>\n<script type=\"application\/ld+json\" class=\"yoast-schema-graph\">{\"@context\":\"https:\\\/\\\/schema.org\",\"@graph\":[{\"@type\":\"WebPage\",\"@id\":\"https:\\\/\\\/assist.com.co\\\/insourcing-tecnologico-cadena-television\\\/\",\"url\":\"https:\\\/\\\/assist.com.co\\\/insourcing-tecnologico-cadena-television\\\/\",\"name\":\"Insourcing tecnol\u00f3gico a la medida para cadena de televisi\u00f3n - Assist Consultores\",\"isPartOf\":{\"@id\":\"https:\\\/\\\/assist.com.co\\\/#website\"},\"datePublished\":\"2025-06-18T20:48:48+00:00\",\"dateModified\":\"2026-02-25T15:41:05+00:00\",\"description\":\"Conoce c\u00f3mo Assist Consultores dise\u00f1\u00f3 un servicio de insourcing a la medida para una cadena nacional de televisi\u00f3n. Resultados t\u00e9cnicos \u00e1giles, formaci\u00f3n efectiva y rentabilidad comprobada.\",\"breadcrumb\":{\"@id\":\"https:\\\/\\\/assist.com.co\\\/insourcing-tecnologico-cadena-television\\\/#breadcrumb\"},\"inLanguage\":\"en-US\",\"potentialAction\":[{\"@type\":\"ReadAction\",\"target\":[\"https:\\\/\\\/assist.com.co\\\/insourcing-tecnologico-cadena-television\\\/\"]}]},{\"@type\":\"BreadcrumbList\",\"@id\":\"https:\\\/\\\/assist.com.co\\\/insourcing-tecnologico-cadena-television\\\/#breadcrumb\",\"itemListElement\":[{\"@type\":\"ListItem\",\"position\":1,\"name\":\"Home\",\"item\":\"https:\\\/\\\/assist.com.co\\\/\"},{\"@type\":\"ListItem\",\"position\":2,\"name\":\"Insourcing tecnol\u00f3gico a la medida para cadena de televisi\u00f3n\"}]},{\"@type\":\"WebSite\",\"@id\":\"https:\\\/\\\/assist.com.co\\\/#website\",\"url\":\"https:\\\/\\\/assist.com.co\\\/\",\"name\":\"Assist Consultores\",\"description\":\"Transformando Capacidades Empresariales en Sistemas Innovadores\",\"potentialAction\":[{\"@type\":\"SearchAction\",\"target\":{\"@type\":\"EntryPoint\",\"urlTemplate\":\"https:\\\/\\\/assist.com.co\\\/?s={search_term_string}\"},\"query-input\":{\"@type\":\"PropertyValueSpecification\",\"valueRequired\":true,\"valueName\":\"search_term_string\"}}],\"inLanguage\":\"en-US\"}]}<\/script>\n<!-- \/ Yoast SEO Premium plugin. -->","yoast_head_json":{"title":"Insourcing tecnol\u00f3gico a la medida para cadena de televisi\u00f3n - Assist Consultores","description":"Conoce c\u00f3mo Assist Consultores dise\u00f1\u00f3 un servicio de insourcing a la medida para una cadena nacional de televisi\u00f3n. Resultados t\u00e9cnicos \u00e1giles, formaci\u00f3n efectiva y rentabilidad comprobada.","robots":{"index":"index","follow":"follow","max-snippet":"max-snippet:-1","max-image-preview":"max-image-preview:large","max-video-preview":"max-video-preview:-1"},"canonical":"https:\/\/assist.com.co\/en\/insourcing-tecnologico-cadena-television\/","og_locale":"en_US","og_type":"article","og_title":"Insourcing tecnol\u00f3gico a la medida para cadena de televisi\u00f3n","og_description":"Conoce c\u00f3mo Assist Consultores dise\u00f1\u00f3 un servicio de insourcing a la medida para una cadena nacional de televisi\u00f3n. Resultados t\u00e9cnicos \u00e1giles, formaci\u00f3n efectiva y rentabilidad comprobada.","og_url":"https:\/\/assist.com.co\/en\/insourcing-tecnologico-cadena-television\/","og_site_name":"Assist Consultores","article_modified_time":"2026-02-25T15:41:05+00:00","twitter_card":"summary_large_image","schema":{"@context":"https:\/\/schema.org","@graph":[{"@type":"WebPage","@id":"https:\/\/assist.com.co\/insourcing-tecnologico-cadena-television\/","url":"https:\/\/assist.com.co\/insourcing-tecnologico-cadena-television\/","name":"Insourcing tecnol\u00f3gico a la medida para cadena de televisi\u00f3n - Assist Consultores","isPartOf":{"@id":"https:\/\/assist.com.co\/#website"},"datePublished":"2025-06-18T20:48:48+00:00","dateModified":"2026-02-25T15:41:05+00:00","description":"Conoce c\u00f3mo Assist Consultores dise\u00f1\u00f3 un servicio de insourcing a la medida para una cadena nacional de televisi\u00f3n. Resultados t\u00e9cnicos \u00e1giles, formaci\u00f3n efectiva y rentabilidad comprobada.","breadcrumb":{"@id":"https:\/\/assist.com.co\/insourcing-tecnologico-cadena-television\/#breadcrumb"},"inLanguage":"en-US","potentialAction":[{"@type":"ReadAction","target":["https:\/\/assist.com.co\/insourcing-tecnologico-cadena-television\/"]}]},{"@type":"BreadcrumbList","@id":"https:\/\/assist.com.co\/insourcing-tecnologico-cadena-television\/#breadcrumb","itemListElement":[{"@type":"ListItem","position":1,"name":"Home","item":"https:\/\/assist.com.co\/"},{"@type":"ListItem","position":2,"name":"Insourcing tecnol\u00f3gico a la medida para cadena de televisi\u00f3n"}]},{"@type":"WebSite","@id":"https:\/\/assist.com.co\/#website","url":"https:\/\/assist.com.co\/","name":"Assist Consultores","description":"Transformando Capacidades Empresariales en Sistemas Innovadores","potentialAction":[{"@type":"SearchAction","target":{"@type":"EntryPoint","urlTemplate":"https:\/\/assist.com.co\/?s={search_term_string}"},"query-input":{"@type":"PropertyValueSpecification","valueRequired":true,"valueName":"search_term_string"}}],"inLanguage":"en-US"}]}},"_links":{"self":[{"href":"https:\/\/assist.com.co\/en\/wp-json\/wp\/v2\/pages\/22391","targetHints":{"allow":["GET"]}}],"collection":[{"href":"https:\/\/assist.com.co\/en\/wp-json\/wp\/v2\/pages"}],"about":[{"href":"https:\/\/assist.com.co\/en\/wp-json\/wp\/v2\/types\/page"}],"author":[{"embeddable":true,"href":"https:\/\/assist.com.co\/en\/wp-json\/wp\/v2\/users\/2"}],"replies":[{"embeddable":true,"href":"https:\/\/assist.com.co\/en\/wp-json\/wp\/v2\/comments?post=22391"}],"version-history":[{"count":3,"href":"https:\/\/assist.com.co\/en\/wp-json\/wp\/v2\/pages\/22391\/revisions"}],"predecessor-version":[{"id":24292,"href":"https:\/\/assist.com.co\/en\/wp-json\/wp\/v2\/pages\/22391\/revisions\/24292"}],"wp:attachment":[{"href":"https:\/\/assist.com.co\/en\/wp-json\/wp\/v2\/media?parent=22391"}],"curies":[{"name":"wp","href":"https:\/\/api.w.org\/{rel}","templated":true}]}}